{"id":25971,"date":"2025-02-21T15:07:25","date_gmt":"2025-02-21T15:07:25","guid":{"rendered":"https:\/\/printaberlin.de\/product\/gildan-softstyle\/"},"modified":"2025-09-21T20:36:56","modified_gmt":"2025-09-21T20:36:56","slug":"gildan-softstyle","status":"publish","type":"product","link":"https:\/\/printaberlin.de\/en\/product\/gildan-softstyle\/","title":{"rendered":"Softstyle"},"content":{"rendered":"<div class=\"mb-3\">\n<h3 data-start=\"0\" data-end=\"69\">Gildan\u00ae Softstyle T-Shirt 64000: Bequem, Nachhaltig und Anpassbar<\/h3>\n<p class=\"\" data-start=\"71\" data-end=\"691\">Das <strong data-start=\"75\" data-end=\"104\">Gildan\u00ae Softstyle T-Shirt<\/strong> 64000 vereint Weichheit, Haltbarkeit und umweltfreundliches Design f\u00fcr eine wirklich bequeme Passform. Hergestellt aus hochwertiger Ringspinn-Baumwolle und Baumwollmischungen, bietet dieses T-Shirt einen glatten, hochdichten Stoff, der eine ideale Oberfl\u00e4che f\u00fcr individuelle Drucke bietet. Die moderne, klassische Passform, der schmale Rippenkragen und der tapezierte Nacken und Schultern sorgen f\u00fcr langanhaltenden Komfort und Haltbarkeit. Das schwarze recycelte Tear-Away-Etikett spiegelt Gildans Engagement f\u00fcr Nachhaltigkeit wider und tr\u00e4gt zur Reduzierung von Plastikabf\u00e4llen bei.<\/p>\n<p class=\"\" data-start=\"693\" data-end=\"741\"><strong data-start=\"693\" data-end=\"741\">Hauptmerkmale des Softstyle T-Shirts<\/strong><\/p>\n<ul data-start=\"743\" data-end=\"1396\">\n<li class=\"\" data-start=\"743\" data-end=\"826\">\n<p class=\"\" data-start=\"745\" data-end=\"826\"><strong data-start=\"745\" data-end=\"775\">Weiche Ringspinn-Baumwolle<\/strong> und Baumwollmischungen f\u00fcr ein angenehmes Gef\u00fchl<\/p>\n<\/li>\n<li class=\"\" data-start=\"827\" data-end=\"900\">\n<p class=\"\" data-start=\"829\" data-end=\"900\"><strong data-start=\"829\" data-end=\"860\">Stoff mit hoher Stichdichte<\/strong> f\u00fcr eine erstklassige Druckoberfl\u00e4che<\/p>\n<\/li>\n<li class=\"\" data-start=\"901\" data-end=\"955\">\n<p class=\"\" data-start=\"903\" data-end=\"955\"><strong data-start=\"903\" data-end=\"928\">Schmaler Rippenkragen<\/strong> f\u00fcr einen eleganten Look<\/p>\n<\/li>\n<li class=\"\" data-start=\"956\" data-end=\"1036\">\n<p class=\"\" data-start=\"958\" data-end=\"1036\"><strong data-start=\"958\" data-end=\"994\">Tapezierter Nacken und Schultern<\/strong> f\u00fcr zus\u00e4tzliche Haltbarkeit und Komfort<\/p>\n<\/li>\n<li class=\"\" data-start=\"1037\" data-end=\"1118\">\n<p class=\"\" data-start=\"1039\" data-end=\"1118\"><strong data-start=\"1039\" data-end=\"1070\">Moderne klassische Passform<\/strong> mit nahtlosem K\u00f6rper f\u00fcr einen schlanken Look<\/p>\n<\/li>\n<li class=\"\" data-start=\"1119\" data-end=\"1187\">\n<p class=\"\" data-start=\"1121\" data-end=\"1187\"><strong data-start=\"1121\" data-end=\"1163\">Schwarzes recyceltes Tear-Away-Etikett<\/strong> zur Abfallreduzierung<\/p>\n<\/li>\n<li class=\"\" data-start=\"1188\" data-end=\"1248\">\n<p class=\"\" data-start=\"1190\" data-end=\"1248\"><strong data-start=\"1190\" data-end=\"1246\">OEKO-TEX zertifizierte, umweltfreundliche Farbstoffe<\/strong><\/p>\n<\/li>\n<li class=\"\" data-start=\"1249\" data-end=\"1337\">\n<p class=\"\" data-start=\"1251\" data-end=\"1337\"><strong data-start=\"1251\" data-end=\"1286\">Partnerschaft mit Better Cotton<\/strong> zur Verbesserung der Baumwollproduktion weltweit<\/p>\n<\/li>\n<li class=\"\" data-start=\"1338\" data-end=\"1396\">\n<p class=\"\" data-start=\"1340\" data-end=\"1396\"><strong data-start=\"1340\" data-end=\"1369\">Keine Plastikverpackungen<\/strong> au\u00dfer bei wei\u00dfen Produkten<\/p>\n<\/li>\n<\/ul>\n<p class=\"\" data-start=\"1398\" data-end=\"1470\"><strong data-start=\"1398\" data-end=\"1470\">Individuelle Druckdienstleistungen f\u00fcr Ihr Softstyle T-Shirt<\/strong><\/p>\n<p class=\"\" data-start=\"1472\" data-end=\"1763\">Verleihen Sie Ihrem <strong data-start=\"1492\" data-end=\"1521\">Gildan\u00ae Softstyle T-Shirt<\/strong> eine pers\u00f6nliche Note mit unseren professionellen <strong data-start=\"1572\" data-end=\"1597\">Druckdienstleistungen<\/strong>. Egal, ob Sie ein Design f\u00fcr den pers\u00f6nlichen Gebrauch, Teamkleidung oder Werbezwecke ben\u00f6tigen, wir bieten mehrere Techniken f\u00fcr hochwertige, langlebige Ergebnisse:<\/p>\n<ul data-start=\"1765\" data-end=\"1970\">\n<li class=\"\" data-start=\"1765\" data-end=\"1823\">\n<p class=\"\" data-start=\"1767\" data-end=\"1823\"><strong data-start=\"1767\" data-end=\"1780\">DTF-Druck<\/strong>: Ideal f\u00fcr lebendige, langlebige Designs<\/p>\n<\/li>\n<li class=\"\" data-start=\"1824\" data-end=\"1881\">\n<p class=\"\" data-start=\"1826\" data-end=\"1881\"><strong data-start=\"1826\" data-end=\"1839\">Siebdruck<\/strong>: Perfekt f\u00fcr gro\u00dfe, auff\u00e4llige Grafiken<\/p>\n<\/li>\n<li class=\"\" data-start=\"1882\" data-end=\"1970\">\n<p class=\"\" data-start=\"1884\" data-end=\"1970\"><strong data-start=\"1884\" data-end=\"1897\">Stickerei<\/strong>: Verleiht ein hochwertiges, professionelles Finish f\u00fcr Logos und Texte<\/p>\n<\/li>\n<\/ul>\n<p class=\"\" data-start=\"1972\" data-end=\"2019\"><strong data-start=\"1972\" data-end=\"2019\">Warum das Gildan\u00ae T-Shirt w\u00e4hlen?<\/strong><\/p>\n<p class=\"\" data-start=\"2021\" data-end=\"2468\">Das <strong data-start=\"2025\" data-end=\"2054\">Gildan\u00ae Softstyle T-Shirt<\/strong> bietet eine perfekte Kombination aus Stil, Komfort und Nachhaltigkeit. Seine moderne klassische Passform, umweltfreundliche Materialien und hervorragende Druckf\u00e4higkeit machen es zur idealen Wahl f\u00fcr individuelle Designs. Mit unseren <strong data-start=\"2289\" data-end=\"2314\">Druckdienstleistungen<\/strong> k\u00f6nnen Sie personalisierte T-Shirts f\u00fcr jeden Anlass erstellen und gleichzeitig nachhaltige und verantwortungsbewusste Produktionspraktiken unterst\u00fctzen.<\/p>\n<h5 class=\"flex flex-col font-medium gap-4 after:w-[20px] after:h-[1px] after:content-[''] after:bg-primary mb-4 text-xl lg:text-2xl\"><img decoding=\"async\" class=\"alignnone size-medium wp-image-7421\" style=\"font-family: -apple-system, BlinkMacSystemFont, 'Segoe UI', Roboto, 'Helvetica Neue', Arial, 'Noto Sans', sans-serif, 'Apple Color Emoji', 'Segoe UI Emoji', 'Segoe UI Symbol', 'Noto Color Emoji'; font-size: 16px;\" src=\"https:\/\/printaberlin.de\/staging\/2315\/wp-content\/uploads\/2025\/02\/ecc-300x57.png\" alt=\"\" width=\"300\" height=\"57\" srcset=\"https:\/\/printaberlin.de\/wp-content\/uploads\/2025\/02\/ecc-300x57.png 300w, https:\/\/printaberlin.de\/wp-content\/uploads\/2025\/02\/ecc-260x49.png 260w, https:\/\/printaberlin.de\/wp-content\/uploads\/2025\/02\/ecc-500x95.png 500w, https:\/\/printaberlin.de\/wp-content\/uploads\/2025\/02\/ecc.png 692w\" sizes=\"(max-width: 300px) 100vw, 300px\" \/><\/h5>\n<\/div>\n<div class=\"mb-3\">\n<div class=\"child-p:mb-2 last:child-p:mb-0\">\n<div class=\"child-p:mb-2 last:child-p:mb-0\">\n<div class=\"mb-3\">\n<h5 class=\"uppercase text-xs lg:text-sm font-bold mb-3\"><\/h5>\n<\/div>\n<\/div>\n<\/div>\n<\/div>\n","protected":false},"excerpt":{"rendered":"<div class=\"mb-3\">\n<p class=\"uppercase text-xs lg:text-sm font-bold mb-3\">Modern, weich, bequem und ideal zum Bedrucken. <span style=\"font-family: -apple-system, BlinkMacSystemFont, 'Segoe UI', Roboto, 'Helvetica Neue', Arial, 'Noto Sans', sans-serif, 'Apple Color Emoji', 'Segoe UI Emoji', 'Segoe UI Symbol', 'Noto Color Emoji';\">100% Ring Spun Cotton.<br \/>\n<\/span><strong style=\"font-family: -apple-system, BlinkMacSystemFont, 'Segoe UI', Roboto, 'Helvetica Neue', Arial, 'Noto Sans', sans-serif, 'Apple Color Emoji', 'Segoe UI Emoji', 'Segoe UI Symbol', 'Noto Color Emoji';\">By Gildan<\/strong><\/p>\n<\/div>\n","protected":false},"featured_media":26318,"comment_status":"open","ping_status":"closed","template":"","meta":{"nf_dc_page":""},"product_brand":[47],"product_cat":[428],"product_tag":[435],"producproduct-categroyt-categroy":[],"class_list":{"0":"post-25971","1":"product","2":"type-product","3":"status-publish","4":"has-post-thumbnail","6":"product_brand-gildan","7":"product_cat-t-shirt-bedrucken","8":"product_tag-unisexmen","10":"first","11":"instock","12":"shipping-taxable","13":"purchasable","14":"product-type-variable","15":"has-default-attributes","16":"wvs-archive-product-wrapper"},"yoast_head":"<!-- This site is optimized with the Yoast SEO Premium plugin v24.6 (Yoast SEO v27.4) - https:\/\/yoast.com\/product\/yoast-seo-premium-wordpress\/ -->\n<title>Gildan\u00ae Softstyle T-Shirt | Personalisieren Sie Ihr Design | Printa<\/title>\n<meta name=\"description\" content=\"as Gildan\u00ae Softstyle T-Shirt 64000 ist ein weiches, langlebiges und umweltfreundliches T-Shirt. Personalisieren Sie es mit Siebdruck, Stickerei und mehr.\" \/>\n<meta name=\"robots\" content=\"index, follow, max-snippet:-1, max-image-preview:large, max-video-preview:-1\" \/>\n<link rel=\"canonical\" href=\"https:\/\/printaberlin.de\/en\/product\/gildan-softstyle\/\" \/>\n<meta property=\"og:locale\" content=\"en_US\" \/>\n<meta property=\"og:type\" content=\"article\" \/>\n<meta property=\"og:title\" content=\"Softstyle\" \/>\n<meta property=\"og:description\" content=\"as Gildan\u00ae Softstyle T-Shirt 64000 ist ein weiches, langlebiges und umweltfreundliches T-Shirt. Personalisieren Sie es mit Siebdruck, Stickerei und mehr.\" \/>\n<meta property=\"og:url\" content=\"https:\/\/printaberlin.de\/en\/product\/gildan-softstyle\/\" \/>\n<meta property=\"og:site_name\" content=\"Printa Berlin | Textilien und T-Shirts Bedrucken\" \/>\n<meta property=\"article:modified_time\" content=\"2025-09-21T20:36:56+00:00\" \/>\n<meta property=\"og:image\" content=\"https:\/\/printaberlin.de\/wp-content\/uploads\/2025\/09\/34534343.png\" \/>\n\t<meta property=\"og:image:width\" content=\"292\" \/>\n\t<meta property=\"og:image:height\" content=\"365\" \/>\n\t<meta property=\"og:image:type\" content=\"image\/png\" \/>\n<meta name=\"twitter:card\" content=\"summary_large_image\" \/>\n<meta name=\"twitter:label1\" content=\"Availability\" \/>\n\t<meta name=\"twitter:data1\" content=\"In stock\" \/>\n<script type=\"application\/ld+json\" class=\"yoast-schema-graph\">{\"@context\":\"https:\\\/\\\/schema.org\",\"@graph\":[{\"@type\":\"WebPage\",\"@id\":\"https:\\\/\\\/printaberlin.de\\\/en\\\/product\\\/gildan-softstyle\\\/\",\"url\":\"https:\\\/\\\/printaberlin.de\\\/en\\\/product\\\/gildan-softstyle\\\/\",\"name\":\"Gildan\u00ae Softstyle T-Shirt | Personalisieren Sie Ihr Design | Printa\",\"isPartOf\":{\"@id\":\"https:\\\/\\\/printaberlin.de\\\/en\\\/#website\"},\"primaryImageOfPage\":{\"@id\":\"https:\\\/\\\/printaberlin.de\\\/en\\\/product\\\/gildan-softstyle\\\/#primaryimage\"},\"image\":{\"@id\":\"https:\\\/\\\/printaberlin.de\\\/en\\\/product\\\/gildan-softstyle\\\/#primaryimage\"},\"thumbnailUrl\":\"https:\\\/\\\/printaberlin.de\\\/wp-content\\\/uploads\\\/2025\\\/09\\\/34534343.png\",\"datePublished\":\"2025-02-21T15:07:25+00:00\",\"dateModified\":\"2025-09-21T20:36:56+00:00\",\"description\":\"as Gildan\u00ae Softstyle T-Shirt 64000 ist ein weiches, langlebiges und umweltfreundliches T-Shirt. Personalisieren Sie es mit Siebdruck, Stickerei und mehr.\",\"breadcrumb\":{\"@id\":\"https:\\\/\\\/printaberlin.de\\\/en\\\/product\\\/gildan-softstyle\\\/#breadcrumb\"},\"inLanguage\":\"en-US\",\"potentialAction\":[{\"@type\":\"ReadAction\",\"target\":[\"https:\\\/\\\/printaberlin.de\\\/en\\\/product\\\/gildan-softstyle\\\/\"]}]},{\"@type\":\"ImageObject\",\"inLanguage\":\"en-US\",\"@id\":\"https:\\\/\\\/printaberlin.de\\\/en\\\/product\\\/gildan-softstyle\\\/#primaryimage\",\"url\":\"https:\\\/\\\/printaberlin.de\\\/wp-content\\\/uploads\\\/2025\\\/09\\\/34534343.png\",\"contentUrl\":\"https:\\\/\\\/printaberlin.de\\\/wp-content\\\/uploads\\\/2025\\\/09\\\/34534343.png\",\"width\":292,\"height\":365},{\"@type\":\"BreadcrumbList\",\"@id\":\"https:\\\/\\\/printaberlin.de\\\/en\\\/product\\\/gildan-softstyle\\\/#breadcrumb\",\"itemListElement\":[{\"@type\":\"ListItem\",\"position\":1,\"name\":\"Home\",\"item\":\"https:\\\/\\\/printaberlin.de\\\/en\\\/\"},{\"@type\":\"ListItem\",\"position\":2,\"name\":\"Shop\",\"item\":\"https:\\\/\\\/printaberlin.de\\\/en\\\/shop\\\/\"},{\"@type\":\"ListItem\",\"position\":3,\"name\":\"Softstyle\"}]},{\"@type\":\"WebSite\",\"@id\":\"https:\\\/\\\/printaberlin.de\\\/en\\\/#website\",\"url\":\"https:\\\/\\\/printaberlin.de\\\/en\\\/\",\"name\":\"Printa Berlin | Textilien und T-Shirts Bedrucken\",\"description\":\"Entdecken Sie Printa Berlin \u2013 Ihr Experte f\u00fcr personalisierten Druck! T-Shirts, Poloshirts, Hoodies, Sweatshirts, Taschen, Caps und mehr.\",\"publisher\":{\"@id\":\"https:\\\/\\\/printaberlin.de\\\/en\\\/#organization\"},\"potentialAction\":[{\"@type\":\"SearchAction\",\"target\":{\"@type\":\"EntryPoint\",\"urlTemplate\":\"https:\\\/\\\/printaberlin.de\\\/en\\\/?s={search_term_string}\"},\"query-input\":{\"@type\":\"PropertyValueSpecification\",\"valueRequired\":true,\"valueName\":\"search_term_string\"}}],\"inLanguage\":\"en-US\"},{\"@type\":\"Organization\",\"@id\":\"https:\\\/\\\/printaberlin.de\\\/en\\\/#organization\",\"name\":\"Printa Berlin\",\"url\":\"https:\\\/\\\/printaberlin.de\\\/en\\\/\",\"logo\":{\"@type\":\"ImageObject\",\"inLanguage\":\"en-US\",\"@id\":\"https:\\\/\\\/printaberlin.de\\\/en\\\/#\\\/schema\\\/logo\\\/image\\\/\",\"url\":\"https:\\\/\\\/printaberlin.de\\\/wp-content\\\/uploads\\\/2025\\\/03\\\/csdsdcdsc.png\",\"contentUrl\":\"https:\\\/\\\/printaberlin.de\\\/wp-content\\\/uploads\\\/2025\\\/03\\\/csdsdcdsc.png\",\"width\":512,\"height\":512,\"caption\":\"Printa Berlin\"},\"image\":{\"@id\":\"https:\\\/\\\/printaberlin.de\\\/en\\\/#\\\/schema\\\/logo\\\/image\\\/\"},\"sameAs\":[\"https:\\\/\\\/www.instagram.com\\\/printaberlin\\\/\"]}]}<\/script>\n<meta property=\"og:availability\" content=\"instock\" \/>\n<meta property=\"product:availability\" content=\"instock\" \/>\n<meta property=\"product:retailer_item_id\" content=\"PR01\" \/>\n<meta property=\"product:condition\" content=\"new\" \/>\n<!-- \/ Yoast SEO Premium plugin. -->","yoast_head_json":{"title":"Gildan\u00ae Softstyle T-Shirt | Personalisieren Sie Ihr Design | Printa","description":"as Gildan\u00ae Softstyle T-Shirt 64000 ist ein weiches, langlebiges und umweltfreundliches T-Shirt. Personalisieren Sie es mit Siebdruck, Stickerei und mehr.","robots":{"index":"index","follow":"follow","max-snippet":"max-snippet:-1","max-image-preview":"max-image-preview:large","max-video-preview":"max-video-preview:-1"},"canonical":"https:\/\/printaberlin.de\/en\/product\/gildan-softstyle\/","og_locale":"en_US","og_type":"article","og_title":"Softstyle","og_description":"as Gildan\u00ae Softstyle T-Shirt 64000 ist ein weiches, langlebiges und umweltfreundliches T-Shirt. Personalisieren Sie es mit Siebdruck, Stickerei und mehr.","og_url":"https:\/\/printaberlin.de\/en\/product\/gildan-softstyle\/","og_site_name":"Printa Berlin | Textilien und T-Shirts Bedrucken","article_modified_time":"2025-09-21T20:36:56+00:00","og_image":[{"width":292,"height":365,"url":"https:\/\/printaberlin.de\/wp-content\/uploads\/2025\/09\/34534343.png","type":"image\/png"}],"twitter_card":"summary_large_image","twitter_misc":{"Availability":"In stock"},"schema":{"@context":"https:\/\/schema.org","@graph":[{"@type":"WebPage","@id":"https:\/\/printaberlin.de\/en\/product\/gildan-softstyle\/","url":"https:\/\/printaberlin.de\/en\/product\/gildan-softstyle\/","name":"Gildan\u00ae Softstyle T-Shirt | Personalisieren Sie Ihr Design | Printa","isPartOf":{"@id":"https:\/\/printaberlin.de\/en\/#website"},"primaryImageOfPage":{"@id":"https:\/\/printaberlin.de\/en\/product\/gildan-softstyle\/#primaryimage"},"image":{"@id":"https:\/\/printaberlin.de\/en\/product\/gildan-softstyle\/#primaryimage"},"thumbnailUrl":"https:\/\/printaberlin.de\/wp-content\/uploads\/2025\/09\/34534343.png","datePublished":"2025-02-21T15:07:25+00:00","dateModified":"2025-09-21T20:36:56+00:00","description":"as Gildan\u00ae Softstyle T-Shirt 64000 ist ein weiches, langlebiges und umweltfreundliches T-Shirt. Personalisieren Sie es mit Siebdruck, Stickerei und mehr.","breadcrumb":{"@id":"https:\/\/printaberlin.de\/en\/product\/gildan-softstyle\/#breadcrumb"},"inLanguage":"en-US","potentialAction":[{"@type":"ReadAction","target":["https:\/\/printaberlin.de\/en\/product\/gildan-softstyle\/"]}]},{"@type":"ImageObject","inLanguage":"en-US","@id":"https:\/\/printaberlin.de\/en\/product\/gildan-softstyle\/#primaryimage","url":"https:\/\/printaberlin.de\/wp-content\/uploads\/2025\/09\/34534343.png","contentUrl":"https:\/\/printaberlin.de\/wp-content\/uploads\/2025\/09\/34534343.png","width":292,"height":365},{"@type":"BreadcrumbList","@id":"https:\/\/printaberlin.de\/en\/product\/gildan-softstyle\/#breadcrumb","itemListElement":[{"@type":"ListItem","position":1,"name":"Home","item":"https:\/\/printaberlin.de\/en\/"},{"@type":"ListItem","position":2,"name":"Shop","item":"https:\/\/printaberlin.de\/en\/shop\/"},{"@type":"ListItem","position":3,"name":"Softstyle"}]},{"@type":"WebSite","@id":"https:\/\/printaberlin.de\/en\/#website","url":"https:\/\/printaberlin.de\/en\/","name":"Printa Berlin | Textilien und T-Shirts Bedrucken","description":"Entdecken Sie Printa Berlin \u2013 Ihr Experte f\u00fcr personalisierten Druck! T-Shirts, Poloshirts, Hoodies, Sweatshirts, Taschen, Caps und mehr.","publisher":{"@id":"https:\/\/printaberlin.de\/en\/#organization"},"potentialAction":[{"@type":"SearchAction","target":{"@type":"EntryPoint","urlTemplate":"https:\/\/printaberlin.de\/en\/?s={search_term_string}"},"query-input":{"@type":"PropertyValueSpecification","valueRequired":true,"valueName":"search_term_string"}}],"inLanguage":"en-US"},{"@type":"Organization","@id":"https:\/\/printaberlin.de\/en\/#organization","name":"Printa Berlin","url":"https:\/\/printaberlin.de\/en\/","logo":{"@type":"ImageObject","inLanguage":"en-US","@id":"https:\/\/printaberlin.de\/en\/#\/schema\/logo\/image\/","url":"https:\/\/printaberlin.de\/wp-content\/uploads\/2025\/03\/csdsdcdsc.png","contentUrl":"https:\/\/printaberlin.de\/wp-content\/uploads\/2025\/03\/csdsdcdsc.png","width":512,"height":512,"caption":"Printa Berlin"},"image":{"@id":"https:\/\/printaberlin.de\/en\/#\/schema\/logo\/image\/"},"sameAs":["https:\/\/www.instagram.com\/printaberlin\/"]}]},"og_availability":"instock","product_availability":"instock","product_retailer_item_id":"PR01","product_condition":"new"},"_links":{"self":[{"href":"https:\/\/printaberlin.de\/en\/wp-json\/wp\/v2\/product\/25971","targetHints":{"allow":["GET"]}}],"collection":[{"href":"https:\/\/printaberlin.de\/en\/wp-json\/wp\/v2\/product"}],"about":[{"href":"https:\/\/printaberlin.de\/en\/wp-json\/wp\/v2\/types\/product"}],"replies":[{"embeddable":true,"href":"https:\/\/printaberlin.de\/en\/wp-json\/wp\/v2\/comments?post=25971"}],"wp:featuredmedia":[{"embeddable":true,"href":"https:\/\/printaberlin.de\/en\/wp-json\/wp\/v2\/media\/26318"}],"wp:attachment":[{"href":"https:\/\/printaberlin.de\/en\/wp-json\/wp\/v2\/media?parent=25971"}],"wp:term":[{"taxonomy":"product_brand","embeddable":true,"href":"https:\/\/printaberlin.de\/en\/wp-json\/wp\/v2\/product_brand?post=25971"},{"taxonomy":"product_cat","embeddable":true,"href":"https:\/\/printaberlin.de\/en\/wp-json\/wp\/v2\/product_cat?post=25971"},{"taxonomy":"product_tag","embeddable":true,"href":"https:\/\/printaberlin.de\/en\/wp-json\/wp\/v2\/product_tag?post=25971"},{"taxonomy":"producproduct-categroyt-categroy","embeddable":true,"href":"https:\/\/printaberlin.de\/en\/wp-json\/wp\/v2\/producproduct-categroyt-categroy?post=25971"}],"curies":[{"name":"wp","href":"https:\/\/api.w.org\/{rel}","templated":true}]}}