{"id":25922,"date":"2025-03-05T13:20:40","date_gmt":"2025-03-05T13:20:40","guid":{"rendered":"https:\/\/printaberlin.de\/product\/gildan-heavy-cotton-t-shirt\/"},"modified":"2025-09-21T20:36:54","modified_gmt":"2025-09-21T20:36:54","slug":"gildan-heavy-cotton-t-shirt","status":"publish","type":"product","link":"https:\/\/printaberlin.de\/en\/product\/gildan-heavy-cotton-t-shirt\/","title":{"rendered":"Heavy Cotton"},"content":{"rendered":"<div class=\"mb-3\">\n<p class=\"\" data-start=\"0\" data-end=\"65\"><strong data-start=\"0\" data-end=\"65\">Gildan\u00ae Heavy Cotton T-Shirt: Langlebig, Bequem und Anpassbar<\/strong><\/p>\n<p class=\"\" data-start=\"67\" data-end=\"634\">Das <strong data-start=\"71\" data-end=\"103\">Gildan\u00ae Heavy Cotton T-Shirt<\/strong> ist die perfekte Kombination aus Langlebigkeit, Komfort und Qualit\u00e4t. Hergestellt aus 100 % US-Baumwolle und der neuesten Soft Cotton-Technologie, wurde dieses T-Shirt sowohl f\u00fcr Komfort als auch f\u00fcr verbesserte Druckbarkeit entwickelt. Die klassische Passform bietet einen nahtlosen K\u00f6rper, einen gerippten Kragen sowie tapezierte Nacken- und Schulterbereiche f\u00fcr erh\u00f6hte Haltbarkeit. Mit einem schwarzen recycelten Tear-Away-Etikett bietet dieses T-Shirt eine umweltbewusste Option, ohne Kompromisse bei der Qualit\u00e4t einzugehen.<\/p>\n<p class=\"\" data-start=\"636\" data-end=\"687\"><strong data-start=\"636\" data-end=\"687\">Hauptmerkmale des Gildan\u00ae Heavy Cotton T-Shirts<\/strong><\/p>\n<ul data-start=\"689\" data-end=\"1344\">\n<li class=\"\" data-start=\"689\" data-end=\"751\">\n<p class=\"\" data-start=\"691\" data-end=\"751\"><strong data-start=\"691\" data-end=\"713\">100 % US-Baumwolle<\/strong> f\u00fcr weichen, atmungsaktiven Komfort<\/p>\n<\/li>\n<li class=\"\" data-start=\"752\" data-end=\"819\">\n<p class=\"\" data-start=\"754\" data-end=\"819\"><strong data-start=\"754\" data-end=\"787\">Klassischer, gerippter Kragen<\/strong> f\u00fcr eine raffinierte Passform<\/p>\n<\/li>\n<li class=\"\" data-start=\"820\" data-end=\"888\">\n<p class=\"\" data-start=\"822\" data-end=\"888\"><strong data-start=\"822\" data-end=\"858\">Tapezierter Nacken und Schultern<\/strong> f\u00fcr zus\u00e4tzliche Haltbarkeit<\/p>\n<\/li>\n<li class=\"\" data-start=\"889\" data-end=\"962\">\n<p class=\"\" data-start=\"891\" data-end=\"962\"><strong data-start=\"891\" data-end=\"935\">Klassische Passform mit nahtlosem K\u00f6rper<\/strong> f\u00fcr einen eleganten Look<\/p>\n<\/li>\n<li class=\"\" data-start=\"963\" data-end=\"1041\">\n<p class=\"\" data-start=\"965\" data-end=\"1041\"><strong data-start=\"965\" data-end=\"981\">Safety Green<\/strong> entspricht den ANSI \/ ISEA 107 Hochsichtbarkeitsstandards<\/p>\n<\/li>\n<li class=\"\" data-start=\"1042\" data-end=\"1134\">\n<p class=\"\" data-start=\"1044\" data-end=\"1134\"><strong data-start=\"1044\" data-end=\"1100\">OEKO-TEX zertifizierte, umweltfreundliche Farbstoffe<\/strong> sorgen f\u00fcr eine sichere F\u00e4rbung<\/p>\n<\/li>\n<li class=\"\" data-start=\"1135\" data-end=\"1244\">\n<p class=\"\" data-start=\"1137\" data-end=\"1244\"><strong data-start=\"1137\" data-end=\"1187\">Stolzes Mitglied des US Cotton Trust Protocols<\/strong>, das eine nachhaltige Baumwollbeschaffung sicherstellt<\/p>\n<\/li>\n<li class=\"\" data-start=\"1245\" data-end=\"1344\">\n<p class=\"\" data-start=\"1247\" data-end=\"1344\"><strong data-start=\"1247\" data-end=\"1279\">Recyceltes Tear-Away-Etikett<\/strong> zur Reduzierung von Plastikabf\u00e4llen (au\u00dfer bei der wei\u00dfen Farbe)<\/p>\n<\/li>\n<\/ul>\n<p class=\"\" data-start=\"1346\" data-end=\"1413\"><strong data-start=\"1346\" data-end=\"1413\">Individuelle Druckdienstleistungen f\u00fcr Ihr Heavy Cotton T-Shirt<\/strong><\/p>\n<p class=\"\" data-start=\"1415\" data-end=\"1662\">Verleihen Sie Ihrem <strong data-start=\"1435\" data-end=\"1459\">Heavy Cotton T-Shirt<\/strong> eine pers\u00f6nliche Note mit unseren professionellen <strong data-start=\"1510\" data-end=\"1535\">Druckdienstleistungen<\/strong>. Egal, ob f\u00fcr Unternehmen, Events oder den pers\u00f6nlichen Gebrauch, wir bieten mehrere Drucktechniken f\u00fcr langlebige Ergebnisse:<\/p>\n<ul data-start=\"1664\" data-end=\"1893\">\n<li class=\"\" data-start=\"1664\" data-end=\"1745\">\n<p class=\"\" data-start=\"1666\" data-end=\"1745\"><strong data-start=\"1666\" data-end=\"1679\">DTF-Druck<\/strong>: Lebendige, langlebige Designs, ideal f\u00fcr detaillierte Grafiken<\/p>\n<\/li>\n<li class=\"\" data-start=\"1746\" data-end=\"1803\">\n<p class=\"\" data-start=\"1748\" data-end=\"1803\"><strong data-start=\"1748\" data-end=\"1761\">Siebdruck<\/strong>: Perfekt f\u00fcr kr\u00e4ftige Logos und Designs<\/p>\n<\/li>\n<li class=\"\" data-start=\"1804\" data-end=\"1893\">\n<p class=\"\" data-start=\"1806\" data-end=\"1893\"><strong data-start=\"1806\" data-end=\"1819\">Stickerei<\/strong>: Verleiht ein hochwertiges, professionelles Finish f\u00fcr Logos oder Texte<\/p>\n<\/li>\n<\/ul>\n<p class=\"\" data-start=\"1895\" data-end=\"1945\"><strong data-start=\"1895\" data-end=\"1945\">Warum das Gildan\u00ae Heavy Cotton T-Shirt w\u00e4hlen?<\/strong><\/p>\n<p class=\"\" data-start=\"1947\" data-end=\"2447\">Das <strong data-start=\"1951\" data-end=\"1983\">Gildan\u00ae Heavy Cotton T-Shirt<\/strong> ist nicht nur ein hervorragendes Produkt f\u00fcr Komfort und Passform, sondern auch eine gro\u00dfartige Wahl f\u00fcr die Personalisierung. Mit unseren <strong data-start=\"2123\" data-end=\"2148\">Druckdienstleistungen<\/strong> k\u00f6nnen Sie ein einzigartiges Design erstellen, das Ihre Marke, Ihren Stil oder Ihr Event widerspiegelt. Zudem wird dieses T-Shirt mit nachhaltigen und umweltfreundlichen Praktiken hergestellt, einschlie\u00dflich der Verwendung von umweltfreundlichen Farbstoffen und der Reduzierung von Plastikabf\u00e4llen.<\/p>\n<h3 class=\"flex flex-col font-medium gap-4 after:w-[20px] after:h-[1px] after:content-[''] after:bg-primary mb-4 text-xl lg:text-2xl\"><img decoding=\"async\" class=\"alignnone size-medium wp-image-7421\" style=\"font-family: -apple-system, BlinkMacSystemFont, 'Segoe UI', Roboto, 'Helvetica Neue', Arial, 'Noto Sans', sans-serif, 'Apple Color Emoji', 'Segoe UI Emoji', 'Segoe UI Symbol', 'Noto Color Emoji'; font-size: 16px;\" src=\"https:\/\/printaberlin.de\/staging\/2315\/wp-content\/uploads\/2025\/02\/ecc-300x57.png\" alt=\"\" width=\"300\" height=\"57\" srcset=\"https:\/\/printaberlin.de\/wp-content\/uploads\/2025\/02\/ecc-300x57.png 300w, https:\/\/printaberlin.de\/wp-content\/uploads\/2025\/02\/ecc-260x49.png 260w, https:\/\/printaberlin.de\/wp-content\/uploads\/2025\/02\/ecc-500x95.png 500w, https:\/\/printaberlin.de\/wp-content\/uploads\/2025\/02\/ecc.png 692w\" sizes=\"(max-width: 300px) 100vw, 300px\" \/><\/h3>\n<\/div>\n<div class=\"mb-3\">\n<div class=\"child-p:mb-2 last:child-p:mb-0\">\n<div class=\"child-p:mb-2 last:child-p:mb-0\"><\/div>\n<\/div>\n<\/div>\n","protected":false},"excerpt":{"rendered":"<div class=\"mb-3\">\n<p class=\"uppercase text-xs lg:text-sm font-bold mb-3\">Langlebiges, bequemes, anpassbares T-Shirt aus 100% US-Baumwolle.<br \/>\n<strong>By Gildan<\/strong><\/p>\n<\/div>\n","protected":false},"featured_media":26370,"comment_status":"open","ping_status":"closed","template":"","meta":{"nf_dc_page":""},"product_brand":[47],"product_cat":[428],"product_tag":[435],"producproduct-categroyt-categroy":[],"class_list":{"0":"post-25922","1":"product","2":"type-product","3":"status-publish","4":"has-post-thumbnail","6":"product_brand-gildan","7":"product_cat-t-shirt-bedrucken","8":"product_tag-unisexmen","10":"first","11":"instock","12":"shipping-taxable","13":"purchasable","14":"product-type-variable","15":"has-default-attributes","16":"wvs-archive-product-wrapper"},"yoast_head":"<!-- This site is optimized with the Yoast SEO Premium plugin v24.6 (Yoast SEO v27.4) - https:\/\/yoast.com\/product\/yoast-seo-premium-wordpress\/ -->\n<title>Gildan\u00ae Heavy Cotton T-shirt | Printa Berlin | Textilien und T-Shirts Bedrucken<\/title>\n<meta name=\"description\" content=\"Das Gildan\u00ae Heavy Cotton T-Shirt ist ein bequemes, langlebiges T-Shirt aus 100 % US-Baumwolle. Personalisieren Sie es mit Siebdruck, Stickerei und mehr.\" \/>\n<meta name=\"robots\" content=\"index, follow, max-snippet:-1, max-image-preview:large, max-video-preview:-1\" \/>\n<link rel=\"canonical\" href=\"https:\/\/printaberlin.de\/en\/product\/gildan-heavy-cotton-t-shirt\/\" \/>\n<meta property=\"og:locale\" content=\"en_US\" \/>\n<meta property=\"og:type\" content=\"article\" \/>\n<meta property=\"og:title\" content=\"Heavy Cotton\" \/>\n<meta property=\"og:description\" content=\"Das Gildan\u00ae Heavy Cotton T-Shirt ist ein bequemes, langlebiges T-Shirt aus 100 % US-Baumwolle. Personalisieren Sie es mit Siebdruck, Stickerei und mehr.\" \/>\n<meta property=\"og:url\" content=\"https:\/\/printaberlin.de\/en\/product\/gildan-heavy-cotton-t-shirt\/\" \/>\n<meta property=\"og:site_name\" content=\"Printa Berlin | Textilien und T-Shirts Bedrucken\" \/>\n<meta property=\"article:modified_time\" content=\"2025-09-21T20:36:54+00:00\" \/>\n<meta property=\"og:image\" content=\"https:\/\/printaberlin.de\/wp-content\/uploads\/2025\/09\/hythr.png\" \/>\n\t<meta property=\"og:image:width\" content=\"292\" \/>\n\t<meta property=\"og:image:height\" content=\"366\" \/>\n\t<meta property=\"og:image:type\" content=\"image\/png\" \/>\n<meta name=\"twitter:card\" content=\"summary_large_image\" \/>\n<meta name=\"twitter:label1\" content=\"Availability\" \/>\n\t<meta name=\"twitter:data1\" content=\"In stock\" \/>\n<script type=\"application\/ld+json\" class=\"yoast-schema-graph\">{\"@context\":\"https:\\\/\\\/schema.org\",\"@graph\":[{\"@type\":\"WebPage\",\"@id\":\"https:\\\/\\\/printaberlin.de\\\/en\\\/product\\\/gildan-heavy-cotton-t-shirt\\\/\",\"url\":\"https:\\\/\\\/printaberlin.de\\\/en\\\/product\\\/gildan-heavy-cotton-t-shirt\\\/\",\"name\":\"Gildan\u00ae Heavy Cotton T-shirt | Printa Berlin | Textilien und T-Shirts Bedrucken\",\"isPartOf\":{\"@id\":\"https:\\\/\\\/printaberlin.de\\\/en\\\/#website\"},\"primaryImageOfPage\":{\"@id\":\"https:\\\/\\\/printaberlin.de\\\/en\\\/product\\\/gildan-heavy-cotton-t-shirt\\\/#primaryimage\"},\"image\":{\"@id\":\"https:\\\/\\\/printaberlin.de\\\/en\\\/product\\\/gildan-heavy-cotton-t-shirt\\\/#primaryimage\"},\"thumbnailUrl\":\"https:\\\/\\\/printaberlin.de\\\/wp-content\\\/uploads\\\/2025\\\/09\\\/hythr.png\",\"datePublished\":\"2025-03-05T13:20:40+00:00\",\"dateModified\":\"2025-09-21T20:36:54+00:00\",\"description\":\"Das Gildan\u00ae Heavy Cotton T-Shirt ist ein bequemes, langlebiges T-Shirt aus 100 % US-Baumwolle. Personalisieren Sie es mit Siebdruck, Stickerei und mehr.\",\"breadcrumb\":{\"@id\":\"https:\\\/\\\/printaberlin.de\\\/en\\\/product\\\/gildan-heavy-cotton-t-shirt\\\/#breadcrumb\"},\"inLanguage\":\"en-US\",\"potentialAction\":[{\"@type\":\"ReadAction\",\"target\":[\"https:\\\/\\\/printaberlin.de\\\/en\\\/product\\\/gildan-heavy-cotton-t-shirt\\\/\"]}]},{\"@type\":\"ImageObject\",\"inLanguage\":\"en-US\",\"@id\":\"https:\\\/\\\/printaberlin.de\\\/en\\\/product\\\/gildan-heavy-cotton-t-shirt\\\/#primaryimage\",\"url\":\"https:\\\/\\\/printaberlin.de\\\/wp-content\\\/uploads\\\/2025\\\/09\\\/hythr.png\",\"contentUrl\":\"https:\\\/\\\/printaberlin.de\\\/wp-content\\\/uploads\\\/2025\\\/09\\\/hythr.png\",\"width\":292,\"height\":366},{\"@type\":\"BreadcrumbList\",\"@id\":\"https:\\\/\\\/printaberlin.de\\\/en\\\/product\\\/gildan-heavy-cotton-t-shirt\\\/#breadcrumb\",\"itemListElement\":[{\"@type\":\"ListItem\",\"position\":1,\"name\":\"Home\",\"item\":\"https:\\\/\\\/printaberlin.de\\\/en\\\/\"},{\"@type\":\"ListItem\",\"position\":2,\"name\":\"Shop\",\"item\":\"https:\\\/\\\/printaberlin.de\\\/en\\\/shop\\\/\"},{\"@type\":\"ListItem\",\"position\":3,\"name\":\"Heavy Cotton\"}]},{\"@type\":\"WebSite\",\"@id\":\"https:\\\/\\\/printaberlin.de\\\/en\\\/#website\",\"url\":\"https:\\\/\\\/printaberlin.de\\\/en\\\/\",\"name\":\"Printa Berlin | Textilien und T-Shirts Bedrucken\",\"description\":\"Entdecken Sie Printa Berlin \u2013 Ihr Experte f\u00fcr personalisierten Druck! T-Shirts, Poloshirts, Hoodies, Sweatshirts, Taschen, Caps und mehr.\",\"publisher\":{\"@id\":\"https:\\\/\\\/printaberlin.de\\\/en\\\/#organization\"},\"potentialAction\":[{\"@type\":\"SearchAction\",\"target\":{\"@type\":\"EntryPoint\",\"urlTemplate\":\"https:\\\/\\\/printaberlin.de\\\/en\\\/?s={search_term_string}\"},\"query-input\":{\"@type\":\"PropertyValueSpecification\",\"valueRequired\":true,\"valueName\":\"search_term_string\"}}],\"inLanguage\":\"en-US\"},{\"@type\":\"Organization\",\"@id\":\"https:\\\/\\\/printaberlin.de\\\/en\\\/#organization\",\"name\":\"Printa Berlin\",\"url\":\"https:\\\/\\\/printaberlin.de\\\/en\\\/\",\"logo\":{\"@type\":\"ImageObject\",\"inLanguage\":\"en-US\",\"@id\":\"https:\\\/\\\/printaberlin.de\\\/en\\\/#\\\/schema\\\/logo\\\/image\\\/\",\"url\":\"https:\\\/\\\/printaberlin.de\\\/wp-content\\\/uploads\\\/2025\\\/03\\\/csdsdcdsc.png\",\"contentUrl\":\"https:\\\/\\\/printaberlin.de\\\/wp-content\\\/uploads\\\/2025\\\/03\\\/csdsdcdsc.png\",\"width\":512,\"height\":512,\"caption\":\"Printa Berlin\"},\"image\":{\"@id\":\"https:\\\/\\\/printaberlin.de\\\/en\\\/#\\\/schema\\\/logo\\\/image\\\/\"},\"sameAs\":[\"https:\\\/\\\/www.instagram.com\\\/printaberlin\\\/\"]}]}<\/script>\n<meta property=\"og:availability\" content=\"instock\" \/>\n<meta property=\"product:availability\" content=\"instock\" \/>\n<meta property=\"product:retailer_item_id\" content=\"PR02\" \/>\n<meta property=\"product:condition\" content=\"new\" \/>\n<!-- \/ Yoast SEO Premium plugin. -->","yoast_head_json":{"title":"Gildan\u00ae Heavy Cotton T-shirt | Printa Berlin | Textilien und T-Shirts Bedrucken","description":"Das Gildan\u00ae Heavy Cotton T-Shirt ist ein bequemes, langlebiges T-Shirt aus 100 % US-Baumwolle. Personalisieren Sie es mit Siebdruck, Stickerei und mehr.","robots":{"index":"index","follow":"follow","max-snippet":"max-snippet:-1","max-image-preview":"max-image-preview:large","max-video-preview":"max-video-preview:-1"},"canonical":"https:\/\/printaberlin.de\/en\/product\/gildan-heavy-cotton-t-shirt\/","og_locale":"en_US","og_type":"article","og_title":"Heavy Cotton","og_description":"Das Gildan\u00ae Heavy Cotton T-Shirt ist ein bequemes, langlebiges T-Shirt aus 100 % US-Baumwolle. Personalisieren Sie es mit Siebdruck, Stickerei und mehr.","og_url":"https:\/\/printaberlin.de\/en\/product\/gildan-heavy-cotton-t-shirt\/","og_site_name":"Printa Berlin | Textilien und T-Shirts Bedrucken","article_modified_time":"2025-09-21T20:36:54+00:00","og_image":[{"width":292,"height":366,"url":"https:\/\/printaberlin.de\/wp-content\/uploads\/2025\/09\/hythr.png","type":"image\/png"}],"twitter_card":"summary_large_image","twitter_misc":{"Availability":"In stock"},"schema":{"@context":"https:\/\/schema.org","@graph":[{"@type":"WebPage","@id":"https:\/\/printaberlin.de\/en\/product\/gildan-heavy-cotton-t-shirt\/","url":"https:\/\/printaberlin.de\/en\/product\/gildan-heavy-cotton-t-shirt\/","name":"Gildan\u00ae Heavy Cotton T-shirt | Printa Berlin | Textilien und T-Shirts Bedrucken","isPartOf":{"@id":"https:\/\/printaberlin.de\/en\/#website"},"primaryImageOfPage":{"@id":"https:\/\/printaberlin.de\/en\/product\/gildan-heavy-cotton-t-shirt\/#primaryimage"},"image":{"@id":"https:\/\/printaberlin.de\/en\/product\/gildan-heavy-cotton-t-shirt\/#primaryimage"},"thumbnailUrl":"https:\/\/printaberlin.de\/wp-content\/uploads\/2025\/09\/hythr.png","datePublished":"2025-03-05T13:20:40+00:00","dateModified":"2025-09-21T20:36:54+00:00","description":"Das Gildan\u00ae Heavy Cotton T-Shirt ist ein bequemes, langlebiges T-Shirt aus 100 % US-Baumwolle. Personalisieren Sie es mit Siebdruck, Stickerei und mehr.","breadcrumb":{"@id":"https:\/\/printaberlin.de\/en\/product\/gildan-heavy-cotton-t-shirt\/#breadcrumb"},"inLanguage":"en-US","potentialAction":[{"@type":"ReadAction","target":["https:\/\/printaberlin.de\/en\/product\/gildan-heavy-cotton-t-shirt\/"]}]},{"@type":"ImageObject","inLanguage":"en-US","@id":"https:\/\/printaberlin.de\/en\/product\/gildan-heavy-cotton-t-shirt\/#primaryimage","url":"https:\/\/printaberlin.de\/wp-content\/uploads\/2025\/09\/hythr.png","contentUrl":"https:\/\/printaberlin.de\/wp-content\/uploads\/2025\/09\/hythr.png","width":292,"height":366},{"@type":"BreadcrumbList","@id":"https:\/\/printaberlin.de\/en\/product\/gildan-heavy-cotton-t-shirt\/#breadcrumb","itemListElement":[{"@type":"ListItem","position":1,"name":"Home","item":"https:\/\/printaberlin.de\/en\/"},{"@type":"ListItem","position":2,"name":"Shop","item":"https:\/\/printaberlin.de\/en\/shop\/"},{"@type":"ListItem","position":3,"name":"Heavy Cotton"}]},{"@type":"WebSite","@id":"https:\/\/printaberlin.de\/en\/#website","url":"https:\/\/printaberlin.de\/en\/","name":"Printa Berlin | Textilien und T-Shirts Bedrucken","description":"Entdecken Sie Printa Berlin \u2013 Ihr Experte f\u00fcr personalisierten Druck! T-Shirts, Poloshirts, Hoodies, Sweatshirts, Taschen, Caps und mehr.","publisher":{"@id":"https:\/\/printaberlin.de\/en\/#organization"},"potentialAction":[{"@type":"SearchAction","target":{"@type":"EntryPoint","urlTemplate":"https:\/\/printaberlin.de\/en\/?s={search_term_string}"},"query-input":{"@type":"PropertyValueSpecification","valueRequired":true,"valueName":"search_term_string"}}],"inLanguage":"en-US"},{"@type":"Organization","@id":"https:\/\/printaberlin.de\/en\/#organization","name":"Printa Berlin","url":"https:\/\/printaberlin.de\/en\/","logo":{"@type":"ImageObject","inLanguage":"en-US","@id":"https:\/\/printaberlin.de\/en\/#\/schema\/logo\/image\/","url":"https:\/\/printaberlin.de\/wp-content\/uploads\/2025\/03\/csdsdcdsc.png","contentUrl":"https:\/\/printaberlin.de\/wp-content\/uploads\/2025\/03\/csdsdcdsc.png","width":512,"height":512,"caption":"Printa Berlin"},"image":{"@id":"https:\/\/printaberlin.de\/en\/#\/schema\/logo\/image\/"},"sameAs":["https:\/\/www.instagram.com\/printaberlin\/"]}]},"og_availability":"instock","product_availability":"instock","product_retailer_item_id":"PR02","product_condition":"new"},"_links":{"self":[{"href":"https:\/\/printaberlin.de\/en\/wp-json\/wp\/v2\/product\/25922","targetHints":{"allow":["GET"]}}],"collection":[{"href":"https:\/\/printaberlin.de\/en\/wp-json\/wp\/v2\/product"}],"about":[{"href":"https:\/\/printaberlin.de\/en\/wp-json\/wp\/v2\/types\/product"}],"replies":[{"embeddable":true,"href":"https:\/\/printaberlin.de\/en\/wp-json\/wp\/v2\/comments?post=25922"}],"wp:featuredmedia":[{"embeddable":true,"href":"https:\/\/printaberlin.de\/en\/wp-json\/wp\/v2\/media\/26370"}],"wp:attachment":[{"href":"https:\/\/printaberlin.de\/en\/wp-json\/wp\/v2\/media?parent=25922"}],"wp:term":[{"taxonomy":"product_brand","embeddable":true,"href":"https:\/\/printaberlin.de\/en\/wp-json\/wp\/v2\/product_brand?post=25922"},{"taxonomy":"product_cat","embeddable":true,"href":"https:\/\/printaberlin.de\/en\/wp-json\/wp\/v2\/product_cat?post=25922"},{"taxonomy":"product_tag","embeddable":true,"href":"https:\/\/printaberlin.de\/en\/wp-json\/wp\/v2\/product_tag?post=25922"},{"taxonomy":"producproduct-categroyt-categroy","embeddable":true,"href":"https:\/\/printaberlin.de\/en\/wp-json\/wp\/v2\/producproduct-categroyt-categroy?post=25922"}],"curies":[{"name":"wp","href":"https:\/\/api.w.org\/{rel}","templated":true}]}}