{"id":25889,"date":"2025-03-05T15:35:56","date_gmt":"2025-03-05T15:35:56","guid":{"rendered":"https:\/\/printaberlin.de\/product\/valueweight-t\/"},"modified":"2025-09-21T20:36:53","modified_gmt":"2025-09-21T20:36:53","slug":"valueweight-t","status":"publish","type":"product","link":"https:\/\/printaberlin.de\/en\/product\/valueweight-t\/","title":{"rendered":"Valueweight T"},"content":{"rendered":"<div class=\"mb-3\">\n<h3 data-start=\"0\" data-end=\"51\"><strong data-start=\"0\" data-end=\"51\">Valueweight T: Bequem, Vielseitig und Anpassbar<\/strong><\/h3>\n<p class=\"\" data-start=\"53\" data-end=\"652\">Das <strong data-start=\"57\" data-end=\"74\">Valueweight T<\/strong> von Fruit of the Loom ist das perfekte Unisex-T-Shirt f\u00fcr alle, die Komfort und Qualit\u00e4t zu sch\u00e4tzen wissen. Hergestellt aus 100 % Baumwolle (mit Ausnahme von Sonderfarben wie Ash und Heather Grey, die eine Mischung aus Baumwolle und Polyester enthalten), bietet es ein angenehmes Tragegef\u00fchl und eine hervorragende Passform. Mit einem Gewicht von 160 g\/m\u00b2 (f\u00fcr wei\u00dfe Farben) bzw. 165 g\/m\u00b2 (f\u00fcr andere Farben) ist dieses T-Shirt robust und zugleich leicht. Die feine Strickqualit\u00e4t sorgt f\u00fcr eine verbesserte Druckoberfl\u00e4che, was es ideal f\u00fcr <strong data-start=\"618\" data-end=\"627\">Druck<\/strong> und <strong data-start=\"632\" data-end=\"645\">Stickerei<\/strong> macht.<\/p>\n<p class=\"\" data-start=\"654\" data-end=\"1027\">Das <strong data-start=\"658\" data-end=\"675\">T-Shirt<\/strong> ist in einer breiten Gr\u00f6\u00dfenpalette von S bis 5XL erh\u00e4ltlich, sodass es f\u00fcr viele K\u00f6rpergr\u00f6\u00dfen geeignet ist. Mit seinem klassischen Rundhalsausschnitt und dem selbstgefertigten Nackenband bietet es zus\u00e4tzlichen Komfort und eine saubere Verarbeitung. Dieses T-Shirt eignet sich perfekt f\u00fcr den t\u00e4glichen Gebrauch oder als personalisiertes Werbegeschenk.<\/p>\n<h4 data-start=\"1029\" data-end=\"1064\"><strong data-start=\"1029\" data-end=\"1064\">Hauptmerkmale des Valueweight T<\/strong><\/h4>\n<ul data-start=\"1066\" data-end=\"1504\">\n<li class=\"\" data-start=\"1066\" data-end=\"1155\">\n<p class=\"\" data-start=\"1068\" data-end=\"1155\"><strong data-start=\"1068\" data-end=\"1087\">100 % Baumwolle<\/strong> (mit Ausnahme bestimmter Farben) f\u00fcr Komfort und Atmungsaktivit\u00e4t<\/p>\n<\/li>\n<li class=\"\" data-start=\"1156\" data-end=\"1214\">\n<p class=\"\" data-start=\"1158\" data-end=\"1214\"><strong data-start=\"1158\" data-end=\"1169\">Gewicht<\/strong>: 160 g\/m\u00b2 (wei\u00df), 165 g\/m\u00b2 (andere Farben)<\/p>\n<\/li>\n<li class=\"\" data-start=\"1215\" data-end=\"1278\">\n<p class=\"\" data-start=\"1217\" data-end=\"1278\"><strong data-start=\"1217\" data-end=\"1238\">Verf\u00fcgbare Gr\u00f6\u00dfen<\/strong>: S bis 5XL f\u00fcr eine breite Zielgruppe<\/p>\n<\/li>\n<li class=\"\" data-start=\"1279\" data-end=\"1327\">\n<p class=\"\" data-start=\"1281\" data-end=\"1327\"><strong data-start=\"1281\" data-end=\"1306\">Klassischer Crew Neck<\/strong> f\u00fcr zeitlosen Stil<\/p>\n<\/li>\n<li class=\"\" data-start=\"1328\" data-end=\"1389\">\n<p class=\"\" data-start=\"1330\" data-end=\"1389\"><strong data-start=\"1330\" data-end=\"1362\">Selbstgefertigtes Nackenband<\/strong> f\u00fcr zus\u00e4tzlichen Komfort<\/p>\n<\/li>\n<li class=\"\" data-start=\"1390\" data-end=\"1447\">\n<p class=\"\" data-start=\"1392\" data-end=\"1447\"><strong data-start=\"1392\" data-end=\"1416\">Feine Strickqualit\u00e4t<\/strong> f\u00fcr verbesserte Druckbarkeit<\/p>\n<\/li>\n<li class=\"\" data-start=\"1448\" data-end=\"1504\">\n<p class=\"\" data-start=\"1450\" data-end=\"1504\"><strong data-start=\"1450\" data-end=\"1482\">Waschbar bei oder unter 40\u00b0C<\/strong> f\u00fcr einfache Pflege<\/p>\n<\/li>\n<\/ul>\n<h4 data-start=\"1506\" data-end=\"1566\"><strong data-start=\"1506\" data-end=\"1566\">Individuelle Druckdienstleistungen f\u00fcr Ihr Valueweight T<\/strong><\/h4>\n<p class=\"\" data-start=\"1568\" data-end=\"1757\">Verleihen Sie Ihrem <strong data-start=\"1588\" data-end=\"1605\">T-Shirt<\/strong> eine pers\u00f6nliche Note mit unseren professionellen <strong data-start=\"1656\" data-end=\"1681\">Druckdienstleistungen<\/strong>. Wir bieten verschiedene Techniken an, um Ihr Design zum Leben zu erwecken:<\/p>\n<ul data-start=\"1759\" data-end=\"1953\">\n<li class=\"\" data-start=\"1759\" data-end=\"1817\">\n<p class=\"\" data-start=\"1761\" data-end=\"1817\"><strong data-start=\"1761\" data-end=\"1774\">DTF-Druck<\/strong>: Ideal f\u00fcr lebendige, langlebige Designs<\/p>\n<\/li>\n<li class=\"\" data-start=\"1818\" data-end=\"1880\">\n<p class=\"\" data-start=\"1820\" data-end=\"1880\"><strong data-start=\"1820\" data-end=\"1833\">Siebdruck<\/strong>: Perfekt f\u00fcr gro\u00dffl\u00e4chige und kr\u00e4ftige Logos<\/p>\n<\/li>\n<li class=\"\" data-start=\"1881\" data-end=\"1953\">\n<p class=\"\" data-start=\"1883\" data-end=\"1953\"><strong data-start=\"1883\" data-end=\"1896\">Stickerei<\/strong>: Verleiht Ihrem T-Shirt eine edle und hochwertige Note<\/p>\n<\/li>\n<\/ul>\n<h4 data-start=\"1955\" data-end=\"1990\"><strong data-start=\"1955\" data-end=\"1990\">Warum das Valueweight T w\u00e4hlen?<\/strong><\/h4>\n<p class=\"\" data-start=\"1992\" data-end=\"2391\">Das <strong data-start=\"1996\" data-end=\"2013\">Valueweight T<\/strong> bietet nicht nur Komfort und Qualit\u00e4t, sondern auch eine hervorragende Grundlage f\u00fcr individuelle Designs. Mit seiner exzellenten Druckoberfl\u00e4che und den verschiedenen Gr\u00f6\u00dfenoptionen ist es die ideale Wahl f\u00fcr Unternehmen, Veranstaltungen oder pers\u00f6nliche Gebrauch. Nutzen Sie unsere <strong data-start=\"2298\" data-end=\"2323\">Druckdienstleistungen<\/strong>, um dieses T-Shirt zu einem einzigartigen Kleidungsst\u00fcck zu machen.<\/p>\n<div class=\"wysiwyg lg:wysiwyg-lg\">\n<div>\n<p data-start=\"472\" data-end=\"1068\" data-is-last-node=\"\" data-is-only-node=\"\"><img decoding=\"async\" class=\"alignnone size-medium wp-image-7420\" src=\"https:\/\/printaberlin.de\/staging\/2315\/wp-content\/uploads\/2025\/03\/eco-300x72.png\" alt=\"\" width=\"300\" height=\"72\" srcset=\"https:\/\/printaberlin.de\/wp-content\/uploads\/2025\/03\/eco-300x72.png 300w, https:\/\/printaberlin.de\/wp-content\/uploads\/2025\/03\/eco-1024x247.png 1024w, https:\/\/printaberlin.de\/wp-content\/uploads\/2025\/03\/eco-768x185.png 768w, https:\/\/printaberlin.de\/wp-content\/uploads\/2025\/03\/eco-260x63.png 260w, https:\/\/printaberlin.de\/wp-content\/uploads\/2025\/03\/eco-500x121.png 500w, https:\/\/printaberlin.de\/wp-content\/uploads\/2025\/03\/eco.png 1338w\" sizes=\"(max-width: 300px) 100vw, 300px\" \/><\/p>\n<\/div>\n<\/div>\n<\/div>\n<div class=\"mb-3\">\n<div class=\"child-p:mb-2 last:child-p:mb-0\">\n<div class=\"child-p:mb-2 last:child-p:mb-0\"><\/div>\n<\/div>\n<\/div>\n","protected":false},"excerpt":{"rendered":"<div class=\"mb-3\">\n<p class=\"uppercase text-xs lg:text-sm font-bold mb-3\">Bequemes Valueweight T aus 100 % Baumwolle, ideal f\u00fcr Druck und Stickerei.<br \/>\n<strong>By Fruit Of The Loom<\/strong><\/p>\n<\/div>\n","protected":false},"featured_media":26372,"comment_status":"open","ping_status":"closed","template":"","meta":{"nf_dc_page":""},"product_brand":[48],"product_cat":[428],"product_tag":[435],"producproduct-categroyt-categroy":[],"class_list":{"0":"post-25889","1":"product","2":"type-product","3":"status-publish","4":"has-post-thumbnail","6":"product_brand-fruit-of-the-loom","7":"product_cat-t-shirt-bedrucken","8":"product_tag-unisexmen","10":"first","11":"instock","12":"shipping-taxable","13":"purchasable","14":"product-type-variable","15":"has-default-attributes","16":"wvs-archive-product-wrapper"},"yoast_head":"<!-- This site is optimized with the Yoast SEO Premium plugin v24.6 (Yoast SEO v27.4) - https:\/\/yoast.com\/product\/yoast-seo-premium-wordpress\/ -->\n<title>Valueweight T | Printa Berlin | Textilien und T-Shirts Bedrucken<\/title>\n<meta name=\"description\" content=\"Das Valueweight T aus 100 % Baumwolle bietet Komfort und Qualit\u00e4t. Personalisieren Sie es mit DTF-Druck, Siebdruck oder Stickerei.\" \/>\n<meta name=\"robots\" content=\"index, follow, max-snippet:-1, max-image-preview:large, max-video-preview:-1\" \/>\n<link rel=\"canonical\" href=\"https:\/\/printaberlin.de\/en\/product\/valueweight-t\/\" \/>\n<meta property=\"og:locale\" content=\"en_US\" \/>\n<meta property=\"og:type\" content=\"article\" \/>\n<meta property=\"og:title\" content=\"Valueweight T\" \/>\n<meta property=\"og:description\" content=\"Das Valueweight T aus 100 % Baumwolle bietet Komfort und Qualit\u00e4t. Personalisieren Sie es mit DTF-Druck, Siebdruck oder Stickerei.\" \/>\n<meta property=\"og:url\" content=\"https:\/\/printaberlin.de\/en\/product\/valueweight-t\/\" \/>\n<meta property=\"og:site_name\" content=\"Printa Berlin | Textilien und T-Shirts Bedrucken\" \/>\n<meta property=\"article:modified_time\" content=\"2025-09-21T20:36:53+00:00\" \/>\n<meta property=\"og:image\" content=\"https:\/\/printaberlin.de\/wp-content\/uploads\/2025\/09\/gfh-hdfhfg.png\" \/>\n\t<meta property=\"og:image:width\" content=\"292\" \/>\n\t<meta property=\"og:image:height\" content=\"365\" \/>\n\t<meta property=\"og:image:type\" content=\"image\/png\" \/>\n<meta name=\"twitter:card\" content=\"summary_large_image\" \/>\n<meta name=\"twitter:label1\" content=\"Availability\" \/>\n\t<meta name=\"twitter:data1\" content=\"In stock\" \/>\n<script type=\"application\/ld+json\" class=\"yoast-schema-graph\">{\"@context\":\"https:\\\/\\\/schema.org\",\"@graph\":[{\"@type\":\"WebPage\",\"@id\":\"https:\\\/\\\/printaberlin.de\\\/en\\\/product\\\/valueweight-t\\\/\",\"url\":\"https:\\\/\\\/printaberlin.de\\\/en\\\/product\\\/valueweight-t\\\/\",\"name\":\"Valueweight T | Printa Berlin | Textilien und T-Shirts Bedrucken\",\"isPartOf\":{\"@id\":\"https:\\\/\\\/printaberlin.de\\\/en\\\/#website\"},\"primaryImageOfPage\":{\"@id\":\"https:\\\/\\\/printaberlin.de\\\/en\\\/product\\\/valueweight-t\\\/#primaryimage\"},\"image\":{\"@id\":\"https:\\\/\\\/printaberlin.de\\\/en\\\/product\\\/valueweight-t\\\/#primaryimage\"},\"thumbnailUrl\":\"https:\\\/\\\/printaberlin.de\\\/wp-content\\\/uploads\\\/2025\\\/09\\\/gfh-hdfhfg.png\",\"datePublished\":\"2025-03-05T15:35:56+00:00\",\"dateModified\":\"2025-09-21T20:36:53+00:00\",\"description\":\"Das Valueweight T aus 100 % Baumwolle bietet Komfort und Qualit\u00e4t. Personalisieren Sie es mit DTF-Druck, Siebdruck oder Stickerei.\",\"breadcrumb\":{\"@id\":\"https:\\\/\\\/printaberlin.de\\\/en\\\/product\\\/valueweight-t\\\/#breadcrumb\"},\"inLanguage\":\"en-US\",\"potentialAction\":[{\"@type\":\"ReadAction\",\"target\":[\"https:\\\/\\\/printaberlin.de\\\/en\\\/product\\\/valueweight-t\\\/\"]}]},{\"@type\":\"ImageObject\",\"inLanguage\":\"en-US\",\"@id\":\"https:\\\/\\\/printaberlin.de\\\/en\\\/product\\\/valueweight-t\\\/#primaryimage\",\"url\":\"https:\\\/\\\/printaberlin.de\\\/wp-content\\\/uploads\\\/2025\\\/09\\\/gfh-hdfhfg.png\",\"contentUrl\":\"https:\\\/\\\/printaberlin.de\\\/wp-content\\\/uploads\\\/2025\\\/09\\\/gfh-hdfhfg.png\",\"width\":292,\"height\":365},{\"@type\":\"BreadcrumbList\",\"@id\":\"https:\\\/\\\/printaberlin.de\\\/en\\\/product\\\/valueweight-t\\\/#breadcrumb\",\"itemListElement\":[{\"@type\":\"ListItem\",\"position\":1,\"name\":\"Home\",\"item\":\"https:\\\/\\\/printaberlin.de\\\/en\\\/\"},{\"@type\":\"ListItem\",\"position\":2,\"name\":\"Shop\",\"item\":\"https:\\\/\\\/printaberlin.de\\\/en\\\/shop\\\/\"},{\"@type\":\"ListItem\",\"position\":3,\"name\":\"Valueweight T\"}]},{\"@type\":\"WebSite\",\"@id\":\"https:\\\/\\\/printaberlin.de\\\/en\\\/#website\",\"url\":\"https:\\\/\\\/printaberlin.de\\\/en\\\/\",\"name\":\"Printa Berlin | Textilien und T-Shirts Bedrucken\",\"description\":\"Entdecken Sie Printa Berlin \u2013 Ihr Experte f\u00fcr personalisierten Druck! T-Shirts, Poloshirts, Hoodies, Sweatshirts, Taschen, Caps und mehr.\",\"publisher\":{\"@id\":\"https:\\\/\\\/printaberlin.de\\\/en\\\/#organization\"},\"potentialAction\":[{\"@type\":\"SearchAction\",\"target\":{\"@type\":\"EntryPoint\",\"urlTemplate\":\"https:\\\/\\\/printaberlin.de\\\/en\\\/?s={search_term_string}\"},\"query-input\":{\"@type\":\"PropertyValueSpecification\",\"valueRequired\":true,\"valueName\":\"search_term_string\"}}],\"inLanguage\":\"en-US\"},{\"@type\":\"Organization\",\"@id\":\"https:\\\/\\\/printaberlin.de\\\/en\\\/#organization\",\"name\":\"Printa Berlin\",\"url\":\"https:\\\/\\\/printaberlin.de\\\/en\\\/\",\"logo\":{\"@type\":\"ImageObject\",\"inLanguage\":\"en-US\",\"@id\":\"https:\\\/\\\/printaberlin.de\\\/en\\\/#\\\/schema\\\/logo\\\/image\\\/\",\"url\":\"https:\\\/\\\/printaberlin.de\\\/wp-content\\\/uploads\\\/2025\\\/03\\\/csdsdcdsc.png\",\"contentUrl\":\"https:\\\/\\\/printaberlin.de\\\/wp-content\\\/uploads\\\/2025\\\/03\\\/csdsdcdsc.png\",\"width\":512,\"height\":512,\"caption\":\"Printa Berlin\"},\"image\":{\"@id\":\"https:\\\/\\\/printaberlin.de\\\/en\\\/#\\\/schema\\\/logo\\\/image\\\/\"},\"sameAs\":[\"https:\\\/\\\/www.instagram.com\\\/printaberlin\\\/\"]}]}<\/script>\n<meta property=\"og:availability\" content=\"instock\" \/>\n<meta property=\"product:availability\" content=\"instock\" \/>\n<meta property=\"product:retailer_item_id\" content=\"PR03\" \/>\n<meta property=\"product:condition\" content=\"new\" \/>\n<!-- \/ Yoast SEO Premium plugin. -->","yoast_head_json":{"title":"Valueweight T | Printa Berlin | Textilien und T-Shirts Bedrucken","description":"Das Valueweight T aus 100 % Baumwolle bietet Komfort und Qualit\u00e4t. Personalisieren Sie es mit DTF-Druck, Siebdruck oder Stickerei.","robots":{"index":"index","follow":"follow","max-snippet":"max-snippet:-1","max-image-preview":"max-image-preview:large","max-video-preview":"max-video-preview:-1"},"canonical":"https:\/\/printaberlin.de\/en\/product\/valueweight-t\/","og_locale":"en_US","og_type":"article","og_title":"Valueweight T","og_description":"Das Valueweight T aus 100 % Baumwolle bietet Komfort und Qualit\u00e4t. Personalisieren Sie es mit DTF-Druck, Siebdruck oder Stickerei.","og_url":"https:\/\/printaberlin.de\/en\/product\/valueweight-t\/","og_site_name":"Printa Berlin | Textilien und T-Shirts Bedrucken","article_modified_time":"2025-09-21T20:36:53+00:00","og_image":[{"width":292,"height":365,"url":"https:\/\/printaberlin.de\/wp-content\/uploads\/2025\/09\/gfh-hdfhfg.png","type":"image\/png"}],"twitter_card":"summary_large_image","twitter_misc":{"Availability":"In stock"},"schema":{"@context":"https:\/\/schema.org","@graph":[{"@type":"WebPage","@id":"https:\/\/printaberlin.de\/en\/product\/valueweight-t\/","url":"https:\/\/printaberlin.de\/en\/product\/valueweight-t\/","name":"Valueweight T | Printa Berlin | Textilien und T-Shirts Bedrucken","isPartOf":{"@id":"https:\/\/printaberlin.de\/en\/#website"},"primaryImageOfPage":{"@id":"https:\/\/printaberlin.de\/en\/product\/valueweight-t\/#primaryimage"},"image":{"@id":"https:\/\/printaberlin.de\/en\/product\/valueweight-t\/#primaryimage"},"thumbnailUrl":"https:\/\/printaberlin.de\/wp-content\/uploads\/2025\/09\/gfh-hdfhfg.png","datePublished":"2025-03-05T15:35:56+00:00","dateModified":"2025-09-21T20:36:53+00:00","description":"Das Valueweight T aus 100 % Baumwolle bietet Komfort und Qualit\u00e4t. Personalisieren Sie es mit DTF-Druck, Siebdruck oder Stickerei.","breadcrumb":{"@id":"https:\/\/printaberlin.de\/en\/product\/valueweight-t\/#breadcrumb"},"inLanguage":"en-US","potentialAction":[{"@type":"ReadAction","target":["https:\/\/printaberlin.de\/en\/product\/valueweight-t\/"]}]},{"@type":"ImageObject","inLanguage":"en-US","@id":"https:\/\/printaberlin.de\/en\/product\/valueweight-t\/#primaryimage","url":"https:\/\/printaberlin.de\/wp-content\/uploads\/2025\/09\/gfh-hdfhfg.png","contentUrl":"https:\/\/printaberlin.de\/wp-content\/uploads\/2025\/09\/gfh-hdfhfg.png","width":292,"height":365},{"@type":"BreadcrumbList","@id":"https:\/\/printaberlin.de\/en\/product\/valueweight-t\/#breadcrumb","itemListElement":[{"@type":"ListItem","position":1,"name":"Home","item":"https:\/\/printaberlin.de\/en\/"},{"@type":"ListItem","position":2,"name":"Shop","item":"https:\/\/printaberlin.de\/en\/shop\/"},{"@type":"ListItem","position":3,"name":"Valueweight T"}]},{"@type":"WebSite","@id":"https:\/\/printaberlin.de\/en\/#website","url":"https:\/\/printaberlin.de\/en\/","name":"Printa Berlin | Textilien und T-Shirts Bedrucken","description":"Entdecken Sie Printa Berlin \u2013 Ihr Experte f\u00fcr personalisierten Druck! T-Shirts, Poloshirts, Hoodies, Sweatshirts, Taschen, Caps und mehr.","publisher":{"@id":"https:\/\/printaberlin.de\/en\/#organization"},"potentialAction":[{"@type":"SearchAction","target":{"@type":"EntryPoint","urlTemplate":"https:\/\/printaberlin.de\/en\/?s={search_term_string}"},"query-input":{"@type":"PropertyValueSpecification","valueRequired":true,"valueName":"search_term_string"}}],"inLanguage":"en-US"},{"@type":"Organization","@id":"https:\/\/printaberlin.de\/en\/#organization","name":"Printa Berlin","url":"https:\/\/printaberlin.de\/en\/","logo":{"@type":"ImageObject","inLanguage":"en-US","@id":"https:\/\/printaberlin.de\/en\/#\/schema\/logo\/image\/","url":"https:\/\/printaberlin.de\/wp-content\/uploads\/2025\/03\/csdsdcdsc.png","contentUrl":"https:\/\/printaberlin.de\/wp-content\/uploads\/2025\/03\/csdsdcdsc.png","width":512,"height":512,"caption":"Printa Berlin"},"image":{"@id":"https:\/\/printaberlin.de\/en\/#\/schema\/logo\/image\/"},"sameAs":["https:\/\/www.instagram.com\/printaberlin\/"]}]},"og_availability":"instock","product_availability":"instock","product_retailer_item_id":"PR03","product_condition":"new"},"_links":{"self":[{"href":"https:\/\/printaberlin.de\/en\/wp-json\/wp\/v2\/product\/25889","targetHints":{"allow":["GET"]}}],"collection":[{"href":"https:\/\/printaberlin.de\/en\/wp-json\/wp\/v2\/product"}],"about":[{"href":"https:\/\/printaberlin.de\/en\/wp-json\/wp\/v2\/types\/product"}],"replies":[{"embeddable":true,"href":"https:\/\/printaberlin.de\/en\/wp-json\/wp\/v2\/comments?post=25889"}],"wp:featuredmedia":[{"embeddable":true,"href":"https:\/\/printaberlin.de\/en\/wp-json\/wp\/v2\/media\/26372"}],"wp:attachment":[{"href":"https:\/\/printaberlin.de\/en\/wp-json\/wp\/v2\/media?parent=25889"}],"wp:term":[{"taxonomy":"product_brand","embeddable":true,"href":"https:\/\/printaberlin.de\/en\/wp-json\/wp\/v2\/product_brand?post=25889"},{"taxonomy":"product_cat","embeddable":true,"href":"https:\/\/printaberlin.de\/en\/wp-json\/wp\/v2\/product_cat?post=25889"},{"taxonomy":"product_tag","embeddable":true,"href":"https:\/\/printaberlin.de\/en\/wp-json\/wp\/v2\/product_tag?post=25889"},{"taxonomy":"producproduct-categroyt-categroy","embeddable":true,"href":"https:\/\/printaberlin.de\/en\/wp-json\/wp\/v2\/producproduct-categroyt-categroy?post=25889"}],"curies":[{"name":"wp","href":"https:\/\/api.w.org\/{rel}","templated":true}]}}