{"id":25845,"date":"2025-03-05T16:03:12","date_gmt":"2025-03-05T16:03:12","guid":{"rendered":"https:\/\/printaberlin.de\/product\/creator-2-0\/"},"modified":"2025-09-21T20:36:52","modified_gmt":"2025-09-21T20:36:52","slug":"creator-2-0","status":"publish","type":"product","link":"https:\/\/printaberlin.de\/en\/product\/creator-2-0\/","title":{"rendered":"Creator 2.0"},"content":{"rendered":"<div class=\"mb-3\">\n<p class=\"\" data-start=\"0\" data-end=\"57\"><strong data-start=\"0\" data-end=\"57\">Creator 2.0 T-Shirt: Bequem, Nachhaltig und Anpassbar<\/strong><\/p>\n<p class=\"\" data-start=\"59\" data-end=\"610\">Das <strong data-start=\"63\" data-end=\"86\">Creator 2.0 T-Shirt<\/strong> ist das Premium-Unisex-T-Shirt, das klassische Design und herausragende Qualit\u00e4t vereint. Mit seinem modernen Schnitt, den breiteren Kragenb\u00e4ndern und den l\u00e4ngeren \u00c4rmeln bietet es sowohl Komfort als auch eine perfekte Passform. Hergestellt aus 100 % Bio-Baumwolle, sorgt das <strong data-start=\"363\" data-end=\"386\">Creator 2.0 T-Shirt<\/strong> f\u00fcr au\u00dfergew\u00f6hnlichen Tragekomfort und bietet gleichzeitig eine ideale Oberfl\u00e4che f\u00fcr Drucke. Die neue Stoffentwicklung macht es nicht nur angenehm zu tragen, sondern auch hervorragend geeignet f\u00fcr individuelle Anpassungen.<\/p>\n<p class=\"\" data-start=\"612\" data-end=\"654\"><strong data-start=\"612\" data-end=\"654\">Hauptmerkmale des Creator 2.0 T-Shirts<\/strong><\/p>\n<ul data-start=\"656\" data-end=\"1069\">\n<li class=\"\" data-start=\"656\" data-end=\"703\">\n<p class=\"\" data-start=\"658\" data-end=\"703\"><strong data-start=\"658\" data-end=\"674\">Set-in \u00c4rmel<\/strong> f\u00fcr eine perfekte Passform<\/p>\n<\/li>\n<li class=\"\" data-start=\"704\" data-end=\"751\">\n<p class=\"\" data-start=\"706\" data-end=\"751\"><strong data-start=\"706\" data-end=\"726\">1&#215;1 Rippenkragen<\/strong> f\u00fcr eine moderne Optik<\/p>\n<\/li>\n<li class=\"\" data-start=\"752\" data-end=\"821\">\n<p class=\"\" data-start=\"754\" data-end=\"821\"><strong data-start=\"754\" data-end=\"794\">Nackenband aus dem gleichen Material<\/strong> f\u00fcr zus\u00e4tzlichen Komfort<\/p>\n<\/li>\n<li class=\"\" data-start=\"822\" data-end=\"885\">\n<p class=\"\" data-start=\"824\" data-end=\"885\"><strong data-start=\"824\" data-end=\"862\">Doppelt gen\u00e4hte B\u00fcndchen und S\u00e4ume<\/strong> f\u00fcr hohe Haltbarkeit<\/p>\n<\/li>\n<li class=\"\" data-start=\"886\" data-end=\"1005\">\n<p class=\"\" data-start=\"888\" data-end=\"1005\"><strong data-start=\"888\" data-end=\"907\">Zusammensetzung<\/strong>: Singlejersey, 100 % Bio-Baumwolle (Heather Haze: 70 % Bio-Baumwolle, 30 % recycelte Baumwolle)<\/p>\n<\/li>\n<li class=\"\" data-start=\"1006\" data-end=\"1069\">\n<p class=\"\" data-start=\"1008\" data-end=\"1069\"><strong data-start=\"1008\" data-end=\"1023\">Vorwaschung<\/strong> f\u00fcr eine weiche Textur und bessere Passform<\/p>\n<\/li>\n<\/ul>\n<p class=\"\" data-start=\"1071\" data-end=\"1089\"><strong data-start=\"1071\" data-end=\"1089\">Pflegehinweise<\/strong><\/p>\n<ul data-start=\"1091\" data-end=\"1234\">\n<li class=\"\" data-start=\"1091\" data-end=\"1123\">\n<p class=\"\" data-start=\"1093\" data-end=\"1123\">Mit \u00e4hnlichen Farben waschen<\/p>\n<\/li>\n<li class=\"\" data-start=\"1124\" data-end=\"1154\">\n<p class=\"\" data-start=\"1126\" data-end=\"1154\">Nicht auf dem Druck b\u00fcgeln<\/p>\n<\/li>\n<li class=\"\" data-start=\"1155\" data-end=\"1234\">\n<p class=\"\" data-start=\"1157\" data-end=\"1234\">Innen auswaschen und b\u00fcgeln, um die Langlebigkeit des Drucks zu gew\u00e4hrleisten<\/p>\n<\/li>\n<\/ul>\n<p class=\"\" data-start=\"1236\" data-end=\"1302\"><strong data-start=\"1236\" data-end=\"1302\">Individuelle Druckdienstleistungen f\u00fcr Ihr Creator 2.0 T-Shirt<\/strong><\/p>\n<p class=\"\" data-start=\"1304\" data-end=\"1463\">Verleihen Sie Ihrem <strong data-start=\"1324\" data-end=\"1347\">Creator 2.0 T-Shirt<\/strong> eine pers\u00f6nliche Note mit unseren professionellen <strong data-start=\"1398\" data-end=\"1423\">Druckdienstleistungen<\/strong>. Wir bieten folgende Drucktechniken an:<\/p>\n<ul data-start=\"1465\" data-end=\"1670\">\n<li class=\"\" data-start=\"1465\" data-end=\"1526\">\n<p class=\"\" data-start=\"1467\" data-end=\"1526\"><strong data-start=\"1467\" data-end=\"1480\">DTF-Druck<\/strong>: Ideal f\u00fcr lebendige und langlebige Designs<\/p>\n<\/li>\n<li class=\"\" data-start=\"1527\" data-end=\"1591\">\n<p class=\"\" data-start=\"1529\" data-end=\"1591\"><strong data-start=\"1529\" data-end=\"1542\">Siebdruck<\/strong>: Perfekt f\u00fcr kr\u00e4ftige, gro\u00dfe Logos und Designs<\/p>\n<\/li>\n<li class=\"\" data-start=\"1592\" data-end=\"1670\">\n<p class=\"\" data-start=\"1594\" data-end=\"1670\"><strong data-start=\"1594\" data-end=\"1607\">Stickerei<\/strong>: Verleiht eine edle, professionelle Note f\u00fcr Logos und Texte<\/p>\n<\/li>\n<\/ul>\n<p class=\"\" data-start=\"1672\" data-end=\"1713\"><strong data-start=\"1672\" data-end=\"1713\">Warum das Creator 2.0 T-Shirt w\u00e4hlen?<\/strong><\/p>\n<p class=\"\" data-start=\"1715\" data-end=\"2120\">Das <strong data-start=\"1719\" data-end=\"1742\">Creator 2.0 T-Shirt<\/strong> ist die perfekte Wahl, wenn Sie ein hochwertiges, nachhaltiges und anpassbares T-Shirt suchen. Ob f\u00fcr Ihr Unternehmen, f\u00fcr Events oder f\u00fcr den pers\u00f6nlichen Gebrauch \u2013 dieses T-Shirt bietet sowohl Stil als auch Funktionalit\u00e4t. Mit unseren <strong data-start=\"1981\" data-end=\"2006\">Druckdienstleistungen<\/strong> k\u00f6nnen Sie Ihr Design in den Mittelpunkt stellen und gleichzeitig von umweltfreundlichen Materialien profitieren.<\/p>\n<div class=\"wysiwyg lg:wysiwyg-lg\">\n<p data-start=\"634\" data-end=\"923\" data-is-last-node=\"\" data-is-only-node=\"\"><img decoding=\"async\" class=\"alignnone size-medium wp-image-7209\" src=\"https:\/\/printaberlin.de\/staging\/2315\/wp-content\/uploads\/2025\/03\/Frame-37-300x59.png\" alt=\"\" width=\"300\" height=\"59\" srcset=\"https:\/\/printaberlin.de\/wp-content\/uploads\/2025\/03\/Frame-37-300x59.png 300w, https:\/\/printaberlin.de\/wp-content\/uploads\/2025\/03\/Frame-37-1024x200.png 1024w, https:\/\/printaberlin.de\/wp-content\/uploads\/2025\/03\/Frame-37-768x150.png 768w, https:\/\/printaberlin.de\/wp-content\/uploads\/2025\/03\/Frame-37-1536x301.png 1536w, https:\/\/printaberlin.de\/wp-content\/uploads\/2025\/03\/Frame-37-260x51.png 260w, https:\/\/printaberlin.de\/wp-content\/uploads\/2025\/03\/Frame-37-500x98.png 500w, https:\/\/printaberlin.de\/wp-content\/uploads\/2025\/03\/Frame-37.png 1650w\" sizes=\"(max-width: 300px) 100vw, 300px\" \/><\/p>\n<\/div>\n<\/div>\n<div class=\"mb-3\">\n<div class=\"child-p:mb-2 last:child-p:mb-0\">\n<div class=\"child-p:mb-2 last:child-p:mb-0\"><\/div>\n<\/div>\n<\/div>\n","protected":false},"excerpt":{"rendered":"<div class=\"mb-3\">\n<p class=\"uppercase text-xs lg:text-sm font-bold mb-3\">Ein Premium-Unisex-T-Shirt mit zeitlosem Design, Bio-Baumwolle.<br \/>\n<strong>By Stanley Stella<\/strong><\/p>\n<\/div>\n","protected":false},"featured_media":26374,"comment_status":"open","ping_status":"closed","template":"","meta":{"nf_dc_page":""},"product_brand":[32],"product_cat":[428],"product_tag":[430],"producproduct-categroyt-categroy":[],"class_list":{"0":"post-25845","1":"product","2":"type-product","3":"status-publish","4":"has-post-thumbnail","6":"product_brand-stanley-stella","7":"product_cat-t-shirt-bedrucken","8":"product_tag-unisex","10":"first","11":"instock","12":"shipping-taxable","13":"purchasable","14":"product-type-variable","15":"has-default-attributes","16":"wvs-archive-product-wrapper"},"yoast_head":"<!-- This site is optimized with the Yoast SEO Premium plugin v24.6 (Yoast SEO v27.4) - https:\/\/yoast.com\/product\/yoast-seo-premium-wordpress\/ -->\n<title>Creator 2.0 T-Shirt | Printa Berlin | Textilien und T-Shirts Bedrucken<\/title>\n<meta name=\"description\" content=\"Das Creator 2.0 T-Shirt bietet Komfort und Stil. Personalisieren Sie es mit unseren DTF-Druck, Siebdruck oder Stickerei-Dienstleistungen.\" \/>\n<meta name=\"robots\" content=\"index, follow, max-snippet:-1, max-image-preview:large, max-video-preview:-1\" \/>\n<link rel=\"canonical\" href=\"https:\/\/printaberlin.de\/en\/product\/creator-2-0\/\" \/>\n<meta property=\"og:locale\" content=\"en_US\" \/>\n<meta property=\"og:type\" content=\"article\" \/>\n<meta property=\"og:title\" content=\"Creator 2.0\" \/>\n<meta property=\"og:description\" content=\"Das Creator 2.0 T-Shirt bietet Komfort und Stil. Personalisieren Sie es mit unseren DTF-Druck, Siebdruck oder Stickerei-Dienstleistungen.\" \/>\n<meta property=\"og:url\" content=\"https:\/\/printaberlin.de\/en\/product\/creator-2-0\/\" \/>\n<meta property=\"og:site_name\" content=\"Printa Berlin | Textilien und T-Shirts Bedrucken\" \/>\n<meta property=\"article:modified_time\" content=\"2025-09-21T20:36:52+00:00\" \/>\n<meta property=\"og:image\" content=\"https:\/\/printaberlin.de\/wp-content\/uploads\/2025\/09\/60351.png\" \/>\n\t<meta property=\"og:image:width\" content=\"600\" \/>\n\t<meta property=\"og:image:height\" content=\"749\" \/>\n\t<meta property=\"og:image:type\" content=\"image\/png\" \/>\n<meta name=\"twitter:card\" content=\"summary_large_image\" \/>\n<meta name=\"twitter:label1\" content=\"Availability\" \/>\n\t<meta name=\"twitter:data1\" content=\"In stock\" \/>\n<script type=\"application\/ld+json\" class=\"yoast-schema-graph\">{\"@context\":\"https:\\\/\\\/schema.org\",\"@graph\":[{\"@type\":\"WebPage\",\"@id\":\"https:\\\/\\\/printaberlin.de\\\/en\\\/product\\\/creator-2-0\\\/\",\"url\":\"https:\\\/\\\/printaberlin.de\\\/en\\\/product\\\/creator-2-0\\\/\",\"name\":\"Creator 2.0 T-Shirt | Printa Berlin | Textilien und T-Shirts Bedrucken\",\"isPartOf\":{\"@id\":\"https:\\\/\\\/printaberlin.de\\\/en\\\/#website\"},\"primaryImageOfPage\":{\"@id\":\"https:\\\/\\\/printaberlin.de\\\/en\\\/product\\\/creator-2-0\\\/#primaryimage\"},\"image\":{\"@id\":\"https:\\\/\\\/printaberlin.de\\\/en\\\/product\\\/creator-2-0\\\/#primaryimage\"},\"thumbnailUrl\":\"https:\\\/\\\/printaberlin.de\\\/wp-content\\\/uploads\\\/2025\\\/09\\\/60351.png\",\"datePublished\":\"2025-03-05T16:03:12+00:00\",\"dateModified\":\"2025-09-21T20:36:52+00:00\",\"description\":\"Das Creator 2.0 T-Shirt bietet Komfort und Stil. Personalisieren Sie es mit unseren DTF-Druck, Siebdruck oder Stickerei-Dienstleistungen.\",\"breadcrumb\":{\"@id\":\"https:\\\/\\\/printaberlin.de\\\/en\\\/product\\\/creator-2-0\\\/#breadcrumb\"},\"inLanguage\":\"en-US\",\"potentialAction\":[{\"@type\":\"ReadAction\",\"target\":[\"https:\\\/\\\/printaberlin.de\\\/en\\\/product\\\/creator-2-0\\\/\"]}]},{\"@type\":\"ImageObject\",\"inLanguage\":\"en-US\",\"@id\":\"https:\\\/\\\/printaberlin.de\\\/en\\\/product\\\/creator-2-0\\\/#primaryimage\",\"url\":\"https:\\\/\\\/printaberlin.de\\\/wp-content\\\/uploads\\\/2025\\\/09\\\/60351.png\",\"contentUrl\":\"https:\\\/\\\/printaberlin.de\\\/wp-content\\\/uploads\\\/2025\\\/09\\\/60351.png\",\"width\":600,\"height\":749},{\"@type\":\"BreadcrumbList\",\"@id\":\"https:\\\/\\\/printaberlin.de\\\/en\\\/product\\\/creator-2-0\\\/#breadcrumb\",\"itemListElement\":[{\"@type\":\"ListItem\",\"position\":1,\"name\":\"Home\",\"item\":\"https:\\\/\\\/printaberlin.de\\\/en\\\/\"},{\"@type\":\"ListItem\",\"position\":2,\"name\":\"Shop\",\"item\":\"https:\\\/\\\/printaberlin.de\\\/en\\\/shop\\\/\"},{\"@type\":\"ListItem\",\"position\":3,\"name\":\"Creator 2.0\"}]},{\"@type\":\"WebSite\",\"@id\":\"https:\\\/\\\/printaberlin.de\\\/en\\\/#website\",\"url\":\"https:\\\/\\\/printaberlin.de\\\/en\\\/\",\"name\":\"Printa Berlin | Textilien und T-Shirts Bedrucken\",\"description\":\"Entdecken Sie Printa Berlin \u2013 Ihr Experte f\u00fcr personalisierten Druck! T-Shirts, Poloshirts, Hoodies, Sweatshirts, Taschen, Caps und mehr.\",\"publisher\":{\"@id\":\"https:\\\/\\\/printaberlin.de\\\/en\\\/#organization\"},\"potentialAction\":[{\"@type\":\"SearchAction\",\"target\":{\"@type\":\"EntryPoint\",\"urlTemplate\":\"https:\\\/\\\/printaberlin.de\\\/en\\\/?s={search_term_string}\"},\"query-input\":{\"@type\":\"PropertyValueSpecification\",\"valueRequired\":true,\"valueName\":\"search_term_string\"}}],\"inLanguage\":\"en-US\"},{\"@type\":\"Organization\",\"@id\":\"https:\\\/\\\/printaberlin.de\\\/en\\\/#organization\",\"name\":\"Printa Berlin\",\"url\":\"https:\\\/\\\/printaberlin.de\\\/en\\\/\",\"logo\":{\"@type\":\"ImageObject\",\"inLanguage\":\"en-US\",\"@id\":\"https:\\\/\\\/printaberlin.de\\\/en\\\/#\\\/schema\\\/logo\\\/image\\\/\",\"url\":\"https:\\\/\\\/printaberlin.de\\\/wp-content\\\/uploads\\\/2025\\\/03\\\/csdsdcdsc.png\",\"contentUrl\":\"https:\\\/\\\/printaberlin.de\\\/wp-content\\\/uploads\\\/2025\\\/03\\\/csdsdcdsc.png\",\"width\":512,\"height\":512,\"caption\":\"Printa Berlin\"},\"image\":{\"@id\":\"https:\\\/\\\/printaberlin.de\\\/en\\\/#\\\/schema\\\/logo\\\/image\\\/\"},\"sameAs\":[\"https:\\\/\\\/www.instagram.com\\\/printaberlin\\\/\"]}]}<\/script>\n<meta property=\"og:availability\" content=\"instock\" \/>\n<meta property=\"product:availability\" content=\"instock\" \/>\n<meta property=\"product:retailer_item_id\" content=\"PR04\" \/>\n<meta property=\"product:condition\" content=\"new\" \/>\n<!-- \/ Yoast SEO Premium plugin. -->","yoast_head_json":{"title":"Creator 2.0 T-Shirt | Printa Berlin | Textilien und T-Shirts Bedrucken","description":"Das Creator 2.0 T-Shirt bietet Komfort und Stil. Personalisieren Sie es mit unseren DTF-Druck, Siebdruck oder Stickerei-Dienstleistungen.","robots":{"index":"index","follow":"follow","max-snippet":"max-snippet:-1","max-image-preview":"max-image-preview:large","max-video-preview":"max-video-preview:-1"},"canonical":"https:\/\/printaberlin.de\/en\/product\/creator-2-0\/","og_locale":"en_US","og_type":"article","og_title":"Creator 2.0","og_description":"Das Creator 2.0 T-Shirt bietet Komfort und Stil. Personalisieren Sie es mit unseren DTF-Druck, Siebdruck oder Stickerei-Dienstleistungen.","og_url":"https:\/\/printaberlin.de\/en\/product\/creator-2-0\/","og_site_name":"Printa Berlin | Textilien und T-Shirts Bedrucken","article_modified_time":"2025-09-21T20:36:52+00:00","og_image":[{"width":600,"height":749,"url":"https:\/\/printaberlin.de\/wp-content\/uploads\/2025\/09\/60351.png","type":"image\/png"}],"twitter_card":"summary_large_image","twitter_misc":{"Availability":"In stock"},"schema":{"@context":"https:\/\/schema.org","@graph":[{"@type":"WebPage","@id":"https:\/\/printaberlin.de\/en\/product\/creator-2-0\/","url":"https:\/\/printaberlin.de\/en\/product\/creator-2-0\/","name":"Creator 2.0 T-Shirt | Printa Berlin | Textilien und T-Shirts Bedrucken","isPartOf":{"@id":"https:\/\/printaberlin.de\/en\/#website"},"primaryImageOfPage":{"@id":"https:\/\/printaberlin.de\/en\/product\/creator-2-0\/#primaryimage"},"image":{"@id":"https:\/\/printaberlin.de\/en\/product\/creator-2-0\/#primaryimage"},"thumbnailUrl":"https:\/\/printaberlin.de\/wp-content\/uploads\/2025\/09\/60351.png","datePublished":"2025-03-05T16:03:12+00:00","dateModified":"2025-09-21T20:36:52+00:00","description":"Das Creator 2.0 T-Shirt bietet Komfort und Stil. Personalisieren Sie es mit unseren DTF-Druck, Siebdruck oder Stickerei-Dienstleistungen.","breadcrumb":{"@id":"https:\/\/printaberlin.de\/en\/product\/creator-2-0\/#breadcrumb"},"inLanguage":"en-US","potentialAction":[{"@type":"ReadAction","target":["https:\/\/printaberlin.de\/en\/product\/creator-2-0\/"]}]},{"@type":"ImageObject","inLanguage":"en-US","@id":"https:\/\/printaberlin.de\/en\/product\/creator-2-0\/#primaryimage","url":"https:\/\/printaberlin.de\/wp-content\/uploads\/2025\/09\/60351.png","contentUrl":"https:\/\/printaberlin.de\/wp-content\/uploads\/2025\/09\/60351.png","width":600,"height":749},{"@type":"BreadcrumbList","@id":"https:\/\/printaberlin.de\/en\/product\/creator-2-0\/#breadcrumb","itemListElement":[{"@type":"ListItem","position":1,"name":"Home","item":"https:\/\/printaberlin.de\/en\/"},{"@type":"ListItem","position":2,"name":"Shop","item":"https:\/\/printaberlin.de\/en\/shop\/"},{"@type":"ListItem","position":3,"name":"Creator 2.0"}]},{"@type":"WebSite","@id":"https:\/\/printaberlin.de\/en\/#website","url":"https:\/\/printaberlin.de\/en\/","name":"Printa Berlin | Textilien und T-Shirts Bedrucken","description":"Entdecken Sie Printa Berlin \u2013 Ihr Experte f\u00fcr personalisierten Druck! T-Shirts, Poloshirts, Hoodies, Sweatshirts, Taschen, Caps und mehr.","publisher":{"@id":"https:\/\/printaberlin.de\/en\/#organization"},"potentialAction":[{"@type":"SearchAction","target":{"@type":"EntryPoint","urlTemplate":"https:\/\/printaberlin.de\/en\/?s={search_term_string}"},"query-input":{"@type":"PropertyValueSpecification","valueRequired":true,"valueName":"search_term_string"}}],"inLanguage":"en-US"},{"@type":"Organization","@id":"https:\/\/printaberlin.de\/en\/#organization","name":"Printa Berlin","url":"https:\/\/printaberlin.de\/en\/","logo":{"@type":"ImageObject","inLanguage":"en-US","@id":"https:\/\/printaberlin.de\/en\/#\/schema\/logo\/image\/","url":"https:\/\/printaberlin.de\/wp-content\/uploads\/2025\/03\/csdsdcdsc.png","contentUrl":"https:\/\/printaberlin.de\/wp-content\/uploads\/2025\/03\/csdsdcdsc.png","width":512,"height":512,"caption":"Printa Berlin"},"image":{"@id":"https:\/\/printaberlin.de\/en\/#\/schema\/logo\/image\/"},"sameAs":["https:\/\/www.instagram.com\/printaberlin\/"]}]},"og_availability":"instock","product_availability":"instock","product_retailer_item_id":"PR04","product_condition":"new"},"_links":{"self":[{"href":"https:\/\/printaberlin.de\/en\/wp-json\/wp\/v2\/product\/25845","targetHints":{"allow":["GET"]}}],"collection":[{"href":"https:\/\/printaberlin.de\/en\/wp-json\/wp\/v2\/product"}],"about":[{"href":"https:\/\/printaberlin.de\/en\/wp-json\/wp\/v2\/types\/product"}],"replies":[{"embeddable":true,"href":"https:\/\/printaberlin.de\/en\/wp-json\/wp\/v2\/comments?post=25845"}],"wp:featuredmedia":[{"embeddable":true,"href":"https:\/\/printaberlin.de\/en\/wp-json\/wp\/v2\/media\/26374"}],"wp:attachment":[{"href":"https:\/\/printaberlin.de\/en\/wp-json\/wp\/v2\/media?parent=25845"}],"wp:term":[{"taxonomy":"product_brand","embeddable":true,"href":"https:\/\/printaberlin.de\/en\/wp-json\/wp\/v2\/product_brand?post=25845"},{"taxonomy":"product_cat","embeddable":true,"href":"https:\/\/printaberlin.de\/en\/wp-json\/wp\/v2\/product_cat?post=25845"},{"taxonomy":"product_tag","embeddable":true,"href":"https:\/\/printaberlin.de\/en\/wp-json\/wp\/v2\/product_tag?post=25845"},{"taxonomy":"producproduct-categroyt-categroy","embeddable":true,"href":"https:\/\/printaberlin.de\/en\/wp-json\/wp\/v2\/producproduct-categroyt-categroy?post=25845"}],"curies":[{"name":"wp","href":"https:\/\/api.w.org\/{rel}","templated":true}]}}