{"id":25834,"date":"2025-03-06T23:53:52","date_gmt":"2025-03-06T23:53:52","guid":{"rendered":"https:\/\/printaberlin.de\/product\/blaster-2-0-oversized-t-shirt\/"},"modified":"2025-09-21T20:36:35","modified_gmt":"2025-09-21T20:36:35","slug":"blaster-2-0-oversized-t-shirt","status":"publish","type":"product","link":"https:\/\/printaberlin.de\/en\/product\/blaster-2-0-oversized-t-shirt\/","title":{"rendered":"Blaster 2.0 Oversized"},"content":{"rendered":"<div class=\"mb-3\">\n<h3 data-start=\"0\" data-end=\"65\"><strong data-start=\"0\" data-end=\"65\">Blaster 2.0 Oversized T-Shirt: Stylisch, Bequem und Anpassbar<\/strong><\/h3>\n<p class=\"\" data-start=\"67\" data-end=\"684\">Das <strong data-start=\"71\" data-end=\"104\">Blaster 2.0 Oversized T-Shirt<\/strong> ist die perfekte Wahl f\u00fcr alle, die modernen Street Style mit Nachhaltigkeit kombinieren m\u00f6chten. Mit seinem coolen Stehkragen, den herabgesetzten Schultern und der lockeren Passform bietet dieses oversized T-Shirt einen l\u00e4ssigen urbanen Look. Das T-Shirt besteht aus 100% gek\u00e4mmter ringgesponnener Bio-Baumwolle und hat einen komfortablen, weichen Griff, w\u00e4hrend der 1&#215;1 Rippstrick-Mockneck-Kragen und die doppelt gen\u00e4hten \u00c4rmel und S\u00e4ume f\u00fcr zus\u00e4tzliche Haltbarkeit sorgen. Der Singlejersey-Stoff mit einem Gewicht von 200 g\/m\u00b2 macht es ideal f\u00fcr verschiedenste Drucktechniken.<\/p>\n<h4 data-start=\"686\" data-end=\"738\"><strong data-start=\"686\" data-end=\"738\">Hauptmerkmale des Blaster 2.0 Oversized T-Shirts<\/strong><\/h4>\n<ul data-start=\"740\" data-end=\"1129\">\n<li class=\"\" data-start=\"740\" data-end=\"791\">\n<p class=\"\" data-start=\"742\" data-end=\"791\"><strong data-start=\"742\" data-end=\"763\">Eingesetzte \u00c4rmel<\/strong> f\u00fcr eine moderne Passform<\/p>\n<\/li>\n<li class=\"\" data-start=\"792\" data-end=\"849\">\n<p class=\"\" data-start=\"794\" data-end=\"849\"><strong data-start=\"794\" data-end=\"822\">\u00dcberschnittene Schultern<\/strong> f\u00fcr einen trendigen Look<\/p>\n<\/li>\n<li class=\"\" data-start=\"850\" data-end=\"913\">\n<p class=\"\" data-start=\"852\" data-end=\"913\"><strong data-start=\"852\" data-end=\"886\">1&#215;1 Rippstrick-Mockneck-Kragen<\/strong> f\u00fcr zus\u00e4tzlichen Komfort<\/p>\n<\/li>\n<li class=\"\" data-start=\"914\" data-end=\"972\">\n<p class=\"\" data-start=\"916\" data-end=\"972\"><strong data-start=\"916\" data-end=\"946\">Nackenband innen am R\u00fccken<\/strong> f\u00fcr ein sauberes Finish<\/p>\n<\/li>\n<li class=\"\" data-start=\"973\" data-end=\"1047\">\n<p class=\"\" data-start=\"975\" data-end=\"1047\"><strong data-start=\"975\" data-end=\"1019\">Doppelnadelsteppstich an \u00c4rmeln und Saum<\/strong> f\u00fcr eine hohe Haltbarkeit<\/p>\n<\/li>\n<li class=\"\" data-start=\"1048\" data-end=\"1129\">\n<p class=\"\" data-start=\"1050\" data-end=\"1129\"><strong data-start=\"1050\" data-end=\"1069\">Zusammensetzung<\/strong>: 100% gek\u00e4mmte ringgesponnene Bio-Baumwolle, Vorgewaschen<\/p>\n<\/li>\n<\/ul>\n<h4 data-start=\"1131\" data-end=\"1198\"><strong data-start=\"1131\" data-end=\"1198\">Custom Printing Services for Your Blaster 2.0 Oversized T-Shirt<\/strong><\/h4>\n<p class=\"\" data-start=\"1200\" data-end=\"1373\">Verleihen Sie Ihrem <strong data-start=\"1220\" data-end=\"1253\">Blaster 2.0<\/strong>\u00a0eine pers\u00f6nliche Note mit unseren professionellen <strong data-start=\"1304\" data-end=\"1329\">Druckdienstleistungen<\/strong>. Wir bieten verschiedene Drucktechniken an:<\/p>\n<ul data-start=\"1375\" data-end=\"1579\">\n<li class=\"\" data-start=\"1375\" data-end=\"1435\">\n<p class=\"\" data-start=\"1377\" data-end=\"1435\"><strong data-start=\"1377\" data-end=\"1390\">DTF-Druck<\/strong>: Perfekt f\u00fcr lebendige, langlebige Designs<\/p>\n<\/li>\n<li class=\"\" data-start=\"1436\" data-end=\"1504\">\n<p class=\"\" data-start=\"1438\" data-end=\"1504\"><strong data-start=\"1438\" data-end=\"1451\">Siebdruck<\/strong>: Ideal f\u00fcr kr\u00e4ftige Logos und gro\u00dffl\u00e4chige Designs<\/p>\n<\/li>\n<li class=\"\" data-start=\"1505\" data-end=\"1579\">\n<p class=\"\" data-start=\"1507\" data-end=\"1579\"><strong data-start=\"1507\" data-end=\"1520\">Stickerei<\/strong>: Verleiht Ihrem Design ein edles, professionelles Finish<\/p>\n<\/li>\n<\/ul>\n<h4 data-start=\"1581\" data-end=\"1632\"><strong data-start=\"1581\" data-end=\"1632\">Warum das Blaster 2.0?<\/strong><\/h4>\n<p class=\"\" data-start=\"1634\" data-end=\"2015\">Das <strong data-start=\"1638\" data-end=\"1671\">Blaster 2.0<\/strong>\u00a0ist die ideale Wahl f\u00fcr alle, die ein stilvolles, nachhaltiges T-Shirt suchen. Mit seiner modernen Passform und dem hochwertigem Bio-Baumwollmaterial bietet es sowohl Komfort als auch Langlebigkeit. Unsere <strong data-start=\"1878\" data-end=\"1903\">Druckdienstleistungen<\/strong> machen es einfach, Ihr einzigartiges Design hinzuzuf\u00fcgen, um es zu einem pers\u00f6nlichen Mode-Statement zu machen.<\/p>\n<div class=\"wysiwyg lg:wysiwyg-lg\">\n<div><\/div>\n<\/div>\n<\/div>\n<div class=\"mb-3\">\n<div class=\"child-p:mb-2 last:child-p:mb-0\">\n<div class=\"child-p:mb-2 last:child-p:mb-0\"><\/div>\n<\/div>\n<\/div>\n","protected":false},"excerpt":{"rendered":"<div class=\"mb-3\">\n<article class=\"w-full text-token-text-primary\" dir=\"auto\" data-testid=\"conversation-turn-120\" data-scroll-anchor=\"true\">\n<div class=\"text-base my-auto mx-auto py-5 px-6\">\n<div class=\"mx-auto flex flex-1 text-base gap-4 md:gap-5 lg:gap-6 md:max-w-3xl lg:max-w-[40rem] xl:max-w-[48rem] group\/turn-messages focus-visible:outline-none\" tabindex=\"-1\">\n<div class=\"group\/conversation-turn relative flex w-full min-w-0 flex-col agent-turn @xs\/thread:px-0 @sm\/thread:px-1.5 @md\/thread:px-4\">\n<div class=\"relative flex-col gap-1 md:gap-3\">\n<div class=\"flex max-w-full flex-col flex-grow\">\n<div class=\"min-h-8 text-message relative flex w-full flex-col items-end gap-2 whitespace-normal break-words text-start [.text-message+&amp;]:mt-5\" dir=\"auto\" data-message-author-role=\"assistant\" data-message-id=\"df5a6e1e-4ce4-4ed0-9fb5-eb1c7ab985a1\" data-message-model-slug=\"gpt-4o-mini\">\n<div class=\"flex w-full flex-col gap-1 empty:hidden first:pt-[3px]\">\n<div class=\"markdown prose w-full break-words dark:prose-invert light\">\n<p class=\"\" data-start=\"0\" data-end=\"78\">Stylisches oversized T-Shirt aus Bio-Baumwolle, ideal f\u00fcr individuelle Drucke.<br \/>\n<strong>By Stanley Stella<\/strong><\/p>\n<\/div>\n<\/div>\n<\/div>\n<\/div>\n<\/div>\n<\/div>\n<\/div>\n<\/div>\n<\/article>\n<\/div>\n","protected":false},"featured_media":26376,"comment_status":"open","ping_status":"closed","template":"","meta":{"nf_dc_page":""},"product_brand":[32],"product_cat":[431,428],"product_tag":[430],"producproduct-categroyt-categroy":[],"class_list":{"0":"post-25834","1":"product","2":"type-product","3":"status-publish","4":"has-post-thumbnail","6":"product_brand-stanley-stella","7":"product_cat-oversized-hoodie-bedrucken","8":"product_cat-t-shirt-bedrucken","9":"product_tag-unisex","11":"first","12":"instock","13":"shipping-taxable","14":"purchasable","15":"product-type-variable","16":"has-default-attributes","17":"wvs-archive-product-wrapper"},"yoast_head":"<!-- This site is optimized with the Yoast SEO Premium plugin v24.6 (Yoast SEO v27.4) - https:\/\/yoast.com\/product\/yoast-seo-premium-wordpress\/ -->\n<title>Blaster 2.0 Oversized T-Shirt | Printa Berlin | Textilien und T-Shirts Bedrucken<\/title>\n<meta name=\"description\" content=\"Das Blaster 2.0 Oversized T-Shirt ist nachhaltig, stylisch und bequem. Personalisieren Sie es mit DTF-Druck, Siebdruck oder Stickerei.\" \/>\n<meta name=\"robots\" content=\"index, follow, max-snippet:-1, max-image-preview:large, max-video-preview:-1\" \/>\n<link rel=\"canonical\" href=\"https:\/\/printaberlin.de\/en\/product\/blaster-2-0-oversized-t-shirt\/\" \/>\n<meta property=\"og:locale\" content=\"en_US\" \/>\n<meta property=\"og:type\" content=\"article\" \/>\n<meta property=\"og:title\" content=\"Blaster 2.0 Oversized\" \/>\n<meta property=\"og:description\" content=\"Das Blaster 2.0 Oversized T-Shirt ist nachhaltig, stylisch und bequem. Personalisieren Sie es mit DTF-Druck, Siebdruck oder Stickerei.\" \/>\n<meta property=\"og:url\" content=\"https:\/\/printaberlin.de\/en\/product\/blaster-2-0-oversized-t-shirt\/\" \/>\n<meta property=\"og:site_name\" content=\"Printa Berlin | Textilien und T-Shirts Bedrucken\" \/>\n<meta property=\"article:modified_time\" content=\"2025-09-21T20:36:35+00:00\" \/>\n<meta property=\"og:image\" content=\"https:\/\/printaberlin.de\/wp-content\/uploads\/2025\/09\/dfg-hdfgh-.png\" \/>\n\t<meta property=\"og:image:width\" content=\"292\" \/>\n\t<meta property=\"og:image:height\" content=\"365\" \/>\n\t<meta property=\"og:image:type\" content=\"image\/png\" \/>\n<meta name=\"twitter:card\" content=\"summary_large_image\" \/>\n<meta name=\"twitter:label1\" content=\"Availability\" \/>\n\t<meta name=\"twitter:data1\" content=\"In stock\" \/>\n<script type=\"application\/ld+json\" class=\"yoast-schema-graph\">{\"@context\":\"https:\\\/\\\/schema.org\",\"@graph\":[{\"@type\":\"WebPage\",\"@id\":\"https:\\\/\\\/printaberlin.de\\\/en\\\/product\\\/blaster-2-0-oversized-t-shirt\\\/\",\"url\":\"https:\\\/\\\/printaberlin.de\\\/en\\\/product\\\/blaster-2-0-oversized-t-shirt\\\/\",\"name\":\"Blaster 2.0 Oversized T-Shirt | Printa Berlin | Textilien und T-Shirts Bedrucken\",\"isPartOf\":{\"@id\":\"https:\\\/\\\/printaberlin.de\\\/en\\\/#website\"},\"primaryImageOfPage\":{\"@id\":\"https:\\\/\\\/printaberlin.de\\\/en\\\/product\\\/blaster-2-0-oversized-t-shirt\\\/#primaryimage\"},\"image\":{\"@id\":\"https:\\\/\\\/printaberlin.de\\\/en\\\/product\\\/blaster-2-0-oversized-t-shirt\\\/#primaryimage\"},\"thumbnailUrl\":\"https:\\\/\\\/printaberlin.de\\\/wp-content\\\/uploads\\\/2025\\\/09\\\/dfg-hdfgh-.png\",\"datePublished\":\"2025-03-06T23:53:52+00:00\",\"dateModified\":\"2025-09-21T20:36:35+00:00\",\"description\":\"Das Blaster 2.0 Oversized T-Shirt ist nachhaltig, stylisch und bequem. Personalisieren Sie es mit DTF-Druck, Siebdruck oder Stickerei.\",\"breadcrumb\":{\"@id\":\"https:\\\/\\\/printaberlin.de\\\/en\\\/product\\\/blaster-2-0-oversized-t-shirt\\\/#breadcrumb\"},\"inLanguage\":\"en-US\",\"potentialAction\":[{\"@type\":\"ReadAction\",\"target\":[\"https:\\\/\\\/printaberlin.de\\\/en\\\/product\\\/blaster-2-0-oversized-t-shirt\\\/\"]}]},{\"@type\":\"ImageObject\",\"inLanguage\":\"en-US\",\"@id\":\"https:\\\/\\\/printaberlin.de\\\/en\\\/product\\\/blaster-2-0-oversized-t-shirt\\\/#primaryimage\",\"url\":\"https:\\\/\\\/printaberlin.de\\\/wp-content\\\/uploads\\\/2025\\\/09\\\/dfg-hdfgh-.png\",\"contentUrl\":\"https:\\\/\\\/printaberlin.de\\\/wp-content\\\/uploads\\\/2025\\\/09\\\/dfg-hdfgh-.png\",\"width\":292,\"height\":365},{\"@type\":\"BreadcrumbList\",\"@id\":\"https:\\\/\\\/printaberlin.de\\\/en\\\/product\\\/blaster-2-0-oversized-t-shirt\\\/#breadcrumb\",\"itemListElement\":[{\"@type\":\"ListItem\",\"position\":1,\"name\":\"Home\",\"item\":\"https:\\\/\\\/printaberlin.de\\\/en\\\/\"},{\"@type\":\"ListItem\",\"position\":2,\"name\":\"Shop\",\"item\":\"https:\\\/\\\/printaberlin.de\\\/en\\\/shop\\\/\"},{\"@type\":\"ListItem\",\"position\":3,\"name\":\"Blaster 2.0 Oversized\"}]},{\"@type\":\"WebSite\",\"@id\":\"https:\\\/\\\/printaberlin.de\\\/en\\\/#website\",\"url\":\"https:\\\/\\\/printaberlin.de\\\/en\\\/\",\"name\":\"Printa Berlin | Textilien und T-Shirts Bedrucken\",\"description\":\"Entdecken Sie Printa Berlin \u2013 Ihr Experte f\u00fcr personalisierten Druck! T-Shirts, Poloshirts, Hoodies, Sweatshirts, Taschen, Caps und mehr.\",\"publisher\":{\"@id\":\"https:\\\/\\\/printaberlin.de\\\/en\\\/#organization\"},\"potentialAction\":[{\"@type\":\"SearchAction\",\"target\":{\"@type\":\"EntryPoint\",\"urlTemplate\":\"https:\\\/\\\/printaberlin.de\\\/en\\\/?s={search_term_string}\"},\"query-input\":{\"@type\":\"PropertyValueSpecification\",\"valueRequired\":true,\"valueName\":\"search_term_string\"}}],\"inLanguage\":\"en-US\"},{\"@type\":\"Organization\",\"@id\":\"https:\\\/\\\/printaberlin.de\\\/en\\\/#organization\",\"name\":\"Printa Berlin\",\"url\":\"https:\\\/\\\/printaberlin.de\\\/en\\\/\",\"logo\":{\"@type\":\"ImageObject\",\"inLanguage\":\"en-US\",\"@id\":\"https:\\\/\\\/printaberlin.de\\\/en\\\/#\\\/schema\\\/logo\\\/image\\\/\",\"url\":\"https:\\\/\\\/printaberlin.de\\\/wp-content\\\/uploads\\\/2025\\\/03\\\/csdsdcdsc.png\",\"contentUrl\":\"https:\\\/\\\/printaberlin.de\\\/wp-content\\\/uploads\\\/2025\\\/03\\\/csdsdcdsc.png\",\"width\":512,\"height\":512,\"caption\":\"Printa Berlin\"},\"image\":{\"@id\":\"https:\\\/\\\/printaberlin.de\\\/en\\\/#\\\/schema\\\/logo\\\/image\\\/\"},\"sameAs\":[\"https:\\\/\\\/www.instagram.com\\\/printaberlin\\\/\"]}]}<\/script>\n<meta property=\"og:availability\" content=\"instock\" \/>\n<meta property=\"product:availability\" content=\"instock\" \/>\n<meta property=\"product:retailer_item_id\" content=\"PR05\" \/>\n<meta property=\"product:condition\" content=\"new\" \/>\n<!-- \/ Yoast SEO Premium plugin. -->","yoast_head_json":{"title":"Blaster 2.0 Oversized T-Shirt | Printa Berlin | Textilien und T-Shirts Bedrucken","description":"Das Blaster 2.0 Oversized T-Shirt ist nachhaltig, stylisch und bequem. Personalisieren Sie es mit DTF-Druck, Siebdruck oder Stickerei.","robots":{"index":"index","follow":"follow","max-snippet":"max-snippet:-1","max-image-preview":"max-image-preview:large","max-video-preview":"max-video-preview:-1"},"canonical":"https:\/\/printaberlin.de\/en\/product\/blaster-2-0-oversized-t-shirt\/","og_locale":"en_US","og_type":"article","og_title":"Blaster 2.0 Oversized","og_description":"Das Blaster 2.0 Oversized T-Shirt ist nachhaltig, stylisch und bequem. Personalisieren Sie es mit DTF-Druck, Siebdruck oder Stickerei.","og_url":"https:\/\/printaberlin.de\/en\/product\/blaster-2-0-oversized-t-shirt\/","og_site_name":"Printa Berlin | Textilien und T-Shirts Bedrucken","article_modified_time":"2025-09-21T20:36:35+00:00","og_image":[{"width":292,"height":365,"url":"https:\/\/printaberlin.de\/wp-content\/uploads\/2025\/09\/dfg-hdfgh-.png","type":"image\/png"}],"twitter_card":"summary_large_image","twitter_misc":{"Availability":"In stock"},"schema":{"@context":"https:\/\/schema.org","@graph":[{"@type":"WebPage","@id":"https:\/\/printaberlin.de\/en\/product\/blaster-2-0-oversized-t-shirt\/","url":"https:\/\/printaberlin.de\/en\/product\/blaster-2-0-oversized-t-shirt\/","name":"Blaster 2.0 Oversized T-Shirt | Printa Berlin | Textilien und T-Shirts Bedrucken","isPartOf":{"@id":"https:\/\/printaberlin.de\/en\/#website"},"primaryImageOfPage":{"@id":"https:\/\/printaberlin.de\/en\/product\/blaster-2-0-oversized-t-shirt\/#primaryimage"},"image":{"@id":"https:\/\/printaberlin.de\/en\/product\/blaster-2-0-oversized-t-shirt\/#primaryimage"},"thumbnailUrl":"https:\/\/printaberlin.de\/wp-content\/uploads\/2025\/09\/dfg-hdfgh-.png","datePublished":"2025-03-06T23:53:52+00:00","dateModified":"2025-09-21T20:36:35+00:00","description":"Das Blaster 2.0 Oversized T-Shirt ist nachhaltig, stylisch und bequem. Personalisieren Sie es mit DTF-Druck, Siebdruck oder Stickerei.","breadcrumb":{"@id":"https:\/\/printaberlin.de\/en\/product\/blaster-2-0-oversized-t-shirt\/#breadcrumb"},"inLanguage":"en-US","potentialAction":[{"@type":"ReadAction","target":["https:\/\/printaberlin.de\/en\/product\/blaster-2-0-oversized-t-shirt\/"]}]},{"@type":"ImageObject","inLanguage":"en-US","@id":"https:\/\/printaberlin.de\/en\/product\/blaster-2-0-oversized-t-shirt\/#primaryimage","url":"https:\/\/printaberlin.de\/wp-content\/uploads\/2025\/09\/dfg-hdfgh-.png","contentUrl":"https:\/\/printaberlin.de\/wp-content\/uploads\/2025\/09\/dfg-hdfgh-.png","width":292,"height":365},{"@type":"BreadcrumbList","@id":"https:\/\/printaberlin.de\/en\/product\/blaster-2-0-oversized-t-shirt\/#breadcrumb","itemListElement":[{"@type":"ListItem","position":1,"name":"Home","item":"https:\/\/printaberlin.de\/en\/"},{"@type":"ListItem","position":2,"name":"Shop","item":"https:\/\/printaberlin.de\/en\/shop\/"},{"@type":"ListItem","position":3,"name":"Blaster 2.0 Oversized"}]},{"@type":"WebSite","@id":"https:\/\/printaberlin.de\/en\/#website","url":"https:\/\/printaberlin.de\/en\/","name":"Printa Berlin | Textilien und T-Shirts Bedrucken","description":"Entdecken Sie Printa Berlin \u2013 Ihr Experte f\u00fcr personalisierten Druck! T-Shirts, Poloshirts, Hoodies, Sweatshirts, Taschen, Caps und mehr.","publisher":{"@id":"https:\/\/printaberlin.de\/en\/#organization"},"potentialAction":[{"@type":"SearchAction","target":{"@type":"EntryPoint","urlTemplate":"https:\/\/printaberlin.de\/en\/?s={search_term_string}"},"query-input":{"@type":"PropertyValueSpecification","valueRequired":true,"valueName":"search_term_string"}}],"inLanguage":"en-US"},{"@type":"Organization","@id":"https:\/\/printaberlin.de\/en\/#organization","name":"Printa Berlin","url":"https:\/\/printaberlin.de\/en\/","logo":{"@type":"ImageObject","inLanguage":"en-US","@id":"https:\/\/printaberlin.de\/en\/#\/schema\/logo\/image\/","url":"https:\/\/printaberlin.de\/wp-content\/uploads\/2025\/03\/csdsdcdsc.png","contentUrl":"https:\/\/printaberlin.de\/wp-content\/uploads\/2025\/03\/csdsdcdsc.png","width":512,"height":512,"caption":"Printa Berlin"},"image":{"@id":"https:\/\/printaberlin.de\/en\/#\/schema\/logo\/image\/"},"sameAs":["https:\/\/www.instagram.com\/printaberlin\/"]}]},"og_availability":"instock","product_availability":"instock","product_retailer_item_id":"PR05","product_condition":"new"},"_links":{"self":[{"href":"https:\/\/printaberlin.de\/en\/wp-json\/wp\/v2\/product\/25834","targetHints":{"allow":["GET"]}}],"collection":[{"href":"https:\/\/printaberlin.de\/en\/wp-json\/wp\/v2\/product"}],"about":[{"href":"https:\/\/printaberlin.de\/en\/wp-json\/wp\/v2\/types\/product"}],"replies":[{"embeddable":true,"href":"https:\/\/printaberlin.de\/en\/wp-json\/wp\/v2\/comments?post=25834"}],"wp:featuredmedia":[{"embeddable":true,"href":"https:\/\/printaberlin.de\/en\/wp-json\/wp\/v2\/media\/26376"}],"wp:attachment":[{"href":"https:\/\/printaberlin.de\/en\/wp-json\/wp\/v2\/media?parent=25834"}],"wp:term":[{"taxonomy":"product_brand","embeddable":true,"href":"https:\/\/printaberlin.de\/en\/wp-json\/wp\/v2\/product_brand?post=25834"},{"taxonomy":"product_cat","embeddable":true,"href":"https:\/\/printaberlin.de\/en\/wp-json\/wp\/v2\/product_cat?post=25834"},{"taxonomy":"product_tag","embeddable":true,"href":"https:\/\/printaberlin.de\/en\/wp-json\/wp\/v2\/product_tag?post=25834"},{"taxonomy":"producproduct-categroyt-categroy","embeddable":true,"href":"https:\/\/printaberlin.de\/en\/wp-json\/wp\/v2\/producproduct-categroyt-categroy?post=25834"}],"curies":[{"name":"wp","href":"https:\/\/api.w.org\/{rel}","templated":true}]}}