{"id":25823,"date":"2025-03-08T10:54:06","date_gmt":"2025-03-08T10:54:06","guid":{"rendered":"https:\/\/printaberlin.de\/product\/original-polo\/"},"modified":"2025-09-21T20:36:35","modified_gmt":"2025-09-21T20:36:35","slug":"original-polo","status":"publish","type":"product","link":"https:\/\/printaberlin.de\/en\/product\/original-polo\/","title":{"rendered":"Original Polo"},"content":{"rendered":"<div class=\"mb-3\">\n<h3 data-start=\"0\" data-end=\"50\"><strong data-start=\"0\" data-end=\"50\">Original Polo: Klassisch, Bequem und Anpassbar<\/strong><\/h3>\n<p class=\"\" data-start=\"52\" data-end=\"565\">Das <strong data-start=\"56\" data-end=\"73\">Original Polo<\/strong> von Fruit of the Loom bietet klassischen Stil, hervorragenden Tragekomfort und eine ideale Basis f\u00fcr individuelle Designs. Hergestellt aus 100 % Baumwolle (mit Ausnahme von Heather Grey, das 98 % Baumwolle und 2 % Polyester enth\u00e4lt), kombiniert dieses Polo leichte, aber robuste Materialien mit einer perfekten Passform. Mit einem Gewicht von 175 g\/m\u00b2 (f\u00fcr wei\u00dfe Farben) und 185 g\/m\u00b2 (f\u00fcr andere Farben) ist es leicht genug f\u00fcr den Sommer, bietet jedoch gleichzeitig Haltbarkeit und Komfort.<\/p>\n<p class=\"\" data-start=\"567\" data-end=\"1043\">Das <strong data-start=\"571\" data-end=\"588\">Original Polo<\/strong> verf\u00fcgt \u00fcber einen klassischen Schnitt und Seitennahtverarbeitung, die f\u00fcr eine verbesserte Passform sorgen. Die verst\u00e4rkte Knopfleiste mit zwei Kn\u00f6pfen in passender K\u00f6rperfarbe verleiht dem Polo eine elegante Note. Das Polo ist in den Gr\u00f6\u00dfen S bis 3XL erh\u00e4ltlich, was es zu einer gro\u00dfartigen Wahl f\u00fcr eine Vielzahl von K\u00f6rpergr\u00f6\u00dfen macht. Es eignet sich sowohl f\u00fcr den privaten Gebrauch als auch f\u00fcr die Personalisierung mit <strong data-start=\"1015\" data-end=\"1024\">Druck<\/strong> und <strong data-start=\"1029\" data-end=\"1042\">Stickerei<\/strong>.<\/p>\n<p class=\"\" data-start=\"1045\" data-end=\"1253\">Das Polo verf\u00fcgt \u00fcber ein Tear-away-Etikett, das eine einfache Neupersonalisation erm\u00f6glicht und die Flexibilit\u00e4t f\u00fcr Ihr Design bietet. Es ist auch pflegeleicht und kann bei oder unter 40\u00b0C gewaschen werden.<\/p>\n<h4 data-start=\"1255\" data-end=\"1290\"><strong data-start=\"1255\" data-end=\"1290\">Hauptmerkmale des Original Polo<\/strong><\/h4>\n<ul data-start=\"1292\" data-end=\"1764\">\n<li class=\"\" data-start=\"1292\" data-end=\"1362\">\n<p class=\"\" data-start=\"1294\" data-end=\"1362\"><strong data-start=\"1294\" data-end=\"1313\">100 % Baumwolle<\/strong> (au\u00dfer Heather Grey) f\u00fcr eine angenehme Textur<\/p>\n<\/li>\n<li class=\"\" data-start=\"1363\" data-end=\"1421\">\n<p class=\"\" data-start=\"1365\" data-end=\"1421\"><strong data-start=\"1365\" data-end=\"1376\">Gewicht<\/strong>: 175 g\/m\u00b2 (wei\u00df), 185 g\/m\u00b2 (andere Farben)<\/p>\n<\/li>\n<li class=\"\" data-start=\"1422\" data-end=\"1475\">\n<p class=\"\" data-start=\"1424\" data-end=\"1475\"><strong data-start=\"1424\" data-end=\"1447\">Klassischer Schnitt<\/strong> f\u00fcr eine bequeme Passform<\/p>\n<\/li>\n<li class=\"\" data-start=\"1476\" data-end=\"1530\">\n<p class=\"\" data-start=\"1478\" data-end=\"1530\"><strong data-start=\"1478\" data-end=\"1494\">Piqu\u00e9-Gewebe<\/strong> f\u00fcr eine atmungsaktive Oberfl\u00e4che<\/p>\n<\/li>\n<li class=\"\" data-start=\"1531\" data-end=\"1580\">\n<p class=\"\" data-start=\"1533\" data-end=\"1580\"><strong data-start=\"1533\" data-end=\"1548\">Seitenn\u00e4hte<\/strong> f\u00fcr eine verbesserte Passform<\/p>\n<\/li>\n<li class=\"\" data-start=\"1581\" data-end=\"1653\">\n<p class=\"\" data-start=\"1583\" data-end=\"1653\"><strong data-start=\"1583\" data-end=\"1609\">Verst\u00e4rkte Knopfleiste<\/strong> mit zwei Kn\u00f6pfen in passender K\u00f6rperfarbe<\/p>\n<\/li>\n<li class=\"\" data-start=\"1654\" data-end=\"1711\">\n<p class=\"\" data-start=\"1656\" data-end=\"1711\"><strong data-start=\"1656\" data-end=\"1677\">Tear-away-Etikett<\/strong> f\u00fcr einfache Neupersonalisation<\/p>\n<\/li>\n<li class=\"\" data-start=\"1712\" data-end=\"1764\">\n<p class=\"\" data-start=\"1714\" data-end=\"1764\"><strong data-start=\"1714\" data-end=\"1742\">Waschbar bei bis zu 40\u00b0C<\/strong> f\u00fcr einfache Pflege<\/p>\n<\/li>\n<\/ul>\n<h4 data-start=\"1766\" data-end=\"1826\"><strong data-start=\"1766\" data-end=\"1826\">Individuelle Druckdienstleistungen f\u00fcr Ihr Original Polo<\/strong><\/h4>\n<p class=\"\" data-start=\"1828\" data-end=\"2011\">Verleihen Sie Ihrem <strong data-start=\"1848\" data-end=\"1865\">Original Polo<\/strong> eine pers\u00f6nliche Note mit unseren professionellen <strong data-start=\"1916\" data-end=\"1941\">Druckdienstleistungen<\/strong>. Wir bieten verschiedene Techniken, um Ihr Design perfekt umzusetzen:<\/p>\n<ul data-start=\"2013\" data-end=\"2210\">\n<li class=\"\" data-start=\"2013\" data-end=\"2071\">\n<p class=\"\" data-start=\"2015\" data-end=\"2071\"><strong data-start=\"2015\" data-end=\"2028\">DTF-Druck<\/strong>: Ideal f\u00fcr lebendige, langlebige Designs<\/p>\n<\/li>\n<li class=\"\" data-start=\"2072\" data-end=\"2143\">\n<p class=\"\" data-start=\"2074\" data-end=\"2143\"><strong data-start=\"2074\" data-end=\"2087\">Siebdruck<\/strong>: Perfekt f\u00fcr kr\u00e4ftige, gro\u00dffl\u00e4chige Logos und Designs<\/p>\n<\/li>\n<li class=\"\" data-start=\"2144\" data-end=\"2210\">\n<p class=\"\" data-start=\"2146\" data-end=\"2210\"><strong data-start=\"2146\" data-end=\"2159\">Stickerei<\/strong>: Verleiht Ihrem Polo eine edle, hochwertige Note<\/p>\n<\/li>\n<\/ul>\n<h4 data-start=\"2212\" data-end=\"2247\"><strong data-start=\"2212\" data-end=\"2247\">Warum das Original Polo w\u00e4hlen?<\/strong><\/h4>\n<p class=\"\" data-start=\"2249\" data-end=\"2645\">Das <strong data-start=\"2253\" data-end=\"2270\">Original Polo<\/strong> bietet nicht nur hervorragenden Komfort und eine perfekte Passform, sondern ist auch die ideale Wahl f\u00fcr die Personalisierung. Es eignet sich hervorragend f\u00fcr Unternehmen, Veranstaltungen oder als individuelles Geschenk. Mit seiner ausgezeichneten Oberfl\u00e4che f\u00fcr <strong data-start=\"2534\" data-end=\"2543\">Druck<\/strong> und <strong data-start=\"2548\" data-end=\"2561\">Stickerei<\/strong> k\u00f6nnen Sie Ihr Design umsetzen und es zu einem einzigartigen Kleidungsst\u00fcck machen.<\/p>\n<h5 class=\"flex flex-col font-medium gap-4 after:w-[20px] after:h-[1px] after:content-[''] after:bg-primary mb-4 text-xl lg:text-2xl\"><img decoding=\"async\" class=\"alignnone size-medium wp-image-7420\" style=\"font-family: -apple-system, BlinkMacSystemFont, 'Segoe UI', Roboto, 'Helvetica Neue', Arial, 'Noto Sans', sans-serif, 'Apple Color Emoji', 'Segoe UI Emoji', 'Segoe UI Symbol', 'Noto Color Emoji'; font-size: 16px;\" src=\"https:\/\/printaberlin.de\/staging\/2315\/wp-content\/uploads\/2025\/03\/eco-300x72.png\" alt=\"\" width=\"300\" height=\"72\" srcset=\"https:\/\/printaberlin.de\/wp-content\/uploads\/2025\/03\/eco-300x72.png 300w, https:\/\/printaberlin.de\/wp-content\/uploads\/2025\/03\/eco-1024x247.png 1024w, https:\/\/printaberlin.de\/wp-content\/uploads\/2025\/03\/eco-768x185.png 768w, https:\/\/printaberlin.de\/wp-content\/uploads\/2025\/03\/eco-260x63.png 260w, https:\/\/printaberlin.de\/wp-content\/uploads\/2025\/03\/eco-500x121.png 500w, https:\/\/printaberlin.de\/wp-content\/uploads\/2025\/03\/eco.png 1338w\" sizes=\"(max-width: 300px) 100vw, 300px\" \/><\/h5>\n<\/div>\n<div class=\"mb-3\">\n<div class=\"child-p:mb-2 last:child-p:mb-0\">\n<div class=\"child-p:mb-2 last:child-p:mb-0\"><\/div>\n<\/div>\n<\/div>\n","protected":false},"excerpt":{"rendered":"<div class=\"mb-3\">\n<p class=\"uppercase text-xs lg:text-sm font-bold mb-3\">Polo aus 100 % Baumwolle, klassischer Schnitt, ideal f\u00fcr Druck und Stickerei.<br \/>\n<strong>By Fruit Of The Loom<\/strong><\/p>\n<\/div>\n","protected":false},"featured_media":26378,"comment_status":"open","ping_status":"closed","template":"","meta":{"nf_dc_page":""},"product_brand":[48],"product_cat":[436],"product_tag":[435],"producproduct-categroyt-categroy":[],"class_list":{"0":"post-25823","1":"product","2":"type-product","3":"status-publish","4":"has-post-thumbnail","6":"product_brand-fruit-of-the-loom","7":"product_cat-poloshirt-bedrucken","8":"product_tag-unisexmen","10":"first","11":"instock","12":"shipping-taxable","13":"purchasable","14":"product-type-variable","15":"has-default-attributes","16":"wvs-archive-product-wrapper"},"yoast_head":"<!-- This site is optimized with the Yoast SEO Premium plugin v24.6 (Yoast SEO v27.4) - https:\/\/yoast.com\/product\/yoast-seo-premium-wordpress\/ -->\n<title>Original Polo | Printa Berlin | Textilien und T-Shirts Bedrucken<\/title>\n<meta name=\"description\" content=\"Das Original Polo aus 100 % Baumwolle bietet Komfort und Langlebigkeit. Personalisieren Sie es mit DTF-Druck, Siebdruck oder Stickerei.\" \/>\n<meta name=\"robots\" content=\"index, follow, max-snippet:-1, max-image-preview:large, max-video-preview:-1\" \/>\n<link rel=\"canonical\" href=\"https:\/\/printaberlin.de\/en\/product\/original-polo\/\" \/>\n<meta property=\"og:locale\" content=\"en_US\" \/>\n<meta property=\"og:type\" content=\"article\" \/>\n<meta property=\"og:title\" content=\"Original Polo\" \/>\n<meta property=\"og:description\" content=\"Das Original Polo aus 100 % Baumwolle bietet Komfort und Langlebigkeit. Personalisieren Sie es mit DTF-Druck, Siebdruck oder Stickerei.\" \/>\n<meta property=\"og:url\" content=\"https:\/\/printaberlin.de\/en\/product\/original-polo\/\" \/>\n<meta property=\"og:site_name\" content=\"Printa Berlin | Textilien und T-Shirts Bedrucken\" \/>\n<meta property=\"article:modified_time\" content=\"2025-09-21T20:36:35+00:00\" \/>\n<meta property=\"og:image\" content=\"https:\/\/printaberlin.de\/wp-content\/uploads\/2025\/09\/yrtyry.png\" \/>\n\t<meta property=\"og:image:width\" content=\"292\" \/>\n\t<meta property=\"og:image:height\" content=\"365\" \/>\n\t<meta property=\"og:image:type\" content=\"image\/png\" \/>\n<meta name=\"twitter:card\" content=\"summary_large_image\" \/>\n<meta name=\"twitter:label1\" content=\"Availability\" \/>\n\t<meta name=\"twitter:data1\" content=\"In stock\" \/>\n<script type=\"application\/ld+json\" class=\"yoast-schema-graph\">{\"@context\":\"https:\\\/\\\/schema.org\",\"@graph\":[{\"@type\":\"WebPage\",\"@id\":\"https:\\\/\\\/printaberlin.de\\\/en\\\/product\\\/original-polo\\\/\",\"url\":\"https:\\\/\\\/printaberlin.de\\\/en\\\/product\\\/original-polo\\\/\",\"name\":\"Original Polo | Printa Berlin | Textilien und T-Shirts Bedrucken\",\"isPartOf\":{\"@id\":\"https:\\\/\\\/printaberlin.de\\\/en\\\/#website\"},\"primaryImageOfPage\":{\"@id\":\"https:\\\/\\\/printaberlin.de\\\/en\\\/product\\\/original-polo\\\/#primaryimage\"},\"image\":{\"@id\":\"https:\\\/\\\/printaberlin.de\\\/en\\\/product\\\/original-polo\\\/#primaryimage\"},\"thumbnailUrl\":\"https:\\\/\\\/printaberlin.de\\\/wp-content\\\/uploads\\\/2025\\\/09\\\/yrtyry.png\",\"datePublished\":\"2025-03-08T10:54:06+00:00\",\"dateModified\":\"2025-09-21T20:36:35+00:00\",\"description\":\"Das Original Polo aus 100 % Baumwolle bietet Komfort und Langlebigkeit. Personalisieren Sie es mit DTF-Druck, Siebdruck oder Stickerei.\",\"breadcrumb\":{\"@id\":\"https:\\\/\\\/printaberlin.de\\\/en\\\/product\\\/original-polo\\\/#breadcrumb\"},\"inLanguage\":\"en-US\",\"potentialAction\":[{\"@type\":\"ReadAction\",\"target\":[\"https:\\\/\\\/printaberlin.de\\\/en\\\/product\\\/original-polo\\\/\"]}]},{\"@type\":\"ImageObject\",\"inLanguage\":\"en-US\",\"@id\":\"https:\\\/\\\/printaberlin.de\\\/en\\\/product\\\/original-polo\\\/#primaryimage\",\"url\":\"https:\\\/\\\/printaberlin.de\\\/wp-content\\\/uploads\\\/2025\\\/09\\\/yrtyry.png\",\"contentUrl\":\"https:\\\/\\\/printaberlin.de\\\/wp-content\\\/uploads\\\/2025\\\/09\\\/yrtyry.png\",\"width\":292,\"height\":365},{\"@type\":\"BreadcrumbList\",\"@id\":\"https:\\\/\\\/printaberlin.de\\\/en\\\/product\\\/original-polo\\\/#breadcrumb\",\"itemListElement\":[{\"@type\":\"ListItem\",\"position\":1,\"name\":\"Home\",\"item\":\"https:\\\/\\\/printaberlin.de\\\/en\\\/\"},{\"@type\":\"ListItem\",\"position\":2,\"name\":\"Shop\",\"item\":\"https:\\\/\\\/printaberlin.de\\\/en\\\/shop\\\/\"},{\"@type\":\"ListItem\",\"position\":3,\"name\":\"Original Polo\"}]},{\"@type\":\"WebSite\",\"@id\":\"https:\\\/\\\/printaberlin.de\\\/en\\\/#website\",\"url\":\"https:\\\/\\\/printaberlin.de\\\/en\\\/\",\"name\":\"Printa Berlin | Textilien und T-Shirts Bedrucken\",\"description\":\"Entdecken Sie Printa Berlin \u2013 Ihr Experte f\u00fcr personalisierten Druck! T-Shirts, Poloshirts, Hoodies, Sweatshirts, Taschen, Caps und mehr.\",\"publisher\":{\"@id\":\"https:\\\/\\\/printaberlin.de\\\/en\\\/#organization\"},\"potentialAction\":[{\"@type\":\"SearchAction\",\"target\":{\"@type\":\"EntryPoint\",\"urlTemplate\":\"https:\\\/\\\/printaberlin.de\\\/en\\\/?s={search_term_string}\"},\"query-input\":{\"@type\":\"PropertyValueSpecification\",\"valueRequired\":true,\"valueName\":\"search_term_string\"}}],\"inLanguage\":\"en-US\"},{\"@type\":\"Organization\",\"@id\":\"https:\\\/\\\/printaberlin.de\\\/en\\\/#organization\",\"name\":\"Printa Berlin\",\"url\":\"https:\\\/\\\/printaberlin.de\\\/en\\\/\",\"logo\":{\"@type\":\"ImageObject\",\"inLanguage\":\"en-US\",\"@id\":\"https:\\\/\\\/printaberlin.de\\\/en\\\/#\\\/schema\\\/logo\\\/image\\\/\",\"url\":\"https:\\\/\\\/printaberlin.de\\\/wp-content\\\/uploads\\\/2025\\\/03\\\/csdsdcdsc.png\",\"contentUrl\":\"https:\\\/\\\/printaberlin.de\\\/wp-content\\\/uploads\\\/2025\\\/03\\\/csdsdcdsc.png\",\"width\":512,\"height\":512,\"caption\":\"Printa Berlin\"},\"image\":{\"@id\":\"https:\\\/\\\/printaberlin.de\\\/en\\\/#\\\/schema\\\/logo\\\/image\\\/\"},\"sameAs\":[\"https:\\\/\\\/www.instagram.com\\\/printaberlin\\\/\"]}]}<\/script>\n<meta property=\"og:availability\" content=\"instock\" \/>\n<meta property=\"product:availability\" content=\"instock\" \/>\n<meta property=\"product:retailer_item_id\" content=\"PR06\" \/>\n<meta property=\"product:condition\" content=\"new\" \/>\n<!-- \/ Yoast SEO Premium plugin. -->","yoast_head_json":{"title":"Original Polo | Printa Berlin | Textilien und T-Shirts Bedrucken","description":"Das Original Polo aus 100 % Baumwolle bietet Komfort und Langlebigkeit. Personalisieren Sie es mit DTF-Druck, Siebdruck oder Stickerei.","robots":{"index":"index","follow":"follow","max-snippet":"max-snippet:-1","max-image-preview":"max-image-preview:large","max-video-preview":"max-video-preview:-1"},"canonical":"https:\/\/printaberlin.de\/en\/product\/original-polo\/","og_locale":"en_US","og_type":"article","og_title":"Original Polo","og_description":"Das Original Polo aus 100 % Baumwolle bietet Komfort und Langlebigkeit. Personalisieren Sie es mit DTF-Druck, Siebdruck oder Stickerei.","og_url":"https:\/\/printaberlin.de\/en\/product\/original-polo\/","og_site_name":"Printa Berlin | Textilien und T-Shirts Bedrucken","article_modified_time":"2025-09-21T20:36:35+00:00","og_image":[{"width":292,"height":365,"url":"https:\/\/printaberlin.de\/wp-content\/uploads\/2025\/09\/yrtyry.png","type":"image\/png"}],"twitter_card":"summary_large_image","twitter_misc":{"Availability":"In stock"},"schema":{"@context":"https:\/\/schema.org","@graph":[{"@type":"WebPage","@id":"https:\/\/printaberlin.de\/en\/product\/original-polo\/","url":"https:\/\/printaberlin.de\/en\/product\/original-polo\/","name":"Original Polo | Printa Berlin | Textilien und T-Shirts Bedrucken","isPartOf":{"@id":"https:\/\/printaberlin.de\/en\/#website"},"primaryImageOfPage":{"@id":"https:\/\/printaberlin.de\/en\/product\/original-polo\/#primaryimage"},"image":{"@id":"https:\/\/printaberlin.de\/en\/product\/original-polo\/#primaryimage"},"thumbnailUrl":"https:\/\/printaberlin.de\/wp-content\/uploads\/2025\/09\/yrtyry.png","datePublished":"2025-03-08T10:54:06+00:00","dateModified":"2025-09-21T20:36:35+00:00","description":"Das Original Polo aus 100 % Baumwolle bietet Komfort und Langlebigkeit. Personalisieren Sie es mit DTF-Druck, Siebdruck oder Stickerei.","breadcrumb":{"@id":"https:\/\/printaberlin.de\/en\/product\/original-polo\/#breadcrumb"},"inLanguage":"en-US","potentialAction":[{"@type":"ReadAction","target":["https:\/\/printaberlin.de\/en\/product\/original-polo\/"]}]},{"@type":"ImageObject","inLanguage":"en-US","@id":"https:\/\/printaberlin.de\/en\/product\/original-polo\/#primaryimage","url":"https:\/\/printaberlin.de\/wp-content\/uploads\/2025\/09\/yrtyry.png","contentUrl":"https:\/\/printaberlin.de\/wp-content\/uploads\/2025\/09\/yrtyry.png","width":292,"height":365},{"@type":"BreadcrumbList","@id":"https:\/\/printaberlin.de\/en\/product\/original-polo\/#breadcrumb","itemListElement":[{"@type":"ListItem","position":1,"name":"Home","item":"https:\/\/printaberlin.de\/en\/"},{"@type":"ListItem","position":2,"name":"Shop","item":"https:\/\/printaberlin.de\/en\/shop\/"},{"@type":"ListItem","position":3,"name":"Original Polo"}]},{"@type":"WebSite","@id":"https:\/\/printaberlin.de\/en\/#website","url":"https:\/\/printaberlin.de\/en\/","name":"Printa Berlin | Textilien und T-Shirts Bedrucken","description":"Entdecken Sie Printa Berlin \u2013 Ihr Experte f\u00fcr personalisierten Druck! T-Shirts, Poloshirts, Hoodies, Sweatshirts, Taschen, Caps und mehr.","publisher":{"@id":"https:\/\/printaberlin.de\/en\/#organization"},"potentialAction":[{"@type":"SearchAction","target":{"@type":"EntryPoint","urlTemplate":"https:\/\/printaberlin.de\/en\/?s={search_term_string}"},"query-input":{"@type":"PropertyValueSpecification","valueRequired":true,"valueName":"search_term_string"}}],"inLanguage":"en-US"},{"@type":"Organization","@id":"https:\/\/printaberlin.de\/en\/#organization","name":"Printa Berlin","url":"https:\/\/printaberlin.de\/en\/","logo":{"@type":"ImageObject","inLanguage":"en-US","@id":"https:\/\/printaberlin.de\/en\/#\/schema\/logo\/image\/","url":"https:\/\/printaberlin.de\/wp-content\/uploads\/2025\/03\/csdsdcdsc.png","contentUrl":"https:\/\/printaberlin.de\/wp-content\/uploads\/2025\/03\/csdsdcdsc.png","width":512,"height":512,"caption":"Printa Berlin"},"image":{"@id":"https:\/\/printaberlin.de\/en\/#\/schema\/logo\/image\/"},"sameAs":["https:\/\/www.instagram.com\/printaberlin\/"]}]},"og_availability":"instock","product_availability":"instock","product_retailer_item_id":"PR06","product_condition":"new"},"_links":{"self":[{"href":"https:\/\/printaberlin.de\/en\/wp-json\/wp\/v2\/product\/25823","targetHints":{"allow":["GET"]}}],"collection":[{"href":"https:\/\/printaberlin.de\/en\/wp-json\/wp\/v2\/product"}],"about":[{"href":"https:\/\/printaberlin.de\/en\/wp-json\/wp\/v2\/types\/product"}],"replies":[{"embeddable":true,"href":"https:\/\/printaberlin.de\/en\/wp-json\/wp\/v2\/comments?post=25823"}],"wp:featuredmedia":[{"embeddable":true,"href":"https:\/\/printaberlin.de\/en\/wp-json\/wp\/v2\/media\/26378"}],"wp:attachment":[{"href":"https:\/\/printaberlin.de\/en\/wp-json\/wp\/v2\/media?parent=25823"}],"wp:term":[{"taxonomy":"product_brand","embeddable":true,"href":"https:\/\/printaberlin.de\/en\/wp-json\/wp\/v2\/product_brand?post=25823"},{"taxonomy":"product_cat","embeddable":true,"href":"https:\/\/printaberlin.de\/en\/wp-json\/wp\/v2\/product_cat?post=25823"},{"taxonomy":"product_tag","embeddable":true,"href":"https:\/\/printaberlin.de\/en\/wp-json\/wp\/v2\/product_tag?post=25823"},{"taxonomy":"producproduct-categroyt-categroy","embeddable":true,"href":"https:\/\/printaberlin.de\/en\/wp-json\/wp\/v2\/producproduct-categroyt-categroy?post=25823"}],"curies":[{"name":"wp","href":"https:\/\/api.w.org\/{rel}","templated":true}]}}