{"id":25807,"date":"2025-03-08T16:38:49","date_gmt":"2025-03-08T16:38:49","guid":{"rendered":"https:\/\/printaberlin.de\/product\/stanley-coaster-polo\/"},"modified":"2025-09-21T20:36:35","modified_gmt":"2025-09-21T20:36:35","slug":"stanley-coaster-polo","status":"publish","type":"product","link":"https:\/\/printaberlin.de\/en\/product\/stanley-coaster-polo\/","title":{"rendered":"Stanley Coaster Polo"},"content":{"rendered":"<div class=\"mb-3\">\n<h3 data-start=\"0\" data-end=\"58\"><strong data-start=\"0\" data-end=\"58\">Stanley Coaster Polo: Modern, Nachhaltig und Anpassbar<\/strong><\/h3>\n<p class=\"\" data-start=\"60\" data-end=\"619\">Das <strong data-start=\"64\" data-end=\"88\">Stanley Coaster Polo<\/strong> von Stanley\/Stella ist ein leichtes Herren-Polo, das Komfort und Stil vereint. Mit seinem modernen, enganliegenden Schnitt und dem feinen Piqu\u00e9-Gewebe aus 100 % gek\u00e4mmter, ringgesponnener Bio-Baumwolle bietet es nicht nur eine weiche Haptik, sondern auch eine hervorragende Passform. Das Polo mit einem Gewicht von 185 GSM eignet sich perfekt f\u00fcr w\u00e4rmeres Klima und dynamische Umgebungen. Besonders in S\u00fcdeuropa konzipiert, ist es der ideale Begleiter f\u00fcr den Sommer, wenn Sie nach einer nachhaltigen und komfortablen Wahl suchen.<\/p>\n<p class=\"\" data-start=\"621\" data-end=\"1084\">Die verst\u00e4rkte Knopfleiste mit zwei Kn\u00f6pfen in passender K\u00f6rperfarbe sowie die flachstrickb\u00fcndchen am Kragen und \u00c4rmelabschluss verleihen diesem Polo einen klassischen Look. Die feinen Details wie das schwere Single-Jersey-Nackenband und die sorgf\u00e4ltige Verarbeitung der Seitenschlitze mit Riegelnaht sorgen f\u00fcr zus\u00e4tzliche Stabilit\u00e4t und Qualit\u00e4t. Der Saum unten ist mit einer schmalen Doppelnadelsteppnaht versehen, was das Polo besonders strapazierf\u00e4hig macht.<\/p>\n<p class=\"\" data-start=\"1086\" data-end=\"1382\">Das<strong data-start=\"1090\" data-end=\"1114\">\u00a0Polo<\/strong> ist in Gr\u00f6\u00dfen von S bis 5XL erh\u00e4ltlich und eignet sich ideal f\u00fcr die Personalisierung durch <strong data-start=\"1207\" data-end=\"1216\">Druck<\/strong> und <strong data-start=\"1221\" data-end=\"1234\">Stickerei<\/strong>. Mit seiner ausgezeichneten Dekorationsergebnisse, die das feine Piqu\u00e9-Gewebe bietet, k\u00f6nnen Sie ein individuelles Design auf diesem Polo umsetzen.<\/p>\n<h4 data-start=\"1384\" data-end=\"1426\"><strong data-start=\"1384\" data-end=\"1426\">Hauptmerkmale des Stanley Coaster Polo<\/strong><\/h4>\n<ul data-start=\"1428\" data-end=\"2052\">\n<li class=\"\" data-start=\"1428\" data-end=\"1521\">\n<p class=\"\" data-start=\"1430\" data-end=\"1521\"><strong data-start=\"1430\" data-end=\"1478\">100 % gek\u00e4mmte, ringgesponnene Bio-Baumwolle<\/strong> f\u00fcr eine weiche Textur und Langlebigkeit<\/p>\n<\/li>\n<li class=\"\" data-start=\"1522\" data-end=\"1581\">\n<p class=\"\" data-start=\"1524\" data-end=\"1581\"><strong data-start=\"1524\" data-end=\"1543\">185 GSM Gewicht<\/strong> f\u00fcr Komfort und Strapazierf\u00e4higkeit<\/p>\n<\/li>\n<li class=\"\" data-start=\"1582\" data-end=\"1638\">\n<p class=\"\" data-start=\"1584\" data-end=\"1638\"><strong data-start=\"1584\" data-end=\"1610\">Enganliegender Schnitt<\/strong> f\u00fcr eine moderne Passform<\/p>\n<\/li>\n<li class=\"\" data-start=\"1639\" data-end=\"1716\">\n<p class=\"\" data-start=\"1641\" data-end=\"1716\"><strong data-start=\"1641\" data-end=\"1664\">Flachstrickb\u00fcndchen<\/strong> am Kragen und \u00c4rmelabschluss f\u00fcr elegantes Design<\/p>\n<\/li>\n<li class=\"\" data-start=\"1717\" data-end=\"1789\">\n<p class=\"\" data-start=\"1719\" data-end=\"1789\"><strong data-start=\"1719\" data-end=\"1745\">Verst\u00e4rkte Knopfleiste<\/strong> mit zwei Kn\u00f6pfen in passender K\u00f6rperfarbe<\/p>\n<\/li>\n<li class=\"\" data-start=\"1790\" data-end=\"1861\">\n<p class=\"\" data-start=\"1792\" data-end=\"1861\"><strong data-start=\"1792\" data-end=\"1818\">Schlitz und Riegelnaht<\/strong> an den Seiten f\u00fcr zus\u00e4tzliche Stabilit\u00e4t<\/p>\n<\/li>\n<li class=\"\" data-start=\"1862\" data-end=\"1940\">\n<p class=\"\" data-start=\"1864\" data-end=\"1940\"><strong data-start=\"1864\" data-end=\"1889\">Einzelnadelsteppstich<\/strong> an den Schultern\u00e4hte f\u00fcr langlebige Verarbeitung<\/p>\n<\/li>\n<li class=\"\" data-start=\"1941\" data-end=\"1999\">\n<p class=\"\" data-start=\"1943\" data-end=\"1999\"><strong data-start=\"1943\" data-end=\"1970\">Vorgewaschenes Material<\/strong> f\u00fcr besseren Einlaufschutz<\/p>\n<\/li>\n<li class=\"\" data-start=\"2000\" data-end=\"2052\">\n<p class=\"\" data-start=\"2002\" data-end=\"2052\"><strong data-start=\"2002\" data-end=\"2030\">Waschbar bei bis zu 60\u00b0C<\/strong> f\u00fcr einfache Pflege<\/p>\n<\/li>\n<\/ul>\n<h4 data-start=\"2054\" data-end=\"2121\"><strong data-start=\"2054\" data-end=\"2121\">Individuelle Druckdienstleistungen f\u00fcr Ihr Stanley Coaster Polo<\/strong><\/h4>\n<p class=\"\" data-start=\"2123\" data-end=\"2319\">Verleihen Sie Ihrem <strong data-start=\"2143\" data-end=\"2167\">Stanley Coaster Polo<\/strong> eine pers\u00f6nliche Note mit unseren professionellen <strong data-start=\"2218\" data-end=\"2243\">Druckdienstleistungen<\/strong>. Wir bieten verschiedene Techniken an, um Ihr Design zum Leben zu erwecken:<\/p>\n<ul data-start=\"2321\" data-end=\"2509\">\n<li class=\"\" data-start=\"2321\" data-end=\"2379\">\n<p class=\"\" data-start=\"2323\" data-end=\"2379\"><strong data-start=\"2323\" data-end=\"2336\">DTF-Druck<\/strong>: Ideal f\u00fcr lebendige, langlebige Designs<\/p>\n<\/li>\n<li class=\"\" data-start=\"2380\" data-end=\"2442\">\n<p class=\"\" data-start=\"2382\" data-end=\"2442\"><strong data-start=\"2382\" data-end=\"2395\">Siebdruck<\/strong>: Perfekt f\u00fcr gro\u00dffl\u00e4chige und kr\u00e4ftige Logos<\/p>\n<\/li>\n<li class=\"\" data-start=\"2443\" data-end=\"2509\">\n<p class=\"\" data-start=\"2445\" data-end=\"2509\"><strong data-start=\"2445\" data-end=\"2458\">Stickerei<\/strong>: Verleiht Ihrem Polo eine edle, hochwertige Note<\/p>\n<\/li>\n<\/ul>\n<h4 data-start=\"2511\" data-end=\"2553\"><strong data-start=\"2511\" data-end=\"2553\">Warum das Stanley Coaster Polo w\u00e4hlen?<\/strong><\/h4>\n<p class=\"\" data-start=\"2555\" data-end=\"3061\">Das <strong data-start=\"2559\" data-end=\"2583\">Stanley Coaster Polo<\/strong> bietet nicht nur eine bequeme Passform und nachhaltige Materialien, sondern ist auch eine hervorragende Wahl f\u00fcr die Personalisierung. Hergestellt aus 100 % Bio-Baumwolle, bietet es eine ausgezeichnete Oberfl\u00e4che f\u00fcr <strong data-start=\"2801\" data-end=\"2810\">Druck<\/strong> und <strong data-start=\"2815\" data-end=\"2828\">Stickerei<\/strong> und bleibt auch nach h\u00e4ufigem Tragen in perfektem Zustand. Nutzen Sie unsere <strong data-start=\"2906\" data-end=\"2931\">Druckdienstleistungen<\/strong>, um das Polo individuell zu gestalten und es zu einem einzigartigen Kleidungsst\u00fcck f\u00fcr Ihr Team, Event oder Ihre Marke zu machen.<\/p>\n<\/div>\n<p data-start=\"1683\" data-end=\"2032\">\u00a0<img decoding=\"async\" class=\"alignnone size-medium wp-image-7209\" src=\"https:\/\/printaberlin.de\/staging\/2315\/wp-content\/uploads\/2025\/03\/Frame-37-300x59.png\" alt=\"\" width=\"300\" height=\"59\" srcset=\"https:\/\/printaberlin.de\/wp-content\/uploads\/2025\/03\/Frame-37-300x59.png 300w, https:\/\/printaberlin.de\/wp-content\/uploads\/2025\/03\/Frame-37-1024x200.png 1024w, https:\/\/printaberlin.de\/wp-content\/uploads\/2025\/03\/Frame-37-768x150.png 768w, https:\/\/printaberlin.de\/wp-content\/uploads\/2025\/03\/Frame-37-1536x301.png 1536w, https:\/\/printaberlin.de\/wp-content\/uploads\/2025\/03\/Frame-37-260x51.png 260w, https:\/\/printaberlin.de\/wp-content\/uploads\/2025\/03\/Frame-37-500x98.png 500w, https:\/\/printaberlin.de\/wp-content\/uploads\/2025\/03\/Frame-37.png 1650w\" sizes=\"(max-width: 300px) 100vw, 300px\" \/><\/p>\n<div class=\"mb-3\">\n<div class=\"child-p:mb-2 last:child-p:mb-0\">\n<div class=\"child-p:mb-2 last:child-p:mb-0\"><\/div>\n<\/div>\n<\/div>\n","protected":false},"excerpt":{"rendered":"<p>Nachhaltiges Polo enganliegendem Schnitt und 100 % Bio-Baumwolle.<br \/>\n<strong>By Stanley Stella<\/strong><\/p>\n","protected":false},"featured_media":26380,"comment_status":"open","ping_status":"closed","template":"","meta":{"nf_dc_page":""},"product_brand":[32],"product_cat":[436],"product_tag":[439],"producproduct-categroyt-categroy":[],"class_list":{"0":"post-25807","1":"product","2":"type-product","3":"status-publish","4":"has-post-thumbnail","6":"product_brand-stanley-stella","7":"product_cat-poloshirt-bedrucken","8":"product_tag-men","10":"first","11":"instock","12":"shipping-taxable","13":"purchasable","14":"product-type-variable","15":"has-default-attributes","16":"wvs-archive-product-wrapper"},"yoast_head":"<!-- This site is optimized with the Yoast SEO Premium plugin v24.6 (Yoast SEO v27.4) - https:\/\/yoast.com\/product\/yoast-seo-premium-wordpress\/ -->\n<title>Stanley Coaster Polo | Printa Berlin | Textilien und T-Shirts Bedrucken<\/title>\n<meta name=\"description\" content=\"Das Stanley Coaster Polo aus 100 % Bio-Baumwolle bietet Komfort und Langlebigkeit. Personalisieren Sie es mit DTF-Druck, Siebdruck oder Stickerei.\" \/>\n<meta name=\"robots\" content=\"index, follow, max-snippet:-1, max-image-preview:large, max-video-preview:-1\" \/>\n<link rel=\"canonical\" href=\"https:\/\/printaberlin.de\/en\/product\/stanley-coaster-polo\/\" \/>\n<meta property=\"og:locale\" content=\"en_US\" \/>\n<meta property=\"og:type\" content=\"article\" \/>\n<meta property=\"og:title\" content=\"Stanley Coaster Polo\" \/>\n<meta property=\"og:description\" content=\"Das Stanley Coaster Polo aus 100 % Bio-Baumwolle bietet Komfort und Langlebigkeit. Personalisieren Sie es mit DTF-Druck, Siebdruck oder Stickerei.\" \/>\n<meta property=\"og:url\" content=\"https:\/\/printaberlin.de\/en\/product\/stanley-coaster-polo\/\" \/>\n<meta property=\"og:site_name\" content=\"Printa Berlin | Textilien und T-Shirts Bedrucken\" \/>\n<meta property=\"article:modified_time\" content=\"2025-09-21T20:36:35+00:00\" \/>\n<meta property=\"og:image\" content=\"https:\/\/printaberlin.de\/wp-content\/uploads\/2025\/09\/gdrgdrt.png\" \/>\n\t<meta property=\"og:image:width\" content=\"292\" \/>\n\t<meta property=\"og:image:height\" content=\"366\" \/>\n\t<meta property=\"og:image:type\" content=\"image\/png\" \/>\n<meta name=\"twitter:card\" content=\"summary_large_image\" \/>\n<meta name=\"twitter:label1\" content=\"Availability\" \/>\n\t<meta name=\"twitter:data1\" content=\"In stock\" \/>\n<script type=\"application\/ld+json\" class=\"yoast-schema-graph\">{\"@context\":\"https:\\\/\\\/schema.org\",\"@graph\":[{\"@type\":\"WebPage\",\"@id\":\"https:\\\/\\\/printaberlin.de\\\/en\\\/product\\\/stanley-coaster-polo\\\/\",\"url\":\"https:\\\/\\\/printaberlin.de\\\/en\\\/product\\\/stanley-coaster-polo\\\/\",\"name\":\"Stanley Coaster Polo | Printa Berlin | Textilien und T-Shirts Bedrucken\",\"isPartOf\":{\"@id\":\"https:\\\/\\\/printaberlin.de\\\/en\\\/#website\"},\"primaryImageOfPage\":{\"@id\":\"https:\\\/\\\/printaberlin.de\\\/en\\\/product\\\/stanley-coaster-polo\\\/#primaryimage\"},\"image\":{\"@id\":\"https:\\\/\\\/printaberlin.de\\\/en\\\/product\\\/stanley-coaster-polo\\\/#primaryimage\"},\"thumbnailUrl\":\"https:\\\/\\\/printaberlin.de\\\/wp-content\\\/uploads\\\/2025\\\/09\\\/gdrgdrt.png\",\"datePublished\":\"2025-03-08T16:38:49+00:00\",\"dateModified\":\"2025-09-21T20:36:35+00:00\",\"description\":\"Das Stanley Coaster Polo aus 100 % Bio-Baumwolle bietet Komfort und Langlebigkeit. Personalisieren Sie es mit DTF-Druck, Siebdruck oder Stickerei.\",\"breadcrumb\":{\"@id\":\"https:\\\/\\\/printaberlin.de\\\/en\\\/product\\\/stanley-coaster-polo\\\/#breadcrumb\"},\"inLanguage\":\"en-US\",\"potentialAction\":[{\"@type\":\"ReadAction\",\"target\":[\"https:\\\/\\\/printaberlin.de\\\/en\\\/product\\\/stanley-coaster-polo\\\/\"]}]},{\"@type\":\"ImageObject\",\"inLanguage\":\"en-US\",\"@id\":\"https:\\\/\\\/printaberlin.de\\\/en\\\/product\\\/stanley-coaster-polo\\\/#primaryimage\",\"url\":\"https:\\\/\\\/printaberlin.de\\\/wp-content\\\/uploads\\\/2025\\\/09\\\/gdrgdrt.png\",\"contentUrl\":\"https:\\\/\\\/printaberlin.de\\\/wp-content\\\/uploads\\\/2025\\\/09\\\/gdrgdrt.png\",\"width\":292,\"height\":366},{\"@type\":\"BreadcrumbList\",\"@id\":\"https:\\\/\\\/printaberlin.de\\\/en\\\/product\\\/stanley-coaster-polo\\\/#breadcrumb\",\"itemListElement\":[{\"@type\":\"ListItem\",\"position\":1,\"name\":\"Home\",\"item\":\"https:\\\/\\\/printaberlin.de\\\/en\\\/\"},{\"@type\":\"ListItem\",\"position\":2,\"name\":\"Shop\",\"item\":\"https:\\\/\\\/printaberlin.de\\\/en\\\/shop\\\/\"},{\"@type\":\"ListItem\",\"position\":3,\"name\":\"Stanley Coaster Polo\"}]},{\"@type\":\"WebSite\",\"@id\":\"https:\\\/\\\/printaberlin.de\\\/en\\\/#website\",\"url\":\"https:\\\/\\\/printaberlin.de\\\/en\\\/\",\"name\":\"Printa Berlin | Textilien und T-Shirts Bedrucken\",\"description\":\"Entdecken Sie Printa Berlin \u2013 Ihr Experte f\u00fcr personalisierten Druck! T-Shirts, Poloshirts, Hoodies, Sweatshirts, Taschen, Caps und mehr.\",\"publisher\":{\"@id\":\"https:\\\/\\\/printaberlin.de\\\/en\\\/#organization\"},\"potentialAction\":[{\"@type\":\"SearchAction\",\"target\":{\"@type\":\"EntryPoint\",\"urlTemplate\":\"https:\\\/\\\/printaberlin.de\\\/en\\\/?s={search_term_string}\"},\"query-input\":{\"@type\":\"PropertyValueSpecification\",\"valueRequired\":true,\"valueName\":\"search_term_string\"}}],\"inLanguage\":\"en-US\"},{\"@type\":\"Organization\",\"@id\":\"https:\\\/\\\/printaberlin.de\\\/en\\\/#organization\",\"name\":\"Printa Berlin\",\"url\":\"https:\\\/\\\/printaberlin.de\\\/en\\\/\",\"logo\":{\"@type\":\"ImageObject\",\"inLanguage\":\"en-US\",\"@id\":\"https:\\\/\\\/printaberlin.de\\\/en\\\/#\\\/schema\\\/logo\\\/image\\\/\",\"url\":\"https:\\\/\\\/printaberlin.de\\\/wp-content\\\/uploads\\\/2025\\\/03\\\/csdsdcdsc.png\",\"contentUrl\":\"https:\\\/\\\/printaberlin.de\\\/wp-content\\\/uploads\\\/2025\\\/03\\\/csdsdcdsc.png\",\"width\":512,\"height\":512,\"caption\":\"Printa Berlin\"},\"image\":{\"@id\":\"https:\\\/\\\/printaberlin.de\\\/en\\\/#\\\/schema\\\/logo\\\/image\\\/\"},\"sameAs\":[\"https:\\\/\\\/www.instagram.com\\\/printaberlin\\\/\"]}]}<\/script>\n<meta property=\"og:availability\" content=\"instock\" \/>\n<meta property=\"product:availability\" content=\"instock\" \/>\n<meta property=\"product:retailer_item_id\" content=\"PR08\" \/>\n<meta property=\"product:condition\" content=\"new\" \/>\n<!-- \/ Yoast SEO Premium plugin. -->","yoast_head_json":{"title":"Stanley Coaster Polo | Printa Berlin | Textilien und T-Shirts Bedrucken","description":"Das Stanley Coaster Polo aus 100 % Bio-Baumwolle bietet Komfort und Langlebigkeit. Personalisieren Sie es mit DTF-Druck, Siebdruck oder Stickerei.","robots":{"index":"index","follow":"follow","max-snippet":"max-snippet:-1","max-image-preview":"max-image-preview:large","max-video-preview":"max-video-preview:-1"},"canonical":"https:\/\/printaberlin.de\/en\/product\/stanley-coaster-polo\/","og_locale":"en_US","og_type":"article","og_title":"Stanley Coaster Polo","og_description":"Das Stanley Coaster Polo aus 100 % Bio-Baumwolle bietet Komfort und Langlebigkeit. Personalisieren Sie es mit DTF-Druck, Siebdruck oder Stickerei.","og_url":"https:\/\/printaberlin.de\/en\/product\/stanley-coaster-polo\/","og_site_name":"Printa Berlin | Textilien und T-Shirts Bedrucken","article_modified_time":"2025-09-21T20:36:35+00:00","og_image":[{"width":292,"height":366,"url":"https:\/\/printaberlin.de\/wp-content\/uploads\/2025\/09\/gdrgdrt.png","type":"image\/png"}],"twitter_card":"summary_large_image","twitter_misc":{"Availability":"In stock"},"schema":{"@context":"https:\/\/schema.org","@graph":[{"@type":"WebPage","@id":"https:\/\/printaberlin.de\/en\/product\/stanley-coaster-polo\/","url":"https:\/\/printaberlin.de\/en\/product\/stanley-coaster-polo\/","name":"Stanley Coaster Polo | Printa Berlin | Textilien und T-Shirts Bedrucken","isPartOf":{"@id":"https:\/\/printaberlin.de\/en\/#website"},"primaryImageOfPage":{"@id":"https:\/\/printaberlin.de\/en\/product\/stanley-coaster-polo\/#primaryimage"},"image":{"@id":"https:\/\/printaberlin.de\/en\/product\/stanley-coaster-polo\/#primaryimage"},"thumbnailUrl":"https:\/\/printaberlin.de\/wp-content\/uploads\/2025\/09\/gdrgdrt.png","datePublished":"2025-03-08T16:38:49+00:00","dateModified":"2025-09-21T20:36:35+00:00","description":"Das Stanley Coaster Polo aus 100 % Bio-Baumwolle bietet Komfort und Langlebigkeit. Personalisieren Sie es mit DTF-Druck, Siebdruck oder Stickerei.","breadcrumb":{"@id":"https:\/\/printaberlin.de\/en\/product\/stanley-coaster-polo\/#breadcrumb"},"inLanguage":"en-US","potentialAction":[{"@type":"ReadAction","target":["https:\/\/printaberlin.de\/en\/product\/stanley-coaster-polo\/"]}]},{"@type":"ImageObject","inLanguage":"en-US","@id":"https:\/\/printaberlin.de\/en\/product\/stanley-coaster-polo\/#primaryimage","url":"https:\/\/printaberlin.de\/wp-content\/uploads\/2025\/09\/gdrgdrt.png","contentUrl":"https:\/\/printaberlin.de\/wp-content\/uploads\/2025\/09\/gdrgdrt.png","width":292,"height":366},{"@type":"BreadcrumbList","@id":"https:\/\/printaberlin.de\/en\/product\/stanley-coaster-polo\/#breadcrumb","itemListElement":[{"@type":"ListItem","position":1,"name":"Home","item":"https:\/\/printaberlin.de\/en\/"},{"@type":"ListItem","position":2,"name":"Shop","item":"https:\/\/printaberlin.de\/en\/shop\/"},{"@type":"ListItem","position":3,"name":"Stanley Coaster Polo"}]},{"@type":"WebSite","@id":"https:\/\/printaberlin.de\/en\/#website","url":"https:\/\/printaberlin.de\/en\/","name":"Printa Berlin | Textilien und T-Shirts Bedrucken","description":"Entdecken Sie Printa Berlin \u2013 Ihr Experte f\u00fcr personalisierten Druck! T-Shirts, Poloshirts, Hoodies, Sweatshirts, Taschen, Caps und mehr.","publisher":{"@id":"https:\/\/printaberlin.de\/en\/#organization"},"potentialAction":[{"@type":"SearchAction","target":{"@type":"EntryPoint","urlTemplate":"https:\/\/printaberlin.de\/en\/?s={search_term_string}"},"query-input":{"@type":"PropertyValueSpecification","valueRequired":true,"valueName":"search_term_string"}}],"inLanguage":"en-US"},{"@type":"Organization","@id":"https:\/\/printaberlin.de\/en\/#organization","name":"Printa Berlin","url":"https:\/\/printaberlin.de\/en\/","logo":{"@type":"ImageObject","inLanguage":"en-US","@id":"https:\/\/printaberlin.de\/en\/#\/schema\/logo\/image\/","url":"https:\/\/printaberlin.de\/wp-content\/uploads\/2025\/03\/csdsdcdsc.png","contentUrl":"https:\/\/printaberlin.de\/wp-content\/uploads\/2025\/03\/csdsdcdsc.png","width":512,"height":512,"caption":"Printa Berlin"},"image":{"@id":"https:\/\/printaberlin.de\/en\/#\/schema\/logo\/image\/"},"sameAs":["https:\/\/www.instagram.com\/printaberlin\/"]}]},"og_availability":"instock","product_availability":"instock","product_retailer_item_id":"PR08","product_condition":"new"},"_links":{"self":[{"href":"https:\/\/printaberlin.de\/en\/wp-json\/wp\/v2\/product\/25807","targetHints":{"allow":["GET"]}}],"collection":[{"href":"https:\/\/printaberlin.de\/en\/wp-json\/wp\/v2\/product"}],"about":[{"href":"https:\/\/printaberlin.de\/en\/wp-json\/wp\/v2\/types\/product"}],"replies":[{"embeddable":true,"href":"https:\/\/printaberlin.de\/en\/wp-json\/wp\/v2\/comments?post=25807"}],"wp:featuredmedia":[{"embeddable":true,"href":"https:\/\/printaberlin.de\/en\/wp-json\/wp\/v2\/media\/26380"}],"wp:attachment":[{"href":"https:\/\/printaberlin.de\/en\/wp-json\/wp\/v2\/media?parent=25807"}],"wp:term":[{"taxonomy":"product_brand","embeddable":true,"href":"https:\/\/printaberlin.de\/en\/wp-json\/wp\/v2\/product_brand?post=25807"},{"taxonomy":"product_cat","embeddable":true,"href":"https:\/\/printaberlin.de\/en\/wp-json\/wp\/v2\/product_cat?post=25807"},{"taxonomy":"product_tag","embeddable":true,"href":"https:\/\/printaberlin.de\/en\/wp-json\/wp\/v2\/product_tag?post=25807"},{"taxonomy":"producproduct-categroyt-categroy","embeddable":true,"href":"https:\/\/printaberlin.de\/en\/wp-json\/wp\/v2\/producproduct-categroyt-categroy?post=25807"}],"curies":[{"name":"wp","href":"https:\/\/api.w.org\/{rel}","templated":true}]}}