{"id":25791,"date":"2025-03-08T20:07:38","date_gmt":"2025-03-08T20:07:38","guid":{"rendered":"https:\/\/printaberlin.de\/product\/stella-coaster-polo\/"},"modified":"2025-09-21T20:36:34","modified_gmt":"2025-09-21T20:36:34","slug":"stella-coaster-polo","status":"publish","type":"product","link":"https:\/\/printaberlin.de\/en\/product\/stella-coaster-polo\/","title":{"rendered":"Stella Coaster Polo"},"content":{"rendered":"<div class=\"mb-3\">\n<h4 data-start=\"0\" data-end=\"59\"><strong data-start=\"0\" data-end=\"59\">Stella Coaster Polo: Stilvoll, Nachhaltig und Anpassbar<\/strong><\/h4>\n<p class=\"\" data-start=\"61\" data-end=\"660\">Das <strong data-start=\"65\" data-end=\"88\">Stella Coaster Polo<\/strong> ist das ideale Damen-Polo f\u00fcr den Sommer, das sowohl durch seinen schmeichelhaften Schnitt als auch durch seine umweltfreundliche Materialwahl \u00fcberzeugt. Dieses leichte Polo aus 100 % gek\u00e4mmter, ringgesponnener Bio-Baumwolle bietet au\u00dfergew\u00f6hnlichen Komfort und eine hervorragende Passform. Mit einem Gewicht von 185 GSM ist es ideal f\u00fcr w\u00e4rmeres Klima oder dynamische Umgebungen. Die feine Piqu\u00e9-Struktur sorgt f\u00fcr eine angenehme Haptik und eine hervorragende Oberfl\u00e4che f\u00fcr <strong data-start=\"565\" data-end=\"574\">Druck<\/strong> und <strong data-start=\"579\" data-end=\"592\">Stickerei<\/strong>, was es zu einer perfekten Wahl f\u00fcr personalisierte Kleidung macht.<\/p>\n<p class=\"\" data-start=\"662\" data-end=\"1153\">Das <strong data-start=\"666\" data-end=\"689\">Stella Coaster <\/strong>zeichnet sich durch moderne Details aus, wie zum Beispiel die eingesetzte Knopfleiste mit zwei Kn\u00f6pfen in passender K\u00f6rperfarbe und flachstrickb\u00fcndchen am Kragen und \u00c4rmelabschluss. Der Saum ist mit einer schmalen Doppelnaht versehen, und der Nackenbereich wird mit einem schweren Single-Jersey-Band verst\u00e4rkt, was dem Polo eine langlebige Qualit\u00e4t verleiht. Zus\u00e4tzlich sorgen die Seitenschlitze und die Riegelnaht am Saum f\u00fcr Stabilit\u00e4t und einen perfekten Sitz.<\/p>\n<p class=\"\" data-start=\"1155\" data-end=\"1478\">Dieses Polo ist in den Gr\u00f6\u00dfen XS bis XXL erh\u00e4ltlich und bietet durch seinen enganliegenden Schnitt eine zeitgem\u00e4\u00dfe Passform, die sowohl stilvoll als auch bequem ist. Die Bio-Baumwolle und das fasergef\u00e4rbte Material sorgen f\u00fcr einen besseren Einlaufschutz und eine weiche Textur, die auch nach h\u00e4ufigem Tragen toll aussieht.<\/p>\n<h4 data-start=\"1480\" data-end=\"1521\"><strong data-start=\"1480\" data-end=\"1521\">Hauptmerkmale des Stella Coaster Polo<\/strong><\/h4>\n<ul data-start=\"1523\" data-end=\"2148\">\n<li class=\"\" data-start=\"1523\" data-end=\"1599\">\n<p class=\"\" data-start=\"1525\" data-end=\"1599\"><strong data-start=\"1525\" data-end=\"1548\">100 % Bio-Baumwolle<\/strong> f\u00fcr ein weiches Tragegef\u00fchl und nachhaltige Wahl<\/p>\n<\/li>\n<li class=\"\" data-start=\"1600\" data-end=\"1662\">\n<p class=\"\" data-start=\"1602\" data-end=\"1662\"><strong data-start=\"1602\" data-end=\"1621\">185 GSM Gewicht<\/strong> f\u00fcr ein leichtes, aber robustes Gef\u00fchl<\/p>\n<\/li>\n<li class=\"\" data-start=\"1663\" data-end=\"1746\">\n<p class=\"\" data-start=\"1665\" data-end=\"1746\"><strong data-start=\"1665\" data-end=\"1689\">Feine Piqu\u00e9-Struktur<\/strong> f\u00fcr eine angenehme Haptik und verbesserte Druckbarkeit<\/p>\n<\/li>\n<li class=\"\" data-start=\"1747\" data-end=\"1820\">\n<p class=\"\" data-start=\"1749\" data-end=\"1820\"><strong data-start=\"1749\" data-end=\"1775\">Enganliegender Schnitt<\/strong> f\u00fcr eine schmeichelhafte, moderne Passform<\/p>\n<\/li>\n<li class=\"\" data-start=\"1821\" data-end=\"1894\">\n<p class=\"\" data-start=\"1823\" data-end=\"1894\"><strong data-start=\"1823\" data-end=\"1850\">Eingesetzte Knopfleiste<\/strong> mit zwei Kn\u00f6pfen in passender K\u00f6rperfarbe<\/p>\n<\/li>\n<li class=\"\" data-start=\"1895\" data-end=\"1972\">\n<p class=\"\" data-start=\"1897\" data-end=\"1972\"><strong data-start=\"1897\" data-end=\"1920\">Flachstrickb\u00fcndchen<\/strong> am Kragen und \u00c4rmelabschluss f\u00fcr elegantes Design<\/p>\n<\/li>\n<li class=\"\" data-start=\"1973\" data-end=\"2038\">\n<p class=\"\" data-start=\"1975\" data-end=\"2038\"><strong data-start=\"1975\" data-end=\"2009\">Schlitz und Riegelnaht am Saum<\/strong> f\u00fcr zus\u00e4tzliche Stabilit\u00e4t<\/p>\n<\/li>\n<li class=\"\" data-start=\"2039\" data-end=\"2121\">\n<p class=\"\" data-start=\"2041\" data-end=\"2121\"><strong data-start=\"2041\" data-end=\"2068\">Vorgewaschenes Material<\/strong> f\u00fcr besseren Einlaufschutz und dauerhafte Qualit\u00e4t<\/p>\n<\/li>\n<li class=\"\" data-start=\"2122\" data-end=\"2148\">\n<p class=\"\" data-start=\"2124\" data-end=\"2148\"><strong data-start=\"2124\" data-end=\"2134\">Gr\u00f6\u00dfen<\/strong>: XS bis XXL<\/p>\n<\/li>\n<\/ul>\n<h4 data-start=\"2150\" data-end=\"2216\"><strong data-start=\"2150\" data-end=\"2216\">Individuelle Druckdienstleistungen f\u00fcr Ihr Stella Coaster Polo<\/strong><\/h4>\n<p class=\"\" data-start=\"2218\" data-end=\"2412\">Verleihen Sie Ihrem <strong data-start=\"2238\" data-end=\"2261\">Stella Coaster Polo<\/strong> eine pers\u00f6nliche Note mit unseren professionellen <strong data-start=\"2312\" data-end=\"2337\">Druckdienstleistungen<\/strong>. W\u00e4hlen Sie aus verschiedenen Techniken, um Ihr Design perfekt umzusetzen:<\/p>\n<ul data-start=\"2414\" data-end=\"2602\">\n<li class=\"\" data-start=\"2414\" data-end=\"2472\">\n<p class=\"\" data-start=\"2416\" data-end=\"2472\"><strong data-start=\"2416\" data-end=\"2429\">DTF-Druck<\/strong>: Ideal f\u00fcr lebendige, langlebige Designs<\/p>\n<\/li>\n<li class=\"\" data-start=\"2473\" data-end=\"2532\">\n<p class=\"\" data-start=\"2475\" data-end=\"2532\"><strong data-start=\"2475\" data-end=\"2488\">Siebdruck<\/strong>: Perfekt f\u00fcr kr\u00e4ftige, gro\u00dffl\u00e4chige Logos<\/p>\n<\/li>\n<li class=\"\" data-start=\"2533\" data-end=\"2602\">\n<p class=\"\" data-start=\"2535\" data-end=\"2602\"><strong data-start=\"2535\" data-end=\"2548\">Stickerei<\/strong>: Verleiht Ihrem Polo eine edle und hochwertige Note<\/p>\n<\/li>\n<\/ul>\n<h4 data-start=\"2604\" data-end=\"2645\"><strong data-start=\"2604\" data-end=\"2645\">Warum das Stella Coaster Polo w\u00e4hlen?<\/strong><\/h4>\n<p class=\"\" data-start=\"2647\" data-end=\"3047\">Das <strong data-start=\"2651\" data-end=\"2674\">Stella Coaster Polo<\/strong> bietet nicht nur Komfort und Stil, sondern auch eine nachhaltige L\u00f6sung f\u00fcr personalisierte Kleidung. Hergestellt aus 100 % Bio-Baumwolle, eignet es sich perfekt f\u00fcr <strong data-start=\"2841\" data-end=\"2850\">Druck<\/strong> und <strong data-start=\"2855\" data-end=\"2868\">Stickerei<\/strong>, um Ihr individuelles Design zu erstellen. Mit einer breiten Farbpalette und der M\u00f6glichkeit zur Personalisierung ist es die ideale Wahl f\u00fcr Teamwear, Events oder Werbegeschenke.<\/p>\n<\/div>\n<p data-start=\"1683\" data-end=\"2032\">\u00a0<img decoding=\"async\" class=\"alignnone size-medium wp-image-7209\" src=\"https:\/\/printaberlin.de\/staging\/2315\/wp-content\/uploads\/2025\/03\/Frame-37-300x59.png\" alt=\"\" width=\"300\" height=\"59\" srcset=\"https:\/\/printaberlin.de\/wp-content\/uploads\/2025\/03\/Frame-37-300x59.png 300w, https:\/\/printaberlin.de\/wp-content\/uploads\/2025\/03\/Frame-37-1024x200.png 1024w, https:\/\/printaberlin.de\/wp-content\/uploads\/2025\/03\/Frame-37-768x150.png 768w, https:\/\/printaberlin.de\/wp-content\/uploads\/2025\/03\/Frame-37-1536x301.png 1536w, https:\/\/printaberlin.de\/wp-content\/uploads\/2025\/03\/Frame-37-260x51.png 260w, https:\/\/printaberlin.de\/wp-content\/uploads\/2025\/03\/Frame-37-500x98.png 500w, https:\/\/printaberlin.de\/wp-content\/uploads\/2025\/03\/Frame-37.png 1650w\" sizes=\"(max-width: 300px) 100vw, 300px\" \/><\/p>\n<div class=\"mb-3\">\n<div class=\"child-p:mb-2 last:child-p:mb-0\">\n<div class=\"child-p:mb-2 last:child-p:mb-0\"><\/div>\n<\/div>\n<\/div>\n","protected":false},"excerpt":{"rendered":"<p>Enganliegendes Polo aus 100 % Bio-Baumwolle, ideal f\u00fcr Druck und Stickerei.<br \/>\n<strong>By Stanley Stella<\/strong><\/p>\n","protected":false},"featured_media":26382,"comment_status":"open","ping_status":"closed","template":"","meta":{"nf_dc_page":""},"product_brand":[32],"product_cat":[436],"product_tag":[438],"producproduct-categroyt-categroy":[],"class_list":{"0":"post-25791","1":"product","2":"type-product","3":"status-publish","4":"has-post-thumbnail","6":"product_brand-stanley-stella","7":"product_cat-poloshirt-bedrucken","8":"product_tag-women","10":"first","11":"instock","12":"shipping-taxable","13":"purchasable","14":"product-type-variable","15":"has-default-attributes","16":"wvs-archive-product-wrapper"},"yoast_head":"<!-- This site is optimized with the Yoast SEO Premium plugin v24.6 (Yoast SEO v27.4) - https:\/\/yoast.com\/product\/yoast-seo-premium-wordpress\/ -->\n<title>Stella Coaster Polo | Printa Berlin | Textilien und T-Shirts Bedrucken<\/title>\n<meta name=\"description\" content=\"Das Stella Coaster Polo aus 100 % Bio-Baumwolle bietet Komfort und Langlebigkeit. Personalisieren Sie es mit DTF-Druck, Siebdruck oder Stickerei.\" \/>\n<meta name=\"robots\" content=\"index, follow, max-snippet:-1, max-image-preview:large, max-video-preview:-1\" \/>\n<link rel=\"canonical\" href=\"https:\/\/printaberlin.de\/en\/product\/stella-coaster-polo\/\" \/>\n<meta property=\"og:locale\" content=\"en_US\" \/>\n<meta property=\"og:type\" content=\"article\" \/>\n<meta property=\"og:title\" content=\"Stella Coaster Polo\" \/>\n<meta property=\"og:description\" content=\"Das Stella Coaster Polo aus 100 % Bio-Baumwolle bietet Komfort und Langlebigkeit. Personalisieren Sie es mit DTF-Druck, Siebdruck oder Stickerei.\" \/>\n<meta property=\"og:url\" content=\"https:\/\/printaberlin.de\/en\/product\/stella-coaster-polo\/\" \/>\n<meta property=\"og:site_name\" content=\"Printa Berlin | Textilien und T-Shirts Bedrucken\" \/>\n<meta property=\"article:modified_time\" content=\"2025-09-21T20:36:34+00:00\" \/>\n<meta property=\"og:image\" content=\"https:\/\/printaberlin.de\/wp-content\/uploads\/2025\/09\/gddg.png\" \/>\n\t<meta property=\"og:image:width\" content=\"292\" \/>\n\t<meta property=\"og:image:height\" content=\"365\" \/>\n\t<meta property=\"og:image:type\" content=\"image\/png\" \/>\n<meta name=\"twitter:card\" content=\"summary_large_image\" \/>\n<meta name=\"twitter:label1\" content=\"Availability\" \/>\n\t<meta name=\"twitter:data1\" content=\"In stock\" \/>\n<script type=\"application\/ld+json\" class=\"yoast-schema-graph\">{\"@context\":\"https:\\\/\\\/schema.org\",\"@graph\":[{\"@type\":\"WebPage\",\"@id\":\"https:\\\/\\\/printaberlin.de\\\/en\\\/product\\\/stella-coaster-polo\\\/\",\"url\":\"https:\\\/\\\/printaberlin.de\\\/en\\\/product\\\/stella-coaster-polo\\\/\",\"name\":\"Stella Coaster Polo | Printa Berlin | Textilien und T-Shirts Bedrucken\",\"isPartOf\":{\"@id\":\"https:\\\/\\\/printaberlin.de\\\/en\\\/#website\"},\"primaryImageOfPage\":{\"@id\":\"https:\\\/\\\/printaberlin.de\\\/en\\\/product\\\/stella-coaster-polo\\\/#primaryimage\"},\"image\":{\"@id\":\"https:\\\/\\\/printaberlin.de\\\/en\\\/product\\\/stella-coaster-polo\\\/#primaryimage\"},\"thumbnailUrl\":\"https:\\\/\\\/printaberlin.de\\\/wp-content\\\/uploads\\\/2025\\\/09\\\/gddg.png\",\"datePublished\":\"2025-03-08T20:07:38+00:00\",\"dateModified\":\"2025-09-21T20:36:34+00:00\",\"description\":\"Das Stella Coaster Polo aus 100 % Bio-Baumwolle bietet Komfort und Langlebigkeit. Personalisieren Sie es mit DTF-Druck, Siebdruck oder Stickerei.\",\"breadcrumb\":{\"@id\":\"https:\\\/\\\/printaberlin.de\\\/en\\\/product\\\/stella-coaster-polo\\\/#breadcrumb\"},\"inLanguage\":\"en-US\",\"potentialAction\":[{\"@type\":\"ReadAction\",\"target\":[\"https:\\\/\\\/printaberlin.de\\\/en\\\/product\\\/stella-coaster-polo\\\/\"]}]},{\"@type\":\"ImageObject\",\"inLanguage\":\"en-US\",\"@id\":\"https:\\\/\\\/printaberlin.de\\\/en\\\/product\\\/stella-coaster-polo\\\/#primaryimage\",\"url\":\"https:\\\/\\\/printaberlin.de\\\/wp-content\\\/uploads\\\/2025\\\/09\\\/gddg.png\",\"contentUrl\":\"https:\\\/\\\/printaberlin.de\\\/wp-content\\\/uploads\\\/2025\\\/09\\\/gddg.png\",\"width\":292,\"height\":365},{\"@type\":\"BreadcrumbList\",\"@id\":\"https:\\\/\\\/printaberlin.de\\\/en\\\/product\\\/stella-coaster-polo\\\/#breadcrumb\",\"itemListElement\":[{\"@type\":\"ListItem\",\"position\":1,\"name\":\"Home\",\"item\":\"https:\\\/\\\/printaberlin.de\\\/en\\\/\"},{\"@type\":\"ListItem\",\"position\":2,\"name\":\"Shop\",\"item\":\"https:\\\/\\\/printaberlin.de\\\/en\\\/shop\\\/\"},{\"@type\":\"ListItem\",\"position\":3,\"name\":\"Stella Coaster Polo\"}]},{\"@type\":\"WebSite\",\"@id\":\"https:\\\/\\\/printaberlin.de\\\/en\\\/#website\",\"url\":\"https:\\\/\\\/printaberlin.de\\\/en\\\/\",\"name\":\"Printa Berlin | Textilien und T-Shirts Bedrucken\",\"description\":\"Entdecken Sie Printa Berlin \u2013 Ihr Experte f\u00fcr personalisierten Druck! T-Shirts, Poloshirts, Hoodies, Sweatshirts, Taschen, Caps und mehr.\",\"publisher\":{\"@id\":\"https:\\\/\\\/printaberlin.de\\\/en\\\/#organization\"},\"potentialAction\":[{\"@type\":\"SearchAction\",\"target\":{\"@type\":\"EntryPoint\",\"urlTemplate\":\"https:\\\/\\\/printaberlin.de\\\/en\\\/?s={search_term_string}\"},\"query-input\":{\"@type\":\"PropertyValueSpecification\",\"valueRequired\":true,\"valueName\":\"search_term_string\"}}],\"inLanguage\":\"en-US\"},{\"@type\":\"Organization\",\"@id\":\"https:\\\/\\\/printaberlin.de\\\/en\\\/#organization\",\"name\":\"Printa Berlin\",\"url\":\"https:\\\/\\\/printaberlin.de\\\/en\\\/\",\"logo\":{\"@type\":\"ImageObject\",\"inLanguage\":\"en-US\",\"@id\":\"https:\\\/\\\/printaberlin.de\\\/en\\\/#\\\/schema\\\/logo\\\/image\\\/\",\"url\":\"https:\\\/\\\/printaberlin.de\\\/wp-content\\\/uploads\\\/2025\\\/03\\\/csdsdcdsc.png\",\"contentUrl\":\"https:\\\/\\\/printaberlin.de\\\/wp-content\\\/uploads\\\/2025\\\/03\\\/csdsdcdsc.png\",\"width\":512,\"height\":512,\"caption\":\"Printa Berlin\"},\"image\":{\"@id\":\"https:\\\/\\\/printaberlin.de\\\/en\\\/#\\\/schema\\\/logo\\\/image\\\/\"},\"sameAs\":[\"https:\\\/\\\/www.instagram.com\\\/printaberlin\\\/\"]}]}<\/script>\n<meta property=\"og:availability\" content=\"instock\" \/>\n<meta property=\"product:availability\" content=\"instock\" \/>\n<meta property=\"product:retailer_item_id\" content=\"PR09\" \/>\n<meta property=\"product:condition\" content=\"new\" \/>\n<!-- \/ Yoast SEO Premium plugin. -->","yoast_head_json":{"title":"Stella Coaster Polo | Printa Berlin | Textilien und T-Shirts Bedrucken","description":"Das Stella Coaster Polo aus 100 % Bio-Baumwolle bietet Komfort und Langlebigkeit. Personalisieren Sie es mit DTF-Druck, Siebdruck oder Stickerei.","robots":{"index":"index","follow":"follow","max-snippet":"max-snippet:-1","max-image-preview":"max-image-preview:large","max-video-preview":"max-video-preview:-1"},"canonical":"https:\/\/printaberlin.de\/en\/product\/stella-coaster-polo\/","og_locale":"en_US","og_type":"article","og_title":"Stella Coaster Polo","og_description":"Das Stella Coaster Polo aus 100 % Bio-Baumwolle bietet Komfort und Langlebigkeit. Personalisieren Sie es mit DTF-Druck, Siebdruck oder Stickerei.","og_url":"https:\/\/printaberlin.de\/en\/product\/stella-coaster-polo\/","og_site_name":"Printa Berlin | Textilien und T-Shirts Bedrucken","article_modified_time":"2025-09-21T20:36:34+00:00","og_image":[{"width":292,"height":365,"url":"https:\/\/printaberlin.de\/wp-content\/uploads\/2025\/09\/gddg.png","type":"image\/png"}],"twitter_card":"summary_large_image","twitter_misc":{"Availability":"In stock"},"schema":{"@context":"https:\/\/schema.org","@graph":[{"@type":"WebPage","@id":"https:\/\/printaberlin.de\/en\/product\/stella-coaster-polo\/","url":"https:\/\/printaberlin.de\/en\/product\/stella-coaster-polo\/","name":"Stella Coaster Polo | Printa Berlin | Textilien und T-Shirts Bedrucken","isPartOf":{"@id":"https:\/\/printaberlin.de\/en\/#website"},"primaryImageOfPage":{"@id":"https:\/\/printaberlin.de\/en\/product\/stella-coaster-polo\/#primaryimage"},"image":{"@id":"https:\/\/printaberlin.de\/en\/product\/stella-coaster-polo\/#primaryimage"},"thumbnailUrl":"https:\/\/printaberlin.de\/wp-content\/uploads\/2025\/09\/gddg.png","datePublished":"2025-03-08T20:07:38+00:00","dateModified":"2025-09-21T20:36:34+00:00","description":"Das Stella Coaster Polo aus 100 % Bio-Baumwolle bietet Komfort und Langlebigkeit. Personalisieren Sie es mit DTF-Druck, Siebdruck oder Stickerei.","breadcrumb":{"@id":"https:\/\/printaberlin.de\/en\/product\/stella-coaster-polo\/#breadcrumb"},"inLanguage":"en-US","potentialAction":[{"@type":"ReadAction","target":["https:\/\/printaberlin.de\/en\/product\/stella-coaster-polo\/"]}]},{"@type":"ImageObject","inLanguage":"en-US","@id":"https:\/\/printaberlin.de\/en\/product\/stella-coaster-polo\/#primaryimage","url":"https:\/\/printaberlin.de\/wp-content\/uploads\/2025\/09\/gddg.png","contentUrl":"https:\/\/printaberlin.de\/wp-content\/uploads\/2025\/09\/gddg.png","width":292,"height":365},{"@type":"BreadcrumbList","@id":"https:\/\/printaberlin.de\/en\/product\/stella-coaster-polo\/#breadcrumb","itemListElement":[{"@type":"ListItem","position":1,"name":"Home","item":"https:\/\/printaberlin.de\/en\/"},{"@type":"ListItem","position":2,"name":"Shop","item":"https:\/\/printaberlin.de\/en\/shop\/"},{"@type":"ListItem","position":3,"name":"Stella Coaster Polo"}]},{"@type":"WebSite","@id":"https:\/\/printaberlin.de\/en\/#website","url":"https:\/\/printaberlin.de\/en\/","name":"Printa Berlin | Textilien und T-Shirts Bedrucken","description":"Entdecken Sie Printa Berlin \u2013 Ihr Experte f\u00fcr personalisierten Druck! T-Shirts, Poloshirts, Hoodies, Sweatshirts, Taschen, Caps und mehr.","publisher":{"@id":"https:\/\/printaberlin.de\/en\/#organization"},"potentialAction":[{"@type":"SearchAction","target":{"@type":"EntryPoint","urlTemplate":"https:\/\/printaberlin.de\/en\/?s={search_term_string}"},"query-input":{"@type":"PropertyValueSpecification","valueRequired":true,"valueName":"search_term_string"}}],"inLanguage":"en-US"},{"@type":"Organization","@id":"https:\/\/printaberlin.de\/en\/#organization","name":"Printa Berlin","url":"https:\/\/printaberlin.de\/en\/","logo":{"@type":"ImageObject","inLanguage":"en-US","@id":"https:\/\/printaberlin.de\/en\/#\/schema\/logo\/image\/","url":"https:\/\/printaberlin.de\/wp-content\/uploads\/2025\/03\/csdsdcdsc.png","contentUrl":"https:\/\/printaberlin.de\/wp-content\/uploads\/2025\/03\/csdsdcdsc.png","width":512,"height":512,"caption":"Printa Berlin"},"image":{"@id":"https:\/\/printaberlin.de\/en\/#\/schema\/logo\/image\/"},"sameAs":["https:\/\/www.instagram.com\/printaberlin\/"]}]},"og_availability":"instock","product_availability":"instock","product_retailer_item_id":"PR09","product_condition":"new"},"_links":{"self":[{"href":"https:\/\/printaberlin.de\/en\/wp-json\/wp\/v2\/product\/25791","targetHints":{"allow":["GET"]}}],"collection":[{"href":"https:\/\/printaberlin.de\/en\/wp-json\/wp\/v2\/product"}],"about":[{"href":"https:\/\/printaberlin.de\/en\/wp-json\/wp\/v2\/types\/product"}],"replies":[{"embeddable":true,"href":"https:\/\/printaberlin.de\/en\/wp-json\/wp\/v2\/comments?post=25791"}],"wp:featuredmedia":[{"embeddable":true,"href":"https:\/\/printaberlin.de\/en\/wp-json\/wp\/v2\/media\/26382"}],"wp:attachment":[{"href":"https:\/\/printaberlin.de\/en\/wp-json\/wp\/v2\/media?parent=25791"}],"wp:term":[{"taxonomy":"product_brand","embeddable":true,"href":"https:\/\/printaberlin.de\/en\/wp-json\/wp\/v2\/product_brand?post=25791"},{"taxonomy":"product_cat","embeddable":true,"href":"https:\/\/printaberlin.de\/en\/wp-json\/wp\/v2\/product_cat?post=25791"},{"taxonomy":"product_tag","embeddable":true,"href":"https:\/\/printaberlin.de\/en\/wp-json\/wp\/v2\/product_tag?post=25791"},{"taxonomy":"producproduct-categroyt-categroy","embeddable":true,"href":"https:\/\/printaberlin.de\/en\/wp-json\/wp\/v2\/producproduct-categroyt-categroy?post=25791"}],"curies":[{"name":"wp","href":"https:\/\/api.w.org\/{rel}","templated":true}]}}