{"id":25778,"date":"2025-03-08T21:43:48","date_gmt":"2025-03-08T21:43:48","guid":{"rendered":"https:\/\/printaberlin.de\/product\/softstyle-polo\/"},"modified":"2025-09-21T20:36:34","modified_gmt":"2025-09-21T20:36:34","slug":"softstyle-polo","status":"publish","type":"product","link":"https:\/\/printaberlin.de\/en\/product\/softstyle-polo\/","title":{"rendered":"Softstyle Polo"},"content":{"rendered":"<div class=\"mb-3\">\n<h4 data-start=\"0\" data-end=\"57\"><strong data-start=\"0\" data-end=\"57\">Softstyle Polo: Komfortabel, Nachhaltig und Anpassbar<\/strong><\/h4>\n<p class=\"\" data-start=\"59\" data-end=\"589\">Das <strong data-start=\"63\" data-end=\"81\">Softstyle Polo<\/strong> von Gildan\u00ae (Modell 64800) ist das ideale Poloshirt f\u00fcr alle, die Komfort, Langlebigkeit und Nachhaltigkeit sch\u00e4tzen. Hergestellt aus 100 % ringgesponnener Baumwolle bietet dieses Polo eine weiche und atmungsaktive Oberfl\u00e4che, die perfekt f\u00fcr <strong data-start=\"325\" data-end=\"338\">Stickerei<\/strong> und <strong data-start=\"343\" data-end=\"352\">Druck<\/strong> geeignet ist. Der weiche Stoff und das doppelt gestrickte Piqu\u00e9-Gewebe sorgen f\u00fcr eine angenehme Passform und sind gleichzeitig langlebig, was das Poloshirt zu einer ausgezeichneten Wahl f\u00fcr Teamwear oder personalisierte Kleidung macht.<\/p>\n<p class=\"\" data-start=\"591\" data-end=\"1103\">Mit einem Gewicht von 5,2 oz\/yd\u00b2 (ca. 176 g\/m\u00b2) ist das <strong data-start=\"647\" data-end=\"665\">Softstyle Polo<\/strong> leicht, aber dennoch robust. Es verf\u00fcgt \u00fcber eine saubere Knopfleiste, die farblich abgestimmt ist, sowie \u00fcber nach vorne gerollte Schultern f\u00fcr zus\u00e4tzlichen Komfort und eine moderne Passform. Das Poloshirt hat eine moderne, klassische Passform und bietet durch die seitlichen N\u00e4hte eine tolle Silhouette. Ein weiteres Highlight ist das hochleistungsf\u00e4hige, recycelbare Tear-Away-Etikett, das eine einfache Neupersonalisation erm\u00f6glicht.<\/p>\n<h4 data-start=\"1105\" data-end=\"1141\"><strong data-start=\"1105\" data-end=\"1141\">Hauptmerkmale des Softstyle Polo<\/strong><\/h4>\n<ul data-start=\"1143\" data-end=\"1822\">\n<li class=\"\" data-start=\"1143\" data-end=\"1226\">\n<p class=\"\" data-start=\"1145\" data-end=\"1226\"><strong data-start=\"1145\" data-end=\"1179\">100 % ringgesponnene Baumwolle<\/strong> f\u00fcr eine weiche und atmungsaktive Oberfl\u00e4che<\/p>\n<\/li>\n<li class=\"\" data-start=\"1227\" data-end=\"1321\">\n<p class=\"\" data-start=\"1229\" data-end=\"1321\"><strong data-start=\"1229\" data-end=\"1265\">Doppelt gestricktes Piqu\u00e9-Gewebe<\/strong> f\u00fcr erh\u00f6hte Atmungsaktivit\u00e4t und bessere Druckbarkeit<\/p>\n<\/li>\n<li class=\"\" data-start=\"1322\" data-end=\"1408\">\n<p class=\"\" data-start=\"1324\" data-end=\"1408\"><strong data-start=\"1324\" data-end=\"1347\">Saubere Knopfleiste<\/strong> mit farblich abgestimmten Kn\u00f6pfen f\u00fcr ein elegantes Design<\/p>\n<\/li>\n<li class=\"\" data-start=\"1409\" data-end=\"1492\">\n<p class=\"\" data-start=\"1411\" data-end=\"1492\"><strong data-start=\"1411\" data-end=\"1444\">Nach vorne gerollte Schultern<\/strong> f\u00fcr zus\u00e4tzliche Bewegungsfreiheit und Komfort<\/p>\n<\/li>\n<li class=\"\" data-start=\"1493\" data-end=\"1555\">\n<p class=\"\" data-start=\"1495\" data-end=\"1555\"><strong data-start=\"1495\" data-end=\"1527\">Moderne, klassische Passform<\/strong> f\u00fcr einen stilvollen Look<\/p>\n<\/li>\n<li class=\"\" data-start=\"1556\" data-end=\"1606\">\n<p class=\"\" data-start=\"1558\" data-end=\"1606\"><strong data-start=\"1558\" data-end=\"1573\">Seitenn\u00e4hte<\/strong> f\u00fcr eine passgenaue Silhouette<\/p>\n<\/li>\n<li class=\"\" data-start=\"1607\" data-end=\"1699\">\n<p class=\"\" data-start=\"1609\" data-end=\"1699\"><strong data-start=\"1609\" data-end=\"1665\">Hochleistungsf\u00e4higes, recycelbares Tear-Away-Etikett<\/strong> f\u00fcr einfache Neupersonalisation<\/p>\n<\/li>\n<li class=\"\" data-start=\"1700\" data-end=\"1764\">\n<p class=\"\" data-start=\"1702\" data-end=\"1764\"><strong data-start=\"1702\" data-end=\"1718\">Vorgewaschen<\/strong> f\u00fcr eine bessere Passform und Langlebigkeit<\/p>\n<\/li>\n<li class=\"\" data-start=\"1765\" data-end=\"1822\">\n<p class=\"\" data-start=\"1767\" data-end=\"1822\"><strong data-start=\"1767\" data-end=\"1820\">OEKO-TEX-zertifizierte, umweltfreundliche F\u00e4rbung<\/strong><\/p>\n<\/li>\n<\/ul>\n<h4 data-start=\"1824\" data-end=\"1885\"><strong data-start=\"1824\" data-end=\"1885\">Individuelle Druckdienstleistungen f\u00fcr Ihr Softstyle Polo<\/strong><\/h4>\n<p class=\"\" data-start=\"1887\" data-end=\"2081\">Verleihen Sie Ihrem <strong data-start=\"1907\" data-end=\"1925\">Polo<\/strong> eine pers\u00f6nliche Note mit unseren professionellen <strong data-start=\"1976\" data-end=\"2001\">Druckdienstleistungen<\/strong>. W\u00e4hlen Sie aus einer Vielzahl von Techniken, um Ihr Design perfekt umzusetzen:<\/p>\n<ul data-start=\"2083\" data-end=\"2283\">\n<li class=\"\" data-start=\"2083\" data-end=\"2141\">\n<p class=\"\" data-start=\"2085\" data-end=\"2141\"><strong data-start=\"2085\" data-end=\"2098\">DTF-Druck<\/strong>: Ideal f\u00fcr lebendige, langlebige Designs<\/p>\n<\/li>\n<li class=\"\" data-start=\"2142\" data-end=\"2213\">\n<p class=\"\" data-start=\"2144\" data-end=\"2213\"><strong data-start=\"2144\" data-end=\"2157\">Siebdruck<\/strong>: Perfekt f\u00fcr kr\u00e4ftige, gro\u00dffl\u00e4chige Logos und Designs<\/p>\n<\/li>\n<li class=\"\" data-start=\"2214\" data-end=\"2283\">\n<p class=\"\" data-start=\"2216\" data-end=\"2283\"><strong data-start=\"2216\" data-end=\"2229\">Stickerei<\/strong>: Verleiht Ihrem Polo eine edle und hochwertige Note<\/p>\n<\/li>\n<\/ul>\n<h4 data-start=\"2285\" data-end=\"2321\"><strong data-start=\"2285\" data-end=\"2321\">Warum das Softstyle Polo w\u00e4hlen?<\/strong><\/h4>\n<p class=\"\" data-start=\"2323\" data-end=\"2842\">Das <strong data-start=\"2327\" data-end=\"2345\">Polo<\/strong> von Gildan\u00ae bietet nicht nur eine erstklassige Passform und ein angenehmes Tragegef\u00fchl, sondern ist auch eine nachhaltige Wahl. Hergestellt mit <strong data-start=\"2490\" data-end=\"2502\">OEKO-TEX<\/strong>-zertifizierten Farben und in Zusammenarbeit mit der <strong data-start=\"2555\" data-end=\"2583\">Better Cotton Initiative<\/strong> f\u00fcr nachhaltige Baumwollproduktion, ist dieses Polo ideal f\u00fcr personalisierte Kleidung, die umweltbewusst ist. Nutzen Sie unsere <strong data-start=\"2713\" data-end=\"2738\">Druckdienstleistungen<\/strong>, um Ihr individuelles Design zu erstellen und Ihr Polo zu einem einzigartigen Kleidungsst\u00fcck zu machen.<\/p>\n<p data-start=\"737\" data-end=\"1165\" data-is-last-node=\"\" data-is-only-node=\"\"><img decoding=\"async\" class=\"alignnone size-medium wp-image-7421\" src=\"https:\/\/printaberlin.de\/staging\/2315\/wp-content\/uploads\/2025\/02\/ecc-300x57.png\" alt=\"\" width=\"300\" height=\"57\" srcset=\"https:\/\/printaberlin.de\/wp-content\/uploads\/2025\/02\/ecc-300x57.png 300w, https:\/\/printaberlin.de\/wp-content\/uploads\/2025\/02\/ecc-260x49.png 260w, https:\/\/printaberlin.de\/wp-content\/uploads\/2025\/02\/ecc-500x95.png 500w, https:\/\/printaberlin.de\/wp-content\/uploads\/2025\/02\/ecc.png 692w\" sizes=\"(max-width: 300px) 100vw, 300px\" \/><\/p>\n<\/div>\n<div class=\"mb-3\">\n<div class=\"child-p:mb-2 last:child-p:mb-0\">\n<div class=\"child-p:mb-2 last:child-p:mb-0\"><\/div>\n<\/div>\n<\/div>\n","protected":false},"excerpt":{"rendered":"<p>Bequemes Softstyle Polo aus 100 % ringgesponnener Baumwolle.<br \/>\n<strong>By Gildan<\/strong><\/p>\n","protected":false},"featured_media":26384,"comment_status":"open","ping_status":"closed","template":"","meta":{"nf_dc_page":""},"product_brand":[47],"product_cat":[436],"product_tag":[435],"producproduct-categroyt-categroy":[],"class_list":{"0":"post-25778","1":"product","2":"type-product","3":"status-publish","4":"has-post-thumbnail","6":"product_brand-gildan","7":"product_cat-poloshirt-bedrucken","8":"product_tag-unisexmen","10":"first","11":"instock","12":"shipping-taxable","13":"purchasable","14":"product-type-variable","15":"has-default-attributes","16":"wvs-archive-product-wrapper"},"yoast_head":"<!-- This site is optimized with the Yoast SEO Premium plugin v24.6 (Yoast SEO v27.4) - https:\/\/yoast.com\/product\/yoast-seo-premium-wordpress\/ -->\n<title>Softstyle Polo | Printa Berlin | Textilien und T-Shirts Bedrucken<\/title>\n<meta name=\"description\" content=\"Das Softstyle Polo von Gildan\u00ae aus 100 % ringgesponnener Baumwolle bietet Komfort und Langlebigkeit. Personalisieren Sie es mit siebdruck und mehr.\" \/>\n<meta name=\"robots\" content=\"index, follow, max-snippet:-1, max-image-preview:large, max-video-preview:-1\" \/>\n<link rel=\"canonical\" href=\"https:\/\/printaberlin.de\/en\/product\/softstyle-polo\/\" \/>\n<meta property=\"og:locale\" content=\"en_US\" \/>\n<meta property=\"og:type\" content=\"article\" \/>\n<meta property=\"og:title\" content=\"Softstyle Polo\" \/>\n<meta property=\"og:description\" content=\"Das Softstyle Polo von Gildan\u00ae aus 100 % ringgesponnener Baumwolle bietet Komfort und Langlebigkeit. Personalisieren Sie es mit siebdruck und mehr.\" \/>\n<meta property=\"og:url\" content=\"https:\/\/printaberlin.de\/en\/product\/softstyle-polo\/\" \/>\n<meta property=\"og:site_name\" content=\"Printa Berlin | Textilien und T-Shirts Bedrucken\" \/>\n<meta property=\"article:modified_time\" content=\"2025-09-21T20:36:34+00:00\" \/>\n<meta property=\"og:image\" content=\"https:\/\/printaberlin.de\/wp-content\/uploads\/2025\/09\/gdgdrt.png\" \/>\n\t<meta property=\"og:image:width\" content=\"292\" \/>\n\t<meta property=\"og:image:height\" content=\"366\" \/>\n\t<meta property=\"og:image:type\" content=\"image\/png\" \/>\n<meta name=\"twitter:card\" content=\"summary_large_image\" \/>\n<meta name=\"twitter:label1\" content=\"Availability\" \/>\n\t<meta name=\"twitter:data1\" content=\"In stock\" \/>\n<script type=\"application\/ld+json\" class=\"yoast-schema-graph\">{\"@context\":\"https:\\\/\\\/schema.org\",\"@graph\":[{\"@type\":\"WebPage\",\"@id\":\"https:\\\/\\\/printaberlin.de\\\/en\\\/product\\\/softstyle-polo\\\/\",\"url\":\"https:\\\/\\\/printaberlin.de\\\/en\\\/product\\\/softstyle-polo\\\/\",\"name\":\"Softstyle Polo | Printa Berlin | Textilien und T-Shirts Bedrucken\",\"isPartOf\":{\"@id\":\"https:\\\/\\\/printaberlin.de\\\/en\\\/#website\"},\"primaryImageOfPage\":{\"@id\":\"https:\\\/\\\/printaberlin.de\\\/en\\\/product\\\/softstyle-polo\\\/#primaryimage\"},\"image\":{\"@id\":\"https:\\\/\\\/printaberlin.de\\\/en\\\/product\\\/softstyle-polo\\\/#primaryimage\"},\"thumbnailUrl\":\"https:\\\/\\\/printaberlin.de\\\/wp-content\\\/uploads\\\/2025\\\/09\\\/gdgdrt.png\",\"datePublished\":\"2025-03-08T21:43:48+00:00\",\"dateModified\":\"2025-09-21T20:36:34+00:00\",\"description\":\"Das Softstyle Polo von Gildan\u00ae aus 100 % ringgesponnener Baumwolle bietet Komfort und Langlebigkeit. Personalisieren Sie es mit siebdruck und mehr.\",\"breadcrumb\":{\"@id\":\"https:\\\/\\\/printaberlin.de\\\/en\\\/product\\\/softstyle-polo\\\/#breadcrumb\"},\"inLanguage\":\"en-US\",\"potentialAction\":[{\"@type\":\"ReadAction\",\"target\":[\"https:\\\/\\\/printaberlin.de\\\/en\\\/product\\\/softstyle-polo\\\/\"]}]},{\"@type\":\"ImageObject\",\"inLanguage\":\"en-US\",\"@id\":\"https:\\\/\\\/printaberlin.de\\\/en\\\/product\\\/softstyle-polo\\\/#primaryimage\",\"url\":\"https:\\\/\\\/printaberlin.de\\\/wp-content\\\/uploads\\\/2025\\\/09\\\/gdgdrt.png\",\"contentUrl\":\"https:\\\/\\\/printaberlin.de\\\/wp-content\\\/uploads\\\/2025\\\/09\\\/gdgdrt.png\",\"width\":292,\"height\":366},{\"@type\":\"BreadcrumbList\",\"@id\":\"https:\\\/\\\/printaberlin.de\\\/en\\\/product\\\/softstyle-polo\\\/#breadcrumb\",\"itemListElement\":[{\"@type\":\"ListItem\",\"position\":1,\"name\":\"Home\",\"item\":\"https:\\\/\\\/printaberlin.de\\\/en\\\/\"},{\"@type\":\"ListItem\",\"position\":2,\"name\":\"Shop\",\"item\":\"https:\\\/\\\/printaberlin.de\\\/en\\\/shop\\\/\"},{\"@type\":\"ListItem\",\"position\":3,\"name\":\"Softstyle Polo\"}]},{\"@type\":\"WebSite\",\"@id\":\"https:\\\/\\\/printaberlin.de\\\/en\\\/#website\",\"url\":\"https:\\\/\\\/printaberlin.de\\\/en\\\/\",\"name\":\"Printa Berlin | Textilien und T-Shirts Bedrucken\",\"description\":\"Entdecken Sie Printa Berlin \u2013 Ihr Experte f\u00fcr personalisierten Druck! T-Shirts, Poloshirts, Hoodies, Sweatshirts, Taschen, Caps und mehr.\",\"publisher\":{\"@id\":\"https:\\\/\\\/printaberlin.de\\\/en\\\/#organization\"},\"potentialAction\":[{\"@type\":\"SearchAction\",\"target\":{\"@type\":\"EntryPoint\",\"urlTemplate\":\"https:\\\/\\\/printaberlin.de\\\/en\\\/?s={search_term_string}\"},\"query-input\":{\"@type\":\"PropertyValueSpecification\",\"valueRequired\":true,\"valueName\":\"search_term_string\"}}],\"inLanguage\":\"en-US\"},{\"@type\":\"Organization\",\"@id\":\"https:\\\/\\\/printaberlin.de\\\/en\\\/#organization\",\"name\":\"Printa Berlin\",\"url\":\"https:\\\/\\\/printaberlin.de\\\/en\\\/\",\"logo\":{\"@type\":\"ImageObject\",\"inLanguage\":\"en-US\",\"@id\":\"https:\\\/\\\/printaberlin.de\\\/en\\\/#\\\/schema\\\/logo\\\/image\\\/\",\"url\":\"https:\\\/\\\/printaberlin.de\\\/wp-content\\\/uploads\\\/2025\\\/03\\\/csdsdcdsc.png\",\"contentUrl\":\"https:\\\/\\\/printaberlin.de\\\/wp-content\\\/uploads\\\/2025\\\/03\\\/csdsdcdsc.png\",\"width\":512,\"height\":512,\"caption\":\"Printa Berlin\"},\"image\":{\"@id\":\"https:\\\/\\\/printaberlin.de\\\/en\\\/#\\\/schema\\\/logo\\\/image\\\/\"},\"sameAs\":[\"https:\\\/\\\/www.instagram.com\\\/printaberlin\\\/\"]}]}<\/script>\n<meta property=\"og:availability\" content=\"instock\" \/>\n<meta property=\"product:availability\" content=\"instock\" \/>\n<meta property=\"product:retailer_item_id\" content=\"PR07\" \/>\n<meta property=\"product:condition\" content=\"new\" \/>\n<!-- \/ Yoast SEO Premium plugin. -->","yoast_head_json":{"title":"Softstyle Polo | Printa Berlin | Textilien und T-Shirts Bedrucken","description":"Das Softstyle Polo von Gildan\u00ae aus 100 % ringgesponnener Baumwolle bietet Komfort und Langlebigkeit. Personalisieren Sie es mit siebdruck und mehr.","robots":{"index":"index","follow":"follow","max-snippet":"max-snippet:-1","max-image-preview":"max-image-preview:large","max-video-preview":"max-video-preview:-1"},"canonical":"https:\/\/printaberlin.de\/en\/product\/softstyle-polo\/","og_locale":"en_US","og_type":"article","og_title":"Softstyle Polo","og_description":"Das Softstyle Polo von Gildan\u00ae aus 100 % ringgesponnener Baumwolle bietet Komfort und Langlebigkeit. Personalisieren Sie es mit siebdruck und mehr.","og_url":"https:\/\/printaberlin.de\/en\/product\/softstyle-polo\/","og_site_name":"Printa Berlin | Textilien und T-Shirts Bedrucken","article_modified_time":"2025-09-21T20:36:34+00:00","og_image":[{"width":292,"height":366,"url":"https:\/\/printaberlin.de\/wp-content\/uploads\/2025\/09\/gdgdrt.png","type":"image\/png"}],"twitter_card":"summary_large_image","twitter_misc":{"Availability":"In stock"},"schema":{"@context":"https:\/\/schema.org","@graph":[{"@type":"WebPage","@id":"https:\/\/printaberlin.de\/en\/product\/softstyle-polo\/","url":"https:\/\/printaberlin.de\/en\/product\/softstyle-polo\/","name":"Softstyle Polo | Printa Berlin | Textilien und T-Shirts Bedrucken","isPartOf":{"@id":"https:\/\/printaberlin.de\/en\/#website"},"primaryImageOfPage":{"@id":"https:\/\/printaberlin.de\/en\/product\/softstyle-polo\/#primaryimage"},"image":{"@id":"https:\/\/printaberlin.de\/en\/product\/softstyle-polo\/#primaryimage"},"thumbnailUrl":"https:\/\/printaberlin.de\/wp-content\/uploads\/2025\/09\/gdgdrt.png","datePublished":"2025-03-08T21:43:48+00:00","dateModified":"2025-09-21T20:36:34+00:00","description":"Das Softstyle Polo von Gildan\u00ae aus 100 % ringgesponnener Baumwolle bietet Komfort und Langlebigkeit. Personalisieren Sie es mit siebdruck und mehr.","breadcrumb":{"@id":"https:\/\/printaberlin.de\/en\/product\/softstyle-polo\/#breadcrumb"},"inLanguage":"en-US","potentialAction":[{"@type":"ReadAction","target":["https:\/\/printaberlin.de\/en\/product\/softstyle-polo\/"]}]},{"@type":"ImageObject","inLanguage":"en-US","@id":"https:\/\/printaberlin.de\/en\/product\/softstyle-polo\/#primaryimage","url":"https:\/\/printaberlin.de\/wp-content\/uploads\/2025\/09\/gdgdrt.png","contentUrl":"https:\/\/printaberlin.de\/wp-content\/uploads\/2025\/09\/gdgdrt.png","width":292,"height":366},{"@type":"BreadcrumbList","@id":"https:\/\/printaberlin.de\/en\/product\/softstyle-polo\/#breadcrumb","itemListElement":[{"@type":"ListItem","position":1,"name":"Home","item":"https:\/\/printaberlin.de\/en\/"},{"@type":"ListItem","position":2,"name":"Shop","item":"https:\/\/printaberlin.de\/en\/shop\/"},{"@type":"ListItem","position":3,"name":"Softstyle Polo"}]},{"@type":"WebSite","@id":"https:\/\/printaberlin.de\/en\/#website","url":"https:\/\/printaberlin.de\/en\/","name":"Printa Berlin | Textilien und T-Shirts Bedrucken","description":"Entdecken Sie Printa Berlin \u2013 Ihr Experte f\u00fcr personalisierten Druck! T-Shirts, Poloshirts, Hoodies, Sweatshirts, Taschen, Caps und mehr.","publisher":{"@id":"https:\/\/printaberlin.de\/en\/#organization"},"potentialAction":[{"@type":"SearchAction","target":{"@type":"EntryPoint","urlTemplate":"https:\/\/printaberlin.de\/en\/?s={search_term_string}"},"query-input":{"@type":"PropertyValueSpecification","valueRequired":true,"valueName":"search_term_string"}}],"inLanguage":"en-US"},{"@type":"Organization","@id":"https:\/\/printaberlin.de\/en\/#organization","name":"Printa Berlin","url":"https:\/\/printaberlin.de\/en\/","logo":{"@type":"ImageObject","inLanguage":"en-US","@id":"https:\/\/printaberlin.de\/en\/#\/schema\/logo\/image\/","url":"https:\/\/printaberlin.de\/wp-content\/uploads\/2025\/03\/csdsdcdsc.png","contentUrl":"https:\/\/printaberlin.de\/wp-content\/uploads\/2025\/03\/csdsdcdsc.png","width":512,"height":512,"caption":"Printa Berlin"},"image":{"@id":"https:\/\/printaberlin.de\/en\/#\/schema\/logo\/image\/"},"sameAs":["https:\/\/www.instagram.com\/printaberlin\/"]}]},"og_availability":"instock","product_availability":"instock","product_retailer_item_id":"PR07","product_condition":"new"},"_links":{"self":[{"href":"https:\/\/printaberlin.de\/en\/wp-json\/wp\/v2\/product\/25778","targetHints":{"allow":["GET"]}}],"collection":[{"href":"https:\/\/printaberlin.de\/en\/wp-json\/wp\/v2\/product"}],"about":[{"href":"https:\/\/printaberlin.de\/en\/wp-json\/wp\/v2\/types\/product"}],"replies":[{"embeddable":true,"href":"https:\/\/printaberlin.de\/en\/wp-json\/wp\/v2\/comments?post=25778"}],"wp:featuredmedia":[{"embeddable":true,"href":"https:\/\/printaberlin.de\/en\/wp-json\/wp\/v2\/media\/26384"}],"wp:attachment":[{"href":"https:\/\/printaberlin.de\/en\/wp-json\/wp\/v2\/media?parent=25778"}],"wp:term":[{"taxonomy":"product_brand","embeddable":true,"href":"https:\/\/printaberlin.de\/en\/wp-json\/wp\/v2\/product_brand?post=25778"},{"taxonomy":"product_cat","embeddable":true,"href":"https:\/\/printaberlin.de\/en\/wp-json\/wp\/v2\/product_cat?post=25778"},{"taxonomy":"product_tag","embeddable":true,"href":"https:\/\/printaberlin.de\/en\/wp-json\/wp\/v2\/product_tag?post=25778"},{"taxonomy":"producproduct-categroyt-categroy","embeddable":true,"href":"https:\/\/printaberlin.de\/en\/wp-json\/wp\/v2\/producproduct-categroyt-categroy?post=25778"}],"curies":[{"name":"wp","href":"https:\/\/api.w.org\/{rel}","templated":true}]}}