{"id":25768,"date":"2025-03-08T23:54:15","date_gmt":"2025-03-08T23:54:15","guid":{"rendered":"https:\/\/printaberlin.de\/product\/ultimate-cotton-polo\/"},"modified":"2025-09-21T20:36:28","modified_gmt":"2025-09-21T20:36:28","slug":"ultimate-cotton-polo","status":"publish","type":"product","link":"https:\/\/printaberlin.de\/en\/product\/ultimate-cotton-polo\/","title":{"rendered":"Ultimate Cotton Polo"},"content":{"rendered":"<div class=\"mb-3\">\n<h3 data-start=\"0\" data-end=\"61\"><strong data-start=\"0\" data-end=\"61\">Ultimate Cotton Polo: Komfort, Qualit\u00e4t und Anpassbarkeit<\/strong><\/h3>\n<p class=\"\" data-start=\"63\" data-end=\"692\">Das <strong data-start=\"67\" data-end=\"91\">Ultimate Cotton Polo<\/strong> von Russell Europe ist mehr als nur ein Standard-Poloshirt \u2013 es bietet Komfort, Haltbarkeit und eine exzellente Passform f\u00fcr den anspruchsvollen Tr\u00e4ger. Hergestellt aus 100 % gek\u00e4mmter, ringgesponnener Baumwolle, bietet dieses Polo-Shirt ein angenehmes Tragegef\u00fchl und eine besonders langlebige Struktur. Das feine, honeycomb Piqu\u00e9-Gewebe sorgt f\u00fcr eine zeitgem\u00e4\u00dfe Optik und verleiht dem Shirt eine au\u00dfergew\u00f6hnliche Textur, die sich ideal f\u00fcr <strong data-start=\"535\" data-end=\"544\">Druck<\/strong> und <strong data-start=\"549\" data-end=\"562\">Stickerei<\/strong> eignet. Mit einem Gewicht von 210 g\/m\u00b2 (f\u00fcr Wei\u00df) bzw. 215 g\/m\u00b2 (f\u00fcr andere Farben) bietet es sowohl Robustheit als auch Komfort.<\/p>\n<p class=\"\" data-start=\"694\" data-end=\"1140\">Das <strong data-start=\"698\" data-end=\"722\">Ultimate Polo<\/strong> ist vorgewaschen, sodass es seine Gr\u00f6\u00dfe und Form l\u00e4nger beh\u00e4lt, was es besonders gut f\u00fcr den Einsatz als Teamwear oder f\u00fcr Personalbekleidung macht. Es ist in einer breiten Gr\u00f6\u00dfenpalette von XS bis 4XL erh\u00e4ltlich, sodass es f\u00fcr verschiedene K\u00f6rpergr\u00f6\u00dfen passt. Der klassische Schnitt, verst\u00e4rkte Schultern\u00e4hte mit Fischgr\u00e4ten-Nackenband und seitliche Schlitze sorgen f\u00fcr einen bequemen Sitz und eine bessere Passform.<\/p>\n<h4 data-start=\"1142\" data-end=\"1184\"><strong data-start=\"1142\" data-end=\"1184\">Hauptmerkmale des Ultimate Cotton Polo<\/strong><\/h4>\n<ul data-start=\"1186\" data-end=\"1775\">\n<li class=\"\" data-start=\"1186\" data-end=\"1265\">\n<p class=\"\" data-start=\"1188\" data-end=\"1265\"><strong data-start=\"1188\" data-end=\"1232\">100 % gek\u00e4mmte, ringgesponnene Baumwolle<\/strong> f\u00fcr ein angenehmes Tragegef\u00fchl<\/p>\n<\/li>\n<li class=\"\" data-start=\"1266\" data-end=\"1327\">\n<p class=\"\" data-start=\"1268\" data-end=\"1327\"><strong data-start=\"1268\" data-end=\"1302\">Feine honeycomb Piqu\u00e9-Struktur<\/strong> f\u00fcr eine moderne Optik<\/p>\n<\/li>\n<li class=\"\" data-start=\"1328\" data-end=\"1386\">\n<p class=\"\" data-start=\"1330\" data-end=\"1386\"><strong data-start=\"1330\" data-end=\"1341\">Gewicht<\/strong>: 210 g\/m\u00b2 (wei\u00df), 215 g\/m\u00b2 (andere Farben)<\/p>\n<\/li>\n<li class=\"\" data-start=\"1387\" data-end=\"1449\">\n<p class=\"\" data-start=\"1389\" data-end=\"1449\"><strong data-start=\"1389\" data-end=\"1410\">Verf\u00fcgbare Gr\u00f6\u00dfen<\/strong>: XS &#8211; 4XL f\u00fcr eine breite Zielgruppe<\/p>\n<\/li>\n<li class=\"\" data-start=\"1450\" data-end=\"1507\">\n<p class=\"\" data-start=\"1452\" data-end=\"1507\"><strong data-start=\"1452\" data-end=\"1468\">Vorgewaschen<\/strong> f\u00fcr Formstabilit\u00e4t und Langlebigkeit<\/p>\n<\/li>\n<li class=\"\" data-start=\"1508\" data-end=\"1583\">\n<p class=\"\" data-start=\"1510\" data-end=\"1583\"><strong data-start=\"1510\" data-end=\"1533\">Klassischer Schnitt<\/strong> mit modernen Details f\u00fcr einen zeitgem\u00e4\u00dfen Look<\/p>\n<\/li>\n<li class=\"\" data-start=\"1584\" data-end=\"1664\">\n<p class=\"\" data-start=\"1586\" data-end=\"1664\"><strong data-start=\"1586\" data-end=\"1614\">Verst\u00e4rkte Schultern\u00e4hte<\/strong> und seitliche Schlitze f\u00fcr zus\u00e4tzlichen Komfort<\/p>\n<\/li>\n<li class=\"\" data-start=\"1665\" data-end=\"1717\">\n<p class=\"\" data-start=\"1667\" data-end=\"1717\"><strong data-start=\"1667\" data-end=\"1695\">Waschbar bei bis zu 60\u00b0C<\/strong> f\u00fcr einfache Pflege<\/p>\n<\/li>\n<li class=\"\" data-start=\"1718\" data-end=\"1775\">\n<p class=\"\" data-start=\"1720\" data-end=\"1775\"><strong data-start=\"1720\" data-end=\"1741\">Tear-Away-Etikett<\/strong> f\u00fcr einfache Neupersonalisation<\/p>\n<\/li>\n<\/ul>\n<h4 data-start=\"1777\" data-end=\"1844\"><strong data-start=\"1777\" data-end=\"1844\">Individuelle Druckdienstleistungen f\u00fcr Ihr Ultimate Cotton Polo<\/strong><\/h4>\n<p class=\"\" data-start=\"1846\" data-end=\"2039\">Verleihen Sie Ihrem <strong data-start=\"1866\" data-end=\"1890\">\u00a0Polo<\/strong> eine pers\u00f6nliche Note mit unseren professionellen <strong data-start=\"1941\" data-end=\"1966\">Druckdienstleistungen<\/strong>. Wir bieten verschiedene Techniken, um Ihr Design zum Leben zu erwecken:<\/p>\n<ul data-start=\"2041\" data-end=\"2232\">\n<li class=\"\" data-start=\"2041\" data-end=\"2099\">\n<p class=\"\" data-start=\"2043\" data-end=\"2099\"><strong data-start=\"2043\" data-end=\"2056\">DTF-Druck<\/strong>: Ideal f\u00fcr lebendige, langlebige Designs<\/p>\n<\/li>\n<li class=\"\" data-start=\"2100\" data-end=\"2162\">\n<p class=\"\" data-start=\"2102\" data-end=\"2162\"><strong data-start=\"2102\" data-end=\"2115\">Siebdruck<\/strong>: Perfekt f\u00fcr gro\u00dffl\u00e4chige und kr\u00e4ftige Logos<\/p>\n<\/li>\n<li class=\"\" data-start=\"2163\" data-end=\"2232\">\n<p class=\"\" data-start=\"2165\" data-end=\"2232\"><strong data-start=\"2165\" data-end=\"2178\">Stickerei<\/strong>: Verleiht Ihrem Polo eine edle und hochwertige Note<\/p>\n<\/li>\n<\/ul>\n<h4 data-start=\"2234\" data-end=\"2276\"><strong data-start=\"2234\" data-end=\"2276\">Warum das Ultimate Cotton Polo w\u00e4hlen?<\/strong><\/h4>\n<p class=\"\" data-start=\"2278\" data-end=\"2738\">Das<strong data-start=\"2282\" data-end=\"2306\">\u00a0Polo<\/strong> ist die perfekte Wahl f\u00fcr alle, die ein hochwertiges, langlebiges und komfortables Poloshirt suchen. Mit seiner hervorragenden Druckoberfl\u00e4che eignet es sich hervorragend f\u00fcr personalisierte Designs. Ob f\u00fcr Teams, Events oder als Werbegeschenk \u2013 dieses Poloshirt wird Ihren Anforderungen gerecht. Nutzen Sie unsere <strong data-start=\"2622\" data-end=\"2647\">Druckdienstleistungen<\/strong>, um Ihr Design umzusetzen und dieses Polo zu einem einzigartigen Kleidungsst\u00fcck zu machen.<\/p>\n<p data-start=\"737\" data-end=\"1165\" data-is-last-node=\"\" data-is-only-node=\"\"><img decoding=\"async\" class=\"alignnone wp-image-7677\" src=\"https:\/\/printaberlin.de\/staging\/2315\/wp-content\/uploads\/2025\/03\/OEKOTEXRUSSELL-300x249.png\" alt=\"\" width=\"76\" height=\"63\" srcset=\"https:\/\/printaberlin.de\/wp-content\/uploads\/2025\/03\/OEKOTEXRUSSELL-300x249.png 300w, https:\/\/printaberlin.de\/wp-content\/uploads\/2025\/03\/OEKOTEXRUSSELL-768x637.png 768w, https:\/\/printaberlin.de\/wp-content\/uploads\/2025\/03\/OEKOTEXRUSSELL-260x216.png 260w, https:\/\/printaberlin.de\/wp-content\/uploads\/2025\/03\/OEKOTEXRUSSELL-500x415.png 500w, https:\/\/printaberlin.de\/wp-content\/uploads\/2025\/03\/OEKOTEXRUSSELL.png 835w\" sizes=\"(max-width: 76px) 100vw, 76px\" \/><\/p>\n<\/div>\n<div class=\"mb-3\">\n<div class=\"child-p:mb-2 last:child-p:mb-0\">\n<div class=\"child-p:mb-2 last:child-p:mb-0\"><\/div>\n<\/div>\n<\/div>\n","protected":false},"excerpt":{"rendered":"<p>Bequemes Ultimate Cotton Polo aus 100 % Baumwolle, ideal f\u00fcr Druck und Stickerei.<br class=\"yoast-text-mark\" \/><strong>By Russel<\/strong><\/p>\n","protected":false},"featured_media":26386,"comment_status":"open","ping_status":"closed","template":"","meta":{"nf_dc_page":""},"product_brand":[193],"product_cat":[436],"product_tag":[439],"producproduct-categroyt-categroy":[],"class_list":{"0":"post-25768","1":"product","2":"type-product","3":"status-publish","4":"has-post-thumbnail","6":"product_brand-russel","7":"product_cat-poloshirt-bedrucken","8":"product_tag-men","10":"first","11":"instock","12":"shipping-taxable","13":"purchasable","14":"product-type-variable","15":"has-default-attributes","16":"wvs-archive-product-wrapper"},"yoast_head":"<!-- This site is optimized with the Yoast SEO Premium plugin v24.6 (Yoast SEO v27.4) - https:\/\/yoast.com\/product\/yoast-seo-premium-wordpress\/ -->\n<title>Ultimate Cotton Polo | Printa Berlin | Textilien und T-Shirts Bedrucken<\/title>\n<meta name=\"description\" content=\"Das Ultimate Cotton Polo aus 100 % Bio-Baumwolle bietet Komfort und Langlebigkeit. Personalisieren Sie es mit DTF-Druck, Siebdruck oder Stickerei.\" \/>\n<meta name=\"robots\" content=\"index, follow, max-snippet:-1, max-image-preview:large, max-video-preview:-1\" \/>\n<link rel=\"canonical\" href=\"https:\/\/printaberlin.de\/en\/product\/ultimate-cotton-polo\/\" \/>\n<meta property=\"og:locale\" content=\"en_US\" \/>\n<meta property=\"og:type\" content=\"article\" \/>\n<meta property=\"og:title\" content=\"Ultimate Cotton Polo\" \/>\n<meta property=\"og:description\" content=\"Das Ultimate Cotton Polo aus 100 % Bio-Baumwolle bietet Komfort und Langlebigkeit. Personalisieren Sie es mit DTF-Druck, Siebdruck oder Stickerei.\" \/>\n<meta property=\"og:url\" content=\"https:\/\/printaberlin.de\/en\/product\/ultimate-cotton-polo\/\" \/>\n<meta property=\"og:site_name\" content=\"Printa Berlin | Textilien und T-Shirts Bedrucken\" \/>\n<meta property=\"article:modified_time\" content=\"2025-09-21T20:36:28+00:00\" \/>\n<meta property=\"og:image\" content=\"https:\/\/printaberlin.de\/wp-content\/uploads\/2025\/09\/drtgdrt.png\" \/>\n\t<meta property=\"og:image:width\" content=\"292\" \/>\n\t<meta property=\"og:image:height\" content=\"365\" \/>\n\t<meta property=\"og:image:type\" content=\"image\/png\" \/>\n<meta name=\"twitter:card\" content=\"summary_large_image\" \/>\n<meta name=\"twitter:label1\" content=\"Availability\" \/>\n\t<meta name=\"twitter:data1\" content=\"In stock\" \/>\n<script type=\"application\/ld+json\" class=\"yoast-schema-graph\">{\"@context\":\"https:\\\/\\\/schema.org\",\"@graph\":[{\"@type\":\"WebPage\",\"@id\":\"https:\\\/\\\/printaberlin.de\\\/en\\\/product\\\/ultimate-cotton-polo\\\/\",\"url\":\"https:\\\/\\\/printaberlin.de\\\/en\\\/product\\\/ultimate-cotton-polo\\\/\",\"name\":\"Ultimate Cotton Polo | Printa Berlin | Textilien und T-Shirts Bedrucken\",\"isPartOf\":{\"@id\":\"https:\\\/\\\/printaberlin.de\\\/en\\\/#website\"},\"primaryImageOfPage\":{\"@id\":\"https:\\\/\\\/printaberlin.de\\\/en\\\/product\\\/ultimate-cotton-polo\\\/#primaryimage\"},\"image\":{\"@id\":\"https:\\\/\\\/printaberlin.de\\\/en\\\/product\\\/ultimate-cotton-polo\\\/#primaryimage\"},\"thumbnailUrl\":\"https:\\\/\\\/printaberlin.de\\\/wp-content\\\/uploads\\\/2025\\\/09\\\/drtgdrt.png\",\"datePublished\":\"2025-03-08T23:54:15+00:00\",\"dateModified\":\"2025-09-21T20:36:28+00:00\",\"description\":\"Das Ultimate Cotton Polo aus 100 % Bio-Baumwolle bietet Komfort und Langlebigkeit. Personalisieren Sie es mit DTF-Druck, Siebdruck oder Stickerei.\",\"breadcrumb\":{\"@id\":\"https:\\\/\\\/printaberlin.de\\\/en\\\/product\\\/ultimate-cotton-polo\\\/#breadcrumb\"},\"inLanguage\":\"en-US\",\"potentialAction\":[{\"@type\":\"ReadAction\",\"target\":[\"https:\\\/\\\/printaberlin.de\\\/en\\\/product\\\/ultimate-cotton-polo\\\/\"]}]},{\"@type\":\"ImageObject\",\"inLanguage\":\"en-US\",\"@id\":\"https:\\\/\\\/printaberlin.de\\\/en\\\/product\\\/ultimate-cotton-polo\\\/#primaryimage\",\"url\":\"https:\\\/\\\/printaberlin.de\\\/wp-content\\\/uploads\\\/2025\\\/09\\\/drtgdrt.png\",\"contentUrl\":\"https:\\\/\\\/printaberlin.de\\\/wp-content\\\/uploads\\\/2025\\\/09\\\/drtgdrt.png\",\"width\":292,\"height\":365},{\"@type\":\"BreadcrumbList\",\"@id\":\"https:\\\/\\\/printaberlin.de\\\/en\\\/product\\\/ultimate-cotton-polo\\\/#breadcrumb\",\"itemListElement\":[{\"@type\":\"ListItem\",\"position\":1,\"name\":\"Home\",\"item\":\"https:\\\/\\\/printaberlin.de\\\/en\\\/\"},{\"@type\":\"ListItem\",\"position\":2,\"name\":\"Shop\",\"item\":\"https:\\\/\\\/printaberlin.de\\\/en\\\/shop\\\/\"},{\"@type\":\"ListItem\",\"position\":3,\"name\":\"Ultimate Cotton Polo\"}]},{\"@type\":\"WebSite\",\"@id\":\"https:\\\/\\\/printaberlin.de\\\/en\\\/#website\",\"url\":\"https:\\\/\\\/printaberlin.de\\\/en\\\/\",\"name\":\"Printa Berlin | Textilien und T-Shirts Bedrucken\",\"description\":\"Entdecken Sie Printa Berlin \u2013 Ihr Experte f\u00fcr personalisierten Druck! T-Shirts, Poloshirts, Hoodies, Sweatshirts, Taschen, Caps und mehr.\",\"publisher\":{\"@id\":\"https:\\\/\\\/printaberlin.de\\\/en\\\/#organization\"},\"potentialAction\":[{\"@type\":\"SearchAction\",\"target\":{\"@type\":\"EntryPoint\",\"urlTemplate\":\"https:\\\/\\\/printaberlin.de\\\/en\\\/?s={search_term_string}\"},\"query-input\":{\"@type\":\"PropertyValueSpecification\",\"valueRequired\":true,\"valueName\":\"search_term_string\"}}],\"inLanguage\":\"en-US\"},{\"@type\":\"Organization\",\"@id\":\"https:\\\/\\\/printaberlin.de\\\/en\\\/#organization\",\"name\":\"Printa Berlin\",\"url\":\"https:\\\/\\\/printaberlin.de\\\/en\\\/\",\"logo\":{\"@type\":\"ImageObject\",\"inLanguage\":\"en-US\",\"@id\":\"https:\\\/\\\/printaberlin.de\\\/en\\\/#\\\/schema\\\/logo\\\/image\\\/\",\"url\":\"https:\\\/\\\/printaberlin.de\\\/wp-content\\\/uploads\\\/2025\\\/03\\\/csdsdcdsc.png\",\"contentUrl\":\"https:\\\/\\\/printaberlin.de\\\/wp-content\\\/uploads\\\/2025\\\/03\\\/csdsdcdsc.png\",\"width\":512,\"height\":512,\"caption\":\"Printa Berlin\"},\"image\":{\"@id\":\"https:\\\/\\\/printaberlin.de\\\/en\\\/#\\\/schema\\\/logo\\\/image\\\/\"},\"sameAs\":[\"https:\\\/\\\/www.instagram.com\\\/printaberlin\\\/\"]}]}<\/script>\n<meta property=\"og:availability\" content=\"instock\" \/>\n<meta property=\"product:availability\" content=\"instock\" \/>\n<meta property=\"product:retailer_item_id\" content=\"PR10\" \/>\n<meta property=\"product:condition\" content=\"new\" \/>\n<!-- \/ Yoast SEO Premium plugin. -->","yoast_head_json":{"title":"Ultimate Cotton Polo | Printa Berlin | Textilien und T-Shirts Bedrucken","description":"Das Ultimate Cotton Polo aus 100 % Bio-Baumwolle bietet Komfort und Langlebigkeit. Personalisieren Sie es mit DTF-Druck, Siebdruck oder Stickerei.","robots":{"index":"index","follow":"follow","max-snippet":"max-snippet:-1","max-image-preview":"max-image-preview:large","max-video-preview":"max-video-preview:-1"},"canonical":"https:\/\/printaberlin.de\/en\/product\/ultimate-cotton-polo\/","og_locale":"en_US","og_type":"article","og_title":"Ultimate Cotton Polo","og_description":"Das Ultimate Cotton Polo aus 100 % Bio-Baumwolle bietet Komfort und Langlebigkeit. Personalisieren Sie es mit DTF-Druck, Siebdruck oder Stickerei.","og_url":"https:\/\/printaberlin.de\/en\/product\/ultimate-cotton-polo\/","og_site_name":"Printa Berlin | Textilien und T-Shirts Bedrucken","article_modified_time":"2025-09-21T20:36:28+00:00","og_image":[{"width":292,"height":365,"url":"https:\/\/printaberlin.de\/wp-content\/uploads\/2025\/09\/drtgdrt.png","type":"image\/png"}],"twitter_card":"summary_large_image","twitter_misc":{"Availability":"In stock"},"schema":{"@context":"https:\/\/schema.org","@graph":[{"@type":"WebPage","@id":"https:\/\/printaberlin.de\/en\/product\/ultimate-cotton-polo\/","url":"https:\/\/printaberlin.de\/en\/product\/ultimate-cotton-polo\/","name":"Ultimate Cotton Polo | Printa Berlin | Textilien und T-Shirts Bedrucken","isPartOf":{"@id":"https:\/\/printaberlin.de\/en\/#website"},"primaryImageOfPage":{"@id":"https:\/\/printaberlin.de\/en\/product\/ultimate-cotton-polo\/#primaryimage"},"image":{"@id":"https:\/\/printaberlin.de\/en\/product\/ultimate-cotton-polo\/#primaryimage"},"thumbnailUrl":"https:\/\/printaberlin.de\/wp-content\/uploads\/2025\/09\/drtgdrt.png","datePublished":"2025-03-08T23:54:15+00:00","dateModified":"2025-09-21T20:36:28+00:00","description":"Das Ultimate Cotton Polo aus 100 % Bio-Baumwolle bietet Komfort und Langlebigkeit. Personalisieren Sie es mit DTF-Druck, Siebdruck oder Stickerei.","breadcrumb":{"@id":"https:\/\/printaberlin.de\/en\/product\/ultimate-cotton-polo\/#breadcrumb"},"inLanguage":"en-US","potentialAction":[{"@type":"ReadAction","target":["https:\/\/printaberlin.de\/en\/product\/ultimate-cotton-polo\/"]}]},{"@type":"ImageObject","inLanguage":"en-US","@id":"https:\/\/printaberlin.de\/en\/product\/ultimate-cotton-polo\/#primaryimage","url":"https:\/\/printaberlin.de\/wp-content\/uploads\/2025\/09\/drtgdrt.png","contentUrl":"https:\/\/printaberlin.de\/wp-content\/uploads\/2025\/09\/drtgdrt.png","width":292,"height":365},{"@type":"BreadcrumbList","@id":"https:\/\/printaberlin.de\/en\/product\/ultimate-cotton-polo\/#breadcrumb","itemListElement":[{"@type":"ListItem","position":1,"name":"Home","item":"https:\/\/printaberlin.de\/en\/"},{"@type":"ListItem","position":2,"name":"Shop","item":"https:\/\/printaberlin.de\/en\/shop\/"},{"@type":"ListItem","position":3,"name":"Ultimate Cotton Polo"}]},{"@type":"WebSite","@id":"https:\/\/printaberlin.de\/en\/#website","url":"https:\/\/printaberlin.de\/en\/","name":"Printa Berlin | Textilien und T-Shirts Bedrucken","description":"Entdecken Sie Printa Berlin \u2013 Ihr Experte f\u00fcr personalisierten Druck! T-Shirts, Poloshirts, Hoodies, Sweatshirts, Taschen, Caps und mehr.","publisher":{"@id":"https:\/\/printaberlin.de\/en\/#organization"},"potentialAction":[{"@type":"SearchAction","target":{"@type":"EntryPoint","urlTemplate":"https:\/\/printaberlin.de\/en\/?s={search_term_string}"},"query-input":{"@type":"PropertyValueSpecification","valueRequired":true,"valueName":"search_term_string"}}],"inLanguage":"en-US"},{"@type":"Organization","@id":"https:\/\/printaberlin.de\/en\/#organization","name":"Printa Berlin","url":"https:\/\/printaberlin.de\/en\/","logo":{"@type":"ImageObject","inLanguage":"en-US","@id":"https:\/\/printaberlin.de\/en\/#\/schema\/logo\/image\/","url":"https:\/\/printaberlin.de\/wp-content\/uploads\/2025\/03\/csdsdcdsc.png","contentUrl":"https:\/\/printaberlin.de\/wp-content\/uploads\/2025\/03\/csdsdcdsc.png","width":512,"height":512,"caption":"Printa Berlin"},"image":{"@id":"https:\/\/printaberlin.de\/en\/#\/schema\/logo\/image\/"},"sameAs":["https:\/\/www.instagram.com\/printaberlin\/"]}]},"og_availability":"instock","product_availability":"instock","product_retailer_item_id":"PR10","product_condition":"new"},"_links":{"self":[{"href":"https:\/\/printaberlin.de\/en\/wp-json\/wp\/v2\/product\/25768","targetHints":{"allow":["GET"]}}],"collection":[{"href":"https:\/\/printaberlin.de\/en\/wp-json\/wp\/v2\/product"}],"about":[{"href":"https:\/\/printaberlin.de\/en\/wp-json\/wp\/v2\/types\/product"}],"replies":[{"embeddable":true,"href":"https:\/\/printaberlin.de\/en\/wp-json\/wp\/v2\/comments?post=25768"}],"wp:featuredmedia":[{"embeddable":true,"href":"https:\/\/printaberlin.de\/en\/wp-json\/wp\/v2\/media\/26386"}],"wp:attachment":[{"href":"https:\/\/printaberlin.de\/en\/wp-json\/wp\/v2\/media?parent=25768"}],"wp:term":[{"taxonomy":"product_brand","embeddable":true,"href":"https:\/\/printaberlin.de\/en\/wp-json\/wp\/v2\/product_brand?post=25768"},{"taxonomy":"product_cat","embeddable":true,"href":"https:\/\/printaberlin.de\/en\/wp-json\/wp\/v2\/product_cat?post=25768"},{"taxonomy":"product_tag","embeddable":true,"href":"https:\/\/printaberlin.de\/en\/wp-json\/wp\/v2\/product_tag?post=25768"},{"taxonomy":"producproduct-categroyt-categroy","embeddable":true,"href":"https:\/\/printaberlin.de\/en\/wp-json\/wp\/v2\/producproduct-categroyt-categroy?post=25768"}],"curies":[{"name":"wp","href":"https:\/\/api.w.org\/{rel}","templated":true}]}}