{"id":25747,"date":"2025-03-09T17:06:48","date_gmt":"2025-03-09T17:06:48","guid":{"rendered":"https:\/\/printaberlin.de\/product\/classic-set-in-sweat\/"},"modified":"2025-09-21T20:36:28","modified_gmt":"2025-09-21T20:36:28","slug":"classic-set-in-sweat","status":"publish","type":"product","link":"https:\/\/printaberlin.de\/en\/product\/classic-set-in-sweat\/","title":{"rendered":"Classic Set In S."},"content":{"rendered":"<div class=\"mb-3\">\n<h3 data-start=\"0\" data-end=\"63\"><strong data-start=\"0\" data-end=\"63\">Classic Set-In Sweat: Komfortabel, Langlebig und Vielseitig<\/strong><\/h3>\n<p class=\"\" data-start=\"65\" data-end=\"609\">Das <strong data-start=\"69\" data-end=\"93\">Classic Set-In Sweat<\/strong> von Fruit of the Loom ist die perfekte Wahl f\u00fcr alle, die ein komfortables und strapazierf\u00e4higes Sweatshirt suchen. Hergestellt aus 80 % Baumwolle und 20 % Polyester (mit Ausnahme der Farben HD, RX, VF, VH, die 60 % Baumwolle und 40 % Polyester enthalten), bietet dieses Sweatshirt ein angenehmes Tragegef\u00fchl und eine lange Lebensdauer. Mit einem Gewicht von 260 g\/m\u00b2 f\u00fcr Wei\u00df und Heather Grey sowie 280 g\/m\u00b2 f\u00fcr andere Farben ist dieses Sweatshirt ideal f\u00fcr den t\u00e4glichen Gebrauch und f\u00fcr k\u00fchleres Wetter geeignet.<\/p>\n<p class=\"\" data-start=\"611\" data-end=\"1155\">Das<strong> T-Shirt <\/strong>zeichnet sich durch seine klassische Passform und die robusten, praktischen Details aus. Die <strong data-start=\"733\" data-end=\"776\">Single-Jersey Schulter-zu-Schulter Tape<\/strong> sorgt f\u00fcr zus\u00e4tzliche Stabilit\u00e4t und eine lange Haltbarkeit. Der <strong data-start=\"842\" data-end=\"878\">Hals-, Taillen- und \u00c4rmelbereich<\/strong> ist mit einem Baumwoll\/LYCRA\u00ae-Rippstrick versehen, der f\u00fcr eine bessere Passform sorgt und zus\u00e4tzlichen Komfort bietet. Die <strong data-start=\"1003\" data-end=\"1026\">Tear-Away-Etiketten<\/strong> erm\u00f6glichen eine einfache Neupersonalisation, sodass das Sweatshirt perfekt f\u00fcr die Branding- oder Designanpassung geeignet ist.<\/p>\n<p class=\"\" data-start=\"1157\" data-end=\"1493\">Verf\u00fcgbar in den Gr\u00f6\u00dfen S bis 5XL, eignet sich das <strong data-start=\"1208\" data-end=\"1232\">Classic Set-In Sweat<\/strong> sowohl f\u00fcr den individuellen Gebrauch als auch f\u00fcr die Personalisierung in gr\u00f6\u00dferen Mengen, etwa f\u00fcr Unternehmen, Teams oder Veranstaltungen. Die glatte Oberfl\u00e4che des Sweatshirts ist ideal f\u00fcr <strong data-start=\"1427\" data-end=\"1436\">Druck<\/strong> und <strong data-start=\"1441\" data-end=\"1454\">Stickerei<\/strong>, um einzigartige Designs zu erstellen.<\/p>\n<h4 data-start=\"1495\" data-end=\"1537\"><strong data-start=\"1495\" data-end=\"1537\">Hauptmerkmale des Classic Set-In Sweat<\/strong><\/h4>\n<ul data-start=\"1539\" data-end=\"2169\">\n<li class=\"\" data-start=\"1539\" data-end=\"1637\">\n<p class=\"\" data-start=\"1541\" data-end=\"1637\"><strong data-start=\"1541\" data-end=\"1578\">80 % Baumwolle und 20 % Polyester<\/strong> (au\u00dfer in bestimmten Farben) f\u00fcr Komfort und Haltbarkeit<\/p>\n<\/li>\n<li class=\"\" data-start=\"1638\" data-end=\"1752\">\n<p class=\"\" data-start=\"1640\" data-end=\"1752\"><strong data-start=\"1640\" data-end=\"1660\">260 g\/m\u00b2 Gewicht<\/strong> (wei\u00df und Heather Grey), <strong data-start=\"1686\" data-end=\"1698\">280 g\/m\u00b2<\/strong> f\u00fcr andere Farben, ideal f\u00fcr den t\u00e4glichen Gebrauch<\/p>\n<\/li>\n<li class=\"\" data-start=\"1753\" data-end=\"1817\">\n<p class=\"\" data-start=\"1755\" data-end=\"1817\"><strong data-start=\"1755\" data-end=\"1778\">Klassische Passform<\/strong> f\u00fcr eine bequeme, moderne Silhouette<\/p>\n<\/li>\n<li class=\"\" data-start=\"1818\" data-end=\"1892\">\n<p class=\"\" data-start=\"1820\" data-end=\"1892\"><strong data-start=\"1820\" data-end=\"1863\">Single Jersey Schulter-zu-Schulter Tape<\/strong> f\u00fcr zus\u00e4tzliche Stabilit\u00e4t<\/p>\n<\/li>\n<li class=\"\" data-start=\"1893\" data-end=\"1984\">\n<p class=\"\" data-start=\"1895\" data-end=\"1984\"><strong data-start=\"1895\" data-end=\"1925\">Baumwoll\/LYCRA\u00ae-Rippstrick<\/strong> an Hals, Taille und \u00c4rmeln f\u00fcr verbesserten Tragekomfort<\/p>\n<\/li>\n<li class=\"\" data-start=\"1985\" data-end=\"2045\">\n<p class=\"\" data-start=\"1987\" data-end=\"2045\"><strong data-start=\"1987\" data-end=\"2008\">Tear-Away-Etikett<\/strong> f\u00fcr eine einfache Personalisierung<\/p>\n<\/li>\n<li class=\"\" data-start=\"2046\" data-end=\"2103\">\n<p class=\"\" data-start=\"2048\" data-end=\"2103\"><strong data-start=\"2048\" data-end=\"2076\">Waschbar bei bis zu 40\u00b0C<\/strong> f\u00fcr eine einfache Pflege<\/p>\n<\/li>\n<li class=\"\" data-start=\"2104\" data-end=\"2169\">\n<p class=\"\" data-start=\"2106\" data-end=\"2169\"><strong data-start=\"2106\" data-end=\"2129\">Verf\u00fcgbar in Gr\u00f6\u00dfen<\/strong>: S bis 5XL f\u00fcr eine breite Zielgruppe<\/p>\n<\/li>\n<\/ul>\n<h4 data-start=\"2171\" data-end=\"2238\"><strong data-start=\"2171\" data-end=\"2238\">Individuelle Druckdienstleistungen f\u00fcr Ihr Classic Set-In Sweat<\/strong><\/h4>\n<p class=\"\" data-start=\"2240\" data-end=\"2428\">Verleihen Sie Ihrem <strong data-start=\"2260\" data-end=\"2284\">Classic Set-In Sweat<\/strong> eine individuelle Note mit unseren professionellen <strong data-start=\"2336\" data-end=\"2361\">Druckdienstleistungen<\/strong>. W\u00e4hlen Sie aus verschiedenen Techniken, um Ihr Design umzusetzen:<\/p>\n<ul data-start=\"2430\" data-end=\"2629\">\n<li class=\"\" data-start=\"2430\" data-end=\"2488\">\n<p class=\"\" data-start=\"2432\" data-end=\"2488\"><strong data-start=\"2432\" data-end=\"2445\">DTF-Druck<\/strong>: Ideal f\u00fcr lebendige, langlebige Designs<\/p>\n<\/li>\n<li class=\"\" data-start=\"2489\" data-end=\"2553\">\n<p class=\"\" data-start=\"2491\" data-end=\"2553\"><strong data-start=\"2491\" data-end=\"2504\">Siebdruck<\/strong>: Perfekt f\u00fcr gro\u00dffl\u00e4chige und kr\u00e4ftige Designs<\/p>\n<\/li>\n<li class=\"\" data-start=\"2554\" data-end=\"2629\">\n<p class=\"\" data-start=\"2556\" data-end=\"2629\"><strong data-start=\"2556\" data-end=\"2569\">Stickerei<\/strong>: Verleiht Ihrem Sweatshirt eine edle und hochwertige Note<\/p>\n<\/li>\n<\/ul>\n<h4 data-start=\"2631\" data-end=\"2673\"><strong data-start=\"2631\" data-end=\"2673\">Warum das Classic Set-In Sweat w\u00e4hlen?<\/strong><\/h4>\n<p class=\"\" data-start=\"2675\" data-end=\"3096\">Das <strong data-start=\"2679\" data-end=\"2703\">Classic T-Shirt <\/strong>bietet nicht nur Komfort und eine exzellente Passform, sondern auch eine ideale Grundlage f\u00fcr personalisierte Designs. Mit seiner strapazierf\u00e4higen Verarbeitung und der glatten Oberfl\u00e4che eignet es sich hervorragend f\u00fcr <strong data-start=\"2924\" data-end=\"2933\">Druck<\/strong> und <strong data-start=\"2938\" data-end=\"2951\">Stickerei<\/strong>, um einzigartige Designs zu erstellen. Egal ob f\u00fcr Teambekleidung, Events oder Werbegeschenke, dieses Sweatshirt l\u00e4sst sich vielseitig anpassen.<\/p>\n<div class=\"wysiwyg lg:wysiwyg-lg\">\n<p data-start=\"874\" data-end=\"1119\" data-is-last-node=\"\" data-is-only-node=\"\"><img decoding=\"async\" class=\"alignnone size-medium wp-image-7420\" src=\"https:\/\/printaberlin.de\/staging\/2315\/wp-content\/uploads\/2025\/03\/eco-300x72.png\" alt=\"\" width=\"300\" height=\"72\" srcset=\"https:\/\/printaberlin.de\/wp-content\/uploads\/2025\/03\/eco-300x72.png 300w, https:\/\/printaberlin.de\/wp-content\/uploads\/2025\/03\/eco-1024x247.png 1024w, https:\/\/printaberlin.de\/wp-content\/uploads\/2025\/03\/eco-768x185.png 768w, https:\/\/printaberlin.de\/wp-content\/uploads\/2025\/03\/eco-260x63.png 260w, https:\/\/printaberlin.de\/wp-content\/uploads\/2025\/03\/eco-500x121.png 500w, https:\/\/printaberlin.de\/wp-content\/uploads\/2025\/03\/eco.png 1338w\" sizes=\"(max-width: 300px) 100vw, 300px\" \/><\/p>\n<\/div>\n<\/div>\n<div class=\"mb-3\">\n<div class=\"child-p:mb-2 last:child-p:mb-0\">\n<div class=\"child-p:mb-2 last:child-p:mb-0\"><\/div>\n<\/div>\n<\/div>\n","protected":false},"excerpt":{"rendered":"<p>Sweatshirt mit klassischer Passform, Baumwoll\/LYCRA\u00ae-Ripp.<br \/>\n<strong>By Fruit Of The Loom<\/strong><\/p>\n","protected":false},"featured_media":26388,"comment_status":"open","ping_status":"closed","template":"","meta":{"nf_dc_page":""},"product_brand":[48],"product_cat":[432],"product_tag":[435],"producproduct-categroyt-categroy":[],"class_list":{"0":"post-25747","1":"product","2":"type-product","3":"status-publish","4":"has-post-thumbnail","6":"product_brand-fruit-of-the-loom","7":"product_cat-sweatshirt-bedrucken","8":"product_tag-unisexmen","10":"first","11":"instock","12":"shipping-taxable","13":"purchasable","14":"product-type-variable","15":"has-default-attributes","16":"wvs-archive-product-wrapper"},"yoast_head":"<!-- This site is optimized with the Yoast SEO Premium plugin v24.6 (Yoast SEO v27.4) - https:\/\/yoast.com\/product\/yoast-seo-premium-wordpress\/ -->\n<title>Classic Set-In Sweat | Printa Berlin | Textilien und T-Shirts Bedrucken<\/title>\n<meta name=\"description\" content=\"Das Classic Set-In Sweat aus 80 % Baumwolle bietet Komfort und Langlebigkeit. Personalisieren Sie es mit DTF-Druck, Siebdruck oder Stickerei.\" \/>\n<meta name=\"robots\" content=\"index, follow, max-snippet:-1, max-image-preview:large, max-video-preview:-1\" \/>\n<link rel=\"canonical\" href=\"https:\/\/printaberlin.de\/en\/product\/classic-set-in-sweat\/\" \/>\n<meta property=\"og:locale\" content=\"en_US\" \/>\n<meta property=\"og:type\" content=\"article\" \/>\n<meta property=\"og:title\" content=\"Classic Set In S.\" \/>\n<meta property=\"og:description\" content=\"Das Classic Set-In Sweat aus 80 % Baumwolle bietet Komfort und Langlebigkeit. Personalisieren Sie es mit DTF-Druck, Siebdruck oder Stickerei.\" \/>\n<meta property=\"og:url\" content=\"https:\/\/printaberlin.de\/en\/product\/classic-set-in-sweat\/\" \/>\n<meta property=\"og:site_name\" content=\"Printa Berlin | Textilien und T-Shirts Bedrucken\" \/>\n<meta property=\"article:modified_time\" content=\"2025-09-21T20:36:28+00:00\" \/>\n<meta property=\"og:image\" content=\"https:\/\/printaberlin.de\/wp-content\/uploads\/2025\/09\/654.png\" \/>\n\t<meta property=\"og:image:width\" content=\"292\" \/>\n\t<meta property=\"og:image:height\" content=\"365\" \/>\n\t<meta property=\"og:image:type\" content=\"image\/png\" \/>\n<meta name=\"twitter:card\" content=\"summary_large_image\" \/>\n<meta name=\"twitter:label1\" content=\"Availability\" \/>\n\t<meta name=\"twitter:data1\" content=\"In stock\" \/>\n<script type=\"application\/ld+json\" class=\"yoast-schema-graph\">{\"@context\":\"https:\\\/\\\/schema.org\",\"@graph\":[{\"@type\":\"WebPage\",\"@id\":\"https:\\\/\\\/printaberlin.de\\\/en\\\/product\\\/classic-set-in-sweat\\\/\",\"url\":\"https:\\\/\\\/printaberlin.de\\\/en\\\/product\\\/classic-set-in-sweat\\\/\",\"name\":\"Classic Set-In Sweat | Printa Berlin | Textilien und T-Shirts Bedrucken\",\"isPartOf\":{\"@id\":\"https:\\\/\\\/printaberlin.de\\\/en\\\/#website\"},\"primaryImageOfPage\":{\"@id\":\"https:\\\/\\\/printaberlin.de\\\/en\\\/product\\\/classic-set-in-sweat\\\/#primaryimage\"},\"image\":{\"@id\":\"https:\\\/\\\/printaberlin.de\\\/en\\\/product\\\/classic-set-in-sweat\\\/#primaryimage\"},\"thumbnailUrl\":\"https:\\\/\\\/printaberlin.de\\\/wp-content\\\/uploads\\\/2025\\\/09\\\/654.png\",\"datePublished\":\"2025-03-09T17:06:48+00:00\",\"dateModified\":\"2025-09-21T20:36:28+00:00\",\"description\":\"Das Classic Set-In Sweat aus 80 % Baumwolle bietet Komfort und Langlebigkeit. Personalisieren Sie es mit DTF-Druck, Siebdruck oder Stickerei.\",\"breadcrumb\":{\"@id\":\"https:\\\/\\\/printaberlin.de\\\/en\\\/product\\\/classic-set-in-sweat\\\/#breadcrumb\"},\"inLanguage\":\"en-US\",\"potentialAction\":[{\"@type\":\"ReadAction\",\"target\":[\"https:\\\/\\\/printaberlin.de\\\/en\\\/product\\\/classic-set-in-sweat\\\/\"]}]},{\"@type\":\"ImageObject\",\"inLanguage\":\"en-US\",\"@id\":\"https:\\\/\\\/printaberlin.de\\\/en\\\/product\\\/classic-set-in-sweat\\\/#primaryimage\",\"url\":\"https:\\\/\\\/printaberlin.de\\\/wp-content\\\/uploads\\\/2025\\\/09\\\/654.png\",\"contentUrl\":\"https:\\\/\\\/printaberlin.de\\\/wp-content\\\/uploads\\\/2025\\\/09\\\/654.png\",\"width\":292,\"height\":365},{\"@type\":\"BreadcrumbList\",\"@id\":\"https:\\\/\\\/printaberlin.de\\\/en\\\/product\\\/classic-set-in-sweat\\\/#breadcrumb\",\"itemListElement\":[{\"@type\":\"ListItem\",\"position\":1,\"name\":\"Home\",\"item\":\"https:\\\/\\\/printaberlin.de\\\/en\\\/\"},{\"@type\":\"ListItem\",\"position\":2,\"name\":\"Shop\",\"item\":\"https:\\\/\\\/printaberlin.de\\\/en\\\/shop\\\/\"},{\"@type\":\"ListItem\",\"position\":3,\"name\":\"Classic Set In S.\"}]},{\"@type\":\"WebSite\",\"@id\":\"https:\\\/\\\/printaberlin.de\\\/en\\\/#website\",\"url\":\"https:\\\/\\\/printaberlin.de\\\/en\\\/\",\"name\":\"Printa Berlin | Textilien und T-Shirts Bedrucken\",\"description\":\"Entdecken Sie Printa Berlin \u2013 Ihr Experte f\u00fcr personalisierten Druck! T-Shirts, Poloshirts, Hoodies, Sweatshirts, Taschen, Caps und mehr.\",\"publisher\":{\"@id\":\"https:\\\/\\\/printaberlin.de\\\/en\\\/#organization\"},\"potentialAction\":[{\"@type\":\"SearchAction\",\"target\":{\"@type\":\"EntryPoint\",\"urlTemplate\":\"https:\\\/\\\/printaberlin.de\\\/en\\\/?s={search_term_string}\"},\"query-input\":{\"@type\":\"PropertyValueSpecification\",\"valueRequired\":true,\"valueName\":\"search_term_string\"}}],\"inLanguage\":\"en-US\"},{\"@type\":\"Organization\",\"@id\":\"https:\\\/\\\/printaberlin.de\\\/en\\\/#organization\",\"name\":\"Printa Berlin\",\"url\":\"https:\\\/\\\/printaberlin.de\\\/en\\\/\",\"logo\":{\"@type\":\"ImageObject\",\"inLanguage\":\"en-US\",\"@id\":\"https:\\\/\\\/printaberlin.de\\\/en\\\/#\\\/schema\\\/logo\\\/image\\\/\",\"url\":\"https:\\\/\\\/printaberlin.de\\\/wp-content\\\/uploads\\\/2025\\\/03\\\/csdsdcdsc.png\",\"contentUrl\":\"https:\\\/\\\/printaberlin.de\\\/wp-content\\\/uploads\\\/2025\\\/03\\\/csdsdcdsc.png\",\"width\":512,\"height\":512,\"caption\":\"Printa Berlin\"},\"image\":{\"@id\":\"https:\\\/\\\/printaberlin.de\\\/en\\\/#\\\/schema\\\/logo\\\/image\\\/\"},\"sameAs\":[\"https:\\\/\\\/www.instagram.com\\\/printaberlin\\\/\"]}]}<\/script>\n<meta property=\"og:availability\" content=\"instock\" \/>\n<meta property=\"product:availability\" content=\"instock\" \/>\n<meta property=\"product:retailer_item_id\" content=\"PR11\" \/>\n<meta property=\"product:condition\" content=\"new\" \/>\n<!-- \/ Yoast SEO Premium plugin. -->","yoast_head_json":{"title":"Classic Set-In Sweat | Printa Berlin | Textilien und T-Shirts Bedrucken","description":"Das Classic Set-In Sweat aus 80 % Baumwolle bietet Komfort und Langlebigkeit. Personalisieren Sie es mit DTF-Druck, Siebdruck oder Stickerei.","robots":{"index":"index","follow":"follow","max-snippet":"max-snippet:-1","max-image-preview":"max-image-preview:large","max-video-preview":"max-video-preview:-1"},"canonical":"https:\/\/printaberlin.de\/en\/product\/classic-set-in-sweat\/","og_locale":"en_US","og_type":"article","og_title":"Classic Set In S.","og_description":"Das Classic Set-In Sweat aus 80 % Baumwolle bietet Komfort und Langlebigkeit. Personalisieren Sie es mit DTF-Druck, Siebdruck oder Stickerei.","og_url":"https:\/\/printaberlin.de\/en\/product\/classic-set-in-sweat\/","og_site_name":"Printa Berlin | Textilien und T-Shirts Bedrucken","article_modified_time":"2025-09-21T20:36:28+00:00","og_image":[{"width":292,"height":365,"url":"https:\/\/printaberlin.de\/wp-content\/uploads\/2025\/09\/654.png","type":"image\/png"}],"twitter_card":"summary_large_image","twitter_misc":{"Availability":"In stock"},"schema":{"@context":"https:\/\/schema.org","@graph":[{"@type":"WebPage","@id":"https:\/\/printaberlin.de\/en\/product\/classic-set-in-sweat\/","url":"https:\/\/printaberlin.de\/en\/product\/classic-set-in-sweat\/","name":"Classic Set-In Sweat | Printa Berlin | Textilien und T-Shirts Bedrucken","isPartOf":{"@id":"https:\/\/printaberlin.de\/en\/#website"},"primaryImageOfPage":{"@id":"https:\/\/printaberlin.de\/en\/product\/classic-set-in-sweat\/#primaryimage"},"image":{"@id":"https:\/\/printaberlin.de\/en\/product\/classic-set-in-sweat\/#primaryimage"},"thumbnailUrl":"https:\/\/printaberlin.de\/wp-content\/uploads\/2025\/09\/654.png","datePublished":"2025-03-09T17:06:48+00:00","dateModified":"2025-09-21T20:36:28+00:00","description":"Das Classic Set-In Sweat aus 80 % Baumwolle bietet Komfort und Langlebigkeit. Personalisieren Sie es mit DTF-Druck, Siebdruck oder Stickerei.","breadcrumb":{"@id":"https:\/\/printaberlin.de\/en\/product\/classic-set-in-sweat\/#breadcrumb"},"inLanguage":"en-US","potentialAction":[{"@type":"ReadAction","target":["https:\/\/printaberlin.de\/en\/product\/classic-set-in-sweat\/"]}]},{"@type":"ImageObject","inLanguage":"en-US","@id":"https:\/\/printaberlin.de\/en\/product\/classic-set-in-sweat\/#primaryimage","url":"https:\/\/printaberlin.de\/wp-content\/uploads\/2025\/09\/654.png","contentUrl":"https:\/\/printaberlin.de\/wp-content\/uploads\/2025\/09\/654.png","width":292,"height":365},{"@type":"BreadcrumbList","@id":"https:\/\/printaberlin.de\/en\/product\/classic-set-in-sweat\/#breadcrumb","itemListElement":[{"@type":"ListItem","position":1,"name":"Home","item":"https:\/\/printaberlin.de\/en\/"},{"@type":"ListItem","position":2,"name":"Shop","item":"https:\/\/printaberlin.de\/en\/shop\/"},{"@type":"ListItem","position":3,"name":"Classic Set In S."}]},{"@type":"WebSite","@id":"https:\/\/printaberlin.de\/en\/#website","url":"https:\/\/printaberlin.de\/en\/","name":"Printa Berlin | Textilien und T-Shirts Bedrucken","description":"Entdecken Sie Printa Berlin \u2013 Ihr Experte f\u00fcr personalisierten Druck! T-Shirts, Poloshirts, Hoodies, Sweatshirts, Taschen, Caps und mehr.","publisher":{"@id":"https:\/\/printaberlin.de\/en\/#organization"},"potentialAction":[{"@type":"SearchAction","target":{"@type":"EntryPoint","urlTemplate":"https:\/\/printaberlin.de\/en\/?s={search_term_string}"},"query-input":{"@type":"PropertyValueSpecification","valueRequired":true,"valueName":"search_term_string"}}],"inLanguage":"en-US"},{"@type":"Organization","@id":"https:\/\/printaberlin.de\/en\/#organization","name":"Printa Berlin","url":"https:\/\/printaberlin.de\/en\/","logo":{"@type":"ImageObject","inLanguage":"en-US","@id":"https:\/\/printaberlin.de\/en\/#\/schema\/logo\/image\/","url":"https:\/\/printaberlin.de\/wp-content\/uploads\/2025\/03\/csdsdcdsc.png","contentUrl":"https:\/\/printaberlin.de\/wp-content\/uploads\/2025\/03\/csdsdcdsc.png","width":512,"height":512,"caption":"Printa Berlin"},"image":{"@id":"https:\/\/printaberlin.de\/en\/#\/schema\/logo\/image\/"},"sameAs":["https:\/\/www.instagram.com\/printaberlin\/"]}]},"og_availability":"instock","product_availability":"instock","product_retailer_item_id":"PR11","product_condition":"new"},"_links":{"self":[{"href":"https:\/\/printaberlin.de\/en\/wp-json\/wp\/v2\/product\/25747","targetHints":{"allow":["GET"]}}],"collection":[{"href":"https:\/\/printaberlin.de\/en\/wp-json\/wp\/v2\/product"}],"about":[{"href":"https:\/\/printaberlin.de\/en\/wp-json\/wp\/v2\/types\/product"}],"replies":[{"embeddable":true,"href":"https:\/\/printaberlin.de\/en\/wp-json\/wp\/v2\/comments?post=25747"}],"wp:featuredmedia":[{"embeddable":true,"href":"https:\/\/printaberlin.de\/en\/wp-json\/wp\/v2\/media\/26388"}],"wp:attachment":[{"href":"https:\/\/printaberlin.de\/en\/wp-json\/wp\/v2\/media?parent=25747"}],"wp:term":[{"taxonomy":"product_brand","embeddable":true,"href":"https:\/\/printaberlin.de\/en\/wp-json\/wp\/v2\/product_brand?post=25747"},{"taxonomy":"product_cat","embeddable":true,"href":"https:\/\/printaberlin.de\/en\/wp-json\/wp\/v2\/product_cat?post=25747"},{"taxonomy":"product_tag","embeddable":true,"href":"https:\/\/printaberlin.de\/en\/wp-json\/wp\/v2\/product_tag?post=25747"},{"taxonomy":"producproduct-categroyt-categroy","embeddable":true,"href":"https:\/\/printaberlin.de\/en\/wp-json\/wp\/v2\/producproduct-categroyt-categroy?post=25747"}],"curies":[{"name":"wp","href":"https:\/\/api.w.org\/{rel}","templated":true}]}}