{"id":25738,"date":"2025-03-09T18:21:10","date_gmt":"2025-03-09T18:21:10","guid":{"rendered":"https:\/\/printaberlin.de\/product\/classic-raglan-sweatshirt\/"},"modified":"2025-09-21T20:36:27","modified_gmt":"2025-09-21T20:36:27","slug":"classic-raglan-sweatshirt","status":"publish","type":"product","link":"https:\/\/printaberlin.de\/en\/product\/classic-raglan-sweatshirt\/","title":{"rendered":"Classic Raglan"},"content":{"rendered":"<div class=\"mb-3\">\n<h3 data-start=\"0\" data-end=\"61\"><strong data-start=\"0\" data-end=\"61\">Classic Raglan: Komfort, Langlebigkeit und Vielseitigkeit<\/strong><\/h3>\n<p class=\"\" data-start=\"63\" data-end=\"500\">Das <strong data-start=\"67\" data-end=\"85\">Classic Raglan<\/strong> Sweatshirt ist die perfekte Wahl f\u00fcr alle, die nach einem robusten und bequemen Sweatshirt suchen, das sowohl stilvoll als auch funktional ist. Hergestellt aus einer Mischung von 50 % gek\u00e4mmter, ringgesponnener Baumwolle und 50 % Polyester bietet dieses Sweatshirt den idealen Mix aus Komfort und Haltbarkeit. Mit einem Gewicht von 295 g\/m\u00b2 bietet es ein angenehmes Tragegef\u00fchl und eignet sich f\u00fcr jede Jahreszeit.<\/p>\n<p class=\"\" data-start=\"502\" data-end=\"1045\">Das <strong data-start=\"506\" data-end=\"524\">Classic Raglan<\/strong> Sweatshirt besticht durch seinen klassischen Schnitt und die praktischen Raglan\u00e4rmel, die f\u00fcr zus\u00e4tzlichen Komfort und Bewegungsfreiheit sorgen. Es verf\u00fcgt \u00fcber eine <strong data-start=\"691\" data-end=\"706\">SpotShield\u2122<\/strong> Fleckenresistenzbeschichtung, die daf\u00fcr sorgt, dass es auch bei h\u00e4ufigem Tragen sauber und frisch bleibt. Die <strong data-start=\"817\" data-end=\"848\">tubul\u00e4re K\u00f6rperkonstruktion<\/strong> sorgt f\u00fcr zus\u00e4tzliche Stabilit\u00e4t und verhindert Verformungen. Das Nackenband im Fischgr\u00e4tmuster und die 1&#215;1-Rippb\u00fcndchen an \u00c4rmelabschl\u00fcssen und Saum bieten zus\u00e4tzlichen Komfort und Langlebigkeit.<\/p>\n<p class=\"\" data-start=\"1047\" data-end=\"1372\">Dieses Sweatshirt ist in den Gr\u00f6\u00dfen XS bis 4XL erh\u00e4ltlich und eignet sich hervorragend f\u00fcr die <strong data-start=\"1142\" data-end=\"1162\">Personalisierung<\/strong> mit <strong data-start=\"1167\" data-end=\"1176\">Druck<\/strong> und <strong data-start=\"1181\" data-end=\"1194\">Stickerei<\/strong>. Die hervorragende Oberfl\u00e4che erm\u00f6glicht eine ausgezeichnete Dekoration f\u00fcr individuelle Designs, was es zu einer idealen Wahl f\u00fcr Teams, Unternehmen oder Veranstaltungen macht.<\/p>\n<h4 data-start=\"1374\" data-end=\"1421\"><strong data-start=\"1374\" data-end=\"1421\">Hauptmerkmale des Classic Raglan Sweatshirt<\/strong><\/h4>\n<ul data-start=\"1423\" data-end=\"2036\">\n<li class=\"\" data-start=\"1423\" data-end=\"1511\">\n<p class=\"\" data-start=\"1425\" data-end=\"1511\"><strong data-start=\"1425\" data-end=\"1471\">50 % gek\u00e4mmte Baumwolle und 50 % Polyester<\/strong> f\u00fcr Weichheit und Strapazierf\u00e4higkeit<\/p>\n<\/li>\n<li class=\"\" data-start=\"1512\" data-end=\"1563\">\n<p class=\"\" data-start=\"1514\" data-end=\"1563\"><strong data-start=\"1514\" data-end=\"1534\">295 g\/m\u00b2 Gewicht<\/strong> f\u00fcr Robustheit und Komfort<\/p>\n<\/li>\n<li class=\"\" data-start=\"1564\" data-end=\"1639\">\n<p class=\"\" data-start=\"1566\" data-end=\"1639\"><strong data-start=\"1566\" data-end=\"1581\">Raglan\u00e4rmel<\/strong> f\u00fcr eine moderne Passform und erh\u00f6hte Bewegungsfreiheit<\/p>\n<\/li>\n<li class=\"\" data-start=\"1640\" data-end=\"1706\">\n<p class=\"\" data-start=\"1642\" data-end=\"1706\"><strong data-start=\"1642\" data-end=\"1674\">SpotShield\u2122 Fleckenresistenz<\/strong> f\u00fcr langanhaltende Sauberkeit<\/p>\n<\/li>\n<li class=\"\" data-start=\"1707\" data-end=\"1779\">\n<p class=\"\" data-start=\"1709\" data-end=\"1779\"><strong data-start=\"1709\" data-end=\"1740\">Tubul\u00e4re K\u00f6rperkonstruktion<\/strong> f\u00fcr Stabilit\u00e4t und Formbest\u00e4ndigkeit<\/p>\n<\/li>\n<li class=\"\" data-start=\"1780\" data-end=\"1873\">\n<p class=\"\" data-start=\"1782\" data-end=\"1873\"><strong data-start=\"1782\" data-end=\"1800\">1&#215;1 Rippstrick<\/strong> mit Elasthan am Saum und den \u00c4rmelb\u00fcndchen f\u00fcr zus\u00e4tzliche Dehnbarkeit<\/p>\n<\/li>\n<li class=\"\" data-start=\"1874\" data-end=\"1929\">\n<p class=\"\" data-start=\"1876\" data-end=\"1929\"><strong data-start=\"1876\" data-end=\"1902\">Herringbone Nackenband<\/strong> f\u00fcr zus\u00e4tzlichen Komfort<\/p>\n<\/li>\n<li class=\"\" data-start=\"1930\" data-end=\"1983\">\n<p class=\"\" data-start=\"1932\" data-end=\"1983\"><strong data-start=\"1932\" data-end=\"1942\">Gr\u00f6\u00dfen<\/strong>: XS bis 4XL f\u00fcr eine breite Zielgruppe<\/p>\n<\/li>\n<li class=\"\" data-start=\"1984\" data-end=\"2036\">\n<p class=\"\" data-start=\"1986\" data-end=\"2036\"><strong data-start=\"1986\" data-end=\"2014\">Waschbar bei bis zu 40\u00b0C<\/strong> f\u00fcr einfache Pflege<\/p>\n<\/li>\n<\/ul>\n<h4 data-start=\"2038\" data-end=\"2110\"><strong data-start=\"2038\" data-end=\"2110\">Individuelle Druckdienstleistungen f\u00fcr Ihr Classic Raglan Sweatshirt<\/strong><\/h4>\n<p class=\"\" data-start=\"2112\" data-end=\"2305\">Verleihen Sie Ihrem <strong data-start=\"2132\" data-end=\"2150\">Classic Raglan<\/strong> Sweatshirt eine pers\u00f6nliche Note mit unseren professionellen <strong data-start=\"2212\" data-end=\"2237\">Druckdienstleistungen<\/strong>. Wir bieten mehrere Techniken an, um Ihr Design perfekt umzusetzen:<\/p>\n<ul data-start=\"2307\" data-end=\"2510\">\n<li class=\"\" data-start=\"2307\" data-end=\"2365\">\n<p class=\"\" data-start=\"2309\" data-end=\"2365\"><strong data-start=\"2309\" data-end=\"2322\">DTF-Druck<\/strong>: Ideal f\u00fcr lebendige, langlebige Designs<\/p>\n<\/li>\n<li class=\"\" data-start=\"2366\" data-end=\"2437\">\n<p class=\"\" data-start=\"2368\" data-end=\"2437\"><strong data-start=\"2368\" data-end=\"2381\">Siebdruck<\/strong>: Perfekt f\u00fcr gro\u00dffl\u00e4chige, kr\u00e4ftige Logos und Designs<\/p>\n<\/li>\n<li class=\"\" data-start=\"2438\" data-end=\"2510\">\n<p class=\"\" data-start=\"2440\" data-end=\"2510\"><strong data-start=\"2440\" data-end=\"2453\">Stickerei<\/strong>: Verleiht Ihrem Sweatshirt eine edle, hochwertige Note<\/p>\n<\/li>\n<\/ul>\n<h4 data-start=\"2512\" data-end=\"2559\"><strong data-start=\"2512\" data-end=\"2559\">Warum das Classic Raglan Sweatshirt w\u00e4hlen?<\/strong><\/h4>\n<p class=\"\" data-start=\"2561\" data-end=\"3025\">Das <strong data-start=\"2565\" data-end=\"2583\">Classic Raglan<\/strong> Sweatshirt bietet nicht nur hervorragenden Komfort und eine moderne Passform, sondern auch eine exzellente Grundlage f\u00fcr personalisierte Designs. Mit der Fleckenresistenzbeschichtung und der robusten Verarbeitung eignet es sich ideal f\u00fcr die t\u00e4gliche Nutzung oder f\u00fcr Teams und Veranstaltungen. Nutzen Sie unsere <strong data-start=\"2897\" data-end=\"2922\">Druckdienstleistungen<\/strong>, um dieses Sweatshirt individuell zu gestalten und es zu einem einzigartigen Kleidungsst\u00fcck zu machen.<\/p>\n<p data-start=\"737\" data-end=\"1165\" data-is-last-node=\"\" data-is-only-node=\"\"><img decoding=\"async\" class=\"alignnone wp-image-7677\" src=\"https:\/\/printaberlin.de\/staging\/2315\/wp-content\/uploads\/2025\/03\/OEKOTEXRUSSELL-300x249.png\" alt=\"\" width=\"76\" height=\"63\" srcset=\"https:\/\/printaberlin.de\/wp-content\/uploads\/2025\/03\/OEKOTEXRUSSELL-300x249.png 300w, https:\/\/printaberlin.de\/wp-content\/uploads\/2025\/03\/OEKOTEXRUSSELL-768x637.png 768w, https:\/\/printaberlin.de\/wp-content\/uploads\/2025\/03\/OEKOTEXRUSSELL-260x216.png 260w, https:\/\/printaberlin.de\/wp-content\/uploads\/2025\/03\/OEKOTEXRUSSELL-500x415.png 500w, https:\/\/printaberlin.de\/wp-content\/uploads\/2025\/03\/OEKOTEXRUSSELL.png 835w\" sizes=\"(max-width: 76px) 100vw, 76px\" \/><\/p>\n<\/div>\n<div class=\"mb-3\">\n<div class=\"child-p:mb-2 last:child-p:mb-0\">\n<div class=\"child-p:mb-2 last:child-p:mb-0\"><\/div>\n<\/div>\n<\/div>\n","protected":false},"excerpt":{"rendered":"<p>Sweatshirt mit Raglan\u00e4rmeln, Fleckenresistenz, und 50 % Baumwolle.<br \/>\n<strong>By Russel<\/strong><\/p>\n","protected":false},"featured_media":26390,"comment_status":"open","ping_status":"closed","template":"","meta":{"nf_dc_page":""},"product_brand":[193],"product_cat":[432],"product_tag":[435],"producproduct-categroyt-categroy":[],"class_list":{"0":"post-25738","1":"product","2":"type-product","3":"status-publish","4":"has-post-thumbnail","6":"product_brand-russel","7":"product_cat-sweatshirt-bedrucken","8":"product_tag-unisexmen","10":"first","11":"instock","12":"shipping-taxable","13":"purchasable","14":"product-type-variable","15":"has-default-attributes","16":"wvs-archive-product-wrapper"},"yoast_head":"<!-- This site is optimized with the Yoast SEO Premium plugin v24.6 (Yoast SEO v27.4) - https:\/\/yoast.com\/product\/yoast-seo-premium-wordpress\/ -->\n<title>Classic Raglan | Printa Berlin | Textilien und T-Shirts Bedrucken<\/title>\n<meta name=\"description\" content=\"Das Classic Raglan Sweatshirt aus 50 % Baumwolle und 50 % Polyester bietet Komfort und Langlebigkeit. Personalisieren Sie es mit DTF-Druck, Siebdruck oder Stickerei.\" \/>\n<meta name=\"robots\" content=\"index, follow, max-snippet:-1, max-image-preview:large, max-video-preview:-1\" \/>\n<link rel=\"canonical\" href=\"https:\/\/printaberlin.de\/en\/product\/classic-raglan-sweatshirt\/\" \/>\n<meta property=\"og:locale\" content=\"en_US\" \/>\n<meta property=\"og:type\" content=\"article\" \/>\n<meta property=\"og:title\" content=\"Classic Raglan\" \/>\n<meta property=\"og:description\" content=\"Das Classic Raglan Sweatshirt aus 50 % Baumwolle und 50 % Polyester bietet Komfort und Langlebigkeit. Personalisieren Sie es mit DTF-Druck, Siebdruck oder Stickerei.\" \/>\n<meta property=\"og:url\" content=\"https:\/\/printaberlin.de\/en\/product\/classic-raglan-sweatshirt\/\" \/>\n<meta property=\"og:site_name\" content=\"Printa Berlin | Textilien und T-Shirts Bedrucken\" \/>\n<meta property=\"article:modified_time\" content=\"2025-09-21T20:36:27+00:00\" \/>\n<meta property=\"og:image\" content=\"https:\/\/printaberlin.de\/wp-content\/uploads\/2025\/09\/535345.png\" \/>\n\t<meta property=\"og:image:width\" content=\"292\" \/>\n\t<meta property=\"og:image:height\" content=\"365\" \/>\n\t<meta property=\"og:image:type\" content=\"image\/png\" \/>\n<meta name=\"twitter:card\" content=\"summary_large_image\" \/>\n<meta name=\"twitter:label1\" content=\"Availability\" \/>\n\t<meta name=\"twitter:data1\" content=\"In stock\" \/>\n<script type=\"application\/ld+json\" class=\"yoast-schema-graph\">{\"@context\":\"https:\\\/\\\/schema.org\",\"@graph\":[{\"@type\":\"WebPage\",\"@id\":\"https:\\\/\\\/printaberlin.de\\\/en\\\/product\\\/classic-raglan-sweatshirt\\\/\",\"url\":\"https:\\\/\\\/printaberlin.de\\\/en\\\/product\\\/classic-raglan-sweatshirt\\\/\",\"name\":\"Classic Raglan | Printa Berlin | Textilien und T-Shirts Bedrucken\",\"isPartOf\":{\"@id\":\"https:\\\/\\\/printaberlin.de\\\/en\\\/#website\"},\"primaryImageOfPage\":{\"@id\":\"https:\\\/\\\/printaberlin.de\\\/en\\\/product\\\/classic-raglan-sweatshirt\\\/#primaryimage\"},\"image\":{\"@id\":\"https:\\\/\\\/printaberlin.de\\\/en\\\/product\\\/classic-raglan-sweatshirt\\\/#primaryimage\"},\"thumbnailUrl\":\"https:\\\/\\\/printaberlin.de\\\/wp-content\\\/uploads\\\/2025\\\/09\\\/535345.png\",\"datePublished\":\"2025-03-09T18:21:10+00:00\",\"dateModified\":\"2025-09-21T20:36:27+00:00\",\"description\":\"Das Classic Raglan Sweatshirt aus 50 % Baumwolle und 50 % Polyester bietet Komfort und Langlebigkeit. Personalisieren Sie es mit DTF-Druck, Siebdruck oder Stickerei.\",\"breadcrumb\":{\"@id\":\"https:\\\/\\\/printaberlin.de\\\/en\\\/product\\\/classic-raglan-sweatshirt\\\/#breadcrumb\"},\"inLanguage\":\"en-US\",\"potentialAction\":[{\"@type\":\"ReadAction\",\"target\":[\"https:\\\/\\\/printaberlin.de\\\/en\\\/product\\\/classic-raglan-sweatshirt\\\/\"]}]},{\"@type\":\"ImageObject\",\"inLanguage\":\"en-US\",\"@id\":\"https:\\\/\\\/printaberlin.de\\\/en\\\/product\\\/classic-raglan-sweatshirt\\\/#primaryimage\",\"url\":\"https:\\\/\\\/printaberlin.de\\\/wp-content\\\/uploads\\\/2025\\\/09\\\/535345.png\",\"contentUrl\":\"https:\\\/\\\/printaberlin.de\\\/wp-content\\\/uploads\\\/2025\\\/09\\\/535345.png\",\"width\":292,\"height\":365},{\"@type\":\"BreadcrumbList\",\"@id\":\"https:\\\/\\\/printaberlin.de\\\/en\\\/product\\\/classic-raglan-sweatshirt\\\/#breadcrumb\",\"itemListElement\":[{\"@type\":\"ListItem\",\"position\":1,\"name\":\"Home\",\"item\":\"https:\\\/\\\/printaberlin.de\\\/en\\\/\"},{\"@type\":\"ListItem\",\"position\":2,\"name\":\"Shop\",\"item\":\"https:\\\/\\\/printaberlin.de\\\/en\\\/shop\\\/\"},{\"@type\":\"ListItem\",\"position\":3,\"name\":\"Classic Raglan\"}]},{\"@type\":\"WebSite\",\"@id\":\"https:\\\/\\\/printaberlin.de\\\/en\\\/#website\",\"url\":\"https:\\\/\\\/printaberlin.de\\\/en\\\/\",\"name\":\"Printa Berlin | Textilien und T-Shirts Bedrucken\",\"description\":\"Entdecken Sie Printa Berlin \u2013 Ihr Experte f\u00fcr personalisierten Druck! T-Shirts, Poloshirts, Hoodies, Sweatshirts, Taschen, Caps und mehr.\",\"publisher\":{\"@id\":\"https:\\\/\\\/printaberlin.de\\\/en\\\/#organization\"},\"potentialAction\":[{\"@type\":\"SearchAction\",\"target\":{\"@type\":\"EntryPoint\",\"urlTemplate\":\"https:\\\/\\\/printaberlin.de\\\/en\\\/?s={search_term_string}\"},\"query-input\":{\"@type\":\"PropertyValueSpecification\",\"valueRequired\":true,\"valueName\":\"search_term_string\"}}],\"inLanguage\":\"en-US\"},{\"@type\":\"Organization\",\"@id\":\"https:\\\/\\\/printaberlin.de\\\/en\\\/#organization\",\"name\":\"Printa Berlin\",\"url\":\"https:\\\/\\\/printaberlin.de\\\/en\\\/\",\"logo\":{\"@type\":\"ImageObject\",\"inLanguage\":\"en-US\",\"@id\":\"https:\\\/\\\/printaberlin.de\\\/en\\\/#\\\/schema\\\/logo\\\/image\\\/\",\"url\":\"https:\\\/\\\/printaberlin.de\\\/wp-content\\\/uploads\\\/2025\\\/03\\\/csdsdcdsc.png\",\"contentUrl\":\"https:\\\/\\\/printaberlin.de\\\/wp-content\\\/uploads\\\/2025\\\/03\\\/csdsdcdsc.png\",\"width\":512,\"height\":512,\"caption\":\"Printa Berlin\"},\"image\":{\"@id\":\"https:\\\/\\\/printaberlin.de\\\/en\\\/#\\\/schema\\\/logo\\\/image\\\/\"},\"sameAs\":[\"https:\\\/\\\/www.instagram.com\\\/printaberlin\\\/\"]}]}<\/script>\n<meta property=\"og:availability\" content=\"instock\" \/>\n<meta property=\"product:availability\" content=\"instock\" \/>\n<meta property=\"product:retailer_item_id\" content=\"PR14\" \/>\n<meta property=\"product:condition\" content=\"new\" \/>\n<!-- \/ Yoast SEO Premium plugin. -->","yoast_head_json":{"title":"Classic Raglan | Printa Berlin | Textilien und T-Shirts Bedrucken","description":"Das Classic Raglan Sweatshirt aus 50 % Baumwolle und 50 % Polyester bietet Komfort und Langlebigkeit. Personalisieren Sie es mit DTF-Druck, Siebdruck oder Stickerei.","robots":{"index":"index","follow":"follow","max-snippet":"max-snippet:-1","max-image-preview":"max-image-preview:large","max-video-preview":"max-video-preview:-1"},"canonical":"https:\/\/printaberlin.de\/en\/product\/classic-raglan-sweatshirt\/","og_locale":"en_US","og_type":"article","og_title":"Classic Raglan","og_description":"Das Classic Raglan Sweatshirt aus 50 % Baumwolle und 50 % Polyester bietet Komfort und Langlebigkeit. Personalisieren Sie es mit DTF-Druck, Siebdruck oder Stickerei.","og_url":"https:\/\/printaberlin.de\/en\/product\/classic-raglan-sweatshirt\/","og_site_name":"Printa Berlin | Textilien und T-Shirts Bedrucken","article_modified_time":"2025-09-21T20:36:27+00:00","og_image":[{"width":292,"height":365,"url":"https:\/\/printaberlin.de\/wp-content\/uploads\/2025\/09\/535345.png","type":"image\/png"}],"twitter_card":"summary_large_image","twitter_misc":{"Availability":"In stock"},"schema":{"@context":"https:\/\/schema.org","@graph":[{"@type":"WebPage","@id":"https:\/\/printaberlin.de\/en\/product\/classic-raglan-sweatshirt\/","url":"https:\/\/printaberlin.de\/en\/product\/classic-raglan-sweatshirt\/","name":"Classic Raglan | Printa Berlin | Textilien und T-Shirts Bedrucken","isPartOf":{"@id":"https:\/\/printaberlin.de\/en\/#website"},"primaryImageOfPage":{"@id":"https:\/\/printaberlin.de\/en\/product\/classic-raglan-sweatshirt\/#primaryimage"},"image":{"@id":"https:\/\/printaberlin.de\/en\/product\/classic-raglan-sweatshirt\/#primaryimage"},"thumbnailUrl":"https:\/\/printaberlin.de\/wp-content\/uploads\/2025\/09\/535345.png","datePublished":"2025-03-09T18:21:10+00:00","dateModified":"2025-09-21T20:36:27+00:00","description":"Das Classic Raglan Sweatshirt aus 50 % Baumwolle und 50 % Polyester bietet Komfort und Langlebigkeit. Personalisieren Sie es mit DTF-Druck, Siebdruck oder Stickerei.","breadcrumb":{"@id":"https:\/\/printaberlin.de\/en\/product\/classic-raglan-sweatshirt\/#breadcrumb"},"inLanguage":"en-US","potentialAction":[{"@type":"ReadAction","target":["https:\/\/printaberlin.de\/en\/product\/classic-raglan-sweatshirt\/"]}]},{"@type":"ImageObject","inLanguage":"en-US","@id":"https:\/\/printaberlin.de\/en\/product\/classic-raglan-sweatshirt\/#primaryimage","url":"https:\/\/printaberlin.de\/wp-content\/uploads\/2025\/09\/535345.png","contentUrl":"https:\/\/printaberlin.de\/wp-content\/uploads\/2025\/09\/535345.png","width":292,"height":365},{"@type":"BreadcrumbList","@id":"https:\/\/printaberlin.de\/en\/product\/classic-raglan-sweatshirt\/#breadcrumb","itemListElement":[{"@type":"ListItem","position":1,"name":"Home","item":"https:\/\/printaberlin.de\/en\/"},{"@type":"ListItem","position":2,"name":"Shop","item":"https:\/\/printaberlin.de\/en\/shop\/"},{"@type":"ListItem","position":3,"name":"Classic Raglan"}]},{"@type":"WebSite","@id":"https:\/\/printaberlin.de\/en\/#website","url":"https:\/\/printaberlin.de\/en\/","name":"Printa Berlin | Textilien und T-Shirts Bedrucken","description":"Entdecken Sie Printa Berlin \u2013 Ihr Experte f\u00fcr personalisierten Druck! T-Shirts, Poloshirts, Hoodies, Sweatshirts, Taschen, Caps und mehr.","publisher":{"@id":"https:\/\/printaberlin.de\/en\/#organization"},"potentialAction":[{"@type":"SearchAction","target":{"@type":"EntryPoint","urlTemplate":"https:\/\/printaberlin.de\/en\/?s={search_term_string}"},"query-input":{"@type":"PropertyValueSpecification","valueRequired":true,"valueName":"search_term_string"}}],"inLanguage":"en-US"},{"@type":"Organization","@id":"https:\/\/printaberlin.de\/en\/#organization","name":"Printa Berlin","url":"https:\/\/printaberlin.de\/en\/","logo":{"@type":"ImageObject","inLanguage":"en-US","@id":"https:\/\/printaberlin.de\/en\/#\/schema\/logo\/image\/","url":"https:\/\/printaberlin.de\/wp-content\/uploads\/2025\/03\/csdsdcdsc.png","contentUrl":"https:\/\/printaberlin.de\/wp-content\/uploads\/2025\/03\/csdsdcdsc.png","width":512,"height":512,"caption":"Printa Berlin"},"image":{"@id":"https:\/\/printaberlin.de\/en\/#\/schema\/logo\/image\/"},"sameAs":["https:\/\/www.instagram.com\/printaberlin\/"]}]},"og_availability":"instock","product_availability":"instock","product_retailer_item_id":"PR14","product_condition":"new"},"_links":{"self":[{"href":"https:\/\/printaberlin.de\/en\/wp-json\/wp\/v2\/product\/25738","targetHints":{"allow":["GET"]}}],"collection":[{"href":"https:\/\/printaberlin.de\/en\/wp-json\/wp\/v2\/product"}],"about":[{"href":"https:\/\/printaberlin.de\/en\/wp-json\/wp\/v2\/types\/product"}],"replies":[{"embeddable":true,"href":"https:\/\/printaberlin.de\/en\/wp-json\/wp\/v2\/comments?post=25738"}],"wp:featuredmedia":[{"embeddable":true,"href":"https:\/\/printaberlin.de\/en\/wp-json\/wp\/v2\/media\/26390"}],"wp:attachment":[{"href":"https:\/\/printaberlin.de\/en\/wp-json\/wp\/v2\/media?parent=25738"}],"wp:term":[{"taxonomy":"product_brand","embeddable":true,"href":"https:\/\/printaberlin.de\/en\/wp-json\/wp\/v2\/product_brand?post=25738"},{"taxonomy":"product_cat","embeddable":true,"href":"https:\/\/printaberlin.de\/en\/wp-json\/wp\/v2\/product_cat?post=25738"},{"taxonomy":"product_tag","embeddable":true,"href":"https:\/\/printaberlin.de\/en\/wp-json\/wp\/v2\/product_tag?post=25738"},{"taxonomy":"producproduct-categroyt-categroy","embeddable":true,"href":"https:\/\/printaberlin.de\/en\/wp-json\/wp\/v2\/producproduct-categroyt-categroy?post=25738"}],"curies":[{"name":"wp","href":"https:\/\/api.w.org\/{rel}","templated":true}]}}