{"id":25717,"date":"2025-03-09T18:59:32","date_gmt":"2025-03-09T18:59:32","guid":{"rendered":"https:\/\/printaberlin.de\/product\/roller-sweatshirt\/"},"modified":"2025-09-21T20:36:27","modified_gmt":"2025-09-21T20:36:27","slug":"roller-sweatshirt","status":"publish","type":"product","link":"https:\/\/printaberlin.de\/en\/product\/roller-sweatshirt\/","title":{"rendered":"Roller Sweatshirt"},"content":{"rendered":"<div class=\"mb-3\">\n<h3 data-start=\"0\" data-end=\"65\"><strong data-start=\"0\" data-end=\"65\">Roller Sweatshirt: Komfort, Nachhaltigkeit und Vielseitigkeit<\/strong><\/h3>\n<p class=\"\" data-start=\"67\" data-end=\"489\">Das <strong data-start=\"71\" data-end=\"92\">Roller Sweatshirt<\/strong> von Stanley\/Stella ist das perfekte Basic f\u00fcr den Alltag. Hergestellt aus 85 % gek\u00e4mmter, ringgesponnener Bio-Baumwolle und 15 % recyceltem Polyester, bietet dieses Sweatshirt nicht nur ein angenehmes Tragegef\u00fchl, sondern auch eine umweltfreundliche Wahl. Mit einem Gewicht von 280 GSM ist es robust und zugleich weich, wodurch es sowohl f\u00fcr k\u00e4ltere Monate als auch f\u00fcr den \u00dcbergang geeignet ist.<\/p>\n<p class=\"\" data-start=\"491\" data-end=\"1107\">Das <strong data-start=\"495\" data-end=\"516\">Roller Sweatshirt<\/strong> verf\u00fcgt \u00fcber einen klassischen Rundhalsausschnitt und eine normale Passform, die es zu einer komfortablen und vielseitigen Wahl f\u00fcr jedes Outfit macht. Die eingesetzten \u00c4rmel sorgen f\u00fcr eine moderne Passform, w\u00e4hrend die Flatlockn\u00e4hte f\u00fcr eine strapazierf\u00e4hige Verarbeitung und ein sauberes Finish sorgen. Der 1&#215;1-Rippstrick an Halsausschnitt, \u00c4rmelenden und dem unteren Saum verleiht dem Sweatshirt eine zeitgem\u00e4\u00dfe und gepflegte Optik. Ein weiteres Highlight ist das Nackenband im Fischgr\u00e4tmuster, das f\u00fcr zus\u00e4tzlichen Komfort sorgt und gleichzeitig die Haltbarkeit des Sweatshirts erh\u00f6ht.<\/p>\n<p class=\"\" data-start=\"1109\" data-end=\"1416\">Mit einer breiten Gr\u00f6\u00dfenpalette von XXS bis 5XL passt das <strong data-start=\"1167\" data-end=\"1188\">Sweatshirt<\/strong> f\u00fcr viele K\u00f6rpergr\u00f6\u00dfen und ist eine gro\u00dfartige Wahl f\u00fcr personalisierte Designs. Die weiche, aufgeraute Oberfl\u00e4che bietet eine hervorragende Grundlage f\u00fcr <strong data-start=\"1344\" data-end=\"1353\">Druck<\/strong> und <strong data-start=\"1358\" data-end=\"1371\">Stickerei<\/strong>, um Ihr Sweatshirt individuell zu gestalten.<\/p>\n<h4 data-start=\"1418\" data-end=\"1457\"><strong data-start=\"1418\" data-end=\"1457\">Hauptmerkmale des Roller Sweatshirt<\/strong><\/h4>\n<ul data-start=\"1459\" data-end=\"2157\">\n<li class=\"\" data-start=\"1459\" data-end=\"1546\">\n<p class=\"\" data-start=\"1461\" data-end=\"1546\"><strong data-start=\"1461\" data-end=\"1513\">85 % Bio-Baumwolle und 15 % recyceltes Polyester<\/strong> f\u00fcr Komfort und Nachhaltigkeit<\/p>\n<\/li>\n<li class=\"\" data-start=\"1547\" data-end=\"1613\">\n<p class=\"\" data-start=\"1549\" data-end=\"1613\"><strong data-start=\"1549\" data-end=\"1568\">280 GSM Gewicht<\/strong> f\u00fcr Robustheit und angenehmen Tragekomfort<\/p>\n<\/li>\n<li class=\"\" data-start=\"1614\" data-end=\"1677\">\n<p class=\"\" data-start=\"1616\" data-end=\"1677\"><strong data-start=\"1616\" data-end=\"1650\">Klassischer Rundhalsausschnitt<\/strong> f\u00fcr einen zeitlosen Look<\/p>\n<\/li>\n<li class=\"\" data-start=\"1678\" data-end=\"1729\">\n<p class=\"\" data-start=\"1680\" data-end=\"1729\"><strong data-start=\"1680\" data-end=\"1701\">Eingesetzte \u00c4rmel<\/strong> f\u00fcr eine moderne Passform<\/p>\n<\/li>\n<li class=\"\" data-start=\"1730\" data-end=\"1823\">\n<p class=\"\" data-start=\"1732\" data-end=\"1823\"><strong data-start=\"1732\" data-end=\"1750\">1&#215;1-Rippstrick<\/strong> am Halsausschnitt, \u00c4rmelenden und unteren Saum f\u00fcr eine elegante Optik<\/p>\n<\/li>\n<li class=\"\" data-start=\"1824\" data-end=\"1902\">\n<p class=\"\" data-start=\"1826\" data-end=\"1902\"><strong data-start=\"1826\" data-end=\"1859\">Nackenband im Fischgr\u00e4tmuster<\/strong> f\u00fcr zus\u00e4tzlichen Komfort und Haltbarkeit<\/p>\n<\/li>\n<li class=\"\" data-start=\"1903\" data-end=\"1976\">\n<p class=\"\" data-start=\"1905\" data-end=\"1976\"><strong data-start=\"1905\" data-end=\"1922\">Flatlockn\u00e4hte<\/strong> f\u00fcr ein sauberes Finish und verbesserte Haltbarkeit<\/p>\n<\/li>\n<li class=\"\" data-start=\"1977\" data-end=\"2049\">\n<p class=\"\" data-start=\"1979\" data-end=\"2049\"><strong data-start=\"1979\" data-end=\"1995\">Vorgewaschen<\/strong> f\u00fcr eine weichere Haptik und besseren Einlaufschutz<\/p>\n<\/li>\n<li class=\"\" data-start=\"2050\" data-end=\"2104\">\n<p class=\"\" data-start=\"2052\" data-end=\"2104\"><strong data-start=\"2052\" data-end=\"2062\">Gr\u00f6\u00dfen<\/strong>: XXS bis 5XL f\u00fcr eine breite Zielgruppe<\/p>\n<\/li>\n<li class=\"\" data-start=\"2105\" data-end=\"2157\">\n<p class=\"\" data-start=\"2107\" data-end=\"2157\"><strong data-start=\"2107\" data-end=\"2135\">Waschbar bei bis zu 40\u00b0C<\/strong> f\u00fcr einfache Pflege<\/p>\n<\/li>\n<\/ul>\n<h4 data-start=\"2159\" data-end=\"2223\"><strong data-start=\"2159\" data-end=\"2223\">Individuelle Druckdienstleistungen f\u00fcr Ihr Roller Sweatshirt<\/strong><\/h4>\n<p class=\"\" data-start=\"2225\" data-end=\"2407\">Verleihen Sie Ihrem <strong data-start=\"2245\" data-end=\"2266\">Roller Sweatshirt<\/strong> eine pers\u00f6nliche Note mit unseren professionellen <strong data-start=\"2317\" data-end=\"2342\">Druckdienstleistungen<\/strong>. Wir bieten mehrere Techniken, um Ihr Design perfekt umzusetzen:<\/p>\n<ul data-start=\"2409\" data-end=\"2605\">\n<li class=\"\" data-start=\"2409\" data-end=\"2467\">\n<p class=\"\" data-start=\"2411\" data-end=\"2467\"><strong data-start=\"2411\" data-end=\"2424\">DTF-Druck<\/strong>: Ideal f\u00fcr lebendige, langlebige Designs<\/p>\n<\/li>\n<li class=\"\" data-start=\"2468\" data-end=\"2529\">\n<p class=\"\" data-start=\"2470\" data-end=\"2529\"><strong data-start=\"2470\" data-end=\"2483\">Siebdruck<\/strong>: Perfekt f\u00fcr kr\u00e4ftige, gro\u00dffl\u00e4chige Designs<\/p>\n<\/li>\n<li class=\"\" data-start=\"2530\" data-end=\"2605\">\n<p class=\"\" data-start=\"2532\" data-end=\"2605\"><strong data-start=\"2532\" data-end=\"2545\">Stickerei<\/strong>: Verleiht Ihrem Sweatshirt eine edle und hochwertige Note<\/p>\n<\/li>\n<\/ul>\n<h4 data-start=\"2607\" data-end=\"2646\"><strong data-start=\"2607\" data-end=\"2646\">Warum das Roller Sweatshirt w\u00e4hlen?<\/strong><\/h4>\n<p class=\"\" data-start=\"2648\" data-end=\"3066\">Das <strong data-start=\"2652\" data-end=\"2673\">Roller Sweatshirt<\/strong> bietet nicht nur eine bequeme Passform und au\u00dfergew\u00f6hnlichen Komfort, sondern auch eine nachhaltige Wahl, die sich perfekt f\u00fcr personalisierte Designs eignet. Hergestellt aus 100 % Bio-Baumwolle und recyceltem Polyester, ist dieses Sweatshirt umweltfreundlich und strapazierf\u00e4hig. Nutzen Sie unsere <strong data-start=\"2973\" data-end=\"2998\">Druckdienstleistungen<\/strong>, um Ihr Sweatshirt zu einem einzigartigen Kleidungsst\u00fcck zu machen.<\/p>\n<\/div>\n<p data-start=\"1683\" data-end=\"2032\">\u00a0<img decoding=\"async\" class=\"alignnone size-medium wp-image-7209\" src=\"https:\/\/printaberlin.de\/wp-content\/uploads\/2025\/03\/Frame-37-300x59.png\" alt=\"\" width=\"300\" height=\"59\" srcset=\"https:\/\/printaberlin.de\/wp-content\/uploads\/2025\/03\/Frame-37-300x59.png 300w, https:\/\/printaberlin.de\/wp-content\/uploads\/2025\/03\/Frame-37-1024x200.png 1024w, https:\/\/printaberlin.de\/wp-content\/uploads\/2025\/03\/Frame-37-768x150.png 768w, https:\/\/printaberlin.de\/wp-content\/uploads\/2025\/03\/Frame-37-1536x301.png 1536w, https:\/\/printaberlin.de\/wp-content\/uploads\/2025\/03\/Frame-37-260x51.png 260w, https:\/\/printaberlin.de\/wp-content\/uploads\/2025\/03\/Frame-37-500x98.png 500w, https:\/\/printaberlin.de\/wp-content\/uploads\/2025\/03\/Frame-37.png 1650w\" sizes=\"(max-width: 300px) 100vw, 300px\" \/><\/p>\n<div class=\"mb-3\">\n<div class=\"child-p:mb-2 last:child-p:mb-0\">\n<div class=\"child-p:mb-2 last:child-p:mb-0\"><\/div>\n<\/div>\n<\/div>\n","protected":false},"excerpt":{"rendered":"<p>Bequemes Sweatshirt aus 85 % Bio-Baumwolle, ideal f\u00fcr Druck und Stickerei.<br \/>\n<strong>By Stanley Stella<\/strong><\/p>\n","protected":false},"featured_media":22958,"comment_status":"open","ping_status":"closed","template":"","meta":{"nf_dc_page":""},"product_brand":[32],"product_cat":[432],"product_tag":[430],"producproduct-categroyt-categroy":[],"class_list":{"0":"post-25717","1":"product","2":"type-product","3":"status-publish","4":"has-post-thumbnail","6":"product_brand-stanley-stella","7":"product_cat-sweatshirt-bedrucken","8":"product_tag-unisex","10":"first","11":"instock","12":"shipping-taxable","13":"purchasable","14":"product-type-variable","15":"has-default-attributes","16":"wvs-archive-product-wrapper"},"yoast_head":"<!-- This site is optimized with the Yoast SEO Premium plugin v24.6 (Yoast SEO v27.4) - https:\/\/yoast.com\/product\/yoast-seo-premium-wordpress\/ -->\n<title>Roller Sweatshirt | Printa Berlin | Textilien und T-Shirts Bedrucken<\/title>\n<meta name=\"description\" content=\"Das Roller Sweatshirt aus 85 % Bio-Baumwolle bietet Komfort und Langlebigkeit. Personalisieren Sie es mit DTF-Druck, Siebdruck oder Stickerei.\" \/>\n<meta name=\"robots\" content=\"index, follow, max-snippet:-1, max-image-preview:large, max-video-preview:-1\" \/>\n<link rel=\"canonical\" href=\"https:\/\/printaberlin.de\/en\/product\/roller-sweatshirt\/\" \/>\n<meta property=\"og:locale\" content=\"en_US\" \/>\n<meta property=\"og:type\" content=\"article\" \/>\n<meta property=\"og:title\" content=\"Roller Sweatshirt\" \/>\n<meta property=\"og:description\" content=\"Das Roller Sweatshirt aus 85 % Bio-Baumwolle bietet Komfort und Langlebigkeit. Personalisieren Sie es mit DTF-Druck, Siebdruck oder Stickerei.\" \/>\n<meta property=\"og:url\" content=\"https:\/\/printaberlin.de\/en\/product\/roller-sweatshirt\/\" \/>\n<meta property=\"og:site_name\" content=\"Printa Berlin | Textilien und T-Shirts Bedrucken\" \/>\n<meta property=\"article:modified_time\" content=\"2025-09-21T20:36:27+00:00\" \/>\n<meta property=\"og:image\" content=\"https:\/\/printaberlin.de\/wp-content\/uploads\/2025\/03\/534535.png\" \/>\n\t<meta property=\"og:image:width\" content=\"292\" \/>\n\t<meta property=\"og:image:height\" content=\"365\" \/>\n\t<meta property=\"og:image:type\" content=\"image\/png\" \/>\n<meta name=\"twitter:card\" content=\"summary_large_image\" \/>\n<meta name=\"twitter:label1\" content=\"Availability\" \/>\n\t<meta name=\"twitter:data1\" content=\"In stock\" \/>\n<script type=\"application\/ld+json\" class=\"yoast-schema-graph\">{\"@context\":\"https:\\\/\\\/schema.org\",\"@graph\":[{\"@type\":\"WebPage\",\"@id\":\"https:\\\/\\\/printaberlin.de\\\/en\\\/product\\\/roller-sweatshirt\\\/\",\"url\":\"https:\\\/\\\/printaberlin.de\\\/en\\\/product\\\/roller-sweatshirt\\\/\",\"name\":\"Roller Sweatshirt | Printa Berlin | Textilien und T-Shirts Bedrucken\",\"isPartOf\":{\"@id\":\"https:\\\/\\\/printaberlin.de\\\/en\\\/#website\"},\"primaryImageOfPage\":{\"@id\":\"https:\\\/\\\/printaberlin.de\\\/en\\\/product\\\/roller-sweatshirt\\\/#primaryimage\"},\"image\":{\"@id\":\"https:\\\/\\\/printaberlin.de\\\/en\\\/product\\\/roller-sweatshirt\\\/#primaryimage\"},\"thumbnailUrl\":\"https:\\\/\\\/printaberlin.de\\\/wp-content\\\/uploads\\\/2025\\\/03\\\/534535.png\",\"datePublished\":\"2025-03-09T18:59:32+00:00\",\"dateModified\":\"2025-09-21T20:36:27+00:00\",\"description\":\"Das Roller Sweatshirt aus 85 % Bio-Baumwolle bietet Komfort und Langlebigkeit. Personalisieren Sie es mit DTF-Druck, Siebdruck oder Stickerei.\",\"breadcrumb\":{\"@id\":\"https:\\\/\\\/printaberlin.de\\\/en\\\/product\\\/roller-sweatshirt\\\/#breadcrumb\"},\"inLanguage\":\"en-US\",\"potentialAction\":[{\"@type\":\"ReadAction\",\"target\":[\"https:\\\/\\\/printaberlin.de\\\/en\\\/product\\\/roller-sweatshirt\\\/\"]}]},{\"@type\":\"ImageObject\",\"inLanguage\":\"en-US\",\"@id\":\"https:\\\/\\\/printaberlin.de\\\/en\\\/product\\\/roller-sweatshirt\\\/#primaryimage\",\"url\":\"https:\\\/\\\/printaberlin.de\\\/wp-content\\\/uploads\\\/2025\\\/03\\\/534535.png\",\"contentUrl\":\"https:\\\/\\\/printaberlin.de\\\/wp-content\\\/uploads\\\/2025\\\/03\\\/534535.png\",\"width\":292,\"height\":365},{\"@type\":\"BreadcrumbList\",\"@id\":\"https:\\\/\\\/printaberlin.de\\\/en\\\/product\\\/roller-sweatshirt\\\/#breadcrumb\",\"itemListElement\":[{\"@type\":\"ListItem\",\"position\":1,\"name\":\"Home\",\"item\":\"https:\\\/\\\/printaberlin.de\\\/en\\\/\"},{\"@type\":\"ListItem\",\"position\":2,\"name\":\"Shop\",\"item\":\"https:\\\/\\\/printaberlin.de\\\/en\\\/shop\\\/\"},{\"@type\":\"ListItem\",\"position\":3,\"name\":\"Roller Sweatshirt\"}]},{\"@type\":\"WebSite\",\"@id\":\"https:\\\/\\\/printaberlin.de\\\/en\\\/#website\",\"url\":\"https:\\\/\\\/printaberlin.de\\\/en\\\/\",\"name\":\"Printa Berlin | Textilien und T-Shirts Bedrucken\",\"description\":\"Entdecken Sie Printa Berlin \u2013 Ihr Experte f\u00fcr personalisierten Druck! T-Shirts, Poloshirts, Hoodies, Sweatshirts, Taschen, Caps und mehr.\",\"publisher\":{\"@id\":\"https:\\\/\\\/printaberlin.de\\\/en\\\/#organization\"},\"potentialAction\":[{\"@type\":\"SearchAction\",\"target\":{\"@type\":\"EntryPoint\",\"urlTemplate\":\"https:\\\/\\\/printaberlin.de\\\/en\\\/?s={search_term_string}\"},\"query-input\":{\"@type\":\"PropertyValueSpecification\",\"valueRequired\":true,\"valueName\":\"search_term_string\"}}],\"inLanguage\":\"en-US\"},{\"@type\":\"Organization\",\"@id\":\"https:\\\/\\\/printaberlin.de\\\/en\\\/#organization\",\"name\":\"Printa Berlin\",\"url\":\"https:\\\/\\\/printaberlin.de\\\/en\\\/\",\"logo\":{\"@type\":\"ImageObject\",\"inLanguage\":\"en-US\",\"@id\":\"https:\\\/\\\/printaberlin.de\\\/en\\\/#\\\/schema\\\/logo\\\/image\\\/\",\"url\":\"https:\\\/\\\/printaberlin.de\\\/wp-content\\\/uploads\\\/2025\\\/03\\\/csdsdcdsc.png\",\"contentUrl\":\"https:\\\/\\\/printaberlin.de\\\/wp-content\\\/uploads\\\/2025\\\/03\\\/csdsdcdsc.png\",\"width\":512,\"height\":512,\"caption\":\"Printa Berlin\"},\"image\":{\"@id\":\"https:\\\/\\\/printaberlin.de\\\/en\\\/#\\\/schema\\\/logo\\\/image\\\/\"},\"sameAs\":[\"https:\\\/\\\/www.instagram.com\\\/printaberlin\\\/\"]}]}<\/script>\n<meta property=\"og:availability\" content=\"instock\" \/>\n<meta property=\"product:availability\" content=\"instock\" \/>\n<meta property=\"product:retailer_item_id\" content=\"PR15-3\" \/>\n<meta property=\"product:condition\" content=\"new\" \/>\n<!-- \/ Yoast SEO Premium plugin. -->","yoast_head_json":{"title":"Roller Sweatshirt | Printa Berlin | Textilien und T-Shirts Bedrucken","description":"Das Roller Sweatshirt aus 85 % Bio-Baumwolle bietet Komfort und Langlebigkeit. Personalisieren Sie es mit DTF-Druck, Siebdruck oder Stickerei.","robots":{"index":"index","follow":"follow","max-snippet":"max-snippet:-1","max-image-preview":"max-image-preview:large","max-video-preview":"max-video-preview:-1"},"canonical":"https:\/\/printaberlin.de\/en\/product\/roller-sweatshirt\/","og_locale":"en_US","og_type":"article","og_title":"Roller Sweatshirt","og_description":"Das Roller Sweatshirt aus 85 % Bio-Baumwolle bietet Komfort und Langlebigkeit. Personalisieren Sie es mit DTF-Druck, Siebdruck oder Stickerei.","og_url":"https:\/\/printaberlin.de\/en\/product\/roller-sweatshirt\/","og_site_name":"Printa Berlin | Textilien und T-Shirts Bedrucken","article_modified_time":"2025-09-21T20:36:27+00:00","og_image":[{"width":292,"height":365,"url":"https:\/\/printaberlin.de\/wp-content\/uploads\/2025\/03\/534535.png","type":"image\/png"}],"twitter_card":"summary_large_image","twitter_misc":{"Availability":"In stock"},"schema":{"@context":"https:\/\/schema.org","@graph":[{"@type":"WebPage","@id":"https:\/\/printaberlin.de\/en\/product\/roller-sweatshirt\/","url":"https:\/\/printaberlin.de\/en\/product\/roller-sweatshirt\/","name":"Roller Sweatshirt | Printa Berlin | Textilien und T-Shirts Bedrucken","isPartOf":{"@id":"https:\/\/printaberlin.de\/en\/#website"},"primaryImageOfPage":{"@id":"https:\/\/printaberlin.de\/en\/product\/roller-sweatshirt\/#primaryimage"},"image":{"@id":"https:\/\/printaberlin.de\/en\/product\/roller-sweatshirt\/#primaryimage"},"thumbnailUrl":"https:\/\/printaberlin.de\/wp-content\/uploads\/2025\/03\/534535.png","datePublished":"2025-03-09T18:59:32+00:00","dateModified":"2025-09-21T20:36:27+00:00","description":"Das Roller Sweatshirt aus 85 % Bio-Baumwolle bietet Komfort und Langlebigkeit. Personalisieren Sie es mit DTF-Druck, Siebdruck oder Stickerei.","breadcrumb":{"@id":"https:\/\/printaberlin.de\/en\/product\/roller-sweatshirt\/#breadcrumb"},"inLanguage":"en-US","potentialAction":[{"@type":"ReadAction","target":["https:\/\/printaberlin.de\/en\/product\/roller-sweatshirt\/"]}]},{"@type":"ImageObject","inLanguage":"en-US","@id":"https:\/\/printaberlin.de\/en\/product\/roller-sweatshirt\/#primaryimage","url":"https:\/\/printaberlin.de\/wp-content\/uploads\/2025\/03\/534535.png","contentUrl":"https:\/\/printaberlin.de\/wp-content\/uploads\/2025\/03\/534535.png","width":292,"height":365},{"@type":"BreadcrumbList","@id":"https:\/\/printaberlin.de\/en\/product\/roller-sweatshirt\/#breadcrumb","itemListElement":[{"@type":"ListItem","position":1,"name":"Home","item":"https:\/\/printaberlin.de\/en\/"},{"@type":"ListItem","position":2,"name":"Shop","item":"https:\/\/printaberlin.de\/en\/shop\/"},{"@type":"ListItem","position":3,"name":"Roller Sweatshirt"}]},{"@type":"WebSite","@id":"https:\/\/printaberlin.de\/en\/#website","url":"https:\/\/printaberlin.de\/en\/","name":"Printa Berlin | Textilien und T-Shirts Bedrucken","description":"Entdecken Sie Printa Berlin \u2013 Ihr Experte f\u00fcr personalisierten Druck! T-Shirts, Poloshirts, Hoodies, Sweatshirts, Taschen, Caps und mehr.","publisher":{"@id":"https:\/\/printaberlin.de\/en\/#organization"},"potentialAction":[{"@type":"SearchAction","target":{"@type":"EntryPoint","urlTemplate":"https:\/\/printaberlin.de\/en\/?s={search_term_string}"},"query-input":{"@type":"PropertyValueSpecification","valueRequired":true,"valueName":"search_term_string"}}],"inLanguage":"en-US"},{"@type":"Organization","@id":"https:\/\/printaberlin.de\/en\/#organization","name":"Printa Berlin","url":"https:\/\/printaberlin.de\/en\/","logo":{"@type":"ImageObject","inLanguage":"en-US","@id":"https:\/\/printaberlin.de\/en\/#\/schema\/logo\/image\/","url":"https:\/\/printaberlin.de\/wp-content\/uploads\/2025\/03\/csdsdcdsc.png","contentUrl":"https:\/\/printaberlin.de\/wp-content\/uploads\/2025\/03\/csdsdcdsc.png","width":512,"height":512,"caption":"Printa Berlin"},"image":{"@id":"https:\/\/printaberlin.de\/en\/#\/schema\/logo\/image\/"},"sameAs":["https:\/\/www.instagram.com\/printaberlin\/"]}]},"og_availability":"instock","product_availability":"instock","product_retailer_item_id":"PR15-3","product_condition":"new"},"_links":{"self":[{"href":"https:\/\/printaberlin.de\/en\/wp-json\/wp\/v2\/product\/25717","targetHints":{"allow":["GET"]}}],"collection":[{"href":"https:\/\/printaberlin.de\/en\/wp-json\/wp\/v2\/product"}],"about":[{"href":"https:\/\/printaberlin.de\/en\/wp-json\/wp\/v2\/types\/product"}],"replies":[{"embeddable":true,"href":"https:\/\/printaberlin.de\/en\/wp-json\/wp\/v2\/comments?post=25717"}],"wp:featuredmedia":[{"embeddable":true,"href":"https:\/\/printaberlin.de\/en\/wp-json\/wp\/v2\/media\/22958"}],"wp:attachment":[{"href":"https:\/\/printaberlin.de\/en\/wp-json\/wp\/v2\/media?parent=25717"}],"wp:term":[{"taxonomy":"product_brand","embeddable":true,"href":"https:\/\/printaberlin.de\/en\/wp-json\/wp\/v2\/product_brand?post=25717"},{"taxonomy":"product_cat","embeddable":true,"href":"https:\/\/printaberlin.de\/en\/wp-json\/wp\/v2\/product_cat?post=25717"},{"taxonomy":"product_tag","embeddable":true,"href":"https:\/\/printaberlin.de\/en\/wp-json\/wp\/v2\/product_tag?post=25717"},{"taxonomy":"producproduct-categroyt-categroy","embeddable":true,"href":"https:\/\/printaberlin.de\/en\/wp-json\/wp\/v2\/producproduct-categroyt-categroy?post=25717"}],"curies":[{"name":"wp","href":"https:\/\/api.w.org\/{rel}","templated":true}]}}