{"id":25699,"date":"2025-03-10T20:53:14","date_gmt":"2025-03-10T20:53:14","guid":{"rendered":"https:\/\/printaberlin.de\/product\/lightweight-sweatshirt\/"},"modified":"2025-09-21T20:36:26","modified_gmt":"2025-09-21T20:36:26","slug":"lightweight-sweatshirt","status":"publish","type":"product","link":"https:\/\/printaberlin.de\/en\/product\/lightweight-sweatshirt\/","title":{"rendered":"Lightweight Sweatshirt"},"content":{"rendered":"<div class=\"mb-3\">\n<h3 data-start=\"0\" data-end=\"63\"><strong data-start=\"0\" data-end=\"63\">Lightweight Sweatshirt: Bequem, Atmungsaktiv und Vielseitig<\/strong><\/h3>\n<p class=\"\" data-start=\"65\" data-end=\"520\">Das <strong data-start=\"69\" data-end=\"95\">Lightweight Sweatshirt<\/strong> von Fruit of the Loom ist die ideale Wahl f\u00fcr alle, die ein leichtes, bequemes und vielseitiges Sweatshirt suchen. Hergestellt aus 80 % Baumwolle und 20 % Polyester, kombiniert dieses Sweatshirt Strapazierf\u00e4higkeit mit angenehmem Tragekomfort. Mit einem Gewicht von 240 g\/m\u00b2 ist es leicht genug f\u00fcr den t\u00e4glichen Gebrauch und eignet sich hervorragend f\u00fcr Fr\u00fchling und Herbst oder als zus\u00e4tzliche Schicht in k\u00fchleren Monaten.<\/p>\n<p class=\"\" data-start=\"522\" data-end=\"897\">Das Sweatshirt verf\u00fcgt \u00fcber ungeb\u00fcrstetes Fleece, das f\u00fcr eine besonders weiche und atmungsaktive Oberfl\u00e4che sorgt. Die <strong data-start=\"642\" data-end=\"658\">Set-in \u00c4rmel<\/strong> bieten eine verbesserte Passform, die den Tragekomfort maximiert. Der Hals-, Taillen- und \u00c4rmelbereich sind mit einem elastischen Baumwoll\/LYCRA\u00ae-Rippband versehen, das eine noch bessere Passform und zus\u00e4tzliche Dehnbarkeit gew\u00e4hrleistet.<\/p>\n<p class=\"\" data-start=\"899\" data-end=\"1260\">Das <strong data-start=\"903\" data-end=\"929\">Sweatshirt<\/strong> ist in den Gr\u00f6\u00dfen S bis 2XL erh\u00e4ltlich und eignet sich ideal f\u00fcr die Personalisierung mit <strong data-start=\"1020\" data-end=\"1029\">Druck<\/strong> oder <strong data-start=\"1035\" data-end=\"1048\">Stickerei<\/strong>. Das ungeb\u00fcrstete Fleece bietet eine ausgezeichnete Oberfl\u00e4che f\u00fcr <strong data-start=\"1116\" data-end=\"1129\">DTF-Druck<\/strong>, <strong data-start=\"1131\" data-end=\"1144\">Siebdruck<\/strong> und <strong data-start=\"1149\" data-end=\"1162\">Stickerei<\/strong>, was es zu einer perfekten Wahl f\u00fcr personalisierte Kleidung, Teamwear oder Werbegeschenke macht.<\/p>\n<h4 data-start=\"1262\" data-end=\"1306\"><strong data-start=\"1262\" data-end=\"1306\">Hauptmerkmale des Lightweight Sweatshirt<\/strong><\/h4>\n<ul data-start=\"1308\" data-end=\"1807\">\n<li class=\"\" data-start=\"1308\" data-end=\"1379\">\n<p class=\"\" data-start=\"1310\" data-end=\"1379\"><strong data-start=\"1310\" data-end=\"1347\">80 % Baumwolle und 20 % Polyester<\/strong> f\u00fcr Komfort und Langlebigkeit<\/p>\n<\/li>\n<li class=\"\" data-start=\"1380\" data-end=\"1461\">\n<p class=\"\" data-start=\"1382\" data-end=\"1461\"><strong data-start=\"1382\" data-end=\"1402\">240 g\/m\u00b2 Gewicht<\/strong> f\u00fcr eine ideale Mischung aus Leichtigkeit und Robustheit<\/p>\n<\/li>\n<li class=\"\" data-start=\"1462\" data-end=\"1532\">\n<p class=\"\" data-start=\"1464\" data-end=\"1532\"><strong data-start=\"1464\" data-end=\"1488\">Ungeb\u00fcrstetes Fleece<\/strong> f\u00fcr eine weiche, atmungsaktive Oberfl\u00e4che<\/p>\n<\/li>\n<li class=\"\" data-start=\"1533\" data-end=\"1583\">\n<p class=\"\" data-start=\"1535\" data-end=\"1583\"><strong data-start=\"1535\" data-end=\"1551\">Set-in \u00c4rmel<\/strong> f\u00fcr eine verbesserte Passform<\/p>\n<\/li>\n<li class=\"\" data-start=\"1584\" data-end=\"1701\">\n<p class=\"\" data-start=\"1586\" data-end=\"1701\"><strong data-start=\"1586\" data-end=\"1658\">Baumwoll\/LYCRA\u00ae-Ripp am Hals, an der Taille und an den \u00c4rmelb\u00fcndchen<\/strong> f\u00fcr zus\u00e4tzliche Dehnbarkeit und Passform<\/p>\n<\/li>\n<li class=\"\" data-start=\"1702\" data-end=\"1754\">\n<p class=\"\" data-start=\"1704\" data-end=\"1754\"><strong data-start=\"1704\" data-end=\"1714\">Gr\u00f6\u00dfen<\/strong>: S bis 2XL f\u00fcr eine breite Zielgruppe<\/p>\n<\/li>\n<li class=\"\" data-start=\"1755\" data-end=\"1807\">\n<p class=\"\" data-start=\"1757\" data-end=\"1807\"><strong data-start=\"1757\" data-end=\"1785\">Waschbar bei bis zu 40\u00b0C<\/strong> f\u00fcr einfache Pflege<\/p>\n<\/li>\n<\/ul>\n<h4 data-start=\"1809\" data-end=\"1878\"><strong data-start=\"1809\" data-end=\"1878\">Individuelle Druckdienstleistungen f\u00fcr Ihr Lightweight Sweatshirt<\/strong><\/h4>\n<p class=\"\" data-start=\"1880\" data-end=\"2067\">Verleihen Sie Ihrem <strong data-start=\"1900\" data-end=\"1926\">Lightweight Sweatshirt<\/strong> eine pers\u00f6nliche Note mit unseren professionellen <strong data-start=\"1977\" data-end=\"2002\">Druckdienstleistungen<\/strong>. Wir bieten mehrere Techniken, um Ihr Design perfekt umzusetzen:<\/p>\n<ul data-start=\"2069\" data-end=\"2268\">\n<li class=\"\" data-start=\"2069\" data-end=\"2127\">\n<p class=\"\" data-start=\"2071\" data-end=\"2127\"><strong data-start=\"2071\" data-end=\"2084\">DTF-Druck<\/strong>: Ideal f\u00fcr lebendige, langlebige Designs<\/p>\n<\/li>\n<li class=\"\" data-start=\"2128\" data-end=\"2192\">\n<p class=\"\" data-start=\"2130\" data-end=\"2192\"><strong data-start=\"2130\" data-end=\"2143\">Siebdruck<\/strong>: Perfekt f\u00fcr gro\u00dffl\u00e4chige und kr\u00e4ftige Designs<\/p>\n<\/li>\n<li class=\"\" data-start=\"2193\" data-end=\"2268\">\n<p class=\"\" data-start=\"2195\" data-end=\"2268\"><strong data-start=\"2195\" data-end=\"2208\">Stickerei<\/strong>: Verleiht Ihrem Sweatshirt eine edle und hochwertige Note<\/p>\n<\/li>\n<\/ul>\n<h4 data-start=\"2270\" data-end=\"2314\"><strong data-start=\"2270\" data-end=\"2314\">Warum das Lightweight Sweatshirt w\u00e4hlen?<\/strong><\/h4>\n<p class=\"\" data-start=\"2316\" data-end=\"2737\">Das <strong data-start=\"2320\" data-end=\"2346\">Lightweight Sweatshirt<\/strong> ist nicht nur ein bequemer Alltagsbegleiter, sondern auch eine nachhaltige Wahl f\u00fcr personalisierte Designs. Mit seiner weichen, atmungsaktiven Oberfl\u00e4che eignet es sich hervorragend f\u00fcr <strong data-start=\"2534\" data-end=\"2543\">Druck<\/strong> und <strong data-start=\"2548\" data-end=\"2561\">Stickerei<\/strong>, wodurch Sie das Sweatshirt nach Ihren W\u00fcnschen gestalten k\u00f6nnen. Egal ob f\u00fcr Teambekleidung, Events oder als Werbegeschenk, dieses Sweatshirt bietet viele Anpassungsoptionen.<\/p>\n<div class=\"wysiwyg lg:wysiwyg-lg\">\n<p data-start=\"874\" data-end=\"1119\" data-is-last-node=\"\" data-is-only-node=\"\"><img decoding=\"async\" class=\"alignnone size-medium wp-image-7420\" src=\"https:\/\/printaberlin.de\/staging\/2315\/wp-content\/uploads\/2025\/03\/eco-300x72.png\" alt=\"\" width=\"300\" height=\"72\" srcset=\"https:\/\/printaberlin.de\/wp-content\/uploads\/2025\/03\/eco-300x72.png 300w, https:\/\/printaberlin.de\/wp-content\/uploads\/2025\/03\/eco-1024x247.png 1024w, https:\/\/printaberlin.de\/wp-content\/uploads\/2025\/03\/eco-768x185.png 768w, https:\/\/printaberlin.de\/wp-content\/uploads\/2025\/03\/eco-260x63.png 260w, https:\/\/printaberlin.de\/wp-content\/uploads\/2025\/03\/eco-500x121.png 500w, https:\/\/printaberlin.de\/wp-content\/uploads\/2025\/03\/eco.png 1338w\" sizes=\"(max-width: 300px) 100vw, 300px\" \/><\/p>\n<\/div>\n<\/div>\n<div class=\"mb-3\">\n<div class=\"child-p:mb-2 last:child-p:mb-0\">\n<div class=\"child-p:mb-2 last:child-p:mb-0\"><\/div>\n<\/div>\n<\/div>\n","protected":false},"excerpt":{"rendered":"<p>Leichtes Sweatshirt mit Baumwoll\/LYCRA\u00ae-Ripp, ideal f\u00fcr Druck und Stickerei.<br \/>\n<strong>By Fruit Of The Loom<\/strong><\/p>\n","protected":false},"featured_media":26394,"comment_status":"open","ping_status":"closed","template":"","meta":{"nf_dc_page":""},"product_brand":[48],"product_cat":[432],"product_tag":[435],"producproduct-categroyt-categroy":[],"class_list":{"0":"post-25699","1":"product","2":"type-product","3":"status-publish","4":"has-post-thumbnail","6":"product_brand-fruit-of-the-loom","7":"product_cat-sweatshirt-bedrucken","8":"product_tag-unisexmen","10":"first","11":"instock","12":"shipping-taxable","13":"purchasable","14":"product-type-variable","15":"has-default-attributes","16":"wvs-archive-product-wrapper"},"yoast_head":"<!-- This site is optimized with the Yoast SEO Premium plugin v24.6 (Yoast SEO v27.4) - https:\/\/yoast.com\/product\/yoast-seo-premium-wordpress\/ -->\n<title>Lightweight Sweatshirt | Printa Berlin | Textilien und T-Shirts Bedrucken<\/title>\n<meta name=\"description\" content=\"Das Lightweight Sweatshirt aus 80 % Baumwolle ist leicht und komfortabel. Personalisieren Sie es mit DTF-Druck, Siebdruck oder Stickerei.\" \/>\n<meta name=\"robots\" content=\"index, follow, max-snippet:-1, max-image-preview:large, max-video-preview:-1\" \/>\n<link rel=\"canonical\" href=\"https:\/\/printaberlin.de\/en\/product\/lightweight-sweatshirt\/\" \/>\n<meta property=\"og:locale\" content=\"en_US\" \/>\n<meta property=\"og:type\" content=\"article\" \/>\n<meta property=\"og:title\" content=\"Lightweight Sweatshirt\" \/>\n<meta property=\"og:description\" content=\"Das Lightweight Sweatshirt aus 80 % Baumwolle ist leicht und komfortabel. Personalisieren Sie es mit DTF-Druck, Siebdruck oder Stickerei.\" \/>\n<meta property=\"og:url\" content=\"https:\/\/printaberlin.de\/en\/product\/lightweight-sweatshirt\/\" \/>\n<meta property=\"og:site_name\" content=\"Printa Berlin | Textilien und T-Shirts Bedrucken\" \/>\n<meta property=\"article:modified_time\" content=\"2025-09-21T20:36:26+00:00\" \/>\n<meta property=\"og:image\" content=\"https:\/\/printaberlin.de\/wp-content\/uploads\/2025\/09\/6456456.png\" \/>\n\t<meta property=\"og:image:width\" content=\"292\" \/>\n\t<meta property=\"og:image:height\" content=\"365\" \/>\n\t<meta property=\"og:image:type\" content=\"image\/png\" \/>\n<meta name=\"twitter:card\" content=\"summary_large_image\" \/>\n<meta name=\"twitter:label1\" content=\"Availability\" \/>\n\t<meta name=\"twitter:data1\" content=\"In stock\" \/>\n<script type=\"application\/ld+json\" class=\"yoast-schema-graph\">{\"@context\":\"https:\\\/\\\/schema.org\",\"@graph\":[{\"@type\":\"WebPage\",\"@id\":\"https:\\\/\\\/printaberlin.de\\\/en\\\/product\\\/lightweight-sweatshirt\\\/\",\"url\":\"https:\\\/\\\/printaberlin.de\\\/en\\\/product\\\/lightweight-sweatshirt\\\/\",\"name\":\"Lightweight Sweatshirt | Printa Berlin | Textilien und T-Shirts Bedrucken\",\"isPartOf\":{\"@id\":\"https:\\\/\\\/printaberlin.de\\\/en\\\/#website\"},\"primaryImageOfPage\":{\"@id\":\"https:\\\/\\\/printaberlin.de\\\/en\\\/product\\\/lightweight-sweatshirt\\\/#primaryimage\"},\"image\":{\"@id\":\"https:\\\/\\\/printaberlin.de\\\/en\\\/product\\\/lightweight-sweatshirt\\\/#primaryimage\"},\"thumbnailUrl\":\"https:\\\/\\\/printaberlin.de\\\/wp-content\\\/uploads\\\/2025\\\/09\\\/6456456.png\",\"datePublished\":\"2025-03-10T20:53:14+00:00\",\"dateModified\":\"2025-09-21T20:36:26+00:00\",\"description\":\"Das Lightweight Sweatshirt aus 80 % Baumwolle ist leicht und komfortabel. Personalisieren Sie es mit DTF-Druck, Siebdruck oder Stickerei.\",\"breadcrumb\":{\"@id\":\"https:\\\/\\\/printaberlin.de\\\/en\\\/product\\\/lightweight-sweatshirt\\\/#breadcrumb\"},\"inLanguage\":\"en-US\",\"potentialAction\":[{\"@type\":\"ReadAction\",\"target\":[\"https:\\\/\\\/printaberlin.de\\\/en\\\/product\\\/lightweight-sweatshirt\\\/\"]}]},{\"@type\":\"ImageObject\",\"inLanguage\":\"en-US\",\"@id\":\"https:\\\/\\\/printaberlin.de\\\/en\\\/product\\\/lightweight-sweatshirt\\\/#primaryimage\",\"url\":\"https:\\\/\\\/printaberlin.de\\\/wp-content\\\/uploads\\\/2025\\\/09\\\/6456456.png\",\"contentUrl\":\"https:\\\/\\\/printaberlin.de\\\/wp-content\\\/uploads\\\/2025\\\/09\\\/6456456.png\",\"width\":292,\"height\":365},{\"@type\":\"BreadcrumbList\",\"@id\":\"https:\\\/\\\/printaberlin.de\\\/en\\\/product\\\/lightweight-sweatshirt\\\/#breadcrumb\",\"itemListElement\":[{\"@type\":\"ListItem\",\"position\":1,\"name\":\"Home\",\"item\":\"https:\\\/\\\/printaberlin.de\\\/en\\\/\"},{\"@type\":\"ListItem\",\"position\":2,\"name\":\"Shop\",\"item\":\"https:\\\/\\\/printaberlin.de\\\/en\\\/shop\\\/\"},{\"@type\":\"ListItem\",\"position\":3,\"name\":\"Lightweight Sweatshirt\"}]},{\"@type\":\"WebSite\",\"@id\":\"https:\\\/\\\/printaberlin.de\\\/en\\\/#website\",\"url\":\"https:\\\/\\\/printaberlin.de\\\/en\\\/\",\"name\":\"Printa Berlin | Textilien und T-Shirts Bedrucken\",\"description\":\"Entdecken Sie Printa Berlin \u2013 Ihr Experte f\u00fcr personalisierten Druck! T-Shirts, Poloshirts, Hoodies, Sweatshirts, Taschen, Caps und mehr.\",\"publisher\":{\"@id\":\"https:\\\/\\\/printaberlin.de\\\/en\\\/#organization\"},\"potentialAction\":[{\"@type\":\"SearchAction\",\"target\":{\"@type\":\"EntryPoint\",\"urlTemplate\":\"https:\\\/\\\/printaberlin.de\\\/en\\\/?s={search_term_string}\"},\"query-input\":{\"@type\":\"PropertyValueSpecification\",\"valueRequired\":true,\"valueName\":\"search_term_string\"}}],\"inLanguage\":\"en-US\"},{\"@type\":\"Organization\",\"@id\":\"https:\\\/\\\/printaberlin.de\\\/en\\\/#organization\",\"name\":\"Printa Berlin\",\"url\":\"https:\\\/\\\/printaberlin.de\\\/en\\\/\",\"logo\":{\"@type\":\"ImageObject\",\"inLanguage\":\"en-US\",\"@id\":\"https:\\\/\\\/printaberlin.de\\\/en\\\/#\\\/schema\\\/logo\\\/image\\\/\",\"url\":\"https:\\\/\\\/printaberlin.de\\\/wp-content\\\/uploads\\\/2025\\\/03\\\/csdsdcdsc.png\",\"contentUrl\":\"https:\\\/\\\/printaberlin.de\\\/wp-content\\\/uploads\\\/2025\\\/03\\\/csdsdcdsc.png\",\"width\":512,\"height\":512,\"caption\":\"Printa Berlin\"},\"image\":{\"@id\":\"https:\\\/\\\/printaberlin.de\\\/en\\\/#\\\/schema\\\/logo\\\/image\\\/\"},\"sameAs\":[\"https:\\\/\\\/www.instagram.com\\\/printaberlin\\\/\"]}]}<\/script>\n<meta property=\"og:availability\" content=\"instock\" \/>\n<meta property=\"product:availability\" content=\"instock\" \/>\n<meta property=\"product:retailer_item_id\" content=\"PR12\" \/>\n<meta property=\"product:condition\" content=\"new\" \/>\n<!-- \/ Yoast SEO Premium plugin. -->","yoast_head_json":{"title":"Lightweight Sweatshirt | Printa Berlin | Textilien und T-Shirts Bedrucken","description":"Das Lightweight Sweatshirt aus 80 % Baumwolle ist leicht und komfortabel. Personalisieren Sie es mit DTF-Druck, Siebdruck oder Stickerei.","robots":{"index":"index","follow":"follow","max-snippet":"max-snippet:-1","max-image-preview":"max-image-preview:large","max-video-preview":"max-video-preview:-1"},"canonical":"https:\/\/printaberlin.de\/en\/product\/lightweight-sweatshirt\/","og_locale":"en_US","og_type":"article","og_title":"Lightweight Sweatshirt","og_description":"Das Lightweight Sweatshirt aus 80 % Baumwolle ist leicht und komfortabel. Personalisieren Sie es mit DTF-Druck, Siebdruck oder Stickerei.","og_url":"https:\/\/printaberlin.de\/en\/product\/lightweight-sweatshirt\/","og_site_name":"Printa Berlin | Textilien und T-Shirts Bedrucken","article_modified_time":"2025-09-21T20:36:26+00:00","og_image":[{"width":292,"height":365,"url":"https:\/\/printaberlin.de\/wp-content\/uploads\/2025\/09\/6456456.png","type":"image\/png"}],"twitter_card":"summary_large_image","twitter_misc":{"Availability":"In stock"},"schema":{"@context":"https:\/\/schema.org","@graph":[{"@type":"WebPage","@id":"https:\/\/printaberlin.de\/en\/product\/lightweight-sweatshirt\/","url":"https:\/\/printaberlin.de\/en\/product\/lightweight-sweatshirt\/","name":"Lightweight Sweatshirt | Printa Berlin | Textilien und T-Shirts Bedrucken","isPartOf":{"@id":"https:\/\/printaberlin.de\/en\/#website"},"primaryImageOfPage":{"@id":"https:\/\/printaberlin.de\/en\/product\/lightweight-sweatshirt\/#primaryimage"},"image":{"@id":"https:\/\/printaberlin.de\/en\/product\/lightweight-sweatshirt\/#primaryimage"},"thumbnailUrl":"https:\/\/printaberlin.de\/wp-content\/uploads\/2025\/09\/6456456.png","datePublished":"2025-03-10T20:53:14+00:00","dateModified":"2025-09-21T20:36:26+00:00","description":"Das Lightweight Sweatshirt aus 80 % Baumwolle ist leicht und komfortabel. Personalisieren Sie es mit DTF-Druck, Siebdruck oder Stickerei.","breadcrumb":{"@id":"https:\/\/printaberlin.de\/en\/product\/lightweight-sweatshirt\/#breadcrumb"},"inLanguage":"en-US","potentialAction":[{"@type":"ReadAction","target":["https:\/\/printaberlin.de\/en\/product\/lightweight-sweatshirt\/"]}]},{"@type":"ImageObject","inLanguage":"en-US","@id":"https:\/\/printaberlin.de\/en\/product\/lightweight-sweatshirt\/#primaryimage","url":"https:\/\/printaberlin.de\/wp-content\/uploads\/2025\/09\/6456456.png","contentUrl":"https:\/\/printaberlin.de\/wp-content\/uploads\/2025\/09\/6456456.png","width":292,"height":365},{"@type":"BreadcrumbList","@id":"https:\/\/printaberlin.de\/en\/product\/lightweight-sweatshirt\/#breadcrumb","itemListElement":[{"@type":"ListItem","position":1,"name":"Home","item":"https:\/\/printaberlin.de\/en\/"},{"@type":"ListItem","position":2,"name":"Shop","item":"https:\/\/printaberlin.de\/en\/shop\/"},{"@type":"ListItem","position":3,"name":"Lightweight Sweatshirt"}]},{"@type":"WebSite","@id":"https:\/\/printaberlin.de\/en\/#website","url":"https:\/\/printaberlin.de\/en\/","name":"Printa Berlin | Textilien und T-Shirts Bedrucken","description":"Entdecken Sie Printa Berlin \u2013 Ihr Experte f\u00fcr personalisierten Druck! T-Shirts, Poloshirts, Hoodies, Sweatshirts, Taschen, Caps und mehr.","publisher":{"@id":"https:\/\/printaberlin.de\/en\/#organization"},"potentialAction":[{"@type":"SearchAction","target":{"@type":"EntryPoint","urlTemplate":"https:\/\/printaberlin.de\/en\/?s={search_term_string}"},"query-input":{"@type":"PropertyValueSpecification","valueRequired":true,"valueName":"search_term_string"}}],"inLanguage":"en-US"},{"@type":"Organization","@id":"https:\/\/printaberlin.de\/en\/#organization","name":"Printa Berlin","url":"https:\/\/printaberlin.de\/en\/","logo":{"@type":"ImageObject","inLanguage":"en-US","@id":"https:\/\/printaberlin.de\/en\/#\/schema\/logo\/image\/","url":"https:\/\/printaberlin.de\/wp-content\/uploads\/2025\/03\/csdsdcdsc.png","contentUrl":"https:\/\/printaberlin.de\/wp-content\/uploads\/2025\/03\/csdsdcdsc.png","width":512,"height":512,"caption":"Printa Berlin"},"image":{"@id":"https:\/\/printaberlin.de\/en\/#\/schema\/logo\/image\/"},"sameAs":["https:\/\/www.instagram.com\/printaberlin\/"]}]},"og_availability":"instock","product_availability":"instock","product_retailer_item_id":"PR12","product_condition":"new"},"_links":{"self":[{"href":"https:\/\/printaberlin.de\/en\/wp-json\/wp\/v2\/product\/25699","targetHints":{"allow":["GET"]}}],"collection":[{"href":"https:\/\/printaberlin.de\/en\/wp-json\/wp\/v2\/product"}],"about":[{"href":"https:\/\/printaberlin.de\/en\/wp-json\/wp\/v2\/types\/product"}],"replies":[{"embeddable":true,"href":"https:\/\/printaberlin.de\/en\/wp-json\/wp\/v2\/comments?post=25699"}],"wp:featuredmedia":[{"embeddable":true,"href":"https:\/\/printaberlin.de\/en\/wp-json\/wp\/v2\/media\/26394"}],"wp:attachment":[{"href":"https:\/\/printaberlin.de\/en\/wp-json\/wp\/v2\/media?parent=25699"}],"wp:term":[{"taxonomy":"product_brand","embeddable":true,"href":"https:\/\/printaberlin.de\/en\/wp-json\/wp\/v2\/product_brand?post=25699"},{"taxonomy":"product_cat","embeddable":true,"href":"https:\/\/printaberlin.de\/en\/wp-json\/wp\/v2\/product_cat?post=25699"},{"taxonomy":"product_tag","embeddable":true,"href":"https:\/\/printaberlin.de\/en\/wp-json\/wp\/v2\/product_tag?post=25699"},{"taxonomy":"producproduct-categroyt-categroy","embeddable":true,"href":"https:\/\/printaberlin.de\/en\/wp-json\/wp\/v2\/producproduct-categroyt-categroy?post=25699"}],"curies":[{"name":"wp","href":"https:\/\/api.w.org\/{rel}","templated":true}]}}