{"id":25690,"date":"2025-03-11T14:54:11","date_gmt":"2025-03-11T14:54:11","guid":{"rendered":"https:\/\/printaberlin.de\/product\/lightweight-hooded-sweat\/"},"modified":"2025-09-21T20:36:26","modified_gmt":"2025-09-21T20:36:26","slug":"lightweight-hooded-sweat","status":"publish","type":"product","link":"https:\/\/printaberlin.de\/en\/product\/lightweight-hooded-sweat\/","title":{"rendered":"Lightweight"},"content":{"rendered":"<div class=\"mb-3\">\n<h3 data-start=\"0\" data-end=\"65\"><strong data-start=\"0\" data-end=\"65\">Lightweight Hooded Sweat: Bequem, Atmungsaktiv und Vielseitig<\/strong><\/h3>\n<p class=\"\" data-start=\"67\" data-end=\"493\">Das <strong data-start=\"71\" data-end=\"99\">Lightweight Hooded Sweat<\/strong> ist der ideale Begleiter f\u00fcr k\u00fchle Tage und ein bequemes Must-Have f\u00fcr jedes Outfit. Hergestellt aus einer hochwertigen Mischung aus 80 % Baumwolle und 20 % Polyester, bietet dieses Sweatshirt ein perfektes Gleichgewicht zwischen Komfort und Langlebigkeit. Mit einem Gewicht von 240 g\/m\u00b2 ist es leicht, atmungsaktiv und dennoch robust, was es zu einer hervorragenden Wahl f\u00fcr den Alltag macht.<\/p>\n<p class=\"\" data-start=\"495\" data-end=\"943\">Das <b>Hoodie<\/b>verf\u00fcgt \u00fcber eine <strong data-start=\"546\" data-end=\"569\">doppellagige Kapuze<\/strong> mit einem flachen Kordelzug in passender Farbe und <strong data-start=\"621\" data-end=\"637\">Raglan\u00e4rmeln<\/strong>, die f\u00fcr eine sportliche, moderne Passform sorgen. Die <strong data-start=\"693\" data-end=\"710\">K\u00e4ngurutasche<\/strong> auf der Vorderseite bietet nicht nur praktischen Stauraum, sondern auch ein zus\u00e4tzliches Design-Highlight. Der <strong data-start=\"822\" data-end=\"852\">Baumwoll\/LYCRA\u00ae-Rippstrick<\/strong> an Saum und \u00c4rmelb\u00fcndchen sorgt f\u00fcr eine verbesserte Passform und mehr Bewegungsfreiheit.<\/p>\n<p class=\"\" data-start=\"945\" data-end=\"1276\">Erh\u00e4ltlich in den Gr\u00f6\u00dfen S bis 2XL, ist das <strong data-start=\"989\" data-end=\"1017\">Lightweight Hooded Sweat<\/strong> perfekt f\u00fcr alle, die Wert auf Komfort und eine individuelle Anpassung legen. Die glatte Oberfl\u00e4che dieses Sweatshirts eignet sich hervorragend f\u00fcr <strong data-start=\"1166\" data-end=\"1175\">Druck<\/strong> und <strong data-start=\"1180\" data-end=\"1193\">Stickerei<\/strong>, was es zu einer perfekten Wahl f\u00fcr Teams, Unternehmen oder Veranstaltungen macht.<\/p>\n<h4 data-start=\"1278\" data-end=\"1324\"><strong data-start=\"1278\" data-end=\"1324\">Hauptmerkmale des Lightweight Hooded Sweat<\/strong><\/h4>\n<ul data-start=\"1326\" data-end=\"1995\">\n<li class=\"\" data-start=\"1326\" data-end=\"1423\">\n<p class=\"\" data-start=\"1328\" data-end=\"1423\"><strong data-start=\"1328\" data-end=\"1365\">80 % Baumwolle und 20 % Polyester<\/strong> f\u00fcr einen angenehmen Tragekomfort und lange Haltbarkeit<\/p>\n<\/li>\n<li class=\"\" data-start=\"1424\" data-end=\"1505\">\n<p class=\"\" data-start=\"1426\" data-end=\"1505\"><strong data-start=\"1426\" data-end=\"1446\">240 g\/m\u00b2 Gewicht<\/strong> f\u00fcr eine ideale Mischung aus Leichtigkeit und Robustheit<\/p>\n<\/li>\n<li class=\"\" data-start=\"1506\" data-end=\"1563\">\n<p class=\"\" data-start=\"1508\" data-end=\"1563\"><strong data-start=\"1508\" data-end=\"1523\">Raglan\u00e4rmel<\/strong> f\u00fcr eine moderne, sportliche Passform<\/p>\n<\/li>\n<li class=\"\" data-start=\"1564\" data-end=\"1657\">\n<p class=\"\" data-start=\"1566\" data-end=\"1657\"><strong data-start=\"1566\" data-end=\"1589\">Doppellagige Kapuze<\/strong> mit flachem Kordelzug in passender Farbe f\u00fcr zus\u00e4tzlichen Komfort<\/p>\n<\/li>\n<li class=\"\" data-start=\"1658\" data-end=\"1724\">\n<p class=\"\" data-start=\"1660\" data-end=\"1724\"><strong data-start=\"1660\" data-end=\"1677\">K\u00e4ngurutasche<\/strong> auf der Vorderseite f\u00fcr praktischen Stauraum<\/p>\n<\/li>\n<li class=\"\" data-start=\"1725\" data-end=\"1833\">\n<p class=\"\" data-start=\"1727\" data-end=\"1833\"><strong data-start=\"1727\" data-end=\"1757\">Baumwoll\/LYCRA\u00ae-Rippstrick<\/strong> am Saum und an den \u00c4rmelb\u00fcndchen f\u00fcr verbesserte Passform und Dehnbarkeit<\/p>\n<\/li>\n<li class=\"\" data-start=\"1834\" data-end=\"1886\">\n<p class=\"\" data-start=\"1836\" data-end=\"1886\"><strong data-start=\"1836\" data-end=\"1846\">Gr\u00f6\u00dfen<\/strong>: S bis 2XL f\u00fcr eine breite Zielgruppe<\/p>\n<\/li>\n<li class=\"\" data-start=\"1887\" data-end=\"1942\">\n<p class=\"\" data-start=\"1889\" data-end=\"1942\"><strong data-start=\"1889\" data-end=\"1910\">Tear-Away-Etikett<\/strong> f\u00fcr einfache Personalisierung<\/p>\n<\/li>\n<li class=\"\" data-start=\"1943\" data-end=\"1995\">\n<p class=\"\" data-start=\"1945\" data-end=\"1995\"><strong data-start=\"1945\" data-end=\"1973\">Waschbar bei bis zu 40\u00b0C<\/strong> f\u00fcr einfache Pflege<\/p>\n<\/li>\n<\/ul>\n<h4 data-start=\"1997\" data-end=\"2068\"><strong data-start=\"1997\" data-end=\"2068\">Individuelle Druckdienstleistungen f\u00fcr Ihr Lightweight Hooded Sweat<\/strong><\/h4>\n<p class=\"\" data-start=\"2070\" data-end=\"2263\">Verleihen Sie Ihrem<strong data-start=\"2090\" data-end=\"2118\">\u00a0Hooded Sweat<\/strong> eine individuelle Note mit unseren professionellen <strong data-start=\"2170\" data-end=\"2195\">Druckdienstleistungen<\/strong>. Wir bieten mehrere Techniken an, um Ihr Design perfekt umzusetzen:<\/p>\n<ul data-start=\"2265\" data-end=\"2461\">\n<li class=\"\" data-start=\"2265\" data-end=\"2323\">\n<p class=\"\" data-start=\"2267\" data-end=\"2323\"><strong data-start=\"2267\" data-end=\"2280\">DTF-Druck<\/strong>: Ideal f\u00fcr lebendige, langlebige Designs<\/p>\n<\/li>\n<li class=\"\" data-start=\"2324\" data-end=\"2385\">\n<p class=\"\" data-start=\"2326\" data-end=\"2385\"><strong data-start=\"2326\" data-end=\"2339\">Siebdruck<\/strong>: Perfekt f\u00fcr gro\u00dffl\u00e4chige, kr\u00e4ftige Designs<\/p>\n<\/li>\n<li class=\"\" data-start=\"2386\" data-end=\"2461\">\n<p class=\"\" data-start=\"2388\" data-end=\"2461\"><strong data-start=\"2388\" data-end=\"2401\">Stickerei<\/strong>: Verleiht Ihrem Sweatshirt eine edle und hochwertige Note<\/p>\n<\/li>\n<\/ul>\n<h4 data-start=\"2463\" data-end=\"2509\"><strong data-start=\"2463\" data-end=\"2509\">Warum das Lightweight Hooded Sweat w\u00e4hlen?<\/strong><\/h4>\n<p class=\"\" data-start=\"2511\" data-end=\"2824\">Das <strong data-start=\"2515\" data-end=\"2543\">Hooded Sweat<\/strong> bietet nicht nur Komfort und eine exzellente Passform, sondern auch eine ideale Grundlage f\u00fcr personalisierte Designs. Mit der hohen Qualit\u00e4t und der robusten Verarbeitung ist es perfekt f\u00fcr den t\u00e4glichen Gebrauch und eignet sich hervorragend f\u00fcr Teams, Events und Werbegeschenke.<\/p>\n<div class=\"wysiwyg lg:wysiwyg-lg\">\n<p data-start=\"874\" data-end=\"1119\" data-is-last-node=\"\" data-is-only-node=\"\"><img decoding=\"async\" class=\"alignnone size-medium wp-image-7420\" src=\"https:\/\/printaberlin.de\/staging\/2315\/wp-content\/uploads\/2025\/03\/eco-300x72.png\" alt=\"\" width=\"300\" height=\"72\" srcset=\"https:\/\/printaberlin.de\/wp-content\/uploads\/2025\/03\/eco-300x72.png 300w, https:\/\/printaberlin.de\/wp-content\/uploads\/2025\/03\/eco-1024x247.png 1024w, https:\/\/printaberlin.de\/wp-content\/uploads\/2025\/03\/eco-768x185.png 768w, https:\/\/printaberlin.de\/wp-content\/uploads\/2025\/03\/eco-260x63.png 260w, https:\/\/printaberlin.de\/wp-content\/uploads\/2025\/03\/eco-500x121.png 500w, https:\/\/printaberlin.de\/wp-content\/uploads\/2025\/03\/eco.png 1338w\" sizes=\"(max-width: 300px) 100vw, 300px\" \/><\/p>\n<\/div>\n<\/div>\n<div class=\"mb-3\">\n<div class=\"child-p:mb-2 last:child-p:mb-0\">\n<div class=\"child-p:mb-2 last:child-p:mb-0\"><\/div>\n<\/div>\n<\/div>\n","protected":false},"excerpt":{"rendered":"<p>Leichtes Hoodie mit Raglan\u00e4rmeln, K\u00e4ngurutasche und Baumwoll\/LYCRA\u00ae-Ripp.<br \/>\n<strong>By Fruit Of The Loom<\/strong><\/p>\n","protected":false},"featured_media":26396,"comment_status":"open","ping_status":"closed","template":"","meta":{"nf_dc_page":""},"product_brand":[48],"product_cat":[434],"product_tag":[435],"producproduct-categroyt-categroy":[],"class_list":{"0":"post-25690","1":"product","2":"type-product","3":"status-publish","4":"has-post-thumbnail","6":"product_brand-fruit-of-the-loom","7":"product_cat-pullover-bedrucken","8":"product_tag-unisexmen","10":"first","11":"instock","12":"shipping-taxable","13":"purchasable","14":"product-type-variable","15":"has-default-attributes","16":"wvs-archive-product-wrapper"},"yoast_head":"<!-- This site is optimized with the Yoast SEO Premium plugin v24.6 (Yoast SEO v27.4) - https:\/\/yoast.com\/product\/yoast-seo-premium-wordpress\/ -->\n<title>Lightweight Hooded Sweat | Printa Berlin | Textilien und T-Shirts Bedrucken<\/title>\n<meta name=\"description\" content=\"Das Lightweight Hooded Sweat aus 80 % Baumwolle bietet Komfort und Langlebigkeit. Personalisieren Sie es mit DTF-Druck, Siebdruck oder Stickerei.\" \/>\n<meta name=\"robots\" content=\"index, follow, max-snippet:-1, max-image-preview:large, max-video-preview:-1\" \/>\n<link rel=\"canonical\" href=\"https:\/\/printaberlin.de\/en\/product\/lightweight-hooded-sweat\/\" \/>\n<meta property=\"og:locale\" content=\"en_US\" \/>\n<meta property=\"og:type\" content=\"article\" \/>\n<meta property=\"og:title\" content=\"Lightweight\" \/>\n<meta property=\"og:description\" content=\"Das Lightweight Hooded Sweat aus 80 % Baumwolle bietet Komfort und Langlebigkeit. Personalisieren Sie es mit DTF-Druck, Siebdruck oder Stickerei.\" \/>\n<meta property=\"og:url\" content=\"https:\/\/printaberlin.de\/en\/product\/lightweight-hooded-sweat\/\" \/>\n<meta property=\"og:site_name\" content=\"Printa Berlin | Textilien und T-Shirts Bedrucken\" \/>\n<meta property=\"article:modified_time\" content=\"2025-09-21T20:36:26+00:00\" \/>\n<meta property=\"og:image\" content=\"https:\/\/printaberlin.de\/wp-content\/uploads\/2025\/09\/764j.png\" \/>\n\t<meta property=\"og:image:width\" content=\"292\" \/>\n\t<meta property=\"og:image:height\" content=\"365\" \/>\n\t<meta property=\"og:image:type\" content=\"image\/png\" \/>\n<meta name=\"twitter:card\" content=\"summary_large_image\" \/>\n<meta name=\"twitter:label1\" content=\"Availability\" \/>\n\t<meta name=\"twitter:data1\" content=\"In stock\" \/>\n<script type=\"application\/ld+json\" class=\"yoast-schema-graph\">{\"@context\":\"https:\\\/\\\/schema.org\",\"@graph\":[{\"@type\":\"WebPage\",\"@id\":\"https:\\\/\\\/printaberlin.de\\\/en\\\/product\\\/lightweight-hooded-sweat\\\/\",\"url\":\"https:\\\/\\\/printaberlin.de\\\/en\\\/product\\\/lightweight-hooded-sweat\\\/\",\"name\":\"Lightweight Hooded Sweat | Printa Berlin | Textilien und T-Shirts Bedrucken\",\"isPartOf\":{\"@id\":\"https:\\\/\\\/printaberlin.de\\\/en\\\/#website\"},\"primaryImageOfPage\":{\"@id\":\"https:\\\/\\\/printaberlin.de\\\/en\\\/product\\\/lightweight-hooded-sweat\\\/#primaryimage\"},\"image\":{\"@id\":\"https:\\\/\\\/printaberlin.de\\\/en\\\/product\\\/lightweight-hooded-sweat\\\/#primaryimage\"},\"thumbnailUrl\":\"https:\\\/\\\/printaberlin.de\\\/wp-content\\\/uploads\\\/2025\\\/09\\\/764j.png\",\"datePublished\":\"2025-03-11T14:54:11+00:00\",\"dateModified\":\"2025-09-21T20:36:26+00:00\",\"description\":\"Das Lightweight Hooded Sweat aus 80 % Baumwolle bietet Komfort und Langlebigkeit. Personalisieren Sie es mit DTF-Druck, Siebdruck oder Stickerei.\",\"breadcrumb\":{\"@id\":\"https:\\\/\\\/printaberlin.de\\\/en\\\/product\\\/lightweight-hooded-sweat\\\/#breadcrumb\"},\"inLanguage\":\"en-US\",\"potentialAction\":[{\"@type\":\"ReadAction\",\"target\":[\"https:\\\/\\\/printaberlin.de\\\/en\\\/product\\\/lightweight-hooded-sweat\\\/\"]}]},{\"@type\":\"ImageObject\",\"inLanguage\":\"en-US\",\"@id\":\"https:\\\/\\\/printaberlin.de\\\/en\\\/product\\\/lightweight-hooded-sweat\\\/#primaryimage\",\"url\":\"https:\\\/\\\/printaberlin.de\\\/wp-content\\\/uploads\\\/2025\\\/09\\\/764j.png\",\"contentUrl\":\"https:\\\/\\\/printaberlin.de\\\/wp-content\\\/uploads\\\/2025\\\/09\\\/764j.png\",\"width\":292,\"height\":365},{\"@type\":\"BreadcrumbList\",\"@id\":\"https:\\\/\\\/printaberlin.de\\\/en\\\/product\\\/lightweight-hooded-sweat\\\/#breadcrumb\",\"itemListElement\":[{\"@type\":\"ListItem\",\"position\":1,\"name\":\"Home\",\"item\":\"https:\\\/\\\/printaberlin.de\\\/en\\\/\"},{\"@type\":\"ListItem\",\"position\":2,\"name\":\"Shop\",\"item\":\"https:\\\/\\\/printaberlin.de\\\/en\\\/shop\\\/\"},{\"@type\":\"ListItem\",\"position\":3,\"name\":\"Lightweight\"}]},{\"@type\":\"WebSite\",\"@id\":\"https:\\\/\\\/printaberlin.de\\\/en\\\/#website\",\"url\":\"https:\\\/\\\/printaberlin.de\\\/en\\\/\",\"name\":\"Printa Berlin | Textilien und T-Shirts Bedrucken\",\"description\":\"Entdecken Sie Printa Berlin \u2013 Ihr Experte f\u00fcr personalisierten Druck! T-Shirts, Poloshirts, Hoodies, Sweatshirts, Taschen, Caps und mehr.\",\"publisher\":{\"@id\":\"https:\\\/\\\/printaberlin.de\\\/en\\\/#organization\"},\"potentialAction\":[{\"@type\":\"SearchAction\",\"target\":{\"@type\":\"EntryPoint\",\"urlTemplate\":\"https:\\\/\\\/printaberlin.de\\\/en\\\/?s={search_term_string}\"},\"query-input\":{\"@type\":\"PropertyValueSpecification\",\"valueRequired\":true,\"valueName\":\"search_term_string\"}}],\"inLanguage\":\"en-US\"},{\"@type\":\"Organization\",\"@id\":\"https:\\\/\\\/printaberlin.de\\\/en\\\/#organization\",\"name\":\"Printa Berlin\",\"url\":\"https:\\\/\\\/printaberlin.de\\\/en\\\/\",\"logo\":{\"@type\":\"ImageObject\",\"inLanguage\":\"en-US\",\"@id\":\"https:\\\/\\\/printaberlin.de\\\/en\\\/#\\\/schema\\\/logo\\\/image\\\/\",\"url\":\"https:\\\/\\\/printaberlin.de\\\/wp-content\\\/uploads\\\/2025\\\/03\\\/csdsdcdsc.png\",\"contentUrl\":\"https:\\\/\\\/printaberlin.de\\\/wp-content\\\/uploads\\\/2025\\\/03\\\/csdsdcdsc.png\",\"width\":512,\"height\":512,\"caption\":\"Printa Berlin\"},\"image\":{\"@id\":\"https:\\\/\\\/printaberlin.de\\\/en\\\/#\\\/schema\\\/logo\\\/image\\\/\"},\"sameAs\":[\"https:\\\/\\\/www.instagram.com\\\/printaberlin\\\/\"]}]}<\/script>\n<meta property=\"og:availability\" content=\"instock\" \/>\n<meta property=\"product:availability\" content=\"instock\" \/>\n<meta property=\"product:retailer_item_id\" content=\"PR16\" \/>\n<meta property=\"product:condition\" content=\"new\" \/>\n<!-- \/ Yoast SEO Premium plugin. -->","yoast_head_json":{"title":"Lightweight Hooded Sweat | Printa Berlin | Textilien und T-Shirts Bedrucken","description":"Das Lightweight Hooded Sweat aus 80 % Baumwolle bietet Komfort und Langlebigkeit. Personalisieren Sie es mit DTF-Druck, Siebdruck oder Stickerei.","robots":{"index":"index","follow":"follow","max-snippet":"max-snippet:-1","max-image-preview":"max-image-preview:large","max-video-preview":"max-video-preview:-1"},"canonical":"https:\/\/printaberlin.de\/en\/product\/lightweight-hooded-sweat\/","og_locale":"en_US","og_type":"article","og_title":"Lightweight","og_description":"Das Lightweight Hooded Sweat aus 80 % Baumwolle bietet Komfort und Langlebigkeit. Personalisieren Sie es mit DTF-Druck, Siebdruck oder Stickerei.","og_url":"https:\/\/printaberlin.de\/en\/product\/lightweight-hooded-sweat\/","og_site_name":"Printa Berlin | Textilien und T-Shirts Bedrucken","article_modified_time":"2025-09-21T20:36:26+00:00","og_image":[{"width":292,"height":365,"url":"https:\/\/printaberlin.de\/wp-content\/uploads\/2025\/09\/764j.png","type":"image\/png"}],"twitter_card":"summary_large_image","twitter_misc":{"Availability":"In stock"},"schema":{"@context":"https:\/\/schema.org","@graph":[{"@type":"WebPage","@id":"https:\/\/printaberlin.de\/en\/product\/lightweight-hooded-sweat\/","url":"https:\/\/printaberlin.de\/en\/product\/lightweight-hooded-sweat\/","name":"Lightweight Hooded Sweat | Printa Berlin | Textilien und T-Shirts Bedrucken","isPartOf":{"@id":"https:\/\/printaberlin.de\/en\/#website"},"primaryImageOfPage":{"@id":"https:\/\/printaberlin.de\/en\/product\/lightweight-hooded-sweat\/#primaryimage"},"image":{"@id":"https:\/\/printaberlin.de\/en\/product\/lightweight-hooded-sweat\/#primaryimage"},"thumbnailUrl":"https:\/\/printaberlin.de\/wp-content\/uploads\/2025\/09\/764j.png","datePublished":"2025-03-11T14:54:11+00:00","dateModified":"2025-09-21T20:36:26+00:00","description":"Das Lightweight Hooded Sweat aus 80 % Baumwolle bietet Komfort und Langlebigkeit. Personalisieren Sie es mit DTF-Druck, Siebdruck oder Stickerei.","breadcrumb":{"@id":"https:\/\/printaberlin.de\/en\/product\/lightweight-hooded-sweat\/#breadcrumb"},"inLanguage":"en-US","potentialAction":[{"@type":"ReadAction","target":["https:\/\/printaberlin.de\/en\/product\/lightweight-hooded-sweat\/"]}]},{"@type":"ImageObject","inLanguage":"en-US","@id":"https:\/\/printaberlin.de\/en\/product\/lightweight-hooded-sweat\/#primaryimage","url":"https:\/\/printaberlin.de\/wp-content\/uploads\/2025\/09\/764j.png","contentUrl":"https:\/\/printaberlin.de\/wp-content\/uploads\/2025\/09\/764j.png","width":292,"height":365},{"@type":"BreadcrumbList","@id":"https:\/\/printaberlin.de\/en\/product\/lightweight-hooded-sweat\/#breadcrumb","itemListElement":[{"@type":"ListItem","position":1,"name":"Home","item":"https:\/\/printaberlin.de\/en\/"},{"@type":"ListItem","position":2,"name":"Shop","item":"https:\/\/printaberlin.de\/en\/shop\/"},{"@type":"ListItem","position":3,"name":"Lightweight"}]},{"@type":"WebSite","@id":"https:\/\/printaberlin.de\/en\/#website","url":"https:\/\/printaberlin.de\/en\/","name":"Printa Berlin | Textilien und T-Shirts Bedrucken","description":"Entdecken Sie Printa Berlin \u2013 Ihr Experte f\u00fcr personalisierten Druck! T-Shirts, Poloshirts, Hoodies, Sweatshirts, Taschen, Caps und mehr.","publisher":{"@id":"https:\/\/printaberlin.de\/en\/#organization"},"potentialAction":[{"@type":"SearchAction","target":{"@type":"EntryPoint","urlTemplate":"https:\/\/printaberlin.de\/en\/?s={search_term_string}"},"query-input":{"@type":"PropertyValueSpecification","valueRequired":true,"valueName":"search_term_string"}}],"inLanguage":"en-US"},{"@type":"Organization","@id":"https:\/\/printaberlin.de\/en\/#organization","name":"Printa Berlin","url":"https:\/\/printaberlin.de\/en\/","logo":{"@type":"ImageObject","inLanguage":"en-US","@id":"https:\/\/printaberlin.de\/en\/#\/schema\/logo\/image\/","url":"https:\/\/printaberlin.de\/wp-content\/uploads\/2025\/03\/csdsdcdsc.png","contentUrl":"https:\/\/printaberlin.de\/wp-content\/uploads\/2025\/03\/csdsdcdsc.png","width":512,"height":512,"caption":"Printa Berlin"},"image":{"@id":"https:\/\/printaberlin.de\/en\/#\/schema\/logo\/image\/"},"sameAs":["https:\/\/www.instagram.com\/printaberlin\/"]}]},"og_availability":"instock","product_availability":"instock","product_retailer_item_id":"PR16","product_condition":"new"},"_links":{"self":[{"href":"https:\/\/printaberlin.de\/en\/wp-json\/wp\/v2\/product\/25690","targetHints":{"allow":["GET"]}}],"collection":[{"href":"https:\/\/printaberlin.de\/en\/wp-json\/wp\/v2\/product"}],"about":[{"href":"https:\/\/printaberlin.de\/en\/wp-json\/wp\/v2\/types\/product"}],"replies":[{"embeddable":true,"href":"https:\/\/printaberlin.de\/en\/wp-json\/wp\/v2\/comments?post=25690"}],"wp:featuredmedia":[{"embeddable":true,"href":"https:\/\/printaberlin.de\/en\/wp-json\/wp\/v2\/media\/26396"}],"wp:attachment":[{"href":"https:\/\/printaberlin.de\/en\/wp-json\/wp\/v2\/media?parent=25690"}],"wp:term":[{"taxonomy":"product_brand","embeddable":true,"href":"https:\/\/printaberlin.de\/en\/wp-json\/wp\/v2\/product_brand?post=25690"},{"taxonomy":"product_cat","embeddable":true,"href":"https:\/\/printaberlin.de\/en\/wp-json\/wp\/v2\/product_cat?post=25690"},{"taxonomy":"product_tag","embeddable":true,"href":"https:\/\/printaberlin.de\/en\/wp-json\/wp\/v2\/product_tag?post=25690"},{"taxonomy":"producproduct-categroyt-categroy","embeddable":true,"href":"https:\/\/printaberlin.de\/en\/wp-json\/wp\/v2\/producproduct-categroyt-categroy?post=25690"}],"curies":[{"name":"wp","href":"https:\/\/api.w.org\/{rel}","templated":true}]}}