{"id":25652,"date":"2025-03-11T15:33:30","date_gmt":"2025-03-11T15:33:30","guid":{"rendered":"https:\/\/printaberlin.de\/product\/heavy-blend-hooded-sweat\/"},"modified":"2025-09-21T20:36:24","modified_gmt":"2025-09-21T20:36:24","slug":"heavy-blend-hooded-sweat","status":"publish","type":"product","link":"https:\/\/printaberlin.de\/en\/product\/heavy-blend-hooded-sweat\/","title":{"rendered":"Heavy Blend"},"content":{"rendered":"<div class=\"mb-3\">\n<h3 data-start=\"0\" data-end=\"69\"><strong data-start=\"0\" data-end=\"69\">Heavy Blend Hooded Sweat: Komfort und Langlebigkeit f\u00fcr jeden Tag<\/strong><\/h3>\n<p class=\"\" data-start=\"71\" data-end=\"632\">Das <strong data-start=\"75\" data-end=\"103\">Heavy Blend Hooded Sweat<\/strong> von Gildan\u00ae ist der perfekte Begleiter f\u00fcr k\u00fchle Tage. Mit einem Gewicht von 8 oz\/yd\u00b2 (ca. 270 g\/m\u00b2) und einer Mischung aus 50 % US-Baumwolle und 50 % Polyester bietet dieses Sweatshirt sowohl Komfort als auch Robustheit. Die <strong data-start=\"330\" data-end=\"345\">Heavy Blend<\/strong>-Kollektion verwendet feinere Garne und die neue MVS Air-Spinntechnologie, die das Gewebe verbessert, Pilling reduziert und die Haltbarkeit erh\u00f6ht. Das Ergebnis ist ein angenehm zu tragendes, langlebiges Sweatshirt, das auch eine glatte Oberfl\u00e4che f\u00fcr <strong data-start=\"597\" data-end=\"606\">Druck<\/strong> und <strong data-start=\"611\" data-end=\"624\">Stickerei<\/strong> bietet.<\/p>\n<p class=\"\" data-start=\"634\" data-end=\"1144\">Der <strong data-start=\"638\" data-end=\"666\">Hooded Sweat<\/strong> verf\u00fcgt \u00fcber eine doppellagige Kapuze mit passendem Kordelzug und einer <strong data-start=\"739\" data-end=\"756\">K\u00e4ngurutasche<\/strong> auf der Vorderseite f\u00fcr zus\u00e4tzlichen Komfort. Der <strong data-start=\"807\" data-end=\"837\">1&#215;1-Rippstrick mit Spandex<\/strong> am Saum und an den \u00c4rmelb\u00fcndchen sorgt f\u00fcr eine verbesserte Dehnbarkeit und Formbest\u00e4ndigkeit. Die <strong data-start=\"937\" data-end=\"960\">klassische Passform<\/strong> und der <strong data-start=\"969\" data-end=\"988\">nahtlose K\u00f6rper<\/strong> machen das Sweatshirt zu einer komfortablen Wahl f\u00fcr jeden Anlass. Es ist in den Gr\u00f6\u00dfen XS bis 5XL erh\u00e4ltlich, sodass es f\u00fcr jede K\u00f6rpergr\u00f6\u00dfe geeignet ist.<\/p>\n<p class=\"\" data-start=\"1146\" data-end=\"1369\">Dieses Sweatshirt eignet sich hervorragend f\u00fcr <strong data-start=\"1193\" data-end=\"1215\">Personalisierungen<\/strong>. Die glatte Oberfl\u00e4che und die hochwertige Verarbeitung machen es zur perfekten Wahl f\u00fcr individuelle Designs, sei es durch <strong data-start=\"1340\" data-end=\"1349\">Druck<\/strong> oder <strong data-start=\"1355\" data-end=\"1368\">Stickerei<\/strong>.<\/p>\n<h4 data-start=\"1371\" data-end=\"1417\"><strong data-start=\"1371\" data-end=\"1417\">Hauptmerkmale des Heavy Blend Hooded Sweat<\/strong><\/h4>\n<ul data-start=\"1419\" data-end=\"2139\">\n<li class=\"\" data-start=\"1419\" data-end=\"1493\">\n<p class=\"\" data-start=\"1421\" data-end=\"1493\"><strong data-start=\"1421\" data-end=\"1461\">50 % US-Baumwolle und 50 % Polyester<\/strong> f\u00fcr Komfort und Langlebigkeit<\/p>\n<\/li>\n<li class=\"\" data-start=\"1494\" data-end=\"1589\">\n<p class=\"\" data-start=\"1496\" data-end=\"1589\"><strong data-start=\"1496\" data-end=\"1519\">8 oz\/yd\u00b2 (270 g\/m\u00b2)<\/strong> Gewicht f\u00fcr eine perfekte Mischung aus Leichtigkeit und Haltbarkeit<\/p>\n<\/li>\n<li class=\"\" data-start=\"1590\" data-end=\"1666\">\n<p class=\"\" data-start=\"1592\" data-end=\"1666\"><strong data-start=\"1592\" data-end=\"1615\">Doppellagige Kapuze<\/strong> mit passendem Kordelzug f\u00fcr zus\u00e4tzlichen Komfort<\/p>\n<\/li>\n<li class=\"\" data-start=\"1667\" data-end=\"1733\">\n<p class=\"\" data-start=\"1669\" data-end=\"1733\"><strong data-start=\"1669\" data-end=\"1686\">K\u00e4ngurutasche<\/strong> auf der Vorderseite f\u00fcr praktischen Stauraum<\/p>\n<\/li>\n<li class=\"\" data-start=\"1734\" data-end=\"1814\">\n<p class=\"\" data-start=\"1736\" data-end=\"1814\"><strong data-start=\"1736\" data-end=\"1766\">1&#215;1-Rippstrick mit Spandex<\/strong> f\u00fcr eine verbesserte Passform und Dehnbarkeit<\/p>\n<\/li>\n<li class=\"\" data-start=\"1815\" data-end=\"1879\">\n<p class=\"\" data-start=\"1817\" data-end=\"1879\"><strong data-start=\"1817\" data-end=\"1837\">Nahtloser K\u00f6rper<\/strong> f\u00fcr eine moderne, klassische Silhouette<\/p>\n<\/li>\n<li class=\"\" data-start=\"1880\" data-end=\"1933\">\n<p class=\"\" data-start=\"1882\" data-end=\"1933\"><strong data-start=\"1882\" data-end=\"1892\">Gr\u00f6\u00dfen<\/strong>: XS bis 5XL f\u00fcr eine breite Zielgruppe<\/p>\n<\/li>\n<li class=\"\" data-start=\"1934\" data-end=\"2005\">\n<p class=\"\" data-start=\"1936\" data-end=\"2005\"><strong data-start=\"1936\" data-end=\"1973\">OEKO-TEX-zertifizierte Farbstoffe<\/strong> f\u00fcr umweltfreundliche F\u00e4rbung<\/p>\n<\/li>\n<li class=\"\" data-start=\"2006\" data-end=\"2063\">\n<p class=\"\" data-start=\"2008\" data-end=\"2063\"><strong data-start=\"2008\" data-end=\"2036\">Waschbar bei bis zu 40\u00b0C<\/strong> f\u00fcr eine einfache Pflege<\/p>\n<\/li>\n<li class=\"\" data-start=\"2064\" data-end=\"2139\">\n<p class=\"\" data-start=\"2066\" data-end=\"2139\"><strong data-start=\"2066\" data-end=\"2082\">Safety Green<\/strong> ist ANSI \/ ISEA 107-zertifiziert f\u00fcr hohe Sichtbarkeit<\/p>\n<\/li>\n<\/ul>\n<h4 data-start=\"2141\" data-end=\"2212\"><strong data-start=\"2141\" data-end=\"2212\">Individuelle Druckdienstleistungen f\u00fcr Ihr Heavy Blend Hooded Sweat<\/strong><\/h4>\n<p class=\"\" data-start=\"2214\" data-end=\"2406\">Verleihen Sie Ihrem<strong data-start=\"2234\" data-end=\"2262\">\u00a0Hooded Sweat<\/strong> eine individuelle Note mit unseren professionellen <strong data-start=\"2314\" data-end=\"2339\">Druckdienstleistungen<\/strong>. W\u00e4hlen Sie aus verschiedenen Techniken, um Ihr Design umzusetzen:<\/p>\n<ul data-start=\"2408\" data-end=\"2607\">\n<li class=\"\" data-start=\"2408\" data-end=\"2466\">\n<p class=\"\" data-start=\"2410\" data-end=\"2466\"><strong data-start=\"2410\" data-end=\"2423\">DTF-Druck<\/strong>: Ideal f\u00fcr lebendige, langlebige Designs<\/p>\n<\/li>\n<li class=\"\" data-start=\"2467\" data-end=\"2531\">\n<p class=\"\" data-start=\"2469\" data-end=\"2531\"><strong data-start=\"2469\" data-end=\"2482\">Siebdruck<\/strong>: Perfekt f\u00fcr gro\u00dffl\u00e4chige und kr\u00e4ftige Designs<\/p>\n<\/li>\n<li class=\"\" data-start=\"2532\" data-end=\"2607\">\n<p class=\"\" data-start=\"2534\" data-end=\"2607\"><strong data-start=\"2534\" data-end=\"2547\">Stickerei<\/strong>: Verleiht Ihrem Sweatshirt eine edle und hochwertige Note<\/p>\n<\/li>\n<\/ul>\n<h4 data-start=\"2609\" data-end=\"2655\"><strong data-start=\"2609\" data-end=\"2655\">Warum das Heavy Blend Hooded Sweat w\u00e4hlen?<\/strong><\/h4>\n<p class=\"\" data-start=\"2657\" data-end=\"3030\">Das <strong data-start=\"2661\" data-end=\"2689\">Heavy Blend Hooded Sweat<\/strong> bietet nicht nur hervorragenden Komfort, sondern auch eine hervorragende Grundlage f\u00fcr <strong data-start=\"2777\" data-end=\"2786\">Druck<\/strong> und <strong data-start=\"2791\" data-end=\"2804\">Stickerei<\/strong>. Mit seiner weichen, aber robusten Oberfl\u00e4che eignet es sich perfekt f\u00fcr personalisierte Kleidung, Teamwear oder Werbegeschenke. Nutzen Sie unsere <strong data-start=\"2952\" data-end=\"2977\">Druckdienstleistungen<\/strong>, um das Sweatshirt nach Ihren W\u00fcnschen zu gestalten.<\/p>\n<p data-start=\"737\" data-end=\"1165\" data-is-last-node=\"\" data-is-only-node=\"\"><img decoding=\"async\" class=\"alignnone size-medium wp-image-7421\" src=\"https:\/\/printaberlin.de\/staging\/2315\/wp-content\/uploads\/2025\/02\/ecc-300x57.png\" alt=\"\" width=\"300\" height=\"57\" srcset=\"https:\/\/printaberlin.de\/wp-content\/uploads\/2025\/02\/ecc-300x57.png 300w, https:\/\/printaberlin.de\/wp-content\/uploads\/2025\/02\/ecc-260x49.png 260w, https:\/\/printaberlin.de\/wp-content\/uploads\/2025\/02\/ecc-500x95.png 500w, https:\/\/printaberlin.de\/wp-content\/uploads\/2025\/02\/ecc.png 692w\" sizes=\"(max-width: 300px) 100vw, 300px\" \/><\/p>\n<\/div>\n<div class=\"mb-3\">\n<div class=\"child-p:mb-2 last:child-p:mb-0\">\n<div class=\"child-p:mb-2 last:child-p:mb-0\"><\/div>\n<\/div>\n<\/div>\n","protected":false},"excerpt":{"rendered":"<div class=\"mb-3\">\n<p class=\"uppercase text-xs lg:text-sm font-bold mb-3\">Hooded Sweatshirt mit doppellagiger Kapuze und K\u00e4ngurutasche.<br \/>\n<strong>By Gildan<\/strong><\/p>\n<\/div>\n","protected":false},"featured_media":26398,"comment_status":"open","ping_status":"closed","template":"","meta":{"nf_dc_page":""},"product_brand":[47],"product_cat":[434],"product_tag":[430],"producproduct-categroyt-categroy":[],"class_list":{"0":"post-25652","1":"product","2":"type-product","3":"status-publish","4":"has-post-thumbnail","6":"product_brand-gildan","7":"product_cat-pullover-bedrucken","8":"product_tag-unisex","10":"first","11":"instock","12":"shipping-taxable","13":"purchasable","14":"product-type-variable","15":"has-default-attributes","16":"wvs-archive-product-wrapper"},"yoast_head":"<!-- This site is optimized with the Yoast SEO Premium plugin v24.6 (Yoast SEO v27.4) - https:\/\/yoast.com\/product\/yoast-seo-premium-wordpress\/ -->\n<title>Heavy Blend Hooded Sweat by Gildan | Printa Berlin | Textilien und T-Shirts Bedrucken<\/title>\n<meta name=\"description\" content=\"Das Heavy Blend Hooded Sweat aus 50 % Baumwolle bietet Komfort und Langlebigkeit. Personalisieren Sie es mit DTF-Druck, Siebdruck oder Stickerei.\" \/>\n<meta name=\"robots\" content=\"index, follow, max-snippet:-1, max-image-preview:large, max-video-preview:-1\" \/>\n<link rel=\"canonical\" href=\"https:\/\/printaberlin.de\/en\/product\/heavy-blend-hooded-sweat\/\" \/>\n<meta property=\"og:locale\" content=\"en_US\" \/>\n<meta property=\"og:type\" content=\"article\" \/>\n<meta property=\"og:title\" content=\"Heavy Blend\" \/>\n<meta property=\"og:description\" content=\"Das Heavy Blend Hooded Sweat aus 50 % Baumwolle bietet Komfort und Langlebigkeit. Personalisieren Sie es mit DTF-Druck, Siebdruck oder Stickerei.\" \/>\n<meta property=\"og:url\" content=\"https:\/\/printaberlin.de\/en\/product\/heavy-blend-hooded-sweat\/\" \/>\n<meta property=\"og:site_name\" content=\"Printa Berlin | Textilien und T-Shirts Bedrucken\" \/>\n<meta property=\"article:modified_time\" content=\"2025-09-21T20:36:24+00:00\" \/>\n<meta property=\"og:image\" content=\"https:\/\/printaberlin.de\/wp-content\/uploads\/2025\/09\/4567456.png\" \/>\n\t<meta property=\"og:image:width\" content=\"292\" \/>\n\t<meta property=\"og:image:height\" content=\"365\" \/>\n\t<meta property=\"og:image:type\" content=\"image\/png\" \/>\n<meta name=\"twitter:card\" content=\"summary_large_image\" \/>\n<meta name=\"twitter:label1\" content=\"Availability\" \/>\n\t<meta name=\"twitter:data1\" content=\"In stock\" \/>\n<script type=\"application\/ld+json\" class=\"yoast-schema-graph\">{\"@context\":\"https:\\\/\\\/schema.org\",\"@graph\":[{\"@type\":\"WebPage\",\"@id\":\"https:\\\/\\\/printaberlin.de\\\/en\\\/product\\\/heavy-blend-hooded-sweat\\\/\",\"url\":\"https:\\\/\\\/printaberlin.de\\\/en\\\/product\\\/heavy-blend-hooded-sweat\\\/\",\"name\":\"Heavy Blend Hooded Sweat by Gildan | Printa Berlin | Textilien und T-Shirts Bedrucken\",\"isPartOf\":{\"@id\":\"https:\\\/\\\/printaberlin.de\\\/en\\\/#website\"},\"primaryImageOfPage\":{\"@id\":\"https:\\\/\\\/printaberlin.de\\\/en\\\/product\\\/heavy-blend-hooded-sweat\\\/#primaryimage\"},\"image\":{\"@id\":\"https:\\\/\\\/printaberlin.de\\\/en\\\/product\\\/heavy-blend-hooded-sweat\\\/#primaryimage\"},\"thumbnailUrl\":\"https:\\\/\\\/printaberlin.de\\\/wp-content\\\/uploads\\\/2025\\\/09\\\/4567456.png\",\"datePublished\":\"2025-03-11T15:33:30+00:00\",\"dateModified\":\"2025-09-21T20:36:24+00:00\",\"description\":\"Das Heavy Blend Hooded Sweat aus 50 % Baumwolle bietet Komfort und Langlebigkeit. Personalisieren Sie es mit DTF-Druck, Siebdruck oder Stickerei.\",\"breadcrumb\":{\"@id\":\"https:\\\/\\\/printaberlin.de\\\/en\\\/product\\\/heavy-blend-hooded-sweat\\\/#breadcrumb\"},\"inLanguage\":\"en-US\",\"potentialAction\":[{\"@type\":\"ReadAction\",\"target\":[\"https:\\\/\\\/printaberlin.de\\\/en\\\/product\\\/heavy-blend-hooded-sweat\\\/\"]}]},{\"@type\":\"ImageObject\",\"inLanguage\":\"en-US\",\"@id\":\"https:\\\/\\\/printaberlin.de\\\/en\\\/product\\\/heavy-blend-hooded-sweat\\\/#primaryimage\",\"url\":\"https:\\\/\\\/printaberlin.de\\\/wp-content\\\/uploads\\\/2025\\\/09\\\/4567456.png\",\"contentUrl\":\"https:\\\/\\\/printaberlin.de\\\/wp-content\\\/uploads\\\/2025\\\/09\\\/4567456.png\",\"width\":292,\"height\":365},{\"@type\":\"BreadcrumbList\",\"@id\":\"https:\\\/\\\/printaberlin.de\\\/en\\\/product\\\/heavy-blend-hooded-sweat\\\/#breadcrumb\",\"itemListElement\":[{\"@type\":\"ListItem\",\"position\":1,\"name\":\"Home\",\"item\":\"https:\\\/\\\/printaberlin.de\\\/en\\\/\"},{\"@type\":\"ListItem\",\"position\":2,\"name\":\"Shop\",\"item\":\"https:\\\/\\\/printaberlin.de\\\/en\\\/shop\\\/\"},{\"@type\":\"ListItem\",\"position\":3,\"name\":\"Heavy Blend\"}]},{\"@type\":\"WebSite\",\"@id\":\"https:\\\/\\\/printaberlin.de\\\/en\\\/#website\",\"url\":\"https:\\\/\\\/printaberlin.de\\\/en\\\/\",\"name\":\"Printa Berlin | Textilien und T-Shirts Bedrucken\",\"description\":\"Entdecken Sie Printa Berlin \u2013 Ihr Experte f\u00fcr personalisierten Druck! T-Shirts, Poloshirts, Hoodies, Sweatshirts, Taschen, Caps und mehr.\",\"publisher\":{\"@id\":\"https:\\\/\\\/printaberlin.de\\\/en\\\/#organization\"},\"potentialAction\":[{\"@type\":\"SearchAction\",\"target\":{\"@type\":\"EntryPoint\",\"urlTemplate\":\"https:\\\/\\\/printaberlin.de\\\/en\\\/?s={search_term_string}\"},\"query-input\":{\"@type\":\"PropertyValueSpecification\",\"valueRequired\":true,\"valueName\":\"search_term_string\"}}],\"inLanguage\":\"en-US\"},{\"@type\":\"Organization\",\"@id\":\"https:\\\/\\\/printaberlin.de\\\/en\\\/#organization\",\"name\":\"Printa Berlin\",\"url\":\"https:\\\/\\\/printaberlin.de\\\/en\\\/\",\"logo\":{\"@type\":\"ImageObject\",\"inLanguage\":\"en-US\",\"@id\":\"https:\\\/\\\/printaberlin.de\\\/en\\\/#\\\/schema\\\/logo\\\/image\\\/\",\"url\":\"https:\\\/\\\/printaberlin.de\\\/wp-content\\\/uploads\\\/2025\\\/03\\\/csdsdcdsc.png\",\"contentUrl\":\"https:\\\/\\\/printaberlin.de\\\/wp-content\\\/uploads\\\/2025\\\/03\\\/csdsdcdsc.png\",\"width\":512,\"height\":512,\"caption\":\"Printa Berlin\"},\"image\":{\"@id\":\"https:\\\/\\\/printaberlin.de\\\/en\\\/#\\\/schema\\\/logo\\\/image\\\/\"},\"sameAs\":[\"https:\\\/\\\/www.instagram.com\\\/printaberlin\\\/\"]}]}<\/script>\n<meta property=\"og:availability\" content=\"instock\" \/>\n<meta property=\"product:availability\" content=\"instock\" \/>\n<meta property=\"product:retailer_item_id\" content=\"PR17\" \/>\n<meta property=\"product:condition\" content=\"new\" \/>\n<!-- \/ Yoast SEO Premium plugin. -->","yoast_head_json":{"title":"Heavy Blend Hooded Sweat by Gildan | Printa Berlin | Textilien und T-Shirts Bedrucken","description":"Das Heavy Blend Hooded Sweat aus 50 % Baumwolle bietet Komfort und Langlebigkeit. Personalisieren Sie es mit DTF-Druck, Siebdruck oder Stickerei.","robots":{"index":"index","follow":"follow","max-snippet":"max-snippet:-1","max-image-preview":"max-image-preview:large","max-video-preview":"max-video-preview:-1"},"canonical":"https:\/\/printaberlin.de\/en\/product\/heavy-blend-hooded-sweat\/","og_locale":"en_US","og_type":"article","og_title":"Heavy Blend","og_description":"Das Heavy Blend Hooded Sweat aus 50 % Baumwolle bietet Komfort und Langlebigkeit. Personalisieren Sie es mit DTF-Druck, Siebdruck oder Stickerei.","og_url":"https:\/\/printaberlin.de\/en\/product\/heavy-blend-hooded-sweat\/","og_site_name":"Printa Berlin | Textilien und T-Shirts Bedrucken","article_modified_time":"2025-09-21T20:36:24+00:00","og_image":[{"width":292,"height":365,"url":"https:\/\/printaberlin.de\/wp-content\/uploads\/2025\/09\/4567456.png","type":"image\/png"}],"twitter_card":"summary_large_image","twitter_misc":{"Availability":"In stock"},"schema":{"@context":"https:\/\/schema.org","@graph":[{"@type":"WebPage","@id":"https:\/\/printaberlin.de\/en\/product\/heavy-blend-hooded-sweat\/","url":"https:\/\/printaberlin.de\/en\/product\/heavy-blend-hooded-sweat\/","name":"Heavy Blend Hooded Sweat by Gildan | Printa Berlin | Textilien und T-Shirts Bedrucken","isPartOf":{"@id":"https:\/\/printaberlin.de\/en\/#website"},"primaryImageOfPage":{"@id":"https:\/\/printaberlin.de\/en\/product\/heavy-blend-hooded-sweat\/#primaryimage"},"image":{"@id":"https:\/\/printaberlin.de\/en\/product\/heavy-blend-hooded-sweat\/#primaryimage"},"thumbnailUrl":"https:\/\/printaberlin.de\/wp-content\/uploads\/2025\/09\/4567456.png","datePublished":"2025-03-11T15:33:30+00:00","dateModified":"2025-09-21T20:36:24+00:00","description":"Das Heavy Blend Hooded Sweat aus 50 % Baumwolle bietet Komfort und Langlebigkeit. Personalisieren Sie es mit DTF-Druck, Siebdruck oder Stickerei.","breadcrumb":{"@id":"https:\/\/printaberlin.de\/en\/product\/heavy-blend-hooded-sweat\/#breadcrumb"},"inLanguage":"en-US","potentialAction":[{"@type":"ReadAction","target":["https:\/\/printaberlin.de\/en\/product\/heavy-blend-hooded-sweat\/"]}]},{"@type":"ImageObject","inLanguage":"en-US","@id":"https:\/\/printaberlin.de\/en\/product\/heavy-blend-hooded-sweat\/#primaryimage","url":"https:\/\/printaberlin.de\/wp-content\/uploads\/2025\/09\/4567456.png","contentUrl":"https:\/\/printaberlin.de\/wp-content\/uploads\/2025\/09\/4567456.png","width":292,"height":365},{"@type":"BreadcrumbList","@id":"https:\/\/printaberlin.de\/en\/product\/heavy-blend-hooded-sweat\/#breadcrumb","itemListElement":[{"@type":"ListItem","position":1,"name":"Home","item":"https:\/\/printaberlin.de\/en\/"},{"@type":"ListItem","position":2,"name":"Shop","item":"https:\/\/printaberlin.de\/en\/shop\/"},{"@type":"ListItem","position":3,"name":"Heavy Blend"}]},{"@type":"WebSite","@id":"https:\/\/printaberlin.de\/en\/#website","url":"https:\/\/printaberlin.de\/en\/","name":"Printa Berlin | Textilien und T-Shirts Bedrucken","description":"Entdecken Sie Printa Berlin \u2013 Ihr Experte f\u00fcr personalisierten Druck! T-Shirts, Poloshirts, Hoodies, Sweatshirts, Taschen, Caps und mehr.","publisher":{"@id":"https:\/\/printaberlin.de\/en\/#organization"},"potentialAction":[{"@type":"SearchAction","target":{"@type":"EntryPoint","urlTemplate":"https:\/\/printaberlin.de\/en\/?s={search_term_string}"},"query-input":{"@type":"PropertyValueSpecification","valueRequired":true,"valueName":"search_term_string"}}],"inLanguage":"en-US"},{"@type":"Organization","@id":"https:\/\/printaberlin.de\/en\/#organization","name":"Printa Berlin","url":"https:\/\/printaberlin.de\/en\/","logo":{"@type":"ImageObject","inLanguage":"en-US","@id":"https:\/\/printaberlin.de\/en\/#\/schema\/logo\/image\/","url":"https:\/\/printaberlin.de\/wp-content\/uploads\/2025\/03\/csdsdcdsc.png","contentUrl":"https:\/\/printaberlin.de\/wp-content\/uploads\/2025\/03\/csdsdcdsc.png","width":512,"height":512,"caption":"Printa Berlin"},"image":{"@id":"https:\/\/printaberlin.de\/en\/#\/schema\/logo\/image\/"},"sameAs":["https:\/\/www.instagram.com\/printaberlin\/"]}]},"og_availability":"instock","product_availability":"instock","product_retailer_item_id":"PR17","product_condition":"new"},"_links":{"self":[{"href":"https:\/\/printaberlin.de\/en\/wp-json\/wp\/v2\/product\/25652","targetHints":{"allow":["GET"]}}],"collection":[{"href":"https:\/\/printaberlin.de\/en\/wp-json\/wp\/v2\/product"}],"about":[{"href":"https:\/\/printaberlin.de\/en\/wp-json\/wp\/v2\/types\/product"}],"replies":[{"embeddable":true,"href":"https:\/\/printaberlin.de\/en\/wp-json\/wp\/v2\/comments?post=25652"}],"wp:featuredmedia":[{"embeddable":true,"href":"https:\/\/printaberlin.de\/en\/wp-json\/wp\/v2\/media\/26398"}],"wp:attachment":[{"href":"https:\/\/printaberlin.de\/en\/wp-json\/wp\/v2\/media?parent=25652"}],"wp:term":[{"taxonomy":"product_brand","embeddable":true,"href":"https:\/\/printaberlin.de\/en\/wp-json\/wp\/v2\/product_brand?post=25652"},{"taxonomy":"product_cat","embeddable":true,"href":"https:\/\/printaberlin.de\/en\/wp-json\/wp\/v2\/product_cat?post=25652"},{"taxonomy":"product_tag","embeddable":true,"href":"https:\/\/printaberlin.de\/en\/wp-json\/wp\/v2\/product_tag?post=25652"},{"taxonomy":"producproduct-categroyt-categroy","embeddable":true,"href":"https:\/\/printaberlin.de\/en\/wp-json\/wp\/v2\/producproduct-categroyt-categroy?post=25652"}],"curies":[{"name":"wp","href":"https:\/\/api.w.org\/{rel}","templated":true}]}}