{"id":25638,"date":"2025-03-11T17:53:34","date_gmt":"2025-03-11T17:53:34","guid":{"rendered":"https:\/\/printaberlin.de\/product\/hooded-sweatshirt\/"},"modified":"2025-09-21T20:36:24","modified_gmt":"2025-09-21T20:36:24","slug":"hooded-sweatshirt","status":"publish","type":"product","link":"https:\/\/printaberlin.de\/en\/product\/hooded-sweatshirt\/","title":{"rendered":"Hooded Sweatshirt"},"content":{"rendered":"<div class=\"mb-3\">\n<div class=\"wysiwyg lg:wysiwyg-lg\">\n<h3 data-start=\"0\" data-end=\"54\"><strong data-start=\"0\" data-end=\"54\">Hooded Sweatshirt: Modern und Bequem f\u00fcr Jeden Tag<\/strong><\/h3>\n<p class=\"\" data-start=\"56\" data-end=\"623\">Das <strong data-start=\"60\" data-end=\"81\">Hooded Sweatshirt<\/strong> ist die perfekte Wahl f\u00fcr alle, die ein bequemes, stilvolles und funktionales Sweatshirt suchen. Mit einem Gewicht von 295 g\/m\u00b2 und einer Mischung aus 50 % gek\u00e4mmter, ringgesponnener Baumwolle und 50 % Polyester, bietet dieses Sweatshirt sowohl Weichheit als auch Langlebigkeit. Der moderne, gerade Schnitt sorgt f\u00fcr eine trendige Passform und eine bequeme Silhouette. Erh\u00e4ltlich in den Gr\u00f6\u00dfen XS bis 2XL, ist es f\u00fcr verschiedene K\u00f6rpertypen geeignet und kommt in einer breiten Palette von Farben, sodass f\u00fcr jeden Geschmack etwas dabei ist.<\/p>\n<p class=\"\" data-start=\"625\" data-end=\"1163\">Das <strong data-start=\"629\" data-end=\"650\">Hooded Sweatshirt<\/strong> ist mit einer doppellagigen Kapuze ausgestattet, die durch einen <strong data-start=\"716\" data-end=\"730\">Cover Seam<\/strong> und einen robusten Kordelkanal eine gute Passform und zus\u00e4tzlichen Komfort bietet. Der <strong data-start=\"818\" data-end=\"844\">Herringbone Nackenband<\/strong> sorgt f\u00fcr zus\u00e4tzliche Stabilit\u00e4t und Komfort. Die <strong data-start=\"895\" data-end=\"920\">schlankeren Schultern<\/strong> und <strong data-start=\"925\" data-end=\"954\">enger geschnittenen \u00c4rmel<\/strong> verleihen dem Sweatshirt eine moderne, schlanke Silhouette. Eine <strong data-start=\"1020\" data-end=\"1037\">K\u00e4ngurutasche<\/strong> auf der Vorderseite sorgt f\u00fcr praktischen Stauraum, und die <strong data-start=\"1098\" data-end=\"1126\">doppelt gen\u00e4hten Kordeln<\/strong> unterstreichen das stilvolle Design.<\/p>\n<p class=\"\" data-start=\"1165\" data-end=\"1448\">Dieses Sweatshirt eignet sich hervorragend f\u00fcr <strong data-start=\"1212\" data-end=\"1234\">Personalisierungen<\/strong> mit <strong data-start=\"1239\" data-end=\"1248\">Druck<\/strong> oder <strong data-start=\"1254\" data-end=\"1267\">Stickerei<\/strong>. Die glatte Oberfl\u00e4che und die strapazierf\u00e4higen Materialien machen es zu einer ausgezeichneten Wahl f\u00fcr individuell gestaltete Kleidung f\u00fcr Unternehmen, Teams oder Werbegeschenke.<\/p>\n<h4 data-start=\"1450\" data-end=\"1489\"><strong data-start=\"1450\" data-end=\"1489\">Hauptmerkmale des Hooded Sweatshirt<\/strong><\/h4>\n<ul data-start=\"1491\" data-end=\"2163\">\n<li class=\"\" data-start=\"1491\" data-end=\"1577\">\n<p class=\"\" data-start=\"1493\" data-end=\"1577\"><strong data-start=\"1493\" data-end=\"1539\">50 % gek\u00e4mmte Baumwolle und 50 % Polyester<\/strong> f\u00fcr Komfort und Strapazierf\u00e4higkeit<\/p>\n<\/li>\n<li class=\"\" data-start=\"1578\" data-end=\"1662\">\n<p class=\"\" data-start=\"1580\" data-end=\"1662\"><strong data-start=\"1580\" data-end=\"1600\">295 g\/m\u00b2 Gewicht<\/strong> f\u00fcr eine perfekte Mischung aus Leichtigkeit und Haltbarkeit<\/p>\n<\/li>\n<li class=\"\" data-start=\"1663\" data-end=\"1740\">\n<p class=\"\" data-start=\"1665\" data-end=\"1740\"><strong data-start=\"1665\" data-end=\"1684\">Gerader Schnitt<\/strong> f\u00fcr eine moderne Passform und ein stilvolles Aussehen<\/p>\n<\/li>\n<li class=\"\" data-start=\"1741\" data-end=\"1818\">\n<p class=\"\" data-start=\"1743\" data-end=\"1818\"><strong data-start=\"1743\" data-end=\"1766\">Doppellagige Kapuze<\/strong> mit robustem Kordelkanal f\u00fcr zus\u00e4tzlichen Komfort<\/p>\n<\/li>\n<li class=\"\" data-start=\"1819\" data-end=\"1873\">\n<p class=\"\" data-start=\"1821\" data-end=\"1873\"><strong data-start=\"1821\" data-end=\"1847\">Herringbone Nackenband<\/strong> f\u00fcr Stabilit\u00e4t und Halt<\/p>\n<\/li>\n<li class=\"\" data-start=\"1874\" data-end=\"1954\">\n<p class=\"\" data-start=\"1876\" data-end=\"1954\"><strong data-start=\"1876\" data-end=\"1917\">Schlankere Schultern und engere \u00c4rmel<\/strong> f\u00fcr einen modernen, schlanken Look<\/p>\n<\/li>\n<li class=\"\" data-start=\"1955\" data-end=\"2001\">\n<p class=\"\" data-start=\"1957\" data-end=\"2001\"><strong data-start=\"1957\" data-end=\"1974\">K\u00e4ngurutasche<\/strong> f\u00fcr praktischen Stauraum<\/p>\n<\/li>\n<li class=\"\" data-start=\"2002\" data-end=\"2056\">\n<p class=\"\" data-start=\"2004\" data-end=\"2056\"><strong data-start=\"2004\" data-end=\"2029\">Flache, dicke Kordeln<\/strong> f\u00fcr einen eleganten Look<\/p>\n<\/li>\n<li class=\"\" data-start=\"2057\" data-end=\"2110\">\n<p class=\"\" data-start=\"2059\" data-end=\"2110\"><strong data-start=\"2059\" data-end=\"2069\">Gr\u00f6\u00dfen<\/strong>: XS bis 2XL f\u00fcr eine breite Zielgruppe<\/p>\n<\/li>\n<li class=\"\" data-start=\"2111\" data-end=\"2163\">\n<p class=\"\" data-start=\"2113\" data-end=\"2163\"><strong data-start=\"2113\" data-end=\"2141\">Waschbar bei bis zu 40\u00b0C<\/strong> f\u00fcr einfache Pflege<\/p>\n<\/li>\n<\/ul>\n<h4 data-start=\"2165\" data-end=\"2229\"><strong data-start=\"2165\" data-end=\"2229\">Individuelle Druckdienstleistungen f\u00fcr Ihr Hooded Sweatshirt<\/strong><\/h4>\n<p class=\"\" data-start=\"2231\" data-end=\"2423\">Verleihen Sie Ihrem <strong data-start=\"2251\" data-end=\"2272\">Hooded Sweatshirt<\/strong> eine pers\u00f6nliche Note mit unseren professionellen <strong data-start=\"2323\" data-end=\"2348\">Druckdienstleistungen<\/strong>. W\u00e4hlen Sie aus verschiedenen Techniken, um Ihr Design perfekt umzusetzen:<\/p>\n<ul data-start=\"2425\" data-end=\"2621\">\n<li class=\"\" data-start=\"2425\" data-end=\"2483\">\n<p class=\"\" data-start=\"2427\" data-end=\"2483\"><strong data-start=\"2427\" data-end=\"2440\">DTF-Druck<\/strong>: Ideal f\u00fcr lebendige, langlebige Designs<\/p>\n<\/li>\n<li class=\"\" data-start=\"2484\" data-end=\"2545\">\n<p class=\"\" data-start=\"2486\" data-end=\"2545\"><strong data-start=\"2486\" data-end=\"2499\">Siebdruck<\/strong>: Perfekt f\u00fcr gro\u00dffl\u00e4chige, kr\u00e4ftige Designs<\/p>\n<\/li>\n<li class=\"\" data-start=\"2546\" data-end=\"2621\">\n<p class=\"\" data-start=\"2548\" data-end=\"2621\"><strong data-start=\"2548\" data-end=\"2561\">Stickerei<\/strong>: Verleiht Ihrem Sweatshirt eine edle und hochwertige Note<\/p>\n<\/li>\n<\/ul>\n<h4 data-start=\"2623\" data-end=\"2662\"><strong data-start=\"2623\" data-end=\"2662\">Warum das Hooded Sweatshirt w\u00e4hlen?<\/strong><\/h4>\n<p class=\"\" data-start=\"2664\" data-end=\"3033\">Das <strong data-start=\"2668\" data-end=\"2689\">Hooded Sweatshirt<\/strong> bietet nicht nur eine hervorragende Passform und \u00fcberragenden Komfort, sondern auch eine perfekte Grundlage f\u00fcr <strong data-start=\"2802\" data-end=\"2811\">Druck<\/strong> und <strong data-start=\"2816\" data-end=\"2829\">Stickerei<\/strong>. Die Kombination aus hochwertiger Baumwolle und Polyester macht es strapazierf\u00e4hig und angenehm zu tragen. Nutzen Sie unsere <strong data-start=\"2955\" data-end=\"2980\">Druckdienstleistungen<\/strong>, um das Sweatshirt nach Ihren W\u00fcnschen zu gestalten.<\/p>\n<\/div>\n<p data-start=\"737\" data-end=\"1165\" data-is-last-node=\"\" data-is-only-node=\"\"><img decoding=\"async\" class=\"alignnone wp-image-7677\" src=\"https:\/\/printaberlin.de\/staging\/2315\/wp-content\/uploads\/2025\/03\/OEKOTEXRUSSELL-300x249.png\" alt=\"\" width=\"76\" height=\"63\" srcset=\"https:\/\/printaberlin.de\/wp-content\/uploads\/2025\/03\/OEKOTEXRUSSELL-300x249.png 300w, https:\/\/printaberlin.de\/wp-content\/uploads\/2025\/03\/OEKOTEXRUSSELL-768x637.png 768w, https:\/\/printaberlin.de\/wp-content\/uploads\/2025\/03\/OEKOTEXRUSSELL-260x216.png 260w, https:\/\/printaberlin.de\/wp-content\/uploads\/2025\/03\/OEKOTEXRUSSELL-500x415.png 500w, https:\/\/printaberlin.de\/wp-content\/uploads\/2025\/03\/OEKOTEXRUSSELL.png 835w\" sizes=\"(max-width: 76px) 100vw, 76px\" \/><\/p>\n<\/div>\n<div class=\"mb-3\">\n<div class=\"child-p:mb-2 last:child-p:mb-0\">\n<div class=\"child-p:mb-2 last:child-p:mb-0\"><\/div>\n<\/div>\n<\/div>\n","protected":false},"excerpt":{"rendered":"<p>Sweatshirt mit doppellagiger Kapuze, K\u00e4ngurutasche, ideal f\u00fcr Druck und mehr.<br \/>\n<strong>By Russel<\/strong><\/p>\n","protected":false},"featured_media":26400,"comment_status":"open","ping_status":"closed","template":"","meta":{"nf_dc_page":""},"product_brand":[193],"product_cat":[434],"product_tag":[435],"producproduct-categroyt-categroy":[],"class_list":{"0":"post-25638","1":"product","2":"type-product","3":"status-publish","4":"has-post-thumbnail","6":"product_brand-russel","7":"product_cat-pullover-bedrucken","8":"product_tag-unisexmen","10":"first","11":"instock","12":"shipping-taxable","13":"purchasable","14":"product-type-variable","15":"has-default-attributes","16":"wvs-archive-product-wrapper"},"yoast_head":"<!-- This site is optimized with the Yoast SEO Premium plugin v24.6 (Yoast SEO v27.4) - https:\/\/yoast.com\/product\/yoast-seo-premium-wordpress\/ -->\n<title>Hooded Sweatshirt by Russell | Personalized Printing Available | Printa Berlin | Textilien und T-Shirts Bedrucken<\/title>\n<meta name=\"description\" content=\"Get the Hooded Sweatshirt by Russell, made from a soft cotton-polyester blend for comfort and durability. Personalize with high-quality prints.\" \/>\n<meta name=\"robots\" content=\"index, follow, max-snippet:-1, max-image-preview:large, max-video-preview:-1\" \/>\n<link rel=\"canonical\" href=\"https:\/\/printaberlin.de\/en\/product\/hooded-sweatshirt\/\" \/>\n<meta property=\"og:locale\" content=\"en_US\" \/>\n<meta property=\"og:type\" content=\"article\" \/>\n<meta property=\"og:title\" content=\"Hooded Sweatshirt\" \/>\n<meta property=\"og:description\" content=\"Get the Hooded Sweatshirt by Russell, made from a soft cotton-polyester blend for comfort and durability. Personalize with high-quality prints.\" \/>\n<meta property=\"og:url\" content=\"https:\/\/printaberlin.de\/en\/product\/hooded-sweatshirt\/\" \/>\n<meta property=\"og:site_name\" content=\"Printa Berlin | Textilien und T-Shirts Bedrucken\" \/>\n<meta property=\"article:modified_time\" content=\"2025-09-21T20:36:24+00:00\" \/>\n<meta property=\"og:image\" content=\"https:\/\/printaberlin.de\/wp-content\/uploads\/2025\/09\/5678567856.png\" \/>\n\t<meta property=\"og:image:width\" content=\"292\" \/>\n\t<meta property=\"og:image:height\" content=\"365\" \/>\n\t<meta property=\"og:image:type\" content=\"image\/png\" \/>\n<meta name=\"twitter:card\" content=\"summary_large_image\" \/>\n<meta name=\"twitter:label1\" content=\"Availability\" \/>\n\t<meta name=\"twitter:data1\" content=\"In stock\" \/>\n<script type=\"application\/ld+json\" class=\"yoast-schema-graph\">{\"@context\":\"https:\\\/\\\/schema.org\",\"@graph\":[{\"@type\":\"WebPage\",\"@id\":\"https:\\\/\\\/printaberlin.de\\\/en\\\/product\\\/hooded-sweatshirt\\\/\",\"url\":\"https:\\\/\\\/printaberlin.de\\\/en\\\/product\\\/hooded-sweatshirt\\\/\",\"name\":\"Hooded Sweatshirt by Russell | Personalized Printing Available | Printa Berlin | Textilien und T-Shirts Bedrucken\",\"isPartOf\":{\"@id\":\"https:\\\/\\\/printaberlin.de\\\/en\\\/#website\"},\"primaryImageOfPage\":{\"@id\":\"https:\\\/\\\/printaberlin.de\\\/en\\\/product\\\/hooded-sweatshirt\\\/#primaryimage\"},\"image\":{\"@id\":\"https:\\\/\\\/printaberlin.de\\\/en\\\/product\\\/hooded-sweatshirt\\\/#primaryimage\"},\"thumbnailUrl\":\"https:\\\/\\\/printaberlin.de\\\/wp-content\\\/uploads\\\/2025\\\/09\\\/5678567856.png\",\"datePublished\":\"2025-03-11T17:53:34+00:00\",\"dateModified\":\"2025-09-21T20:36:24+00:00\",\"description\":\"Get the Hooded Sweatshirt by Russell, made from a soft cotton-polyester blend for comfort and durability. Personalize with high-quality prints.\",\"breadcrumb\":{\"@id\":\"https:\\\/\\\/printaberlin.de\\\/en\\\/product\\\/hooded-sweatshirt\\\/#breadcrumb\"},\"inLanguage\":\"en-US\",\"potentialAction\":[{\"@type\":\"ReadAction\",\"target\":[\"https:\\\/\\\/printaberlin.de\\\/en\\\/product\\\/hooded-sweatshirt\\\/\"]}]},{\"@type\":\"ImageObject\",\"inLanguage\":\"en-US\",\"@id\":\"https:\\\/\\\/printaberlin.de\\\/en\\\/product\\\/hooded-sweatshirt\\\/#primaryimage\",\"url\":\"https:\\\/\\\/printaberlin.de\\\/wp-content\\\/uploads\\\/2025\\\/09\\\/5678567856.png\",\"contentUrl\":\"https:\\\/\\\/printaberlin.de\\\/wp-content\\\/uploads\\\/2025\\\/09\\\/5678567856.png\",\"width\":292,\"height\":365},{\"@type\":\"BreadcrumbList\",\"@id\":\"https:\\\/\\\/printaberlin.de\\\/en\\\/product\\\/hooded-sweatshirt\\\/#breadcrumb\",\"itemListElement\":[{\"@type\":\"ListItem\",\"position\":1,\"name\":\"Home\",\"item\":\"https:\\\/\\\/printaberlin.de\\\/en\\\/\"},{\"@type\":\"ListItem\",\"position\":2,\"name\":\"Shop\",\"item\":\"https:\\\/\\\/printaberlin.de\\\/en\\\/shop\\\/\"},{\"@type\":\"ListItem\",\"position\":3,\"name\":\"Hooded Sweatshirt\"}]},{\"@type\":\"WebSite\",\"@id\":\"https:\\\/\\\/printaberlin.de\\\/en\\\/#website\",\"url\":\"https:\\\/\\\/printaberlin.de\\\/en\\\/\",\"name\":\"Printa Berlin | Textilien und T-Shirts Bedrucken\",\"description\":\"Entdecken Sie Printa Berlin \u2013 Ihr Experte f\u00fcr personalisierten Druck! T-Shirts, Poloshirts, Hoodies, Sweatshirts, Taschen, Caps und mehr.\",\"publisher\":{\"@id\":\"https:\\\/\\\/printaberlin.de\\\/en\\\/#organization\"},\"potentialAction\":[{\"@type\":\"SearchAction\",\"target\":{\"@type\":\"EntryPoint\",\"urlTemplate\":\"https:\\\/\\\/printaberlin.de\\\/en\\\/?s={search_term_string}\"},\"query-input\":{\"@type\":\"PropertyValueSpecification\",\"valueRequired\":true,\"valueName\":\"search_term_string\"}}],\"inLanguage\":\"en-US\"},{\"@type\":\"Organization\",\"@id\":\"https:\\\/\\\/printaberlin.de\\\/en\\\/#organization\",\"name\":\"Printa Berlin\",\"url\":\"https:\\\/\\\/printaberlin.de\\\/en\\\/\",\"logo\":{\"@type\":\"ImageObject\",\"inLanguage\":\"en-US\",\"@id\":\"https:\\\/\\\/printaberlin.de\\\/en\\\/#\\\/schema\\\/logo\\\/image\\\/\",\"url\":\"https:\\\/\\\/printaberlin.de\\\/wp-content\\\/uploads\\\/2025\\\/03\\\/csdsdcdsc.png\",\"contentUrl\":\"https:\\\/\\\/printaberlin.de\\\/wp-content\\\/uploads\\\/2025\\\/03\\\/csdsdcdsc.png\",\"width\":512,\"height\":512,\"caption\":\"Printa Berlin\"},\"image\":{\"@id\":\"https:\\\/\\\/printaberlin.de\\\/en\\\/#\\\/schema\\\/logo\\\/image\\\/\"},\"sameAs\":[\"https:\\\/\\\/www.instagram.com\\\/printaberlin\\\/\"]}]}<\/script>\n<meta property=\"og:availability\" content=\"instock\" \/>\n<meta property=\"product:availability\" content=\"instock\" \/>\n<meta property=\"product:retailer_item_id\" content=\"PR18\" \/>\n<meta property=\"product:condition\" content=\"new\" \/>\n<!-- \/ Yoast SEO Premium plugin. -->","yoast_head_json":{"title":"Hooded Sweatshirt by Russell | Personalized Printing Available | Printa Berlin | Textilien und T-Shirts Bedrucken","description":"Get the Hooded Sweatshirt by Russell, made from a soft cotton-polyester blend for comfort and durability. Personalize with high-quality prints.","robots":{"index":"index","follow":"follow","max-snippet":"max-snippet:-1","max-image-preview":"max-image-preview:large","max-video-preview":"max-video-preview:-1"},"canonical":"https:\/\/printaberlin.de\/en\/product\/hooded-sweatshirt\/","og_locale":"en_US","og_type":"article","og_title":"Hooded Sweatshirt","og_description":"Get the Hooded Sweatshirt by Russell, made from a soft cotton-polyester blend for comfort and durability. Personalize with high-quality prints.","og_url":"https:\/\/printaberlin.de\/en\/product\/hooded-sweatshirt\/","og_site_name":"Printa Berlin | Textilien und T-Shirts Bedrucken","article_modified_time":"2025-09-21T20:36:24+00:00","og_image":[{"width":292,"height":365,"url":"https:\/\/printaberlin.de\/wp-content\/uploads\/2025\/09\/5678567856.png","type":"image\/png"}],"twitter_card":"summary_large_image","twitter_misc":{"Availability":"In stock"},"schema":{"@context":"https:\/\/schema.org","@graph":[{"@type":"WebPage","@id":"https:\/\/printaberlin.de\/en\/product\/hooded-sweatshirt\/","url":"https:\/\/printaberlin.de\/en\/product\/hooded-sweatshirt\/","name":"Hooded Sweatshirt by Russell | Personalized Printing Available | Printa Berlin | Textilien und T-Shirts Bedrucken","isPartOf":{"@id":"https:\/\/printaberlin.de\/en\/#website"},"primaryImageOfPage":{"@id":"https:\/\/printaberlin.de\/en\/product\/hooded-sweatshirt\/#primaryimage"},"image":{"@id":"https:\/\/printaberlin.de\/en\/product\/hooded-sweatshirt\/#primaryimage"},"thumbnailUrl":"https:\/\/printaberlin.de\/wp-content\/uploads\/2025\/09\/5678567856.png","datePublished":"2025-03-11T17:53:34+00:00","dateModified":"2025-09-21T20:36:24+00:00","description":"Get the Hooded Sweatshirt by Russell, made from a soft cotton-polyester blend for comfort and durability. Personalize with high-quality prints.","breadcrumb":{"@id":"https:\/\/printaberlin.de\/en\/product\/hooded-sweatshirt\/#breadcrumb"},"inLanguage":"en-US","potentialAction":[{"@type":"ReadAction","target":["https:\/\/printaberlin.de\/en\/product\/hooded-sweatshirt\/"]}]},{"@type":"ImageObject","inLanguage":"en-US","@id":"https:\/\/printaberlin.de\/en\/product\/hooded-sweatshirt\/#primaryimage","url":"https:\/\/printaberlin.de\/wp-content\/uploads\/2025\/09\/5678567856.png","contentUrl":"https:\/\/printaberlin.de\/wp-content\/uploads\/2025\/09\/5678567856.png","width":292,"height":365},{"@type":"BreadcrumbList","@id":"https:\/\/printaberlin.de\/en\/product\/hooded-sweatshirt\/#breadcrumb","itemListElement":[{"@type":"ListItem","position":1,"name":"Home","item":"https:\/\/printaberlin.de\/en\/"},{"@type":"ListItem","position":2,"name":"Shop","item":"https:\/\/printaberlin.de\/en\/shop\/"},{"@type":"ListItem","position":3,"name":"Hooded Sweatshirt"}]},{"@type":"WebSite","@id":"https:\/\/printaberlin.de\/en\/#website","url":"https:\/\/printaberlin.de\/en\/","name":"Printa Berlin | Textilien und T-Shirts Bedrucken","description":"Entdecken Sie Printa Berlin \u2013 Ihr Experte f\u00fcr personalisierten Druck! T-Shirts, Poloshirts, Hoodies, Sweatshirts, Taschen, Caps und mehr.","publisher":{"@id":"https:\/\/printaberlin.de\/en\/#organization"},"potentialAction":[{"@type":"SearchAction","target":{"@type":"EntryPoint","urlTemplate":"https:\/\/printaberlin.de\/en\/?s={search_term_string}"},"query-input":{"@type":"PropertyValueSpecification","valueRequired":true,"valueName":"search_term_string"}}],"inLanguage":"en-US"},{"@type":"Organization","@id":"https:\/\/printaberlin.de\/en\/#organization","name":"Printa Berlin","url":"https:\/\/printaberlin.de\/en\/","logo":{"@type":"ImageObject","inLanguage":"en-US","@id":"https:\/\/printaberlin.de\/en\/#\/schema\/logo\/image\/","url":"https:\/\/printaberlin.de\/wp-content\/uploads\/2025\/03\/csdsdcdsc.png","contentUrl":"https:\/\/printaberlin.de\/wp-content\/uploads\/2025\/03\/csdsdcdsc.png","width":512,"height":512,"caption":"Printa Berlin"},"image":{"@id":"https:\/\/printaberlin.de\/en\/#\/schema\/logo\/image\/"},"sameAs":["https:\/\/www.instagram.com\/printaberlin\/"]}]},"og_availability":"instock","product_availability":"instock","product_retailer_item_id":"PR18","product_condition":"new"},"_links":{"self":[{"href":"https:\/\/printaberlin.de\/en\/wp-json\/wp\/v2\/product\/25638","targetHints":{"allow":["GET"]}}],"collection":[{"href":"https:\/\/printaberlin.de\/en\/wp-json\/wp\/v2\/product"}],"about":[{"href":"https:\/\/printaberlin.de\/en\/wp-json\/wp\/v2\/types\/product"}],"replies":[{"embeddable":true,"href":"https:\/\/printaberlin.de\/en\/wp-json\/wp\/v2\/comments?post=25638"}],"wp:featuredmedia":[{"embeddable":true,"href":"https:\/\/printaberlin.de\/en\/wp-json\/wp\/v2\/media\/26400"}],"wp:attachment":[{"href":"https:\/\/printaberlin.de\/en\/wp-json\/wp\/v2\/media?parent=25638"}],"wp:term":[{"taxonomy":"product_brand","embeddable":true,"href":"https:\/\/printaberlin.de\/en\/wp-json\/wp\/v2\/product_brand?post=25638"},{"taxonomy":"product_cat","embeddable":true,"href":"https:\/\/printaberlin.de\/en\/wp-json\/wp\/v2\/product_cat?post=25638"},{"taxonomy":"product_tag","embeddable":true,"href":"https:\/\/printaberlin.de\/en\/wp-json\/wp\/v2\/product_tag?post=25638"},{"taxonomy":"producproduct-categroyt-categroy","embeddable":true,"href":"https:\/\/printaberlin.de\/en\/wp-json\/wp\/v2\/producproduct-categroyt-categroy?post=25638"}],"curies":[{"name":"wp","href":"https:\/\/api.w.org\/{rel}","templated":true}]}}