{"id":25621,"date":"2025-03-11T18:00:11","date_gmt":"2025-03-11T18:00:11","guid":{"rendered":"https:\/\/printaberlin.de\/product\/full-zip-sweatshirt\/"},"modified":"2025-09-21T20:36:23","modified_gmt":"2025-09-21T20:36:23","slug":"full-zip-sweatshirt","status":"publish","type":"product","link":"https:\/\/printaberlin.de\/en\/product\/full-zip-sweatshirt\/","title":{"rendered":"Heavy Blend Full Zip"},"content":{"rendered":"<div class=\"mb-3\">\n<h3 data-start=\"0\" data-end=\"71\"><strong data-start=\"0\" data-end=\"71\">Full Zip Sweatshirt: Komfort, Langlebigkeit und Anpassungsf\u00e4higkeit<\/strong><\/h3>\n<p class=\"\" data-start=\"73\" data-end=\"681\">Das <strong data-start=\"77\" data-end=\"100\">Full Zip Sweatshirt<\/strong> von Gildan\u00ae ist die perfekte Wahl f\u00fcr alle, die ein bequemes, funktionales und langlebiges Sweatshirt suchen. Mit einem Gewicht von 8 oz\/yd\u00b2 (ca. 270 g\/m\u00b2) und einer Mischung aus 50 % US-Baumwolle und 50 % Polyester, bietet dieses Sweatshirt den idealen Mix aus Komfort und Strapazierf\u00e4higkeit. Die <strong data-start=\"400\" data-end=\"415\">Heavy Blend<\/strong>-Kollektion nutzt feinere Garne und neue MVS Air Spinntechnologie, die das Gewebe verbessert, Pilling reduziert und die Haltbarkeit erh\u00f6ht. Das Ergebnis ist ein angenehm zu tragendes Sweatshirt, das auch eine glatte Oberfl\u00e4che f\u00fcr <strong data-start=\"646\" data-end=\"655\">Druck<\/strong> und <strong data-start=\"660\" data-end=\"673\">Stickerei<\/strong> bietet.<\/p>\n<p class=\"\" data-start=\"683\" data-end=\"1277\">Das <strong data-start=\"687\" data-end=\"710\">Sweatshirt<\/strong> verf\u00fcgt \u00fcber eine <strong data-start=\"729\" data-end=\"752\">ungef\u00fctterte Kapuze<\/strong> mit Kordelzug in passender Farbe und einen stabilen <strong data-start=\"805\" data-end=\"829\">Metallrei\u00dfverschluss<\/strong>. Die <strong data-start=\"835\" data-end=\"881\">\u00fcberlappende Stoffpartie am Rei\u00dfverschluss<\/strong> erm\u00f6glicht eine vollst\u00e4ndige Bedruckung der Vorderseite. Es hat <strong data-start=\"946\" data-end=\"963\">Pouch-Taschen<\/strong> f\u00fcr praktischen Stauraum und ist mit einem <strong data-start=\"1007\" data-end=\"1025\">1&#215;1-Rippstrick<\/strong> mit Spandex am Saum und an den \u00c4rmelb\u00fcndchen ausgestattet, was f\u00fcr zus\u00e4tzlichen Komfort und Flexibilit\u00e4t sorgt. Das klassische Design mit nahtlosem K\u00f6rper und die klassische Passform machen es zu einem vielseitigen Kleidungsst\u00fcck f\u00fcr jede Gelegenheit.<\/p>\n<p class=\"\" data-start=\"1279\" data-end=\"1524\">Verf\u00fcgbar in den Gr\u00f6\u00dfen S bis 5XL, eignet sich das <strong data-start=\"1330\" data-end=\"1353\">Full Zip Sweatshirt<\/strong> ideal f\u00fcr <strong data-start=\"1364\" data-end=\"1386\">Personalisierungen<\/strong> mit <strong data-start=\"1391\" data-end=\"1404\">DTF-Druck<\/strong>, <strong data-start=\"1406\" data-end=\"1419\">Siebdruck<\/strong> oder <strong data-start=\"1425\" data-end=\"1438\">Stickerei<\/strong>, wodurch es eine ausgezeichnete Wahl f\u00fcr Teams, Unternehmen oder Veranstaltungen ist.<\/p>\n<h4 data-start=\"1526\" data-end=\"1567\"><strong data-start=\"1526\" data-end=\"1567\">Hauptmerkmale des Full Zip Sweatshirt<\/strong><\/h4>\n<ul data-start=\"1569\" data-end=\"2367\">\n<li class=\"\" data-start=\"1569\" data-end=\"1643\">\n<p class=\"\" data-start=\"1571\" data-end=\"1643\"><strong data-start=\"1571\" data-end=\"1611\">50 % US-Baumwolle und 50 % Polyester<\/strong> f\u00fcr Komfort und Langlebigkeit<\/p>\n<\/li>\n<li class=\"\" data-start=\"1644\" data-end=\"1739\">\n<p class=\"\" data-start=\"1646\" data-end=\"1739\"><strong data-start=\"1646\" data-end=\"1666\">8 oz\/yd\u00b2 Gewicht<\/strong> (270 g\/m\u00b2) f\u00fcr eine perfekte Mischung aus Leichtigkeit und Haltbarkeit<\/p>\n<\/li>\n<li class=\"\" data-start=\"1740\" data-end=\"1825\">\n<p class=\"\" data-start=\"1742\" data-end=\"1825\"><strong data-start=\"1742\" data-end=\"1765\">Ungef\u00fctterte Kapuze<\/strong> mit Kordelzug in passender Farbe f\u00fcr zus\u00e4tzlichen Komfort<\/p>\n<\/li>\n<li class=\"\" data-start=\"1826\" data-end=\"1901\">\n<p class=\"\" data-start=\"1828\" data-end=\"1901\"><strong data-start=\"1828\" data-end=\"1852\">Metallrei\u00dfverschluss<\/strong> f\u00fcr einfache Handhabung und langlebige Nutzung<\/p>\n<\/li>\n<li class=\"\" data-start=\"1902\" data-end=\"1980\">\n<p class=\"\" data-start=\"1904\" data-end=\"1980\"><strong data-start=\"1904\" data-end=\"1932\">\u00dcberlappende Stoffpartie<\/strong> am Rei\u00dfverschluss f\u00fcr vollst\u00e4ndige Bedruckung<\/p>\n<\/li>\n<li class=\"\" data-start=\"1981\" data-end=\"2027\">\n<p class=\"\" data-start=\"1983\" data-end=\"2027\"><strong data-start=\"1983\" data-end=\"2000\">Pouch-Taschen<\/strong> f\u00fcr praktischen Stauraum<\/p>\n<\/li>\n<li class=\"\" data-start=\"2028\" data-end=\"2112\">\n<p class=\"\" data-start=\"2030\" data-end=\"2112\"><strong data-start=\"2030\" data-end=\"2060\">1&#215;1-Rippstrick mit Spandex<\/strong> f\u00fcr verbesserte Dehnbarkeit und Formbest\u00e4ndigkeit<\/p>\n<\/li>\n<li class=\"\" data-start=\"2113\" data-end=\"2189\">\n<p class=\"\" data-start=\"2115\" data-end=\"2189\"><strong data-start=\"2115\" data-end=\"2138\">Klassische Passform<\/strong> mit nahtlosem K\u00f6rper f\u00fcr eine bequeme Silhouette<\/p>\n<\/li>\n<li class=\"\" data-start=\"2190\" data-end=\"2242\">\n<p class=\"\" data-start=\"2192\" data-end=\"2242\"><strong data-start=\"2192\" data-end=\"2202\">Gr\u00f6\u00dfen<\/strong>: S bis 5XL f\u00fcr eine breite Zielgruppe<\/p>\n<\/li>\n<li class=\"\" data-start=\"2243\" data-end=\"2314\">\n<p class=\"\" data-start=\"2245\" data-end=\"2314\"><strong data-start=\"2245\" data-end=\"2282\">OEKO-TEX-zertifizierte Farbstoffe<\/strong> f\u00fcr umweltfreundliche F\u00e4rbung<\/p>\n<\/li>\n<li class=\"\" data-start=\"2315\" data-end=\"2367\">\n<p class=\"\" data-start=\"2317\" data-end=\"2367\"><strong data-start=\"2317\" data-end=\"2345\">Waschbar bei bis zu 40\u00b0C<\/strong> f\u00fcr einfache Pflege<\/p>\n<\/li>\n<\/ul>\n<h4 data-start=\"2369\" data-end=\"2435\"><strong data-start=\"2369\" data-end=\"2435\">Individuelle Druckdienstleistungen f\u00fcr Ihr Full Zip Sweatshirt<\/strong><\/h4>\n<p class=\"\" data-start=\"2437\" data-end=\"2616\">Verleihen Sie Ihrem. <strong data-start=\"2457\" data-end=\"2480\">Sweatshirt<\/strong> eine pers\u00f6nliche Note mit unseren professionellen <strong data-start=\"2531\" data-end=\"2556\">Druckdienstleistungen<\/strong>. Wir bieten mehrere Techniken an, um Ihr Design umzusetzen:<\/p>\n<ul data-start=\"2618\" data-end=\"2814\">\n<li class=\"\" data-start=\"2618\" data-end=\"2676\">\n<p class=\"\" data-start=\"2620\" data-end=\"2676\"><strong data-start=\"2620\" data-end=\"2633\">DTF-Druck<\/strong>: Ideal f\u00fcr lebendige, langlebige Designs<\/p>\n<\/li>\n<li class=\"\" data-start=\"2677\" data-end=\"2738\">\n<p class=\"\" data-start=\"2679\" data-end=\"2738\"><strong data-start=\"2679\" data-end=\"2692\">Siebdruck<\/strong>: Perfekt f\u00fcr gro\u00dffl\u00e4chige, kr\u00e4ftige Designs<\/p>\n<\/li>\n<li class=\"\" data-start=\"2739\" data-end=\"2814\">\n<p class=\"\" data-start=\"2741\" data-end=\"2814\"><strong data-start=\"2741\" data-end=\"2754\">Stickerei<\/strong>: Verleiht Ihrem Sweatshirt eine edle und hochwertige Note<\/p>\n<\/li>\n<\/ul>\n<h4 data-start=\"2816\" data-end=\"2857\"><strong data-start=\"2816\" data-end=\"2857\">Warum das Full Zip Sweatshirt w\u00e4hlen?<\/strong><\/h4>\n<p class=\"\" data-start=\"2859\" data-end=\"3246\">Das <strong data-start=\"2863\" data-end=\"2886\">Full Zip Sweatshirt<\/strong> bietet nicht nur hervorragenden Komfort, sondern auch eine gro\u00dfartige Basis f\u00fcr <strong data-start=\"2967\" data-end=\"2976\">Druck<\/strong> und <strong data-start=\"2981\" data-end=\"2994\">Stickerei<\/strong>. Mit seiner weichen Oberfl\u00e4che, der robusten Verarbeitung und den praktischen Features ist es die ideale Wahl f\u00fcr personalisierte Kleidung, Teams oder Werbegeschenke. Nutzen Sie unsere <strong data-start=\"3180\" data-end=\"3205\">Druckdienstleistungen<\/strong>, um Ihr Design einzigartig zu gestalten.<\/p>\n<p data-start=\"737\" data-end=\"1165\" data-is-last-node=\"\" data-is-only-node=\"\"><img decoding=\"async\" class=\"alignnone size-medium wp-image-7421\" src=\"https:\/\/printaberlin.de\/staging\/2315\/wp-content\/uploads\/2025\/02\/ecc-300x57.png\" alt=\"\" width=\"300\" height=\"57\" srcset=\"https:\/\/printaberlin.de\/wp-content\/uploads\/2025\/02\/ecc-300x57.png 300w, https:\/\/printaberlin.de\/wp-content\/uploads\/2025\/02\/ecc-260x49.png 260w, https:\/\/printaberlin.de\/wp-content\/uploads\/2025\/02\/ecc-500x95.png 500w, https:\/\/printaberlin.de\/wp-content\/uploads\/2025\/02\/ecc.png 692w\" sizes=\"(max-width: 300px) 100vw, 300px\" \/><\/p>\n<\/div>\n<div class=\"mb-3\">\n<div class=\"child-p:mb-2 last:child-p:mb-0\">\n<div class=\"child-p:mb-2 last:child-p:mb-0\"><\/div>\n<\/div>\n<\/div>\n","protected":false},"excerpt":{"rendered":"<p>Klassisches Sweatshirt mit Rei\u00dfverschluss, Pouch-Taschen, ideal f\u00fcr Druck und mehr.<br \/>\n<strong>By Gildan<\/strong><\/p>\n","protected":false},"featured_media":26402,"comment_status":"open","ping_status":"closed","template":"","meta":{"nf_dc_page":""},"product_brand":[47],"product_cat":[434],"product_tag":[430],"producproduct-categroyt-categroy":[],"class_list":{"0":"post-25621","1":"product","2":"type-product","3":"status-publish","4":"has-post-thumbnail","6":"product_brand-gildan","7":"product_cat-pullover-bedrucken","8":"product_tag-unisex","10":"first","11":"instock","12":"shipping-taxable","13":"purchasable","14":"product-type-variable","15":"has-default-attributes","16":"wvs-archive-product-wrapper"},"yoast_head":"<!-- This site is optimized with the Yoast SEO Premium plugin v24.6 (Yoast SEO v27.4) - https:\/\/yoast.com\/product\/yoast-seo-premium-wordpress\/ -->\n<title>Full Zip Sweatshirt by Gildan | Printa Berlin | Textilien und T-Shirts Bedrucken<\/title>\n<meta name=\"description\" content=\"Das Full Zip Sweatshirt aus 50 % Baumwolle bietet Komfort und Langlebigkeit. Personalisieren Sie es mit DTF-Druck, Siebdruck oder Stickerei.\" \/>\n<meta name=\"robots\" content=\"index, follow, max-snippet:-1, max-image-preview:large, max-video-preview:-1\" \/>\n<link rel=\"canonical\" href=\"https:\/\/printaberlin.de\/en\/product\/full-zip-sweatshirt\/\" \/>\n<meta property=\"og:locale\" content=\"en_US\" \/>\n<meta property=\"og:type\" content=\"article\" \/>\n<meta property=\"og:title\" content=\"Heavy Blend Full Zip\" \/>\n<meta property=\"og:description\" content=\"Das Full Zip Sweatshirt aus 50 % Baumwolle bietet Komfort und Langlebigkeit. Personalisieren Sie es mit DTF-Druck, Siebdruck oder Stickerei.\" \/>\n<meta property=\"og:url\" content=\"https:\/\/printaberlin.de\/en\/product\/full-zip-sweatshirt\/\" \/>\n<meta property=\"og:site_name\" content=\"Printa Berlin | Textilien und T-Shirts Bedrucken\" \/>\n<meta property=\"article:modified_time\" content=\"2025-09-21T20:36:23+00:00\" \/>\n<meta property=\"og:image\" content=\"https:\/\/printaberlin.de\/wp-content\/uploads\/2025\/09\/56785678.png\" \/>\n\t<meta property=\"og:image:width\" content=\"292\" \/>\n\t<meta property=\"og:image:height\" content=\"365\" \/>\n\t<meta property=\"og:image:type\" content=\"image\/png\" \/>\n<meta name=\"twitter:card\" content=\"summary_large_image\" \/>\n<meta name=\"twitter:label1\" content=\"Availability\" \/>\n\t<meta name=\"twitter:data1\" content=\"In stock\" \/>\n<script type=\"application\/ld+json\" class=\"yoast-schema-graph\">{\"@context\":\"https:\\\/\\\/schema.org\",\"@graph\":[{\"@type\":\"WebPage\",\"@id\":\"https:\\\/\\\/printaberlin.de\\\/en\\\/product\\\/full-zip-sweatshirt\\\/\",\"url\":\"https:\\\/\\\/printaberlin.de\\\/en\\\/product\\\/full-zip-sweatshirt\\\/\",\"name\":\"Full Zip Sweatshirt by Gildan | Printa Berlin | Textilien und T-Shirts Bedrucken\",\"isPartOf\":{\"@id\":\"https:\\\/\\\/printaberlin.de\\\/en\\\/#website\"},\"primaryImageOfPage\":{\"@id\":\"https:\\\/\\\/printaberlin.de\\\/en\\\/product\\\/full-zip-sweatshirt\\\/#primaryimage\"},\"image\":{\"@id\":\"https:\\\/\\\/printaberlin.de\\\/en\\\/product\\\/full-zip-sweatshirt\\\/#primaryimage\"},\"thumbnailUrl\":\"https:\\\/\\\/printaberlin.de\\\/wp-content\\\/uploads\\\/2025\\\/09\\\/56785678.png\",\"datePublished\":\"2025-03-11T18:00:11+00:00\",\"dateModified\":\"2025-09-21T20:36:23+00:00\",\"description\":\"Das Full Zip Sweatshirt aus 50 % Baumwolle bietet Komfort und Langlebigkeit. Personalisieren Sie es mit DTF-Druck, Siebdruck oder Stickerei.\",\"breadcrumb\":{\"@id\":\"https:\\\/\\\/printaberlin.de\\\/en\\\/product\\\/full-zip-sweatshirt\\\/#breadcrumb\"},\"inLanguage\":\"en-US\",\"potentialAction\":[{\"@type\":\"ReadAction\",\"target\":[\"https:\\\/\\\/printaberlin.de\\\/en\\\/product\\\/full-zip-sweatshirt\\\/\"]}]},{\"@type\":\"ImageObject\",\"inLanguage\":\"en-US\",\"@id\":\"https:\\\/\\\/printaberlin.de\\\/en\\\/product\\\/full-zip-sweatshirt\\\/#primaryimage\",\"url\":\"https:\\\/\\\/printaberlin.de\\\/wp-content\\\/uploads\\\/2025\\\/09\\\/56785678.png\",\"contentUrl\":\"https:\\\/\\\/printaberlin.de\\\/wp-content\\\/uploads\\\/2025\\\/09\\\/56785678.png\",\"width\":292,\"height\":365},{\"@type\":\"BreadcrumbList\",\"@id\":\"https:\\\/\\\/printaberlin.de\\\/en\\\/product\\\/full-zip-sweatshirt\\\/#breadcrumb\",\"itemListElement\":[{\"@type\":\"ListItem\",\"position\":1,\"name\":\"Home\",\"item\":\"https:\\\/\\\/printaberlin.de\\\/en\\\/\"},{\"@type\":\"ListItem\",\"position\":2,\"name\":\"Shop\",\"item\":\"https:\\\/\\\/printaberlin.de\\\/en\\\/shop\\\/\"},{\"@type\":\"ListItem\",\"position\":3,\"name\":\"Heavy Blend Full Zip\"}]},{\"@type\":\"WebSite\",\"@id\":\"https:\\\/\\\/printaberlin.de\\\/en\\\/#website\",\"url\":\"https:\\\/\\\/printaberlin.de\\\/en\\\/\",\"name\":\"Printa Berlin | Textilien und T-Shirts Bedrucken\",\"description\":\"Entdecken Sie Printa Berlin \u2013 Ihr Experte f\u00fcr personalisierten Druck! T-Shirts, Poloshirts, Hoodies, Sweatshirts, Taschen, Caps und mehr.\",\"publisher\":{\"@id\":\"https:\\\/\\\/printaberlin.de\\\/en\\\/#organization\"},\"potentialAction\":[{\"@type\":\"SearchAction\",\"target\":{\"@type\":\"EntryPoint\",\"urlTemplate\":\"https:\\\/\\\/printaberlin.de\\\/en\\\/?s={search_term_string}\"},\"query-input\":{\"@type\":\"PropertyValueSpecification\",\"valueRequired\":true,\"valueName\":\"search_term_string\"}}],\"inLanguage\":\"en-US\"},{\"@type\":\"Organization\",\"@id\":\"https:\\\/\\\/printaberlin.de\\\/en\\\/#organization\",\"name\":\"Printa Berlin\",\"url\":\"https:\\\/\\\/printaberlin.de\\\/en\\\/\",\"logo\":{\"@type\":\"ImageObject\",\"inLanguage\":\"en-US\",\"@id\":\"https:\\\/\\\/printaberlin.de\\\/en\\\/#\\\/schema\\\/logo\\\/image\\\/\",\"url\":\"https:\\\/\\\/printaberlin.de\\\/wp-content\\\/uploads\\\/2025\\\/03\\\/csdsdcdsc.png\",\"contentUrl\":\"https:\\\/\\\/printaberlin.de\\\/wp-content\\\/uploads\\\/2025\\\/03\\\/csdsdcdsc.png\",\"width\":512,\"height\":512,\"caption\":\"Printa Berlin\"},\"image\":{\"@id\":\"https:\\\/\\\/printaberlin.de\\\/en\\\/#\\\/schema\\\/logo\\\/image\\\/\"},\"sameAs\":[\"https:\\\/\\\/www.instagram.com\\\/printaberlin\\\/\"]}]}<\/script>\n<meta property=\"og:availability\" content=\"instock\" \/>\n<meta property=\"product:availability\" content=\"instock\" \/>\n<meta property=\"product:retailer_item_id\" content=\"PR19\" \/>\n<meta property=\"product:condition\" content=\"new\" \/>\n<!-- \/ Yoast SEO Premium plugin. -->","yoast_head_json":{"title":"Full Zip Sweatshirt by Gildan | Printa Berlin | Textilien und T-Shirts Bedrucken","description":"Das Full Zip Sweatshirt aus 50 % Baumwolle bietet Komfort und Langlebigkeit. Personalisieren Sie es mit DTF-Druck, Siebdruck oder Stickerei.","robots":{"index":"index","follow":"follow","max-snippet":"max-snippet:-1","max-image-preview":"max-image-preview:large","max-video-preview":"max-video-preview:-1"},"canonical":"https:\/\/printaberlin.de\/en\/product\/full-zip-sweatshirt\/","og_locale":"en_US","og_type":"article","og_title":"Heavy Blend Full Zip","og_description":"Das Full Zip Sweatshirt aus 50 % Baumwolle bietet Komfort und Langlebigkeit. Personalisieren Sie es mit DTF-Druck, Siebdruck oder Stickerei.","og_url":"https:\/\/printaberlin.de\/en\/product\/full-zip-sweatshirt\/","og_site_name":"Printa Berlin | Textilien und T-Shirts Bedrucken","article_modified_time":"2025-09-21T20:36:23+00:00","og_image":[{"width":292,"height":365,"url":"https:\/\/printaberlin.de\/wp-content\/uploads\/2025\/09\/56785678.png","type":"image\/png"}],"twitter_card":"summary_large_image","twitter_misc":{"Availability":"In stock"},"schema":{"@context":"https:\/\/schema.org","@graph":[{"@type":"WebPage","@id":"https:\/\/printaberlin.de\/en\/product\/full-zip-sweatshirt\/","url":"https:\/\/printaberlin.de\/en\/product\/full-zip-sweatshirt\/","name":"Full Zip Sweatshirt by Gildan | Printa Berlin | Textilien und T-Shirts Bedrucken","isPartOf":{"@id":"https:\/\/printaberlin.de\/en\/#website"},"primaryImageOfPage":{"@id":"https:\/\/printaberlin.de\/en\/product\/full-zip-sweatshirt\/#primaryimage"},"image":{"@id":"https:\/\/printaberlin.de\/en\/product\/full-zip-sweatshirt\/#primaryimage"},"thumbnailUrl":"https:\/\/printaberlin.de\/wp-content\/uploads\/2025\/09\/56785678.png","datePublished":"2025-03-11T18:00:11+00:00","dateModified":"2025-09-21T20:36:23+00:00","description":"Das Full Zip Sweatshirt aus 50 % Baumwolle bietet Komfort und Langlebigkeit. Personalisieren Sie es mit DTF-Druck, Siebdruck oder Stickerei.","breadcrumb":{"@id":"https:\/\/printaberlin.de\/en\/product\/full-zip-sweatshirt\/#breadcrumb"},"inLanguage":"en-US","potentialAction":[{"@type":"ReadAction","target":["https:\/\/printaberlin.de\/en\/product\/full-zip-sweatshirt\/"]}]},{"@type":"ImageObject","inLanguage":"en-US","@id":"https:\/\/printaberlin.de\/en\/product\/full-zip-sweatshirt\/#primaryimage","url":"https:\/\/printaberlin.de\/wp-content\/uploads\/2025\/09\/56785678.png","contentUrl":"https:\/\/printaberlin.de\/wp-content\/uploads\/2025\/09\/56785678.png","width":292,"height":365},{"@type":"BreadcrumbList","@id":"https:\/\/printaberlin.de\/en\/product\/full-zip-sweatshirt\/#breadcrumb","itemListElement":[{"@type":"ListItem","position":1,"name":"Home","item":"https:\/\/printaberlin.de\/en\/"},{"@type":"ListItem","position":2,"name":"Shop","item":"https:\/\/printaberlin.de\/en\/shop\/"},{"@type":"ListItem","position":3,"name":"Heavy Blend Full Zip"}]},{"@type":"WebSite","@id":"https:\/\/printaberlin.de\/en\/#website","url":"https:\/\/printaberlin.de\/en\/","name":"Printa Berlin | Textilien und T-Shirts Bedrucken","description":"Entdecken Sie Printa Berlin \u2013 Ihr Experte f\u00fcr personalisierten Druck! T-Shirts, Poloshirts, Hoodies, Sweatshirts, Taschen, Caps und mehr.","publisher":{"@id":"https:\/\/printaberlin.de\/en\/#organization"},"potentialAction":[{"@type":"SearchAction","target":{"@type":"EntryPoint","urlTemplate":"https:\/\/printaberlin.de\/en\/?s={search_term_string}"},"query-input":{"@type":"PropertyValueSpecification","valueRequired":true,"valueName":"search_term_string"}}],"inLanguage":"en-US"},{"@type":"Organization","@id":"https:\/\/printaberlin.de\/en\/#organization","name":"Printa Berlin","url":"https:\/\/printaberlin.de\/en\/","logo":{"@type":"ImageObject","inLanguage":"en-US","@id":"https:\/\/printaberlin.de\/en\/#\/schema\/logo\/image\/","url":"https:\/\/printaberlin.de\/wp-content\/uploads\/2025\/03\/csdsdcdsc.png","contentUrl":"https:\/\/printaberlin.de\/wp-content\/uploads\/2025\/03\/csdsdcdsc.png","width":512,"height":512,"caption":"Printa Berlin"},"image":{"@id":"https:\/\/printaberlin.de\/en\/#\/schema\/logo\/image\/"},"sameAs":["https:\/\/www.instagram.com\/printaberlin\/"]}]},"og_availability":"instock","product_availability":"instock","product_retailer_item_id":"PR19","product_condition":"new"},"_links":{"self":[{"href":"https:\/\/printaberlin.de\/en\/wp-json\/wp\/v2\/product\/25621","targetHints":{"allow":["GET"]}}],"collection":[{"href":"https:\/\/printaberlin.de\/en\/wp-json\/wp\/v2\/product"}],"about":[{"href":"https:\/\/printaberlin.de\/en\/wp-json\/wp\/v2\/types\/product"}],"replies":[{"embeddable":true,"href":"https:\/\/printaberlin.de\/en\/wp-json\/wp\/v2\/comments?post=25621"}],"wp:featuredmedia":[{"embeddable":true,"href":"https:\/\/printaberlin.de\/en\/wp-json\/wp\/v2\/media\/26402"}],"wp:attachment":[{"href":"https:\/\/printaberlin.de\/en\/wp-json\/wp\/v2\/media?parent=25621"}],"wp:term":[{"taxonomy":"product_brand","embeddable":true,"href":"https:\/\/printaberlin.de\/en\/wp-json\/wp\/v2\/product_brand?post=25621"},{"taxonomy":"product_cat","embeddable":true,"href":"https:\/\/printaberlin.de\/en\/wp-json\/wp\/v2\/product_cat?post=25621"},{"taxonomy":"product_tag","embeddable":true,"href":"https:\/\/printaberlin.de\/en\/wp-json\/wp\/v2\/product_tag?post=25621"},{"taxonomy":"producproduct-categroyt-categroy","embeddable":true,"href":"https:\/\/printaberlin.de\/en\/wp-json\/wp\/v2\/producproduct-categroyt-categroy?post=25621"}],"curies":[{"name":"wp","href":"https:\/\/api.w.org\/{rel}","templated":true}]}}