{"id":25587,"date":"2025-03-11T20:22:21","date_gmt":"2025-03-11T20:22:21","guid":{"rendered":"https:\/\/printaberlin.de\/product\/cruiser-2-0-hoodie-by-stanley-stella\/"},"modified":"2025-09-22T16:54:00","modified_gmt":"2025-09-22T16:54:00","slug":"cruiser-2-0-hoodie-by-stanley-stella","status":"publish","type":"product","link":"https:\/\/printaberlin.de\/en\/product\/cruiser-2-0-hoodie-by-stanley-stella\/","title":{"rendered":"Cruiser 2.0"},"content":{"rendered":"<div class=\"mb-3\">\n<div class=\"flex max-w-full flex-col flex-grow\">\n<div class=\"min-h-8 text-message relative flex w-full flex-col items-end gap-2 whitespace-normal break-words text-start [.text-message+&amp;]:mt-5\" dir=\"auto\" data-message-author-role=\"assistant\" data-message-id=\"9dad9d09-c36d-40f8-b1c5-6d0c5715c44b\" data-message-model-slug=\"gpt-4o-mini\">\n<div class=\"flex w-full flex-col gap-1 empty:hidden first:pt-[3px]\">\n<div class=\"markdown prose w-full break-words dark:prose-invert light\">\n<h3 data-start=\"0\" data-end=\"55\"><strong data-start=\"0\" data-end=\"55\">Cruiser 2.0 Hoodie: Stilvoll, Bequem und Nachhaltig<\/strong><\/h3>\n<p class=\"\" data-start=\"57\" data-end=\"531\">Der <strong data-start=\"61\" data-end=\"83\">Cruiser 2.0 Hoodie<\/strong> ist ein Premium-Blank-Hoodie f\u00fcr Unisex, der klassischen Stil mit modernen Details kombiniert. Mit einem Gewicht von 350 GSM und einem geb\u00fcrsteten Fleece-Innenfutter bietet dieser Hoodie hervorragenden Komfort und W\u00e4rme. Hergestellt aus 100 % biologischer Baumwolle (mit Ausnahme der Farbe Heather Haze, die zu 80 % aus Bio-Baumwolle und 20 % recyceltem Polyester besteht), ist der <strong data-start=\"466\" data-end=\"488\">Hoodie<\/strong> nicht nur bequem, sondern auch nachhaltig.<\/p>\n<p class=\"\" data-start=\"533\" data-end=\"1082\">Dieser Hoodie verf\u00fcgt \u00fcber eine doppellagige Kapuze aus dem gleichen Material, runde Kordeln in passender Farbe sowie Metallenden und -\u00f6sen f\u00fcr zus\u00e4tzliche Robustheit und Design. Die <strong data-start=\"716\" data-end=\"732\">Set-In \u00c4rmel<\/strong> und die <strong data-start=\"741\" data-end=\"758\">K\u00e4ngurutasche<\/strong> auf der Vorderseite machen den Hoodie besonders funktional und praktisch. Der <strong data-start=\"837\" data-end=\"871\">Fischgratband im Nackenbereich<\/strong> und der <strong data-start=\"880\" data-end=\"914\">Halbmond aus gleichem Material<\/strong> bieten zus\u00e4tzlichen Komfort und Stabilit\u00e4t. Durch die 2-Nadel-Kettenstiche an den N\u00e4hten des Saums, der B\u00fcndchen und des Armlochs wird der Hoodie zus\u00e4tzlich verst\u00e4rkt.<\/p>\n<p class=\"\" data-start=\"1084\" data-end=\"1406\">Verf\u00fcgbar in den Gr\u00f6\u00dfen XXS bis 5XL, eignet sich der <strong data-start=\"1137\" data-end=\"1159\">Cruiser 2.0 Hoodie<\/strong> ideal f\u00fcr die Personalisierung durch <strong data-start=\"1197\" data-end=\"1206\">Druck<\/strong> oder <strong data-start=\"1212\" data-end=\"1225\">Stickerei<\/strong>. Die glatte Oberfl\u00e4che bietet hervorragende Dekorationsergebnisse, was ihn zur perfekten Wahl f\u00fcr die Herstellung individueller Kleidungsst\u00fccke f\u00fcr Teams, Events oder Marken macht.<\/p>\n<h4 data-start=\"1408\" data-end=\"1448\"><strong data-start=\"1408\" data-end=\"1448\">Hauptmerkmale des Cruiser 2.0 Hoodie<\/strong><\/h4>\n<ul data-start=\"1450\" data-end=\"2307\">\n<li class=\"\" data-start=\"1450\" data-end=\"1576\">\n<p class=\"\" data-start=\"1452\" data-end=\"1576\"><strong data-start=\"1452\" data-end=\"1475\">100 % Bio-Baumwolle<\/strong> f\u00fcr Komfort und Nachhaltigkeit (80 % Bio-Baumwolle und 20 % recyceltes Polyester f\u00fcr Heather Haze)<\/p>\n<\/li>\n<li class=\"\" data-start=\"1577\" data-end=\"1625\">\n<p class=\"\" data-start=\"1579\" data-end=\"1625\"><strong data-start=\"1579\" data-end=\"1598\">350 GSM Gewicht<\/strong> f\u00fcr Robustheit und W\u00e4rme<\/p>\n<\/li>\n<li class=\"\" data-start=\"1626\" data-end=\"1707\">\n<p class=\"\" data-start=\"1628\" data-end=\"1707\"><strong data-start=\"1628\" data-end=\"1651\">Doppellagige Kapuze<\/strong> f\u00fcr einen modernen Look und zus\u00e4tzliche Gem\u00fctlichkeit<\/p>\n<\/li>\n<li class=\"\" data-start=\"1708\" data-end=\"1757\">\n<p class=\"\" data-start=\"1710\" data-end=\"1757\"><strong data-start=\"1710\" data-end=\"1726\">Set-In \u00c4rmel<\/strong> f\u00fcr eine klassische Passform<\/p>\n<\/li>\n<li class=\"\" data-start=\"1758\" data-end=\"1830\">\n<p class=\"\" data-start=\"1760\" data-end=\"1830\"><strong data-start=\"1760\" data-end=\"1803\">Runde Kordeln mit Metallenden und -\u00f6sen<\/strong> f\u00fcr ein elegantes Design<\/p>\n<\/li>\n<li class=\"\" data-start=\"1831\" data-end=\"1895\">\n<p class=\"\" data-start=\"1833\" data-end=\"1895\"><strong data-start=\"1833\" data-end=\"1850\">K\u00e4ngurutasche<\/strong> auf der Vorderseite f\u00fcr praktische Nutzung<\/p>\n<\/li>\n<li class=\"\" data-start=\"1896\" data-end=\"1972\">\n<p class=\"\" data-start=\"1898\" data-end=\"1972\"><strong data-start=\"1898\" data-end=\"1945\">Fischgratband und Halbmond im Nackenbereich<\/strong> f\u00fcr zus\u00e4tzlichen Komfort<\/p>\n<\/li>\n<li class=\"\" data-start=\"1973\" data-end=\"2041\">\n<p class=\"\" data-start=\"1975\" data-end=\"2041\"><strong data-start=\"1975\" data-end=\"2008\">2-Nadel-Kettenstich an N\u00e4hten<\/strong> f\u00fcr Langlebigkeit und Qualit\u00e4t<\/p>\n<\/li>\n<li class=\"\" data-start=\"2042\" data-end=\"2122\">\n<p class=\"\" data-start=\"2044\" data-end=\"2122\"><strong data-start=\"2044\" data-end=\"2062\">1&#215;1 Rippstrick<\/strong> am \u00c4rmelbund und Saum f\u00fcr eine enge, formstabile Passform<\/p>\n<\/li>\n<li class=\"\" data-start=\"2123\" data-end=\"2177\">\n<p class=\"\" data-start=\"2125\" data-end=\"2177\"><strong data-start=\"2125\" data-end=\"2135\">Gr\u00f6\u00dfen<\/strong>: XXS bis 5XL f\u00fcr eine breite Zielgruppe<\/p>\n<\/li>\n<li class=\"\" data-start=\"2178\" data-end=\"2254\">\n<p class=\"\" data-start=\"2180\" data-end=\"2254\"><strong data-start=\"2180\" data-end=\"2207\">Vorgewaschenes Material<\/strong> f\u00fcr besseren Einlaufschutz und weichen Griff<\/p>\n<\/li>\n<li class=\"\" data-start=\"2255\" data-end=\"2307\">\n<p class=\"\" data-start=\"2257\" data-end=\"2307\"><strong data-start=\"2257\" data-end=\"2285\">Waschbar bei bis zu 40\u00b0C<\/strong> f\u00fcr einfache Pflege<\/p>\n<\/li>\n<\/ul>\n<h4 data-start=\"2309\" data-end=\"2374\"><strong data-start=\"2309\" data-end=\"2374\">Individuelle Druckdienstleistungen f\u00fcr Ihr Cruiser 2.0 Hoodie<\/strong><\/h4>\n<p class=\"\" data-start=\"2376\" data-end=\"2570\">Verleihen Sie Ihrem <strong data-start=\"2396\" data-end=\"2418\">Hoodie<\/strong> eine individuelle Note mit unseren professionellen <strong data-start=\"2470\" data-end=\"2495\">Druckdienstleistungen<\/strong>. W\u00e4hlen Sie aus verschiedenen Techniken, um Ihr Design perfekt umzusetzen:<\/p>\n<ul data-start=\"2572\" data-end=\"2762\">\n<li class=\"\" data-start=\"2572\" data-end=\"2630\">\n<p class=\"\" data-start=\"2574\" data-end=\"2630\"><strong data-start=\"2574\" data-end=\"2587\">DTF-Druck<\/strong>: Ideal f\u00fcr lebendige, langlebige Designs<\/p>\n<\/li>\n<li class=\"\" data-start=\"2631\" data-end=\"2690\">\n<p class=\"\" data-start=\"2633\" data-end=\"2690\"><strong data-start=\"2633\" data-end=\"2646\">Siebdruck<\/strong>: Perfekt f\u00fcr kr\u00e4ftige, gro\u00dffl\u00e4chige Logos<\/p>\n<\/li>\n<li class=\"\" data-start=\"2691\" data-end=\"2762\">\n<p class=\"\" data-start=\"2693\" data-end=\"2762\"><strong data-start=\"2693\" data-end=\"2706\">Stickerei<\/strong>: Verleiht Ihrem Hoodie eine edle und hochwertige Note<\/p>\n<\/li>\n<\/ul>\n<h4 data-start=\"2764\" data-end=\"2804\"><strong data-start=\"2764\" data-end=\"2804\">Warum das Cruiser 2.0 Hoodie w\u00e4hlen?<\/strong><\/h4>\n<p class=\"\" data-start=\"2806\" data-end=\"3142\">Der <strong data-start=\"2810\" data-end=\"2832\">Cruiser 2.0 Hoodie<\/strong> bietet nicht nur hervorragenden Komfort und eine moderne Passform, sondern auch eine nachhaltige Wahl. Mit seiner Bio-Baumwolle und recyceltem Polyester bleibt er auch nach h\u00e4ufigem Tragen in perfektem Zustand. Nutzen Sie unsere <strong data-start=\"3062\" data-end=\"3087\">Druckdienstleistungen<\/strong>, um das Hoodie nach Ihren W\u00fcnschen zu personalisieren.<\/p>\n<\/div>\n<\/div>\n<\/div>\n<\/div>\n<div class=\"mb-2 flex gap-3 -ml-2\" tabindex=\"0\">\n<div class=\"flex items-center justify-start rounded-xl p-1\">\n<div class=\"flex items-center\">\n<div class=\"flex items-center pb-0\"><img decoding=\"async\" class=\"alignnone size-medium wp-image-7209\" src=\"https:\/\/printaberlin.de\/staging\/2315\/wp-content\/uploads\/2025\/03\/Frame-37-300x59.png\" alt=\"\" width=\"300\" height=\"59\" srcset=\"https:\/\/printaberlin.de\/wp-content\/uploads\/2025\/03\/Frame-37-300x59.png 300w, https:\/\/printaberlin.de\/wp-content\/uploads\/2025\/03\/Frame-37-1024x200.png 1024w, https:\/\/printaberlin.de\/wp-content\/uploads\/2025\/03\/Frame-37-768x150.png 768w, https:\/\/printaberlin.de\/wp-content\/uploads\/2025\/03\/Frame-37-1536x301.png 1536w, https:\/\/printaberlin.de\/wp-content\/uploads\/2025\/03\/Frame-37-260x51.png 260w, https:\/\/printaberlin.de\/wp-content\/uploads\/2025\/03\/Frame-37-500x98.png 500w, https:\/\/printaberlin.de\/wp-content\/uploads\/2025\/03\/Frame-37.png 1650w\" sizes=\"(max-width: 300px) 100vw, 300px\" \/><\/div>\n<\/div>\n<\/div>\n<\/div>\n<\/div>\n<div class=\"mb-3\">\n<div class=\"child-p:mb-2 last:child-p:mb-0\">\n<div class=\"child-p:mb-2 last:child-p:mb-0\"><\/div>\n<\/div>\n<\/div>\n","protected":false},"excerpt":{"rendered":"<p>Bequemer Hoodie aus 100 % Bio-Baumwolle, doppellagige Kapuze.<br \/>\n<strong>By Stanley Stella<\/strong><\/p>\n","protected":false},"featured_media":26404,"comment_status":"open","ping_status":"closed","template":"","meta":{"nf_dc_page":""},"product_brand":[32],"product_cat":[434],"product_tag":[430],"producproduct-categroyt-categroy":[],"class_list":{"0":"post-25587","1":"product","2":"type-product","3":"status-publish","4":"has-post-thumbnail","6":"product_brand-stanley-stella","7":"product_cat-pullover-bedrucken","8":"product_tag-unisex","10":"first","11":"instock","12":"shipping-taxable","13":"purchasable","14":"product-type-variable","15":"has-default-attributes","16":"wvs-archive-product-wrapper"},"yoast_head":"<!-- This site is optimized with the Yoast SEO Premium plugin v24.6 (Yoast SEO v27.4) - https:\/\/yoast.com\/product\/yoast-seo-premium-wordpress\/ -->\n<title>Cruiser 2.0 Hoodie by Stanley Stella | Printa Berlin | Textilien und T-Shirts Bedrucken Berlin<\/title>\n<meta name=\"description\" content=\"Das Cruiser 2.0 Hoodie aus 100 % Bio-Baumwolle bietet Komfort und Langlebigkeit. Personalisieren Sie es mit DTF-Druck, Siebdruck oder Stickerei.\" \/>\n<meta name=\"robots\" content=\"index, follow, max-snippet:-1, max-image-preview:large, max-video-preview:-1\" \/>\n<link rel=\"canonical\" href=\"https:\/\/printaberlin.de\/en\/product\/cruiser-2-0-hoodie-by-stanley-stella\/\" \/>\n<meta property=\"og:locale\" content=\"en_US\" \/>\n<meta property=\"og:type\" content=\"article\" \/>\n<meta property=\"og:title\" content=\"Cruiser 2.0\" \/>\n<meta property=\"og:description\" content=\"Das Cruiser 2.0 Hoodie aus 100 % Bio-Baumwolle bietet Komfort und Langlebigkeit. Personalisieren Sie es mit DTF-Druck, Siebdruck oder Stickerei.\" \/>\n<meta property=\"og:url\" content=\"https:\/\/printaberlin.de\/en\/product\/cruiser-2-0-hoodie-by-stanley-stella\/\" \/>\n<meta property=\"og:site_name\" content=\"Printa Berlin | Textilien und T-Shirts Bedrucken\" \/>\n<meta property=\"article:modified_time\" content=\"2025-09-22T16:54:00+00:00\" \/>\n<meta property=\"og:image\" content=\"https:\/\/printaberlin.de\/wp-content\/uploads\/2025\/09\/65475.png\" \/>\n\t<meta property=\"og:image:width\" content=\"292\" \/>\n\t<meta property=\"og:image:height\" content=\"365\" \/>\n\t<meta property=\"og:image:type\" content=\"image\/png\" \/>\n<meta name=\"twitter:card\" content=\"summary_large_image\" \/>\n<meta name=\"twitter:label1\" content=\"Availability\" \/>\n\t<meta name=\"twitter:data1\" content=\"In stock\" \/>\n<script type=\"application\/ld+json\" class=\"yoast-schema-graph\">{\"@context\":\"https:\\\/\\\/schema.org\",\"@graph\":[{\"@type\":\"WebPage\",\"@id\":\"https:\\\/\\\/printaberlin.de\\\/en\\\/product\\\/cruiser-2-0-hoodie-by-stanley-stella\\\/\",\"url\":\"https:\\\/\\\/printaberlin.de\\\/en\\\/product\\\/cruiser-2-0-hoodie-by-stanley-stella\\\/\",\"name\":\"Cruiser 2.0 Hoodie by Stanley Stella | Printa Berlin | Textilien und T-Shirts Bedrucken Berlin\",\"isPartOf\":{\"@id\":\"https:\\\/\\\/printaberlin.de\\\/en\\\/#website\"},\"primaryImageOfPage\":{\"@id\":\"https:\\\/\\\/printaberlin.de\\\/en\\\/product\\\/cruiser-2-0-hoodie-by-stanley-stella\\\/#primaryimage\"},\"image\":{\"@id\":\"https:\\\/\\\/printaberlin.de\\\/en\\\/product\\\/cruiser-2-0-hoodie-by-stanley-stella\\\/#primaryimage\"},\"thumbnailUrl\":\"https:\\\/\\\/printaberlin.de\\\/wp-content\\\/uploads\\\/2025\\\/09\\\/65475.png\",\"datePublished\":\"2025-03-11T20:22:21+00:00\",\"dateModified\":\"2025-09-22T16:54:00+00:00\",\"description\":\"Das Cruiser 2.0 Hoodie aus 100 % Bio-Baumwolle bietet Komfort und Langlebigkeit. Personalisieren Sie es mit DTF-Druck, Siebdruck oder Stickerei.\",\"breadcrumb\":{\"@id\":\"https:\\\/\\\/printaberlin.de\\\/en\\\/product\\\/cruiser-2-0-hoodie-by-stanley-stella\\\/#breadcrumb\"},\"inLanguage\":\"en-US\",\"potentialAction\":[{\"@type\":\"ReadAction\",\"target\":[\"https:\\\/\\\/printaberlin.de\\\/en\\\/product\\\/cruiser-2-0-hoodie-by-stanley-stella\\\/\"]}]},{\"@type\":\"ImageObject\",\"inLanguage\":\"en-US\",\"@id\":\"https:\\\/\\\/printaberlin.de\\\/en\\\/product\\\/cruiser-2-0-hoodie-by-stanley-stella\\\/#primaryimage\",\"url\":\"https:\\\/\\\/printaberlin.de\\\/wp-content\\\/uploads\\\/2025\\\/09\\\/65475.png\",\"contentUrl\":\"https:\\\/\\\/printaberlin.de\\\/wp-content\\\/uploads\\\/2025\\\/09\\\/65475.png\",\"width\":292,\"height\":365},{\"@type\":\"BreadcrumbList\",\"@id\":\"https:\\\/\\\/printaberlin.de\\\/en\\\/product\\\/cruiser-2-0-hoodie-by-stanley-stella\\\/#breadcrumb\",\"itemListElement\":[{\"@type\":\"ListItem\",\"position\":1,\"name\":\"Home\",\"item\":\"https:\\\/\\\/printaberlin.de\\\/en\\\/\"},{\"@type\":\"ListItem\",\"position\":2,\"name\":\"Shop\",\"item\":\"https:\\\/\\\/printaberlin.de\\\/en\\\/shop\\\/\"},{\"@type\":\"ListItem\",\"position\":3,\"name\":\"Cruiser 2.0\"}]},{\"@type\":\"WebSite\",\"@id\":\"https:\\\/\\\/printaberlin.de\\\/en\\\/#website\",\"url\":\"https:\\\/\\\/printaberlin.de\\\/en\\\/\",\"name\":\"Printa Berlin | Textilien und T-Shirts Bedrucken\",\"description\":\"Entdecken Sie Printa Berlin \u2013 Ihr Experte f\u00fcr personalisierten Druck! T-Shirts, Poloshirts, Hoodies, Sweatshirts, Taschen, Caps und mehr.\",\"publisher\":{\"@id\":\"https:\\\/\\\/printaberlin.de\\\/en\\\/#organization\"},\"potentialAction\":[{\"@type\":\"SearchAction\",\"target\":{\"@type\":\"EntryPoint\",\"urlTemplate\":\"https:\\\/\\\/printaberlin.de\\\/en\\\/?s={search_term_string}\"},\"query-input\":{\"@type\":\"PropertyValueSpecification\",\"valueRequired\":true,\"valueName\":\"search_term_string\"}}],\"inLanguage\":\"en-US\"},{\"@type\":\"Organization\",\"@id\":\"https:\\\/\\\/printaberlin.de\\\/en\\\/#organization\",\"name\":\"Printa Berlin\",\"url\":\"https:\\\/\\\/printaberlin.de\\\/en\\\/\",\"logo\":{\"@type\":\"ImageObject\",\"inLanguage\":\"en-US\",\"@id\":\"https:\\\/\\\/printaberlin.de\\\/en\\\/#\\\/schema\\\/logo\\\/image\\\/\",\"url\":\"https:\\\/\\\/printaberlin.de\\\/wp-content\\\/uploads\\\/2025\\\/03\\\/csdsdcdsc.png\",\"contentUrl\":\"https:\\\/\\\/printaberlin.de\\\/wp-content\\\/uploads\\\/2025\\\/03\\\/csdsdcdsc.png\",\"width\":512,\"height\":512,\"caption\":\"Printa Berlin\"},\"image\":{\"@id\":\"https:\\\/\\\/printaberlin.de\\\/en\\\/#\\\/schema\\\/logo\\\/image\\\/\"},\"sameAs\":[\"https:\\\/\\\/www.instagram.com\\\/printaberlin\\\/\"]}]}<\/script>\n<meta property=\"og:availability\" content=\"instock\" \/>\n<meta property=\"product:availability\" content=\"instock\" \/>\n<meta property=\"product:retailer_item_id\" content=\"PR20\" \/>\n<meta property=\"product:condition\" content=\"new\" \/>\n<!-- \/ Yoast SEO Premium plugin. -->","yoast_head_json":{"title":"Cruiser 2.0 Hoodie by Stanley Stella | Printa Berlin | Textilien und T-Shirts Bedrucken Berlin","description":"Das Cruiser 2.0 Hoodie aus 100 % Bio-Baumwolle bietet Komfort und Langlebigkeit. Personalisieren Sie es mit DTF-Druck, Siebdruck oder Stickerei.","robots":{"index":"index","follow":"follow","max-snippet":"max-snippet:-1","max-image-preview":"max-image-preview:large","max-video-preview":"max-video-preview:-1"},"canonical":"https:\/\/printaberlin.de\/en\/product\/cruiser-2-0-hoodie-by-stanley-stella\/","og_locale":"en_US","og_type":"article","og_title":"Cruiser 2.0","og_description":"Das Cruiser 2.0 Hoodie aus 100 % Bio-Baumwolle bietet Komfort und Langlebigkeit. Personalisieren Sie es mit DTF-Druck, Siebdruck oder Stickerei.","og_url":"https:\/\/printaberlin.de\/en\/product\/cruiser-2-0-hoodie-by-stanley-stella\/","og_site_name":"Printa Berlin | Textilien und T-Shirts Bedrucken","article_modified_time":"2025-09-22T16:54:00+00:00","og_image":[{"width":292,"height":365,"url":"https:\/\/printaberlin.de\/wp-content\/uploads\/2025\/09\/65475.png","type":"image\/png"}],"twitter_card":"summary_large_image","twitter_misc":{"Availability":"In stock"},"schema":{"@context":"https:\/\/schema.org","@graph":[{"@type":"WebPage","@id":"https:\/\/printaberlin.de\/en\/product\/cruiser-2-0-hoodie-by-stanley-stella\/","url":"https:\/\/printaberlin.de\/en\/product\/cruiser-2-0-hoodie-by-stanley-stella\/","name":"Cruiser 2.0 Hoodie by Stanley Stella | Printa Berlin | Textilien und T-Shirts Bedrucken Berlin","isPartOf":{"@id":"https:\/\/printaberlin.de\/en\/#website"},"primaryImageOfPage":{"@id":"https:\/\/printaberlin.de\/en\/product\/cruiser-2-0-hoodie-by-stanley-stella\/#primaryimage"},"image":{"@id":"https:\/\/printaberlin.de\/en\/product\/cruiser-2-0-hoodie-by-stanley-stella\/#primaryimage"},"thumbnailUrl":"https:\/\/printaberlin.de\/wp-content\/uploads\/2025\/09\/65475.png","datePublished":"2025-03-11T20:22:21+00:00","dateModified":"2025-09-22T16:54:00+00:00","description":"Das Cruiser 2.0 Hoodie aus 100 % Bio-Baumwolle bietet Komfort und Langlebigkeit. Personalisieren Sie es mit DTF-Druck, Siebdruck oder Stickerei.","breadcrumb":{"@id":"https:\/\/printaberlin.de\/en\/product\/cruiser-2-0-hoodie-by-stanley-stella\/#breadcrumb"},"inLanguage":"en-US","potentialAction":[{"@type":"ReadAction","target":["https:\/\/printaberlin.de\/en\/product\/cruiser-2-0-hoodie-by-stanley-stella\/"]}]},{"@type":"ImageObject","inLanguage":"en-US","@id":"https:\/\/printaberlin.de\/en\/product\/cruiser-2-0-hoodie-by-stanley-stella\/#primaryimage","url":"https:\/\/printaberlin.de\/wp-content\/uploads\/2025\/09\/65475.png","contentUrl":"https:\/\/printaberlin.de\/wp-content\/uploads\/2025\/09\/65475.png","width":292,"height":365},{"@type":"BreadcrumbList","@id":"https:\/\/printaberlin.de\/en\/product\/cruiser-2-0-hoodie-by-stanley-stella\/#breadcrumb","itemListElement":[{"@type":"ListItem","position":1,"name":"Home","item":"https:\/\/printaberlin.de\/en\/"},{"@type":"ListItem","position":2,"name":"Shop","item":"https:\/\/printaberlin.de\/en\/shop\/"},{"@type":"ListItem","position":3,"name":"Cruiser 2.0"}]},{"@type":"WebSite","@id":"https:\/\/printaberlin.de\/en\/#website","url":"https:\/\/printaberlin.de\/en\/","name":"Printa Berlin | Textilien und T-Shirts Bedrucken","description":"Entdecken Sie Printa Berlin \u2013 Ihr Experte f\u00fcr personalisierten Druck! T-Shirts, Poloshirts, Hoodies, Sweatshirts, Taschen, Caps und mehr.","publisher":{"@id":"https:\/\/printaberlin.de\/en\/#organization"},"potentialAction":[{"@type":"SearchAction","target":{"@type":"EntryPoint","urlTemplate":"https:\/\/printaberlin.de\/en\/?s={search_term_string}"},"query-input":{"@type":"PropertyValueSpecification","valueRequired":true,"valueName":"search_term_string"}}],"inLanguage":"en-US"},{"@type":"Organization","@id":"https:\/\/printaberlin.de\/en\/#organization","name":"Printa Berlin","url":"https:\/\/printaberlin.de\/en\/","logo":{"@type":"ImageObject","inLanguage":"en-US","@id":"https:\/\/printaberlin.de\/en\/#\/schema\/logo\/image\/","url":"https:\/\/printaberlin.de\/wp-content\/uploads\/2025\/03\/csdsdcdsc.png","contentUrl":"https:\/\/printaberlin.de\/wp-content\/uploads\/2025\/03\/csdsdcdsc.png","width":512,"height":512,"caption":"Printa Berlin"},"image":{"@id":"https:\/\/printaberlin.de\/en\/#\/schema\/logo\/image\/"},"sameAs":["https:\/\/www.instagram.com\/printaberlin\/"]}]},"og_availability":"instock","product_availability":"instock","product_retailer_item_id":"PR20","product_condition":"new"},"_links":{"self":[{"href":"https:\/\/printaberlin.de\/en\/wp-json\/wp\/v2\/product\/25587","targetHints":{"allow":["GET"]}}],"collection":[{"href":"https:\/\/printaberlin.de\/en\/wp-json\/wp\/v2\/product"}],"about":[{"href":"https:\/\/printaberlin.de\/en\/wp-json\/wp\/v2\/types\/product"}],"replies":[{"embeddable":true,"href":"https:\/\/printaberlin.de\/en\/wp-json\/wp\/v2\/comments?post=25587"}],"wp:featuredmedia":[{"embeddable":true,"href":"https:\/\/printaberlin.de\/en\/wp-json\/wp\/v2\/media\/26404"}],"wp:attachment":[{"href":"https:\/\/printaberlin.de\/en\/wp-json\/wp\/v2\/media?parent=25587"}],"wp:term":[{"taxonomy":"product_brand","embeddable":true,"href":"https:\/\/printaberlin.de\/en\/wp-json\/wp\/v2\/product_brand?post=25587"},{"taxonomy":"product_cat","embeddable":true,"href":"https:\/\/printaberlin.de\/en\/wp-json\/wp\/v2\/product_cat?post=25587"},{"taxonomy":"product_tag","embeddable":true,"href":"https:\/\/printaberlin.de\/en\/wp-json\/wp\/v2\/product_tag?post=25587"},{"taxonomy":"producproduct-categroyt-categroy","embeddable":true,"href":"https:\/\/printaberlin.de\/en\/wp-json\/wp\/v2\/producproduct-categroyt-categroy?post=25587"}],"curies":[{"name":"wp","href":"https:\/\/api.w.org\/{rel}","templated":true}]}}