{"id":25561,"date":"2025-03-12T15:16:52","date_gmt":"2025-03-12T15:16:52","guid":{"rendered":"https:\/\/printaberlin.de\/product\/cotton-gymsac\/"},"modified":"2025-09-21T20:36:21","modified_gmt":"2025-09-21T20:36:21","slug":"cotton-gymsac","status":"publish","type":"product","link":"https:\/\/printaberlin.de\/en\/product\/cotton-gymsac\/","title":{"rendered":"Cotton Gymsac"},"content":{"rendered":"<h3 data-start=\"0\" data-end=\"72\"><strong data-start=\"0\" data-end=\"72\">Cotton Gymsac: Praktisch, umweltfreundlich und vielseitig einsetzbar<\/strong><\/h3>\n<p class=\"\" data-start=\"74\" data-end=\"470\">Der <strong data-start=\"78\" data-end=\"95\">Cotton Gymsac<\/strong> aus 100 % recycelter Baumwolle ist die perfekte Kombination aus Nachhaltigkeit, Funktionalit\u00e4t und Design. Hergestellt aus <strong data-start=\"219\" data-end=\"265\">100 % vorverbrauchter recycelter Baumwolle<\/strong>, ist dieser Gymsac nicht nur umweltfreundlich, sondern auch robust und leicht. Mit einem Gewicht von 170 g\/m\u00b2 bietet er eine starke, langlebige Struktur, die gleichzeitig sanft und angenehm zu tragen ist.<\/p>\n<p class=\"\" data-start=\"472\" data-end=\"933\">Mit einer Kapazit\u00e4t von 12 Litern und den <strong data-start=\"514\" data-end=\"538\">Ma\u00dfen von 37 x 46 cm<\/strong> bietet der <strong data-start=\"550\" data-end=\"567\">Cotton Gymsac<\/strong> ausreichend Platz f\u00fcr all Ihre pers\u00f6nlichen Gegenst\u00e4nde \u2013 ob als Sporttasche, Einkaufstasche oder praktischer Begleiter im Alltag. Die <strong data-start=\"703\" data-end=\"734\">recycelten Baumwoll-Kordeln<\/strong> sorgen daf\u00fcr, dass der Sack bequem getragen und sicher verschlossen werden kann. Das <strong data-start=\"820\" data-end=\"839\">CutAway-Etikett<\/strong> erleichtert die Personalisierung, was ihn ideal f\u00fcr Unternehmen oder als Werbegeschenk macht.<\/p>\n<p class=\"\" data-start=\"935\" data-end=\"1122\">Diese Tasche ist besonders gut f\u00fcr <strong data-start=\"970\" data-end=\"979\">Druck<\/strong> und <strong data-start=\"984\" data-end=\"997\">Stickerei<\/strong> geeignet, sodass Sie Ihr Design oder Ihr Logo einfach und effektiv auf der glatten, recycelten Oberfl\u00e4che platzieren k\u00f6nnen.<\/p>\n<h4 data-start=\"1124\" data-end=\"1159\"><strong data-start=\"1124\" data-end=\"1159\">Hauptmerkmale des Cotton Gymsac<\/strong><\/h4>\n<ul data-start=\"1161\" data-end=\"1618\">\n<li class=\"\" data-start=\"1161\" data-end=\"1245\">\n<p class=\"\" data-start=\"1163\" data-end=\"1245\"><strong data-start=\"1163\" data-end=\"1192\">100 % recycelte Baumwolle<\/strong> f\u00fcr eine umweltfreundliche und nachhaltige Nutzung<\/p>\n<\/li>\n<li class=\"\" data-start=\"1246\" data-end=\"1321\">\n<p class=\"\" data-start=\"1248\" data-end=\"1321\"><strong data-start=\"1248\" data-end=\"1268\">170 g\/m\u00b2 Gewicht<\/strong> f\u00fcr eine robuste und gleichzeitig leichte Struktur<\/p>\n<\/li>\n<li class=\"\" data-start=\"1322\" data-end=\"1383\">\n<p class=\"\" data-start=\"1324\" data-end=\"1383\"><strong data-start=\"1324\" data-end=\"1337\">Kapazit\u00e4t<\/strong>: 12 Liter f\u00fcr eine Vielzahl von Anwendungen<\/p>\n<\/li>\n<li class=\"\" data-start=\"1384\" data-end=\"1435\">\n<p class=\"\" data-start=\"1386\" data-end=\"1435\"><strong data-start=\"1386\" data-end=\"1396\">Gr\u00f6\u00dfen<\/strong>: 37 x 46 cm f\u00fcr ausreichend Stauraum<\/p>\n<\/li>\n<li class=\"\" data-start=\"1436\" data-end=\"1501\">\n<p class=\"\" data-start=\"1438\" data-end=\"1501\"><strong data-start=\"1438\" data-end=\"1468\">Recycelte Baumwoll-Kordeln<\/strong> f\u00fcr nachhaltige Funktionalit\u00e4t<\/p>\n<\/li>\n<li class=\"\" data-start=\"1502\" data-end=\"1560\">\n<p class=\"\" data-start=\"1504\" data-end=\"1560\"><strong data-start=\"1504\" data-end=\"1523\">CutAway-Etikett<\/strong> f\u00fcr eine einfache Personalisierung<\/p>\n<\/li>\n<li class=\"\" data-start=\"1561\" data-end=\"1618\">\n<p class=\"\" data-start=\"1563\" data-end=\"1618\"><strong data-start=\"1563\" data-end=\"1591\">Waschbar bei bis zu 40\u00b0C<\/strong> f\u00fcr eine einfache Pflege<\/p>\n<\/li>\n<\/ul>\n<h4 data-start=\"1620\" data-end=\"1682\"><strong data-start=\"1620\" data-end=\"1682\">Individuelle Druckdienstleistungen f\u00fcr Ihren Cotton Gymsac<\/strong><\/h4>\n<p class=\"\" data-start=\"1684\" data-end=\"1872\">Verleihen Sie Ihrem <strong data-start=\"1704\" data-end=\"1721\">Cotton Gymsac<\/strong> eine pers\u00f6nliche Note mit unseren professionellen <strong data-start=\"1772\" data-end=\"1797\">Druckdienstleistungen<\/strong>. W\u00e4hlen Sie aus verschiedenen Techniken, um Ihr Design perfekt umzusetzen:<\/p>\n<ul data-start=\"1874\" data-end=\"2056\">\n<li class=\"\" data-start=\"1874\" data-end=\"1932\">\n<p class=\"\" data-start=\"1876\" data-end=\"1932\"><strong data-start=\"1876\" data-end=\"1889\">DTF-Druck<\/strong>: Ideal f\u00fcr lebendige, langlebige Designs<\/p>\n<\/li>\n<li class=\"\" data-start=\"1933\" data-end=\"1984\">\n<p class=\"\" data-start=\"1935\" data-end=\"1984\"><strong data-start=\"1935\" data-end=\"1948\">Siebdruck<\/strong>: Perfekt f\u00fcr gro\u00dffl\u00e4chige Designs<\/p>\n<\/li>\n<li class=\"\" data-start=\"1985\" data-end=\"2056\">\n<p class=\"\" data-start=\"1987\" data-end=\"2056\"><strong data-start=\"1987\" data-end=\"2000\">Stickerei<\/strong>: Verleiht Ihrem Gymsac eine edle und hochwertige Note<\/p>\n<\/li>\n<\/ul>\n<h4 data-start=\"2058\" data-end=\"2093\"><strong data-start=\"2058\" data-end=\"2093\">Warum den Cotton Gymsac w\u00e4hlen?<\/strong><\/h4>\n<p class=\"\" data-start=\"2095\" data-end=\"2468\">Der <strong data-start=\"2099\" data-end=\"2116\">Gymsac<\/strong> ist nicht nur eine praktische Tasche f\u00fcr den t\u00e4glichen Gebrauch, sondern auch eine umweltfreundliche Wahl. Nutzen Sie die M\u00f6glichkeit, diesen Gymsac zu personalisieren und f\u00fcr Ihr Unternehmen, Event oder f\u00fcr den privaten Gebrauch zu gestalten. Mit seiner robusten und nachhaltigen Baumwolle bietet dieser Gymsac eine perfekte Grundlage f\u00fcr Ihr Design.<\/p>\n<p data-start=\"2470\" data-end=\"2551\">\n","protected":false},"excerpt":{"rendered":"<p>Gymsac aus recycelter Baumwolle, 12 Liter Volumen. 37cm x 46cm.<br \/>\n<strong>By Westford Mills<\/strong><\/p>\n","protected":false},"featured_media":26407,"comment_status":"open","ping_status":"closed","template":"","meta":{"nf_dc_page":""},"product_brand":[249],"product_cat":[433],"product_tag":[430],"producproduct-categroyt-categroy":[],"class_list":{"0":"post-25561","1":"product","2":"type-product","3":"status-publish","4":"has-post-thumbnail","6":"product_brand-westford-mill","7":"product_cat-taschen-bedrucken","8":"product_tag-unisex","10":"first","11":"instock","12":"shipping-taxable","13":"purchasable","14":"product-type-variable","15":"has-default-attributes","16":"wvs-archive-product-wrapper"},"yoast_head":"<!-- This site is optimized with the Yoast SEO Premium plugin v24.6 (Yoast SEO v27.4) - https:\/\/yoast.com\/product\/yoast-seo-premium-wordpress\/ -->\n<title>Cotton Gymsac by Westford Mill | Personalize with your design | Printa Berlin | Textilien und T-Shirts Bedrucken<\/title>\n<meta name=\"description\" content=\"Der Cotton Gymsac aus recycelter Baumwolle bietet Komfort und Langlebigkeit. Personalisieren Sie ihn mit Druck oder Stickerei.\" \/>\n<meta name=\"robots\" content=\"index, follow, max-snippet:-1, max-image-preview:large, max-video-preview:-1\" \/>\n<link rel=\"canonical\" href=\"https:\/\/printaberlin.de\/en\/product\/cotton-gymsac\/\" \/>\n<meta property=\"og:locale\" content=\"en_US\" \/>\n<meta property=\"og:type\" content=\"article\" \/>\n<meta property=\"og:title\" content=\"Cotton Gymsac\" \/>\n<meta property=\"og:description\" content=\"Der Cotton Gymsac aus recycelter Baumwolle bietet Komfort und Langlebigkeit. Personalisieren Sie ihn mit Druck oder Stickerei.\" \/>\n<meta property=\"og:url\" content=\"https:\/\/printaberlin.de\/en\/product\/cotton-gymsac\/\" \/>\n<meta property=\"og:site_name\" content=\"Printa Berlin | Textilien und T-Shirts Bedrucken\" \/>\n<meta property=\"article:modified_time\" content=\"2025-09-21T20:36:21+00:00\" \/>\n<meta property=\"og:image\" content=\"https:\/\/printaberlin.de\/wp-content\/uploads\/2025\/09\/474447.png\" \/>\n\t<meta property=\"og:image:width\" content=\"600\" \/>\n\t<meta property=\"og:image:height\" content=\"749\" \/>\n\t<meta property=\"og:image:type\" content=\"image\/png\" \/>\n<meta name=\"twitter:card\" content=\"summary_large_image\" \/>\n<meta name=\"twitter:label1\" content=\"Availability\" \/>\n\t<meta name=\"twitter:data1\" content=\"In stock\" \/>\n<script type=\"application\/ld+json\" class=\"yoast-schema-graph\">{\"@context\":\"https:\\\/\\\/schema.org\",\"@graph\":[{\"@type\":\"WebPage\",\"@id\":\"https:\\\/\\\/printaberlin.de\\\/en\\\/product\\\/cotton-gymsac\\\/\",\"url\":\"https:\\\/\\\/printaberlin.de\\\/en\\\/product\\\/cotton-gymsac\\\/\",\"name\":\"Cotton Gymsac by Westford Mill | Personalize with your design | Printa Berlin | Textilien und T-Shirts Bedrucken\",\"isPartOf\":{\"@id\":\"https:\\\/\\\/printaberlin.de\\\/en\\\/#website\"},\"primaryImageOfPage\":{\"@id\":\"https:\\\/\\\/printaberlin.de\\\/en\\\/product\\\/cotton-gymsac\\\/#primaryimage\"},\"image\":{\"@id\":\"https:\\\/\\\/printaberlin.de\\\/en\\\/product\\\/cotton-gymsac\\\/#primaryimage\"},\"thumbnailUrl\":\"https:\\\/\\\/printaberlin.de\\\/wp-content\\\/uploads\\\/2025\\\/09\\\/474447.png\",\"datePublished\":\"2025-03-12T15:16:52+00:00\",\"dateModified\":\"2025-09-21T20:36:21+00:00\",\"description\":\"Der Cotton Gymsac aus recycelter Baumwolle bietet Komfort und Langlebigkeit. Personalisieren Sie ihn mit Druck oder Stickerei.\",\"breadcrumb\":{\"@id\":\"https:\\\/\\\/printaberlin.de\\\/en\\\/product\\\/cotton-gymsac\\\/#breadcrumb\"},\"inLanguage\":\"en-US\",\"potentialAction\":[{\"@type\":\"ReadAction\",\"target\":[\"https:\\\/\\\/printaberlin.de\\\/en\\\/product\\\/cotton-gymsac\\\/\"]}]},{\"@type\":\"ImageObject\",\"inLanguage\":\"en-US\",\"@id\":\"https:\\\/\\\/printaberlin.de\\\/en\\\/product\\\/cotton-gymsac\\\/#primaryimage\",\"url\":\"https:\\\/\\\/printaberlin.de\\\/wp-content\\\/uploads\\\/2025\\\/09\\\/474447.png\",\"contentUrl\":\"https:\\\/\\\/printaberlin.de\\\/wp-content\\\/uploads\\\/2025\\\/09\\\/474447.png\",\"width\":600,\"height\":749},{\"@type\":\"BreadcrumbList\",\"@id\":\"https:\\\/\\\/printaberlin.de\\\/en\\\/product\\\/cotton-gymsac\\\/#breadcrumb\",\"itemListElement\":[{\"@type\":\"ListItem\",\"position\":1,\"name\":\"Home\",\"item\":\"https:\\\/\\\/printaberlin.de\\\/en\\\/\"},{\"@type\":\"ListItem\",\"position\":2,\"name\":\"Shop\",\"item\":\"https:\\\/\\\/printaberlin.de\\\/en\\\/shop\\\/\"},{\"@type\":\"ListItem\",\"position\":3,\"name\":\"Cotton Gymsac\"}]},{\"@type\":\"WebSite\",\"@id\":\"https:\\\/\\\/printaberlin.de\\\/en\\\/#website\",\"url\":\"https:\\\/\\\/printaberlin.de\\\/en\\\/\",\"name\":\"Printa Berlin | Textilien und T-Shirts Bedrucken\",\"description\":\"Entdecken Sie Printa Berlin \u2013 Ihr Experte f\u00fcr personalisierten Druck! T-Shirts, Poloshirts, Hoodies, Sweatshirts, Taschen, Caps und mehr.\",\"publisher\":{\"@id\":\"https:\\\/\\\/printaberlin.de\\\/en\\\/#organization\"},\"potentialAction\":[{\"@type\":\"SearchAction\",\"target\":{\"@type\":\"EntryPoint\",\"urlTemplate\":\"https:\\\/\\\/printaberlin.de\\\/en\\\/?s={search_term_string}\"},\"query-input\":{\"@type\":\"PropertyValueSpecification\",\"valueRequired\":true,\"valueName\":\"search_term_string\"}}],\"inLanguage\":\"en-US\"},{\"@type\":\"Organization\",\"@id\":\"https:\\\/\\\/printaberlin.de\\\/en\\\/#organization\",\"name\":\"Printa Berlin\",\"url\":\"https:\\\/\\\/printaberlin.de\\\/en\\\/\",\"logo\":{\"@type\":\"ImageObject\",\"inLanguage\":\"en-US\",\"@id\":\"https:\\\/\\\/printaberlin.de\\\/en\\\/#\\\/schema\\\/logo\\\/image\\\/\",\"url\":\"https:\\\/\\\/printaberlin.de\\\/wp-content\\\/uploads\\\/2025\\\/03\\\/csdsdcdsc.png\",\"contentUrl\":\"https:\\\/\\\/printaberlin.de\\\/wp-content\\\/uploads\\\/2025\\\/03\\\/csdsdcdsc.png\",\"width\":512,\"height\":512,\"caption\":\"Printa Berlin\"},\"image\":{\"@id\":\"https:\\\/\\\/printaberlin.de\\\/en\\\/#\\\/schema\\\/logo\\\/image\\\/\"},\"sameAs\":[\"https:\\\/\\\/www.instagram.com\\\/printaberlin\\\/\"]}]}<\/script>\n<meta property=\"og:availability\" content=\"instock\" \/>\n<meta property=\"product:availability\" content=\"instock\" \/>\n<meta property=\"product:condition\" content=\"new\" \/>\n<!-- \/ Yoast SEO Premium plugin. -->","yoast_head_json":{"title":"Cotton Gymsac by Westford Mill | Personalize with your design | Printa Berlin | Textilien und T-Shirts Bedrucken","description":"Der Cotton Gymsac aus recycelter Baumwolle bietet Komfort und Langlebigkeit. Personalisieren Sie ihn mit Druck oder Stickerei.","robots":{"index":"index","follow":"follow","max-snippet":"max-snippet:-1","max-image-preview":"max-image-preview:large","max-video-preview":"max-video-preview:-1"},"canonical":"https:\/\/printaberlin.de\/en\/product\/cotton-gymsac\/","og_locale":"en_US","og_type":"article","og_title":"Cotton Gymsac","og_description":"Der Cotton Gymsac aus recycelter Baumwolle bietet Komfort und Langlebigkeit. Personalisieren Sie ihn mit Druck oder Stickerei.","og_url":"https:\/\/printaberlin.de\/en\/product\/cotton-gymsac\/","og_site_name":"Printa Berlin | Textilien und T-Shirts Bedrucken","article_modified_time":"2025-09-21T20:36:21+00:00","og_image":[{"width":600,"height":749,"url":"https:\/\/printaberlin.de\/wp-content\/uploads\/2025\/09\/474447.png","type":"image\/png"}],"twitter_card":"summary_large_image","twitter_misc":{"Availability":"In stock"},"schema":{"@context":"https:\/\/schema.org","@graph":[{"@type":"WebPage","@id":"https:\/\/printaberlin.de\/en\/product\/cotton-gymsac\/","url":"https:\/\/printaberlin.de\/en\/product\/cotton-gymsac\/","name":"Cotton Gymsac by Westford Mill | Personalize with your design | Printa Berlin | Textilien und T-Shirts Bedrucken","isPartOf":{"@id":"https:\/\/printaberlin.de\/en\/#website"},"primaryImageOfPage":{"@id":"https:\/\/printaberlin.de\/en\/product\/cotton-gymsac\/#primaryimage"},"image":{"@id":"https:\/\/printaberlin.de\/en\/product\/cotton-gymsac\/#primaryimage"},"thumbnailUrl":"https:\/\/printaberlin.de\/wp-content\/uploads\/2025\/09\/474447.png","datePublished":"2025-03-12T15:16:52+00:00","dateModified":"2025-09-21T20:36:21+00:00","description":"Der Cotton Gymsac aus recycelter Baumwolle bietet Komfort und Langlebigkeit. Personalisieren Sie ihn mit Druck oder Stickerei.","breadcrumb":{"@id":"https:\/\/printaberlin.de\/en\/product\/cotton-gymsac\/#breadcrumb"},"inLanguage":"en-US","potentialAction":[{"@type":"ReadAction","target":["https:\/\/printaberlin.de\/en\/product\/cotton-gymsac\/"]}]},{"@type":"ImageObject","inLanguage":"en-US","@id":"https:\/\/printaberlin.de\/en\/product\/cotton-gymsac\/#primaryimage","url":"https:\/\/printaberlin.de\/wp-content\/uploads\/2025\/09\/474447.png","contentUrl":"https:\/\/printaberlin.de\/wp-content\/uploads\/2025\/09\/474447.png","width":600,"height":749},{"@type":"BreadcrumbList","@id":"https:\/\/printaberlin.de\/en\/product\/cotton-gymsac\/#breadcrumb","itemListElement":[{"@type":"ListItem","position":1,"name":"Home","item":"https:\/\/printaberlin.de\/en\/"},{"@type":"ListItem","position":2,"name":"Shop","item":"https:\/\/printaberlin.de\/en\/shop\/"},{"@type":"ListItem","position":3,"name":"Cotton Gymsac"}]},{"@type":"WebSite","@id":"https:\/\/printaberlin.de\/en\/#website","url":"https:\/\/printaberlin.de\/en\/","name":"Printa Berlin | Textilien und T-Shirts Bedrucken","description":"Entdecken Sie Printa Berlin \u2013 Ihr Experte f\u00fcr personalisierten Druck! T-Shirts, Poloshirts, Hoodies, Sweatshirts, Taschen, Caps und mehr.","publisher":{"@id":"https:\/\/printaberlin.de\/en\/#organization"},"potentialAction":[{"@type":"SearchAction","target":{"@type":"EntryPoint","urlTemplate":"https:\/\/printaberlin.de\/en\/?s={search_term_string}"},"query-input":{"@type":"PropertyValueSpecification","valueRequired":true,"valueName":"search_term_string"}}],"inLanguage":"en-US"},{"@type":"Organization","@id":"https:\/\/printaberlin.de\/en\/#organization","name":"Printa Berlin","url":"https:\/\/printaberlin.de\/en\/","logo":{"@type":"ImageObject","inLanguage":"en-US","@id":"https:\/\/printaberlin.de\/en\/#\/schema\/logo\/image\/","url":"https:\/\/printaberlin.de\/wp-content\/uploads\/2025\/03\/csdsdcdsc.png","contentUrl":"https:\/\/printaberlin.de\/wp-content\/uploads\/2025\/03\/csdsdcdsc.png","width":512,"height":512,"caption":"Printa Berlin"},"image":{"@id":"https:\/\/printaberlin.de\/en\/#\/schema\/logo\/image\/"},"sameAs":["https:\/\/www.instagram.com\/printaberlin\/"]}]},"og_availability":"instock","product_availability":"instock","product_condition":"new"},"_links":{"self":[{"href":"https:\/\/printaberlin.de\/en\/wp-json\/wp\/v2\/product\/25561","targetHints":{"allow":["GET"]}}],"collection":[{"href":"https:\/\/printaberlin.de\/en\/wp-json\/wp\/v2\/product"}],"about":[{"href":"https:\/\/printaberlin.de\/en\/wp-json\/wp\/v2\/types\/product"}],"replies":[{"embeddable":true,"href":"https:\/\/printaberlin.de\/en\/wp-json\/wp\/v2\/comments?post=25561"}],"wp:featuredmedia":[{"embeddable":true,"href":"https:\/\/printaberlin.de\/en\/wp-json\/wp\/v2\/media\/26407"}],"wp:attachment":[{"href":"https:\/\/printaberlin.de\/en\/wp-json\/wp\/v2\/media?parent=25561"}],"wp:term":[{"taxonomy":"product_brand","embeddable":true,"href":"https:\/\/printaberlin.de\/en\/wp-json\/wp\/v2\/product_brand?post=25561"},{"taxonomy":"product_cat","embeddable":true,"href":"https:\/\/printaberlin.de\/en\/wp-json\/wp\/v2\/product_cat?post=25561"},{"taxonomy":"product_tag","embeddable":true,"href":"https:\/\/printaberlin.de\/en\/wp-json\/wp\/v2\/product_tag?post=25561"},{"taxonomy":"producproduct-categroyt-categroy","embeddable":true,"href":"https:\/\/printaberlin.de\/en\/wp-json\/wp\/v2\/producproduct-categroyt-categroy?post=25561"}],"curies":[{"name":"wp","href":"https:\/\/api.w.org\/{rel}","templated":true}]}}