{"id":25516,"date":"2025-03-12T17:06:53","date_gmt":"2025-03-12T17:06:53","guid":{"rendered":"https:\/\/printaberlin.de\/product\/long-handles-tote-bag\/"},"modified":"2025-09-21T20:36:20","modified_gmt":"2025-09-21T20:36:20","slug":"long-handles-tote-bag","status":"publish","type":"product","link":"https:\/\/printaberlin.de\/en\/product\/long-handles-tote-bag\/","title":{"rendered":"Long Handles Tote"},"content":{"rendered":"<p class=\"\" data-start=\"0\" data-end=\"71\"><strong data-start=\"0\" data-end=\"71\">Long Handles Tote: Robuste, umweltfreundliche Tasche f\u00fcr den Alltag<\/strong><\/p>\n<p class=\"\" data-start=\"73\" data-end=\"469\">Die <strong data-start=\"77\" data-end=\"98\">Long Handles Tote<\/strong> aus 100 % Baumwolle ist die ideale Wahl f\u00fcr all Ihre Aufbewahrungsbed\u00fcrfnisse. Mit einem Gewicht von 140 g\/m\u00b2 bietet diese Tasche die perfekte Kombination aus Leichtigkeit und Robustheit. Ob als Einkaufsbeutel oder als stylisches Accessoire f\u00fcr den Alltag, sie l\u00e4sst sich sowohl <strong data-start=\"378\" data-end=\"390\">von Hand<\/strong> als auch <strong data-start=\"400\" data-end=\"421\">\u00fcber der Schulter<\/strong> tragen, dank der langen Griffe von 67 cm L\u00e4nge.<\/p>\n<p class=\"\" data-start=\"471\" data-end=\"941\">Die <strong data-start=\"475\" data-end=\"496\">Tote<\/strong> misst 38 x 42 cm und bietet mit einem Volumen von 10 Litern ausreichend Platz f\u00fcr Ihre pers\u00f6nlichen Dinge. Sie eignet sich hervorragend f\u00fcr die <strong data-start=\"641\" data-end=\"661\">Personalisierung<\/strong> mit <strong data-start=\"666\" data-end=\"675\">Druck<\/strong> oder <strong data-start=\"681\" data-end=\"694\">Stickerei<\/strong>. Das <strong data-start=\"700\" data-end=\"719\">CutAway-Etikett<\/strong> erm\u00f6glicht eine einfache Neupersonalisation, was sie zu einer idealen Wahl f\u00fcr Unternehmen, Organisationen und Veranstaltungen macht. Ihre glatte Oberfl\u00e4che sorgt daf\u00fcr, dass Ihr Design in voller Pracht zur Geltung kommt.<\/p>\n<p class=\"\" data-start=\"943\" data-end=\"1193\">Diese Tasche ist nicht nur funktional, sondern auch umweltfreundlich, da sie aus 100 % Baumwolle besteht, einem nachhaltigen Material. Wenn Sie eine langlebige, anpassbare und praktische Tasche suchen, ist die <strong data-start=\"1153\" data-end=\"1174\">Tote<\/strong> die perfekte Wahl.<\/p>\n<p class=\"\" data-start=\"1195\" data-end=\"1234\"><strong data-start=\"1195\" data-end=\"1234\">Hauptmerkmale der Long Handles Tote<\/strong><\/p>\n<ul data-start=\"1236\" data-end=\"1688\">\n<li class=\"\" data-start=\"1236\" data-end=\"1294\">\n<p class=\"\" data-start=\"1238\" data-end=\"1294\"><strong data-start=\"1238\" data-end=\"1257\">100 % Baumwolle<\/strong> f\u00fcr eine umweltfreundliche Nutzung<\/p>\n<\/li>\n<li class=\"\" data-start=\"1295\" data-end=\"1354\">\n<p class=\"\" data-start=\"1297\" data-end=\"1354\"><strong data-start=\"1297\" data-end=\"1317\">140 g\/m\u00b2 Gewicht<\/strong> f\u00fcr Haltbarkeit und Vielseitigkeit<\/p>\n<\/li>\n<li class=\"\" data-start=\"1355\" data-end=\"1403\">\n<p class=\"\" data-start=\"1357\" data-end=\"1403\"><strong data-start=\"1357\" data-end=\"1367\">Gr\u00f6\u00dfen<\/strong>: 38 x 42 cm f\u00fcr ausreichend Platz<\/p>\n<\/li>\n<li class=\"\" data-start=\"1404\" data-end=\"1456\">\n<p class=\"\" data-start=\"1406\" data-end=\"1456\"><strong data-start=\"1406\" data-end=\"1417\">Volumen<\/strong>: 10 Liter f\u00fcr den t\u00e4glichen Gebrauch<\/p>\n<\/li>\n<li class=\"\" data-start=\"1457\" data-end=\"1511\">\n<p class=\"\" data-start=\"1459\" data-end=\"1511\"><strong data-start=\"1459\" data-end=\"1475\">Lange Griffe<\/strong> von 67 cm f\u00fcr komfortables Tragen<\/p>\n<\/li>\n<li class=\"\" data-start=\"1512\" data-end=\"1572\">\n<p class=\"\" data-start=\"1514\" data-end=\"1572\"><strong data-start=\"1514\" data-end=\"1533\">CutAway-Etikett<\/strong> f\u00fcr eine einfache Neupersonalisation<\/p>\n<\/li>\n<li class=\"\" data-start=\"1573\" data-end=\"1625\">\n<p class=\"\" data-start=\"1575\" data-end=\"1625\"><strong data-start=\"1575\" data-end=\"1603\">Waschbar bei bis zu 40\u00b0C<\/strong> f\u00fcr einfache Pflege<\/p>\n<\/li>\n<li class=\"\" data-start=\"1626\" data-end=\"1688\">\n<p class=\"\" data-start=\"1628\" data-end=\"1688\"><strong data-start=\"1628\" data-end=\"1654\">Hochwertige Oberfl\u00e4che<\/strong> f\u00fcr <strong data-start=\"1659\" data-end=\"1668\">Druck<\/strong> und <strong data-start=\"1673\" data-end=\"1686\">Stickerei<\/strong><\/p>\n<\/li>\n<\/ul>\n<p class=\"\" data-start=\"1690\" data-end=\"1755\"><strong data-start=\"1690\" data-end=\"1755\">Individuelle Druckdienstleistungen f\u00fcr Ihre Long Handles Tote<\/strong><\/p>\n<p class=\"\" data-start=\"1757\" data-end=\"1953\">Verleihen Sie Ihrer<strong data-start=\"1777\" data-end=\"1798\">\u00a0Tote<\/strong> eine pers\u00f6nliche Note mit unseren professionellen <strong data-start=\"1849\" data-end=\"1874\">Druckdienstleistungen<\/strong>. Wir bieten Ihnen verschiedene Techniken an, um Ihr Design perfekt umzusetzen:<\/p>\n<ul data-start=\"1955\" data-end=\"2135\">\n<li class=\"\" data-start=\"1955\" data-end=\"2013\">\n<p class=\"\" data-start=\"1957\" data-end=\"2013\"><strong data-start=\"1957\" data-end=\"1970\">DTF-Druck<\/strong>: Ideal f\u00fcr lebendige, langlebige Designs<\/p>\n<\/li>\n<li class=\"\" data-start=\"2014\" data-end=\"2065\">\n<p class=\"\" data-start=\"2016\" data-end=\"2065\"><strong data-start=\"2016\" data-end=\"2029\">Siebdruck<\/strong>: Perfekt f\u00fcr gro\u00dffl\u00e4chige Designs<\/p>\n<\/li>\n<li class=\"\" data-start=\"2066\" data-end=\"2135\">\n<p class=\"\" data-start=\"2068\" data-end=\"2135\"><strong data-start=\"2068\" data-end=\"2081\">Stickerei<\/strong>: Verleiht der Tasche eine edle und hochwertige Note<\/p>\n<\/li>\n<\/ul>\n<p class=\"\" data-start=\"2137\" data-end=\"2176\"><strong data-start=\"2137\" data-end=\"2176\">Warum die Long Handles Tote w\u00e4hlen?<\/strong><\/p>\n<p class=\"\" data-start=\"2178\" data-end=\"2582\">Die <strong data-start=\"2182\" data-end=\"2203\">Long Handles Tote<\/strong> bietet nicht nur eine ausgezeichnete Haltbarkeit und Funktionalit\u00e4t, sondern auch eine hervorragende Grundlage f\u00fcr die <strong data-start=\"2323\" data-end=\"2343\">Personalisierung<\/strong>. Nutzen Sie diese umweltfreundliche und stilvolle Tasche f\u00fcr Ihr Branding oder als personalisiertes Geschenk. Dank der robusten Baumwolle und der hervorragenden Druckfl\u00e4che wird diese Tasche auch nach h\u00e4ufigem Gebrauch immer gut aussehen.<\/p>\n","protected":false},"excerpt":{"rendered":"<p>Baumwolltasche mit langen Tr\u00e4gern, 10 Liter Volumen. 38cm x 42cm.<br \/>\n<strong>By Westford Mills<\/strong><\/p>\n","protected":false},"featured_media":26415,"comment_status":"open","ping_status":"closed","template":"","meta":{"nf_dc_page":""},"product_brand":[249],"product_cat":[433],"product_tag":[430],"producproduct-categroyt-categroy":[],"class_list":{"0":"post-25516","1":"product","2":"type-product","3":"status-publish","4":"has-post-thumbnail","6":"product_brand-westford-mill","7":"product_cat-taschen-bedrucken","8":"product_tag-unisex","10":"first","11":"instock","12":"shipping-taxable","13":"purchasable","14":"product-type-variable","15":"wvs-archive-product-wrapper"},"yoast_head":"<!-- This site is optimized with the Yoast SEO Premium plugin v24.6 (Yoast SEO v27.4) - https:\/\/yoast.com\/product\/yoast-seo-premium-wordpress\/ -->\n<title>Long Handles Tote Bag | Printa Berlin | Textilien und T-Shirts Bedrucken<\/title>\n<meta name=\"description\" content=\"Die Long Handles Tote Bag aus 100 % Baumwolle ist robust und ideal f\u00fcr Druck und Stickerei. Personalisieren Sie sie mit DTF-Druck, Siebdruck oder Stickerei.\" \/>\n<meta name=\"robots\" content=\"index, follow, max-snippet:-1, max-image-preview:large, max-video-preview:-1\" \/>\n<link rel=\"canonical\" href=\"https:\/\/printaberlin.de\/en\/product\/long-handles-tote-bag\/\" \/>\n<meta property=\"og:locale\" content=\"en_US\" \/>\n<meta property=\"og:type\" content=\"article\" \/>\n<meta property=\"og:title\" content=\"Long Handles Tote\" \/>\n<meta property=\"og:description\" content=\"Die Long Handles Tote Bag aus 100 % Baumwolle ist robust und ideal f\u00fcr Druck und Stickerei. Personalisieren Sie sie mit DTF-Druck, Siebdruck oder Stickerei.\" \/>\n<meta property=\"og:url\" content=\"https:\/\/printaberlin.de\/en\/product\/long-handles-tote-bag\/\" \/>\n<meta property=\"og:site_name\" content=\"Printa Berlin | Textilien und T-Shirts Bedrucken\" \/>\n<meta property=\"article:modified_time\" content=\"2025-09-21T20:36:20+00:00\" \/>\n<meta property=\"og:image\" content=\"https:\/\/printaberlin.de\/wp-content\/uploads\/2025\/09\/212vbfg21.png\" \/>\n\t<meta property=\"og:image:width\" content=\"600\" \/>\n\t<meta property=\"og:image:height\" content=\"749\" \/>\n\t<meta property=\"og:image:type\" content=\"image\/png\" \/>\n<meta name=\"twitter:card\" content=\"summary_large_image\" \/>\n<meta name=\"twitter:label1\" content=\"Availability\" \/>\n\t<meta name=\"twitter:data1\" content=\"In stock\" \/>\n<script type=\"application\/ld+json\" class=\"yoast-schema-graph\">{\"@context\":\"https:\\\/\\\/schema.org\",\"@graph\":[{\"@type\":\"WebPage\",\"@id\":\"https:\\\/\\\/printaberlin.de\\\/en\\\/product\\\/long-handles-tote-bag\\\/\",\"url\":\"https:\\\/\\\/printaberlin.de\\\/en\\\/product\\\/long-handles-tote-bag\\\/\",\"name\":\"Long Handles Tote Bag | Printa Berlin | Textilien und T-Shirts Bedrucken\",\"isPartOf\":{\"@id\":\"https:\\\/\\\/printaberlin.de\\\/en\\\/#website\"},\"primaryImageOfPage\":{\"@id\":\"https:\\\/\\\/printaberlin.de\\\/en\\\/product\\\/long-handles-tote-bag\\\/#primaryimage\"},\"image\":{\"@id\":\"https:\\\/\\\/printaberlin.de\\\/en\\\/product\\\/long-handles-tote-bag\\\/#primaryimage\"},\"thumbnailUrl\":\"https:\\\/\\\/printaberlin.de\\\/wp-content\\\/uploads\\\/2025\\\/09\\\/212vbfg21.png\",\"datePublished\":\"2025-03-12T17:06:53+00:00\",\"dateModified\":\"2025-09-21T20:36:20+00:00\",\"description\":\"Die Long Handles Tote Bag aus 100 % Baumwolle ist robust und ideal f\u00fcr Druck und Stickerei. Personalisieren Sie sie mit DTF-Druck, Siebdruck oder Stickerei.\",\"breadcrumb\":{\"@id\":\"https:\\\/\\\/printaberlin.de\\\/en\\\/product\\\/long-handles-tote-bag\\\/#breadcrumb\"},\"inLanguage\":\"en-US\",\"potentialAction\":[{\"@type\":\"ReadAction\",\"target\":[\"https:\\\/\\\/printaberlin.de\\\/en\\\/product\\\/long-handles-tote-bag\\\/\"]}]},{\"@type\":\"ImageObject\",\"inLanguage\":\"en-US\",\"@id\":\"https:\\\/\\\/printaberlin.de\\\/en\\\/product\\\/long-handles-tote-bag\\\/#primaryimage\",\"url\":\"https:\\\/\\\/printaberlin.de\\\/wp-content\\\/uploads\\\/2025\\\/09\\\/212vbfg21.png\",\"contentUrl\":\"https:\\\/\\\/printaberlin.de\\\/wp-content\\\/uploads\\\/2025\\\/09\\\/212vbfg21.png\",\"width\":600,\"height\":749},{\"@type\":\"BreadcrumbList\",\"@id\":\"https:\\\/\\\/printaberlin.de\\\/en\\\/product\\\/long-handles-tote-bag\\\/#breadcrumb\",\"itemListElement\":[{\"@type\":\"ListItem\",\"position\":1,\"name\":\"Home\",\"item\":\"https:\\\/\\\/printaberlin.de\\\/en\\\/\"},{\"@type\":\"ListItem\",\"position\":2,\"name\":\"Shop\",\"item\":\"https:\\\/\\\/printaberlin.de\\\/en\\\/shop\\\/\"},{\"@type\":\"ListItem\",\"position\":3,\"name\":\"Long Handles Tote\"}]},{\"@type\":\"WebSite\",\"@id\":\"https:\\\/\\\/printaberlin.de\\\/en\\\/#website\",\"url\":\"https:\\\/\\\/printaberlin.de\\\/en\\\/\",\"name\":\"Printa Berlin | Textilien und T-Shirts Bedrucken\",\"description\":\"Entdecken Sie Printa Berlin \u2013 Ihr Experte f\u00fcr personalisierten Druck! T-Shirts, Poloshirts, Hoodies, Sweatshirts, Taschen, Caps und mehr.\",\"publisher\":{\"@id\":\"https:\\\/\\\/printaberlin.de\\\/en\\\/#organization\"},\"potentialAction\":[{\"@type\":\"SearchAction\",\"target\":{\"@type\":\"EntryPoint\",\"urlTemplate\":\"https:\\\/\\\/printaberlin.de\\\/en\\\/?s={search_term_string}\"},\"query-input\":{\"@type\":\"PropertyValueSpecification\",\"valueRequired\":true,\"valueName\":\"search_term_string\"}}],\"inLanguage\":\"en-US\"},{\"@type\":\"Organization\",\"@id\":\"https:\\\/\\\/printaberlin.de\\\/en\\\/#organization\",\"name\":\"Printa Berlin\",\"url\":\"https:\\\/\\\/printaberlin.de\\\/en\\\/\",\"logo\":{\"@type\":\"ImageObject\",\"inLanguage\":\"en-US\",\"@id\":\"https:\\\/\\\/printaberlin.de\\\/en\\\/#\\\/schema\\\/logo\\\/image\\\/\",\"url\":\"https:\\\/\\\/printaberlin.de\\\/wp-content\\\/uploads\\\/2025\\\/03\\\/csdsdcdsc.png\",\"contentUrl\":\"https:\\\/\\\/printaberlin.de\\\/wp-content\\\/uploads\\\/2025\\\/03\\\/csdsdcdsc.png\",\"width\":512,\"height\":512,\"caption\":\"Printa Berlin\"},\"image\":{\"@id\":\"https:\\\/\\\/printaberlin.de\\\/en\\\/#\\\/schema\\\/logo\\\/image\\\/\"},\"sameAs\":[\"https:\\\/\\\/www.instagram.com\\\/printaberlin\\\/\"]}]}<\/script>\n<meta property=\"og:availability\" content=\"instock\" \/>\n<meta property=\"product:availability\" content=\"instock\" \/>\n<meta property=\"product:condition\" content=\"new\" \/>\n<!-- \/ Yoast SEO Premium plugin. -->","yoast_head_json":{"title":"Long Handles Tote Bag | Printa Berlin | Textilien und T-Shirts Bedrucken","description":"Die Long Handles Tote Bag aus 100 % Baumwolle ist robust und ideal f\u00fcr Druck und Stickerei. Personalisieren Sie sie mit DTF-Druck, Siebdruck oder Stickerei.","robots":{"index":"index","follow":"follow","max-snippet":"max-snippet:-1","max-image-preview":"max-image-preview:large","max-video-preview":"max-video-preview:-1"},"canonical":"https:\/\/printaberlin.de\/en\/product\/long-handles-tote-bag\/","og_locale":"en_US","og_type":"article","og_title":"Long Handles Tote","og_description":"Die Long Handles Tote Bag aus 100 % Baumwolle ist robust und ideal f\u00fcr Druck und Stickerei. Personalisieren Sie sie mit DTF-Druck, Siebdruck oder Stickerei.","og_url":"https:\/\/printaberlin.de\/en\/product\/long-handles-tote-bag\/","og_site_name":"Printa Berlin | Textilien und T-Shirts Bedrucken","article_modified_time":"2025-09-21T20:36:20+00:00","og_image":[{"width":600,"height":749,"url":"https:\/\/printaberlin.de\/wp-content\/uploads\/2025\/09\/212vbfg21.png","type":"image\/png"}],"twitter_card":"summary_large_image","twitter_misc":{"Availability":"In stock"},"schema":{"@context":"https:\/\/schema.org","@graph":[{"@type":"WebPage","@id":"https:\/\/printaberlin.de\/en\/product\/long-handles-tote-bag\/","url":"https:\/\/printaberlin.de\/en\/product\/long-handles-tote-bag\/","name":"Long Handles Tote Bag | Printa Berlin | Textilien und T-Shirts Bedrucken","isPartOf":{"@id":"https:\/\/printaberlin.de\/en\/#website"},"primaryImageOfPage":{"@id":"https:\/\/printaberlin.de\/en\/product\/long-handles-tote-bag\/#primaryimage"},"image":{"@id":"https:\/\/printaberlin.de\/en\/product\/long-handles-tote-bag\/#primaryimage"},"thumbnailUrl":"https:\/\/printaberlin.de\/wp-content\/uploads\/2025\/09\/212vbfg21.png","datePublished":"2025-03-12T17:06:53+00:00","dateModified":"2025-09-21T20:36:20+00:00","description":"Die Long Handles Tote Bag aus 100 % Baumwolle ist robust und ideal f\u00fcr Druck und Stickerei. Personalisieren Sie sie mit DTF-Druck, Siebdruck oder Stickerei.","breadcrumb":{"@id":"https:\/\/printaberlin.de\/en\/product\/long-handles-tote-bag\/#breadcrumb"},"inLanguage":"en-US","potentialAction":[{"@type":"ReadAction","target":["https:\/\/printaberlin.de\/en\/product\/long-handles-tote-bag\/"]}]},{"@type":"ImageObject","inLanguage":"en-US","@id":"https:\/\/printaberlin.de\/en\/product\/long-handles-tote-bag\/#primaryimage","url":"https:\/\/printaberlin.de\/wp-content\/uploads\/2025\/09\/212vbfg21.png","contentUrl":"https:\/\/printaberlin.de\/wp-content\/uploads\/2025\/09\/212vbfg21.png","width":600,"height":749},{"@type":"BreadcrumbList","@id":"https:\/\/printaberlin.de\/en\/product\/long-handles-tote-bag\/#breadcrumb","itemListElement":[{"@type":"ListItem","position":1,"name":"Home","item":"https:\/\/printaberlin.de\/en\/"},{"@type":"ListItem","position":2,"name":"Shop","item":"https:\/\/printaberlin.de\/en\/shop\/"},{"@type":"ListItem","position":3,"name":"Long Handles Tote"}]},{"@type":"WebSite","@id":"https:\/\/printaberlin.de\/en\/#website","url":"https:\/\/printaberlin.de\/en\/","name":"Printa Berlin | Textilien und T-Shirts Bedrucken","description":"Entdecken Sie Printa Berlin \u2013 Ihr Experte f\u00fcr personalisierten Druck! T-Shirts, Poloshirts, Hoodies, Sweatshirts, Taschen, Caps und mehr.","publisher":{"@id":"https:\/\/printaberlin.de\/en\/#organization"},"potentialAction":[{"@type":"SearchAction","target":{"@type":"EntryPoint","urlTemplate":"https:\/\/printaberlin.de\/en\/?s={search_term_string}"},"query-input":{"@type":"PropertyValueSpecification","valueRequired":true,"valueName":"search_term_string"}}],"inLanguage":"en-US"},{"@type":"Organization","@id":"https:\/\/printaberlin.de\/en\/#organization","name":"Printa Berlin","url":"https:\/\/printaberlin.de\/en\/","logo":{"@type":"ImageObject","inLanguage":"en-US","@id":"https:\/\/printaberlin.de\/en\/#\/schema\/logo\/image\/","url":"https:\/\/printaberlin.de\/wp-content\/uploads\/2025\/03\/csdsdcdsc.png","contentUrl":"https:\/\/printaberlin.de\/wp-content\/uploads\/2025\/03\/csdsdcdsc.png","width":512,"height":512,"caption":"Printa Berlin"},"image":{"@id":"https:\/\/printaberlin.de\/en\/#\/schema\/logo\/image\/"},"sameAs":["https:\/\/www.instagram.com\/printaberlin\/"]}]},"og_availability":"instock","product_availability":"instock","product_condition":"new"},"_links":{"self":[{"href":"https:\/\/printaberlin.de\/en\/wp-json\/wp\/v2\/product\/25516","targetHints":{"allow":["GET"]}}],"collection":[{"href":"https:\/\/printaberlin.de\/en\/wp-json\/wp\/v2\/product"}],"about":[{"href":"https:\/\/printaberlin.de\/en\/wp-json\/wp\/v2\/types\/product"}],"replies":[{"embeddable":true,"href":"https:\/\/printaberlin.de\/en\/wp-json\/wp\/v2\/comments?post=25516"}],"wp:featuredmedia":[{"embeddable":true,"href":"https:\/\/printaberlin.de\/en\/wp-json\/wp\/v2\/media\/26415"}],"wp:attachment":[{"href":"https:\/\/printaberlin.de\/en\/wp-json\/wp\/v2\/media?parent=25516"}],"wp:term":[{"taxonomy":"product_brand","embeddable":true,"href":"https:\/\/printaberlin.de\/en\/wp-json\/wp\/v2\/product_brand?post=25516"},{"taxonomy":"product_cat","embeddable":true,"href":"https:\/\/printaberlin.de\/en\/wp-json\/wp\/v2\/product_cat?post=25516"},{"taxonomy":"product_tag","embeddable":true,"href":"https:\/\/printaberlin.de\/en\/wp-json\/wp\/v2\/product_tag?post=25516"},{"taxonomy":"producproduct-categroyt-categroy","embeddable":true,"href":"https:\/\/printaberlin.de\/en\/wp-json\/wp\/v2\/producproduct-categroyt-categroy?post=25516"}],"curies":[{"name":"wp","href":"https:\/\/api.w.org\/{rel}","templated":true}]}}