{"id":25510,"date":"2025-03-12T18:44:58","date_gmt":"2025-03-12T18:44:58","guid":{"rendered":"https:\/\/printaberlin.de\/product\/cotton-stuff-bag-by-westford-mill\/"},"modified":"2025-09-21T20:36:20","modified_gmt":"2025-09-21T20:36:20","slug":"cotton-stuff-bag-by-westford-mill","status":"publish","type":"product","link":"https:\/\/printaberlin.de\/en\/product\/cotton-stuff-bag-by-westford-mill\/","title":{"rendered":"Cotton Stuff"},"content":{"rendered":"<h3 data-start=\"0\" data-end=\"62\"><strong data-start=\"0\" data-end=\"62\">Cotton Stuff Bag: Vielseitig, Praktisch und Personalisiert<\/strong><\/h3>\n<p class=\"\" data-start=\"64\" data-end=\"499\">Die <strong data-start=\"68\" data-end=\"88\">Cotton Stuff Bag<\/strong> ist eine praktische und nachhaltige Tasche aus 100 % Baumwolle, die sich perfekt f\u00fcr den t\u00e4glichen Gebrauch oder als Werbeartikel eignet. Mit einem Gewicht von 140 g\/m\u00b2 bietet die Tasche eine robuste Struktur und ausreichend Platz f\u00fcr die Aufbewahrung kleinerer Gegenst\u00e4nde. Der <strong data-start=\"368\" data-end=\"396\">Rope Drawcord-Verschluss<\/strong> sorgt daf\u00fcr, dass der Inhalt sicher verstaut bleibt, und bietet gleichzeitig eine einfache Handhabung.<\/p>\n<p class=\"\" data-start=\"501\" data-end=\"976\">Erh\u00e4ltlich in sechs verschiedenen Gr\u00f6\u00dfen (XXS, XS, S, M, L, XL), ist die <strong data-start=\"574\" data-end=\"594\">Cotton Stuff Bag<\/strong> f\u00fcr eine Vielzahl von Verwendungszwecken geeignet. Die Taschen reichen von kleinen Gr\u00f6\u00dfen (XXS mit 0,25 Litern) bis hin zu gr\u00f6\u00dferen Taschen (XL mit 38 Litern Volumen). Jede Gr\u00f6\u00dfe ist mit einem <strong data-start=\"788\" data-end=\"807\">CutAway-Etikett<\/strong> ausgestattet, das die einfache Neupersonalisation der Taschen erm\u00f6glicht \u2013 ideal f\u00fcr Unternehmen, die ihre Marke auf diese umweltfreundliche Weise pr\u00e4sentieren m\u00f6chten.<\/p>\n<p class=\"\" data-start=\"978\" data-end=\"1328\">Durch den <strong data-start=\"988\" data-end=\"1016\">Rope Drawcord-Verschluss<\/strong> ist die Tasche besonders praktisch und vielseitig einsetzbar. Sie kann im Alltag genutzt oder f\u00fcr Events, Messen und Werbezwecke personalisiert werden. Die glatte Oberfl\u00e4che und die robuste Baumwollqualit\u00e4t machen sie ideal f\u00fcr <strong data-start=\"1245\" data-end=\"1254\">Druck<\/strong> und <strong data-start=\"1259\" data-end=\"1272\">Stickerei<\/strong>, sodass Ihr Design oder Logo perfekt zur Geltung kommt.<\/p>\n<h4 data-start=\"1330\" data-end=\"1368\"><strong data-start=\"1330\" data-end=\"1368\">Hauptmerkmale der Stuff Bag<\/strong><\/h4>\n<ul data-start=\"1370\" data-end=\"1983\">\n<li class=\"\" data-start=\"1370\" data-end=\"1443\">\n<p class=\"\" data-start=\"1372\" data-end=\"1443\"><strong data-start=\"1372\" data-end=\"1391\">100 % Baumwolle<\/strong> f\u00fcr eine umweltfreundliche und langlebige Nutzung<\/p>\n<\/li>\n<li class=\"\" data-start=\"1444\" data-end=\"1502\">\n<p class=\"\" data-start=\"1446\" data-end=\"1502\"><strong data-start=\"1446\" data-end=\"1458\">140 g\/m\u00b2<\/strong> Gewicht f\u00fcr Robustheit und Vielseitigkeit<\/p>\n<\/li>\n<li class=\"\" data-start=\"1503\" data-end=\"1580\">\n<p class=\"\" data-start=\"1505\" data-end=\"1580\"><strong data-start=\"1505\" data-end=\"1533\">Rope Drawcord-Verschluss<\/strong> f\u00fcr einfachen Zugang und sicheren Verschluss<\/p>\n<\/li>\n<li class=\"\" data-start=\"1581\" data-end=\"1636\">\n<p class=\"\" data-start=\"1583\" data-end=\"1636\"><strong data-start=\"1583\" data-end=\"1612\">Verf\u00fcgbar in sechs Gr\u00f6\u00dfen<\/strong>: XXS, XS, S, M, L, XL<\/p>\n<\/li>\n<li class=\"\" data-start=\"1637\" data-end=\"1869\">\n<p class=\"\" data-start=\"1639\" data-end=\"1662\"><strong data-start=\"1639\" data-end=\"1661\">Gr\u00f6\u00dfen und Volumen<\/strong>:<\/p>\n<ul data-start=\"1665\" data-end=\"1869\">\n<li class=\"\" data-start=\"1665\" data-end=\"1700\">\n<p class=\"\" data-start=\"1667\" data-end=\"1700\"><strong data-start=\"1667\" data-end=\"1674\">XXS<\/strong>: 10 x 15 cm, 0,25 Liter<\/p>\n<\/li>\n<li class=\"\" data-start=\"1703\" data-end=\"1734\">\n<p class=\"\" data-start=\"1705\" data-end=\"1734\"><strong data-start=\"1705\" data-end=\"1711\">XS<\/strong>: 14 x 20 cm, 1 Liter<\/p>\n<\/li>\n<li class=\"\" data-start=\"1737\" data-end=\"1767\">\n<p class=\"\" data-start=\"1739\" data-end=\"1767\"><strong data-start=\"1739\" data-end=\"1744\">S<\/strong>: 25 x 30 cm, 3 Liter<\/p>\n<\/li>\n<li class=\"\" data-start=\"1770\" data-end=\"1800\">\n<p class=\"\" data-start=\"1772\" data-end=\"1800\"><strong data-start=\"1772\" data-end=\"1777\">M<\/strong>: 30 x 45 cm, 8 Liter<\/p>\n<\/li>\n<li class=\"\" data-start=\"1803\" data-end=\"1834\">\n<p class=\"\" data-start=\"1805\" data-end=\"1834\"><strong data-start=\"1805\" data-end=\"1810\">L<\/strong>: 40 x 50 cm, 14 Liter<\/p>\n<\/li>\n<li class=\"\" data-start=\"1837\" data-end=\"1869\">\n<p class=\"\" data-start=\"1839\" data-end=\"1869\"><strong data-start=\"1839\" data-end=\"1845\">XL<\/strong>: 49 x 75 cm, 38 Liter<\/p>\n<\/li>\n<\/ul>\n<\/li>\n<li class=\"\" data-start=\"1870\" data-end=\"1925\">\n<p class=\"\" data-start=\"1872\" data-end=\"1925\"><strong data-start=\"1872\" data-end=\"1891\">CutAway-Etikett<\/strong> f\u00fcr einfache Neupersonalisation<\/p>\n<\/li>\n<li class=\"\" data-start=\"1926\" data-end=\"1983\">\n<p class=\"\" data-start=\"1928\" data-end=\"1983\"><strong data-start=\"1928\" data-end=\"1956\">Waschbar bei bis zu 40\u00b0C<\/strong> f\u00fcr eine einfache Pflege<\/p>\n<\/li>\n<\/ul>\n<h4 data-start=\"1985\" data-end=\"2049\"><strong data-start=\"1985\" data-end=\"2049\">Individuelle Druckdienstleistungen f\u00fcr Ihre Cotton Stuff Bag<\/strong><\/h4>\n<p class=\"\" data-start=\"2051\" data-end=\"2243\">Verleihen Sie Ihrer <strong data-start=\"2071\" data-end=\"2091\">Cotton Stuff Bag<\/strong> eine individuelle Note mit unseren professionellen <strong data-start=\"2143\" data-end=\"2168\">Druckdienstleistungen<\/strong>. W\u00e4hlen Sie aus verschiedenen Techniken, um Ihr Design perfekt umzusetzen:<\/p>\n<ul data-start=\"2245\" data-end=\"2435\">\n<li class=\"\" data-start=\"2245\" data-end=\"2303\">\n<p class=\"\" data-start=\"2247\" data-end=\"2303\"><strong data-start=\"2247\" data-end=\"2260\">DTF-Druck<\/strong>: Ideal f\u00fcr lebendige, langlebige Designs<\/p>\n<\/li>\n<li class=\"\" data-start=\"2304\" data-end=\"2365\">\n<p class=\"\" data-start=\"2306\" data-end=\"2365\"><strong data-start=\"2306\" data-end=\"2319\">Siebdruck<\/strong>: Perfekt f\u00fcr gro\u00dffl\u00e4chige, kr\u00e4ftige Designs<\/p>\n<\/li>\n<li class=\"\" data-start=\"2366\" data-end=\"2435\">\n<p class=\"\" data-start=\"2368\" data-end=\"2435\"><strong data-start=\"2368\" data-end=\"2381\">Stickerei<\/strong>: Verleiht der Tasche eine edle und hochwertige Note<\/p>\n<\/li>\n<\/ul>\n<h4 data-start=\"2437\" data-end=\"2475\"><strong data-start=\"2437\" data-end=\"2475\">Warum die Cotton Stuff Bag w\u00e4hlen?<\/strong><\/h4>\n<p class=\"\" data-start=\"2477\" data-end=\"2876\">Die <strong data-start=\"2481\" data-end=\"2501\">Cotton Stuff Bag<\/strong> ist nicht nur funktional und nachhaltig, sondern auch eine ausgezeichnete Wahl f\u00fcr die <strong data-start=\"2589\" data-end=\"2609\">Personalisierung<\/strong>. Ob f\u00fcr ein Event, Werbezwecke oder als praktischer Alltagsbegleiter \u2013 diese Tasche l\u00e4sst sich einfach anpassen und bietet dabei hervorragende Qualit\u00e4t und eine lange Lebensdauer. Nutzen Sie unsere <strong data-start=\"2808\" data-end=\"2833\">Druckdienstleistungen<\/strong>, um Ihre individuelle Tasche zu gestalten.<\/p>\n","protected":false},"excerpt":{"rendered":"<p>Baumwollbeutel mit Rope Drawcord-Verschluss, ideal f\u00fcr Druck und Stickerei.<br \/>\n<strong>By Westford Mills<\/strong><\/p>\n","protected":false},"featured_media":26427,"comment_status":"open","ping_status":"closed","template":"","meta":{"nf_dc_page":""},"product_brand":[249],"product_cat":[433],"product_tag":[430],"producproduct-categroyt-categroy":[],"class_list":{"0":"post-25510","1":"product","2":"type-product","3":"status-publish","4":"has-post-thumbnail","6":"product_brand-westford-mill","7":"product_cat-taschen-bedrucken","8":"product_tag-unisex","10":"first","11":"instock","12":"shipping-taxable","13":"purchasable","14":"product-type-variable","15":"has-default-attributes","16":"wvs-archive-product-wrapper"},"yoast_head":"<!-- This site is optimized with the Yoast SEO Premium plugin v24.6 (Yoast SEO v27.4) - https:\/\/yoast.com\/product\/yoast-seo-premium-wordpress\/ -->\n<title>Cotton Stuff Bag by Westford Mill Personalized | Printa Berlin | Textilien und T-Shirts Bedrucken<\/title>\n<meta name=\"description\" content=\"Die Cotton Stuff Bag aus 100 % Baumwolle ist ideal f\u00fcr Druck und Stickerei. Erh\u00e4ltlich in verschiedenen Gr\u00f6\u00dfen und Kapazit\u00e4ten f\u00fcr Ihre personalisierten Design\" \/>\n<meta name=\"robots\" content=\"index, follow, max-snippet:-1, max-image-preview:large, max-video-preview:-1\" \/>\n<link rel=\"canonical\" href=\"https:\/\/printaberlin.de\/en\/product\/cotton-stuff-bag-by-westford-mill\/\" \/>\n<meta property=\"og:locale\" content=\"en_US\" \/>\n<meta property=\"og:type\" content=\"article\" \/>\n<meta property=\"og:title\" content=\"Cotton Stuff\" \/>\n<meta property=\"og:description\" content=\"Die Cotton Stuff Bag aus 100 % Baumwolle ist ideal f\u00fcr Druck und Stickerei. Erh\u00e4ltlich in verschiedenen Gr\u00f6\u00dfen und Kapazit\u00e4ten f\u00fcr Ihre personalisierten Design\" \/>\n<meta property=\"og:url\" content=\"https:\/\/printaberlin.de\/en\/product\/cotton-stuff-bag-by-westford-mill\/\" \/>\n<meta property=\"og:site_name\" content=\"Printa Berlin | Textilien und T-Shirts Bedrucken\" \/>\n<meta property=\"article:modified_time\" content=\"2025-09-21T20:36:20+00:00\" \/>\n<meta property=\"og:image\" content=\"https:\/\/printaberlin.de\/wp-content\/uploads\/2025\/09\/77788787.png\" \/>\n\t<meta property=\"og:image:width\" content=\"600\" \/>\n\t<meta property=\"og:image:height\" content=\"749\" \/>\n\t<meta property=\"og:image:type\" content=\"image\/png\" \/>\n<meta name=\"twitter:card\" content=\"summary_large_image\" \/>\n<meta name=\"twitter:label1\" content=\"Availability\" \/>\n\t<meta name=\"twitter:data1\" content=\"In stock\" \/>\n<script type=\"application\/ld+json\" class=\"yoast-schema-graph\">{\"@context\":\"https:\\\/\\\/schema.org\",\"@graph\":[{\"@type\":\"WebPage\",\"@id\":\"https:\\\/\\\/printaberlin.de\\\/en\\\/product\\\/cotton-stuff-bag-by-westford-mill\\\/\",\"url\":\"https:\\\/\\\/printaberlin.de\\\/en\\\/product\\\/cotton-stuff-bag-by-westford-mill\\\/\",\"name\":\"Cotton Stuff Bag by Westford Mill Personalized | Printa Berlin | Textilien und T-Shirts Bedrucken\",\"isPartOf\":{\"@id\":\"https:\\\/\\\/printaberlin.de\\\/en\\\/#website\"},\"primaryImageOfPage\":{\"@id\":\"https:\\\/\\\/printaberlin.de\\\/en\\\/product\\\/cotton-stuff-bag-by-westford-mill\\\/#primaryimage\"},\"image\":{\"@id\":\"https:\\\/\\\/printaberlin.de\\\/en\\\/product\\\/cotton-stuff-bag-by-westford-mill\\\/#primaryimage\"},\"thumbnailUrl\":\"https:\\\/\\\/printaberlin.de\\\/wp-content\\\/uploads\\\/2025\\\/09\\\/77788787.png\",\"datePublished\":\"2025-03-12T18:44:58+00:00\",\"dateModified\":\"2025-09-21T20:36:20+00:00\",\"description\":\"Die Cotton Stuff Bag aus 100 % Baumwolle ist ideal f\u00fcr Druck und Stickerei. Erh\u00e4ltlich in verschiedenen Gr\u00f6\u00dfen und Kapazit\u00e4ten f\u00fcr Ihre personalisierten Design\",\"breadcrumb\":{\"@id\":\"https:\\\/\\\/printaberlin.de\\\/en\\\/product\\\/cotton-stuff-bag-by-westford-mill\\\/#breadcrumb\"},\"inLanguage\":\"en-US\",\"potentialAction\":[{\"@type\":\"ReadAction\",\"target\":[\"https:\\\/\\\/printaberlin.de\\\/en\\\/product\\\/cotton-stuff-bag-by-westford-mill\\\/\"]}]},{\"@type\":\"ImageObject\",\"inLanguage\":\"en-US\",\"@id\":\"https:\\\/\\\/printaberlin.de\\\/en\\\/product\\\/cotton-stuff-bag-by-westford-mill\\\/#primaryimage\",\"url\":\"https:\\\/\\\/printaberlin.de\\\/wp-content\\\/uploads\\\/2025\\\/09\\\/77788787.png\",\"contentUrl\":\"https:\\\/\\\/printaberlin.de\\\/wp-content\\\/uploads\\\/2025\\\/09\\\/77788787.png\",\"width\":600,\"height\":749},{\"@type\":\"BreadcrumbList\",\"@id\":\"https:\\\/\\\/printaberlin.de\\\/en\\\/product\\\/cotton-stuff-bag-by-westford-mill\\\/#breadcrumb\",\"itemListElement\":[{\"@type\":\"ListItem\",\"position\":1,\"name\":\"Home\",\"item\":\"https:\\\/\\\/printaberlin.de\\\/en\\\/\"},{\"@type\":\"ListItem\",\"position\":2,\"name\":\"Shop\",\"item\":\"https:\\\/\\\/printaberlin.de\\\/en\\\/shop\\\/\"},{\"@type\":\"ListItem\",\"position\":3,\"name\":\"Cotton Stuff\"}]},{\"@type\":\"WebSite\",\"@id\":\"https:\\\/\\\/printaberlin.de\\\/en\\\/#website\",\"url\":\"https:\\\/\\\/printaberlin.de\\\/en\\\/\",\"name\":\"Printa Berlin | Textilien und T-Shirts Bedrucken\",\"description\":\"Entdecken Sie Printa Berlin \u2013 Ihr Experte f\u00fcr personalisierten Druck! T-Shirts, Poloshirts, Hoodies, Sweatshirts, Taschen, Caps und mehr.\",\"publisher\":{\"@id\":\"https:\\\/\\\/printaberlin.de\\\/en\\\/#organization\"},\"potentialAction\":[{\"@type\":\"SearchAction\",\"target\":{\"@type\":\"EntryPoint\",\"urlTemplate\":\"https:\\\/\\\/printaberlin.de\\\/en\\\/?s={search_term_string}\"},\"query-input\":{\"@type\":\"PropertyValueSpecification\",\"valueRequired\":true,\"valueName\":\"search_term_string\"}}],\"inLanguage\":\"en-US\"},{\"@type\":\"Organization\",\"@id\":\"https:\\\/\\\/printaberlin.de\\\/en\\\/#organization\",\"name\":\"Printa Berlin\",\"url\":\"https:\\\/\\\/printaberlin.de\\\/en\\\/\",\"logo\":{\"@type\":\"ImageObject\",\"inLanguage\":\"en-US\",\"@id\":\"https:\\\/\\\/printaberlin.de\\\/en\\\/#\\\/schema\\\/logo\\\/image\\\/\",\"url\":\"https:\\\/\\\/printaberlin.de\\\/wp-content\\\/uploads\\\/2025\\\/03\\\/csdsdcdsc.png\",\"contentUrl\":\"https:\\\/\\\/printaberlin.de\\\/wp-content\\\/uploads\\\/2025\\\/03\\\/csdsdcdsc.png\",\"width\":512,\"height\":512,\"caption\":\"Printa Berlin\"},\"image\":{\"@id\":\"https:\\\/\\\/printaberlin.de\\\/en\\\/#\\\/schema\\\/logo\\\/image\\\/\"},\"sameAs\":[\"https:\\\/\\\/www.instagram.com\\\/printaberlin\\\/\"]}]}<\/script>\n<meta property=\"og:availability\" content=\"instock\" \/>\n<meta property=\"product:availability\" content=\"instock\" \/>\n<meta property=\"product:condition\" content=\"new\" \/>\n<!-- \/ Yoast SEO Premium plugin. -->","yoast_head_json":{"title":"Cotton Stuff Bag by Westford Mill Personalized | Printa Berlin | Textilien und T-Shirts Bedrucken","description":"Die Cotton Stuff Bag aus 100 % Baumwolle ist ideal f\u00fcr Druck und Stickerei. Erh\u00e4ltlich in verschiedenen Gr\u00f6\u00dfen und Kapazit\u00e4ten f\u00fcr Ihre personalisierten Design","robots":{"index":"index","follow":"follow","max-snippet":"max-snippet:-1","max-image-preview":"max-image-preview:large","max-video-preview":"max-video-preview:-1"},"canonical":"https:\/\/printaberlin.de\/en\/product\/cotton-stuff-bag-by-westford-mill\/","og_locale":"en_US","og_type":"article","og_title":"Cotton Stuff","og_description":"Die Cotton Stuff Bag aus 100 % Baumwolle ist ideal f\u00fcr Druck und Stickerei. Erh\u00e4ltlich in verschiedenen Gr\u00f6\u00dfen und Kapazit\u00e4ten f\u00fcr Ihre personalisierten Design","og_url":"https:\/\/printaberlin.de\/en\/product\/cotton-stuff-bag-by-westford-mill\/","og_site_name":"Printa Berlin | Textilien und T-Shirts Bedrucken","article_modified_time":"2025-09-21T20:36:20+00:00","og_image":[{"width":600,"height":749,"url":"https:\/\/printaberlin.de\/wp-content\/uploads\/2025\/09\/77788787.png","type":"image\/png"}],"twitter_card":"summary_large_image","twitter_misc":{"Availability":"In stock"},"schema":{"@context":"https:\/\/schema.org","@graph":[{"@type":"WebPage","@id":"https:\/\/printaberlin.de\/en\/product\/cotton-stuff-bag-by-westford-mill\/","url":"https:\/\/printaberlin.de\/en\/product\/cotton-stuff-bag-by-westford-mill\/","name":"Cotton Stuff Bag by Westford Mill Personalized | Printa Berlin | Textilien und T-Shirts Bedrucken","isPartOf":{"@id":"https:\/\/printaberlin.de\/en\/#website"},"primaryImageOfPage":{"@id":"https:\/\/printaberlin.de\/en\/product\/cotton-stuff-bag-by-westford-mill\/#primaryimage"},"image":{"@id":"https:\/\/printaberlin.de\/en\/product\/cotton-stuff-bag-by-westford-mill\/#primaryimage"},"thumbnailUrl":"https:\/\/printaberlin.de\/wp-content\/uploads\/2025\/09\/77788787.png","datePublished":"2025-03-12T18:44:58+00:00","dateModified":"2025-09-21T20:36:20+00:00","description":"Die Cotton Stuff Bag aus 100 % Baumwolle ist ideal f\u00fcr Druck und Stickerei. Erh\u00e4ltlich in verschiedenen Gr\u00f6\u00dfen und Kapazit\u00e4ten f\u00fcr Ihre personalisierten Design","breadcrumb":{"@id":"https:\/\/printaberlin.de\/en\/product\/cotton-stuff-bag-by-westford-mill\/#breadcrumb"},"inLanguage":"en-US","potentialAction":[{"@type":"ReadAction","target":["https:\/\/printaberlin.de\/en\/product\/cotton-stuff-bag-by-westford-mill\/"]}]},{"@type":"ImageObject","inLanguage":"en-US","@id":"https:\/\/printaberlin.de\/en\/product\/cotton-stuff-bag-by-westford-mill\/#primaryimage","url":"https:\/\/printaberlin.de\/wp-content\/uploads\/2025\/09\/77788787.png","contentUrl":"https:\/\/printaberlin.de\/wp-content\/uploads\/2025\/09\/77788787.png","width":600,"height":749},{"@type":"BreadcrumbList","@id":"https:\/\/printaberlin.de\/en\/product\/cotton-stuff-bag-by-westford-mill\/#breadcrumb","itemListElement":[{"@type":"ListItem","position":1,"name":"Home","item":"https:\/\/printaberlin.de\/en\/"},{"@type":"ListItem","position":2,"name":"Shop","item":"https:\/\/printaberlin.de\/en\/shop\/"},{"@type":"ListItem","position":3,"name":"Cotton Stuff"}]},{"@type":"WebSite","@id":"https:\/\/printaberlin.de\/en\/#website","url":"https:\/\/printaberlin.de\/en\/","name":"Printa Berlin | Textilien und T-Shirts Bedrucken","description":"Entdecken Sie Printa Berlin \u2013 Ihr Experte f\u00fcr personalisierten Druck! T-Shirts, Poloshirts, Hoodies, Sweatshirts, Taschen, Caps und mehr.","publisher":{"@id":"https:\/\/printaberlin.de\/en\/#organization"},"potentialAction":[{"@type":"SearchAction","target":{"@type":"EntryPoint","urlTemplate":"https:\/\/printaberlin.de\/en\/?s={search_term_string}"},"query-input":{"@type":"PropertyValueSpecification","valueRequired":true,"valueName":"search_term_string"}}],"inLanguage":"en-US"},{"@type":"Organization","@id":"https:\/\/printaberlin.de\/en\/#organization","name":"Printa Berlin","url":"https:\/\/printaberlin.de\/en\/","logo":{"@type":"ImageObject","inLanguage":"en-US","@id":"https:\/\/printaberlin.de\/en\/#\/schema\/logo\/image\/","url":"https:\/\/printaberlin.de\/wp-content\/uploads\/2025\/03\/csdsdcdsc.png","contentUrl":"https:\/\/printaberlin.de\/wp-content\/uploads\/2025\/03\/csdsdcdsc.png","width":512,"height":512,"caption":"Printa Berlin"},"image":{"@id":"https:\/\/printaberlin.de\/en\/#\/schema\/logo\/image\/"},"sameAs":["https:\/\/www.instagram.com\/printaberlin\/"]}]},"og_availability":"instock","product_availability":"instock","product_condition":"new"},"_links":{"self":[{"href":"https:\/\/printaberlin.de\/en\/wp-json\/wp\/v2\/product\/25510","targetHints":{"allow":["GET"]}}],"collection":[{"href":"https:\/\/printaberlin.de\/en\/wp-json\/wp\/v2\/product"}],"about":[{"href":"https:\/\/printaberlin.de\/en\/wp-json\/wp\/v2\/types\/product"}],"replies":[{"embeddable":true,"href":"https:\/\/printaberlin.de\/en\/wp-json\/wp\/v2\/comments?post=25510"}],"wp:featuredmedia":[{"embeddable":true,"href":"https:\/\/printaberlin.de\/en\/wp-json\/wp\/v2\/media\/26427"}],"wp:attachment":[{"href":"https:\/\/printaberlin.de\/en\/wp-json\/wp\/v2\/media?parent=25510"}],"wp:term":[{"taxonomy":"product_brand","embeddable":true,"href":"https:\/\/printaberlin.de\/en\/wp-json\/wp\/v2\/product_brand?post=25510"},{"taxonomy":"product_cat","embeddable":true,"href":"https:\/\/printaberlin.de\/en\/wp-json\/wp\/v2\/product_cat?post=25510"},{"taxonomy":"product_tag","embeddable":true,"href":"https:\/\/printaberlin.de\/en\/wp-json\/wp\/v2\/product_tag?post=25510"},{"taxonomy":"producproduct-categroyt-categroy","embeddable":true,"href":"https:\/\/printaberlin.de\/en\/wp-json\/wp\/v2\/producproduct-categroyt-categroy?post=25510"}],"curies":[{"name":"wp","href":"https:\/\/api.w.org\/{rel}","templated":true}]}}