{"id":25447,"date":"2025-04-01T14:18:03","date_gmt":"2025-04-01T14:18:03","guid":{"rendered":"https:\/\/printaberlin.de\/product\/oversized-t-shirt-ep19\/"},"modified":"2025-09-21T20:36:18","modified_gmt":"2025-09-21T20:36:18","slug":"oversized-t-shirt-ep19","status":"publish","type":"product","link":"https:\/\/printaberlin.de\/en\/product\/oversized-t-shirt-ep19\/","title":{"rendered":"Oversized T-Shirt"},"content":{"rendered":"<h3 data-start=\"0\" data-end=\"65\"><strong data-start=\"0\" data-end=\"65\">Oversized T-Shirt EP19: Komfortabel, Nachhaltig und Anpassbar<\/strong><\/h3>\n<p class=\"\" data-start=\"67\" data-end=\"500\">Das <strong data-start=\"71\" data-end=\"97\">Oversized T-Shirt EP19<\/strong> bietet Ihnen den perfekten Mix aus Stil, Komfort und Nachhaltigkeit. Hergestellt aus 185 g\/m\u00b2 hochwertiger 100 % Bio-Baumwolle, bietet dieses T-Shirt nicht nur ein weiches Tragegef\u00fchl, sondern auch eine ausgezeichnete Oberfl\u00e4che f\u00fcr personalisierte Drucktechniken. Mit seiner lockeren Passform und dem modernen Look eignet es sich ideal f\u00fcr alle, die ein stylisches, nachhaltiges Kleidungsst\u00fcck suchen.<\/p>\n<p class=\"\" data-start=\"502\" data-end=\"902\">Der EP-Logo-Size-Tab ist an der Mitte des R\u00fcckens angebracht, um die Authentizit\u00e4t und Qualit\u00e4t der Marke zu unterstreichen. Dieses Etikett dient als &#8220;Kommunikationsmittel&#8221; und hebt die ethischen und nachhaltigen Eigenschaften des Kleidungsst\u00fccks hervor \u2013 der Earth Positive &#8216;Tick&#8217; garantiert h\u00f6chste Umweltstandards. Perfekt f\u00fcr umweltbewusste Kunden, die Wert auf Qualit\u00e4t und Nachhaltigkeit legen.<\/p>\n<h4 data-start=\"904\" data-end=\"949\"><strong data-start=\"904\" data-end=\"949\">Hauptmerkmale des Oversized T-Shirts\u00a0<\/strong><\/h4>\n<ul data-start=\"951\" data-end=\"1268\">\n<li class=\"\" data-start=\"951\" data-end=\"1033\">\n<p class=\"\" data-start=\"953\" data-end=\"1033\"><strong data-start=\"953\" data-end=\"982\">185 g\/m\u00b2 Premium-Qualit\u00e4t<\/strong> aus 100 % Bio-Baumwolle f\u00fcr nachhaltigen Komfort<\/p>\n<\/li>\n<li class=\"\" data-start=\"1034\" data-end=\"1095\">\n<p class=\"\" data-start=\"1036\" data-end=\"1095\"><strong data-start=\"1036\" data-end=\"1056\">Lockere Passform<\/strong> f\u00fcr einen modernen, entspannten Look<\/p>\n<\/li>\n<li class=\"\" data-start=\"1096\" data-end=\"1176\">\n<p class=\"\" data-start=\"1098\" data-end=\"1176\"><strong data-start=\"1098\" data-end=\"1118\">EP-Logo-Size-Tab<\/strong> auf der R\u00fcckseite f\u00fcr Authentizit\u00e4t und Markenidentit\u00e4t<\/p>\n<\/li>\n<li class=\"\" data-start=\"1177\" data-end=\"1268\">\n<p class=\"\" data-start=\"1179\" data-end=\"1268\"><strong data-start=\"1179\" data-end=\"1197\">Nachhaltigkeit<\/strong> durch Verwendung von Bio-Baumwolle und ethischen Produktionsmethoden<\/p>\n<\/li>\n<\/ul>\n<h4 data-start=\"1270\" data-end=\"1339\"><strong data-start=\"1270\" data-end=\"1339\">Individuelle Druckdienstleistungen f\u00fcr Ihr Oversized T-Shirt EP19<\/strong><\/h4>\n<p class=\"\" data-start=\"1341\" data-end=\"1502\">Verleihen Sie Ihrem <strong data-start=\"1361\" data-end=\"1387\">Oversized T-Shirt<\/strong>\u00a0eine pers\u00f6nliche Note mit unseren professionellen <strong data-start=\"1438\" data-end=\"1463\">Druckdienstleistungen<\/strong>. Wir bieten verschiedene Techniken an:<\/p>\n<ul data-start=\"1504\" data-end=\"1696\">\n<li class=\"\" data-start=\"1504\" data-end=\"1562\">\n<p class=\"\" data-start=\"1506\" data-end=\"1562\"><strong data-start=\"1506\" data-end=\"1519\">DTF-Druck<\/strong>: Ideal f\u00fcr lebendige, langlebige Designs<\/p>\n<\/li>\n<li class=\"\" data-start=\"1563\" data-end=\"1620\">\n<p class=\"\" data-start=\"1565\" data-end=\"1620\"><strong data-start=\"1565\" data-end=\"1578\">Siebdruck<\/strong>: Perfekt f\u00fcr kr\u00e4ftige Logos und Designs<\/p>\n<\/li>\n<li class=\"\" data-start=\"1621\" data-end=\"1696\">\n<p class=\"\" data-start=\"1623\" data-end=\"1696\"><strong data-start=\"1623\" data-end=\"1636\">Stickerei<\/strong>: Verleiht Ihrem Design einen edlen, professionellen Touch<\/p>\n<\/li>\n<\/ul>\n<h4 data-start=\"1698\" data-end=\"1742\"><strong data-start=\"1698\" data-end=\"1742\">Warum das Oversized T-Shirt w\u00e4hlen?<\/strong><\/h4>\n<p class=\"\" data-start=\"1744\" data-end=\"2137\">Das <strong data-start=\"1748\" data-end=\"1774\">Oversized T-Shirt EP19<\/strong> kombiniert Stil, Nachhaltigkeit und hohe Qualit\u00e4t. Mit seiner lockeren Passform und der Verwendung von Bio-Baumwolle ist es nicht nur bequem, sondern auch umweltfreundlich. Mit unseren <strong data-start=\"1960\" data-end=\"1985\">Druckdienstleistungen<\/strong> k\u00f6nnen Sie das T-Shirt individuell gestalten und so ein einzigartiges Kleidungsst\u00fcck schaffen, das sowohl Ihre Marke als auch Ihre Werte widerspiegelt.<\/p>\n","protected":false},"excerpt":{"rendered":"<p class=\"uppercase text-xs lg:text-sm font-bold mb-3\">Oversized T-Shirt aus 100 % Bio-Baumwolle, ideal f\u00fcr personalisierte Drucke.<br \/>\n<strong>By Earth Positive<\/strong><\/p>\n","protected":false},"featured_media":26467,"comment_status":"closed","ping_status":"closed","template":"","meta":{"nf_dc_page":""},"product_brand":[278],"product_cat":[431,428],"product_tag":[430],"producproduct-categroyt-categroy":[],"class_list":{"0":"post-25447","1":"product","2":"type-product","3":"status-publish","4":"has-post-thumbnail","6":"product_brand-earth-positive","7":"product_cat-oversized-hoodie-bedrucken","8":"product_cat-t-shirt-bedrucken","9":"product_tag-unisex","11":"first","12":"instock","13":"shipping-taxable","14":"purchasable","15":"product-type-variable","16":"wvs-archive-product-wrapper"},"yoast_head":"<!-- This site is optimized with the Yoast SEO Premium plugin v24.6 (Yoast SEO v27.4) - https:\/\/yoast.com\/product\/yoast-seo-premium-wordpress\/ -->\n<title>Oversized T-Shirt EP19 | Printa Berlin | Textilien und T-Shirts Bedrucken<\/title>\n<meta name=\"description\" content=\"Das Oversized T-Shirt EP19 aus 100 % Bio-Baumwolle ist nachhaltig und anpassbar. Personalisieren Sie es mit DTF-Druck, Siebdruck oder Stickerei.\" \/>\n<meta name=\"robots\" content=\"index, follow, max-snippet:-1, max-image-preview:large, max-video-preview:-1\" \/>\n<link rel=\"canonical\" href=\"https:\/\/printaberlin.de\/en\/product\/oversized-t-shirt-ep19\/\" \/>\n<meta property=\"og:locale\" content=\"en_US\" \/>\n<meta property=\"og:type\" content=\"article\" \/>\n<meta property=\"og:title\" content=\"Oversized T-Shirt\" \/>\n<meta property=\"og:description\" content=\"Das Oversized T-Shirt EP19 aus 100 % Bio-Baumwolle ist nachhaltig und anpassbar. Personalisieren Sie es mit DTF-Druck, Siebdruck oder Stickerei.\" \/>\n<meta property=\"og:url\" content=\"https:\/\/printaberlin.de\/en\/product\/oversized-t-shirt-ep19\/\" \/>\n<meta property=\"og:site_name\" content=\"Printa Berlin | Textilien und T-Shirts Bedrucken\" \/>\n<meta property=\"article:modified_time\" content=\"2025-09-21T20:36:18+00:00\" \/>\n<meta property=\"og:image\" content=\"https:\/\/printaberlin.de\/wp-content\/uploads\/2025\/09\/5465v.png\" \/>\n\t<meta property=\"og:image:width\" content=\"600\" \/>\n\t<meta property=\"og:image:height\" content=\"749\" \/>\n\t<meta property=\"og:image:type\" content=\"image\/png\" \/>\n<meta name=\"twitter:card\" content=\"summary_large_image\" \/>\n<meta name=\"twitter:label1\" content=\"Availability\" \/>\n\t<meta name=\"twitter:data1\" content=\"In stock\" \/>\n<script type=\"application\/ld+json\" class=\"yoast-schema-graph\">{\"@context\":\"https:\\\/\\\/schema.org\",\"@graph\":[{\"@type\":\"WebPage\",\"@id\":\"https:\\\/\\\/printaberlin.de\\\/en\\\/product\\\/oversized-t-shirt-ep19\\\/\",\"url\":\"https:\\\/\\\/printaberlin.de\\\/en\\\/product\\\/oversized-t-shirt-ep19\\\/\",\"name\":\"Oversized T-Shirt EP19 | Printa Berlin | Textilien und T-Shirts Bedrucken\",\"isPartOf\":{\"@id\":\"https:\\\/\\\/printaberlin.de\\\/en\\\/#website\"},\"primaryImageOfPage\":{\"@id\":\"https:\\\/\\\/printaberlin.de\\\/en\\\/product\\\/oversized-t-shirt-ep19\\\/#primaryimage\"},\"image\":{\"@id\":\"https:\\\/\\\/printaberlin.de\\\/en\\\/product\\\/oversized-t-shirt-ep19\\\/#primaryimage\"},\"thumbnailUrl\":\"https:\\\/\\\/printaberlin.de\\\/wp-content\\\/uploads\\\/2025\\\/09\\\/5465v.png\",\"datePublished\":\"2025-04-01T14:18:03+00:00\",\"dateModified\":\"2025-09-21T20:36:18+00:00\",\"description\":\"Das Oversized T-Shirt EP19 aus 100 % Bio-Baumwolle ist nachhaltig und anpassbar. Personalisieren Sie es mit DTF-Druck, Siebdruck oder Stickerei.\",\"breadcrumb\":{\"@id\":\"https:\\\/\\\/printaberlin.de\\\/en\\\/product\\\/oversized-t-shirt-ep19\\\/#breadcrumb\"},\"inLanguage\":\"en-US\",\"potentialAction\":[{\"@type\":\"ReadAction\",\"target\":[\"https:\\\/\\\/printaberlin.de\\\/en\\\/product\\\/oversized-t-shirt-ep19\\\/\"]}]},{\"@type\":\"ImageObject\",\"inLanguage\":\"en-US\",\"@id\":\"https:\\\/\\\/printaberlin.de\\\/en\\\/product\\\/oversized-t-shirt-ep19\\\/#primaryimage\",\"url\":\"https:\\\/\\\/printaberlin.de\\\/wp-content\\\/uploads\\\/2025\\\/09\\\/5465v.png\",\"contentUrl\":\"https:\\\/\\\/printaberlin.de\\\/wp-content\\\/uploads\\\/2025\\\/09\\\/5465v.png\",\"width\":600,\"height\":749},{\"@type\":\"BreadcrumbList\",\"@id\":\"https:\\\/\\\/printaberlin.de\\\/en\\\/product\\\/oversized-t-shirt-ep19\\\/#breadcrumb\",\"itemListElement\":[{\"@type\":\"ListItem\",\"position\":1,\"name\":\"Home\",\"item\":\"https:\\\/\\\/printaberlin.de\\\/en\\\/\"},{\"@type\":\"ListItem\",\"position\":2,\"name\":\"Shop\",\"item\":\"https:\\\/\\\/printaberlin.de\\\/en\\\/shop\\\/\"},{\"@type\":\"ListItem\",\"position\":3,\"name\":\"Oversized T-Shirt\"}]},{\"@type\":\"WebSite\",\"@id\":\"https:\\\/\\\/printaberlin.de\\\/en\\\/#website\",\"url\":\"https:\\\/\\\/printaberlin.de\\\/en\\\/\",\"name\":\"Printa Berlin | Textilien und T-Shirts Bedrucken\",\"description\":\"Entdecken Sie Printa Berlin \u2013 Ihr Experte f\u00fcr personalisierten Druck! T-Shirts, Poloshirts, Hoodies, Sweatshirts, Taschen, Caps und mehr.\",\"publisher\":{\"@id\":\"https:\\\/\\\/printaberlin.de\\\/en\\\/#organization\"},\"potentialAction\":[{\"@type\":\"SearchAction\",\"target\":{\"@type\":\"EntryPoint\",\"urlTemplate\":\"https:\\\/\\\/printaberlin.de\\\/en\\\/?s={search_term_string}\"},\"query-input\":{\"@type\":\"PropertyValueSpecification\",\"valueRequired\":true,\"valueName\":\"search_term_string\"}}],\"inLanguage\":\"en-US\"},{\"@type\":\"Organization\",\"@id\":\"https:\\\/\\\/printaberlin.de\\\/en\\\/#organization\",\"name\":\"Printa Berlin\",\"url\":\"https:\\\/\\\/printaberlin.de\\\/en\\\/\",\"logo\":{\"@type\":\"ImageObject\",\"inLanguage\":\"en-US\",\"@id\":\"https:\\\/\\\/printaberlin.de\\\/en\\\/#\\\/schema\\\/logo\\\/image\\\/\",\"url\":\"https:\\\/\\\/printaberlin.de\\\/wp-content\\\/uploads\\\/2025\\\/03\\\/csdsdcdsc.png\",\"contentUrl\":\"https:\\\/\\\/printaberlin.de\\\/wp-content\\\/uploads\\\/2025\\\/03\\\/csdsdcdsc.png\",\"width\":512,\"height\":512,\"caption\":\"Printa Berlin\"},\"image\":{\"@id\":\"https:\\\/\\\/printaberlin.de\\\/en\\\/#\\\/schema\\\/logo\\\/image\\\/\"},\"sameAs\":[\"https:\\\/\\\/www.instagram.com\\\/printaberlin\\\/\"]}]}<\/script>\n<meta property=\"og:availability\" content=\"instock\" \/>\n<meta property=\"product:availability\" content=\"instock\" \/>\n<meta property=\"product:condition\" content=\"new\" \/>\n<!-- \/ Yoast SEO Premium plugin. -->","yoast_head_json":{"title":"Oversized T-Shirt EP19 | Printa Berlin | Textilien und T-Shirts Bedrucken","description":"Das Oversized T-Shirt EP19 aus 100 % Bio-Baumwolle ist nachhaltig und anpassbar. Personalisieren Sie es mit DTF-Druck, Siebdruck oder Stickerei.","robots":{"index":"index","follow":"follow","max-snippet":"max-snippet:-1","max-image-preview":"max-image-preview:large","max-video-preview":"max-video-preview:-1"},"canonical":"https:\/\/printaberlin.de\/en\/product\/oversized-t-shirt-ep19\/","og_locale":"en_US","og_type":"article","og_title":"Oversized T-Shirt","og_description":"Das Oversized T-Shirt EP19 aus 100 % Bio-Baumwolle ist nachhaltig und anpassbar. Personalisieren Sie es mit DTF-Druck, Siebdruck oder Stickerei.","og_url":"https:\/\/printaberlin.de\/en\/product\/oversized-t-shirt-ep19\/","og_site_name":"Printa Berlin | Textilien und T-Shirts Bedrucken","article_modified_time":"2025-09-21T20:36:18+00:00","og_image":[{"width":600,"height":749,"url":"https:\/\/printaberlin.de\/wp-content\/uploads\/2025\/09\/5465v.png","type":"image\/png"}],"twitter_card":"summary_large_image","twitter_misc":{"Availability":"In stock"},"schema":{"@context":"https:\/\/schema.org","@graph":[{"@type":"WebPage","@id":"https:\/\/printaberlin.de\/en\/product\/oversized-t-shirt-ep19\/","url":"https:\/\/printaberlin.de\/en\/product\/oversized-t-shirt-ep19\/","name":"Oversized T-Shirt EP19 | Printa Berlin | Textilien und T-Shirts Bedrucken","isPartOf":{"@id":"https:\/\/printaberlin.de\/en\/#website"},"primaryImageOfPage":{"@id":"https:\/\/printaberlin.de\/en\/product\/oversized-t-shirt-ep19\/#primaryimage"},"image":{"@id":"https:\/\/printaberlin.de\/en\/product\/oversized-t-shirt-ep19\/#primaryimage"},"thumbnailUrl":"https:\/\/printaberlin.de\/wp-content\/uploads\/2025\/09\/5465v.png","datePublished":"2025-04-01T14:18:03+00:00","dateModified":"2025-09-21T20:36:18+00:00","description":"Das Oversized T-Shirt EP19 aus 100 % Bio-Baumwolle ist nachhaltig und anpassbar. Personalisieren Sie es mit DTF-Druck, Siebdruck oder Stickerei.","breadcrumb":{"@id":"https:\/\/printaberlin.de\/en\/product\/oversized-t-shirt-ep19\/#breadcrumb"},"inLanguage":"en-US","potentialAction":[{"@type":"ReadAction","target":["https:\/\/printaberlin.de\/en\/product\/oversized-t-shirt-ep19\/"]}]},{"@type":"ImageObject","inLanguage":"en-US","@id":"https:\/\/printaberlin.de\/en\/product\/oversized-t-shirt-ep19\/#primaryimage","url":"https:\/\/printaberlin.de\/wp-content\/uploads\/2025\/09\/5465v.png","contentUrl":"https:\/\/printaberlin.de\/wp-content\/uploads\/2025\/09\/5465v.png","width":600,"height":749},{"@type":"BreadcrumbList","@id":"https:\/\/printaberlin.de\/en\/product\/oversized-t-shirt-ep19\/#breadcrumb","itemListElement":[{"@type":"ListItem","position":1,"name":"Home","item":"https:\/\/printaberlin.de\/en\/"},{"@type":"ListItem","position":2,"name":"Shop","item":"https:\/\/printaberlin.de\/en\/shop\/"},{"@type":"ListItem","position":3,"name":"Oversized T-Shirt"}]},{"@type":"WebSite","@id":"https:\/\/printaberlin.de\/en\/#website","url":"https:\/\/printaberlin.de\/en\/","name":"Printa Berlin | Textilien und T-Shirts Bedrucken","description":"Entdecken Sie Printa Berlin \u2013 Ihr Experte f\u00fcr personalisierten Druck! T-Shirts, Poloshirts, Hoodies, Sweatshirts, Taschen, Caps und mehr.","publisher":{"@id":"https:\/\/printaberlin.de\/en\/#organization"},"potentialAction":[{"@type":"SearchAction","target":{"@type":"EntryPoint","urlTemplate":"https:\/\/printaberlin.de\/en\/?s={search_term_string}"},"query-input":{"@type":"PropertyValueSpecification","valueRequired":true,"valueName":"search_term_string"}}],"inLanguage":"en-US"},{"@type":"Organization","@id":"https:\/\/printaberlin.de\/en\/#organization","name":"Printa Berlin","url":"https:\/\/printaberlin.de\/en\/","logo":{"@type":"ImageObject","inLanguage":"en-US","@id":"https:\/\/printaberlin.de\/en\/#\/schema\/logo\/image\/","url":"https:\/\/printaberlin.de\/wp-content\/uploads\/2025\/03\/csdsdcdsc.png","contentUrl":"https:\/\/printaberlin.de\/wp-content\/uploads\/2025\/03\/csdsdcdsc.png","width":512,"height":512,"caption":"Printa Berlin"},"image":{"@id":"https:\/\/printaberlin.de\/en\/#\/schema\/logo\/image\/"},"sameAs":["https:\/\/www.instagram.com\/printaberlin\/"]}]},"og_availability":"instock","product_availability":"instock","product_condition":"new"},"_links":{"self":[{"href":"https:\/\/printaberlin.de\/en\/wp-json\/wp\/v2\/product\/25447","targetHints":{"allow":["GET"]}}],"collection":[{"href":"https:\/\/printaberlin.de\/en\/wp-json\/wp\/v2\/product"}],"about":[{"href":"https:\/\/printaberlin.de\/en\/wp-json\/wp\/v2\/types\/product"}],"replies":[{"embeddable":true,"href":"https:\/\/printaberlin.de\/en\/wp-json\/wp\/v2\/comments?post=25447"}],"wp:featuredmedia":[{"embeddable":true,"href":"https:\/\/printaberlin.de\/en\/wp-json\/wp\/v2\/media\/26467"}],"wp:attachment":[{"href":"https:\/\/printaberlin.de\/en\/wp-json\/wp\/v2\/media?parent=25447"}],"wp:term":[{"taxonomy":"product_brand","embeddable":true,"href":"https:\/\/printaberlin.de\/en\/wp-json\/wp\/v2\/product_brand?post=25447"},{"taxonomy":"product_cat","embeddable":true,"href":"https:\/\/printaberlin.de\/en\/wp-json\/wp\/v2\/product_cat?post=25447"},{"taxonomy":"product_tag","embeddable":true,"href":"https:\/\/printaberlin.de\/en\/wp-json\/wp\/v2\/product_tag?post=25447"},{"taxonomy":"producproduct-categroyt-categroy","embeddable":true,"href":"https:\/\/printaberlin.de\/en\/wp-json\/wp\/v2\/producproduct-categroyt-categroy?post=25447"}],"curies":[{"name":"wp","href":"https:\/\/api.w.org\/{rel}","templated":true}]}}