{"id":25426,"date":"2025-04-01T16:19:40","date_gmt":"2025-04-01T16:19:40","guid":{"rendered":"https:\/\/printaberlin.de\/product\/v-neck-t-shirt\/"},"modified":"2025-09-21T20:36:18","modified_gmt":"2025-09-21T20:36:18","slug":"v-neck-t-shirt","status":"publish","type":"product","link":"https:\/\/printaberlin.de\/en\/product\/v-neck-t-shirt\/","title":{"rendered":"V-Neck T-Shirt"},"content":{"rendered":"<div class=\"mb-3\">\n<h3 data-start=\"0\" data-end=\"73\"><strong data-start=\"0\" data-end=\"73\">V-Neck T-Shirt 64v00 by Gildan: Komfortabel, Nachhaltig und Anpassbar<\/strong><\/h3>\n<p class=\"\" data-start=\"75\" data-end=\"602\">Das <strong data-start=\"79\" data-end=\"97\">V-Neck T-Shirt<\/strong> 64v00 von Gildan vereint Stil, Komfort und Nachhaltigkeit. Hergestellt aus 100 % Ring-Spun-Baumwolle mit einer Grammatur von 150 g\/m\u00b2, bietet dieses T-Shirt ein weiches Tragegef\u00fchl und eine glatte Oberfl\u00e4che, die sich perfekt f\u00fcr alle Drucktechniken eignet. Die moderne klassische Passform, der schmale Rippenkragen sowie der tapezierte Nacken und die Schultern sorgen f\u00fcr zus\u00e4tzlichen Komfort und Haltbarkeit. Das schwarze recycelte Tear-Away-Etikett unterstreicht Gildans Engagement f\u00fcr Nachhaltigkeit.<\/p>\n<h4 data-start=\"604\" data-end=\"647\"><strong data-start=\"604\" data-end=\"647\">Hauptmerkmale des V-Neck T-Shirts 64v00<\/strong><\/h4>\n<ul data-start=\"649\" data-end=\"1217\">\n<li class=\"\" data-start=\"649\" data-end=\"723\">\n<p class=\"\" data-start=\"651\" data-end=\"723\"><strong data-start=\"651\" data-end=\"663\">150 g\/m\u00b2<\/strong> aus 100 % Ring-Spun-Baumwolle f\u00fcr ein weiches Tragegef\u00fchl<\/p>\n<\/li>\n<li class=\"\" data-start=\"724\" data-end=\"782\">\n<p class=\"\" data-start=\"726\" data-end=\"782\"><strong data-start=\"726\" data-end=\"746\">Hohe Stichdichte<\/strong> f\u00fcr eine perfekte Druckoberfl\u00e4che<\/p>\n<\/li>\n<li class=\"\" data-start=\"783\" data-end=\"842\">\n<p class=\"\" data-start=\"785\" data-end=\"842\"><strong data-start=\"785\" data-end=\"810\">Schmaler Rippenkragen<\/strong> f\u00fcr eine raffinierte Passform<\/p>\n<\/li>\n<li class=\"\" data-start=\"843\" data-end=\"911\">\n<p class=\"\" data-start=\"845\" data-end=\"911\"><strong data-start=\"845\" data-end=\"881\">Tapezierter Nacken und Schultern<\/strong> f\u00fcr zus\u00e4tzliche Haltbarkeit<\/p>\n<\/li>\n<li class=\"\" data-start=\"912\" data-end=\"968\">\n<p class=\"\" data-start=\"914\" data-end=\"968\"><strong data-start=\"914\" data-end=\"945\">Moderne klassische Passform<\/strong> mit nahtlosem K\u00f6rper<\/p>\n<\/li>\n<li class=\"\" data-start=\"969\" data-end=\"1041\">\n<p class=\"\" data-start=\"971\" data-end=\"1041\"><strong data-start=\"971\" data-end=\"1003\">Recyceltes Tear-Away-Etikett<\/strong> zur Reduzierung von Plastikabf\u00e4llen<\/p>\n<\/li>\n<li class=\"\" data-start=\"1042\" data-end=\"1102\">\n<p class=\"\" data-start=\"1044\" data-end=\"1102\"><strong data-start=\"1044\" data-end=\"1100\">OEKO-TEX zertifizierte, umweltfreundliche Farbstoffe<\/strong><\/p>\n<\/li>\n<li class=\"\" data-start=\"1103\" data-end=\"1217\">\n<p class=\"\" data-start=\"1105\" data-end=\"1217\"><strong data-start=\"1105\" data-end=\"1126\">Bessere Baumwolle<\/strong>: Gildan arbeitet mit Better Cotton zusammen, um den Baumwollanbau weltweit zu verbessern<\/p>\n<\/li>\n<\/ul>\n<h4 data-start=\"1219\" data-end=\"1280\"><strong data-start=\"1219\" data-end=\"1280\">Individuelle Druckdienstleistungen f\u00fcr Ihr T-Shirt<\/strong><\/h4>\n<p class=\"\" data-start=\"1282\" data-end=\"1460\">Verleihen Sie Ihrem <strong data-start=\"1302\" data-end=\"1320\">V-Neck T-Shirt<\/strong> 64v00 eine pers\u00f6nliche Note mit unseren <strong data-start=\"1361\" data-end=\"1386\">Druckdienstleistungen<\/strong>. Wir bieten mehrere Drucktechniken an, die Ihrem Design Leben einhauchen:<\/p>\n<ul data-start=\"1462\" data-end=\"1663\">\n<li class=\"\" data-start=\"1462\" data-end=\"1520\">\n<p class=\"\" data-start=\"1464\" data-end=\"1520\"><strong data-start=\"1464\" data-end=\"1477\">DTF-Druck<\/strong>: Ideal f\u00fcr lebendige, langlebige Designs<\/p>\n<\/li>\n<li class=\"\" data-start=\"1521\" data-end=\"1591\">\n<p class=\"\" data-start=\"1523\" data-end=\"1591\"><strong data-start=\"1523\" data-end=\"1536\">Siebdruck<\/strong>: Perfekt f\u00fcr kr\u00e4ftige Logos und gro\u00dffl\u00e4chige Designs<\/p>\n<\/li>\n<li class=\"\" data-start=\"1592\" data-end=\"1663\">\n<p class=\"\" data-start=\"1594\" data-end=\"1663\"><strong data-start=\"1594\" data-end=\"1607\">Stickerei<\/strong>: Verleiht Ihrem Design eine edle, professionelle Note<\/p>\n<\/li>\n<\/ul>\n<h4 data-start=\"1665\" data-end=\"1707\"><strong data-start=\"1665\" data-end=\"1707\">Warum das V-Neck 64v00 w\u00e4hlen?<\/strong><\/h4>\n<p class=\"\" data-start=\"1709\" data-end=\"2150\">Das<strong data-start=\"1713\" data-end=\"1731\">\u00a0T-Shirt<\/strong> 64v00 von Gildan ist die perfekte Wahl f\u00fcr alle, die ein nachhaltiges, komfortables und anpassbares T-Shirt suchen. Hergestellt aus hochwertiger Bio-Baumwolle und mit einer modernen Passform, ist dieses T-Shirt ideal f\u00fcr den pers\u00f6nlichen Gebrauch oder als Firmenbekleidung. Mit unseren <strong data-start=\"2018\" data-end=\"2043\">Druckdienstleistungen<\/strong> k\u00f6nnen Sie Ihr Design personalisieren und gleichzeitig von nachhaltigen Herstellungsprozessen profitieren.<\/p>\n<h5 class=\"flex flex-col font-medium gap-4 after:w-[20px] after:h-[1px] after:content-[''] after:bg-primary mb-4 text-xl lg:text-2xl\"><img decoding=\"async\" class=\"alignnone size-medium wp-image-7421\" style=\"font-family: -apple-system, BlinkMacSystemFont, 'Segoe UI', Roboto, 'Helvetica Neue', Arial, 'Noto Sans', sans-serif, 'Apple Color Emoji', 'Segoe UI Emoji', 'Segoe UI Symbol', 'Noto Color Emoji'; font-size: 16px;\" src=\"https:\/\/printaberlin.de\/staging\/2315\/wp-content\/uploads\/2025\/02\/ecc-300x57.png\" alt=\"\" width=\"300\" height=\"57\" srcset=\"https:\/\/printaberlin.de\/wp-content\/uploads\/2025\/02\/ecc-300x57.png 300w, https:\/\/printaberlin.de\/wp-content\/uploads\/2025\/02\/ecc-260x49.png 260w, https:\/\/printaberlin.de\/wp-content\/uploads\/2025\/02\/ecc-500x95.png 500w, https:\/\/printaberlin.de\/wp-content\/uploads\/2025\/02\/ecc.png 692w\" sizes=\"(max-width: 300px) 100vw, 300px\" \/><\/h5>\n<\/div>\n<div class=\"mb-3\">\n<div class=\"child-p:mb-2 last:child-p:mb-0\">\n<div class=\"child-p:mb-2 last:child-p:mb-0\">\n<div class=\"mb-3\">\n<h5 class=\"uppercase text-xs lg:text-sm font-bold mb-3\"><\/h5>\n<\/div>\n<\/div>\n<\/div>\n<\/div>\n","protected":false},"excerpt":{"rendered":"<div class=\"mb-3\">\n<p class=\"uppercase text-xs lg:text-sm font-bold mb-3\"><span style=\"font-family: -apple-system, BlinkMacSystemFont, 'Segoe UI', Roboto, 'Helvetica Neue', Arial, 'Noto Sans', sans-serif, 'Apple Color Emoji', 'Segoe UI Emoji', 'Segoe UI Symbol', 'Noto Color Emoji';\">Stylisches V-Neck T-Shirt aus 100 % Bio-Baumwolle, ideal f\u00fcr Druck und Stickerei.<br \/>\n<\/span><strong style=\"font-family: -apple-system, BlinkMacSystemFont, 'Segoe UI', Roboto, 'Helvetica Neue', Arial, 'Noto Sans', sans-serif, 'Apple Color Emoji', 'Segoe UI Emoji', 'Segoe UI Symbol', 'Noto Color Emoji';\">By Gildan<\/strong><\/p>\n<\/div>\n","protected":false},"featured_media":26483,"comment_status":"open","ping_status":"closed","template":"","meta":{"nf_dc_page":""},"product_brand":[47],"product_cat":[428],"product_tag":[435,437],"producproduct-categroyt-categroy":[],"class_list":{"0":"post-25426","1":"product","2":"type-product","3":"status-publish","4":"has-post-thumbnail","6":"product_brand-gildan","7":"product_cat-t-shirt-bedrucken","8":"product_tag-unisexmen","9":"product_tag-v-neck","11":"first","12":"instock","13":"shipping-taxable","14":"purchasable","15":"product-type-variable","16":"has-default-attributes","17":"wvs-archive-product-wrapper"},"yoast_head":"<!-- This site is optimized with the Yoast SEO Premium plugin v24.6 (Yoast SEO v27.4) - https:\/\/yoast.com\/product\/yoast-seo-premium-wordpress\/ -->\n<title>V-Neck T-Shirt 64v00 | Personalisieren Sie Ihr Design | Printa Berlin<\/title>\n<meta name=\"description\" content=\"Das V-Neck T-Shirt 64v00 bietet Komfort und Stil. Personalisieren Sie es mit DTF-Druck, Siebdruck oder Stickerei. Schnell und Einfach.\" \/>\n<meta name=\"robots\" content=\"index, follow, max-snippet:-1, max-image-preview:large, max-video-preview:-1\" \/>\n<link rel=\"canonical\" href=\"https:\/\/printaberlin.de\/en\/product\/v-neck-t-shirt\/\" \/>\n<meta property=\"og:locale\" content=\"en_US\" \/>\n<meta property=\"og:type\" content=\"article\" \/>\n<meta property=\"og:title\" content=\"V-Neck T-Shirt\" \/>\n<meta property=\"og:description\" content=\"Das V-Neck T-Shirt 64v00 bietet Komfort und Stil. Personalisieren Sie es mit DTF-Druck, Siebdruck oder Stickerei. Schnell und Einfach.\" \/>\n<meta property=\"og:url\" content=\"https:\/\/printaberlin.de\/en\/product\/v-neck-t-shirt\/\" \/>\n<meta property=\"og:site_name\" content=\"Printa Berlin | Textilien und T-Shirts Bedrucken\" \/>\n<meta property=\"article:modified_time\" content=\"2025-09-21T20:36:18+00:00\" \/>\n<meta property=\"og:image\" content=\"https:\/\/printaberlin.de\/wp-content\/uploads\/2025\/09\/5756765.png\" \/>\n\t<meta property=\"og:image:width\" content=\"600\" \/>\n\t<meta property=\"og:image:height\" content=\"749\" \/>\n\t<meta property=\"og:image:type\" content=\"image\/png\" \/>\n<meta name=\"twitter:card\" content=\"summary_large_image\" \/>\n<meta name=\"twitter:label1\" content=\"Availability\" \/>\n\t<meta name=\"twitter:data1\" content=\"In stock\" \/>\n<script type=\"application\/ld+json\" class=\"yoast-schema-graph\">{\"@context\":\"https:\\\/\\\/schema.org\",\"@graph\":[{\"@type\":\"WebPage\",\"@id\":\"https:\\\/\\\/printaberlin.de\\\/en\\\/product\\\/v-neck-t-shirt\\\/\",\"url\":\"https:\\\/\\\/printaberlin.de\\\/en\\\/product\\\/v-neck-t-shirt\\\/\",\"name\":\"V-Neck T-Shirt 64v00 | Personalisieren Sie Ihr Design | Printa Berlin\",\"isPartOf\":{\"@id\":\"https:\\\/\\\/printaberlin.de\\\/en\\\/#website\"},\"primaryImageOfPage\":{\"@id\":\"https:\\\/\\\/printaberlin.de\\\/en\\\/product\\\/v-neck-t-shirt\\\/#primaryimage\"},\"image\":{\"@id\":\"https:\\\/\\\/printaberlin.de\\\/en\\\/product\\\/v-neck-t-shirt\\\/#primaryimage\"},\"thumbnailUrl\":\"https:\\\/\\\/printaberlin.de\\\/wp-content\\\/uploads\\\/2025\\\/09\\\/5756765.png\",\"datePublished\":\"2025-04-01T16:19:40+00:00\",\"dateModified\":\"2025-09-21T20:36:18+00:00\",\"description\":\"Das V-Neck T-Shirt 64v00 bietet Komfort und Stil. Personalisieren Sie es mit DTF-Druck, Siebdruck oder Stickerei. Schnell und Einfach.\",\"breadcrumb\":{\"@id\":\"https:\\\/\\\/printaberlin.de\\\/en\\\/product\\\/v-neck-t-shirt\\\/#breadcrumb\"},\"inLanguage\":\"en-US\",\"potentialAction\":[{\"@type\":\"ReadAction\",\"target\":[\"https:\\\/\\\/printaberlin.de\\\/en\\\/product\\\/v-neck-t-shirt\\\/\"]}]},{\"@type\":\"ImageObject\",\"inLanguage\":\"en-US\",\"@id\":\"https:\\\/\\\/printaberlin.de\\\/en\\\/product\\\/v-neck-t-shirt\\\/#primaryimage\",\"url\":\"https:\\\/\\\/printaberlin.de\\\/wp-content\\\/uploads\\\/2025\\\/09\\\/5756765.png\",\"contentUrl\":\"https:\\\/\\\/printaberlin.de\\\/wp-content\\\/uploads\\\/2025\\\/09\\\/5756765.png\",\"width\":600,\"height\":749},{\"@type\":\"BreadcrumbList\",\"@id\":\"https:\\\/\\\/printaberlin.de\\\/en\\\/product\\\/v-neck-t-shirt\\\/#breadcrumb\",\"itemListElement\":[{\"@type\":\"ListItem\",\"position\":1,\"name\":\"Home\",\"item\":\"https:\\\/\\\/printaberlin.de\\\/en\\\/\"},{\"@type\":\"ListItem\",\"position\":2,\"name\":\"Shop\",\"item\":\"https:\\\/\\\/printaberlin.de\\\/en\\\/shop\\\/\"},{\"@type\":\"ListItem\",\"position\":3,\"name\":\"V-Neck T-Shirt\"}]},{\"@type\":\"WebSite\",\"@id\":\"https:\\\/\\\/printaberlin.de\\\/en\\\/#website\",\"url\":\"https:\\\/\\\/printaberlin.de\\\/en\\\/\",\"name\":\"Printa Berlin | Textilien und T-Shirts Bedrucken\",\"description\":\"Entdecken Sie Printa Berlin \u2013 Ihr Experte f\u00fcr personalisierten Druck! T-Shirts, Poloshirts, Hoodies, Sweatshirts, Taschen, Caps und mehr.\",\"publisher\":{\"@id\":\"https:\\\/\\\/printaberlin.de\\\/en\\\/#organization\"},\"potentialAction\":[{\"@type\":\"SearchAction\",\"target\":{\"@type\":\"EntryPoint\",\"urlTemplate\":\"https:\\\/\\\/printaberlin.de\\\/en\\\/?s={search_term_string}\"},\"query-input\":{\"@type\":\"PropertyValueSpecification\",\"valueRequired\":true,\"valueName\":\"search_term_string\"}}],\"inLanguage\":\"en-US\"},{\"@type\":\"Organization\",\"@id\":\"https:\\\/\\\/printaberlin.de\\\/en\\\/#organization\",\"name\":\"Printa Berlin\",\"url\":\"https:\\\/\\\/printaberlin.de\\\/en\\\/\",\"logo\":{\"@type\":\"ImageObject\",\"inLanguage\":\"en-US\",\"@id\":\"https:\\\/\\\/printaberlin.de\\\/en\\\/#\\\/schema\\\/logo\\\/image\\\/\",\"url\":\"https:\\\/\\\/printaberlin.de\\\/wp-content\\\/uploads\\\/2025\\\/03\\\/csdsdcdsc.png\",\"contentUrl\":\"https:\\\/\\\/printaberlin.de\\\/wp-content\\\/uploads\\\/2025\\\/03\\\/csdsdcdsc.png\",\"width\":512,\"height\":512,\"caption\":\"Printa Berlin\"},\"image\":{\"@id\":\"https:\\\/\\\/printaberlin.de\\\/en\\\/#\\\/schema\\\/logo\\\/image\\\/\"},\"sameAs\":[\"https:\\\/\\\/www.instagram.com\\\/printaberlin\\\/\"]}]}<\/script>\n<meta property=\"og:availability\" content=\"instock\" \/>\n<meta property=\"product:availability\" content=\"instock\" \/>\n<meta property=\"product:retailer_item_id\" content=\"PR01-1\" \/>\n<meta property=\"product:condition\" content=\"new\" \/>\n<!-- \/ Yoast SEO Premium plugin. -->","yoast_head_json":{"title":"V-Neck T-Shirt 64v00 | Personalisieren Sie Ihr Design | Printa Berlin","description":"Das V-Neck T-Shirt 64v00 bietet Komfort und Stil. Personalisieren Sie es mit DTF-Druck, Siebdruck oder Stickerei. Schnell und Einfach.","robots":{"index":"index","follow":"follow","max-snippet":"max-snippet:-1","max-image-preview":"max-image-preview:large","max-video-preview":"max-video-preview:-1"},"canonical":"https:\/\/printaberlin.de\/en\/product\/v-neck-t-shirt\/","og_locale":"en_US","og_type":"article","og_title":"V-Neck T-Shirt","og_description":"Das V-Neck T-Shirt 64v00 bietet Komfort und Stil. Personalisieren Sie es mit DTF-Druck, Siebdruck oder Stickerei. Schnell und Einfach.","og_url":"https:\/\/printaberlin.de\/en\/product\/v-neck-t-shirt\/","og_site_name":"Printa Berlin | Textilien und T-Shirts Bedrucken","article_modified_time":"2025-09-21T20:36:18+00:00","og_image":[{"width":600,"height":749,"url":"https:\/\/printaberlin.de\/wp-content\/uploads\/2025\/09\/5756765.png","type":"image\/png"}],"twitter_card":"summary_large_image","twitter_misc":{"Availability":"In stock"},"schema":{"@context":"https:\/\/schema.org","@graph":[{"@type":"WebPage","@id":"https:\/\/printaberlin.de\/en\/product\/v-neck-t-shirt\/","url":"https:\/\/printaberlin.de\/en\/product\/v-neck-t-shirt\/","name":"V-Neck T-Shirt 64v00 | Personalisieren Sie Ihr Design | Printa Berlin","isPartOf":{"@id":"https:\/\/printaberlin.de\/en\/#website"},"primaryImageOfPage":{"@id":"https:\/\/printaberlin.de\/en\/product\/v-neck-t-shirt\/#primaryimage"},"image":{"@id":"https:\/\/printaberlin.de\/en\/product\/v-neck-t-shirt\/#primaryimage"},"thumbnailUrl":"https:\/\/printaberlin.de\/wp-content\/uploads\/2025\/09\/5756765.png","datePublished":"2025-04-01T16:19:40+00:00","dateModified":"2025-09-21T20:36:18+00:00","description":"Das V-Neck T-Shirt 64v00 bietet Komfort und Stil. Personalisieren Sie es mit DTF-Druck, Siebdruck oder Stickerei. Schnell und Einfach.","breadcrumb":{"@id":"https:\/\/printaberlin.de\/en\/product\/v-neck-t-shirt\/#breadcrumb"},"inLanguage":"en-US","potentialAction":[{"@type":"ReadAction","target":["https:\/\/printaberlin.de\/en\/product\/v-neck-t-shirt\/"]}]},{"@type":"ImageObject","inLanguage":"en-US","@id":"https:\/\/printaberlin.de\/en\/product\/v-neck-t-shirt\/#primaryimage","url":"https:\/\/printaberlin.de\/wp-content\/uploads\/2025\/09\/5756765.png","contentUrl":"https:\/\/printaberlin.de\/wp-content\/uploads\/2025\/09\/5756765.png","width":600,"height":749},{"@type":"BreadcrumbList","@id":"https:\/\/printaberlin.de\/en\/product\/v-neck-t-shirt\/#breadcrumb","itemListElement":[{"@type":"ListItem","position":1,"name":"Home","item":"https:\/\/printaberlin.de\/en\/"},{"@type":"ListItem","position":2,"name":"Shop","item":"https:\/\/printaberlin.de\/en\/shop\/"},{"@type":"ListItem","position":3,"name":"V-Neck T-Shirt"}]},{"@type":"WebSite","@id":"https:\/\/printaberlin.de\/en\/#website","url":"https:\/\/printaberlin.de\/en\/","name":"Printa Berlin | Textilien und T-Shirts Bedrucken","description":"Entdecken Sie Printa Berlin \u2013 Ihr Experte f\u00fcr personalisierten Druck! T-Shirts, Poloshirts, Hoodies, Sweatshirts, Taschen, Caps und mehr.","publisher":{"@id":"https:\/\/printaberlin.de\/en\/#organization"},"potentialAction":[{"@type":"SearchAction","target":{"@type":"EntryPoint","urlTemplate":"https:\/\/printaberlin.de\/en\/?s={search_term_string}"},"query-input":{"@type":"PropertyValueSpecification","valueRequired":true,"valueName":"search_term_string"}}],"inLanguage":"en-US"},{"@type":"Organization","@id":"https:\/\/printaberlin.de\/en\/#organization","name":"Printa Berlin","url":"https:\/\/printaberlin.de\/en\/","logo":{"@type":"ImageObject","inLanguage":"en-US","@id":"https:\/\/printaberlin.de\/en\/#\/schema\/logo\/image\/","url":"https:\/\/printaberlin.de\/wp-content\/uploads\/2025\/03\/csdsdcdsc.png","contentUrl":"https:\/\/printaberlin.de\/wp-content\/uploads\/2025\/03\/csdsdcdsc.png","width":512,"height":512,"caption":"Printa Berlin"},"image":{"@id":"https:\/\/printaberlin.de\/en\/#\/schema\/logo\/image\/"},"sameAs":["https:\/\/www.instagram.com\/printaberlin\/"]}]},"og_availability":"instock","product_availability":"instock","product_retailer_item_id":"PR01-1","product_condition":"new"},"_links":{"self":[{"href":"https:\/\/printaberlin.de\/en\/wp-json\/wp\/v2\/product\/25426","targetHints":{"allow":["GET"]}}],"collection":[{"href":"https:\/\/printaberlin.de\/en\/wp-json\/wp\/v2\/product"}],"about":[{"href":"https:\/\/printaberlin.de\/en\/wp-json\/wp\/v2\/types\/product"}],"replies":[{"embeddable":true,"href":"https:\/\/printaberlin.de\/en\/wp-json\/wp\/v2\/comments?post=25426"}],"wp:featuredmedia":[{"embeddable":true,"href":"https:\/\/printaberlin.de\/en\/wp-json\/wp\/v2\/media\/26483"}],"wp:attachment":[{"href":"https:\/\/printaberlin.de\/en\/wp-json\/wp\/v2\/media?parent=25426"}],"wp:term":[{"taxonomy":"product_brand","embeddable":true,"href":"https:\/\/printaberlin.de\/en\/wp-json\/wp\/v2\/product_brand?post=25426"},{"taxonomy":"product_cat","embeddable":true,"href":"https:\/\/printaberlin.de\/en\/wp-json\/wp\/v2\/product_cat?post=25426"},{"taxonomy":"product_tag","embeddable":true,"href":"https:\/\/printaberlin.de\/en\/wp-json\/wp\/v2\/product_tag?post=25426"},{"taxonomy":"producproduct-categroyt-categroy","embeddable":true,"href":"https:\/\/printaberlin.de\/en\/wp-json\/wp\/v2\/producproduct-categroyt-categroy?post=25426"}],"curies":[{"name":"wp","href":"https:\/\/api.w.org\/{rel}","templated":true}]}}