{"id":25403,"date":"2025-04-01T19:08:37","date_gmt":"2025-04-01T19:08:37","guid":{"rendered":"https:\/\/printaberlin.de\/product\/polo-shirt-unisex-prepster-2-0\/"},"modified":"2025-09-21T20:30:27","modified_gmt":"2025-09-21T20:30:27","slug":"polo-shirt-unisex-prepster-2-0","status":"publish","type":"product","link":"https:\/\/printaberlin.de\/en\/product\/polo-shirt-unisex-prepster-2-0\/","title":{"rendered":"Polo Shirt Unisex Prepster 2.0"},"content":{"rendered":"<h3 data-start=\"0\" data-end=\"55\"><strong data-start=\"0\" data-end=\"55\">Polo Prepster 2.0: Nachhaltig, Bequem und Anpassbar<\/strong><\/h3>\n<p class=\"\" data-start=\"57\" data-end=\"629\">Das <strong data-start=\"61\" data-end=\"82\">Polo Prepster 2.0<\/strong> von Stanley\/Stella ist die verbesserte Version des beliebten Prepster Polos und stellt die perfekte Wahl f\u00fcr alle dar, die Komfort, Nachhaltigkeit und eine ausgezeichnete Druckoberfl\u00e4che sch\u00e4tzen. Hergestellt aus 100 % gek\u00e4mmter, ringgesponnener Bio-Baumwolle, bietet dieses Unisex-Poloshirt ein hervorragendes Tragegef\u00fchl und ist durch das vorgewaschene Material besonders weich und langlebig. Das Polo mit einem Gewicht von 240 GSM ist ideal f\u00fcr den t\u00e4glichen Gebrauch und eignet sich hervorragend f\u00fcr w\u00e4rmeres Klima oder dynamische Umgebungen.<\/p>\n<p class=\"\" data-start=\"631\" data-end=\"1143\">Das <strong data-start=\"635\" data-end=\"656\">Polo Prepster 2.0<\/strong> zeichnet sich durch seine Premium-Details aus. Der verst\u00e4rkte Kragen und die Manschetten sorgen f\u00fcr einen gepflegten Look, w\u00e4hrend die seitlichen Schlitze mit schwerem Single-Jersey-Futter f\u00fcr eine verbesserte Passform und Stabilit\u00e4t sorgen. Die Knopfleiste mit zwei Kn\u00f6pfen in passender K\u00f6rperfarbe und das horizontale Knopfloch im Nacken bieten zus\u00e4tzliches Design und Funktionalit\u00e4t. Der untere Saum ist mit einer schmalen Doppelnadel-Steppnaht versehen, was f\u00fcr Langlebigkeit sorgt.<\/p>\n<p class=\"\" data-start=\"1145\" data-end=\"1417\">Mit seiner feinen Piqu\u00e9-Struktur bietet dieses Polo eine hervorragende Oberfl\u00e4che f\u00fcr <strong data-start=\"1231\" data-end=\"1240\">Druck<\/strong> und <strong data-start=\"1245\" data-end=\"1258\">Stickerei<\/strong>, was es zur idealen Wahl f\u00fcr personalisierte Designs macht. Es ist in den Gr\u00f6\u00dfen XXS bis 5XL erh\u00e4ltlich und somit f\u00fcr eine Vielzahl von K\u00f6rpergr\u00f6\u00dfen geeignet.<\/p>\n<h4 data-start=\"1419\" data-end=\"1458\"><strong data-start=\"1419\" data-end=\"1458\">Hauptmerkmale des Polo Prepster 2.0<\/strong><\/h4>\n<ul data-start=\"1460\" data-end=\"2165\">\n<li class=\"\" data-start=\"1460\" data-end=\"1543\">\n<p class=\"\" data-start=\"1462\" data-end=\"1543\"><strong data-start=\"1462\" data-end=\"1510\">100 % gek\u00e4mmte, ringgesponnene Bio-Baumwolle<\/strong> f\u00fcr Komfort und Nachhaltigkeit<\/p>\n<\/li>\n<li class=\"\" data-start=\"1544\" data-end=\"1609\">\n<p class=\"\" data-start=\"1546\" data-end=\"1609\"><strong data-start=\"1546\" data-end=\"1565\">240 GSM Gewicht<\/strong> f\u00fcr ein robustes und bequemes Tragegef\u00fchl<\/p>\n<\/li>\n<li class=\"\" data-start=\"1610\" data-end=\"1672\">\n<p class=\"\" data-start=\"1612\" data-end=\"1672\"><strong data-start=\"1612\" data-end=\"1635\">Klassischer Schnitt<\/strong> f\u00fcr eine bequeme, moderne Passform<\/p>\n<\/li>\n<li class=\"\" data-start=\"1673\" data-end=\"1749\">\n<p class=\"\" data-start=\"1675\" data-end=\"1749\"><strong data-start=\"1675\" data-end=\"1723\">Flachstrickripp am Kragen und \u00c4rmelabschluss<\/strong> f\u00fcr eine elegante Optik<\/p>\n<\/li>\n<li class=\"\" data-start=\"1750\" data-end=\"1832\">\n<p class=\"\" data-start=\"1752\" data-end=\"1832\"><strong data-start=\"1752\" data-end=\"1804\">Seitenschlitze mit schwerem Single-Jersey-Futter<\/strong> f\u00fcr eine bessere Passform<\/p>\n<\/li>\n<li class=\"\" data-start=\"1833\" data-end=\"1901\">\n<p class=\"\" data-start=\"1835\" data-end=\"1901\"><strong data-start=\"1835\" data-end=\"1873\">Verst\u00e4rkter Kragen und Manschetten<\/strong> f\u00fcr einen gepflegten Look<\/p>\n<\/li>\n<li class=\"\" data-start=\"1902\" data-end=\"1974\">\n<p class=\"\" data-start=\"1904\" data-end=\"1974\"><strong data-start=\"1904\" data-end=\"1945\">Doppelnadel-Steppnaht am unteren Saum<\/strong> f\u00fcr zus\u00e4tzliche Stabilit\u00e4t<\/p>\n<\/li>\n<li class=\"\" data-start=\"1975\" data-end=\"2043\">\n<p class=\"\" data-start=\"1977\" data-end=\"2043\"><strong data-start=\"1977\" data-end=\"1993\">Vorgewaschen<\/strong> f\u00fcr besseren Einlaufschutz und weicheres Gef\u00fchl<\/p>\n<\/li>\n<li class=\"\" data-start=\"2044\" data-end=\"2137\">\n<p class=\"\" data-start=\"2046\" data-end=\"2137\"><strong data-start=\"2046\" data-end=\"2070\">Feine Piqu\u00e9-Struktur<\/strong> f\u00fcr ideale Dekorationsergebnisse mit <strong data-start=\"2108\" data-end=\"2117\">Druck<\/strong> und <strong data-start=\"2122\" data-end=\"2135\">Stickerei<\/strong><\/p>\n<\/li>\n<li class=\"\" data-start=\"2138\" data-end=\"2165\">\n<p class=\"\" data-start=\"2140\" data-end=\"2165\"><strong data-start=\"2140\" data-end=\"2150\">Gr\u00f6\u00dfen<\/strong>: XXS bis 5XL<\/p>\n<\/li>\n<\/ul>\n<h4 data-start=\"2167\" data-end=\"2231\"><strong data-start=\"2167\" data-end=\"2231\">Individuelle Druckdienstleistungen f\u00fcr Ihr Polo Prepster 2.0<\/strong><\/h4>\n<p class=\"\" data-start=\"2233\" data-end=\"2426\">Verleihen Sie Ihrem <strong data-start=\"2253\" data-end=\"2274\">Polo<\/strong>\u00a0eine individuelle Note mit unseren professionellen <strong data-start=\"2326\" data-end=\"2351\">Druckdienstleistungen<\/strong>. W\u00e4hlen Sie aus verschiedenen Techniken, um Ihr Design perfekt umzusetzen:<\/p>\n<ul data-start=\"2428\" data-end=\"2616\">\n<li class=\"\" data-start=\"2428\" data-end=\"2486\">\n<p class=\"\" data-start=\"2430\" data-end=\"2486\"><strong data-start=\"2430\" data-end=\"2443\">DTF-Druck<\/strong>: Ideal f\u00fcr lebendige, langlebige Designs<\/p>\n<\/li>\n<li class=\"\" data-start=\"2487\" data-end=\"2546\">\n<p class=\"\" data-start=\"2489\" data-end=\"2546\"><strong data-start=\"2489\" data-end=\"2502\">Siebdruck<\/strong>: Perfekt f\u00fcr kr\u00e4ftige, gro\u00dffl\u00e4chige Logos<\/p>\n<\/li>\n<li class=\"\" data-start=\"2547\" data-end=\"2616\">\n<p class=\"\" data-start=\"2549\" data-end=\"2616\"><strong data-start=\"2549\" data-end=\"2562\">Stickerei<\/strong>: Verleiht Ihrem Polo eine edle und hochwertige Note<\/p>\n<\/li>\n<\/ul>\n<h4 data-start=\"2618\" data-end=\"2657\"><strong data-start=\"2618\" data-end=\"2657\">Warum das Polo Prepster 2.0 w\u00e4hlen?<\/strong><\/h4>\n<p class=\"\" data-start=\"2659\" data-end=\"3120\">Das <strong data-start=\"2663\" data-end=\"2684\">Polo Prepster 2.0<\/strong> bietet nicht nur eine exzellente Passform und \u00fcberragenden Komfort, sondern ist auch eine nachhaltige Wahl, die sich perfekt f\u00fcr personalisierte Designs eignet. Hergestellt aus 100 % Bio-Baumwolle, bleibt es auch nach h\u00e4ufigem Tragen in hervorragendem Zustand. Nutzen Sie unsere <strong data-start=\"2964\" data-end=\"2989\">Druckdienstleistungen<\/strong>, um Ihr individuelles Design zu erstellen und dieses Polo zu einem einzigartigen Kleidungsst\u00fcck f\u00fcr Ihr Team oder Event zu machen.<\/p>\n<p data-start=\"1457\" data-end=\"1747\"><img decoding=\"async\" class=\"alignnone size-medium wp-image-7209\" src=\"https:\/\/printaberlin.de\/staging\/2315\/wp-content\/uploads\/2025\/03\/Frame-37-300x59.png\" alt=\"\" width=\"300\" height=\"59\" srcset=\"https:\/\/printaberlin.de\/wp-content\/uploads\/2025\/03\/Frame-37-300x59.png 300w, https:\/\/printaberlin.de\/wp-content\/uploads\/2025\/03\/Frame-37-1024x200.png 1024w, https:\/\/printaberlin.de\/wp-content\/uploads\/2025\/03\/Frame-37-768x150.png 768w, https:\/\/printaberlin.de\/wp-content\/uploads\/2025\/03\/Frame-37-1536x301.png 1536w, https:\/\/printaberlin.de\/wp-content\/uploads\/2025\/03\/Frame-37-260x51.png 260w, https:\/\/printaberlin.de\/wp-content\/uploads\/2025\/03\/Frame-37-500x98.png 500w, https:\/\/printaberlin.de\/wp-content\/uploads\/2025\/03\/Frame-37.png 1650w\" sizes=\"(max-width: 300px) 100vw, 300px\" \/><\/p>\n","protected":false},"excerpt":{"rendered":"<div class=\"mb-3\">\n<p class=\"uppercase text-xs lg:text-sm font-bold mb-3\">Enganliegendes Polo aus 100 % Bio-Baumwolle, ideal f\u00fcr Druck und Stickerei.<br \/>\n<strong>By Stanley Stella<\/strong><\/p>\n<\/div>\n","protected":false},"featured_media":26485,"comment_status":"open","ping_status":"closed","template":"","meta":{"nf_dc_page":""},"product_brand":[32],"product_cat":[436],"product_tag":[430],"producproduct-categroyt-categroy":[],"class_list":{"0":"post-25403","1":"product","2":"type-product","3":"status-publish","4":"has-post-thumbnail","6":"product_brand-stanley-stella","7":"product_cat-poloshirt-bedrucken","8":"product_tag-unisex","10":"first","11":"instock","12":"shipping-taxable","13":"purchasable","14":"product-type-variable","15":"has-default-attributes","16":"wvs-archive-product-wrapper"},"yoast_head":"<!-- This site is optimized with the Yoast SEO Premium plugin v24.6 (Yoast SEO v27.4) - https:\/\/yoast.com\/product\/yoast-seo-premium-wordpress\/ -->\n<title>Polo Shirt Unisex Prepster 2.0 | Printa Berlin | Textilien und T-Shirts Bedrucken<\/title>\n<meta name=\"description\" content=\"Das Polo Prepster 2.0 aus 100 % Bio-Baumwolle bietet Komfort und Langlebigkeit. Personalisieren Sie es mit DTF-Druck, Siebdruck oder Stickerei.\" \/>\n<meta name=\"robots\" content=\"index, follow, max-snippet:-1, max-image-preview:large, max-video-preview:-1\" \/>\n<link rel=\"canonical\" href=\"https:\/\/printaberlin.de\/en\/product\/polo-shirt-unisex-prepster-2-0\/\" \/>\n<meta property=\"og:locale\" content=\"en_US\" \/>\n<meta property=\"og:type\" content=\"article\" \/>\n<meta property=\"og:title\" content=\"Polo Shirt Unisex Prepster 2.0\" \/>\n<meta property=\"og:description\" content=\"Das Polo Prepster 2.0 aus 100 % Bio-Baumwolle bietet Komfort und Langlebigkeit. Personalisieren Sie es mit DTF-Druck, Siebdruck oder Stickerei.\" \/>\n<meta property=\"og:url\" content=\"https:\/\/printaberlin.de\/en\/product\/polo-shirt-unisex-prepster-2-0\/\" \/>\n<meta property=\"og:site_name\" content=\"Printa Berlin | Textilien und T-Shirts Bedrucken\" \/>\n<meta property=\"article:modified_time\" content=\"2025-09-21T20:30:27+00:00\" \/>\n<meta property=\"og:image\" content=\"https:\/\/printaberlin.de\/wp-content\/uploads\/2025\/09\/54545433.png\" \/>\n\t<meta property=\"og:image:width\" content=\"600\" \/>\n\t<meta property=\"og:image:height\" content=\"749\" \/>\n\t<meta property=\"og:image:type\" content=\"image\/png\" \/>\n<meta name=\"twitter:card\" content=\"summary_large_image\" \/>\n<meta name=\"twitter:label1\" content=\"Availability\" \/>\n\t<meta name=\"twitter:data1\" content=\"In stock\" \/>\n<script type=\"application\/ld+json\" class=\"yoast-schema-graph\">{\"@context\":\"https:\\\/\\\/schema.org\",\"@graph\":[{\"@type\":\"WebPage\",\"@id\":\"https:\\\/\\\/printaberlin.de\\\/en\\\/product\\\/polo-shirt-unisex-prepster-2-0\\\/\",\"url\":\"https:\\\/\\\/printaberlin.de\\\/en\\\/product\\\/polo-shirt-unisex-prepster-2-0\\\/\",\"name\":\"Polo Shirt Unisex Prepster 2.0 | Printa Berlin | Textilien und T-Shirts Bedrucken\",\"isPartOf\":{\"@id\":\"https:\\\/\\\/printaberlin.de\\\/en\\\/#website\"},\"primaryImageOfPage\":{\"@id\":\"https:\\\/\\\/printaberlin.de\\\/en\\\/product\\\/polo-shirt-unisex-prepster-2-0\\\/#primaryimage\"},\"image\":{\"@id\":\"https:\\\/\\\/printaberlin.de\\\/en\\\/product\\\/polo-shirt-unisex-prepster-2-0\\\/#primaryimage\"},\"thumbnailUrl\":\"https:\\\/\\\/printaberlin.de\\\/wp-content\\\/uploads\\\/2025\\\/09\\\/54545433.png\",\"datePublished\":\"2025-04-01T19:08:37+00:00\",\"dateModified\":\"2025-09-21T20:30:27+00:00\",\"description\":\"Das Polo Prepster 2.0 aus 100 % Bio-Baumwolle bietet Komfort und Langlebigkeit. Personalisieren Sie es mit DTF-Druck, Siebdruck oder Stickerei.\",\"breadcrumb\":{\"@id\":\"https:\\\/\\\/printaberlin.de\\\/en\\\/product\\\/polo-shirt-unisex-prepster-2-0\\\/#breadcrumb\"},\"inLanguage\":\"en-US\",\"potentialAction\":[{\"@type\":\"ReadAction\",\"target\":[\"https:\\\/\\\/printaberlin.de\\\/en\\\/product\\\/polo-shirt-unisex-prepster-2-0\\\/\"]}]},{\"@type\":\"ImageObject\",\"inLanguage\":\"en-US\",\"@id\":\"https:\\\/\\\/printaberlin.de\\\/en\\\/product\\\/polo-shirt-unisex-prepster-2-0\\\/#primaryimage\",\"url\":\"https:\\\/\\\/printaberlin.de\\\/wp-content\\\/uploads\\\/2025\\\/09\\\/54545433.png\",\"contentUrl\":\"https:\\\/\\\/printaberlin.de\\\/wp-content\\\/uploads\\\/2025\\\/09\\\/54545433.png\",\"width\":600,\"height\":749},{\"@type\":\"BreadcrumbList\",\"@id\":\"https:\\\/\\\/printaberlin.de\\\/en\\\/product\\\/polo-shirt-unisex-prepster-2-0\\\/#breadcrumb\",\"itemListElement\":[{\"@type\":\"ListItem\",\"position\":1,\"name\":\"Home\",\"item\":\"https:\\\/\\\/printaberlin.de\\\/en\\\/\"},{\"@type\":\"ListItem\",\"position\":2,\"name\":\"Shop\",\"item\":\"https:\\\/\\\/printaberlin.de\\\/en\\\/shop\\\/\"},{\"@type\":\"ListItem\",\"position\":3,\"name\":\"Polo Shirt Unisex Prepster 2.0\"}]},{\"@type\":\"WebSite\",\"@id\":\"https:\\\/\\\/printaberlin.de\\\/en\\\/#website\",\"url\":\"https:\\\/\\\/printaberlin.de\\\/en\\\/\",\"name\":\"Printa Berlin | Textilien und T-Shirts Bedrucken\",\"description\":\"Entdecken Sie Printa Berlin \u2013 Ihr Experte f\u00fcr personalisierten Druck! T-Shirts, Poloshirts, Hoodies, Sweatshirts, Taschen, Caps und mehr.\",\"publisher\":{\"@id\":\"https:\\\/\\\/printaberlin.de\\\/en\\\/#organization\"},\"potentialAction\":[{\"@type\":\"SearchAction\",\"target\":{\"@type\":\"EntryPoint\",\"urlTemplate\":\"https:\\\/\\\/printaberlin.de\\\/en\\\/?s={search_term_string}\"},\"query-input\":{\"@type\":\"PropertyValueSpecification\",\"valueRequired\":true,\"valueName\":\"search_term_string\"}}],\"inLanguage\":\"en-US\"},{\"@type\":\"Organization\",\"@id\":\"https:\\\/\\\/printaberlin.de\\\/en\\\/#organization\",\"name\":\"Printa Berlin\",\"url\":\"https:\\\/\\\/printaberlin.de\\\/en\\\/\",\"logo\":{\"@type\":\"ImageObject\",\"inLanguage\":\"en-US\",\"@id\":\"https:\\\/\\\/printaberlin.de\\\/en\\\/#\\\/schema\\\/logo\\\/image\\\/\",\"url\":\"https:\\\/\\\/printaberlin.de\\\/wp-content\\\/uploads\\\/2025\\\/03\\\/csdsdcdsc.png\",\"contentUrl\":\"https:\\\/\\\/printaberlin.de\\\/wp-content\\\/uploads\\\/2025\\\/03\\\/csdsdcdsc.png\",\"width\":512,\"height\":512,\"caption\":\"Printa Berlin\"},\"image\":{\"@id\":\"https:\\\/\\\/printaberlin.de\\\/en\\\/#\\\/schema\\\/logo\\\/image\\\/\"},\"sameAs\":[\"https:\\\/\\\/www.instagram.com\\\/printaberlin\\\/\"]}]}<\/script>\n<meta property=\"og:availability\" content=\"instock\" \/>\n<meta property=\"product:availability\" content=\"instock\" \/>\n<meta property=\"product:retailer_item_id\" content=\"PR09-1\" \/>\n<meta property=\"product:condition\" content=\"new\" \/>\n<!-- \/ Yoast SEO Premium plugin. -->","yoast_head_json":{"title":"Polo Shirt Unisex Prepster 2.0 | Printa Berlin | Textilien und T-Shirts Bedrucken","description":"Das Polo Prepster 2.0 aus 100 % Bio-Baumwolle bietet Komfort und Langlebigkeit. Personalisieren Sie es mit DTF-Druck, Siebdruck oder Stickerei.","robots":{"index":"index","follow":"follow","max-snippet":"max-snippet:-1","max-image-preview":"max-image-preview:large","max-video-preview":"max-video-preview:-1"},"canonical":"https:\/\/printaberlin.de\/en\/product\/polo-shirt-unisex-prepster-2-0\/","og_locale":"en_US","og_type":"article","og_title":"Polo Shirt Unisex Prepster 2.0","og_description":"Das Polo Prepster 2.0 aus 100 % Bio-Baumwolle bietet Komfort und Langlebigkeit. Personalisieren Sie es mit DTF-Druck, Siebdruck oder Stickerei.","og_url":"https:\/\/printaberlin.de\/en\/product\/polo-shirt-unisex-prepster-2-0\/","og_site_name":"Printa Berlin | Textilien und T-Shirts Bedrucken","article_modified_time":"2025-09-21T20:30:27+00:00","og_image":[{"width":600,"height":749,"url":"https:\/\/printaberlin.de\/wp-content\/uploads\/2025\/09\/54545433.png","type":"image\/png"}],"twitter_card":"summary_large_image","twitter_misc":{"Availability":"In stock"},"schema":{"@context":"https:\/\/schema.org","@graph":[{"@type":"WebPage","@id":"https:\/\/printaberlin.de\/en\/product\/polo-shirt-unisex-prepster-2-0\/","url":"https:\/\/printaberlin.de\/en\/product\/polo-shirt-unisex-prepster-2-0\/","name":"Polo Shirt Unisex Prepster 2.0 | Printa Berlin | Textilien und T-Shirts Bedrucken","isPartOf":{"@id":"https:\/\/printaberlin.de\/en\/#website"},"primaryImageOfPage":{"@id":"https:\/\/printaberlin.de\/en\/product\/polo-shirt-unisex-prepster-2-0\/#primaryimage"},"image":{"@id":"https:\/\/printaberlin.de\/en\/product\/polo-shirt-unisex-prepster-2-0\/#primaryimage"},"thumbnailUrl":"https:\/\/printaberlin.de\/wp-content\/uploads\/2025\/09\/54545433.png","datePublished":"2025-04-01T19:08:37+00:00","dateModified":"2025-09-21T20:30:27+00:00","description":"Das Polo Prepster 2.0 aus 100 % Bio-Baumwolle bietet Komfort und Langlebigkeit. Personalisieren Sie es mit DTF-Druck, Siebdruck oder Stickerei.","breadcrumb":{"@id":"https:\/\/printaberlin.de\/en\/product\/polo-shirt-unisex-prepster-2-0\/#breadcrumb"},"inLanguage":"en-US","potentialAction":[{"@type":"ReadAction","target":["https:\/\/printaberlin.de\/en\/product\/polo-shirt-unisex-prepster-2-0\/"]}]},{"@type":"ImageObject","inLanguage":"en-US","@id":"https:\/\/printaberlin.de\/en\/product\/polo-shirt-unisex-prepster-2-0\/#primaryimage","url":"https:\/\/printaberlin.de\/wp-content\/uploads\/2025\/09\/54545433.png","contentUrl":"https:\/\/printaberlin.de\/wp-content\/uploads\/2025\/09\/54545433.png","width":600,"height":749},{"@type":"BreadcrumbList","@id":"https:\/\/printaberlin.de\/en\/product\/polo-shirt-unisex-prepster-2-0\/#breadcrumb","itemListElement":[{"@type":"ListItem","position":1,"name":"Home","item":"https:\/\/printaberlin.de\/en\/"},{"@type":"ListItem","position":2,"name":"Shop","item":"https:\/\/printaberlin.de\/en\/shop\/"},{"@type":"ListItem","position":3,"name":"Polo Shirt Unisex Prepster 2.0"}]},{"@type":"WebSite","@id":"https:\/\/printaberlin.de\/en\/#website","url":"https:\/\/printaberlin.de\/en\/","name":"Printa Berlin | Textilien und T-Shirts Bedrucken","description":"Entdecken Sie Printa Berlin \u2013 Ihr Experte f\u00fcr personalisierten Druck! T-Shirts, Poloshirts, Hoodies, Sweatshirts, Taschen, Caps und mehr.","publisher":{"@id":"https:\/\/printaberlin.de\/en\/#organization"},"potentialAction":[{"@type":"SearchAction","target":{"@type":"EntryPoint","urlTemplate":"https:\/\/printaberlin.de\/en\/?s={search_term_string}"},"query-input":{"@type":"PropertyValueSpecification","valueRequired":true,"valueName":"search_term_string"}}],"inLanguage":"en-US"},{"@type":"Organization","@id":"https:\/\/printaberlin.de\/en\/#organization","name":"Printa Berlin","url":"https:\/\/printaberlin.de\/en\/","logo":{"@type":"ImageObject","inLanguage":"en-US","@id":"https:\/\/printaberlin.de\/en\/#\/schema\/logo\/image\/","url":"https:\/\/printaberlin.de\/wp-content\/uploads\/2025\/03\/csdsdcdsc.png","contentUrl":"https:\/\/printaberlin.de\/wp-content\/uploads\/2025\/03\/csdsdcdsc.png","width":512,"height":512,"caption":"Printa Berlin"},"image":{"@id":"https:\/\/printaberlin.de\/en\/#\/schema\/logo\/image\/"},"sameAs":["https:\/\/www.instagram.com\/printaberlin\/"]}]},"og_availability":"instock","product_availability":"instock","product_retailer_item_id":"PR09-1","product_condition":"new"},"_links":{"self":[{"href":"https:\/\/printaberlin.de\/en\/wp-json\/wp\/v2\/product\/25403","targetHints":{"allow":["GET"]}}],"collection":[{"href":"https:\/\/printaberlin.de\/en\/wp-json\/wp\/v2\/product"}],"about":[{"href":"https:\/\/printaberlin.de\/en\/wp-json\/wp\/v2\/types\/product"}],"replies":[{"embeddable":true,"href":"https:\/\/printaberlin.de\/en\/wp-json\/wp\/v2\/comments?post=25403"}],"wp:featuredmedia":[{"embeddable":true,"href":"https:\/\/printaberlin.de\/en\/wp-json\/wp\/v2\/media\/26485"}],"wp:attachment":[{"href":"https:\/\/printaberlin.de\/en\/wp-json\/wp\/v2\/media?parent=25403"}],"wp:term":[{"taxonomy":"product_brand","embeddable":true,"href":"https:\/\/printaberlin.de\/en\/wp-json\/wp\/v2\/product_brand?post=25403"},{"taxonomy":"product_cat","embeddable":true,"href":"https:\/\/printaberlin.de\/en\/wp-json\/wp\/v2\/product_cat?post=25403"},{"taxonomy":"product_tag","embeddable":true,"href":"https:\/\/printaberlin.de\/en\/wp-json\/wp\/v2\/product_tag?post=25403"},{"taxonomy":"producproduct-categroyt-categroy","embeddable":true,"href":"https:\/\/printaberlin.de\/en\/wp-json\/wp\/v2\/producproduct-categroyt-categroy?post=25403"}],"curies":[{"name":"wp","href":"https:\/\/api.w.org\/{rel}","templated":true}]}}