{"id":25395,"date":"2025-04-01T19:47:30","date_gmt":"2025-04-01T19:47:30","guid":{"rendered":"https:\/\/printaberlin.de\/product\/polo-shirt-safran\/"},"modified":"2025-09-21T20:30:27","modified_gmt":"2025-09-21T20:30:27","slug":"polo-shirt-safran","status":"publish","type":"product","link":"https:\/\/printaberlin.de\/en\/product\/polo-shirt-safran\/","title":{"rendered":"Polo Shirt Safran"},"content":{"rendered":"<h3 data-start=\"0\" data-end=\"60\"><strong data-start=\"0\" data-end=\"60\">Polo Shirt Safran: Komfortabel, Nachhaltig und Anpassbar<\/strong><\/h3>\n<p class=\"\" data-start=\"62\" data-end=\"662\">Das <strong data-start=\"66\" data-end=\"87\">Polo Shirt Safran<\/strong> ist die perfekte Kombination aus Stil, Komfort und Nachhaltigkeit. Hergestellt aus 100 % ringgesponnener gek\u00e4mmter Baumwolle und exklusivem B&amp;C Fein-Piqu\u00e9, bietet dieses Poloshirt eine besonders edle und griffige Oberfl\u00e4che, die sich ideal f\u00fcr <strong data-start=\"332\" data-end=\"354\">Personalisierungen<\/strong> eignet. Der klassische Schnitt, der 1&#215;1-Rippstrickkragen, die Manschetten und die Ton-in-Ton-Dreiknopfleiste machen dieses Polo zu einer ausgezeichneten Wahl f\u00fcr jede Gelegenheit. In einer breiten Farbpalette mit 8 Kernfarben und vielen Gr\u00f6\u00dfen erh\u00e4ltlich, setzt dieses Poloshirt neue Ma\u00dfst\u00e4be auf dem Markt.<\/p>\n<p class=\"\" data-start=\"664\" data-end=\"907\">Mit <strong data-start=\"668\" data-end=\"682\">B&amp;C Safran<\/strong> w\u00e4hlen Sie ein nachhaltiges Produkt, da B&amp;C nun 100 % nachhaltigere Fasern verwendet. Durch den Kauf dieses Produkts unterst\u00fctzen Sie zudem die <strong data-start=\"827\" data-end=\"855\">Better Cotton-Initiative<\/strong>, die eine nachhaltigere Baumwollproduktion f\u00f6rdert.<\/p>\n<h4 data-start=\"909\" data-end=\"948\"><strong data-start=\"909\" data-end=\"948\">Hauptmerkmale des Polo Shirt Safran<\/strong><\/h4>\n<ul data-start=\"950\" data-end=\"1484\">\n<li class=\"\" data-start=\"950\" data-end=\"1024\">\n<p class=\"\" data-start=\"952\" data-end=\"1024\"><strong data-start=\"952\" data-end=\"996\">100 % ringgesponnene, gek\u00e4mmte Baumwolle<\/strong> f\u00fcr ein edles Tragegef\u00fchl<\/p>\n<\/li>\n<li class=\"\" data-start=\"1025\" data-end=\"1101\">\n<p class=\"\" data-start=\"1027\" data-end=\"1101\"><strong data-start=\"1027\" data-end=\"1047\">Fein-Piqu\u00e9-Stoff<\/strong> f\u00fcr eine besonders glatte und langlebige Oberfl\u00e4che<\/p>\n<\/li>\n<li class=\"\" data-start=\"1102\" data-end=\"1170\">\n<p class=\"\" data-start=\"1104\" data-end=\"1170\"><strong data-start=\"1104\" data-end=\"1127\">Klassischer Schnitt<\/strong> mit 1&#215;1-Rippstrickkragen und Manschetten<\/p>\n<\/li>\n<li class=\"\" data-start=\"1171\" data-end=\"1230\">\n<p class=\"\" data-start=\"1173\" data-end=\"1230\"><strong data-start=\"1173\" data-end=\"1203\">Ton-in-Ton-Dreiknopfleiste<\/strong> f\u00fcr ein elegantes Design<\/p>\n<\/li>\n<li class=\"\" data-start=\"1231\" data-end=\"1313\">\n<p class=\"\" data-start=\"1233\" data-end=\"1313\"><strong data-start=\"1233\" data-end=\"1258\">Nachhaltige Baumwolle<\/strong> durch die Unterst\u00fctzung der Better Cotton-Initiative<\/p>\n<\/li>\n<li class=\"\" data-start=\"1314\" data-end=\"1381\">\n<p class=\"\" data-start=\"1316\" data-end=\"1381\"><strong data-start=\"1316\" data-end=\"1329\">Grammatur<\/strong>: 180 g\/m\u00b2 f\u00fcr eine robuste, aber leichte Passform<\/p>\n<\/li>\n<li class=\"\" data-start=\"1382\" data-end=\"1430\">\n<p class=\"\" data-start=\"1384\" data-end=\"1430\"><strong data-start=\"1384\" data-end=\"1405\">Verf\u00fcgbare Gr\u00f6\u00dfen<\/strong>: S, M, L, XL, 2XL, 3XL<\/p>\n<\/li>\n<li class=\"\" data-start=\"1431\" data-end=\"1484\">\n<p class=\"\" data-start=\"1433\" data-end=\"1484\"><strong data-start=\"1433\" data-end=\"1447\">Verpackung<\/strong>: 10 St.\/Polybeutel &amp; 50 St.\/Karton<\/p>\n<\/li>\n<\/ul>\n<h4 data-start=\"1486\" data-end=\"1550\"><strong data-start=\"1486\" data-end=\"1550\">Individuelle Druckdienstleistungen f\u00fcr Ihr Polo Shirt Safran<\/strong><\/h4>\n<p class=\"\" data-start=\"1552\" data-end=\"1747\">Verleihen Sie Ihrem <strong data-start=\"1572\" data-end=\"1593\">Polo Shirt <\/strong>eine pers\u00f6nliche Note mit unseren professionellen <strong data-start=\"1644\" data-end=\"1669\">Druckdienstleistungen<\/strong>. W\u00e4hlen Sie aus verschiedenen Techniken, um Ihr Design zum Leben zu erwecken:<\/p>\n<ul data-start=\"1749\" data-end=\"1942\">\n<li class=\"\" data-start=\"1749\" data-end=\"1807\">\n<p class=\"\" data-start=\"1751\" data-end=\"1807\"><strong data-start=\"1751\" data-end=\"1764\">DTF-Druck<\/strong>: Ideal f\u00fcr lebendige, langlebige Designs<\/p>\n<\/li>\n<li class=\"\" data-start=\"1808\" data-end=\"1870\">\n<p class=\"\" data-start=\"1810\" data-end=\"1870\"><strong data-start=\"1810\" data-end=\"1823\">Siebdruck<\/strong>: Perfekt f\u00fcr gro\u00dffl\u00e4chige und kr\u00e4ftige Logos<\/p>\n<\/li>\n<li class=\"\" data-start=\"1871\" data-end=\"1942\">\n<p class=\"\" data-start=\"1873\" data-end=\"1942\"><strong data-start=\"1873\" data-end=\"1886\">Stickerei<\/strong>: Verleiht Ihrem Design eine edle, professionelle Note<\/p>\n<\/li>\n<\/ul>\n<h4 data-start=\"1944\" data-end=\"1983\"><strong data-start=\"1944\" data-end=\"1983\">Warum das Polo Shirt w\u00e4hlen?<\/strong><\/h4>\n<p class=\"\" data-start=\"1985\" data-end=\"2370\">Das <strong data-start=\"1989\" data-end=\"2010\">Polo Shirt Safran<\/strong> bietet nicht nur Komfort und Stil, sondern auch eine nachhaltige und umweltbewusste Wahl. Hergestellt aus 100 % nachhaltiger Baumwolle und mit einer exzellenten Druckoberfl\u00e4che, eignet sich dieses Poloshirt perfekt f\u00fcr personalisierte Anwendungen. Kombiniert mit unseren hochwertigen <strong data-start=\"2295\" data-end=\"2320\">Druckdienstleistungen<\/strong> k\u00f6nnen Sie es ganz nach Ihren W\u00fcnschen gestalten.<\/p>\n<p data-start=\"1985\" data-end=\"2370\"><img decoding=\"async\" class=\"alignnone size-medium wp-image-15777\" src=\"https:\/\/printaberlin.de\/staging\/2315\/wp-content\/uploads\/2025\/04\/656565-300x44.png\" alt=\"\" width=\"300\" height=\"44\" srcset=\"https:\/\/printaberlin.de\/wp-content\/uploads\/2025\/04\/656565-300x44.png 300w, https:\/\/printaberlin.de\/wp-content\/uploads\/2025\/04\/656565-284x42.png 284w, https:\/\/printaberlin.de\/wp-content\/uploads\/2025\/04\/656565.png 560w\" sizes=\"(max-width: 300px) 100vw, 300px\" \/><\/p>\n","protected":false},"excerpt":{"rendered":"<p>Nachhaltiges Polo Shirt Safran aus 100 % Baumwolle, ideal f\u00fcr Druck und Stickerei.<br \/>\n<strong>By B&amp;C<\/strong><\/p>\n","protected":false},"featured_media":26487,"comment_status":"closed","ping_status":"closed","template":"","meta":{"nf_dc_page":""},"product_brand":[315],"product_cat":[436],"product_tag":[435],"producproduct-categroyt-categroy":[],"class_list":{"0":"post-25395","1":"product","2":"type-product","3":"status-publish","4":"has-post-thumbnail","6":"product_brand-bc","7":"product_cat-poloshirt-bedrucken","8":"product_tag-unisexmen","10":"first","11":"instock","12":"shipping-taxable","13":"purchasable","14":"product-type-variable","15":"wvs-archive-product-wrapper"},"yoast_head":"<!-- This site is optimized with the Yoast SEO Premium plugin v24.6 (Yoast SEO v27.4) - https:\/\/yoast.com\/product\/yoast-seo-premium-wordpress\/ -->\n<title>Polo Shirt Safran B&amp;C | Nachhaltig und anpassbar f\u00fcr Ihre Designs<\/title>\n<meta name=\"description\" content=\"Das Polo Shirt Safran aus 100 % nachhaltiger Baumwolle bietet Komfort und Stil. Personalisieren Sie es mit DTF-Druck, Siebdruck oder Stickerei.\" \/>\n<meta name=\"robots\" content=\"index, follow, max-snippet:-1, max-image-preview:large, max-video-preview:-1\" \/>\n<link rel=\"canonical\" href=\"https:\/\/printaberlin.de\/en\/product\/polo-shirt-safran\/\" \/>\n<meta property=\"og:locale\" content=\"en_US\" \/>\n<meta property=\"og:type\" content=\"article\" \/>\n<meta property=\"og:title\" content=\"Polo Shirt Safran\" \/>\n<meta property=\"og:description\" content=\"Das Polo Shirt Safran aus 100 % nachhaltiger Baumwolle bietet Komfort und Stil. Personalisieren Sie es mit DTF-Druck, Siebdruck oder Stickerei.\" \/>\n<meta property=\"og:url\" content=\"https:\/\/printaberlin.de\/en\/product\/polo-shirt-safran\/\" \/>\n<meta property=\"og:site_name\" content=\"Printa Berlin | Textilien und T-Shirts Bedrucken\" \/>\n<meta property=\"article:modified_time\" content=\"2025-09-21T20:30:27+00:00\" \/>\n<meta property=\"og:image\" content=\"https:\/\/printaberlin.de\/wp-content\/uploads\/2025\/09\/75556.png\" \/>\n\t<meta property=\"og:image:width\" content=\"600\" \/>\n\t<meta property=\"og:image:height\" content=\"749\" \/>\n\t<meta property=\"og:image:type\" content=\"image\/png\" \/>\n<meta name=\"twitter:card\" content=\"summary_large_image\" \/>\n<meta name=\"twitter:label1\" content=\"Availability\" \/>\n\t<meta name=\"twitter:data1\" content=\"In stock\" \/>\n<script type=\"application\/ld+json\" class=\"yoast-schema-graph\">{\"@context\":\"https:\\\/\\\/schema.org\",\"@graph\":[{\"@type\":\"WebPage\",\"@id\":\"https:\\\/\\\/printaberlin.de\\\/en\\\/product\\\/polo-shirt-safran\\\/\",\"url\":\"https:\\\/\\\/printaberlin.de\\\/en\\\/product\\\/polo-shirt-safran\\\/\",\"name\":\"Polo Shirt Safran B&amp;C | Nachhaltig und anpassbar f\u00fcr Ihre Designs\",\"isPartOf\":{\"@id\":\"https:\\\/\\\/printaberlin.de\\\/en\\\/#website\"},\"primaryImageOfPage\":{\"@id\":\"https:\\\/\\\/printaberlin.de\\\/en\\\/product\\\/polo-shirt-safran\\\/#primaryimage\"},\"image\":{\"@id\":\"https:\\\/\\\/printaberlin.de\\\/en\\\/product\\\/polo-shirt-safran\\\/#primaryimage\"},\"thumbnailUrl\":\"https:\\\/\\\/printaberlin.de\\\/wp-content\\\/uploads\\\/2025\\\/09\\\/75556.png\",\"datePublished\":\"2025-04-01T19:47:30+00:00\",\"dateModified\":\"2025-09-21T20:30:27+00:00\",\"description\":\"Das Polo Shirt Safran aus 100 % nachhaltiger Baumwolle bietet Komfort und Stil. Personalisieren Sie es mit DTF-Druck, Siebdruck oder Stickerei.\",\"breadcrumb\":{\"@id\":\"https:\\\/\\\/printaberlin.de\\\/en\\\/product\\\/polo-shirt-safran\\\/#breadcrumb\"},\"inLanguage\":\"en-US\",\"potentialAction\":[{\"@type\":\"ReadAction\",\"target\":[\"https:\\\/\\\/printaberlin.de\\\/en\\\/product\\\/polo-shirt-safran\\\/\"]}]},{\"@type\":\"ImageObject\",\"inLanguage\":\"en-US\",\"@id\":\"https:\\\/\\\/printaberlin.de\\\/en\\\/product\\\/polo-shirt-safran\\\/#primaryimage\",\"url\":\"https:\\\/\\\/printaberlin.de\\\/wp-content\\\/uploads\\\/2025\\\/09\\\/75556.png\",\"contentUrl\":\"https:\\\/\\\/printaberlin.de\\\/wp-content\\\/uploads\\\/2025\\\/09\\\/75556.png\",\"width\":600,\"height\":749},{\"@type\":\"BreadcrumbList\",\"@id\":\"https:\\\/\\\/printaberlin.de\\\/en\\\/product\\\/polo-shirt-safran\\\/#breadcrumb\",\"itemListElement\":[{\"@type\":\"ListItem\",\"position\":1,\"name\":\"Home\",\"item\":\"https:\\\/\\\/printaberlin.de\\\/en\\\/\"},{\"@type\":\"ListItem\",\"position\":2,\"name\":\"Shop\",\"item\":\"https:\\\/\\\/printaberlin.de\\\/en\\\/shop\\\/\"},{\"@type\":\"ListItem\",\"position\":3,\"name\":\"Polo Shirt Safran\"}]},{\"@type\":\"WebSite\",\"@id\":\"https:\\\/\\\/printaberlin.de\\\/en\\\/#website\",\"url\":\"https:\\\/\\\/printaberlin.de\\\/en\\\/\",\"name\":\"Printa Berlin | Textilien und T-Shirts Bedrucken\",\"description\":\"Entdecken Sie Printa Berlin \u2013 Ihr Experte f\u00fcr personalisierten Druck! T-Shirts, Poloshirts, Hoodies, Sweatshirts, Taschen, Caps und mehr.\",\"publisher\":{\"@id\":\"https:\\\/\\\/printaberlin.de\\\/en\\\/#organization\"},\"potentialAction\":[{\"@type\":\"SearchAction\",\"target\":{\"@type\":\"EntryPoint\",\"urlTemplate\":\"https:\\\/\\\/printaberlin.de\\\/en\\\/?s={search_term_string}\"},\"query-input\":{\"@type\":\"PropertyValueSpecification\",\"valueRequired\":true,\"valueName\":\"search_term_string\"}}],\"inLanguage\":\"en-US\"},{\"@type\":\"Organization\",\"@id\":\"https:\\\/\\\/printaberlin.de\\\/en\\\/#organization\",\"name\":\"Printa Berlin\",\"url\":\"https:\\\/\\\/printaberlin.de\\\/en\\\/\",\"logo\":{\"@type\":\"ImageObject\",\"inLanguage\":\"en-US\",\"@id\":\"https:\\\/\\\/printaberlin.de\\\/en\\\/#\\\/schema\\\/logo\\\/image\\\/\",\"url\":\"https:\\\/\\\/printaberlin.de\\\/wp-content\\\/uploads\\\/2025\\\/03\\\/csdsdcdsc.png\",\"contentUrl\":\"https:\\\/\\\/printaberlin.de\\\/wp-content\\\/uploads\\\/2025\\\/03\\\/csdsdcdsc.png\",\"width\":512,\"height\":512,\"caption\":\"Printa Berlin\"},\"image\":{\"@id\":\"https:\\\/\\\/printaberlin.de\\\/en\\\/#\\\/schema\\\/logo\\\/image\\\/\"},\"sameAs\":[\"https:\\\/\\\/www.instagram.com\\\/printaberlin\\\/\"]}]}<\/script>\n<meta property=\"og:availability\" content=\"instock\" \/>\n<meta property=\"product:availability\" content=\"instock\" \/>\n<meta property=\"product:condition\" content=\"new\" \/>\n<!-- \/ Yoast SEO Premium plugin. -->","yoast_head_json":{"title":"Polo Shirt Safran B&amp;C | Nachhaltig und anpassbar f\u00fcr Ihre Designs","description":"Das Polo Shirt Safran aus 100 % nachhaltiger Baumwolle bietet Komfort und Stil. Personalisieren Sie es mit DTF-Druck, Siebdruck oder Stickerei.","robots":{"index":"index","follow":"follow","max-snippet":"max-snippet:-1","max-image-preview":"max-image-preview:large","max-video-preview":"max-video-preview:-1"},"canonical":"https:\/\/printaberlin.de\/en\/product\/polo-shirt-safran\/","og_locale":"en_US","og_type":"article","og_title":"Polo Shirt Safran","og_description":"Das Polo Shirt Safran aus 100 % nachhaltiger Baumwolle bietet Komfort und Stil. Personalisieren Sie es mit DTF-Druck, Siebdruck oder Stickerei.","og_url":"https:\/\/printaberlin.de\/en\/product\/polo-shirt-safran\/","og_site_name":"Printa Berlin | Textilien und T-Shirts Bedrucken","article_modified_time":"2025-09-21T20:30:27+00:00","og_image":[{"width":600,"height":749,"url":"https:\/\/printaberlin.de\/wp-content\/uploads\/2025\/09\/75556.png","type":"image\/png"}],"twitter_card":"summary_large_image","twitter_misc":{"Availability":"In stock"},"schema":{"@context":"https:\/\/schema.org","@graph":[{"@type":"WebPage","@id":"https:\/\/printaberlin.de\/en\/product\/polo-shirt-safran\/","url":"https:\/\/printaberlin.de\/en\/product\/polo-shirt-safran\/","name":"Polo Shirt Safran B&amp;C | Nachhaltig und anpassbar f\u00fcr Ihre Designs","isPartOf":{"@id":"https:\/\/printaberlin.de\/en\/#website"},"primaryImageOfPage":{"@id":"https:\/\/printaberlin.de\/en\/product\/polo-shirt-safran\/#primaryimage"},"image":{"@id":"https:\/\/printaberlin.de\/en\/product\/polo-shirt-safran\/#primaryimage"},"thumbnailUrl":"https:\/\/printaberlin.de\/wp-content\/uploads\/2025\/09\/75556.png","datePublished":"2025-04-01T19:47:30+00:00","dateModified":"2025-09-21T20:30:27+00:00","description":"Das Polo Shirt Safran aus 100 % nachhaltiger Baumwolle bietet Komfort und Stil. Personalisieren Sie es mit DTF-Druck, Siebdruck oder Stickerei.","breadcrumb":{"@id":"https:\/\/printaberlin.de\/en\/product\/polo-shirt-safran\/#breadcrumb"},"inLanguage":"en-US","potentialAction":[{"@type":"ReadAction","target":["https:\/\/printaberlin.de\/en\/product\/polo-shirt-safran\/"]}]},{"@type":"ImageObject","inLanguage":"en-US","@id":"https:\/\/printaberlin.de\/en\/product\/polo-shirt-safran\/#primaryimage","url":"https:\/\/printaberlin.de\/wp-content\/uploads\/2025\/09\/75556.png","contentUrl":"https:\/\/printaberlin.de\/wp-content\/uploads\/2025\/09\/75556.png","width":600,"height":749},{"@type":"BreadcrumbList","@id":"https:\/\/printaberlin.de\/en\/product\/polo-shirt-safran\/#breadcrumb","itemListElement":[{"@type":"ListItem","position":1,"name":"Home","item":"https:\/\/printaberlin.de\/en\/"},{"@type":"ListItem","position":2,"name":"Shop","item":"https:\/\/printaberlin.de\/en\/shop\/"},{"@type":"ListItem","position":3,"name":"Polo Shirt Safran"}]},{"@type":"WebSite","@id":"https:\/\/printaberlin.de\/en\/#website","url":"https:\/\/printaberlin.de\/en\/","name":"Printa Berlin | Textilien und T-Shirts Bedrucken","description":"Entdecken Sie Printa Berlin \u2013 Ihr Experte f\u00fcr personalisierten Druck! T-Shirts, Poloshirts, Hoodies, Sweatshirts, Taschen, Caps und mehr.","publisher":{"@id":"https:\/\/printaberlin.de\/en\/#organization"},"potentialAction":[{"@type":"SearchAction","target":{"@type":"EntryPoint","urlTemplate":"https:\/\/printaberlin.de\/en\/?s={search_term_string}"},"query-input":{"@type":"PropertyValueSpecification","valueRequired":true,"valueName":"search_term_string"}}],"inLanguage":"en-US"},{"@type":"Organization","@id":"https:\/\/printaberlin.de\/en\/#organization","name":"Printa Berlin","url":"https:\/\/printaberlin.de\/en\/","logo":{"@type":"ImageObject","inLanguage":"en-US","@id":"https:\/\/printaberlin.de\/en\/#\/schema\/logo\/image\/","url":"https:\/\/printaberlin.de\/wp-content\/uploads\/2025\/03\/csdsdcdsc.png","contentUrl":"https:\/\/printaberlin.de\/wp-content\/uploads\/2025\/03\/csdsdcdsc.png","width":512,"height":512,"caption":"Printa Berlin"},"image":{"@id":"https:\/\/printaberlin.de\/en\/#\/schema\/logo\/image\/"},"sameAs":["https:\/\/www.instagram.com\/printaberlin\/"]}]},"og_availability":"instock","product_availability":"instock","product_condition":"new"},"_links":{"self":[{"href":"https:\/\/printaberlin.de\/en\/wp-json\/wp\/v2\/product\/25395","targetHints":{"allow":["GET"]}}],"collection":[{"href":"https:\/\/printaberlin.de\/en\/wp-json\/wp\/v2\/product"}],"about":[{"href":"https:\/\/printaberlin.de\/en\/wp-json\/wp\/v2\/types\/product"}],"replies":[{"embeddable":true,"href":"https:\/\/printaberlin.de\/en\/wp-json\/wp\/v2\/comments?post=25395"}],"wp:featuredmedia":[{"embeddable":true,"href":"https:\/\/printaberlin.de\/en\/wp-json\/wp\/v2\/media\/26487"}],"wp:attachment":[{"href":"https:\/\/printaberlin.de\/en\/wp-json\/wp\/v2\/media?parent=25395"}],"wp:term":[{"taxonomy":"product_brand","embeddable":true,"href":"https:\/\/printaberlin.de\/en\/wp-json\/wp\/v2\/product_brand?post=25395"},{"taxonomy":"product_cat","embeddable":true,"href":"https:\/\/printaberlin.de\/en\/wp-json\/wp\/v2\/product_cat?post=25395"},{"taxonomy":"product_tag","embeddable":true,"href":"https:\/\/printaberlin.de\/en\/wp-json\/wp\/v2\/product_tag?post=25395"},{"taxonomy":"producproduct-categroyt-categroy","embeddable":true,"href":"https:\/\/printaberlin.de\/en\/wp-json\/wp\/v2\/producproduct-categroyt-categroy?post=25395"}],"curies":[{"name":"wp","href":"https:\/\/api.w.org\/{rel}","templated":true}]}}