{"id":25386,"date":"2025-04-01T20:34:07","date_gmt":"2025-04-01T20:34:07","guid":{"rendered":"https:\/\/printaberlin.de\/product\/polo-shirt-long-sleeve\/"},"modified":"2025-09-21T20:30:26","modified_gmt":"2025-09-21T20:30:26","slug":"polo-shirt-long-sleeve","status":"publish","type":"product","link":"https:\/\/printaberlin.de\/en\/product\/polo-shirt-long-sleeve\/","title":{"rendered":"Polo Shirt Long Sleeve"},"content":{"rendered":"<h3 data-start=\"0\" data-end=\"86\"><strong data-start=\"0\" data-end=\"86\">Polo Shirt Long Sleeve SOL&#8217;S PRIME LSL 03983: Komfortabel, Langlebig und Anpassbar<\/strong><\/h3>\n<p class=\"\" data-start=\"88\" data-end=\"695\">Das <strong data-start=\"92\" data-end=\"118\">Polo Shirt Long Sleeve<\/strong> SOL&#8217;S PRIME LSL 03983 bietet eine perfekte Kombination aus Stil, Komfort und Langlebigkeit. Hergestellt aus einer hochwertigen Mischung aus 65 % Polyester und 35 % Ringspun-Baumwolle, bietet dieses Langarm-Polo ein angenehmes Tragegef\u00fchl und hohe Strapazierf\u00e4higkeit. Das klassische Design mit einem 1&#215;1-rippten Kragen und Manschetten sowie einer verst\u00e4rkten Schulternaht sorgt f\u00fcr zus\u00e4tzlichen Komfort und Haltbarkeit. Die Ton-in-Ton-Dreiknopfleiste und der Nackenband bieten eine stilvolle und saubere Optik. Ideal f\u00fcr den t\u00e4glichen Gebrauch oder f\u00fcr personalisierte Drucke.<\/p>\n<h4 data-start=\"697\" data-end=\"763\"><strong data-start=\"697\" data-end=\"763\">Hauptmerkmale des Polo Shirt Long Sleeve SOL&#8217;S PRIME LSL 03983<\/strong><\/h4>\n<ul data-start=\"765\" data-end=\"1204\">\n<li class=\"\" data-start=\"765\" data-end=\"829\">\n<p class=\"\" data-start=\"767\" data-end=\"829\"><strong data-start=\"767\" data-end=\"786\">Zusammensetzung<\/strong>: 65 % Polyester, 35 % Ringspun-Baumwolle<\/p>\n<\/li>\n<li class=\"\" data-start=\"830\" data-end=\"903\">\n<p class=\"\" data-start=\"832\" data-end=\"903\"><strong data-start=\"832\" data-end=\"858\">Kragen und Manschetten<\/strong>: 1&#215;1 Rippstrick f\u00fcr eine elegante Passform<\/p>\n<\/li>\n<li class=\"\" data-start=\"904\" data-end=\"968\">\n<p class=\"\" data-start=\"906\" data-end=\"968\"><strong data-start=\"906\" data-end=\"921\">Lange \u00c4rmel<\/strong> f\u00fcr zus\u00e4tzlichen Komfort bei k\u00fchlerem Wetter<\/p>\n<\/li>\n<li class=\"\" data-start=\"969\" data-end=\"1029\">\n<p class=\"\" data-start=\"971\" data-end=\"1029\"><strong data-start=\"971\" data-end=\"999\">Verst\u00e4rkte Schultern\u00e4hte<\/strong> f\u00fcr verbesserte Haltbarkeit<\/p>\n<\/li>\n<li class=\"\" data-start=\"1030\" data-end=\"1089\">\n<p class=\"\" data-start=\"1032\" data-end=\"1089\"><strong data-start=\"1032\" data-end=\"1062\">Ton-in-Ton-Dreiknopfleiste<\/strong> f\u00fcr ein elegantes Design<\/p>\n<\/li>\n<li class=\"\" data-start=\"1090\" data-end=\"1161\">\n<p class=\"\" data-start=\"1092\" data-end=\"1161\"><strong data-start=\"1092\" data-end=\"1106\">Nackenband<\/strong> f\u00fcr zus\u00e4tzlichen Komfort und eine saubere Ausf\u00fchrung<\/p>\n<\/li>\n<li class=\"\" data-start=\"1162\" data-end=\"1204\">\n<p class=\"\" data-start=\"1164\" data-end=\"1204\"><strong data-start=\"1164\" data-end=\"1202\">Erh\u00e4ltlich in verschiedenen Gr\u00f6\u00dfen<\/strong><\/p>\n<\/li>\n<\/ul>\n<h4 data-start=\"1206\" data-end=\"1275\"><strong data-start=\"1206\" data-end=\"1275\">Individuelle Druckdienstleistungen f\u00fcr Ihr Polo Shirt Long Sleeve<\/strong><\/h4>\n<p class=\"\" data-start=\"1277\" data-end=\"1448\">Verleihen Sie Ihrem <strong data-start=\"1297\" data-end=\"1323\">Polo Shirt Long Sleeve<\/strong> eine pers\u00f6nliche Note mit unseren professionellen <strong data-start=\"1374\" data-end=\"1399\">Druckdienstleistungen<\/strong>. W\u00e4hlen Sie die perfekte Technik f\u00fcr Ihr Design:<\/p>\n<ul data-start=\"1450\" data-end=\"1660\">\n<li class=\"\" data-start=\"1450\" data-end=\"1511\">\n<p class=\"\" data-start=\"1452\" data-end=\"1511\"><strong data-start=\"1452\" data-end=\"1465\">DTF-Druck<\/strong>: Ideal f\u00fcr lebendige und langlebige Designs<\/p>\n<\/li>\n<li class=\"\" data-start=\"1512\" data-end=\"1582\">\n<p class=\"\" data-start=\"1514\" data-end=\"1582\"><strong data-start=\"1514\" data-end=\"1527\">Siebdruck<\/strong>: Perfekt f\u00fcr kr\u00e4ftige Logos und gro\u00dffl\u00e4chige Designs<\/p>\n<\/li>\n<li class=\"\" data-start=\"1583\" data-end=\"1660\">\n<p class=\"\" data-start=\"1585\" data-end=\"1660\"><strong data-start=\"1585\" data-end=\"1598\">Stickerei<\/strong>: Verleiht Ihrem Design ein edles und professionelles Finish<\/p>\n<\/li>\n<\/ul>\n<h4 data-start=\"1662\" data-end=\"1728\"><strong data-start=\"1662\" data-end=\"1728\">Warum das Polo Shirt Long Sleeve SOL&#8217;S PRIME LSL 03983 w\u00e4hlen?<\/strong><\/h4>\n<p class=\"\" data-start=\"1730\" data-end=\"2145\">Das <strong data-start=\"1734\" data-end=\"1760\">Polo Shirt Long Sleeve<\/strong> SOL&#8217;S PRIME LSL 03983 ist nicht nur eine komfortable Wahl f\u00fcr den t\u00e4glichen Gebrauch, sondern auch ideal f\u00fcr die Personalisierung. Hergestellt aus einer robusten Polyester-Baumwoll-Mischung bietet es sowohl Komfort als auch Langlebigkeit. Mit unseren <strong data-start=\"2012\" data-end=\"2037\">Druckdienstleistungen<\/strong> k\u00f6nnen Sie das T-Shirt nach Ihren Vorstellungen gestalten und so ein einzigartiges Kleidungsst\u00fcck schaffen.<\/p>\n<p data-start=\"1985\" data-end=\"2370\"><img decoding=\"async\" class=\"alignnone size-medium wp-image-15828\" src=\"https:\/\/printaberlin.de\/staging\/2315\/wp-content\/uploads\/2025\/04\/0807-300x75.png\" alt=\"\" width=\"300\" height=\"75\" srcset=\"https:\/\/printaberlin.de\/wp-content\/uploads\/2025\/04\/0807-300x75.png 300w, https:\/\/printaberlin.de\/wp-content\/uploads\/2025\/04\/0807-284x71.png 284w, https:\/\/printaberlin.de\/wp-content\/uploads\/2025\/04\/0807.png 330w\" sizes=\"(max-width: 300px) 100vw, 300px\" \/><\/p>\n","protected":false},"excerpt":{"rendered":"<p>Bequemes Polo\u00a0Long Sleeve aus Polyester-Baumwoll-Mix, ideal f\u00fcr Druck.<br \/>\n<strong>By Solo<\/strong><\/p>\n","protected":false},"featured_media":26497,"comment_status":"closed","ping_status":"closed","template":"","meta":{"nf_dc_page":""},"product_brand":[318],"product_cat":[436],"product_tag":[430],"producproduct-categroyt-categroy":[],"class_list":{"0":"post-25386","1":"product","2":"type-product","3":"status-publish","4":"has-post-thumbnail","6":"product_brand-solo","7":"product_cat-poloshirt-bedrucken","8":"product_tag-unisex","10":"first","11":"instock","12":"shipping-taxable","13":"purchasable","14":"product-type-variable","15":"has-default-attributes","16":"wvs-archive-product-wrapper"},"yoast_head":"<!-- This site is optimized with the Yoast SEO Premium plugin v24.6 (Yoast SEO v27.4) - https:\/\/yoast.com\/product\/yoast-seo-premium-wordpress\/ -->\n<title>Polo Shirt Long Sleeve SOL&#039;S PRIME LSL | Printa Berlin<\/title>\n<meta name=\"description\" content=\"Das Polo Shirt Long Sleeve SOL&#039;S PRIME LSL 03983 aus 65 % Polyester und 35 % Baumwolle bietet Komfort und Stil. Personalisieren Sie es mit Screen und mehr.\" \/>\n<meta name=\"robots\" content=\"index, follow, max-snippet:-1, max-image-preview:large, max-video-preview:-1\" \/>\n<link rel=\"canonical\" href=\"https:\/\/printaberlin.de\/en\/product\/polo-shirt-long-sleeve\/\" \/>\n<meta property=\"og:locale\" content=\"en_US\" \/>\n<meta property=\"og:type\" content=\"article\" \/>\n<meta property=\"og:title\" content=\"Polo Shirt Long Sleeve\" \/>\n<meta property=\"og:description\" content=\"Das Polo Shirt Long Sleeve SOL&#039;S PRIME LSL 03983 aus 65 % Polyester und 35 % Baumwolle bietet Komfort und Stil. Personalisieren Sie es mit Screen und mehr.\" \/>\n<meta property=\"og:url\" content=\"https:\/\/printaberlin.de\/en\/product\/polo-shirt-long-sleeve\/\" \/>\n<meta property=\"og:site_name\" content=\"Printa Berlin | Textilien und T-Shirts Bedrucken\" \/>\n<meta property=\"article:modified_time\" content=\"2025-09-21T20:30:26+00:00\" \/>\n<meta property=\"og:image\" content=\"https:\/\/printaberlin.de\/wp-content\/uploads\/2025\/09\/465656h.png\" \/>\n\t<meta property=\"og:image:width\" content=\"600\" \/>\n\t<meta property=\"og:image:height\" content=\"749\" \/>\n\t<meta property=\"og:image:type\" content=\"image\/png\" \/>\n<meta name=\"twitter:card\" content=\"summary_large_image\" \/>\n<meta name=\"twitter:label1\" content=\"Availability\" \/>\n\t<meta name=\"twitter:data1\" content=\"In stock\" \/>\n<script type=\"application\/ld+json\" class=\"yoast-schema-graph\">{\"@context\":\"https:\\\/\\\/schema.org\",\"@graph\":[{\"@type\":\"WebPage\",\"@id\":\"https:\\\/\\\/printaberlin.de\\\/en\\\/product\\\/polo-shirt-long-sleeve\\\/\",\"url\":\"https:\\\/\\\/printaberlin.de\\\/en\\\/product\\\/polo-shirt-long-sleeve\\\/\",\"name\":\"Polo Shirt Long Sleeve SOL'S PRIME LSL | Printa Berlin\",\"isPartOf\":{\"@id\":\"https:\\\/\\\/printaberlin.de\\\/en\\\/#website\"},\"primaryImageOfPage\":{\"@id\":\"https:\\\/\\\/printaberlin.de\\\/en\\\/product\\\/polo-shirt-long-sleeve\\\/#primaryimage\"},\"image\":{\"@id\":\"https:\\\/\\\/printaberlin.de\\\/en\\\/product\\\/polo-shirt-long-sleeve\\\/#primaryimage\"},\"thumbnailUrl\":\"https:\\\/\\\/printaberlin.de\\\/wp-content\\\/uploads\\\/2025\\\/09\\\/465656h.png\",\"datePublished\":\"2025-04-01T20:34:07+00:00\",\"dateModified\":\"2025-09-21T20:30:26+00:00\",\"description\":\"Das Polo Shirt Long Sleeve SOL'S PRIME LSL 03983 aus 65 % Polyester und 35 % Baumwolle bietet Komfort und Stil. Personalisieren Sie es mit Screen und mehr.\",\"breadcrumb\":{\"@id\":\"https:\\\/\\\/printaberlin.de\\\/en\\\/product\\\/polo-shirt-long-sleeve\\\/#breadcrumb\"},\"inLanguage\":\"en-US\",\"potentialAction\":[{\"@type\":\"ReadAction\",\"target\":[\"https:\\\/\\\/printaberlin.de\\\/en\\\/product\\\/polo-shirt-long-sleeve\\\/\"]}]},{\"@type\":\"ImageObject\",\"inLanguage\":\"en-US\",\"@id\":\"https:\\\/\\\/printaberlin.de\\\/en\\\/product\\\/polo-shirt-long-sleeve\\\/#primaryimage\",\"url\":\"https:\\\/\\\/printaberlin.de\\\/wp-content\\\/uploads\\\/2025\\\/09\\\/465656h.png\",\"contentUrl\":\"https:\\\/\\\/printaberlin.de\\\/wp-content\\\/uploads\\\/2025\\\/09\\\/465656h.png\",\"width\":600,\"height\":749},{\"@type\":\"BreadcrumbList\",\"@id\":\"https:\\\/\\\/printaberlin.de\\\/en\\\/product\\\/polo-shirt-long-sleeve\\\/#breadcrumb\",\"itemListElement\":[{\"@type\":\"ListItem\",\"position\":1,\"name\":\"Home\",\"item\":\"https:\\\/\\\/printaberlin.de\\\/en\\\/\"},{\"@type\":\"ListItem\",\"position\":2,\"name\":\"Shop\",\"item\":\"https:\\\/\\\/printaberlin.de\\\/en\\\/shop\\\/\"},{\"@type\":\"ListItem\",\"position\":3,\"name\":\"Polo Shirt Long Sleeve\"}]},{\"@type\":\"WebSite\",\"@id\":\"https:\\\/\\\/printaberlin.de\\\/en\\\/#website\",\"url\":\"https:\\\/\\\/printaberlin.de\\\/en\\\/\",\"name\":\"Printa Berlin | Textilien und T-Shirts Bedrucken\",\"description\":\"Entdecken Sie Printa Berlin \u2013 Ihr Experte f\u00fcr personalisierten Druck! T-Shirts, Poloshirts, Hoodies, Sweatshirts, Taschen, Caps und mehr.\",\"publisher\":{\"@id\":\"https:\\\/\\\/printaberlin.de\\\/en\\\/#organization\"},\"potentialAction\":[{\"@type\":\"SearchAction\",\"target\":{\"@type\":\"EntryPoint\",\"urlTemplate\":\"https:\\\/\\\/printaberlin.de\\\/en\\\/?s={search_term_string}\"},\"query-input\":{\"@type\":\"PropertyValueSpecification\",\"valueRequired\":true,\"valueName\":\"search_term_string\"}}],\"inLanguage\":\"en-US\"},{\"@type\":\"Organization\",\"@id\":\"https:\\\/\\\/printaberlin.de\\\/en\\\/#organization\",\"name\":\"Printa Berlin\",\"url\":\"https:\\\/\\\/printaberlin.de\\\/en\\\/\",\"logo\":{\"@type\":\"ImageObject\",\"inLanguage\":\"en-US\",\"@id\":\"https:\\\/\\\/printaberlin.de\\\/en\\\/#\\\/schema\\\/logo\\\/image\\\/\",\"url\":\"https:\\\/\\\/printaberlin.de\\\/wp-content\\\/uploads\\\/2025\\\/03\\\/csdsdcdsc.png\",\"contentUrl\":\"https:\\\/\\\/printaberlin.de\\\/wp-content\\\/uploads\\\/2025\\\/03\\\/csdsdcdsc.png\",\"width\":512,\"height\":512,\"caption\":\"Printa Berlin\"},\"image\":{\"@id\":\"https:\\\/\\\/printaberlin.de\\\/en\\\/#\\\/schema\\\/logo\\\/image\\\/\"},\"sameAs\":[\"https:\\\/\\\/www.instagram.com\\\/printaberlin\\\/\"]}]}<\/script>\n<meta property=\"og:availability\" content=\"instock\" \/>\n<meta property=\"product:availability\" content=\"instock\" \/>\n<meta property=\"product:condition\" content=\"new\" \/>\n<!-- \/ Yoast SEO Premium plugin. -->","yoast_head_json":{"title":"Polo Shirt Long Sleeve SOL'S PRIME LSL | Printa Berlin","description":"Das Polo Shirt Long Sleeve SOL'S PRIME LSL 03983 aus 65 % Polyester und 35 % Baumwolle bietet Komfort und Stil. Personalisieren Sie es mit Screen und mehr.","robots":{"index":"index","follow":"follow","max-snippet":"max-snippet:-1","max-image-preview":"max-image-preview:large","max-video-preview":"max-video-preview:-1"},"canonical":"https:\/\/printaberlin.de\/en\/product\/polo-shirt-long-sleeve\/","og_locale":"en_US","og_type":"article","og_title":"Polo Shirt Long Sleeve","og_description":"Das Polo Shirt Long Sleeve SOL'S PRIME LSL 03983 aus 65 % Polyester und 35 % Baumwolle bietet Komfort und Stil. Personalisieren Sie es mit Screen und mehr.","og_url":"https:\/\/printaberlin.de\/en\/product\/polo-shirt-long-sleeve\/","og_site_name":"Printa Berlin | Textilien und T-Shirts Bedrucken","article_modified_time":"2025-09-21T20:30:26+00:00","og_image":[{"width":600,"height":749,"url":"https:\/\/printaberlin.de\/wp-content\/uploads\/2025\/09\/465656h.png","type":"image\/png"}],"twitter_card":"summary_large_image","twitter_misc":{"Availability":"In stock"},"schema":{"@context":"https:\/\/schema.org","@graph":[{"@type":"WebPage","@id":"https:\/\/printaberlin.de\/en\/product\/polo-shirt-long-sleeve\/","url":"https:\/\/printaberlin.de\/en\/product\/polo-shirt-long-sleeve\/","name":"Polo Shirt Long Sleeve SOL'S PRIME LSL | Printa Berlin","isPartOf":{"@id":"https:\/\/printaberlin.de\/en\/#website"},"primaryImageOfPage":{"@id":"https:\/\/printaberlin.de\/en\/product\/polo-shirt-long-sleeve\/#primaryimage"},"image":{"@id":"https:\/\/printaberlin.de\/en\/product\/polo-shirt-long-sleeve\/#primaryimage"},"thumbnailUrl":"https:\/\/printaberlin.de\/wp-content\/uploads\/2025\/09\/465656h.png","datePublished":"2025-04-01T20:34:07+00:00","dateModified":"2025-09-21T20:30:26+00:00","description":"Das Polo Shirt Long Sleeve SOL'S PRIME LSL 03983 aus 65 % Polyester und 35 % Baumwolle bietet Komfort und Stil. Personalisieren Sie es mit Screen und mehr.","breadcrumb":{"@id":"https:\/\/printaberlin.de\/en\/product\/polo-shirt-long-sleeve\/#breadcrumb"},"inLanguage":"en-US","potentialAction":[{"@type":"ReadAction","target":["https:\/\/printaberlin.de\/en\/product\/polo-shirt-long-sleeve\/"]}]},{"@type":"ImageObject","inLanguage":"en-US","@id":"https:\/\/printaberlin.de\/en\/product\/polo-shirt-long-sleeve\/#primaryimage","url":"https:\/\/printaberlin.de\/wp-content\/uploads\/2025\/09\/465656h.png","contentUrl":"https:\/\/printaberlin.de\/wp-content\/uploads\/2025\/09\/465656h.png","width":600,"height":749},{"@type":"BreadcrumbList","@id":"https:\/\/printaberlin.de\/en\/product\/polo-shirt-long-sleeve\/#breadcrumb","itemListElement":[{"@type":"ListItem","position":1,"name":"Home","item":"https:\/\/printaberlin.de\/en\/"},{"@type":"ListItem","position":2,"name":"Shop","item":"https:\/\/printaberlin.de\/en\/shop\/"},{"@type":"ListItem","position":3,"name":"Polo Shirt Long Sleeve"}]},{"@type":"WebSite","@id":"https:\/\/printaberlin.de\/en\/#website","url":"https:\/\/printaberlin.de\/en\/","name":"Printa Berlin | Textilien und T-Shirts Bedrucken","description":"Entdecken Sie Printa Berlin \u2013 Ihr Experte f\u00fcr personalisierten Druck! T-Shirts, Poloshirts, Hoodies, Sweatshirts, Taschen, Caps und mehr.","publisher":{"@id":"https:\/\/printaberlin.de\/en\/#organization"},"potentialAction":[{"@type":"SearchAction","target":{"@type":"EntryPoint","urlTemplate":"https:\/\/printaberlin.de\/en\/?s={search_term_string}"},"query-input":{"@type":"PropertyValueSpecification","valueRequired":true,"valueName":"search_term_string"}}],"inLanguage":"en-US"},{"@type":"Organization","@id":"https:\/\/printaberlin.de\/en\/#organization","name":"Printa Berlin","url":"https:\/\/printaberlin.de\/en\/","logo":{"@type":"ImageObject","inLanguage":"en-US","@id":"https:\/\/printaberlin.de\/en\/#\/schema\/logo\/image\/","url":"https:\/\/printaberlin.de\/wp-content\/uploads\/2025\/03\/csdsdcdsc.png","contentUrl":"https:\/\/printaberlin.de\/wp-content\/uploads\/2025\/03\/csdsdcdsc.png","width":512,"height":512,"caption":"Printa Berlin"},"image":{"@id":"https:\/\/printaberlin.de\/en\/#\/schema\/logo\/image\/"},"sameAs":["https:\/\/www.instagram.com\/printaberlin\/"]}]},"og_availability":"instock","product_availability":"instock","product_condition":"new"},"_links":{"self":[{"href":"https:\/\/printaberlin.de\/en\/wp-json\/wp\/v2\/product\/25386","targetHints":{"allow":["GET"]}}],"collection":[{"href":"https:\/\/printaberlin.de\/en\/wp-json\/wp\/v2\/product"}],"about":[{"href":"https:\/\/printaberlin.de\/en\/wp-json\/wp\/v2\/types\/product"}],"replies":[{"embeddable":true,"href":"https:\/\/printaberlin.de\/en\/wp-json\/wp\/v2\/comments?post=25386"}],"wp:featuredmedia":[{"embeddable":true,"href":"https:\/\/printaberlin.de\/en\/wp-json\/wp\/v2\/media\/26497"}],"wp:attachment":[{"href":"https:\/\/printaberlin.de\/en\/wp-json\/wp\/v2\/media?parent=25386"}],"wp:term":[{"taxonomy":"product_brand","embeddable":true,"href":"https:\/\/printaberlin.de\/en\/wp-json\/wp\/v2\/product_brand?post=25386"},{"taxonomy":"product_cat","embeddable":true,"href":"https:\/\/printaberlin.de\/en\/wp-json\/wp\/v2\/product_cat?post=25386"},{"taxonomy":"product_tag","embeddable":true,"href":"https:\/\/printaberlin.de\/en\/wp-json\/wp\/v2\/product_tag?post=25386"},{"taxonomy":"producproduct-categroyt-categroy","embeddable":true,"href":"https:\/\/printaberlin.de\/en\/wp-json\/wp\/v2\/producproduct-categroyt-categroy?post=25386"}],"curies":[{"name":"wp","href":"https:\/\/api.w.org\/{rel}","templated":true}]}}