{"id":25347,"date":"2025-04-02T08:41:33","date_gmt":"2025-04-02T08:41:33","guid":{"rendered":"https:\/\/printaberlin.de\/product\/changer-2-0-sweatshirt\/"},"modified":"2025-09-21T20:30:25","modified_gmt":"2025-09-21T20:30:25","slug":"changer-2-0-sweatshirt","status":"publish","type":"product","link":"https:\/\/printaberlin.de\/en\/product\/changer-2-0-sweatshirt\/","title":{"rendered":"Changer 2.0 Sweatshirt"},"content":{"rendered":"<div class=\"mb-3\">\n<h3 data-start=\"0\" data-end=\"65\"><strong data-start=\"0\" data-end=\"65\">Changer 2.0 Sweatshirt: Komfortabel, Nachhaltig und Anpassbar<\/strong><\/h3>\n<p class=\"\" data-start=\"67\" data-end=\"685\">Das <strong data-start=\"71\" data-end=\"97\">Changer 2.0 Sweatshirt<\/strong> bietet eine perfekte Kombination aus Komfort, Stil und Nachhaltigkeit. Mit seiner modernen Passform und der hochwertigen Verarbeitung ist es die ideale Wahl f\u00fcr den t\u00e4glichen Gebrauch. Hergestellt aus 100 % organischer Baumwolle (mit einer Mischung aus 80 % Bio-Baumwolle und 20 % recycelter Baumwolle bei der Farbe Heather Haze) bietet das Sweatshirt einen weichen Griff und eine ausgezeichnete Oberfl\u00e4che f\u00fcr personalisierte Drucktechniken. Das klassische Design mit einem leicht tieferen Kragen und Rippstrickb\u00fcndchen an Hals, \u00c4rmeln und Saum sorgt f\u00fcr einen modernen, trendigen Look.<\/p>\n<h4 data-start=\"687\" data-end=\"732\"><strong data-start=\"687\" data-end=\"732\">Hauptmerkmale des Changer 2.0 Sweatshirts<\/strong><\/h4>\n<ul data-start=\"734\" data-end=\"1336\">\n<li class=\"\" data-start=\"734\" data-end=\"778\">\n<p class=\"\" data-start=\"736\" data-end=\"778\"><strong data-start=\"736\" data-end=\"750\">Medium Fit<\/strong> f\u00fcr eine bequeme Passform<\/p>\n<\/li>\n<li class=\"\" data-start=\"779\" data-end=\"835\">\n<p class=\"\" data-start=\"781\" data-end=\"835\"><strong data-start=\"781\" data-end=\"791\">Gr\u00f6\u00dfen<\/strong>: XXS &#8211; 5XL, passend f\u00fcr alle K\u00f6rpergr\u00f6\u00dfen<\/p>\n<\/li>\n<li class=\"\" data-start=\"836\" data-end=\"907\">\n<p class=\"\" data-start=\"838\" data-end=\"907\"><strong data-start=\"838\" data-end=\"849\">Gewicht<\/strong>: 350 GSM f\u00fcr einen robusten, aber bequemen Tragekomfort<\/p>\n<\/li>\n<li class=\"\" data-start=\"908\" data-end=\"955\">\n<p class=\"\" data-start=\"910\" data-end=\"955\"><strong data-start=\"910\" data-end=\"926\">Set-in \u00c4rmel<\/strong> f\u00fcr eine perfekte Passform<\/p>\n<\/li>\n<li class=\"\" data-start=\"956\" data-end=\"1029\">\n<p class=\"\" data-start=\"958\" data-end=\"1029\"><strong data-start=\"958\" data-end=\"976\">1&#215;1 Rippstrick<\/strong> an Kragen, \u00c4rmeln und Saum f\u00fcr eine elegante Optik<\/p>\n<\/li>\n<li class=\"\" data-start=\"1030\" data-end=\"1102\">\n<p class=\"\" data-start=\"1032\" data-end=\"1102\"><strong data-start=\"1032\" data-end=\"1046\">Innen Tape<\/strong> im Nacken in Fischgr\u00e4tmuster f\u00fcr zus\u00e4tzlichen Komfort<\/p>\n<\/li>\n<li class=\"\" data-start=\"1103\" data-end=\"1180\">\n<p class=\"\" data-start=\"1105\" data-end=\"1180\"><strong data-start=\"1105\" data-end=\"1133\">Selbststoff-Halbm\u00f6ndchen<\/strong> am hinteren Nacken f\u00fcr ein exklusives Detail<\/p>\n<\/li>\n<li class=\"\" data-start=\"1181\" data-end=\"1252\">\n<p class=\"\" data-start=\"1183\" data-end=\"1252\"><strong data-start=\"1183\" data-end=\"1210\">Single Needle Topstitch<\/strong> am Kragen f\u00fcr eine saubere Verarbeitung<\/p>\n<\/li>\n<li class=\"\" data-start=\"1253\" data-end=\"1336\">\n<p class=\"\" data-start=\"1255\" data-end=\"1336\"><strong data-start=\"1255\" data-end=\"1306\">Zweifache Naht am Saum, \u00c4rmel und Armausschnitt<\/strong> f\u00fcr zus\u00e4tzliche Haltbarkeit<\/p>\n<\/li>\n<\/ul>\n<h4 data-start=\"1338\" data-end=\"1360\"><strong data-start=\"1338\" data-end=\"1357\">Zusammensetzung<\/strong>:<\/h4>\n<ul data-start=\"1361\" data-end=\"1547\">\n<li class=\"\" data-start=\"1361\" data-end=\"1547\">\n<p class=\"\" data-start=\"1363\" data-end=\"1547\"><strong data-start=\"1363\" data-end=\"1372\">Shell<\/strong>: Geb\u00fcrstete, 100 % organische Baumwolle \u2013 Ringgesponnen, gek\u00e4mmt (Heather Haze: 80 % organische Baumwolle, 20 % recycelte Baumwolle, Ringgesponnen, gek\u00e4mmt, stoffgewaschen)<\/p>\n<\/li>\n<\/ul>\n<h4 data-start=\"1549\" data-end=\"1618\"><strong data-start=\"1549\" data-end=\"1618\">Individuelle Druckdienstleistungen f\u00fcr Ihr Changer 2.0 Sweatshirt<\/strong><\/h4>\n<p class=\"\" data-start=\"1620\" data-end=\"1777\">Verleihen Sie Ihrem <strong data-start=\"1640\" data-end=\"1666\">Changer 2.0 Sweatshirt<\/strong> eine pers\u00f6nliche Note mit unseren professionellen <strong data-start=\"1717\" data-end=\"1742\">Druckdienstleistungen<\/strong>. Wir bieten folgende Techniken an:<\/p>\n<ul data-start=\"1779\" data-end=\"1977\">\n<li class=\"\" data-start=\"1779\" data-end=\"1837\">\n<p class=\"\" data-start=\"1781\" data-end=\"1837\"><strong data-start=\"1781\" data-end=\"1794\">DTF-Druck<\/strong>: Ideal f\u00fcr lebendige, langlebige Designs<\/p>\n<\/li>\n<li class=\"\" data-start=\"1838\" data-end=\"1908\">\n<p class=\"\" data-start=\"1840\" data-end=\"1908\"><strong data-start=\"1840\" data-end=\"1853\">Siebdruck<\/strong>: Perfekt f\u00fcr kr\u00e4ftige Logos und gro\u00dffl\u00e4chige Designs<\/p>\n<\/li>\n<li class=\"\" data-start=\"1909\" data-end=\"1977\">\n<p class=\"\" data-start=\"1911\" data-end=\"1977\"><strong data-start=\"1911\" data-end=\"1924\">Stickerei<\/strong>: Verleiht Ihrem Design eine edle, hochwertige Note<\/p>\n<\/li>\n<\/ul>\n<h4 data-start=\"1979\" data-end=\"2023\"><strong data-start=\"1979\" data-end=\"2023\">Warum das Changer 2.0 w\u00e4hlen?<\/strong><\/h4>\n<p class=\"\" data-start=\"2025\" data-end=\"2477\">Das <strong data-start=\"2029\" data-end=\"2055\">Changer 2.0 Sweatshirt<\/strong> ist eine ausgezeichnete Wahl f\u00fcr alle, die ein nachhaltiges, komfortables und anpassbares Sweatshirt suchen. Mit der weichen organischen Baumwolle, der modernen Passform und der hervorragenden Druckoberfl\u00e4che eignet sich dieses Sweatshirt hervorragend f\u00fcr personalisierte Designs. Nutzen Sie unsere <strong data-start=\"2355\" data-end=\"2380\">Druckdienstleistungen<\/strong>, um ein einzigartiges Kleidungsst\u00fcck zu schaffen, das Stil, Nachhaltigkeit und Qualit\u00e4t vereint.<\/p>\n<\/div>\n<p data-start=\"1683\" data-end=\"2032\">\u00a0<img decoding=\"async\" class=\"alignnone size-medium wp-image-7209\" src=\"https:\/\/printaberlin.de\/staging\/2315\/wp-content\/uploads\/2025\/03\/Frame-37-300x59.png\" alt=\"\" width=\"300\" height=\"59\" srcset=\"https:\/\/printaberlin.de\/wp-content\/uploads\/2025\/03\/Frame-37-300x59.png 300w, https:\/\/printaberlin.de\/wp-content\/uploads\/2025\/03\/Frame-37-1024x200.png 1024w, https:\/\/printaberlin.de\/wp-content\/uploads\/2025\/03\/Frame-37-768x150.png 768w, https:\/\/printaberlin.de\/wp-content\/uploads\/2025\/03\/Frame-37-1536x301.png 1536w, https:\/\/printaberlin.de\/wp-content\/uploads\/2025\/03\/Frame-37-260x51.png 260w, https:\/\/printaberlin.de\/wp-content\/uploads\/2025\/03\/Frame-37-500x98.png 500w, https:\/\/printaberlin.de\/wp-content\/uploads\/2025\/03\/Frame-37.png 1650w\" sizes=\"(max-width: 300px) 100vw, 300px\" \/><\/p>\n<div class=\"mb-3\">\n<div class=\"child-p:mb-2 last:child-p:mb-0\">\n<div class=\"child-p:mb-2 last:child-p:mb-0\"><\/div>\n<\/div>\n<\/div>\n","protected":false},"excerpt":{"rendered":"<p>Das Changer 2.0 Sweatshirt aus 100 % Bio-Baumwolle, ideal f\u00fcr Druck und Stickerei.<br \/>\n<strong>By Stanley Stella<\/strong><\/p>\n","protected":false},"featured_media":26499,"comment_status":"open","ping_status":"closed","template":"","meta":{"nf_dc_page":""},"product_brand":[32],"product_cat":[432],"product_tag":[430],"producproduct-categroyt-categroy":[],"class_list":{"0":"post-25347","1":"product","2":"type-product","3":"status-publish","4":"has-post-thumbnail","6":"product_brand-stanley-stella","7":"product_cat-sweatshirt-bedrucken","8":"product_tag-unisex","10":"first","11":"instock","12":"shipping-taxable","13":"purchasable","14":"product-type-variable","15":"has-default-attributes","16":"wvs-archive-product-wrapper"},"yoast_head":"<!-- This site is optimized with the Yoast SEO Premium plugin v24.6 (Yoast SEO v27.4) - https:\/\/yoast.com\/product\/yoast-seo-premium-wordpress\/ -->\n<title>Changer 2.0 Sweatshirt | Printa Berlin | Textilien und T-Shirts Bedrucken<\/title>\n<meta name=\"description\" content=\"Das Changer 2.0 Sweatshirt aus 100 % Bio-Baumwolle bietet Komfort und Stil. Personalisieren Sie es mit DTF-Druck, Siebdruck oder Stickerei.\" \/>\n<meta name=\"robots\" content=\"index, follow, max-snippet:-1, max-image-preview:large, max-video-preview:-1\" \/>\n<link rel=\"canonical\" href=\"https:\/\/printaberlin.de\/en\/product\/changer-2-0-sweatshirt\/\" \/>\n<meta property=\"og:locale\" content=\"en_US\" \/>\n<meta property=\"og:type\" content=\"article\" \/>\n<meta property=\"og:title\" content=\"Changer 2.0 Sweatshirt\" \/>\n<meta property=\"og:description\" content=\"Das Changer 2.0 Sweatshirt aus 100 % Bio-Baumwolle bietet Komfort und Stil. Personalisieren Sie es mit DTF-Druck, Siebdruck oder Stickerei.\" \/>\n<meta property=\"og:url\" content=\"https:\/\/printaberlin.de\/en\/product\/changer-2-0-sweatshirt\/\" \/>\n<meta property=\"og:site_name\" content=\"Printa Berlin | Textilien und T-Shirts Bedrucken\" \/>\n<meta property=\"article:modified_time\" content=\"2025-09-21T20:30:25+00:00\" \/>\n<meta property=\"og:image\" content=\"https:\/\/printaberlin.de\/wp-content\/uploads\/2025\/09\/210210.png\" \/>\n\t<meta property=\"og:image:width\" content=\"612\" \/>\n\t<meta property=\"og:image:height\" content=\"749\" \/>\n\t<meta property=\"og:image:type\" content=\"image\/png\" \/>\n<meta name=\"twitter:card\" content=\"summary_large_image\" \/>\n<meta name=\"twitter:label1\" content=\"Availability\" \/>\n\t<meta name=\"twitter:data1\" content=\"In stock\" \/>\n<script type=\"application\/ld+json\" class=\"yoast-schema-graph\">{\"@context\":\"https:\\\/\\\/schema.org\",\"@graph\":[{\"@type\":\"WebPage\",\"@id\":\"https:\\\/\\\/printaberlin.de\\\/en\\\/product\\\/changer-2-0-sweatshirt\\\/\",\"url\":\"https:\\\/\\\/printaberlin.de\\\/en\\\/product\\\/changer-2-0-sweatshirt\\\/\",\"name\":\"Changer 2.0 Sweatshirt | Printa Berlin | Textilien und T-Shirts Bedrucken\",\"isPartOf\":{\"@id\":\"https:\\\/\\\/printaberlin.de\\\/en\\\/#website\"},\"primaryImageOfPage\":{\"@id\":\"https:\\\/\\\/printaberlin.de\\\/en\\\/product\\\/changer-2-0-sweatshirt\\\/#primaryimage\"},\"image\":{\"@id\":\"https:\\\/\\\/printaberlin.de\\\/en\\\/product\\\/changer-2-0-sweatshirt\\\/#primaryimage\"},\"thumbnailUrl\":\"https:\\\/\\\/printaberlin.de\\\/wp-content\\\/uploads\\\/2025\\\/09\\\/210210.png\",\"datePublished\":\"2025-04-02T08:41:33+00:00\",\"dateModified\":\"2025-09-21T20:30:25+00:00\",\"description\":\"Das Changer 2.0 Sweatshirt aus 100 % Bio-Baumwolle bietet Komfort und Stil. Personalisieren Sie es mit DTF-Druck, Siebdruck oder Stickerei.\",\"breadcrumb\":{\"@id\":\"https:\\\/\\\/printaberlin.de\\\/en\\\/product\\\/changer-2-0-sweatshirt\\\/#breadcrumb\"},\"inLanguage\":\"en-US\",\"potentialAction\":[{\"@type\":\"ReadAction\",\"target\":[\"https:\\\/\\\/printaberlin.de\\\/en\\\/product\\\/changer-2-0-sweatshirt\\\/\"]}]},{\"@type\":\"ImageObject\",\"inLanguage\":\"en-US\",\"@id\":\"https:\\\/\\\/printaberlin.de\\\/en\\\/product\\\/changer-2-0-sweatshirt\\\/#primaryimage\",\"url\":\"https:\\\/\\\/printaberlin.de\\\/wp-content\\\/uploads\\\/2025\\\/09\\\/210210.png\",\"contentUrl\":\"https:\\\/\\\/printaberlin.de\\\/wp-content\\\/uploads\\\/2025\\\/09\\\/210210.png\",\"width\":612,\"height\":749},{\"@type\":\"BreadcrumbList\",\"@id\":\"https:\\\/\\\/printaberlin.de\\\/en\\\/product\\\/changer-2-0-sweatshirt\\\/#breadcrumb\",\"itemListElement\":[{\"@type\":\"ListItem\",\"position\":1,\"name\":\"Home\",\"item\":\"https:\\\/\\\/printaberlin.de\\\/en\\\/\"},{\"@type\":\"ListItem\",\"position\":2,\"name\":\"Shop\",\"item\":\"https:\\\/\\\/printaberlin.de\\\/en\\\/shop\\\/\"},{\"@type\":\"ListItem\",\"position\":3,\"name\":\"Changer 2.0 Sweatshirt\"}]},{\"@type\":\"WebSite\",\"@id\":\"https:\\\/\\\/printaberlin.de\\\/en\\\/#website\",\"url\":\"https:\\\/\\\/printaberlin.de\\\/en\\\/\",\"name\":\"Printa Berlin | Textilien und T-Shirts Bedrucken\",\"description\":\"Entdecken Sie Printa Berlin \u2013 Ihr Experte f\u00fcr personalisierten Druck! T-Shirts, Poloshirts, Hoodies, Sweatshirts, Taschen, Caps und mehr.\",\"publisher\":{\"@id\":\"https:\\\/\\\/printaberlin.de\\\/en\\\/#organization\"},\"potentialAction\":[{\"@type\":\"SearchAction\",\"target\":{\"@type\":\"EntryPoint\",\"urlTemplate\":\"https:\\\/\\\/printaberlin.de\\\/en\\\/?s={search_term_string}\"},\"query-input\":{\"@type\":\"PropertyValueSpecification\",\"valueRequired\":true,\"valueName\":\"search_term_string\"}}],\"inLanguage\":\"en-US\"},{\"@type\":\"Organization\",\"@id\":\"https:\\\/\\\/printaberlin.de\\\/en\\\/#organization\",\"name\":\"Printa Berlin\",\"url\":\"https:\\\/\\\/printaberlin.de\\\/en\\\/\",\"logo\":{\"@type\":\"ImageObject\",\"inLanguage\":\"en-US\",\"@id\":\"https:\\\/\\\/printaberlin.de\\\/en\\\/#\\\/schema\\\/logo\\\/image\\\/\",\"url\":\"https:\\\/\\\/printaberlin.de\\\/wp-content\\\/uploads\\\/2025\\\/03\\\/csdsdcdsc.png\",\"contentUrl\":\"https:\\\/\\\/printaberlin.de\\\/wp-content\\\/uploads\\\/2025\\\/03\\\/csdsdcdsc.png\",\"width\":512,\"height\":512,\"caption\":\"Printa Berlin\"},\"image\":{\"@id\":\"https:\\\/\\\/printaberlin.de\\\/en\\\/#\\\/schema\\\/logo\\\/image\\\/\"},\"sameAs\":[\"https:\\\/\\\/www.instagram.com\\\/printaberlin\\\/\"]}]}<\/script>\n<meta property=\"og:availability\" content=\"instock\" \/>\n<meta property=\"product:availability\" content=\"instock\" \/>\n<meta property=\"product:retailer_item_id\" content=\"PR15-1\" \/>\n<meta property=\"product:condition\" content=\"new\" \/>\n<!-- \/ Yoast SEO Premium plugin. -->","yoast_head_json":{"title":"Changer 2.0 Sweatshirt | Printa Berlin | Textilien und T-Shirts Bedrucken","description":"Das Changer 2.0 Sweatshirt aus 100 % Bio-Baumwolle bietet Komfort und Stil. Personalisieren Sie es mit DTF-Druck, Siebdruck oder Stickerei.","robots":{"index":"index","follow":"follow","max-snippet":"max-snippet:-1","max-image-preview":"max-image-preview:large","max-video-preview":"max-video-preview:-1"},"canonical":"https:\/\/printaberlin.de\/en\/product\/changer-2-0-sweatshirt\/","og_locale":"en_US","og_type":"article","og_title":"Changer 2.0 Sweatshirt","og_description":"Das Changer 2.0 Sweatshirt aus 100 % Bio-Baumwolle bietet Komfort und Stil. Personalisieren Sie es mit DTF-Druck, Siebdruck oder Stickerei.","og_url":"https:\/\/printaberlin.de\/en\/product\/changer-2-0-sweatshirt\/","og_site_name":"Printa Berlin | Textilien und T-Shirts Bedrucken","article_modified_time":"2025-09-21T20:30:25+00:00","og_image":[{"width":612,"height":749,"url":"https:\/\/printaberlin.de\/wp-content\/uploads\/2025\/09\/210210.png","type":"image\/png"}],"twitter_card":"summary_large_image","twitter_misc":{"Availability":"In stock"},"schema":{"@context":"https:\/\/schema.org","@graph":[{"@type":"WebPage","@id":"https:\/\/printaberlin.de\/en\/product\/changer-2-0-sweatshirt\/","url":"https:\/\/printaberlin.de\/en\/product\/changer-2-0-sweatshirt\/","name":"Changer 2.0 Sweatshirt | Printa Berlin | Textilien und T-Shirts Bedrucken","isPartOf":{"@id":"https:\/\/printaberlin.de\/en\/#website"},"primaryImageOfPage":{"@id":"https:\/\/printaberlin.de\/en\/product\/changer-2-0-sweatshirt\/#primaryimage"},"image":{"@id":"https:\/\/printaberlin.de\/en\/product\/changer-2-0-sweatshirt\/#primaryimage"},"thumbnailUrl":"https:\/\/printaberlin.de\/wp-content\/uploads\/2025\/09\/210210.png","datePublished":"2025-04-02T08:41:33+00:00","dateModified":"2025-09-21T20:30:25+00:00","description":"Das Changer 2.0 Sweatshirt aus 100 % Bio-Baumwolle bietet Komfort und Stil. Personalisieren Sie es mit DTF-Druck, Siebdruck oder Stickerei.","breadcrumb":{"@id":"https:\/\/printaberlin.de\/en\/product\/changer-2-0-sweatshirt\/#breadcrumb"},"inLanguage":"en-US","potentialAction":[{"@type":"ReadAction","target":["https:\/\/printaberlin.de\/en\/product\/changer-2-0-sweatshirt\/"]}]},{"@type":"ImageObject","inLanguage":"en-US","@id":"https:\/\/printaberlin.de\/en\/product\/changer-2-0-sweatshirt\/#primaryimage","url":"https:\/\/printaberlin.de\/wp-content\/uploads\/2025\/09\/210210.png","contentUrl":"https:\/\/printaberlin.de\/wp-content\/uploads\/2025\/09\/210210.png","width":612,"height":749},{"@type":"BreadcrumbList","@id":"https:\/\/printaberlin.de\/en\/product\/changer-2-0-sweatshirt\/#breadcrumb","itemListElement":[{"@type":"ListItem","position":1,"name":"Home","item":"https:\/\/printaberlin.de\/en\/"},{"@type":"ListItem","position":2,"name":"Shop","item":"https:\/\/printaberlin.de\/en\/shop\/"},{"@type":"ListItem","position":3,"name":"Changer 2.0 Sweatshirt"}]},{"@type":"WebSite","@id":"https:\/\/printaberlin.de\/en\/#website","url":"https:\/\/printaberlin.de\/en\/","name":"Printa Berlin | Textilien und T-Shirts Bedrucken","description":"Entdecken Sie Printa Berlin \u2013 Ihr Experte f\u00fcr personalisierten Druck! T-Shirts, Poloshirts, Hoodies, Sweatshirts, Taschen, Caps und mehr.","publisher":{"@id":"https:\/\/printaberlin.de\/en\/#organization"},"potentialAction":[{"@type":"SearchAction","target":{"@type":"EntryPoint","urlTemplate":"https:\/\/printaberlin.de\/en\/?s={search_term_string}"},"query-input":{"@type":"PropertyValueSpecification","valueRequired":true,"valueName":"search_term_string"}}],"inLanguage":"en-US"},{"@type":"Organization","@id":"https:\/\/printaberlin.de\/en\/#organization","name":"Printa Berlin","url":"https:\/\/printaberlin.de\/en\/","logo":{"@type":"ImageObject","inLanguage":"en-US","@id":"https:\/\/printaberlin.de\/en\/#\/schema\/logo\/image\/","url":"https:\/\/printaberlin.de\/wp-content\/uploads\/2025\/03\/csdsdcdsc.png","contentUrl":"https:\/\/printaberlin.de\/wp-content\/uploads\/2025\/03\/csdsdcdsc.png","width":512,"height":512,"caption":"Printa Berlin"},"image":{"@id":"https:\/\/printaberlin.de\/en\/#\/schema\/logo\/image\/"},"sameAs":["https:\/\/www.instagram.com\/printaberlin\/"]}]},"og_availability":"instock","product_availability":"instock","product_retailer_item_id":"PR15-1","product_condition":"new"},"_links":{"self":[{"href":"https:\/\/printaberlin.de\/en\/wp-json\/wp\/v2\/product\/25347","targetHints":{"allow":["GET"]}}],"collection":[{"href":"https:\/\/printaberlin.de\/en\/wp-json\/wp\/v2\/product"}],"about":[{"href":"https:\/\/printaberlin.de\/en\/wp-json\/wp\/v2\/types\/product"}],"replies":[{"embeddable":true,"href":"https:\/\/printaberlin.de\/en\/wp-json\/wp\/v2\/comments?post=25347"}],"wp:featuredmedia":[{"embeddable":true,"href":"https:\/\/printaberlin.de\/en\/wp-json\/wp\/v2\/media\/26499"}],"wp:attachment":[{"href":"https:\/\/printaberlin.de\/en\/wp-json\/wp\/v2\/media?parent=25347"}],"wp:term":[{"taxonomy":"product_brand","embeddable":true,"href":"https:\/\/printaberlin.de\/en\/wp-json\/wp\/v2\/product_brand?post=25347"},{"taxonomy":"product_cat","embeddable":true,"href":"https:\/\/printaberlin.de\/en\/wp-json\/wp\/v2\/product_cat?post=25347"},{"taxonomy":"product_tag","embeddable":true,"href":"https:\/\/printaberlin.de\/en\/wp-json\/wp\/v2\/product_tag?post=25347"},{"taxonomy":"producproduct-categroyt-categroy","embeddable":true,"href":"https:\/\/printaberlin.de\/en\/wp-json\/wp\/v2\/producproduct-categroyt-categroy?post=25347"}],"curies":[{"name":"wp","href":"https:\/\/api.w.org\/{rel}","templated":true}]}}