{"id":25267,"date":"2025-04-02T13:47:07","date_gmt":"2025-04-02T13:47:07","guid":{"rendered":"https:\/\/printaberlin.de\/product\/hooded-sweatshirt-ns401\/"},"modified":"2025-09-21T20:30:20","modified_gmt":"2025-09-21T20:30:20","slug":"hooded-sweatshirt-ns401","status":"publish","type":"product","link":"https:\/\/printaberlin.de\/en\/product\/hooded-sweatshirt-ns401\/","title":{"rendered":"Hooded Sweatshirt  NS401"},"content":{"rendered":"<div class=\"mb-3\">\n<div class=\"wysiwyg lg:wysiwyg-lg\">\n<h2 data-start=\"324\" data-end=\"394\">All-gender hooded sweatshirt<\/h2>\n<\/div>\n<p class=\"\" data-start=\"617\" data-end=\"919\">Das <strong data-start=\"621\" data-end=\"654\">Unisex Hooded Sweatshirt NS401<\/strong> von Native Spirit vereint <strong data-start=\"681\" data-end=\"717\">Nachhaltigkeit, Komfort und Stil<\/strong> auf h\u00f6chstem Niveau. Hergestellt aus <strong data-start=\"755\" data-end=\"777\">85\u202f% Bio-Baumwolle<\/strong> und <strong data-start=\"782\" data-end=\"827\">15\u202f% recyceltem Polyester (post-consumer)<\/strong>, steht dieser Hoodie f\u00fcr umweltbewusste Mode, ohne Kompromisse bei der Qualit\u00e4t einzugehen.<\/p>\n<p class=\"\" data-start=\"921\" data-end=\"1257\">Der Stoff ist ein <strong data-start=\"939\" data-end=\"977\">3-f\u00e4diger, enzymgewaschener Fleece<\/strong>, geb\u00fcrstet und <strong data-start=\"993\" data-end=\"1034\">vorgeschrumpft (Low Shrinkage Fleece)<\/strong>, was ihn besonders <strong data-start=\"1054\" data-end=\"1089\">weich, formstabil und langlebig<\/strong> macht. Der gerade Schnitt sorgt f\u00fcr eine <strong data-start=\"1131\" data-end=\"1152\">zeitlose Passform<\/strong>, w\u00e4hrend die gef\u00fctterte Kapuze mit recycelten Metall\u00f6sen und runder Kordel modern und funktional bleibt.<\/p>\n<p class=\"\" data-start=\"1259\" data-end=\"1282\"><strong data-start=\"1259\" data-end=\"1282\">Produkt-Highlights:<\/strong><\/p>\n<ul data-start=\"1283\" data-end=\"1589\">\n<li class=\"\" data-start=\"1283\" data-end=\"1324\">\n<p class=\"\" data-start=\"1285\" data-end=\"1324\"><strong data-start=\"1285\" data-end=\"1305\">1&#215;1 Rippb\u00fcndchen<\/strong> an \u00c4rmeln &amp; Saum<\/p>\n<\/li>\n<li class=\"\" data-start=\"1325\" data-end=\"1381\">\n<p class=\"\" data-start=\"1327\" data-end=\"1381\"><strong data-start=\"1327\" data-end=\"1344\">K\u00e4ngurutasche<\/strong> mit praktischer Handw\u00e4rmerfunktion<\/p>\n<\/li>\n<li class=\"\" data-start=\"1382\" data-end=\"1453\">\n<p class=\"\" data-start=\"1384\" data-end=\"1453\"><strong data-start=\"1384\" data-end=\"1407\">Doppelte Steppn\u00e4hte<\/strong> an B\u00fcndchen, Arml\u00f6chern, Saum &amp; R\u00fcckenkreis<\/p>\n<\/li>\n<li class=\"\" data-start=\"1454\" data-end=\"1530\">\n<p class=\"\" data-start=\"1456\" data-end=\"1530\"><strong data-start=\"1456\" data-end=\"1478\">Besonderes Detail:<\/strong> &#8220;Raw Natural&#8221; Variante mit sichtbarer Fasertextur<\/p>\n<\/li>\n<li class=\"\" data-start=\"1531\" data-end=\"1589\">\n<p class=\"\" data-start=\"1533\" data-end=\"1589\"><strong data-start=\"1533\" data-end=\"1547\">Nackenband<\/strong> f\u00fcr zus\u00e4tzliche Stabilit\u00e4t &amp; Tragekomfort<\/p>\n<\/li>\n<\/ul>\n<p class=\"\" data-start=\"1591\" data-end=\"1819\">Das <strong data-start=\"299\" data-end=\"325\">Unisex pullover <\/strong>\u00a0eignet sich ideal f\u00fcr Veredelungen: Ob <strong data-start=\"1668\" data-end=\"1681\">DTF-Druck<\/strong>, <strong data-start=\"1683\" data-end=\"1696\">Siebdruck<\/strong> oder <strong data-start=\"1702\" data-end=\"1727\">hochwertige Stickerei<\/strong> \u2013 es bietet die perfekte Grundlage f\u00fcr deine Marke, dein Event oder deine Merch-Kollektion.<\/p>\n<\/div>\n","protected":false},"excerpt":{"rendered":"<div class=\"mb-3\">\n<p class=\"uppercase text-xs lg:text-sm font-bold mb-3\">Hooded Sweatshirt NS40 \u2013 nachhaltig, stylisch &amp; veredelbar<br \/>\n<strong>By Native Spirit<\/strong><\/p>\n<\/div>\n","protected":false},"featured_media":26505,"comment_status":"open","ping_status":"closed","template":"","meta":{"nf_dc_page":""},"product_brand":[330],"product_cat":[434],"product_tag":[430],"producproduct-categroyt-categroy":[383],"class_list":{"0":"post-25267","1":"product","2":"type-product","3":"status-publish","4":"has-post-thumbnail","6":"product_brand-native-spirit","7":"product_cat-pullover-bedrucken","8":"product_tag-unisex","9":"producproduct-categroyt-categroy-unisex","11":"first","12":"instock","13":"shipping-taxable","14":"purchasable","15":"product-type-variable","16":"wvs-archive-product-wrapper"},"yoast_head":"<!-- This site is optimized with the Yoast SEO Premium plugin v24.6 (Yoast SEO v27.4) - https:\/\/yoast.com\/product\/yoast-seo-premium-wordpress\/ -->\n<title>Hooded Sweatshirt NS40<\/title>\n<meta name=\"description\" content=\"Hooded Sweatshirt NS40 \u2013 Bio, modern, bequem &amp; ideal f\u00fcr Stick, DTF &amp; Siebdruck. Perfekt f\u00fcr nachhaltige Marken, Merch, Events &amp; kreative Labels.\" \/>\n<meta name=\"robots\" content=\"index, follow, max-snippet:-1, max-image-preview:large, max-video-preview:-1\" \/>\n<link rel=\"canonical\" href=\"https:\/\/printaberlin.de\/en\/product\/hooded-sweatshirt-ns401\/\" \/>\n<meta property=\"og:locale\" content=\"en_US\" \/>\n<meta property=\"og:type\" content=\"article\" \/>\n<meta property=\"og:title\" content=\"Hooded Sweatshirt NS401\" \/>\n<meta property=\"og:description\" content=\"Hooded Sweatshirt NS40 \u2013 Bio, modern, bequem &amp; ideal f\u00fcr Stick, DTF &amp; Siebdruck. Perfekt f\u00fcr nachhaltige Marken, Merch, Events &amp; kreative Labels.\" \/>\n<meta property=\"og:url\" content=\"https:\/\/printaberlin.de\/en\/product\/hooded-sweatshirt-ns401\/\" \/>\n<meta property=\"og:site_name\" content=\"Printa Berlin | Textilien und T-Shirts Bedrucken\" \/>\n<meta property=\"article:modified_time\" content=\"2025-09-21T20:30:20+00:00\" \/>\n<meta property=\"og:image\" content=\"https:\/\/printaberlin.de\/wp-content\/uploads\/2025\/09\/4343.png\" \/>\n\t<meta property=\"og:image:width\" content=\"600\" \/>\n\t<meta property=\"og:image:height\" content=\"749\" \/>\n\t<meta property=\"og:image:type\" content=\"image\/png\" \/>\n<meta name=\"twitter:card\" content=\"summary_large_image\" \/>\n<meta name=\"twitter:label1\" content=\"Availability\" \/>\n\t<meta name=\"twitter:data1\" content=\"In stock\" \/>\n<script type=\"application\/ld+json\" class=\"yoast-schema-graph\">{\"@context\":\"https:\\\/\\\/schema.org\",\"@graph\":[{\"@type\":\"WebPage\",\"@id\":\"https:\\\/\\\/printaberlin.de\\\/en\\\/product\\\/hooded-sweatshirt-ns401\\\/\",\"url\":\"https:\\\/\\\/printaberlin.de\\\/en\\\/product\\\/hooded-sweatshirt-ns401\\\/\",\"name\":\"Hooded Sweatshirt NS40\",\"isPartOf\":{\"@id\":\"https:\\\/\\\/printaberlin.de\\\/en\\\/#website\"},\"primaryImageOfPage\":{\"@id\":\"https:\\\/\\\/printaberlin.de\\\/en\\\/product\\\/hooded-sweatshirt-ns401\\\/#primaryimage\"},\"image\":{\"@id\":\"https:\\\/\\\/printaberlin.de\\\/en\\\/product\\\/hooded-sweatshirt-ns401\\\/#primaryimage\"},\"thumbnailUrl\":\"https:\\\/\\\/printaberlin.de\\\/wp-content\\\/uploads\\\/2025\\\/09\\\/4343.png\",\"datePublished\":\"2025-04-02T13:47:07+00:00\",\"dateModified\":\"2025-09-21T20:30:20+00:00\",\"description\":\"Hooded Sweatshirt NS40 \u2013 Bio, modern, bequem & ideal f\u00fcr Stick, DTF & Siebdruck. Perfekt f\u00fcr nachhaltige Marken, Merch, Events & kreative Labels.\",\"breadcrumb\":{\"@id\":\"https:\\\/\\\/printaberlin.de\\\/en\\\/product\\\/hooded-sweatshirt-ns401\\\/#breadcrumb\"},\"inLanguage\":\"en-US\",\"potentialAction\":[{\"@type\":\"ReadAction\",\"target\":[\"https:\\\/\\\/printaberlin.de\\\/en\\\/product\\\/hooded-sweatshirt-ns401\\\/\"]}]},{\"@type\":\"ImageObject\",\"inLanguage\":\"en-US\",\"@id\":\"https:\\\/\\\/printaberlin.de\\\/en\\\/product\\\/hooded-sweatshirt-ns401\\\/#primaryimage\",\"url\":\"https:\\\/\\\/printaberlin.de\\\/wp-content\\\/uploads\\\/2025\\\/09\\\/4343.png\",\"contentUrl\":\"https:\\\/\\\/printaberlin.de\\\/wp-content\\\/uploads\\\/2025\\\/09\\\/4343.png\",\"width\":600,\"height\":749},{\"@type\":\"BreadcrumbList\",\"@id\":\"https:\\\/\\\/printaberlin.de\\\/en\\\/product\\\/hooded-sweatshirt-ns401\\\/#breadcrumb\",\"itemListElement\":[{\"@type\":\"ListItem\",\"position\":1,\"name\":\"Home\",\"item\":\"https:\\\/\\\/printaberlin.de\\\/en\\\/\"},{\"@type\":\"ListItem\",\"position\":2,\"name\":\"Shop\",\"item\":\"https:\\\/\\\/printaberlin.de\\\/en\\\/shop\\\/\"},{\"@type\":\"ListItem\",\"position\":3,\"name\":\"Hooded Sweatshirt NS401\"}]},{\"@type\":\"WebSite\",\"@id\":\"https:\\\/\\\/printaberlin.de\\\/en\\\/#website\",\"url\":\"https:\\\/\\\/printaberlin.de\\\/en\\\/\",\"name\":\"Printa Berlin | Textilien und T-Shirts Bedrucken\",\"description\":\"Entdecken Sie Printa Berlin \u2013 Ihr Experte f\u00fcr personalisierten Druck! T-Shirts, Poloshirts, Hoodies, Sweatshirts, Taschen, Caps und mehr.\",\"publisher\":{\"@id\":\"https:\\\/\\\/printaberlin.de\\\/en\\\/#organization\"},\"potentialAction\":[{\"@type\":\"SearchAction\",\"target\":{\"@type\":\"EntryPoint\",\"urlTemplate\":\"https:\\\/\\\/printaberlin.de\\\/en\\\/?s={search_term_string}\"},\"query-input\":{\"@type\":\"PropertyValueSpecification\",\"valueRequired\":true,\"valueName\":\"search_term_string\"}}],\"inLanguage\":\"en-US\"},{\"@type\":\"Organization\",\"@id\":\"https:\\\/\\\/printaberlin.de\\\/en\\\/#organization\",\"name\":\"Printa Berlin\",\"url\":\"https:\\\/\\\/printaberlin.de\\\/en\\\/\",\"logo\":{\"@type\":\"ImageObject\",\"inLanguage\":\"en-US\",\"@id\":\"https:\\\/\\\/printaberlin.de\\\/en\\\/#\\\/schema\\\/logo\\\/image\\\/\",\"url\":\"https:\\\/\\\/printaberlin.de\\\/wp-content\\\/uploads\\\/2025\\\/03\\\/csdsdcdsc.png\",\"contentUrl\":\"https:\\\/\\\/printaberlin.de\\\/wp-content\\\/uploads\\\/2025\\\/03\\\/csdsdcdsc.png\",\"width\":512,\"height\":512,\"caption\":\"Printa Berlin\"},\"image\":{\"@id\":\"https:\\\/\\\/printaberlin.de\\\/en\\\/#\\\/schema\\\/logo\\\/image\\\/\"},\"sameAs\":[\"https:\\\/\\\/www.instagram.com\\\/printaberlin\\\/\"]}]}<\/script>\n<meta property=\"og:availability\" content=\"instock\" \/>\n<meta property=\"product:availability\" content=\"instock\" \/>\n<meta property=\"product:retailer_item_id\" content=\"PR18-1\" \/>\n<meta property=\"product:condition\" content=\"new\" \/>\n<!-- \/ Yoast SEO Premium plugin. -->","yoast_head_json":{"title":"Hooded Sweatshirt NS40","description":"Hooded Sweatshirt NS40 \u2013 Bio, modern, bequem & ideal f\u00fcr Stick, DTF & Siebdruck. Perfekt f\u00fcr nachhaltige Marken, Merch, Events & kreative Labels.","robots":{"index":"index","follow":"follow","max-snippet":"max-snippet:-1","max-image-preview":"max-image-preview:large","max-video-preview":"max-video-preview:-1"},"canonical":"https:\/\/printaberlin.de\/en\/product\/hooded-sweatshirt-ns401\/","og_locale":"en_US","og_type":"article","og_title":"Hooded Sweatshirt NS401","og_description":"Hooded Sweatshirt NS40 \u2013 Bio, modern, bequem & ideal f\u00fcr Stick, DTF & Siebdruck. Perfekt f\u00fcr nachhaltige Marken, Merch, Events & kreative Labels.","og_url":"https:\/\/printaberlin.de\/en\/product\/hooded-sweatshirt-ns401\/","og_site_name":"Printa Berlin | Textilien und T-Shirts Bedrucken","article_modified_time":"2025-09-21T20:30:20+00:00","og_image":[{"width":600,"height":749,"url":"https:\/\/printaberlin.de\/wp-content\/uploads\/2025\/09\/4343.png","type":"image\/png"}],"twitter_card":"summary_large_image","twitter_misc":{"Availability":"In stock"},"schema":{"@context":"https:\/\/schema.org","@graph":[{"@type":"WebPage","@id":"https:\/\/printaberlin.de\/en\/product\/hooded-sweatshirt-ns401\/","url":"https:\/\/printaberlin.de\/en\/product\/hooded-sweatshirt-ns401\/","name":"Hooded Sweatshirt NS40","isPartOf":{"@id":"https:\/\/printaberlin.de\/en\/#website"},"primaryImageOfPage":{"@id":"https:\/\/printaberlin.de\/en\/product\/hooded-sweatshirt-ns401\/#primaryimage"},"image":{"@id":"https:\/\/printaberlin.de\/en\/product\/hooded-sweatshirt-ns401\/#primaryimage"},"thumbnailUrl":"https:\/\/printaberlin.de\/wp-content\/uploads\/2025\/09\/4343.png","datePublished":"2025-04-02T13:47:07+00:00","dateModified":"2025-09-21T20:30:20+00:00","description":"Hooded Sweatshirt NS40 \u2013 Bio, modern, bequem & ideal f\u00fcr Stick, DTF & Siebdruck. Perfekt f\u00fcr nachhaltige Marken, Merch, Events & kreative Labels.","breadcrumb":{"@id":"https:\/\/printaberlin.de\/en\/product\/hooded-sweatshirt-ns401\/#breadcrumb"},"inLanguage":"en-US","potentialAction":[{"@type":"ReadAction","target":["https:\/\/printaberlin.de\/en\/product\/hooded-sweatshirt-ns401\/"]}]},{"@type":"ImageObject","inLanguage":"en-US","@id":"https:\/\/printaberlin.de\/en\/product\/hooded-sweatshirt-ns401\/#primaryimage","url":"https:\/\/printaberlin.de\/wp-content\/uploads\/2025\/09\/4343.png","contentUrl":"https:\/\/printaberlin.de\/wp-content\/uploads\/2025\/09\/4343.png","width":600,"height":749},{"@type":"BreadcrumbList","@id":"https:\/\/printaberlin.de\/en\/product\/hooded-sweatshirt-ns401\/#breadcrumb","itemListElement":[{"@type":"ListItem","position":1,"name":"Home","item":"https:\/\/printaberlin.de\/en\/"},{"@type":"ListItem","position":2,"name":"Shop","item":"https:\/\/printaberlin.de\/en\/shop\/"},{"@type":"ListItem","position":3,"name":"Hooded Sweatshirt NS401"}]},{"@type":"WebSite","@id":"https:\/\/printaberlin.de\/en\/#website","url":"https:\/\/printaberlin.de\/en\/","name":"Printa Berlin | Textilien und T-Shirts Bedrucken","description":"Entdecken Sie Printa Berlin \u2013 Ihr Experte f\u00fcr personalisierten Druck! T-Shirts, Poloshirts, Hoodies, Sweatshirts, Taschen, Caps und mehr.","publisher":{"@id":"https:\/\/printaberlin.de\/en\/#organization"},"potentialAction":[{"@type":"SearchAction","target":{"@type":"EntryPoint","urlTemplate":"https:\/\/printaberlin.de\/en\/?s={search_term_string}"},"query-input":{"@type":"PropertyValueSpecification","valueRequired":true,"valueName":"search_term_string"}}],"inLanguage":"en-US"},{"@type":"Organization","@id":"https:\/\/printaberlin.de\/en\/#organization","name":"Printa Berlin","url":"https:\/\/printaberlin.de\/en\/","logo":{"@type":"ImageObject","inLanguage":"en-US","@id":"https:\/\/printaberlin.de\/en\/#\/schema\/logo\/image\/","url":"https:\/\/printaberlin.de\/wp-content\/uploads\/2025\/03\/csdsdcdsc.png","contentUrl":"https:\/\/printaberlin.de\/wp-content\/uploads\/2025\/03\/csdsdcdsc.png","width":512,"height":512,"caption":"Printa Berlin"},"image":{"@id":"https:\/\/printaberlin.de\/en\/#\/schema\/logo\/image\/"},"sameAs":["https:\/\/www.instagram.com\/printaberlin\/"]}]},"og_availability":"instock","product_availability":"instock","product_retailer_item_id":"PR18-1","product_condition":"new"},"_links":{"self":[{"href":"https:\/\/printaberlin.de\/en\/wp-json\/wp\/v2\/product\/25267","targetHints":{"allow":["GET"]}}],"collection":[{"href":"https:\/\/printaberlin.de\/en\/wp-json\/wp\/v2\/product"}],"about":[{"href":"https:\/\/printaberlin.de\/en\/wp-json\/wp\/v2\/types\/product"}],"replies":[{"embeddable":true,"href":"https:\/\/printaberlin.de\/en\/wp-json\/wp\/v2\/comments?post=25267"}],"wp:featuredmedia":[{"embeddable":true,"href":"https:\/\/printaberlin.de\/en\/wp-json\/wp\/v2\/media\/26505"}],"wp:attachment":[{"href":"https:\/\/printaberlin.de\/en\/wp-json\/wp\/v2\/media?parent=25267"}],"wp:term":[{"taxonomy":"product_brand","embeddable":true,"href":"https:\/\/printaberlin.de\/en\/wp-json\/wp\/v2\/product_brand?post=25267"},{"taxonomy":"product_cat","embeddable":true,"href":"https:\/\/printaberlin.de\/en\/wp-json\/wp\/v2\/product_cat?post=25267"},{"taxonomy":"product_tag","embeddable":true,"href":"https:\/\/printaberlin.de\/en\/wp-json\/wp\/v2\/product_tag?post=25267"},{"taxonomy":"producproduct-categroyt-categroy","embeddable":true,"href":"https:\/\/printaberlin.de\/en\/wp-json\/wp\/v2\/producproduct-categroyt-categroy?post=25267"}],"curies":[{"name":"wp","href":"https:\/\/api.w.org\/{rel}","templated":true}]}}