{"id":25245,"date":"2025-04-02T14:59:08","date_gmt":"2025-04-02T14:59:08","guid":{"rendered":"https:\/\/printaberlin.de\/product\/bc-king-hooded\/"},"modified":"2025-09-21T20:30:19","modified_gmt":"2025-09-21T20:30:19","slug":"bc-king-hooded","status":"publish","type":"product","link":"https:\/\/printaberlin.de\/en\/product\/bc-king-hooded\/","title":{"rendered":"B&#038;C King Hooded"},"content":{"rendered":"<h3 data-start=\"0\" data-end=\"58\"><strong data-start=\"0\" data-end=\"58\">B&amp;C King Hooded: Komfortabel, Nachhaltig und Anpassbar<\/strong><\/h3>\n<p class=\"\" data-start=\"60\" data-end=\"564\">Das <strong data-start=\"64\" data-end=\"83\">B&amp;C King Hooded<\/strong> Kapuzen-Sweatshirt bietet eine perfekte Kombination aus luxuri\u00f6sem Komfort, modernem Stil und Nachhaltigkeit. Hergestellt aus 80 % einlaufvorbehandelter, ringgesponnener, gek\u00e4mmter Baumwolle und 20 % recyceltem Polyester, bietet dieses Kapuzen-Sweatshirt eine au\u00dfergew\u00f6hnlich weiche Textur und eine ausgezeichnete Oberfl\u00e4che f\u00fcr alle Arten von Drucktechniken. Es ist RCS-zertifiziert und unterst\u00fctzt die Better Cotton Initiative, die eine nachhaltigere Baumwollproduktion f\u00f6rdert.<\/p>\n<p class=\"\" data-start=\"566\" data-end=\"963\">Mit einem Gewicht von 280 g\/m\u00b2 ist das <strong data-start=\"605\" data-end=\"624\">King Hooded<\/strong> besonders robust, aber dennoch angenehm zu tragen. Der moderne Schnitt, die gro\u00dfz\u00fcgige Kapuze und die hervorragende Bedruckbarkeit machen es zu einer idealen Wahl f\u00fcr personalisierte Designs. Erh\u00e4ltlich in 20 Farben und vielen Gr\u00f6\u00dfen von XS bis 4XL, bietet dieses Premium-Sweatshirt sowohl stilvolle als auch umweltbewusste Trageoptionen.<\/p>\n<h4 data-start=\"965\" data-end=\"1002\"><strong data-start=\"965\" data-end=\"1002\">Hauptmerkmale des B&amp;C King Hooded<\/strong><\/h4>\n<ul data-start=\"1004\" data-end=\"1500\">\n<li class=\"\" data-start=\"1004\" data-end=\"1120\">\n<p class=\"\" data-start=\"1006\" data-end=\"1120\"><strong data-start=\"1006\" data-end=\"1025\">Zusammensetzung<\/strong>: 80 % einlaufvorbehandelte, ringgesponnene, gek\u00e4mmte Baumwolle und 20 % recyceltes Polyester<\/p>\n<\/li>\n<li class=\"\" data-start=\"1121\" data-end=\"1190\">\n<p class=\"\" data-start=\"1123\" data-end=\"1190\"><strong data-start=\"1123\" data-end=\"1143\">RCS-zertifiziert<\/strong> und unterst\u00fctzt die Better Cotton-Initiative<\/p>\n<\/li>\n<li class=\"\" data-start=\"1191\" data-end=\"1266\">\n<p class=\"\" data-start=\"1193\" data-end=\"1266\"><strong data-start=\"1193\" data-end=\"1230\">Weiches und hochwertiges Material<\/strong> f\u00fcr einen angenehmen Tragekomfort<\/p>\n<\/li>\n<li class=\"\" data-start=\"1267\" data-end=\"1314\">\n<p class=\"\" data-start=\"1269\" data-end=\"1314\"><strong data-start=\"1269\" data-end=\"1289\">Moderne Passform<\/strong> mit gro\u00dfz\u00fcgiger Kapuze<\/p>\n<\/li>\n<li class=\"\" data-start=\"1315\" data-end=\"1381\">\n<p class=\"\" data-start=\"1317\" data-end=\"1381\"><strong data-start=\"1317\" data-end=\"1343\">Verf\u00fcgbar in 20 Farben<\/strong> und zahlreichen Gr\u00f6\u00dfen (XS bis 4XL)<\/p>\n<\/li>\n<li class=\"\" data-start=\"1382\" data-end=\"1447\">\n<p class=\"\" data-start=\"1384\" data-end=\"1447\"><strong data-start=\"1384\" data-end=\"1395\">Gewicht<\/strong>: 280 g\/m\u00b2 f\u00fcr eine robuste, aber leichte Passform<\/p>\n<\/li>\n<li class=\"\" data-start=\"1448\" data-end=\"1500\">\n<p class=\"\" data-start=\"1450\" data-end=\"1500\"><strong data-start=\"1450\" data-end=\"1464\">Verpackung<\/strong>: 5 St.\/Polybeutel &amp; 20 St.\/Karton<\/p>\n<\/li>\n<\/ul>\n<h4 data-start=\"1502\" data-end=\"1564\"><strong data-start=\"1502\" data-end=\"1564\">Individuelle Druckdienstleistungen f\u00fcr Ihr King Hooded<\/strong><\/h4>\n<p class=\"\" data-start=\"1566\" data-end=\"1757\">Verleihen Sie Ihrem<strong data-start=\"1586\" data-end=\"1605\">\u00a0King Hooded<\/strong> eine pers\u00f6nliche Note mit unseren professionellen <strong data-start=\"1656\" data-end=\"1681\">Druckdienstleistungen<\/strong>. Wir bieten verschiedene Techniken an, um Ihr Design zum Leben zu erwecken:<\/p>\n<ul data-start=\"1759\" data-end=\"1957\">\n<li class=\"\" data-start=\"1759\" data-end=\"1817\">\n<p class=\"\" data-start=\"1761\" data-end=\"1817\"><strong data-start=\"1761\" data-end=\"1774\">DTF-Druck<\/strong>: Ideal f\u00fcr lebendige, langlebige Designs<\/p>\n<\/li>\n<li class=\"\" data-start=\"1818\" data-end=\"1888\">\n<p class=\"\" data-start=\"1820\" data-end=\"1888\"><strong data-start=\"1820\" data-end=\"1833\">Siebdruck<\/strong>: Perfekt f\u00fcr kr\u00e4ftige Logos und gro\u00dffl\u00e4chige Designs<\/p>\n<\/li>\n<li class=\"\" data-start=\"1889\" data-end=\"1957\">\n<p class=\"\" data-start=\"1891\" data-end=\"1957\"><strong data-start=\"1891\" data-end=\"1904\">Stickerei<\/strong>: Verleiht Ihrem Design eine edle, hochwertige Note<\/p>\n<\/li>\n<\/ul>\n<h4 data-start=\"1959\" data-end=\"1996\"><strong data-start=\"1959\" data-end=\"1996\">Warum das B&amp;C King Hooded w\u00e4hlen?<\/strong><\/h4>\n<p class=\"\" data-start=\"1998\" data-end=\"2392\">Das <strong data-start=\"2002\" data-end=\"2021\">B&amp;C King Hooded<\/strong> Kapuzen-Sweatshirt ist nicht nur eine bequeme Wahl f\u00fcr den Alltag, sondern auch ideal f\u00fcr die Personalisierung. Mit seiner nachhaltigen Zusammensetzung, der weichen Haptik und der modernen Passform bietet es sowohl Komfort als auch Stil. Unterst\u00fctzen Sie nachhaltige Baumwollproduktion und kreieren Sie ein einzigartiges Sweatshirt mit unseren <strong data-start=\"2366\" data-end=\"2391\">Druckdienstleistungen<\/strong>.<\/p>\n<p data-start=\"1985\" data-end=\"2370\"><img decoding=\"async\" class=\"alignnone size-medium wp-image-15777\" src=\"https:\/\/printaberlin.de\/staging\/2315\/wp-content\/uploads\/2025\/04\/656565-300x44.png\" alt=\"\" width=\"300\" height=\"44\" srcset=\"https:\/\/printaberlin.de\/wp-content\/uploads\/2025\/04\/656565-300x44.png 300w, https:\/\/printaberlin.de\/wp-content\/uploads\/2025\/04\/656565-284x42.png 284w, https:\/\/printaberlin.de\/wp-content\/uploads\/2025\/04\/656565.png 560w\" sizes=\"(max-width: 300px) 100vw, 300px\" \/><\/p>\n","protected":false},"excerpt":{"rendered":"<p>80 % Bio-Baumwolle und 20 % recyceltem Polyester, moderne Passform.<br \/>\n<strong>By B&amp;C<\/strong><\/p>\n","protected":false},"featured_media":26507,"comment_status":"closed","ping_status":"closed","template":"","meta":{"nf_dc_page":""},"product_brand":[315],"product_cat":[434],"product_tag":[435],"producproduct-categroyt-categroy":[],"class_list":{"0":"post-25245","1":"product","2":"type-product","3":"status-publish","4":"has-post-thumbnail","6":"product_brand-bc","7":"product_cat-pullover-bedrucken","8":"product_tag-unisexmen","10":"first","11":"instock","12":"shipping-taxable","13":"purchasable","14":"product-type-variable","15":"wvs-archive-product-wrapper"},"yoast_head":"<!-- This site is optimized with the Yoast SEO Premium plugin v24.6 (Yoast SEO v27.4) - https:\/\/yoast.com\/product\/yoast-seo-premium-wordpress\/ -->\n<title>B&amp;C King Hooded | Printa Berlin | Textilien und T-Shirts Bedrucken<\/title>\n<meta name=\"description\" content=\"Das B&amp;C King Hooded Kapuzen-Sweatshirt aus 80 % Bio-Baumwolle ist komfortabel und stilvoll. Personalisieren Sie es mit DTF-Druck, Siebdruck oder Stickerei.\" \/>\n<meta name=\"robots\" content=\"index, follow, max-snippet:-1, max-image-preview:large, max-video-preview:-1\" \/>\n<link rel=\"canonical\" href=\"https:\/\/printaberlin.de\/en\/product\/bc-king-hooded\/\" \/>\n<meta property=\"og:locale\" content=\"en_US\" \/>\n<meta property=\"og:type\" content=\"article\" \/>\n<meta property=\"og:title\" content=\"B&amp;C King Hooded\" \/>\n<meta property=\"og:description\" content=\"Das B&amp;C King Hooded Kapuzen-Sweatshirt aus 80 % Bio-Baumwolle ist komfortabel und stilvoll. Personalisieren Sie es mit DTF-Druck, Siebdruck oder Stickerei.\" \/>\n<meta property=\"og:url\" content=\"https:\/\/printaberlin.de\/en\/product\/bc-king-hooded\/\" \/>\n<meta property=\"og:site_name\" content=\"Printa Berlin | Textilien und T-Shirts Bedrucken\" \/>\n<meta property=\"article:modified_time\" content=\"2025-09-21T20:30:19+00:00\" \/>\n<meta property=\"og:image\" content=\"https:\/\/printaberlin.de\/wp-content\/uploads\/2025\/09\/21061840.png\" \/>\n\t<meta property=\"og:image:width\" content=\"600\" \/>\n\t<meta property=\"og:image:height\" content=\"749\" \/>\n\t<meta property=\"og:image:type\" content=\"image\/png\" \/>\n<meta name=\"twitter:card\" content=\"summary_large_image\" \/>\n<meta name=\"twitter:label1\" content=\"Availability\" \/>\n\t<meta name=\"twitter:data1\" content=\"In stock\" \/>\n<script type=\"application\/ld+json\" class=\"yoast-schema-graph\">{\"@context\":\"https:\\\/\\\/schema.org\",\"@graph\":[{\"@type\":\"WebPage\",\"@id\":\"https:\\\/\\\/printaberlin.de\\\/en\\\/product\\\/bc-king-hooded\\\/\",\"url\":\"https:\\\/\\\/printaberlin.de\\\/en\\\/product\\\/bc-king-hooded\\\/\",\"name\":\"B&C King Hooded | Printa Berlin | Textilien und T-Shirts Bedrucken\",\"isPartOf\":{\"@id\":\"https:\\\/\\\/printaberlin.de\\\/en\\\/#website\"},\"primaryImageOfPage\":{\"@id\":\"https:\\\/\\\/printaberlin.de\\\/en\\\/product\\\/bc-king-hooded\\\/#primaryimage\"},\"image\":{\"@id\":\"https:\\\/\\\/printaberlin.de\\\/en\\\/product\\\/bc-king-hooded\\\/#primaryimage\"},\"thumbnailUrl\":\"https:\\\/\\\/printaberlin.de\\\/wp-content\\\/uploads\\\/2025\\\/09\\\/21061840.png\",\"datePublished\":\"2025-04-02T14:59:08+00:00\",\"dateModified\":\"2025-09-21T20:30:19+00:00\",\"description\":\"Das B&amp;C King Hooded Kapuzen-Sweatshirt aus 80 % Bio-Baumwolle ist komfortabel und stilvoll. Personalisieren Sie es mit DTF-Druck, Siebdruck oder Stickerei.\",\"breadcrumb\":{\"@id\":\"https:\\\/\\\/printaberlin.de\\\/en\\\/product\\\/bc-king-hooded\\\/#breadcrumb\"},\"inLanguage\":\"en-US\",\"potentialAction\":[{\"@type\":\"ReadAction\",\"target\":[\"https:\\\/\\\/printaberlin.de\\\/en\\\/product\\\/bc-king-hooded\\\/\"]}]},{\"@type\":\"ImageObject\",\"inLanguage\":\"en-US\",\"@id\":\"https:\\\/\\\/printaberlin.de\\\/en\\\/product\\\/bc-king-hooded\\\/#primaryimage\",\"url\":\"https:\\\/\\\/printaberlin.de\\\/wp-content\\\/uploads\\\/2025\\\/09\\\/21061840.png\",\"contentUrl\":\"https:\\\/\\\/printaberlin.de\\\/wp-content\\\/uploads\\\/2025\\\/09\\\/21061840.png\",\"width\":600,\"height\":749},{\"@type\":\"BreadcrumbList\",\"@id\":\"https:\\\/\\\/printaberlin.de\\\/en\\\/product\\\/bc-king-hooded\\\/#breadcrumb\",\"itemListElement\":[{\"@type\":\"ListItem\",\"position\":1,\"name\":\"Home\",\"item\":\"https:\\\/\\\/printaberlin.de\\\/en\\\/\"},{\"@type\":\"ListItem\",\"position\":2,\"name\":\"Shop\",\"item\":\"https:\\\/\\\/printaberlin.de\\\/en\\\/shop\\\/\"},{\"@type\":\"ListItem\",\"position\":3,\"name\":\"B&#038;C King Hooded\"}]},{\"@type\":\"WebSite\",\"@id\":\"https:\\\/\\\/printaberlin.de\\\/en\\\/#website\",\"url\":\"https:\\\/\\\/printaberlin.de\\\/en\\\/\",\"name\":\"Printa Berlin | Textilien und T-Shirts Bedrucken\",\"description\":\"Entdecken Sie Printa Berlin \u2013 Ihr Experte f\u00fcr personalisierten Druck! T-Shirts, Poloshirts, Hoodies, Sweatshirts, Taschen, Caps und mehr.\",\"publisher\":{\"@id\":\"https:\\\/\\\/printaberlin.de\\\/en\\\/#organization\"},\"potentialAction\":[{\"@type\":\"SearchAction\",\"target\":{\"@type\":\"EntryPoint\",\"urlTemplate\":\"https:\\\/\\\/printaberlin.de\\\/en\\\/?s={search_term_string}\"},\"query-input\":{\"@type\":\"PropertyValueSpecification\",\"valueRequired\":true,\"valueName\":\"search_term_string\"}}],\"inLanguage\":\"en-US\"},{\"@type\":\"Organization\",\"@id\":\"https:\\\/\\\/printaberlin.de\\\/en\\\/#organization\",\"name\":\"Printa Berlin\",\"url\":\"https:\\\/\\\/printaberlin.de\\\/en\\\/\",\"logo\":{\"@type\":\"ImageObject\",\"inLanguage\":\"en-US\",\"@id\":\"https:\\\/\\\/printaberlin.de\\\/en\\\/#\\\/schema\\\/logo\\\/image\\\/\",\"url\":\"https:\\\/\\\/printaberlin.de\\\/wp-content\\\/uploads\\\/2025\\\/03\\\/csdsdcdsc.png\",\"contentUrl\":\"https:\\\/\\\/printaberlin.de\\\/wp-content\\\/uploads\\\/2025\\\/03\\\/csdsdcdsc.png\",\"width\":512,\"height\":512,\"caption\":\"Printa Berlin\"},\"image\":{\"@id\":\"https:\\\/\\\/printaberlin.de\\\/en\\\/#\\\/schema\\\/logo\\\/image\\\/\"},\"sameAs\":[\"https:\\\/\\\/www.instagram.com\\\/printaberlin\\\/\"]}]}<\/script>\n<meta property=\"og:availability\" content=\"instock\" \/>\n<meta property=\"product:availability\" content=\"instock\" \/>\n<meta property=\"product:condition\" content=\"new\" \/>\n<!-- \/ Yoast SEO Premium plugin. -->","yoast_head_json":{"title":"B&C King Hooded | Printa Berlin | Textilien und T-Shirts Bedrucken","description":"Das B&amp;C King Hooded Kapuzen-Sweatshirt aus 80 % Bio-Baumwolle ist komfortabel und stilvoll. Personalisieren Sie es mit DTF-Druck, Siebdruck oder Stickerei.","robots":{"index":"index","follow":"follow","max-snippet":"max-snippet:-1","max-image-preview":"max-image-preview:large","max-video-preview":"max-video-preview:-1"},"canonical":"https:\/\/printaberlin.de\/en\/product\/bc-king-hooded\/","og_locale":"en_US","og_type":"article","og_title":"B&C King Hooded","og_description":"Das B&amp;C King Hooded Kapuzen-Sweatshirt aus 80 % Bio-Baumwolle ist komfortabel und stilvoll. Personalisieren Sie es mit DTF-Druck, Siebdruck oder Stickerei.","og_url":"https:\/\/printaberlin.de\/en\/product\/bc-king-hooded\/","og_site_name":"Printa Berlin | Textilien und T-Shirts Bedrucken","article_modified_time":"2025-09-21T20:30:19+00:00","og_image":[{"width":600,"height":749,"url":"https:\/\/printaberlin.de\/wp-content\/uploads\/2025\/09\/21061840.png","type":"image\/png"}],"twitter_card":"summary_large_image","twitter_misc":{"Availability":"In stock"},"schema":{"@context":"https:\/\/schema.org","@graph":[{"@type":"WebPage","@id":"https:\/\/printaberlin.de\/en\/product\/bc-king-hooded\/","url":"https:\/\/printaberlin.de\/en\/product\/bc-king-hooded\/","name":"B&C King Hooded | Printa Berlin | Textilien und T-Shirts Bedrucken","isPartOf":{"@id":"https:\/\/printaberlin.de\/en\/#website"},"primaryImageOfPage":{"@id":"https:\/\/printaberlin.de\/en\/product\/bc-king-hooded\/#primaryimage"},"image":{"@id":"https:\/\/printaberlin.de\/en\/product\/bc-king-hooded\/#primaryimage"},"thumbnailUrl":"https:\/\/printaberlin.de\/wp-content\/uploads\/2025\/09\/21061840.png","datePublished":"2025-04-02T14:59:08+00:00","dateModified":"2025-09-21T20:30:19+00:00","description":"Das B&amp;C King Hooded Kapuzen-Sweatshirt aus 80 % Bio-Baumwolle ist komfortabel und stilvoll. Personalisieren Sie es mit DTF-Druck, Siebdruck oder Stickerei.","breadcrumb":{"@id":"https:\/\/printaberlin.de\/en\/product\/bc-king-hooded\/#breadcrumb"},"inLanguage":"en-US","potentialAction":[{"@type":"ReadAction","target":["https:\/\/printaberlin.de\/en\/product\/bc-king-hooded\/"]}]},{"@type":"ImageObject","inLanguage":"en-US","@id":"https:\/\/printaberlin.de\/en\/product\/bc-king-hooded\/#primaryimage","url":"https:\/\/printaberlin.de\/wp-content\/uploads\/2025\/09\/21061840.png","contentUrl":"https:\/\/printaberlin.de\/wp-content\/uploads\/2025\/09\/21061840.png","width":600,"height":749},{"@type":"BreadcrumbList","@id":"https:\/\/printaberlin.de\/en\/product\/bc-king-hooded\/#breadcrumb","itemListElement":[{"@type":"ListItem","position":1,"name":"Home","item":"https:\/\/printaberlin.de\/en\/"},{"@type":"ListItem","position":2,"name":"Shop","item":"https:\/\/printaberlin.de\/en\/shop\/"},{"@type":"ListItem","position":3,"name":"B&#038;C King Hooded"}]},{"@type":"WebSite","@id":"https:\/\/printaberlin.de\/en\/#website","url":"https:\/\/printaberlin.de\/en\/","name":"Printa Berlin | Textilien und T-Shirts Bedrucken","description":"Entdecken Sie Printa Berlin \u2013 Ihr Experte f\u00fcr personalisierten Druck! T-Shirts, Poloshirts, Hoodies, Sweatshirts, Taschen, Caps und mehr.","publisher":{"@id":"https:\/\/printaberlin.de\/en\/#organization"},"potentialAction":[{"@type":"SearchAction","target":{"@type":"EntryPoint","urlTemplate":"https:\/\/printaberlin.de\/en\/?s={search_term_string}"},"query-input":{"@type":"PropertyValueSpecification","valueRequired":true,"valueName":"search_term_string"}}],"inLanguage":"en-US"},{"@type":"Organization","@id":"https:\/\/printaberlin.de\/en\/#organization","name":"Printa Berlin","url":"https:\/\/printaberlin.de\/en\/","logo":{"@type":"ImageObject","inLanguage":"en-US","@id":"https:\/\/printaberlin.de\/en\/#\/schema\/logo\/image\/","url":"https:\/\/printaberlin.de\/wp-content\/uploads\/2025\/03\/csdsdcdsc.png","contentUrl":"https:\/\/printaberlin.de\/wp-content\/uploads\/2025\/03\/csdsdcdsc.png","width":512,"height":512,"caption":"Printa Berlin"},"image":{"@id":"https:\/\/printaberlin.de\/en\/#\/schema\/logo\/image\/"},"sameAs":["https:\/\/www.instagram.com\/printaberlin\/"]}]},"og_availability":"instock","product_availability":"instock","product_condition":"new"},"_links":{"self":[{"href":"https:\/\/printaberlin.de\/en\/wp-json\/wp\/v2\/product\/25245","targetHints":{"allow":["GET"]}}],"collection":[{"href":"https:\/\/printaberlin.de\/en\/wp-json\/wp\/v2\/product"}],"about":[{"href":"https:\/\/printaberlin.de\/en\/wp-json\/wp\/v2\/types\/product"}],"replies":[{"embeddable":true,"href":"https:\/\/printaberlin.de\/en\/wp-json\/wp\/v2\/comments?post=25245"}],"wp:featuredmedia":[{"embeddable":true,"href":"https:\/\/printaberlin.de\/en\/wp-json\/wp\/v2\/media\/26507"}],"wp:attachment":[{"href":"https:\/\/printaberlin.de\/en\/wp-json\/wp\/v2\/media?parent=25245"}],"wp:term":[{"taxonomy":"product_brand","embeddable":true,"href":"https:\/\/printaberlin.de\/en\/wp-json\/wp\/v2\/product_brand?post=25245"},{"taxonomy":"product_cat","embeddable":true,"href":"https:\/\/printaberlin.de\/en\/wp-json\/wp\/v2\/product_cat?post=25245"},{"taxonomy":"product_tag","embeddable":true,"href":"https:\/\/printaberlin.de\/en\/wp-json\/wp\/v2\/product_tag?post=25245"},{"taxonomy":"producproduct-categroyt-categroy","embeddable":true,"href":"https:\/\/printaberlin.de\/en\/wp-json\/wp\/v2\/producproduct-categroyt-categroy?post=25245"}],"curies":[{"name":"wp","href":"https:\/\/api.w.org\/{rel}","templated":true}]}}