{"id":25229,"date":"2025-04-02T15:39:38","date_gmt":"2025-04-02T15:39:38","guid":{"rendered":"https:\/\/printaberlin.de\/product\/light-tote-bag\/"},"modified":"2025-09-21T20:30:19","modified_gmt":"2025-09-21T20:30:19","slug":"light-tote-bag","status":"publish","type":"product","link":"https:\/\/printaberlin.de\/en\/product\/light-tote-bag\/","title":{"rendered":"Light Tote Bag"},"content":{"rendered":"<div class=\"mb-3\">\n<h3 data-start=\"0\" data-end=\"55\"><strong data-start=\"0\" data-end=\"55\">Light Tote Bag: Nachhaltig, Praktisch und Anpassbar<\/strong><\/h3>\n<p class=\"\" data-start=\"57\" data-end=\"621\">Die <strong data-start=\"61\" data-end=\"79\">Light Tote Bag<\/strong> ist eine umweltfreundliche und praktische Tasche, die sich ideal f\u00fcr den t\u00e4glichen Gebrauch eignet. Hergestellt aus 100 % Bio-Baumwolle (Ringgesponnen, gek\u00e4mmt), bietet sie nicht nur eine hohe Haltbarkeit, sondern auch ein weiches und angenehmes Tragegef\u00fchl. Mit einem Gewicht von nur 160 GSM ist diese Tasche leicht und dennoch robust. Die doppelt gefaltete Oberkante sorgt f\u00fcr zus\u00e4tzliche Stabilit\u00e4t und ein sauberes Finish, w\u00e4hrend die langen Tragegriffe mit verst\u00e4rkten Kreuzstichen f\u00fcr einen sicheren Halt und hohen Tragekomfort sorgen.<\/p>\n<h4 data-start=\"623\" data-end=\"659\"><strong data-start=\"623\" data-end=\"659\">Hauptmerkmale der Tote Bag<\/strong><\/h4>\n<ul data-start=\"661\" data-end=\"1134\">\n<li class=\"\" data-start=\"661\" data-end=\"715\">\n<p class=\"\" data-start=\"663\" data-end=\"715\"><strong data-start=\"663\" data-end=\"672\">Gr\u00f6\u00dfe<\/strong>: Einheitsgr\u00f6\u00dfe f\u00fcr vielseitigen Gebrauch<\/p>\n<\/li>\n<li class=\"\" data-start=\"716\" data-end=\"784\">\n<p class=\"\" data-start=\"718\" data-end=\"784\"><strong data-start=\"718\" data-end=\"729\">Gewicht<\/strong>: 160 GSM f\u00fcr eine leichte und dennoch stabile Tasche<\/p>\n<\/li>\n<li class=\"\" data-start=\"785\" data-end=\"861\">\n<p class=\"\" data-start=\"787\" data-end=\"861\"><strong data-start=\"787\" data-end=\"818\">Doppelt gefaltete Oberkante<\/strong> f\u00fcr mehr Haltbarkeit und sauberes Finish<\/p>\n<\/li>\n<li class=\"\" data-start=\"862\" data-end=\"939\">\n<p class=\"\" data-start=\"864\" data-end=\"939\"><strong data-start=\"864\" data-end=\"907\">Lange Griffe mit verst\u00e4rktem Kreuzstich<\/strong> f\u00fcr sicheren Halt und Komfort<\/p>\n<\/li>\n<li class=\"\" data-start=\"940\" data-end=\"1027\">\n<p class=\"\" data-start=\"942\" data-end=\"1027\"><strong data-start=\"942\" data-end=\"961\">Zusammensetzung<\/strong>: 100 % Bio-Baumwolle, Ringgesponnen und gek\u00e4mmt, stoffgewaschen<\/p>\n<\/li>\n<li class=\"\" data-start=\"1028\" data-end=\"1134\">\n<p class=\"\" data-start=\"1030\" data-end=\"1134\"><strong data-start=\"1030\" data-end=\"1048\">Pflegehinweise<\/strong>: Mit \u00e4hnlichen Farben waschen, nicht auf dem Druck b\u00fcgeln, innen waschen und b\u00fcgeln<\/p>\n<\/li>\n<\/ul>\n<h4 data-start=\"1136\" data-end=\"1198\"><strong data-start=\"1136\" data-end=\"1198\">Individuelle Druckdienstleistungen f\u00fcr Ihre Light Tote Bag<\/strong><\/h4>\n<p class=\"\" data-start=\"1200\" data-end=\"1397\">Verleihen Sie Ihrer <strong data-start=\"1220\" data-end=\"1238\">Tote Bag<\/strong> eine pers\u00f6nliche Note mit unseren professionellen <strong data-start=\"1289\" data-end=\"1314\">Druckdienstleistungen<\/strong>. W\u00e4hlen Sie aus einer Vielzahl von Techniken, um Ihr Design zum Leben zu erwecken:<\/p>\n<ul data-start=\"1399\" data-end=\"1603\">\n<li class=\"\" data-start=\"1399\" data-end=\"1459\">\n<p class=\"\" data-start=\"1401\" data-end=\"1459\"><strong data-start=\"1401\" data-end=\"1414\">DTF-Druck<\/strong>: Perfekt f\u00fcr lebendige, langlebige Designs<\/p>\n<\/li>\n<li class=\"\" data-start=\"1460\" data-end=\"1528\">\n<p class=\"\" data-start=\"1462\" data-end=\"1528\"><strong data-start=\"1462\" data-end=\"1475\">Siebdruck<\/strong>: Ideal f\u00fcr kr\u00e4ftige Logos und gro\u00dffl\u00e4chige Designs<\/p>\n<\/li>\n<li class=\"\" data-start=\"1529\" data-end=\"1603\">\n<p class=\"\" data-start=\"1531\" data-end=\"1603\"><strong data-start=\"1531\" data-end=\"1544\">Stickerei<\/strong>: Verleiht Ihrem Design eine edle und professionelle Note<\/p>\n<\/li>\n<\/ul>\n<h4 data-start=\"1605\" data-end=\"1641\"><strong data-start=\"1605\" data-end=\"1641\">Warum die Light Tote w\u00e4hlen?<\/strong><\/h4>\n<p class=\"\" data-start=\"1643\" data-end=\"2043\">Die <strong data-start=\"1647\" data-end=\"1665\">Light Tote Bag<\/strong> ist die ideale Wahl f\u00fcr alle, die eine leichte, umweltfreundliche und anpassbare Tasche suchen. Mit ihrer robusten, nachhaltigen Bio-Baumwolle und der einfachen Pflege ist diese Tasche sowohl funktional als auch stylish. Profitieren Sie von unseren <strong data-start=\"1915\" data-end=\"1940\">Druckdienstleistungen<\/strong>, um ein einzigartiges Design zu erstellen und Ihre Tasche ganz nach Ihren W\u00fcnschen zu personalisieren.<\/p>\n<\/div>\n<p data-start=\"1683\" data-end=\"2032\">\u00a0<img decoding=\"async\" class=\"alignnone size-medium wp-image-7209\" src=\"https:\/\/printaberlin.de\/staging\/2315\/wp-content\/uploads\/2025\/03\/Frame-37-300x59.png\" alt=\"\" width=\"300\" height=\"59\" srcset=\"https:\/\/printaberlin.de\/wp-content\/uploads\/2025\/03\/Frame-37-300x59.png 300w, https:\/\/printaberlin.de\/wp-content\/uploads\/2025\/03\/Frame-37-1024x200.png 1024w, https:\/\/printaberlin.de\/wp-content\/uploads\/2025\/03\/Frame-37-768x150.png 768w, https:\/\/printaberlin.de\/wp-content\/uploads\/2025\/03\/Frame-37-1536x301.png 1536w, https:\/\/printaberlin.de\/wp-content\/uploads\/2025\/03\/Frame-37-260x51.png 260w, https:\/\/printaberlin.de\/wp-content\/uploads\/2025\/03\/Frame-37-500x98.png 500w, https:\/\/printaberlin.de\/wp-content\/uploads\/2025\/03\/Frame-37.png 1650w\" sizes=\"(max-width: 300px) 100vw, 300px\" \/><\/p>\n<div class=\"mb-3\">\n<div class=\"child-p:mb-2 last:child-p:mb-0\">\n<div class=\"child-p:mb-2 last:child-p:mb-0\"><\/div>\n<\/div>\n<\/div>\n","protected":false},"excerpt":{"rendered":"<p>Stilvolle Light Tote Bag aus 100 % Bio-Baumwolle. 37 cm x 42 cm.<br \/>\n<strong>By Stanley Stella<\/strong><\/p>\n","protected":false},"featured_media":26517,"comment_status":"open","ping_status":"closed","template":"","meta":{"nf_dc_page":""},"product_brand":[32],"product_cat":[433],"product_tag":[430],"producproduct-categroyt-categroy":[],"class_list":{"0":"post-25229","1":"product","2":"type-product","3":"status-publish","4":"has-post-thumbnail","6":"product_brand-stanley-stella","7":"product_cat-taschen-bedrucken","8":"product_tag-unisex","10":"first","11":"instock","12":"shipping-taxable","13":"purchasable","14":"product-type-variable","15":"wvs-archive-product-wrapper"},"yoast_head":"<!-- This site is optimized with the Yoast SEO Premium plugin v24.6 (Yoast SEO v27.4) - https:\/\/yoast.com\/product\/yoast-seo-premium-wordpress\/ -->\n<title>Light Tote Bag by Stanley Stella | Printa Berlin | Textilien und T-Shirts Bedrucken<\/title>\n<meta name=\"description\" content=\"Die Light Tote Bag by Stanley Stella aus 100 % Bio-Baumwolle ist leicht und robust. Personalisieren Sie sie mit DTF-Druck, Siebdruck oder Stickerei.\" \/>\n<meta name=\"robots\" content=\"index, follow, max-snippet:-1, max-image-preview:large, max-video-preview:-1\" \/>\n<link rel=\"canonical\" href=\"https:\/\/printaberlin.de\/en\/product\/light-tote-bag\/\" \/>\n<meta property=\"og:locale\" content=\"en_US\" \/>\n<meta property=\"og:type\" content=\"article\" \/>\n<meta property=\"og:title\" content=\"Light Tote Bag\" \/>\n<meta property=\"og:description\" content=\"Die Light Tote Bag by Stanley Stella aus 100 % Bio-Baumwolle ist leicht und robust. Personalisieren Sie sie mit DTF-Druck, Siebdruck oder Stickerei.\" \/>\n<meta property=\"og:url\" content=\"https:\/\/printaberlin.de\/en\/product\/light-tote-bag\/\" \/>\n<meta property=\"og:site_name\" content=\"Printa Berlin | Textilien und T-Shirts Bedrucken\" \/>\n<meta property=\"article:modified_time\" content=\"2025-09-21T20:30:19+00:00\" \/>\n<meta property=\"og:image\" content=\"https:\/\/printaberlin.de\/wp-content\/uploads\/2025\/09\/5151515.png\" \/>\n\t<meta property=\"og:image:width\" content=\"600\" \/>\n\t<meta property=\"og:image:height\" content=\"749\" \/>\n\t<meta property=\"og:image:type\" content=\"image\/png\" \/>\n<meta name=\"twitter:card\" content=\"summary_large_image\" \/>\n<meta name=\"twitter:label1\" content=\"Availability\" \/>\n\t<meta name=\"twitter:data1\" content=\"In stock\" \/>\n<script type=\"application\/ld+json\" class=\"yoast-schema-graph\">{\"@context\":\"https:\\\/\\\/schema.org\",\"@graph\":[{\"@type\":\"WebPage\",\"@id\":\"https:\\\/\\\/printaberlin.de\\\/en\\\/product\\\/light-tote-bag\\\/\",\"url\":\"https:\\\/\\\/printaberlin.de\\\/en\\\/product\\\/light-tote-bag\\\/\",\"name\":\"Light Tote Bag by Stanley Stella | Printa Berlin | Textilien und T-Shirts Bedrucken\",\"isPartOf\":{\"@id\":\"https:\\\/\\\/printaberlin.de\\\/en\\\/#website\"},\"primaryImageOfPage\":{\"@id\":\"https:\\\/\\\/printaberlin.de\\\/en\\\/product\\\/light-tote-bag\\\/#primaryimage\"},\"image\":{\"@id\":\"https:\\\/\\\/printaberlin.de\\\/en\\\/product\\\/light-tote-bag\\\/#primaryimage\"},\"thumbnailUrl\":\"https:\\\/\\\/printaberlin.de\\\/wp-content\\\/uploads\\\/2025\\\/09\\\/5151515.png\",\"datePublished\":\"2025-04-02T15:39:38+00:00\",\"dateModified\":\"2025-09-21T20:30:19+00:00\",\"description\":\"Die Light Tote Bag by Stanley Stella aus 100 % Bio-Baumwolle ist leicht und robust. Personalisieren Sie sie mit DTF-Druck, Siebdruck oder Stickerei.\",\"breadcrumb\":{\"@id\":\"https:\\\/\\\/printaberlin.de\\\/en\\\/product\\\/light-tote-bag\\\/#breadcrumb\"},\"inLanguage\":\"en-US\",\"potentialAction\":[{\"@type\":\"ReadAction\",\"target\":[\"https:\\\/\\\/printaberlin.de\\\/en\\\/product\\\/light-tote-bag\\\/\"]}]},{\"@type\":\"ImageObject\",\"inLanguage\":\"en-US\",\"@id\":\"https:\\\/\\\/printaberlin.de\\\/en\\\/product\\\/light-tote-bag\\\/#primaryimage\",\"url\":\"https:\\\/\\\/printaberlin.de\\\/wp-content\\\/uploads\\\/2025\\\/09\\\/5151515.png\",\"contentUrl\":\"https:\\\/\\\/printaberlin.de\\\/wp-content\\\/uploads\\\/2025\\\/09\\\/5151515.png\",\"width\":600,\"height\":749},{\"@type\":\"BreadcrumbList\",\"@id\":\"https:\\\/\\\/printaberlin.de\\\/en\\\/product\\\/light-tote-bag\\\/#breadcrumb\",\"itemListElement\":[{\"@type\":\"ListItem\",\"position\":1,\"name\":\"Home\",\"item\":\"https:\\\/\\\/printaberlin.de\\\/en\\\/\"},{\"@type\":\"ListItem\",\"position\":2,\"name\":\"Shop\",\"item\":\"https:\\\/\\\/printaberlin.de\\\/en\\\/shop\\\/\"},{\"@type\":\"ListItem\",\"position\":3,\"name\":\"Light Tote Bag\"}]},{\"@type\":\"WebSite\",\"@id\":\"https:\\\/\\\/printaberlin.de\\\/en\\\/#website\",\"url\":\"https:\\\/\\\/printaberlin.de\\\/en\\\/\",\"name\":\"Printa Berlin | Textilien und T-Shirts Bedrucken\",\"description\":\"Entdecken Sie Printa Berlin \u2013 Ihr Experte f\u00fcr personalisierten Druck! T-Shirts, Poloshirts, Hoodies, Sweatshirts, Taschen, Caps und mehr.\",\"publisher\":{\"@id\":\"https:\\\/\\\/printaberlin.de\\\/en\\\/#organization\"},\"potentialAction\":[{\"@type\":\"SearchAction\",\"target\":{\"@type\":\"EntryPoint\",\"urlTemplate\":\"https:\\\/\\\/printaberlin.de\\\/en\\\/?s={search_term_string}\"},\"query-input\":{\"@type\":\"PropertyValueSpecification\",\"valueRequired\":true,\"valueName\":\"search_term_string\"}}],\"inLanguage\":\"en-US\"},{\"@type\":\"Organization\",\"@id\":\"https:\\\/\\\/printaberlin.de\\\/en\\\/#organization\",\"name\":\"Printa Berlin\",\"url\":\"https:\\\/\\\/printaberlin.de\\\/en\\\/\",\"logo\":{\"@type\":\"ImageObject\",\"inLanguage\":\"en-US\",\"@id\":\"https:\\\/\\\/printaberlin.de\\\/en\\\/#\\\/schema\\\/logo\\\/image\\\/\",\"url\":\"https:\\\/\\\/printaberlin.de\\\/wp-content\\\/uploads\\\/2025\\\/03\\\/csdsdcdsc.png\",\"contentUrl\":\"https:\\\/\\\/printaberlin.de\\\/wp-content\\\/uploads\\\/2025\\\/03\\\/csdsdcdsc.png\",\"width\":512,\"height\":512,\"caption\":\"Printa Berlin\"},\"image\":{\"@id\":\"https:\\\/\\\/printaberlin.de\\\/en\\\/#\\\/schema\\\/logo\\\/image\\\/\"},\"sameAs\":[\"https:\\\/\\\/www.instagram.com\\\/printaberlin\\\/\"]}]}<\/script>\n<meta property=\"og:availability\" content=\"instock\" \/>\n<meta property=\"product:availability\" content=\"instock\" \/>\n<meta property=\"product:retailer_item_id\" content=\"PR15-2\" \/>\n<meta property=\"product:condition\" content=\"new\" \/>\n<!-- \/ Yoast SEO Premium plugin. -->","yoast_head_json":{"title":"Light Tote Bag by Stanley Stella | Printa Berlin | Textilien und T-Shirts Bedrucken","description":"Die Light Tote Bag by Stanley Stella aus 100 % Bio-Baumwolle ist leicht und robust. Personalisieren Sie sie mit DTF-Druck, Siebdruck oder Stickerei.","robots":{"index":"index","follow":"follow","max-snippet":"max-snippet:-1","max-image-preview":"max-image-preview:large","max-video-preview":"max-video-preview:-1"},"canonical":"https:\/\/printaberlin.de\/en\/product\/light-tote-bag\/","og_locale":"en_US","og_type":"article","og_title":"Light Tote Bag","og_description":"Die Light Tote Bag by Stanley Stella aus 100 % Bio-Baumwolle ist leicht und robust. Personalisieren Sie sie mit DTF-Druck, Siebdruck oder Stickerei.","og_url":"https:\/\/printaberlin.de\/en\/product\/light-tote-bag\/","og_site_name":"Printa Berlin | Textilien und T-Shirts Bedrucken","article_modified_time":"2025-09-21T20:30:19+00:00","og_image":[{"width":600,"height":749,"url":"https:\/\/printaberlin.de\/wp-content\/uploads\/2025\/09\/5151515.png","type":"image\/png"}],"twitter_card":"summary_large_image","twitter_misc":{"Availability":"In stock"},"schema":{"@context":"https:\/\/schema.org","@graph":[{"@type":"WebPage","@id":"https:\/\/printaberlin.de\/en\/product\/light-tote-bag\/","url":"https:\/\/printaberlin.de\/en\/product\/light-tote-bag\/","name":"Light Tote Bag by Stanley Stella | Printa Berlin | Textilien und T-Shirts Bedrucken","isPartOf":{"@id":"https:\/\/printaberlin.de\/en\/#website"},"primaryImageOfPage":{"@id":"https:\/\/printaberlin.de\/en\/product\/light-tote-bag\/#primaryimage"},"image":{"@id":"https:\/\/printaberlin.de\/en\/product\/light-tote-bag\/#primaryimage"},"thumbnailUrl":"https:\/\/printaberlin.de\/wp-content\/uploads\/2025\/09\/5151515.png","datePublished":"2025-04-02T15:39:38+00:00","dateModified":"2025-09-21T20:30:19+00:00","description":"Die Light Tote Bag by Stanley Stella aus 100 % Bio-Baumwolle ist leicht und robust. Personalisieren Sie sie mit DTF-Druck, Siebdruck oder Stickerei.","breadcrumb":{"@id":"https:\/\/printaberlin.de\/en\/product\/light-tote-bag\/#breadcrumb"},"inLanguage":"en-US","potentialAction":[{"@type":"ReadAction","target":["https:\/\/printaberlin.de\/en\/product\/light-tote-bag\/"]}]},{"@type":"ImageObject","inLanguage":"en-US","@id":"https:\/\/printaberlin.de\/en\/product\/light-tote-bag\/#primaryimage","url":"https:\/\/printaberlin.de\/wp-content\/uploads\/2025\/09\/5151515.png","contentUrl":"https:\/\/printaberlin.de\/wp-content\/uploads\/2025\/09\/5151515.png","width":600,"height":749},{"@type":"BreadcrumbList","@id":"https:\/\/printaberlin.de\/en\/product\/light-tote-bag\/#breadcrumb","itemListElement":[{"@type":"ListItem","position":1,"name":"Home","item":"https:\/\/printaberlin.de\/en\/"},{"@type":"ListItem","position":2,"name":"Shop","item":"https:\/\/printaberlin.de\/en\/shop\/"},{"@type":"ListItem","position":3,"name":"Light Tote Bag"}]},{"@type":"WebSite","@id":"https:\/\/printaberlin.de\/en\/#website","url":"https:\/\/printaberlin.de\/en\/","name":"Printa Berlin | Textilien und T-Shirts Bedrucken","description":"Entdecken Sie Printa Berlin \u2013 Ihr Experte f\u00fcr personalisierten Druck! T-Shirts, Poloshirts, Hoodies, Sweatshirts, Taschen, Caps und mehr.","publisher":{"@id":"https:\/\/printaberlin.de\/en\/#organization"},"potentialAction":[{"@type":"SearchAction","target":{"@type":"EntryPoint","urlTemplate":"https:\/\/printaberlin.de\/en\/?s={search_term_string}"},"query-input":{"@type":"PropertyValueSpecification","valueRequired":true,"valueName":"search_term_string"}}],"inLanguage":"en-US"},{"@type":"Organization","@id":"https:\/\/printaberlin.de\/en\/#organization","name":"Printa Berlin","url":"https:\/\/printaberlin.de\/en\/","logo":{"@type":"ImageObject","inLanguage":"en-US","@id":"https:\/\/printaberlin.de\/en\/#\/schema\/logo\/image\/","url":"https:\/\/printaberlin.de\/wp-content\/uploads\/2025\/03\/csdsdcdsc.png","contentUrl":"https:\/\/printaberlin.de\/wp-content\/uploads\/2025\/03\/csdsdcdsc.png","width":512,"height":512,"caption":"Printa Berlin"},"image":{"@id":"https:\/\/printaberlin.de\/en\/#\/schema\/logo\/image\/"},"sameAs":["https:\/\/www.instagram.com\/printaberlin\/"]}]},"og_availability":"instock","product_availability":"instock","product_retailer_item_id":"PR15-2","product_condition":"new"},"_links":{"self":[{"href":"https:\/\/printaberlin.de\/en\/wp-json\/wp\/v2\/product\/25229","targetHints":{"allow":["GET"]}}],"collection":[{"href":"https:\/\/printaberlin.de\/en\/wp-json\/wp\/v2\/product"}],"about":[{"href":"https:\/\/printaberlin.de\/en\/wp-json\/wp\/v2\/types\/product"}],"replies":[{"embeddable":true,"href":"https:\/\/printaberlin.de\/en\/wp-json\/wp\/v2\/comments?post=25229"}],"wp:featuredmedia":[{"embeddable":true,"href":"https:\/\/printaberlin.de\/en\/wp-json\/wp\/v2\/media\/26517"}],"wp:attachment":[{"href":"https:\/\/printaberlin.de\/en\/wp-json\/wp\/v2\/media?parent=25229"}],"wp:term":[{"taxonomy":"product_brand","embeddable":true,"href":"https:\/\/printaberlin.de\/en\/wp-json\/wp\/v2\/product_brand?post=25229"},{"taxonomy":"product_cat","embeddable":true,"href":"https:\/\/printaberlin.de\/en\/wp-json\/wp\/v2\/product_cat?post=25229"},{"taxonomy":"product_tag","embeddable":true,"href":"https:\/\/printaberlin.de\/en\/wp-json\/wp\/v2\/product_tag?post=25229"},{"taxonomy":"producproduct-categroyt-categroy","embeddable":true,"href":"https:\/\/printaberlin.de\/en\/wp-json\/wp\/v2\/producproduct-categroyt-categroy?post=25229"}],"curies":[{"name":"wp","href":"https:\/\/api.w.org\/{rel}","templated":true}]}}