{"id":25223,"date":"2025-04-02T16:09:03","date_gmt":"2025-04-02T16:09:03","guid":{"rendered":"https:\/\/printaberlin.de\/product\/woven-tote-bag\/"},"modified":"2025-09-21T20:30:19","modified_gmt":"2025-09-21T20:30:19","slug":"woven-tote-bag","status":"publish","type":"product","link":"https:\/\/printaberlin.de\/en\/product\/woven-tote-bag\/","title":{"rendered":"Woven Tote Bag"},"content":{"rendered":"<div class=\"mb-3\">\n<h3 data-start=\"0\" data-end=\"55\"><strong data-start=\"0\" data-end=\"55\">Woven Tote Bag: Nachhaltig, Praktisch und Anpassbar<\/strong><\/h3>\n<p class=\"\" data-start=\"57\" data-end=\"746\">Die <strong data-start=\"61\" data-end=\"79\">Woven Tote Bag<\/strong> STAU760 von Stanley Stella bietet die perfekte Kombination aus Funktionalit\u00e4t und Nachhaltigkeit. Hergestellt aus 80 % recycelter Baumwolle und 20 % recyceltem Polyester, ist diese Tasche nicht nur umweltfreundlich, sondern auch \u00e4u\u00dferst robust. Mit einem Gewicht von 300 GSM bietet sie eine stabile und langlebige Struktur, die perfekt f\u00fcr den t\u00e4glichen Gebrauch ist. Die doppelt gefaltete Oberkante sorgt f\u00fcr zus\u00e4tzliche St\u00e4rke und ein sauberes Finish, w\u00e4hrend die langen Griffe mit verst\u00e4rktem Kreuzstich f\u00fcr Komfort und Haltbarkeit sorgen. Der geformte Boden schafft zus\u00e4tzlich Volumen und bietet ausreichend Platz f\u00fcr Ihre Eink\u00e4ufe oder pers\u00f6nlichen Gegenst\u00e4nde.<\/p>\n<h4 data-start=\"748\" data-end=\"784\"><strong data-start=\"748\" data-end=\"784\">Hauptmerkmale der Woven Tote Bag<\/strong><\/h4>\n<ul data-start=\"786\" data-end=\"1310\">\n<li class=\"\" data-start=\"786\" data-end=\"839\">\n<p class=\"\" data-start=\"788\" data-end=\"839\"><strong data-start=\"788\" data-end=\"797\">Gr\u00f6\u00dfe<\/strong>: Einheitsgr\u00f6\u00dfe f\u00fcr vielseitigen Einsatz<\/p>\n<\/li>\n<li class=\"\" data-start=\"840\" data-end=\"900\">\n<p class=\"\" data-start=\"842\" data-end=\"900\"><strong data-start=\"842\" data-end=\"853\">Gewicht<\/strong>: 300 GSM f\u00fcr eine stabile, langlebige Tasche<\/p>\n<\/li>\n<li class=\"\" data-start=\"901\" data-end=\"977\">\n<p class=\"\" data-start=\"903\" data-end=\"977\"><strong data-start=\"903\" data-end=\"934\">Doppelt gefaltete Oberkante<\/strong> f\u00fcr mehr Haltbarkeit und sauberes Finish<\/p>\n<\/li>\n<li class=\"\" data-start=\"978\" data-end=\"1061\">\n<p class=\"\" data-start=\"980\" data-end=\"1061\"><strong data-start=\"980\" data-end=\"1023\">Lange Griffe mit verst\u00e4rktem Kreuzstich<\/strong> f\u00fcr sicheren Halt und hohen Komfort<\/p>\n<\/li>\n<li class=\"\" data-start=\"1062\" data-end=\"1110\">\n<p class=\"\" data-start=\"1064\" data-end=\"1110\"><strong data-start=\"1064\" data-end=\"1083\">Geformter Boden<\/strong> f\u00fcr zus\u00e4tzliches Volumen<\/p>\n<\/li>\n<li class=\"\" data-start=\"1111\" data-end=\"1203\">\n<p class=\"\" data-start=\"1113\" data-end=\"1203\"><strong data-start=\"1113\" data-end=\"1132\">Zusammensetzung<\/strong>: 80 % recycelte Baumwolle, 20 % recyceltes Polyester, stoffgewaschen<\/p>\n<\/li>\n<li class=\"\" data-start=\"1204\" data-end=\"1310\">\n<p class=\"\" data-start=\"1206\" data-end=\"1310\"><strong data-start=\"1206\" data-end=\"1224\">Pflegehinweise<\/strong>: Mit \u00e4hnlichen Farben waschen, nicht auf dem Druck b\u00fcgeln, innen waschen und b\u00fcgeln<\/p>\n<\/li>\n<\/ul>\n<h4 data-start=\"1312\" data-end=\"1374\"><strong data-start=\"1312\" data-end=\"1374\">Individuelle Druckdienstleistungen f\u00fcr Ihre Woven Tote Bag<\/strong><\/h4>\n<p class=\"\" data-start=\"1376\" data-end=\"1565\">Verleihen Sie Ihrer <strong data-start=\"1396\" data-end=\"1414\">Tote Bag<\/strong> eine pers\u00f6nliche Note mit unseren professionellen <strong data-start=\"1465\" data-end=\"1490\">Druckdienstleistungen<\/strong>. W\u00e4hlen Sie aus einer Vielzahl von Techniken, um Ihr Design hervorzuheben:<\/p>\n<ul data-start=\"1567\" data-end=\"1771\">\n<li class=\"\" data-start=\"1567\" data-end=\"1628\">\n<p class=\"\" data-start=\"1569\" data-end=\"1628\"><strong data-start=\"1569\" data-end=\"1582\">DTF-Druck<\/strong>: Ideal f\u00fcr lebendige und langlebige Designs<\/p>\n<\/li>\n<li class=\"\" data-start=\"1629\" data-end=\"1699\">\n<p class=\"\" data-start=\"1631\" data-end=\"1699\"><strong data-start=\"1631\" data-end=\"1644\">Siebdruck<\/strong>: Perfekt f\u00fcr kr\u00e4ftige Logos und gro\u00dffl\u00e4chige Designs<\/p>\n<\/li>\n<li class=\"\" data-start=\"1700\" data-end=\"1771\">\n<p class=\"\" data-start=\"1702\" data-end=\"1771\"><strong data-start=\"1702\" data-end=\"1715\">Stickerei<\/strong>: Verleiht Ihrem Design eine edle, professionelle Note<\/p>\n<\/li>\n<\/ul>\n<h4 data-start=\"1773\" data-end=\"1809\"><strong data-start=\"1773\" data-end=\"1809\">Warum die Woven Tote Bag w\u00e4hlen?<\/strong><\/h4>\n<p class=\"\" data-start=\"1811\" data-end=\"2261\">Die <strong data-start=\"1815\" data-end=\"1833\">Tote Bag<\/strong> ist eine umweltbewusste Wahl, die sowohl in Funktionalit\u00e4t als auch in Design \u00fcberzeugt. Hergestellt aus recycelten Materialien, bietet diese Tasche nicht nur eine hohe Strapazierf\u00e4higkeit, sondern auch eine hervorragende Oberfl\u00e4che f\u00fcr Ihre individuellen Designs. Nutzen Sie unsere <strong data-start=\"2117\" data-end=\"2142\">Druckdienstleistungen<\/strong>, um eine einzigartige Tasche zu schaffen, die Ihre Markenidentit\u00e4t oder Ihren pers\u00f6nlichen Stil perfekt widerspiegelt.<\/p>\n<\/div>\n<p data-start=\"1683\" data-end=\"2032\">\u00a0<img decoding=\"async\" class=\"alignnone size-medium wp-image-7209\" src=\"https:\/\/printaberlin.de\/staging\/2315\/wp-content\/uploads\/2025\/03\/Frame-37-300x59.png\" alt=\"\" width=\"300\" height=\"59\" srcset=\"https:\/\/printaberlin.de\/wp-content\/uploads\/2025\/03\/Frame-37-300x59.png 300w, https:\/\/printaberlin.de\/wp-content\/uploads\/2025\/03\/Frame-37-1024x200.png 1024w, https:\/\/printaberlin.de\/wp-content\/uploads\/2025\/03\/Frame-37-768x150.png 768w, https:\/\/printaberlin.de\/wp-content\/uploads\/2025\/03\/Frame-37-1536x301.png 1536w, https:\/\/printaberlin.de\/wp-content\/uploads\/2025\/03\/Frame-37-260x51.png 260w, https:\/\/printaberlin.de\/wp-content\/uploads\/2025\/03\/Frame-37-500x98.png 500w, https:\/\/printaberlin.de\/wp-content\/uploads\/2025\/03\/Frame-37.png 1650w\" sizes=\"(max-width: 300px) 100vw, 300px\" \/><\/p>\n<div class=\"mb-3\">\n<div class=\"child-p:mb-2 last:child-p:mb-0\">\n<div class=\"child-p:mb-2 last:child-p:mb-0\"><\/div>\n<\/div>\n<\/div>\n","protected":false},"excerpt":{"rendered":"<p>Leichte Light Tote Bag aus 100 % Bio-Baumwolle. 37cm x 39 cm.<br \/>\n<strong>By Stanley Stella<\/strong><\/p>\n","protected":false},"featured_media":26519,"comment_status":"open","ping_status":"closed","template":"","meta":{"nf_dc_page":""},"product_brand":[32],"product_cat":[433],"product_tag":[430],"producproduct-categroyt-categroy":[],"class_list":{"0":"post-25223","1":"product","2":"type-product","3":"status-publish","4":"has-post-thumbnail","6":"product_brand-stanley-stella","7":"product_cat-taschen-bedrucken","8":"product_tag-unisex","10":"first","11":"instock","12":"shipping-taxable","13":"purchasable","14":"product-type-variable","15":"wvs-archive-product-wrapper"},"yoast_head":"<!-- This site is optimized with the Yoast SEO Premium plugin v24.6 (Yoast SEO v27.4) - https:\/\/yoast.com\/product\/yoast-seo-premium-wordpress\/ -->\n<title>Woven Tote Bag by Stanley Stella | Printa Berlin | Textilien und T-Shirts Bedrucken<\/title>\n<meta name=\"description\" content=\"Die Woven Tote Bag aus recyceltem Material ist langlebig und umweltfreundlich. Personalisieren Sie sie mit DTF-Druck, Siebdruck oder Stickerei.\" \/>\n<meta name=\"robots\" content=\"index, follow, max-snippet:-1, max-image-preview:large, max-video-preview:-1\" \/>\n<link rel=\"canonical\" href=\"https:\/\/printaberlin.de\/en\/product\/woven-tote-bag\/\" \/>\n<meta property=\"og:locale\" content=\"en_US\" \/>\n<meta property=\"og:type\" content=\"article\" \/>\n<meta property=\"og:title\" content=\"Woven Tote Bag\" \/>\n<meta property=\"og:description\" content=\"Die Woven Tote Bag aus recyceltem Material ist langlebig und umweltfreundlich. Personalisieren Sie sie mit DTF-Druck, Siebdruck oder Stickerei.\" \/>\n<meta property=\"og:url\" content=\"https:\/\/printaberlin.de\/en\/product\/woven-tote-bag\/\" \/>\n<meta property=\"og:site_name\" content=\"Printa Berlin | Textilien und T-Shirts Bedrucken\" \/>\n<meta property=\"article:modified_time\" content=\"2025-09-21T20:30:19+00:00\" \/>\n<meta property=\"og:image\" content=\"https:\/\/printaberlin.de\/wp-content\/uploads\/2025\/09\/777774.png\" \/>\n\t<meta property=\"og:image:width\" content=\"600\" \/>\n\t<meta property=\"og:image:height\" content=\"749\" \/>\n\t<meta property=\"og:image:type\" content=\"image\/png\" \/>\n<meta name=\"twitter:card\" content=\"summary_large_image\" \/>\n<meta name=\"twitter:label1\" content=\"Availability\" \/>\n\t<meta name=\"twitter:data1\" content=\"In stock\" \/>\n<script type=\"application\/ld+json\" class=\"yoast-schema-graph\">{\"@context\":\"https:\\\/\\\/schema.org\",\"@graph\":[{\"@type\":\"WebPage\",\"@id\":\"https:\\\/\\\/printaberlin.de\\\/en\\\/product\\\/woven-tote-bag\\\/\",\"url\":\"https:\\\/\\\/printaberlin.de\\\/en\\\/product\\\/woven-tote-bag\\\/\",\"name\":\"Woven Tote Bag by Stanley Stella | Printa Berlin | Textilien und T-Shirts Bedrucken\",\"isPartOf\":{\"@id\":\"https:\\\/\\\/printaberlin.de\\\/en\\\/#website\"},\"primaryImageOfPage\":{\"@id\":\"https:\\\/\\\/printaberlin.de\\\/en\\\/product\\\/woven-tote-bag\\\/#primaryimage\"},\"image\":{\"@id\":\"https:\\\/\\\/printaberlin.de\\\/en\\\/product\\\/woven-tote-bag\\\/#primaryimage\"},\"thumbnailUrl\":\"https:\\\/\\\/printaberlin.de\\\/wp-content\\\/uploads\\\/2025\\\/09\\\/777774.png\",\"datePublished\":\"2025-04-02T16:09:03+00:00\",\"dateModified\":\"2025-09-21T20:30:19+00:00\",\"description\":\"Die Woven Tote Bag aus recyceltem Material ist langlebig und umweltfreundlich. Personalisieren Sie sie mit DTF-Druck, Siebdruck oder Stickerei.\",\"breadcrumb\":{\"@id\":\"https:\\\/\\\/printaberlin.de\\\/en\\\/product\\\/woven-tote-bag\\\/#breadcrumb\"},\"inLanguage\":\"en-US\",\"potentialAction\":[{\"@type\":\"ReadAction\",\"target\":[\"https:\\\/\\\/printaberlin.de\\\/en\\\/product\\\/woven-tote-bag\\\/\"]}]},{\"@type\":\"ImageObject\",\"inLanguage\":\"en-US\",\"@id\":\"https:\\\/\\\/printaberlin.de\\\/en\\\/product\\\/woven-tote-bag\\\/#primaryimage\",\"url\":\"https:\\\/\\\/printaberlin.de\\\/wp-content\\\/uploads\\\/2025\\\/09\\\/777774.png\",\"contentUrl\":\"https:\\\/\\\/printaberlin.de\\\/wp-content\\\/uploads\\\/2025\\\/09\\\/777774.png\",\"width\":600,\"height\":749},{\"@type\":\"BreadcrumbList\",\"@id\":\"https:\\\/\\\/printaberlin.de\\\/en\\\/product\\\/woven-tote-bag\\\/#breadcrumb\",\"itemListElement\":[{\"@type\":\"ListItem\",\"position\":1,\"name\":\"Home\",\"item\":\"https:\\\/\\\/printaberlin.de\\\/en\\\/\"},{\"@type\":\"ListItem\",\"position\":2,\"name\":\"Shop\",\"item\":\"https:\\\/\\\/printaberlin.de\\\/en\\\/shop\\\/\"},{\"@type\":\"ListItem\",\"position\":3,\"name\":\"Woven Tote Bag\"}]},{\"@type\":\"WebSite\",\"@id\":\"https:\\\/\\\/printaberlin.de\\\/en\\\/#website\",\"url\":\"https:\\\/\\\/printaberlin.de\\\/en\\\/\",\"name\":\"Printa Berlin | Textilien und T-Shirts Bedrucken\",\"description\":\"Entdecken Sie Printa Berlin \u2013 Ihr Experte f\u00fcr personalisierten Druck! T-Shirts, Poloshirts, Hoodies, Sweatshirts, Taschen, Caps und mehr.\",\"publisher\":{\"@id\":\"https:\\\/\\\/printaberlin.de\\\/en\\\/#organization\"},\"potentialAction\":[{\"@type\":\"SearchAction\",\"target\":{\"@type\":\"EntryPoint\",\"urlTemplate\":\"https:\\\/\\\/printaberlin.de\\\/en\\\/?s={search_term_string}\"},\"query-input\":{\"@type\":\"PropertyValueSpecification\",\"valueRequired\":true,\"valueName\":\"search_term_string\"}}],\"inLanguage\":\"en-US\"},{\"@type\":\"Organization\",\"@id\":\"https:\\\/\\\/printaberlin.de\\\/en\\\/#organization\",\"name\":\"Printa Berlin\",\"url\":\"https:\\\/\\\/printaberlin.de\\\/en\\\/\",\"logo\":{\"@type\":\"ImageObject\",\"inLanguage\":\"en-US\",\"@id\":\"https:\\\/\\\/printaberlin.de\\\/en\\\/#\\\/schema\\\/logo\\\/image\\\/\",\"url\":\"https:\\\/\\\/printaberlin.de\\\/wp-content\\\/uploads\\\/2025\\\/03\\\/csdsdcdsc.png\",\"contentUrl\":\"https:\\\/\\\/printaberlin.de\\\/wp-content\\\/uploads\\\/2025\\\/03\\\/csdsdcdsc.png\",\"width\":512,\"height\":512,\"caption\":\"Printa Berlin\"},\"image\":{\"@id\":\"https:\\\/\\\/printaberlin.de\\\/en\\\/#\\\/schema\\\/logo\\\/image\\\/\"},\"sameAs\":[\"https:\\\/\\\/www.instagram.com\\\/printaberlin\\\/\"]}]}<\/script>\n<meta property=\"og:availability\" content=\"instock\" \/>\n<meta property=\"product:availability\" content=\"instock\" \/>\n<meta property=\"product:retailer_item_id\" content=\"PR15-2-1\" \/>\n<meta property=\"product:condition\" content=\"new\" \/>\n<!-- \/ Yoast SEO Premium plugin. -->","yoast_head_json":{"title":"Woven Tote Bag by Stanley Stella | Printa Berlin | Textilien und T-Shirts Bedrucken","description":"Die Woven Tote Bag aus recyceltem Material ist langlebig und umweltfreundlich. Personalisieren Sie sie mit DTF-Druck, Siebdruck oder Stickerei.","robots":{"index":"index","follow":"follow","max-snippet":"max-snippet:-1","max-image-preview":"max-image-preview:large","max-video-preview":"max-video-preview:-1"},"canonical":"https:\/\/printaberlin.de\/en\/product\/woven-tote-bag\/","og_locale":"en_US","og_type":"article","og_title":"Woven Tote Bag","og_description":"Die Woven Tote Bag aus recyceltem Material ist langlebig und umweltfreundlich. Personalisieren Sie sie mit DTF-Druck, Siebdruck oder Stickerei.","og_url":"https:\/\/printaberlin.de\/en\/product\/woven-tote-bag\/","og_site_name":"Printa Berlin | Textilien und T-Shirts Bedrucken","article_modified_time":"2025-09-21T20:30:19+00:00","og_image":[{"width":600,"height":749,"url":"https:\/\/printaberlin.de\/wp-content\/uploads\/2025\/09\/777774.png","type":"image\/png"}],"twitter_card":"summary_large_image","twitter_misc":{"Availability":"In stock"},"schema":{"@context":"https:\/\/schema.org","@graph":[{"@type":"WebPage","@id":"https:\/\/printaberlin.de\/en\/product\/woven-tote-bag\/","url":"https:\/\/printaberlin.de\/en\/product\/woven-tote-bag\/","name":"Woven Tote Bag by Stanley Stella | Printa Berlin | Textilien und T-Shirts Bedrucken","isPartOf":{"@id":"https:\/\/printaberlin.de\/en\/#website"},"primaryImageOfPage":{"@id":"https:\/\/printaberlin.de\/en\/product\/woven-tote-bag\/#primaryimage"},"image":{"@id":"https:\/\/printaberlin.de\/en\/product\/woven-tote-bag\/#primaryimage"},"thumbnailUrl":"https:\/\/printaberlin.de\/wp-content\/uploads\/2025\/09\/777774.png","datePublished":"2025-04-02T16:09:03+00:00","dateModified":"2025-09-21T20:30:19+00:00","description":"Die Woven Tote Bag aus recyceltem Material ist langlebig und umweltfreundlich. Personalisieren Sie sie mit DTF-Druck, Siebdruck oder Stickerei.","breadcrumb":{"@id":"https:\/\/printaberlin.de\/en\/product\/woven-tote-bag\/#breadcrumb"},"inLanguage":"en-US","potentialAction":[{"@type":"ReadAction","target":["https:\/\/printaberlin.de\/en\/product\/woven-tote-bag\/"]}]},{"@type":"ImageObject","inLanguage":"en-US","@id":"https:\/\/printaberlin.de\/en\/product\/woven-tote-bag\/#primaryimage","url":"https:\/\/printaberlin.de\/wp-content\/uploads\/2025\/09\/777774.png","contentUrl":"https:\/\/printaberlin.de\/wp-content\/uploads\/2025\/09\/777774.png","width":600,"height":749},{"@type":"BreadcrumbList","@id":"https:\/\/printaberlin.de\/en\/product\/woven-tote-bag\/#breadcrumb","itemListElement":[{"@type":"ListItem","position":1,"name":"Home","item":"https:\/\/printaberlin.de\/en\/"},{"@type":"ListItem","position":2,"name":"Shop","item":"https:\/\/printaberlin.de\/en\/shop\/"},{"@type":"ListItem","position":3,"name":"Woven Tote Bag"}]},{"@type":"WebSite","@id":"https:\/\/printaberlin.de\/en\/#website","url":"https:\/\/printaberlin.de\/en\/","name":"Printa Berlin | Textilien und T-Shirts Bedrucken","description":"Entdecken Sie Printa Berlin \u2013 Ihr Experte f\u00fcr personalisierten Druck! T-Shirts, Poloshirts, Hoodies, Sweatshirts, Taschen, Caps und mehr.","publisher":{"@id":"https:\/\/printaberlin.de\/en\/#organization"},"potentialAction":[{"@type":"SearchAction","target":{"@type":"EntryPoint","urlTemplate":"https:\/\/printaberlin.de\/en\/?s={search_term_string}"},"query-input":{"@type":"PropertyValueSpecification","valueRequired":true,"valueName":"search_term_string"}}],"inLanguage":"en-US"},{"@type":"Organization","@id":"https:\/\/printaberlin.de\/en\/#organization","name":"Printa Berlin","url":"https:\/\/printaberlin.de\/en\/","logo":{"@type":"ImageObject","inLanguage":"en-US","@id":"https:\/\/printaberlin.de\/en\/#\/schema\/logo\/image\/","url":"https:\/\/printaberlin.de\/wp-content\/uploads\/2025\/03\/csdsdcdsc.png","contentUrl":"https:\/\/printaberlin.de\/wp-content\/uploads\/2025\/03\/csdsdcdsc.png","width":512,"height":512,"caption":"Printa Berlin"},"image":{"@id":"https:\/\/printaberlin.de\/en\/#\/schema\/logo\/image\/"},"sameAs":["https:\/\/www.instagram.com\/printaberlin\/"]}]},"og_availability":"instock","product_availability":"instock","product_retailer_item_id":"PR15-2-1","product_condition":"new"},"_links":{"self":[{"href":"https:\/\/printaberlin.de\/en\/wp-json\/wp\/v2\/product\/25223","targetHints":{"allow":["GET"]}}],"collection":[{"href":"https:\/\/printaberlin.de\/en\/wp-json\/wp\/v2\/product"}],"about":[{"href":"https:\/\/printaberlin.de\/en\/wp-json\/wp\/v2\/types\/product"}],"replies":[{"embeddable":true,"href":"https:\/\/printaberlin.de\/en\/wp-json\/wp\/v2\/comments?post=25223"}],"wp:featuredmedia":[{"embeddable":true,"href":"https:\/\/printaberlin.de\/en\/wp-json\/wp\/v2\/media\/26519"}],"wp:attachment":[{"href":"https:\/\/printaberlin.de\/en\/wp-json\/wp\/v2\/media?parent=25223"}],"wp:term":[{"taxonomy":"product_brand","embeddable":true,"href":"https:\/\/printaberlin.de\/en\/wp-json\/wp\/v2\/product_brand?post=25223"},{"taxonomy":"product_cat","embeddable":true,"href":"https:\/\/printaberlin.de\/en\/wp-json\/wp\/v2\/product_cat?post=25223"},{"taxonomy":"product_tag","embeddable":true,"href":"https:\/\/printaberlin.de\/en\/wp-json\/wp\/v2\/product_tag?post=25223"},{"taxonomy":"producproduct-categroyt-categroy","embeddable":true,"href":"https:\/\/printaberlin.de\/en\/wp-json\/wp\/v2\/producproduct-categroyt-categroy?post=25223"}],"curies":[{"name":"wp","href":"https:\/\/api.w.org\/{rel}","templated":true}]}}