{"id":25218,"date":"2025-04-02T16:22:54","date_gmt":"2025-04-02T16:22:54","guid":{"rendered":"https:\/\/printaberlin.de\/product\/shopping-bag-ep70\/"},"modified":"2025-09-21T20:30:19","modified_gmt":"2025-09-21T20:30:19","slug":"shopping-bag-ep70","status":"publish","type":"product","link":"https:\/\/printaberlin.de\/en\/product\/shopping-bag-ep70\/","title":{"rendered":"Shopping Bag EP70"},"content":{"rendered":"<div class=\"mb-3\">\n<h3 data-start=\"0\" data-end=\"58\"><strong data-start=\"0\" data-end=\"58\">Shopping Bag EP70: Nachhaltig, Praktisch und Anpassbar<\/strong><\/h3>\n<p class=\"\" data-start=\"60\" data-end=\"676\">Die <strong data-start=\"64\" data-end=\"85\">Shopping Bag EP70<\/strong> ist die perfekte Kombination aus Nachhaltigkeit und Funktionalit\u00e4t. Hergestellt aus 100 % organischer Baumwolle, bietet diese Tasche eine hohe Strapazierf\u00e4higkeit und ist gleichzeitig umweltfreundlich. Mit einem Gewicht von nur 120 g bietet sie sowohl Robustheit als auch Leichtigkeit f\u00fcr den t\u00e4glichen Gebrauch. Das schlichte, aber elegante Design wird durch die EP-Flagge an der Seitennaht erg\u00e4nzt, die das ethische und nachhaltige Engagement des Produkts hervorhebt. Diese Tasche ist die ideale Wahl f\u00fcr alle, die umweltbewusste Produkte suchen, die zugleich stilvoll und praktisch sind.<\/p>\n<h4 data-start=\"678\" data-end=\"717\"><strong data-start=\"678\" data-end=\"717\">Hauptmerkmale der Shopping Bag\u00a0<\/strong><\/h4>\n<ul data-start=\"719\" data-end=\"1206\">\n<li class=\"\" data-start=\"719\" data-end=\"790\">\n<p class=\"\" data-start=\"721\" data-end=\"790\"><strong data-start=\"721\" data-end=\"751\">100 % organische Baumwolle<\/strong> f\u00fcr Nachhaltigkeit und Langlebigkeit<\/p>\n<\/li>\n<li class=\"\" data-start=\"791\" data-end=\"861\">\n<p class=\"\" data-start=\"793\" data-end=\"861\"><strong data-start=\"793\" data-end=\"825\">Kompakt gesponnene Baumwolle<\/strong> f\u00fcr hohe Festigkeit und Weichheit<\/p>\n<\/li>\n<li class=\"\" data-start=\"862\" data-end=\"926\">\n<p class=\"\" data-start=\"864\" data-end=\"926\"><strong data-start=\"864\" data-end=\"884\">Schlichte Webart<\/strong> f\u00fcr eine saubere und robuste Oberfl\u00e4che<\/p>\n<\/li>\n<li class=\"\" data-start=\"927\" data-end=\"1013\">\n<p class=\"\" data-start=\"929\" data-end=\"1013\"><strong data-start=\"929\" data-end=\"960\">EP-Flagge an der Seitennaht<\/strong> als Symbol f\u00fcr ethische und nachhaltige Produktion<\/p>\n<\/li>\n<li class=\"\" data-start=\"1014\" data-end=\"1070\">\n<p class=\"\" data-start=\"1016\" data-end=\"1070\"><strong data-start=\"1016\" data-end=\"1027\">Gewicht<\/strong>: 120 g, ideal f\u00fcr den t\u00e4glichen Gebrauch<\/p>\n<\/li>\n<li class=\"\" data-start=\"1071\" data-end=\"1099\">\n<p class=\"\" data-start=\"1073\" data-end=\"1099\"><strong data-start=\"1073\" data-end=\"1082\">Gr\u00f6\u00dfe<\/strong>: Einheitsgr\u00f6\u00dfe<\/p>\n<\/li>\n<li class=\"\" data-start=\"1100\" data-end=\"1206\">\n<p class=\"\" data-start=\"1102\" data-end=\"1206\"><strong data-start=\"1102\" data-end=\"1120\">Pflegehinweise<\/strong>: Mit \u00e4hnlichen Farben waschen, nicht auf dem Druck b\u00fcgeln, innen waschen und b\u00fcgeln<\/p>\n<\/li>\n<\/ul>\n<h4 data-start=\"1208\" data-end=\"1273\"><strong data-start=\"1208\" data-end=\"1273\">Individuelle Druckdienstleistungen f\u00fcr Ihre Shopping Bag EP70<\/strong><\/h4>\n<p class=\"\" data-start=\"1275\" data-end=\"1474\">Verleihen Sie Ihrer <strong data-start=\"1295\" data-end=\"1316\">Shopping Bag <\/strong>\u00a0eine pers\u00f6nliche Note mit unseren professionellen <strong data-start=\"1367\" data-end=\"1392\">Druckdienstleistungen<\/strong>. Wir bieten eine Vielzahl von Drucktechniken, um Ihre Designs perfekt umzusetzen:<\/p>\n<ul data-start=\"1476\" data-end=\"1663\">\n<li class=\"\" data-start=\"1476\" data-end=\"1534\">\n<p class=\"\" data-start=\"1478\" data-end=\"1534\"><strong data-start=\"1478\" data-end=\"1491\">DTF-Druck<\/strong>: Ideal f\u00fcr lebendige, langlebige Designs<\/p>\n<\/li>\n<li class=\"\" data-start=\"1535\" data-end=\"1594\">\n<p class=\"\" data-start=\"1537\" data-end=\"1594\"><strong data-start=\"1537\" data-end=\"1550\">Siebdruck<\/strong>: Perfekt f\u00fcr kr\u00e4ftige, gro\u00dffl\u00e4chige Logos<\/p>\n<\/li>\n<li class=\"\" data-start=\"1595\" data-end=\"1663\">\n<p class=\"\" data-start=\"1597\" data-end=\"1663\"><strong data-start=\"1597\" data-end=\"1610\">Stickerei<\/strong>: Verleiht Ihrem Design eine edle, hochwertige Note<\/p>\n<\/li>\n<\/ul>\n<h4 data-start=\"1665\" data-end=\"1704\"><strong data-start=\"1665\" data-end=\"1704\">Warum die Shopping Bag EP70 w\u00e4hlen?<\/strong><\/h4>\n<p class=\"\" data-start=\"1706\" data-end=\"2158\">Die <strong data-start=\"1710\" data-end=\"1731\">Shopping Bag<\/strong>\u00a0ist eine hervorragende Wahl f\u00fcr alle, die eine umweltfreundliche und anpassbare Tasche suchen. Hergestellt aus 100 % organischer Baumwolle, bietet sie sowohl eine hohe Strapazierf\u00e4higkeit als auch eine exzellente Oberfl\u00e4che f\u00fcr Ihre individuellen Designs. Mit unseren <strong data-start=\"2000\" data-end=\"2025\">Druckdienstleistungen<\/strong> k\u00f6nnen Sie diese Tasche personalisieren, um sie zu einem einzigartigen Accessoire f\u00fcr Ihr Gesch\u00e4ft, Event oder Ihre Marke zu machen.<\/p>\n<\/div>\n<p data-start=\"1683\" data-end=\"2032\"><img decoding=\"async\" class=\"alignnone size-medium wp-image-16483\" src=\"https:\/\/printaberlin.de\/staging\/2315\/wp-content\/uploads\/2025\/04\/66666-300x50.png\" alt=\"\" width=\"300\" height=\"50\" srcset=\"https:\/\/printaberlin.de\/wp-content\/uploads\/2025\/04\/66666-300x50.png 300w, https:\/\/printaberlin.de\/wp-content\/uploads\/2025\/04\/66666-284x47.png 284w, https:\/\/printaberlin.de\/wp-content\/uploads\/2025\/04\/66666.png 547w\" sizes=\"(max-width: 300px) 100vw, 300px\" \/><\/p>\n<div class=\"mb-3\">\n<div class=\"child-p:mb-2 last:child-p:mb-0\">\n<div class=\"child-p:mb-2 last:child-p:mb-0\"><\/div>\n<\/div>\n<\/div>\n","protected":false},"excerpt":{"rendered":"<p>Stabile Shopping Bag EP70 aus 100 % Bio-Baumwolle. 38cm x 42cm.<br \/>\n<strong>By Earth Positive<\/strong><\/p>\n","protected":false},"featured_media":26521,"comment_status":"open","ping_status":"closed","template":"","meta":{"nf_dc_page":""},"product_brand":[278],"product_cat":[433],"product_tag":[430],"producproduct-categroyt-categroy":[],"class_list":{"0":"post-25218","1":"product","2":"type-product","3":"status-publish","4":"has-post-thumbnail","6":"product_brand-earth-positive","7":"product_cat-taschen-bedrucken","8":"product_tag-unisex","10":"first","11":"instock","12":"shipping-taxable","13":"purchasable","14":"product-type-variable","15":"wvs-archive-product-wrapper"},"yoast_head":"<!-- This site is optimized with the Yoast SEO Premium plugin v24.6 (Yoast SEO v27.4) - https:\/\/yoast.com\/product\/yoast-seo-premium-wordpress\/ -->\n<title>Shopping Bag EP70 by Earth Positive | Printa Berlin | Textilien und T-Shirts Bedrucken<\/title>\n<meta name=\"description\" content=\"Die Shopping Bag EP70 aus 100 % organischer Baumwolle ist robust und umweltfreundlich. Personalisieren Sie sie mit DTF-Druck, Siebdruck oder Stickerei.\" \/>\n<meta name=\"robots\" content=\"index, follow, max-snippet:-1, max-image-preview:large, max-video-preview:-1\" \/>\n<link rel=\"canonical\" href=\"https:\/\/printaberlin.de\/en\/product\/shopping-bag-ep70\/\" \/>\n<meta property=\"og:locale\" content=\"en_US\" \/>\n<meta property=\"og:type\" content=\"article\" \/>\n<meta property=\"og:title\" content=\"Shopping Bag EP70\" \/>\n<meta property=\"og:description\" content=\"Die Shopping Bag EP70 aus 100 % organischer Baumwolle ist robust und umweltfreundlich. Personalisieren Sie sie mit DTF-Druck, Siebdruck oder Stickerei.\" \/>\n<meta property=\"og:url\" content=\"https:\/\/printaberlin.de\/en\/product\/shopping-bag-ep70\/\" \/>\n<meta property=\"og:site_name\" content=\"Printa Berlin | Textilien und T-Shirts Bedrucken\" \/>\n<meta property=\"article:modified_time\" content=\"2025-09-21T20:30:19+00:00\" \/>\n<meta property=\"og:image\" content=\"https:\/\/printaberlin.de\/wp-content\/uploads\/2025\/09\/7474747.png\" \/>\n\t<meta property=\"og:image:width\" content=\"600\" \/>\n\t<meta property=\"og:image:height\" content=\"749\" \/>\n\t<meta property=\"og:image:type\" content=\"image\/png\" \/>\n<meta name=\"twitter:card\" content=\"summary_large_image\" \/>\n<meta name=\"twitter:label1\" content=\"Availability\" \/>\n\t<meta name=\"twitter:data1\" content=\"In stock\" \/>\n<script type=\"application\/ld+json\" class=\"yoast-schema-graph\">{\"@context\":\"https:\\\/\\\/schema.org\",\"@graph\":[{\"@type\":\"WebPage\",\"@id\":\"https:\\\/\\\/printaberlin.de\\\/en\\\/product\\\/shopping-bag-ep70\\\/\",\"url\":\"https:\\\/\\\/printaberlin.de\\\/en\\\/product\\\/shopping-bag-ep70\\\/\",\"name\":\"Shopping Bag EP70 by Earth Positive | Printa Berlin | Textilien und T-Shirts Bedrucken\",\"isPartOf\":{\"@id\":\"https:\\\/\\\/printaberlin.de\\\/en\\\/#website\"},\"primaryImageOfPage\":{\"@id\":\"https:\\\/\\\/printaberlin.de\\\/en\\\/product\\\/shopping-bag-ep70\\\/#primaryimage\"},\"image\":{\"@id\":\"https:\\\/\\\/printaberlin.de\\\/en\\\/product\\\/shopping-bag-ep70\\\/#primaryimage\"},\"thumbnailUrl\":\"https:\\\/\\\/printaberlin.de\\\/wp-content\\\/uploads\\\/2025\\\/09\\\/7474747.png\",\"datePublished\":\"2025-04-02T16:22:54+00:00\",\"dateModified\":\"2025-09-21T20:30:19+00:00\",\"description\":\"Die Shopping Bag EP70 aus 100 % organischer Baumwolle ist robust und umweltfreundlich. Personalisieren Sie sie mit DTF-Druck, Siebdruck oder Stickerei.\",\"breadcrumb\":{\"@id\":\"https:\\\/\\\/printaberlin.de\\\/en\\\/product\\\/shopping-bag-ep70\\\/#breadcrumb\"},\"inLanguage\":\"en-US\",\"potentialAction\":[{\"@type\":\"ReadAction\",\"target\":[\"https:\\\/\\\/printaberlin.de\\\/en\\\/product\\\/shopping-bag-ep70\\\/\"]}]},{\"@type\":\"ImageObject\",\"inLanguage\":\"en-US\",\"@id\":\"https:\\\/\\\/printaberlin.de\\\/en\\\/product\\\/shopping-bag-ep70\\\/#primaryimage\",\"url\":\"https:\\\/\\\/printaberlin.de\\\/wp-content\\\/uploads\\\/2025\\\/09\\\/7474747.png\",\"contentUrl\":\"https:\\\/\\\/printaberlin.de\\\/wp-content\\\/uploads\\\/2025\\\/09\\\/7474747.png\",\"width\":600,\"height\":749},{\"@type\":\"BreadcrumbList\",\"@id\":\"https:\\\/\\\/printaberlin.de\\\/en\\\/product\\\/shopping-bag-ep70\\\/#breadcrumb\",\"itemListElement\":[{\"@type\":\"ListItem\",\"position\":1,\"name\":\"Home\",\"item\":\"https:\\\/\\\/printaberlin.de\\\/en\\\/\"},{\"@type\":\"ListItem\",\"position\":2,\"name\":\"Shop\",\"item\":\"https:\\\/\\\/printaberlin.de\\\/en\\\/shop\\\/\"},{\"@type\":\"ListItem\",\"position\":3,\"name\":\"Shopping Bag EP70\"}]},{\"@type\":\"WebSite\",\"@id\":\"https:\\\/\\\/printaberlin.de\\\/en\\\/#website\",\"url\":\"https:\\\/\\\/printaberlin.de\\\/en\\\/\",\"name\":\"Printa Berlin | Textilien und T-Shirts Bedrucken\",\"description\":\"Entdecken Sie Printa Berlin \u2013 Ihr Experte f\u00fcr personalisierten Druck! T-Shirts, Poloshirts, Hoodies, Sweatshirts, Taschen, Caps und mehr.\",\"publisher\":{\"@id\":\"https:\\\/\\\/printaberlin.de\\\/en\\\/#organization\"},\"potentialAction\":[{\"@type\":\"SearchAction\",\"target\":{\"@type\":\"EntryPoint\",\"urlTemplate\":\"https:\\\/\\\/printaberlin.de\\\/en\\\/?s={search_term_string}\"},\"query-input\":{\"@type\":\"PropertyValueSpecification\",\"valueRequired\":true,\"valueName\":\"search_term_string\"}}],\"inLanguage\":\"en-US\"},{\"@type\":\"Organization\",\"@id\":\"https:\\\/\\\/printaberlin.de\\\/en\\\/#organization\",\"name\":\"Printa Berlin\",\"url\":\"https:\\\/\\\/printaberlin.de\\\/en\\\/\",\"logo\":{\"@type\":\"ImageObject\",\"inLanguage\":\"en-US\",\"@id\":\"https:\\\/\\\/printaberlin.de\\\/en\\\/#\\\/schema\\\/logo\\\/image\\\/\",\"url\":\"https:\\\/\\\/printaberlin.de\\\/wp-content\\\/uploads\\\/2025\\\/03\\\/csdsdcdsc.png\",\"contentUrl\":\"https:\\\/\\\/printaberlin.de\\\/wp-content\\\/uploads\\\/2025\\\/03\\\/csdsdcdsc.png\",\"width\":512,\"height\":512,\"caption\":\"Printa Berlin\"},\"image\":{\"@id\":\"https:\\\/\\\/printaberlin.de\\\/en\\\/#\\\/schema\\\/logo\\\/image\\\/\"},\"sameAs\":[\"https:\\\/\\\/www.instagram.com\\\/printaberlin\\\/\"]}]}<\/script>\n<meta property=\"og:availability\" content=\"instock\" \/>\n<meta property=\"product:availability\" content=\"instock\" \/>\n<meta property=\"product:retailer_item_id\" content=\"PR15-2-1-1\" \/>\n<meta property=\"product:condition\" content=\"new\" \/>\n<!-- \/ Yoast SEO Premium plugin. -->","yoast_head_json":{"title":"Shopping Bag EP70 by Earth Positive | Printa Berlin | Textilien und T-Shirts Bedrucken","description":"Die Shopping Bag EP70 aus 100 % organischer Baumwolle ist robust und umweltfreundlich. Personalisieren Sie sie mit DTF-Druck, Siebdruck oder Stickerei.","robots":{"index":"index","follow":"follow","max-snippet":"max-snippet:-1","max-image-preview":"max-image-preview:large","max-video-preview":"max-video-preview:-1"},"canonical":"https:\/\/printaberlin.de\/en\/product\/shopping-bag-ep70\/","og_locale":"en_US","og_type":"article","og_title":"Shopping Bag EP70","og_description":"Die Shopping Bag EP70 aus 100 % organischer Baumwolle ist robust und umweltfreundlich. Personalisieren Sie sie mit DTF-Druck, Siebdruck oder Stickerei.","og_url":"https:\/\/printaberlin.de\/en\/product\/shopping-bag-ep70\/","og_site_name":"Printa Berlin | Textilien und T-Shirts Bedrucken","article_modified_time":"2025-09-21T20:30:19+00:00","og_image":[{"width":600,"height":749,"url":"https:\/\/printaberlin.de\/wp-content\/uploads\/2025\/09\/7474747.png","type":"image\/png"}],"twitter_card":"summary_large_image","twitter_misc":{"Availability":"In stock"},"schema":{"@context":"https:\/\/schema.org","@graph":[{"@type":"WebPage","@id":"https:\/\/printaberlin.de\/en\/product\/shopping-bag-ep70\/","url":"https:\/\/printaberlin.de\/en\/product\/shopping-bag-ep70\/","name":"Shopping Bag EP70 by Earth Positive | Printa Berlin | Textilien und T-Shirts Bedrucken","isPartOf":{"@id":"https:\/\/printaberlin.de\/en\/#website"},"primaryImageOfPage":{"@id":"https:\/\/printaberlin.de\/en\/product\/shopping-bag-ep70\/#primaryimage"},"image":{"@id":"https:\/\/printaberlin.de\/en\/product\/shopping-bag-ep70\/#primaryimage"},"thumbnailUrl":"https:\/\/printaberlin.de\/wp-content\/uploads\/2025\/09\/7474747.png","datePublished":"2025-04-02T16:22:54+00:00","dateModified":"2025-09-21T20:30:19+00:00","description":"Die Shopping Bag EP70 aus 100 % organischer Baumwolle ist robust und umweltfreundlich. Personalisieren Sie sie mit DTF-Druck, Siebdruck oder Stickerei.","breadcrumb":{"@id":"https:\/\/printaberlin.de\/en\/product\/shopping-bag-ep70\/#breadcrumb"},"inLanguage":"en-US","potentialAction":[{"@type":"ReadAction","target":["https:\/\/printaberlin.de\/en\/product\/shopping-bag-ep70\/"]}]},{"@type":"ImageObject","inLanguage":"en-US","@id":"https:\/\/printaberlin.de\/en\/product\/shopping-bag-ep70\/#primaryimage","url":"https:\/\/printaberlin.de\/wp-content\/uploads\/2025\/09\/7474747.png","contentUrl":"https:\/\/printaberlin.de\/wp-content\/uploads\/2025\/09\/7474747.png","width":600,"height":749},{"@type":"BreadcrumbList","@id":"https:\/\/printaberlin.de\/en\/product\/shopping-bag-ep70\/#breadcrumb","itemListElement":[{"@type":"ListItem","position":1,"name":"Home","item":"https:\/\/printaberlin.de\/en\/"},{"@type":"ListItem","position":2,"name":"Shop","item":"https:\/\/printaberlin.de\/en\/shop\/"},{"@type":"ListItem","position":3,"name":"Shopping Bag EP70"}]},{"@type":"WebSite","@id":"https:\/\/printaberlin.de\/en\/#website","url":"https:\/\/printaberlin.de\/en\/","name":"Printa Berlin | Textilien und T-Shirts Bedrucken","description":"Entdecken Sie Printa Berlin \u2013 Ihr Experte f\u00fcr personalisierten Druck! T-Shirts, Poloshirts, Hoodies, Sweatshirts, Taschen, Caps und mehr.","publisher":{"@id":"https:\/\/printaberlin.de\/en\/#organization"},"potentialAction":[{"@type":"SearchAction","target":{"@type":"EntryPoint","urlTemplate":"https:\/\/printaberlin.de\/en\/?s={search_term_string}"},"query-input":{"@type":"PropertyValueSpecification","valueRequired":true,"valueName":"search_term_string"}}],"inLanguage":"en-US"},{"@type":"Organization","@id":"https:\/\/printaberlin.de\/en\/#organization","name":"Printa Berlin","url":"https:\/\/printaberlin.de\/en\/","logo":{"@type":"ImageObject","inLanguage":"en-US","@id":"https:\/\/printaberlin.de\/en\/#\/schema\/logo\/image\/","url":"https:\/\/printaberlin.de\/wp-content\/uploads\/2025\/03\/csdsdcdsc.png","contentUrl":"https:\/\/printaberlin.de\/wp-content\/uploads\/2025\/03\/csdsdcdsc.png","width":512,"height":512,"caption":"Printa Berlin"},"image":{"@id":"https:\/\/printaberlin.de\/en\/#\/schema\/logo\/image\/"},"sameAs":["https:\/\/www.instagram.com\/printaberlin\/"]}]},"og_availability":"instock","product_availability":"instock","product_retailer_item_id":"PR15-2-1-1","product_condition":"new"},"_links":{"self":[{"href":"https:\/\/printaberlin.de\/en\/wp-json\/wp\/v2\/product\/25218","targetHints":{"allow":["GET"]}}],"collection":[{"href":"https:\/\/printaberlin.de\/en\/wp-json\/wp\/v2\/product"}],"about":[{"href":"https:\/\/printaberlin.de\/en\/wp-json\/wp\/v2\/types\/product"}],"replies":[{"embeddable":true,"href":"https:\/\/printaberlin.de\/en\/wp-json\/wp\/v2\/comments?post=25218"}],"wp:featuredmedia":[{"embeddable":true,"href":"https:\/\/printaberlin.de\/en\/wp-json\/wp\/v2\/media\/26521"}],"wp:attachment":[{"href":"https:\/\/printaberlin.de\/en\/wp-json\/wp\/v2\/media?parent=25218"}],"wp:term":[{"taxonomy":"product_brand","embeddable":true,"href":"https:\/\/printaberlin.de\/en\/wp-json\/wp\/v2\/product_brand?post=25218"},{"taxonomy":"product_cat","embeddable":true,"href":"https:\/\/printaberlin.de\/en\/wp-json\/wp\/v2\/product_cat?post=25218"},{"taxonomy":"product_tag","embeddable":true,"href":"https:\/\/printaberlin.de\/en\/wp-json\/wp\/v2\/product_tag?post=25218"},{"taxonomy":"producproduct-categroyt-categroy","embeddable":true,"href":"https:\/\/printaberlin.de\/en\/wp-json\/wp\/v2\/producproduct-categroyt-categroy?post=25218"}],"curies":[{"name":"wp","href":"https:\/\/api.w.org\/{rel}","templated":true}]}}