{"id":25205,"date":"2025-04-02T16:36:29","date_gmt":"2025-04-02T16:36:29","guid":{"rendered":"https:\/\/printaberlin.de\/product\/fashion-tote-bag\/"},"modified":"2025-09-21T20:30:18","modified_gmt":"2025-09-21T20:30:18","slug":"fashion-tote-bag","status":"publish","type":"product","link":"https:\/\/printaberlin.de\/en\/product\/fashion-tote-bag\/","title":{"rendered":"Fashion Tote Bag"},"content":{"rendered":"<div class=\"mb-3\">\n<h3 data-start=\"0\" data-end=\"56\"><strong data-start=\"0\" data-end=\"56\">Fashion Tote Bag: Stilvoll, Nachhaltig und Anpassbar<\/strong><\/h3>\n<p class=\"\" data-start=\"58\" data-end=\"609\">Die <strong data-start=\"62\" data-end=\"82\">Fashion Tote Bag<\/strong> EP75 bietet die perfekte Kombination aus Stil und Nachhaltigkeit. Hergestellt aus 100 % organischer Baumwolle und mit einer Grammatur von 170 g, bietet diese Tasche sowohl Robustheit als auch ein angenehmes Tragegef\u00fchl. Mit ihrem schlichten, modernen Design ist sie die ideale Wahl f\u00fcr alle, die eine praktische und gleichzeitig umweltbewusste Tasche suchen. Die EP-Flagge an der Seitennaht hebt das Engagement f\u00fcr ethische und nachhaltige Produktion hervor und unterstreicht die umweltfreundlichen Eigenschaften des Produkts.<\/p>\n<p class=\"\" data-start=\"611\" data-end=\"907\">Diese Tasche ist eine ausgezeichnete Wahl f\u00fcr den t\u00e4glichen Gebrauch, sei es f\u00fcr Eink\u00e4ufe, als Accessoire oder als Werbemittel. Ihre glatte, stabile Oberfl\u00e4che eignet sich hervorragend f\u00fcr individuelle <strong data-start=\"813\" data-end=\"838\">Druckdienstleistungen<\/strong> und bietet eine hervorragende Grundlage f\u00fcr personalisierte Designs.<\/p>\n<h4 data-start=\"909\" data-end=\"947\"><strong data-start=\"909\" data-end=\"947\">Hauptmerkmale der Fashion Tote Bag<\/strong><\/h4>\n<ul data-start=\"949\" data-end=\"1397\">\n<li class=\"\" data-start=\"949\" data-end=\"1023\">\n<p class=\"\" data-start=\"951\" data-end=\"1023\"><strong data-start=\"951\" data-end=\"981\">100 % organische Baumwolle<\/strong>, kompakt gesponnen f\u00fcr hohe Haltbarkeit<\/p>\n<\/li>\n<li class=\"\" data-start=\"1024\" data-end=\"1090\">\n<p class=\"\" data-start=\"1026\" data-end=\"1090\"><strong data-start=\"1026\" data-end=\"1046\">Schlichte Webart<\/strong> f\u00fcr eine glatte und langlebige Oberfl\u00e4che<\/p>\n<\/li>\n<li class=\"\" data-start=\"1091\" data-end=\"1200\">\n<p class=\"\" data-start=\"1093\" data-end=\"1200\"><strong data-start=\"1093\" data-end=\"1124\">EP-Flagge an der Seitennaht<\/strong>, die das Engagement f\u00fcr Nachhaltigkeit und ethische Produktion hervorhebt<\/p>\n<\/li>\n<li class=\"\" data-start=\"1201\" data-end=\"1261\">\n<p class=\"\" data-start=\"1203\" data-end=\"1261\"><strong data-start=\"1203\" data-end=\"1214\">Gewicht<\/strong>: 170 g f\u00fcr eine leichte, aber stabile Tasche<\/p>\n<\/li>\n<li class=\"\" data-start=\"1262\" data-end=\"1290\">\n<p class=\"\" data-start=\"1264\" data-end=\"1290\"><strong data-start=\"1264\" data-end=\"1273\">Gr\u00f6\u00dfe<\/strong>: Einheitsgr\u00f6\u00dfe<\/p>\n<\/li>\n<li class=\"\" data-start=\"1291\" data-end=\"1397\">\n<p class=\"\" data-start=\"1293\" data-end=\"1397\"><strong data-start=\"1293\" data-end=\"1311\">Pflegehinweise<\/strong>: Mit \u00e4hnlichen Farben waschen, nicht auf dem Druck b\u00fcgeln, innen waschen und b\u00fcgeln<\/p>\n<\/li>\n<\/ul>\n<h4 data-start=\"1399\" data-end=\"1463\"><strong data-start=\"1399\" data-end=\"1463\">Individuelle Druckdienstleistungen f\u00fcr Ihre Tote Bag<\/strong><\/h4>\n<p class=\"\" data-start=\"1465\" data-end=\"1650\">Verleihen Sie Ihrer <strong data-start=\"1485\" data-end=\"1505\">Tote Bag<\/strong> eine pers\u00f6nliche Note mit unseren professionellen <strong data-start=\"1556\" data-end=\"1581\">Druckdienstleistungen<\/strong>. Wir bieten mehrere Drucktechniken an, um Ihr Design zu realisieren:<\/p>\n<ul data-start=\"1652\" data-end=\"1850\">\n<li class=\"\" data-start=\"1652\" data-end=\"1712\">\n<p class=\"\" data-start=\"1654\" data-end=\"1712\"><strong data-start=\"1654\" data-end=\"1667\">DTF-Druck<\/strong>: Perfekt f\u00fcr lebendige, langlebige Designs<\/p>\n<\/li>\n<li class=\"\" data-start=\"1713\" data-end=\"1781\">\n<p class=\"\" data-start=\"1715\" data-end=\"1781\"><strong data-start=\"1715\" data-end=\"1728\">Siebdruck<\/strong>: Ideal f\u00fcr kr\u00e4ftige Logos und gro\u00dffl\u00e4chige Designs<\/p>\n<\/li>\n<li class=\"\" data-start=\"1782\" data-end=\"1850\">\n<p class=\"\" data-start=\"1784\" data-end=\"1850\"><strong data-start=\"1784\" data-end=\"1797\">Stickerei<\/strong>: Verleiht Ihrem Design eine edle, hochwertige Note<\/p>\n<\/li>\n<\/ul>\n<h4 data-start=\"1852\" data-end=\"1890\"><strong data-start=\"1852\" data-end=\"1890\">Warum die Tote Bag w\u00e4hlen?<\/strong><\/h4>\n<p class=\"\" data-start=\"1892\" data-end=\"2190\">Die <strong data-start=\"1896\" data-end=\"1916\">Fashion Tote Bag<\/strong> EP75 ist die ideale Wahl f\u00fcr alle, die eine umweltfreundliche und anpassbare Tasche suchen. Mit ihrer hervorragenden Druckoberfl\u00e4che und den nachhaltigen Materialien k\u00f6nnen Sie Ihre Tasche ganz nach Ihren W\u00fcnschen gestalten und sie zu einem einzigartigen Accessoire machen.<\/p>\n<\/div>\n<p data-start=\"1683\" data-end=\"2032\"><img decoding=\"async\" class=\"alignnone size-medium wp-image-16483\" src=\"https:\/\/printaberlin.de\/staging\/2315\/wp-content\/uploads\/2025\/04\/66666-300x50.png\" alt=\"\" width=\"300\" height=\"50\" srcset=\"https:\/\/printaberlin.de\/wp-content\/uploads\/2025\/04\/66666-300x50.png 300w, https:\/\/printaberlin.de\/wp-content\/uploads\/2025\/04\/66666-284x47.png 284w, https:\/\/printaberlin.de\/wp-content\/uploads\/2025\/04\/66666.png 547w\" sizes=\"(max-width: 300px) 100vw, 300px\" \/><\/p>\n<div class=\"mb-3\">\n<div class=\"child-p:mb-2 last:child-p:mb-0\">\n<div class=\"child-p:mb-2 last:child-p:mb-0\"><\/div>\n<\/div>\n<\/div>\n","protected":false},"excerpt":{"rendered":"<p>Stabile Fashion Tote Bag aus 100 % Bio-Baumwolle. 36cm x 40cm.<br class=\"yoast-text-mark\" \/><strong>By Earth Positive<\/strong><\/p>\n","protected":false},"featured_media":26529,"comment_status":"open","ping_status":"closed","template":"","meta":{"nf_dc_page":""},"product_brand":[278],"product_cat":[433],"product_tag":[430],"producproduct-categroyt-categroy":[],"class_list":{"0":"post-25205","1":"product","2":"type-product","3":"status-publish","4":"has-post-thumbnail","6":"product_brand-earth-positive","7":"product_cat-taschen-bedrucken","8":"product_tag-unisex","10":"first","11":"instock","12":"shipping-taxable","13":"purchasable","14":"product-type-variable","15":"wvs-archive-product-wrapper"},"yoast_head":"<!-- This site is optimized with the Yoast SEO Premium plugin v24.6 (Yoast SEO v27.4) - https:\/\/yoast.com\/product\/yoast-seo-premium-wordpress\/ -->\n<title>Fashion Tote Bag by Earth Positive | Printa Berlin | Textilien und T-Shirts Bedrucken<\/title>\n<meta name=\"description\" content=\"Die Fashion Tote Bag EP75 aus 100 % Bio-Baumwolle ist robust und umweltfreundlich. Personalisieren Sie sie mit DTF-Druck, Siebdruck oder Stickerei.\" \/>\n<meta name=\"robots\" content=\"index, follow, max-snippet:-1, max-image-preview:large, max-video-preview:-1\" \/>\n<link rel=\"canonical\" href=\"https:\/\/printaberlin.de\/en\/product\/fashion-tote-bag\/\" \/>\n<meta property=\"og:locale\" content=\"en_US\" \/>\n<meta property=\"og:type\" content=\"article\" \/>\n<meta property=\"og:title\" content=\"Fashion Tote Bag\" \/>\n<meta property=\"og:description\" content=\"Die Fashion Tote Bag EP75 aus 100 % Bio-Baumwolle ist robust und umweltfreundlich. Personalisieren Sie sie mit DTF-Druck, Siebdruck oder Stickerei.\" \/>\n<meta property=\"og:url\" content=\"https:\/\/printaberlin.de\/en\/product\/fashion-tote-bag\/\" \/>\n<meta property=\"og:site_name\" content=\"Printa Berlin | Textilien und T-Shirts Bedrucken\" \/>\n<meta property=\"article:modified_time\" content=\"2025-09-21T20:30:18+00:00\" \/>\n<meta property=\"og:image\" content=\"https:\/\/printaberlin.de\/wp-content\/uploads\/2025\/09\/72474.png\" \/>\n\t<meta property=\"og:image:width\" content=\"600\" \/>\n\t<meta property=\"og:image:height\" content=\"749\" \/>\n\t<meta property=\"og:image:type\" content=\"image\/png\" \/>\n<meta name=\"twitter:card\" content=\"summary_large_image\" \/>\n<meta name=\"twitter:label1\" content=\"Availability\" \/>\n\t<meta name=\"twitter:data1\" content=\"In stock\" \/>\n<script type=\"application\/ld+json\" class=\"yoast-schema-graph\">{\"@context\":\"https:\\\/\\\/schema.org\",\"@graph\":[{\"@type\":\"WebPage\",\"@id\":\"https:\\\/\\\/printaberlin.de\\\/en\\\/product\\\/fashion-tote-bag\\\/\",\"url\":\"https:\\\/\\\/printaberlin.de\\\/en\\\/product\\\/fashion-tote-bag\\\/\",\"name\":\"Fashion Tote Bag by Earth Positive | Printa Berlin | Textilien und T-Shirts Bedrucken\",\"isPartOf\":{\"@id\":\"https:\\\/\\\/printaberlin.de\\\/en\\\/#website\"},\"primaryImageOfPage\":{\"@id\":\"https:\\\/\\\/printaberlin.de\\\/en\\\/product\\\/fashion-tote-bag\\\/#primaryimage\"},\"image\":{\"@id\":\"https:\\\/\\\/printaberlin.de\\\/en\\\/product\\\/fashion-tote-bag\\\/#primaryimage\"},\"thumbnailUrl\":\"https:\\\/\\\/printaberlin.de\\\/wp-content\\\/uploads\\\/2025\\\/09\\\/72474.png\",\"datePublished\":\"2025-04-02T16:36:29+00:00\",\"dateModified\":\"2025-09-21T20:30:18+00:00\",\"description\":\"Die Fashion Tote Bag EP75 aus 100 % Bio-Baumwolle ist robust und umweltfreundlich. Personalisieren Sie sie mit DTF-Druck, Siebdruck oder Stickerei.\",\"breadcrumb\":{\"@id\":\"https:\\\/\\\/printaberlin.de\\\/en\\\/product\\\/fashion-tote-bag\\\/#breadcrumb\"},\"inLanguage\":\"en-US\",\"potentialAction\":[{\"@type\":\"ReadAction\",\"target\":[\"https:\\\/\\\/printaberlin.de\\\/en\\\/product\\\/fashion-tote-bag\\\/\"]}]},{\"@type\":\"ImageObject\",\"inLanguage\":\"en-US\",\"@id\":\"https:\\\/\\\/printaberlin.de\\\/en\\\/product\\\/fashion-tote-bag\\\/#primaryimage\",\"url\":\"https:\\\/\\\/printaberlin.de\\\/wp-content\\\/uploads\\\/2025\\\/09\\\/72474.png\",\"contentUrl\":\"https:\\\/\\\/printaberlin.de\\\/wp-content\\\/uploads\\\/2025\\\/09\\\/72474.png\",\"width\":600,\"height\":749},{\"@type\":\"BreadcrumbList\",\"@id\":\"https:\\\/\\\/printaberlin.de\\\/en\\\/product\\\/fashion-tote-bag\\\/#breadcrumb\",\"itemListElement\":[{\"@type\":\"ListItem\",\"position\":1,\"name\":\"Home\",\"item\":\"https:\\\/\\\/printaberlin.de\\\/en\\\/\"},{\"@type\":\"ListItem\",\"position\":2,\"name\":\"Shop\",\"item\":\"https:\\\/\\\/printaberlin.de\\\/en\\\/shop\\\/\"},{\"@type\":\"ListItem\",\"position\":3,\"name\":\"Fashion Tote Bag\"}]},{\"@type\":\"WebSite\",\"@id\":\"https:\\\/\\\/printaberlin.de\\\/en\\\/#website\",\"url\":\"https:\\\/\\\/printaberlin.de\\\/en\\\/\",\"name\":\"Printa Berlin | Textilien und T-Shirts Bedrucken\",\"description\":\"Entdecken Sie Printa Berlin \u2013 Ihr Experte f\u00fcr personalisierten Druck! T-Shirts, Poloshirts, Hoodies, Sweatshirts, Taschen, Caps und mehr.\",\"publisher\":{\"@id\":\"https:\\\/\\\/printaberlin.de\\\/en\\\/#organization\"},\"potentialAction\":[{\"@type\":\"SearchAction\",\"target\":{\"@type\":\"EntryPoint\",\"urlTemplate\":\"https:\\\/\\\/printaberlin.de\\\/en\\\/?s={search_term_string}\"},\"query-input\":{\"@type\":\"PropertyValueSpecification\",\"valueRequired\":true,\"valueName\":\"search_term_string\"}}],\"inLanguage\":\"en-US\"},{\"@type\":\"Organization\",\"@id\":\"https:\\\/\\\/printaberlin.de\\\/en\\\/#organization\",\"name\":\"Printa Berlin\",\"url\":\"https:\\\/\\\/printaberlin.de\\\/en\\\/\",\"logo\":{\"@type\":\"ImageObject\",\"inLanguage\":\"en-US\",\"@id\":\"https:\\\/\\\/printaberlin.de\\\/en\\\/#\\\/schema\\\/logo\\\/image\\\/\",\"url\":\"https:\\\/\\\/printaberlin.de\\\/wp-content\\\/uploads\\\/2025\\\/03\\\/csdsdcdsc.png\",\"contentUrl\":\"https:\\\/\\\/printaberlin.de\\\/wp-content\\\/uploads\\\/2025\\\/03\\\/csdsdcdsc.png\",\"width\":512,\"height\":512,\"caption\":\"Printa Berlin\"},\"image\":{\"@id\":\"https:\\\/\\\/printaberlin.de\\\/en\\\/#\\\/schema\\\/logo\\\/image\\\/\"},\"sameAs\":[\"https:\\\/\\\/www.instagram.com\\\/printaberlin\\\/\"]}]}<\/script>\n<meta property=\"og:availability\" content=\"instock\" \/>\n<meta property=\"product:availability\" content=\"instock\" \/>\n<meta property=\"product:retailer_item_id\" content=\"PR15-2-1-1-1\" \/>\n<meta property=\"product:condition\" content=\"new\" \/>\n<!-- \/ Yoast SEO Premium plugin. -->","yoast_head_json":{"title":"Fashion Tote Bag by Earth Positive | Printa Berlin | Textilien und T-Shirts Bedrucken","description":"Die Fashion Tote Bag EP75 aus 100 % Bio-Baumwolle ist robust und umweltfreundlich. Personalisieren Sie sie mit DTF-Druck, Siebdruck oder Stickerei.","robots":{"index":"index","follow":"follow","max-snippet":"max-snippet:-1","max-image-preview":"max-image-preview:large","max-video-preview":"max-video-preview:-1"},"canonical":"https:\/\/printaberlin.de\/en\/product\/fashion-tote-bag\/","og_locale":"en_US","og_type":"article","og_title":"Fashion Tote Bag","og_description":"Die Fashion Tote Bag EP75 aus 100 % Bio-Baumwolle ist robust und umweltfreundlich. Personalisieren Sie sie mit DTF-Druck, Siebdruck oder Stickerei.","og_url":"https:\/\/printaberlin.de\/en\/product\/fashion-tote-bag\/","og_site_name":"Printa Berlin | Textilien und T-Shirts Bedrucken","article_modified_time":"2025-09-21T20:30:18+00:00","og_image":[{"width":600,"height":749,"url":"https:\/\/printaberlin.de\/wp-content\/uploads\/2025\/09\/72474.png","type":"image\/png"}],"twitter_card":"summary_large_image","twitter_misc":{"Availability":"In stock"},"schema":{"@context":"https:\/\/schema.org","@graph":[{"@type":"WebPage","@id":"https:\/\/printaberlin.de\/en\/product\/fashion-tote-bag\/","url":"https:\/\/printaberlin.de\/en\/product\/fashion-tote-bag\/","name":"Fashion Tote Bag by Earth Positive | Printa Berlin | Textilien und T-Shirts Bedrucken","isPartOf":{"@id":"https:\/\/printaberlin.de\/en\/#website"},"primaryImageOfPage":{"@id":"https:\/\/printaberlin.de\/en\/product\/fashion-tote-bag\/#primaryimage"},"image":{"@id":"https:\/\/printaberlin.de\/en\/product\/fashion-tote-bag\/#primaryimage"},"thumbnailUrl":"https:\/\/printaberlin.de\/wp-content\/uploads\/2025\/09\/72474.png","datePublished":"2025-04-02T16:36:29+00:00","dateModified":"2025-09-21T20:30:18+00:00","description":"Die Fashion Tote Bag EP75 aus 100 % Bio-Baumwolle ist robust und umweltfreundlich. Personalisieren Sie sie mit DTF-Druck, Siebdruck oder Stickerei.","breadcrumb":{"@id":"https:\/\/printaberlin.de\/en\/product\/fashion-tote-bag\/#breadcrumb"},"inLanguage":"en-US","potentialAction":[{"@type":"ReadAction","target":["https:\/\/printaberlin.de\/en\/product\/fashion-tote-bag\/"]}]},{"@type":"ImageObject","inLanguage":"en-US","@id":"https:\/\/printaberlin.de\/en\/product\/fashion-tote-bag\/#primaryimage","url":"https:\/\/printaberlin.de\/wp-content\/uploads\/2025\/09\/72474.png","contentUrl":"https:\/\/printaberlin.de\/wp-content\/uploads\/2025\/09\/72474.png","width":600,"height":749},{"@type":"BreadcrumbList","@id":"https:\/\/printaberlin.de\/en\/product\/fashion-tote-bag\/#breadcrumb","itemListElement":[{"@type":"ListItem","position":1,"name":"Home","item":"https:\/\/printaberlin.de\/en\/"},{"@type":"ListItem","position":2,"name":"Shop","item":"https:\/\/printaberlin.de\/en\/shop\/"},{"@type":"ListItem","position":3,"name":"Fashion Tote Bag"}]},{"@type":"WebSite","@id":"https:\/\/printaberlin.de\/en\/#website","url":"https:\/\/printaberlin.de\/en\/","name":"Printa Berlin | Textilien und T-Shirts Bedrucken","description":"Entdecken Sie Printa Berlin \u2013 Ihr Experte f\u00fcr personalisierten Druck! T-Shirts, Poloshirts, Hoodies, Sweatshirts, Taschen, Caps und mehr.","publisher":{"@id":"https:\/\/printaberlin.de\/en\/#organization"},"potentialAction":[{"@type":"SearchAction","target":{"@type":"EntryPoint","urlTemplate":"https:\/\/printaberlin.de\/en\/?s={search_term_string}"},"query-input":{"@type":"PropertyValueSpecification","valueRequired":true,"valueName":"search_term_string"}}],"inLanguage":"en-US"},{"@type":"Organization","@id":"https:\/\/printaberlin.de\/en\/#organization","name":"Printa Berlin","url":"https:\/\/printaberlin.de\/en\/","logo":{"@type":"ImageObject","inLanguage":"en-US","@id":"https:\/\/printaberlin.de\/en\/#\/schema\/logo\/image\/","url":"https:\/\/printaberlin.de\/wp-content\/uploads\/2025\/03\/csdsdcdsc.png","contentUrl":"https:\/\/printaberlin.de\/wp-content\/uploads\/2025\/03\/csdsdcdsc.png","width":512,"height":512,"caption":"Printa Berlin"},"image":{"@id":"https:\/\/printaberlin.de\/en\/#\/schema\/logo\/image\/"},"sameAs":["https:\/\/www.instagram.com\/printaberlin\/"]}]},"og_availability":"instock","product_availability":"instock","product_retailer_item_id":"PR15-2-1-1-1","product_condition":"new"},"_links":{"self":[{"href":"https:\/\/printaberlin.de\/en\/wp-json\/wp\/v2\/product\/25205","targetHints":{"allow":["GET"]}}],"collection":[{"href":"https:\/\/printaberlin.de\/en\/wp-json\/wp\/v2\/product"}],"about":[{"href":"https:\/\/printaberlin.de\/en\/wp-json\/wp\/v2\/types\/product"}],"replies":[{"embeddable":true,"href":"https:\/\/printaberlin.de\/en\/wp-json\/wp\/v2\/comments?post=25205"}],"wp:featuredmedia":[{"embeddable":true,"href":"https:\/\/printaberlin.de\/en\/wp-json\/wp\/v2\/media\/26529"}],"wp:attachment":[{"href":"https:\/\/printaberlin.de\/en\/wp-json\/wp\/v2\/media?parent=25205"}],"wp:term":[{"taxonomy":"product_brand","embeddable":true,"href":"https:\/\/printaberlin.de\/en\/wp-json\/wp\/v2\/product_brand?post=25205"},{"taxonomy":"product_cat","embeddable":true,"href":"https:\/\/printaberlin.de\/en\/wp-json\/wp\/v2\/product_cat?post=25205"},{"taxonomy":"product_tag","embeddable":true,"href":"https:\/\/printaberlin.de\/en\/wp-json\/wp\/v2\/product_tag?post=25205"},{"taxonomy":"producproduct-categroyt-categroy","embeddable":true,"href":"https:\/\/printaberlin.de\/en\/wp-json\/wp\/v2\/producproduct-categroyt-categroy?post=25205"}],"curies":[{"name":"wp","href":"https:\/\/api.w.org\/{rel}","templated":true}]}}