{"id":25187,"date":"2025-04-03T10:10:47","date_gmt":"2025-04-03T10:10:47","guid":{"rendered":"https:\/\/printaberlin.de\/product\/oversized-hoodie-unisex\/"},"modified":"2025-09-21T20:30:18","modified_gmt":"2025-09-21T20:30:18","slug":"oversized-hoodie-unisex","status":"publish","type":"product","link":"https:\/\/printaberlin.de\/en\/product\/oversized-hoodie-unisex\/","title":{"rendered":"Oversized Hoodie Unisex"},"content":{"rendered":"<h3 data-start=\"583\" data-end=\"976\"><strong>Oversized Hoodie BY268 Unisex \u2013 schwer, stylisch &amp; individuell bedruckbar<\/strong><\/h3>\n<p class=\"\" data-start=\"583\" data-end=\"976\">Der Ultra Heavy <strong data-start=\"587\" data-end=\"613\">Oversized Hoodie unisex<\/strong> von <strong data-start=\"618\" data-end=\"638\">Build Your Brand<\/strong> ist die perfekte Wahl f\u00fcr alle, die <strong data-start=\"675\" data-end=\"692\">urbanen Style<\/strong>, <strong data-start=\"694\" data-end=\"715\">maximalen Komfort<\/strong> und eine <strong data-start=\"725\" data-end=\"757\">starke Basis f\u00fcr Textildruck<\/strong> suchen. Gefertigt aus ultra schwerem <strong data-start=\"795\" data-end=\"813\">Brushed Fleece<\/strong>, bietet dieser Hoodie ein besonders weiches Tragegef\u00fchl und gleichzeitig eine robuste Struktur \u2013 ideal f\u00fcr den t\u00e4glichen Einsatz oder individuelles Merchandising.<\/p>\n<p class=\"\" data-start=\"978\" data-end=\"1324\">Mit <strong data-start=\"982\" data-end=\"1011\">\u00fcberschnittenen Schultern<\/strong>, breiten <strong data-start=\"1021\" data-end=\"1039\">Rippenb\u00fcndchen<\/strong> an \u00c4rmeln und Saum sowie einer <strong data-start=\"1071\" data-end=\"1088\">gro\u00dfen Kapuze<\/strong> \u00fcberzeugt der Hoodie durch seinen <strong data-start=\"1123\" data-end=\"1151\">maskulinen Oversize-Look<\/strong>, der sowohl bei <strong data-start=\"1168\" data-end=\"1193\">Oversize Hoodie Damen<\/strong> als auch <strong data-start=\"1203\" data-end=\"1229\">Oversize Hoodie Herren<\/strong> voll im Trend liegt. Die integrierten <strong data-start=\"1268\" data-end=\"1286\">K\u00e4ngurutaschen<\/strong> sind praktisch und stilvoll zugleich.<\/p>\n<p class=\"\" data-start=\"1326\" data-end=\"1352\"><strong data-start=\"1326\" data-end=\"1352\">Technische Highlights:<\/strong><\/p>\n<ul data-start=\"1353\" data-end=\"1530\">\n<li class=\"\" data-start=\"1353\" data-end=\"1395\">\n<p class=\"\" data-start=\"1355\" data-end=\"1395\">Urban Fit mit geradem Oversize-Schnitt<\/p>\n<\/li>\n<li class=\"\" data-start=\"1396\" data-end=\"1443\">\n<p class=\"\" data-start=\"1398\" data-end=\"1443\">Weiches, schweres Material (Brushed Fleece)<\/p>\n<\/li>\n<li class=\"\" data-start=\"1444\" data-end=\"1492\">\n<p class=\"\" data-start=\"1446\" data-end=\"1492\">Ideal f\u00fcr Flex-, <strong data-start=\"1463\" data-end=\"1471\">DTF-<\/strong> oder <strong data-start=\"1477\" data-end=\"1490\">Siebdruck<\/strong><\/p>\n<\/li>\n<li class=\"\" data-start=\"1493\" data-end=\"1530\">\n<p class=\"\" data-start=\"1495\" data-end=\"1530\">Verf\u00fcgbar in verschiedenen Farben<\/p>\n<\/li>\n<\/ul>\n<p class=\"\" data-start=\"1532\" data-end=\"1725\">Ob als <strong data-start=\"1539\" data-end=\"1575\">Kapuzenpullover Oversize Schnitt<\/strong> f\u00fcr Modekollektionen oder <strong data-start=\"1602\" data-end=\"1631\">Oversize Hoodie bedrucken<\/strong> f\u00fcr dein Label, dieser Hoody erf\u00fcllt alle Anforderungen an Qualit\u00e4t, Komfort und Streetstyle.<\/p>\n<p>Bei <strong data-start=\"1764\" data-end=\"1781\">Printa Berlin<\/strong> veredeln wir deinen Oversize Hoodie unisex mit <strong data-start=\"1829\" data-end=\"1868\">Stickerei, Siebdruck oder DTF-Druck<\/strong> \u2013 lokal, schnell &amp; nachhaltig. Perfekt f\u00fcr Marken, Bands oder Events.<\/p>\n","protected":false},"excerpt":{"rendered":"<p>Oversized Hoodie unisex \u2013 schwer, stylisch &amp; bedruckbar.<br \/>\n<strong>By Build Your Brand<\/strong><\/p>\n","protected":false},"featured_media":26543,"comment_status":"open","ping_status":"closed","template":"","meta":{"nf_dc_page":""},"product_brand":[379],"product_cat":[434,431],"product_tag":[430],"producproduct-categroyt-categroy":[],"class_list":{"0":"post-25187","1":"product","2":"type-product","3":"status-publish","4":"has-post-thumbnail","6":"product_brand-build-your-brand","7":"product_cat-pullover-bedrucken","8":"product_cat-oversized-hoodie-bedrucken","9":"product_tag-unisex","11":"first","12":"instock","13":"shipping-taxable","14":"purchasable","15":"product-type-variable","16":"has-default-attributes","17":"wvs-archive-product-wrapper"},"yoast_head":"<!-- This site is optimized with the Yoast SEO Premium plugin v24.6 (Yoast SEO v27.4) - https:\/\/yoast.com\/product\/yoast-seo-premium-wordpress\/ -->\n<title>Oversized Hoodie Unisex<\/title>\n<meta name=\"description\" content=\"Oversize Hoodie unisex \u2013 schwer, stylisch &amp; perfekt f\u00fcr Druck. Ideal f\u00fcr Damen, Herren, Streetwear-Labels &amp; kreative Marken.\" \/>\n<meta name=\"robots\" content=\"index, follow, max-snippet:-1, max-image-preview:large, max-video-preview:-1\" \/>\n<link rel=\"canonical\" href=\"https:\/\/printaberlin.de\/en\/product\/oversized-hoodie-unisex\/\" \/>\n<meta property=\"og:locale\" content=\"en_US\" \/>\n<meta property=\"og:type\" content=\"article\" \/>\n<meta property=\"og:title\" content=\"Oversized Hoodie Unisex\" \/>\n<meta property=\"og:description\" content=\"Oversize Hoodie unisex \u2013 schwer, stylisch &amp; perfekt f\u00fcr Druck. Ideal f\u00fcr Damen, Herren, Streetwear-Labels &amp; kreative Marken.\" \/>\n<meta property=\"og:url\" content=\"https:\/\/printaberlin.de\/en\/product\/oversized-hoodie-unisex\/\" \/>\n<meta property=\"og:site_name\" content=\"Printa Berlin | Textilien und T-Shirts Bedrucken\" \/>\n<meta property=\"article:modified_time\" content=\"2025-09-21T20:30:18+00:00\" \/>\n<meta property=\"og:image\" content=\"https:\/\/printaberlin.de\/wp-content\/uploads\/2025\/09\/5645645.png\" \/>\n\t<meta property=\"og:image:width\" content=\"600\" \/>\n\t<meta property=\"og:image:height\" content=\"749\" \/>\n\t<meta property=\"og:image:type\" content=\"image\/png\" \/>\n<meta name=\"twitter:card\" content=\"summary_large_image\" \/>\n<meta name=\"twitter:label1\" content=\"Availability\" \/>\n\t<meta name=\"twitter:data1\" content=\"In stock\" \/>\n<script type=\"application\/ld+json\" class=\"yoast-schema-graph\">{\"@context\":\"https:\\\/\\\/schema.org\",\"@graph\":[{\"@type\":\"WebPage\",\"@id\":\"https:\\\/\\\/printaberlin.de\\\/en\\\/product\\\/oversized-hoodie-unisex\\\/\",\"url\":\"https:\\\/\\\/printaberlin.de\\\/en\\\/product\\\/oversized-hoodie-unisex\\\/\",\"name\":\"Oversized Hoodie Unisex\",\"isPartOf\":{\"@id\":\"https:\\\/\\\/printaberlin.de\\\/en\\\/#website\"},\"primaryImageOfPage\":{\"@id\":\"https:\\\/\\\/printaberlin.de\\\/en\\\/product\\\/oversized-hoodie-unisex\\\/#primaryimage\"},\"image\":{\"@id\":\"https:\\\/\\\/printaberlin.de\\\/en\\\/product\\\/oversized-hoodie-unisex\\\/#primaryimage\"},\"thumbnailUrl\":\"https:\\\/\\\/printaberlin.de\\\/wp-content\\\/uploads\\\/2025\\\/09\\\/5645645.png\",\"datePublished\":\"2025-04-03T10:10:47+00:00\",\"dateModified\":\"2025-09-21T20:30:18+00:00\",\"description\":\"Oversize Hoodie unisex \u2013 schwer, stylisch & perfekt f\u00fcr Druck. Ideal f\u00fcr Damen, Herren, Streetwear-Labels & kreative Marken.\",\"breadcrumb\":{\"@id\":\"https:\\\/\\\/printaberlin.de\\\/en\\\/product\\\/oversized-hoodie-unisex\\\/#breadcrumb\"},\"inLanguage\":\"en-US\",\"potentialAction\":[{\"@type\":\"ReadAction\",\"target\":[\"https:\\\/\\\/printaberlin.de\\\/en\\\/product\\\/oversized-hoodie-unisex\\\/\"]}]},{\"@type\":\"ImageObject\",\"inLanguage\":\"en-US\",\"@id\":\"https:\\\/\\\/printaberlin.de\\\/en\\\/product\\\/oversized-hoodie-unisex\\\/#primaryimage\",\"url\":\"https:\\\/\\\/printaberlin.de\\\/wp-content\\\/uploads\\\/2025\\\/09\\\/5645645.png\",\"contentUrl\":\"https:\\\/\\\/printaberlin.de\\\/wp-content\\\/uploads\\\/2025\\\/09\\\/5645645.png\",\"width\":600,\"height\":749},{\"@type\":\"BreadcrumbList\",\"@id\":\"https:\\\/\\\/printaberlin.de\\\/en\\\/product\\\/oversized-hoodie-unisex\\\/#breadcrumb\",\"itemListElement\":[{\"@type\":\"ListItem\",\"position\":1,\"name\":\"Home\",\"item\":\"https:\\\/\\\/printaberlin.de\\\/en\\\/\"},{\"@type\":\"ListItem\",\"position\":2,\"name\":\"Shop\",\"item\":\"https:\\\/\\\/printaberlin.de\\\/en\\\/shop\\\/\"},{\"@type\":\"ListItem\",\"position\":3,\"name\":\"Oversized Hoodie Unisex\"}]},{\"@type\":\"WebSite\",\"@id\":\"https:\\\/\\\/printaberlin.de\\\/en\\\/#website\",\"url\":\"https:\\\/\\\/printaberlin.de\\\/en\\\/\",\"name\":\"Printa Berlin | Textilien und T-Shirts Bedrucken\",\"description\":\"Entdecken Sie Printa Berlin \u2013 Ihr Experte f\u00fcr personalisierten Druck! T-Shirts, Poloshirts, Hoodies, Sweatshirts, Taschen, Caps und mehr.\",\"publisher\":{\"@id\":\"https:\\\/\\\/printaberlin.de\\\/en\\\/#organization\"},\"potentialAction\":[{\"@type\":\"SearchAction\",\"target\":{\"@type\":\"EntryPoint\",\"urlTemplate\":\"https:\\\/\\\/printaberlin.de\\\/en\\\/?s={search_term_string}\"},\"query-input\":{\"@type\":\"PropertyValueSpecification\",\"valueRequired\":true,\"valueName\":\"search_term_string\"}}],\"inLanguage\":\"en-US\"},{\"@type\":\"Organization\",\"@id\":\"https:\\\/\\\/printaberlin.de\\\/en\\\/#organization\",\"name\":\"Printa Berlin\",\"url\":\"https:\\\/\\\/printaberlin.de\\\/en\\\/\",\"logo\":{\"@type\":\"ImageObject\",\"inLanguage\":\"en-US\",\"@id\":\"https:\\\/\\\/printaberlin.de\\\/en\\\/#\\\/schema\\\/logo\\\/image\\\/\",\"url\":\"https:\\\/\\\/printaberlin.de\\\/wp-content\\\/uploads\\\/2025\\\/03\\\/csdsdcdsc.png\",\"contentUrl\":\"https:\\\/\\\/printaberlin.de\\\/wp-content\\\/uploads\\\/2025\\\/03\\\/csdsdcdsc.png\",\"width\":512,\"height\":512,\"caption\":\"Printa Berlin\"},\"image\":{\"@id\":\"https:\\\/\\\/printaberlin.de\\\/en\\\/#\\\/schema\\\/logo\\\/image\\\/\"},\"sameAs\":[\"https:\\\/\\\/www.instagram.com\\\/printaberlin\\\/\"]}]}<\/script>\n<meta property=\"og:availability\" content=\"instock\" \/>\n<meta property=\"product:availability\" content=\"instock\" \/>\n<meta property=\"product:retailer_item_id\" content=\"PR15-2-1-1-1-1-1\" \/>\n<meta property=\"product:condition\" content=\"new\" \/>\n<!-- \/ Yoast SEO Premium plugin. -->","yoast_head_json":{"title":"Oversized Hoodie Unisex","description":"Oversize Hoodie unisex \u2013 schwer, stylisch & perfekt f\u00fcr Druck. Ideal f\u00fcr Damen, Herren, Streetwear-Labels & kreative Marken.","robots":{"index":"index","follow":"follow","max-snippet":"max-snippet:-1","max-image-preview":"max-image-preview:large","max-video-preview":"max-video-preview:-1"},"canonical":"https:\/\/printaberlin.de\/en\/product\/oversized-hoodie-unisex\/","og_locale":"en_US","og_type":"article","og_title":"Oversized Hoodie Unisex","og_description":"Oversize Hoodie unisex \u2013 schwer, stylisch & perfekt f\u00fcr Druck. Ideal f\u00fcr Damen, Herren, Streetwear-Labels & kreative Marken.","og_url":"https:\/\/printaberlin.de\/en\/product\/oversized-hoodie-unisex\/","og_site_name":"Printa Berlin | Textilien und T-Shirts Bedrucken","article_modified_time":"2025-09-21T20:30:18+00:00","og_image":[{"width":600,"height":749,"url":"https:\/\/printaberlin.de\/wp-content\/uploads\/2025\/09\/5645645.png","type":"image\/png"}],"twitter_card":"summary_large_image","twitter_misc":{"Availability":"In stock"},"schema":{"@context":"https:\/\/schema.org","@graph":[{"@type":"WebPage","@id":"https:\/\/printaberlin.de\/en\/product\/oversized-hoodie-unisex\/","url":"https:\/\/printaberlin.de\/en\/product\/oversized-hoodie-unisex\/","name":"Oversized Hoodie Unisex","isPartOf":{"@id":"https:\/\/printaberlin.de\/en\/#website"},"primaryImageOfPage":{"@id":"https:\/\/printaberlin.de\/en\/product\/oversized-hoodie-unisex\/#primaryimage"},"image":{"@id":"https:\/\/printaberlin.de\/en\/product\/oversized-hoodie-unisex\/#primaryimage"},"thumbnailUrl":"https:\/\/printaberlin.de\/wp-content\/uploads\/2025\/09\/5645645.png","datePublished":"2025-04-03T10:10:47+00:00","dateModified":"2025-09-21T20:30:18+00:00","description":"Oversize Hoodie unisex \u2013 schwer, stylisch & perfekt f\u00fcr Druck. Ideal f\u00fcr Damen, Herren, Streetwear-Labels & kreative Marken.","breadcrumb":{"@id":"https:\/\/printaberlin.de\/en\/product\/oversized-hoodie-unisex\/#breadcrumb"},"inLanguage":"en-US","potentialAction":[{"@type":"ReadAction","target":["https:\/\/printaberlin.de\/en\/product\/oversized-hoodie-unisex\/"]}]},{"@type":"ImageObject","inLanguage":"en-US","@id":"https:\/\/printaberlin.de\/en\/product\/oversized-hoodie-unisex\/#primaryimage","url":"https:\/\/printaberlin.de\/wp-content\/uploads\/2025\/09\/5645645.png","contentUrl":"https:\/\/printaberlin.de\/wp-content\/uploads\/2025\/09\/5645645.png","width":600,"height":749},{"@type":"BreadcrumbList","@id":"https:\/\/printaberlin.de\/en\/product\/oversized-hoodie-unisex\/#breadcrumb","itemListElement":[{"@type":"ListItem","position":1,"name":"Home","item":"https:\/\/printaberlin.de\/en\/"},{"@type":"ListItem","position":2,"name":"Shop","item":"https:\/\/printaberlin.de\/en\/shop\/"},{"@type":"ListItem","position":3,"name":"Oversized Hoodie Unisex"}]},{"@type":"WebSite","@id":"https:\/\/printaberlin.de\/en\/#website","url":"https:\/\/printaberlin.de\/en\/","name":"Printa Berlin | Textilien und T-Shirts Bedrucken","description":"Entdecken Sie Printa Berlin \u2013 Ihr Experte f\u00fcr personalisierten Druck! T-Shirts, Poloshirts, Hoodies, Sweatshirts, Taschen, Caps und mehr.","publisher":{"@id":"https:\/\/printaberlin.de\/en\/#organization"},"potentialAction":[{"@type":"SearchAction","target":{"@type":"EntryPoint","urlTemplate":"https:\/\/printaberlin.de\/en\/?s={search_term_string}"},"query-input":{"@type":"PropertyValueSpecification","valueRequired":true,"valueName":"search_term_string"}}],"inLanguage":"en-US"},{"@type":"Organization","@id":"https:\/\/printaberlin.de\/en\/#organization","name":"Printa Berlin","url":"https:\/\/printaberlin.de\/en\/","logo":{"@type":"ImageObject","inLanguage":"en-US","@id":"https:\/\/printaberlin.de\/en\/#\/schema\/logo\/image\/","url":"https:\/\/printaberlin.de\/wp-content\/uploads\/2025\/03\/csdsdcdsc.png","contentUrl":"https:\/\/printaberlin.de\/wp-content\/uploads\/2025\/03\/csdsdcdsc.png","width":512,"height":512,"caption":"Printa Berlin"},"image":{"@id":"https:\/\/printaberlin.de\/en\/#\/schema\/logo\/image\/"},"sameAs":["https:\/\/www.instagram.com\/printaberlin\/"]}]},"og_availability":"instock","product_availability":"instock","product_retailer_item_id":"PR15-2-1-1-1-1-1","product_condition":"new"},"_links":{"self":[{"href":"https:\/\/printaberlin.de\/en\/wp-json\/wp\/v2\/product\/25187","targetHints":{"allow":["GET"]}}],"collection":[{"href":"https:\/\/printaberlin.de\/en\/wp-json\/wp\/v2\/product"}],"about":[{"href":"https:\/\/printaberlin.de\/en\/wp-json\/wp\/v2\/types\/product"}],"replies":[{"embeddable":true,"href":"https:\/\/printaberlin.de\/en\/wp-json\/wp\/v2\/comments?post=25187"}],"wp:featuredmedia":[{"embeddable":true,"href":"https:\/\/printaberlin.de\/en\/wp-json\/wp\/v2\/media\/26543"}],"wp:attachment":[{"href":"https:\/\/printaberlin.de\/en\/wp-json\/wp\/v2\/media?parent=25187"}],"wp:term":[{"taxonomy":"product_brand","embeddable":true,"href":"https:\/\/printaberlin.de\/en\/wp-json\/wp\/v2\/product_brand?post=25187"},{"taxonomy":"product_cat","embeddable":true,"href":"https:\/\/printaberlin.de\/en\/wp-json\/wp\/v2\/product_cat?post=25187"},{"taxonomy":"product_tag","embeddable":true,"href":"https:\/\/printaberlin.de\/en\/wp-json\/wp\/v2\/product_tag?post=25187"},{"taxonomy":"producproduct-categroyt-categroy","embeddable":true,"href":"https:\/\/printaberlin.de\/en\/wp-json\/wp\/v2\/producproduct-categroyt-categroy?post=25187"}],"curies":[{"name":"wp","href":"https:\/\/api.w.org\/{rel}","templated":true}]}}