{"id":25176,"date":"2025-04-03T10:20:53","date_gmt":"2025-04-03T10:20:53","guid":{"rendered":"https:\/\/printaberlin.de\/product\/classics-5-panel\/"},"modified":"2025-09-21T20:30:17","modified_gmt":"2025-09-21T20:30:17","slug":"classics-5-panel","status":"publish","type":"product","link":"https:\/\/printaberlin.de\/en\/product\/classics-5-panel\/","title":{"rendered":"Classics 5 Panel"},"content":{"rendered":"<div class=\"mb-3\">\n<h3 data-start=\"0\" data-end=\"52\"><strong data-start=\"0\" data-end=\"52\">Classics 5 Panel: Stilvoll, Bequem und Anpassbar<\/strong><\/h3>\n<p class=\"\" data-start=\"54\" data-end=\"598\">Die <strong data-start=\"58\" data-end=\"78\">Classics 5 Panel<\/strong> Cap bietet den perfekten Mix aus stilvollem Design und Funktionalit\u00e4t. Mit ihrem angesagten 5-Panel-Style und dem vorgebogenen Visor sorgt diese Cap f\u00fcr einen modernen, aber klassischen Look. Die unifarbene Kappe verf\u00fcgt \u00fcber die typischen acht Ziern\u00e4hte und kann dank des farblich passenden Snapback-Verschlusses optimal angepasst werden. Diese Cap ist in Einheitsgr\u00f6\u00dfe erh\u00e4ltlich und aus einer robusten Materialmischung aus 80 % Polyacryl und 20 % Wolle gefertigt, was den bew\u00e4hrten, edlen Look der Cap unterstreicht.<\/p>\n<p class=\"\" data-start=\"600\" data-end=\"970\">Mit einem Gewicht von 274 gsm ist die<strong data-start=\"638\" data-end=\"658\">\u00a05 Panel<\/strong> Cap besonders langlebig und bequem. Die Kombination aus Acryl und Wolle bietet eine hochwertige, strapazierf\u00e4hige Oberfl\u00e4che, die sich hervorragend f\u00fcr <strong data-start=\"811\" data-end=\"820\">Druck<\/strong> und <strong data-start=\"825\" data-end=\"838\">Stickerei<\/strong> eignet. Diese Cap ist ideal f\u00fcr individuelle Designs, Team- oder Eventbekleidung sowie als Werbegeschenk oder modisches Accessoire.<\/p>\n<h4 data-start=\"972\" data-end=\"1014\"><strong data-start=\"972\" data-end=\"1014\">Hauptmerkmale der Classics 5 Panel\u00a0<\/strong><\/h4>\n<ul data-start=\"1016\" data-end=\"1400\">\n<li class=\"\" data-start=\"1016\" data-end=\"1103\">\n<p class=\"\" data-start=\"1018\" data-end=\"1103\"><strong data-start=\"1018\" data-end=\"1030\">Material<\/strong>: 80 % Polyacryl, 20 % Wolle, 274 gsm f\u00fcr eine langlebige, stabile Form<\/p>\n<\/li>\n<li class=\"\" data-start=\"1104\" data-end=\"1181\">\n<p class=\"\" data-start=\"1106\" data-end=\"1181\"><strong data-start=\"1106\" data-end=\"1148\">Farblich passender Snapback-Verschluss<\/strong> f\u00fcr eine individuelle Passform<\/p>\n<\/li>\n<li class=\"\" data-start=\"1182\" data-end=\"1232\">\n<p class=\"\" data-start=\"1184\" data-end=\"1232\"><strong data-start=\"1184\" data-end=\"1206\">Vorgebogener Visor<\/strong> f\u00fcr einen modernen Look<\/p>\n<\/li>\n<li class=\"\" data-start=\"1233\" data-end=\"1291\">\n<p class=\"\" data-start=\"1235\" data-end=\"1291\"><strong data-start=\"1235\" data-end=\"1264\">Klassische acht Ziern\u00e4hte<\/strong> f\u00fcr einen markanten Stil<\/p>\n<\/li>\n<li class=\"\" data-start=\"1292\" data-end=\"1338\">\n<p class=\"\" data-start=\"1294\" data-end=\"1338\"><strong data-start=\"1294\" data-end=\"1311\">Einheitsgr\u00f6\u00dfe<\/strong> f\u00fcr universelle Passform<\/p>\n<\/li>\n<li class=\"\" data-start=\"1339\" data-end=\"1400\">\n<p class=\"\" data-start=\"1341\" data-end=\"1400\"><strong data-start=\"1341\" data-end=\"1371\">Ideal f\u00fcr Personalisierung<\/strong> durch Druck oder Stickerei<\/p>\n<\/li>\n<\/ul>\n<h4 data-start=\"1402\" data-end=\"1470\"><strong data-start=\"1402\" data-end=\"1470\">Individuelle Druckdienstleistungen f\u00fcr Ihre Classics Cap<\/strong><\/h4>\n<p class=\"\" data-start=\"1472\" data-end=\"1660\">Verleihen Sie Ihrer <strong data-start=\"1492\" data-end=\"1512\">Classics <\/strong>Cap eine pers\u00f6nliche Note mit unseren professionellen <strong data-start=\"1567\" data-end=\"1592\">Druckdienstleistungen<\/strong>. Wir bieten mehrere Techniken an, um Ihr Design perfekt umzusetzen:<\/p>\n<ul data-start=\"1662\" data-end=\"1846\">\n<li class=\"\" data-start=\"1662\" data-end=\"1720\">\n<p class=\"\" data-start=\"1664\" data-end=\"1720\"><strong data-start=\"1664\" data-end=\"1677\">DTF-Druck<\/strong>: Ideal f\u00fcr lebendige, langlebige Designs<\/p>\n<\/li>\n<li class=\"\" data-start=\"1721\" data-end=\"1780\">\n<p class=\"\" data-start=\"1723\" data-end=\"1780\"><strong data-start=\"1723\" data-end=\"1736\">Siebdruck<\/strong>: Perfekt f\u00fcr kr\u00e4ftige, gro\u00dffl\u00e4chige Logos<\/p>\n<\/li>\n<li class=\"\" data-start=\"1781\" data-end=\"1846\">\n<p class=\"\" data-start=\"1783\" data-end=\"1846\"><strong data-start=\"1783\" data-end=\"1796\">Stickerei<\/strong>: Verleiht Ihrer Cap eine edle, hochwertige Note<\/p>\n<\/li>\n<\/ul>\n<h4 data-start=\"1848\" data-end=\"1890\"><strong data-start=\"1848\" data-end=\"1890\">Warum die Classics 5 Panel Cap w\u00e4hlen?<\/strong><\/h4>\n<p class=\"\" data-start=\"1892\" data-end=\"2277\">Die <strong data-start=\"1896\" data-end=\"1916\">Classics <\/strong>Cap ist die perfekte Wahl f\u00fcr alle, die eine stilvolle, bequeme und anpassbare Kopfbedeckung suchen. Mit ihrer robusten Materialmischung und der ausgezeichneten Druckoberfl\u00e4che eignet sie sich hervorragend f\u00fcr individuelle Designs. Nutzen Sie unsere <strong data-start=\"2167\" data-end=\"2192\">Druckdienstleistungen<\/strong>, um Ihre Cap zu personalisieren und sie zu einem einzigartigen Accessoire zu machen.<\/p>\n<\/div>\n","protected":false},"excerpt":{"rendered":"<p>Stilvolle Classics 5 Panel Cap aus Acryl und Wolle, ideal f\u00fcr Druck und Stickerei.<br \/>\n<strong>By Build Your Brand<\/strong><\/p>\n","protected":false},"featured_media":26545,"comment_status":"open","ping_status":"closed","template":"","meta":{"nf_dc_page":""},"product_brand":[379],"product_cat":[429],"product_tag":[430],"producproduct-categroyt-categroy":[],"class_list":{"0":"post-25176","1":"product","2":"type-product","3":"status-publish","4":"has-post-thumbnail","6":"product_brand-build-your-brand","7":"product_cat-cap-besticken","8":"product_tag-unisex","10":"first","11":"instock","12":"shipping-taxable","13":"purchasable","14":"product-type-variable","15":"has-default-attributes","16":"wvs-archive-product-wrapper"},"yoast_head":"<!-- This site is optimized with the Yoast SEO Premium plugin v24.6 (Yoast SEO v27.4) - https:\/\/yoast.com\/product\/yoast-seo-premium-wordpress\/ -->\n<title>Classics 5 Panel | Klassische Cap f\u00fcr Ihre individuellen Designs<\/title>\n<meta name=\"description\" content=\"Die Classics 5 Panel Cap aus Polyacryl und Wolle ist bequem und anpassbar. Personalisieren Sie sie mit DTF-Druck, Siebdruck oder Stickerei.\" \/>\n<meta name=\"robots\" content=\"index, follow, max-snippet:-1, max-image-preview:large, max-video-preview:-1\" \/>\n<link rel=\"canonical\" href=\"https:\/\/printaberlin.de\/en\/product\/classics-5-panel\/\" \/>\n<meta property=\"og:locale\" content=\"en_US\" \/>\n<meta property=\"og:type\" content=\"article\" \/>\n<meta property=\"og:title\" content=\"Classics 5 Panel\" \/>\n<meta property=\"og:description\" content=\"Die Classics 5 Panel Cap aus Polyacryl und Wolle ist bequem und anpassbar. Personalisieren Sie sie mit DTF-Druck, Siebdruck oder Stickerei.\" \/>\n<meta property=\"og:url\" content=\"https:\/\/printaberlin.de\/en\/product\/classics-5-panel\/\" \/>\n<meta property=\"og:site_name\" content=\"Printa Berlin | Textilien und T-Shirts Bedrucken\" \/>\n<meta property=\"article:modified_time\" content=\"2025-09-21T20:30:17+00:00\" \/>\n<meta property=\"og:image\" content=\"https:\/\/printaberlin.de\/wp-content\/uploads\/2025\/09\/3566533653.png\" \/>\n\t<meta property=\"og:image:width\" content=\"600\" \/>\n\t<meta property=\"og:image:height\" content=\"749\" \/>\n\t<meta property=\"og:image:type\" content=\"image\/png\" \/>\n<meta name=\"twitter:card\" content=\"summary_large_image\" \/>\n<meta name=\"twitter:label1\" content=\"Availability\" \/>\n\t<meta name=\"twitter:data1\" content=\"In stock\" \/>\n<script type=\"application\/ld+json\" class=\"yoast-schema-graph\">{\"@context\":\"https:\\\/\\\/schema.org\",\"@graph\":[{\"@type\":\"WebPage\",\"@id\":\"https:\\\/\\\/printaberlin.de\\\/en\\\/product\\\/classics-5-panel\\\/\",\"url\":\"https:\\\/\\\/printaberlin.de\\\/en\\\/product\\\/classics-5-panel\\\/\",\"name\":\"Classics 5 Panel | Klassische Cap f\u00fcr Ihre individuellen Designs\",\"isPartOf\":{\"@id\":\"https:\\\/\\\/printaberlin.de\\\/en\\\/#website\"},\"primaryImageOfPage\":{\"@id\":\"https:\\\/\\\/printaberlin.de\\\/en\\\/product\\\/classics-5-panel\\\/#primaryimage\"},\"image\":{\"@id\":\"https:\\\/\\\/printaberlin.de\\\/en\\\/product\\\/classics-5-panel\\\/#primaryimage\"},\"thumbnailUrl\":\"https:\\\/\\\/printaberlin.de\\\/wp-content\\\/uploads\\\/2025\\\/09\\\/3566533653.png\",\"datePublished\":\"2025-04-03T10:20:53+00:00\",\"dateModified\":\"2025-09-21T20:30:17+00:00\",\"description\":\"Die Classics 5 Panel Cap aus Polyacryl und Wolle ist bequem und anpassbar. Personalisieren Sie sie mit DTF-Druck, Siebdruck oder Stickerei.\",\"breadcrumb\":{\"@id\":\"https:\\\/\\\/printaberlin.de\\\/en\\\/product\\\/classics-5-panel\\\/#breadcrumb\"},\"inLanguage\":\"en-US\",\"potentialAction\":[{\"@type\":\"ReadAction\",\"target\":[\"https:\\\/\\\/printaberlin.de\\\/en\\\/product\\\/classics-5-panel\\\/\"]}]},{\"@type\":\"ImageObject\",\"inLanguage\":\"en-US\",\"@id\":\"https:\\\/\\\/printaberlin.de\\\/en\\\/product\\\/classics-5-panel\\\/#primaryimage\",\"url\":\"https:\\\/\\\/printaberlin.de\\\/wp-content\\\/uploads\\\/2025\\\/09\\\/3566533653.png\",\"contentUrl\":\"https:\\\/\\\/printaberlin.de\\\/wp-content\\\/uploads\\\/2025\\\/09\\\/3566533653.png\",\"width\":600,\"height\":749},{\"@type\":\"BreadcrumbList\",\"@id\":\"https:\\\/\\\/printaberlin.de\\\/en\\\/product\\\/classics-5-panel\\\/#breadcrumb\",\"itemListElement\":[{\"@type\":\"ListItem\",\"position\":1,\"name\":\"Home\",\"item\":\"https:\\\/\\\/printaberlin.de\\\/en\\\/\"},{\"@type\":\"ListItem\",\"position\":2,\"name\":\"Shop\",\"item\":\"https:\\\/\\\/printaberlin.de\\\/en\\\/shop\\\/\"},{\"@type\":\"ListItem\",\"position\":3,\"name\":\"Classics 5 Panel\"}]},{\"@type\":\"WebSite\",\"@id\":\"https:\\\/\\\/printaberlin.de\\\/en\\\/#website\",\"url\":\"https:\\\/\\\/printaberlin.de\\\/en\\\/\",\"name\":\"Printa Berlin | Textilien und T-Shirts Bedrucken\",\"description\":\"Entdecken Sie Printa Berlin \u2013 Ihr Experte f\u00fcr personalisierten Druck! T-Shirts, Poloshirts, Hoodies, Sweatshirts, Taschen, Caps und mehr.\",\"publisher\":{\"@id\":\"https:\\\/\\\/printaberlin.de\\\/en\\\/#organization\"},\"potentialAction\":[{\"@type\":\"SearchAction\",\"target\":{\"@type\":\"EntryPoint\",\"urlTemplate\":\"https:\\\/\\\/printaberlin.de\\\/en\\\/?s={search_term_string}\"},\"query-input\":{\"@type\":\"PropertyValueSpecification\",\"valueRequired\":true,\"valueName\":\"search_term_string\"}}],\"inLanguage\":\"en-US\"},{\"@type\":\"Organization\",\"@id\":\"https:\\\/\\\/printaberlin.de\\\/en\\\/#organization\",\"name\":\"Printa Berlin\",\"url\":\"https:\\\/\\\/printaberlin.de\\\/en\\\/\",\"logo\":{\"@type\":\"ImageObject\",\"inLanguage\":\"en-US\",\"@id\":\"https:\\\/\\\/printaberlin.de\\\/en\\\/#\\\/schema\\\/logo\\\/image\\\/\",\"url\":\"https:\\\/\\\/printaberlin.de\\\/wp-content\\\/uploads\\\/2025\\\/03\\\/csdsdcdsc.png\",\"contentUrl\":\"https:\\\/\\\/printaberlin.de\\\/wp-content\\\/uploads\\\/2025\\\/03\\\/csdsdcdsc.png\",\"width\":512,\"height\":512,\"caption\":\"Printa Berlin\"},\"image\":{\"@id\":\"https:\\\/\\\/printaberlin.de\\\/en\\\/#\\\/schema\\\/logo\\\/image\\\/\"},\"sameAs\":[\"https:\\\/\\\/www.instagram.com\\\/printaberlin\\\/\"]}]}<\/script>\n<meta property=\"og:availability\" content=\"instock\" \/>\n<meta property=\"product:availability\" content=\"instock\" \/>\n<meta property=\"product:retailer_item_id\" content=\"PR15-2-1-1-1-1-2\" \/>\n<meta property=\"product:condition\" content=\"new\" \/>\n<!-- \/ Yoast SEO Premium plugin. -->","yoast_head_json":{"title":"Classics 5 Panel | Klassische Cap f\u00fcr Ihre individuellen Designs","description":"Die Classics 5 Panel Cap aus Polyacryl und Wolle ist bequem und anpassbar. Personalisieren Sie sie mit DTF-Druck, Siebdruck oder Stickerei.","robots":{"index":"index","follow":"follow","max-snippet":"max-snippet:-1","max-image-preview":"max-image-preview:large","max-video-preview":"max-video-preview:-1"},"canonical":"https:\/\/printaberlin.de\/en\/product\/classics-5-panel\/","og_locale":"en_US","og_type":"article","og_title":"Classics 5 Panel","og_description":"Die Classics 5 Panel Cap aus Polyacryl und Wolle ist bequem und anpassbar. Personalisieren Sie sie mit DTF-Druck, Siebdruck oder Stickerei.","og_url":"https:\/\/printaberlin.de\/en\/product\/classics-5-panel\/","og_site_name":"Printa Berlin | Textilien und T-Shirts Bedrucken","article_modified_time":"2025-09-21T20:30:17+00:00","og_image":[{"width":600,"height":749,"url":"https:\/\/printaberlin.de\/wp-content\/uploads\/2025\/09\/3566533653.png","type":"image\/png"}],"twitter_card":"summary_large_image","twitter_misc":{"Availability":"In stock"},"schema":{"@context":"https:\/\/schema.org","@graph":[{"@type":"WebPage","@id":"https:\/\/printaberlin.de\/en\/product\/classics-5-panel\/","url":"https:\/\/printaberlin.de\/en\/product\/classics-5-panel\/","name":"Classics 5 Panel | Klassische Cap f\u00fcr Ihre individuellen Designs","isPartOf":{"@id":"https:\/\/printaberlin.de\/en\/#website"},"primaryImageOfPage":{"@id":"https:\/\/printaberlin.de\/en\/product\/classics-5-panel\/#primaryimage"},"image":{"@id":"https:\/\/printaberlin.de\/en\/product\/classics-5-panel\/#primaryimage"},"thumbnailUrl":"https:\/\/printaberlin.de\/wp-content\/uploads\/2025\/09\/3566533653.png","datePublished":"2025-04-03T10:20:53+00:00","dateModified":"2025-09-21T20:30:17+00:00","description":"Die Classics 5 Panel Cap aus Polyacryl und Wolle ist bequem und anpassbar. Personalisieren Sie sie mit DTF-Druck, Siebdruck oder Stickerei.","breadcrumb":{"@id":"https:\/\/printaberlin.de\/en\/product\/classics-5-panel\/#breadcrumb"},"inLanguage":"en-US","potentialAction":[{"@type":"ReadAction","target":["https:\/\/printaberlin.de\/en\/product\/classics-5-panel\/"]}]},{"@type":"ImageObject","inLanguage":"en-US","@id":"https:\/\/printaberlin.de\/en\/product\/classics-5-panel\/#primaryimage","url":"https:\/\/printaberlin.de\/wp-content\/uploads\/2025\/09\/3566533653.png","contentUrl":"https:\/\/printaberlin.de\/wp-content\/uploads\/2025\/09\/3566533653.png","width":600,"height":749},{"@type":"BreadcrumbList","@id":"https:\/\/printaberlin.de\/en\/product\/classics-5-panel\/#breadcrumb","itemListElement":[{"@type":"ListItem","position":1,"name":"Home","item":"https:\/\/printaberlin.de\/en\/"},{"@type":"ListItem","position":2,"name":"Shop","item":"https:\/\/printaberlin.de\/en\/shop\/"},{"@type":"ListItem","position":3,"name":"Classics 5 Panel"}]},{"@type":"WebSite","@id":"https:\/\/printaberlin.de\/en\/#website","url":"https:\/\/printaberlin.de\/en\/","name":"Printa Berlin | Textilien und T-Shirts Bedrucken","description":"Entdecken Sie Printa Berlin \u2013 Ihr Experte f\u00fcr personalisierten Druck! T-Shirts, Poloshirts, Hoodies, Sweatshirts, Taschen, Caps und mehr.","publisher":{"@id":"https:\/\/printaberlin.de\/en\/#organization"},"potentialAction":[{"@type":"SearchAction","target":{"@type":"EntryPoint","urlTemplate":"https:\/\/printaberlin.de\/en\/?s={search_term_string}"},"query-input":{"@type":"PropertyValueSpecification","valueRequired":true,"valueName":"search_term_string"}}],"inLanguage":"en-US"},{"@type":"Organization","@id":"https:\/\/printaberlin.de\/en\/#organization","name":"Printa Berlin","url":"https:\/\/printaberlin.de\/en\/","logo":{"@type":"ImageObject","inLanguage":"en-US","@id":"https:\/\/printaberlin.de\/en\/#\/schema\/logo\/image\/","url":"https:\/\/printaberlin.de\/wp-content\/uploads\/2025\/03\/csdsdcdsc.png","contentUrl":"https:\/\/printaberlin.de\/wp-content\/uploads\/2025\/03\/csdsdcdsc.png","width":512,"height":512,"caption":"Printa Berlin"},"image":{"@id":"https:\/\/printaberlin.de\/en\/#\/schema\/logo\/image\/"},"sameAs":["https:\/\/www.instagram.com\/printaberlin\/"]}]},"og_availability":"instock","product_availability":"instock","product_retailer_item_id":"PR15-2-1-1-1-1-2","product_condition":"new"},"_links":{"self":[{"href":"https:\/\/printaberlin.de\/en\/wp-json\/wp\/v2\/product\/25176","targetHints":{"allow":["GET"]}}],"collection":[{"href":"https:\/\/printaberlin.de\/en\/wp-json\/wp\/v2\/product"}],"about":[{"href":"https:\/\/printaberlin.de\/en\/wp-json\/wp\/v2\/types\/product"}],"replies":[{"embeddable":true,"href":"https:\/\/printaberlin.de\/en\/wp-json\/wp\/v2\/comments?post=25176"}],"wp:featuredmedia":[{"embeddable":true,"href":"https:\/\/printaberlin.de\/en\/wp-json\/wp\/v2\/media\/26545"}],"wp:attachment":[{"href":"https:\/\/printaberlin.de\/en\/wp-json\/wp\/v2\/media?parent=25176"}],"wp:term":[{"taxonomy":"product_brand","embeddable":true,"href":"https:\/\/printaberlin.de\/en\/wp-json\/wp\/v2\/product_brand?post=25176"},{"taxonomy":"product_cat","embeddable":true,"href":"https:\/\/printaberlin.de\/en\/wp-json\/wp\/v2\/product_cat?post=25176"},{"taxonomy":"product_tag","embeddable":true,"href":"https:\/\/printaberlin.de\/en\/wp-json\/wp\/v2\/product_tag?post=25176"},{"taxonomy":"producproduct-categroyt-categroy","embeddable":true,"href":"https:\/\/printaberlin.de\/en\/wp-json\/wp\/v2\/producproduct-categroyt-categroy?post=25176"}],"curies":[{"name":"wp","href":"https:\/\/api.w.org\/{rel}","templated":true}]}}