{"id":25171,"date":"2025-04-03T10:48:21","date_gmt":"2025-04-03T10:48:21","guid":{"rendered":"https:\/\/printaberlin.de\/product\/class-five-panel-cap\/"},"modified":"2025-09-21T20:30:17","modified_gmt":"2025-09-21T20:30:17","slug":"class-five-panel-cap","status":"publish","type":"product","link":"https:\/\/printaberlin.de\/en\/product\/class-five-panel-cap\/","title":{"rendered":"Class Five Panel"},"content":{"rendered":"<div class=\"mb-3\">\n<h3 data-start=\"0\" data-end=\"54\"><strong data-start=\"0\" data-end=\"54\">Class Five Panel Cap: Leicht, Bequem und Anpassbar<\/strong><\/h3>\n<p class=\"\" data-start=\"56\" data-end=\"567\">Die <strong data-start=\"60\" data-end=\"84\">Class Five Panel Cap<\/strong> von AS Colour ist eine leichte, mittelhohe Cap, die aus 100 % Baumwolle gefertigt wurde und sowohl Komfort als auch Langlebigkeit bietet. Diese Cap verf\u00fcgt \u00fcber eine flache Schirmspitze, einen verstellbaren Metallverschluss und eine Ton-in-Ton-Unterschirm-Beschichtung, die ihr ein modernes und elegantes Aussehen verleihen. Die interne Mesh-Struktur sorgt f\u00fcr zus\u00e4tzlichen Komfort, w\u00e4hrend das herausnehmbare AS Colour-Etikett eine einfache M\u00f6glichkeit zur Personalisierung bietet.<\/p>\n<p class=\"\" data-start=\"569\" data-end=\"910\">Mit ihrer mittelhohen Passform und dem flachen Schirm eignet sich die <strong data-start=\"639\" data-end=\"663\">Class Cap<\/strong> perfekt f\u00fcr den t\u00e4glichen Gebrauch, Sportveranstaltungen, als modisches Accessoire oder als Werbegeschenk. Die hochwertige Baumwolle und die robuste Bauweise machen diese Cap zu einer langlebigen Wahl, die sowohl funktional als auch stilvoll ist.<\/p>\n<h4 data-start=\"912\" data-end=\"954\"><strong data-start=\"912\" data-end=\"954\">Hauptmerkmale der Class Five Panel Cap<\/strong><\/h4>\n<ul data-start=\"956\" data-end=\"1434\">\n<li class=\"\" data-start=\"956\" data-end=\"1024\">\n<p class=\"\" data-start=\"958\" data-end=\"1024\"><strong data-start=\"958\" data-end=\"994\">Leichtgewichtige 100 % Baumwolle<\/strong> f\u00fcr angenehmen Tragekomfort<\/p>\n<\/li>\n<li class=\"\" data-start=\"1025\" data-end=\"1095\">\n<p class=\"\" data-start=\"1027\" data-end=\"1095\"><strong data-start=\"1027\" data-end=\"1050\">Mittelhohe Passform<\/strong> mit flachem Schirm f\u00fcr einen modernen Look<\/p>\n<\/li>\n<li class=\"\" data-start=\"1096\" data-end=\"1165\">\n<p class=\"\" data-start=\"1098\" data-end=\"1165\"><strong data-start=\"1098\" data-end=\"1132\">Verstellbarer Metallverschluss<\/strong> f\u00fcr eine individuelle Passform<\/p>\n<\/li>\n<li class=\"\" data-start=\"1166\" data-end=\"1234\">\n<p class=\"\" data-start=\"1168\" data-end=\"1234\"><strong data-start=\"1168\" data-end=\"1207\">Ton-in-Ton-Unterschirm-Beschichtung<\/strong> f\u00fcr ein elegantes Design<\/p>\n<\/li>\n<li class=\"\" data-start=\"1235\" data-end=\"1310\">\n<p class=\"\" data-start=\"1237\" data-end=\"1310\"><strong data-start=\"1237\" data-end=\"1262\">Interne Mesh-Struktur<\/strong> f\u00fcr zus\u00e4tzlichen Komfort und Atmungsaktivit\u00e4t<\/p>\n<\/li>\n<li class=\"\" data-start=\"1311\" data-end=\"1362\">\n<p class=\"\" data-start=\"1313\" data-end=\"1362\"><strong data-start=\"1313\" data-end=\"1330\">Einheitsgr\u00f6\u00dfe<\/strong> f\u00fcr eine universelle Passform<\/p>\n<\/li>\n<li class=\"\" data-start=\"1363\" data-end=\"1434\">\n<p class=\"\" data-start=\"1365\" data-end=\"1434\"><strong data-start=\"1365\" data-end=\"1402\">Herausnehmbares AS Colour-Etikett<\/strong> f\u00fcr einfache Personalisierung<\/p>\n<\/li>\n<\/ul>\n<h4 data-start=\"1436\" data-end=\"1504\"><strong data-start=\"1436\" data-end=\"1504\">Individuelle Druckdienstleistungen f\u00fcr Ihre Class Cap<\/strong><\/h4>\n<p class=\"\" data-start=\"1506\" data-end=\"1699\">Verleihen Sie Ihrer <strong data-start=\"1526\" data-end=\"1550\">Class Five Panel Cap<\/strong> eine pers\u00f6nliche Note mit unseren professionellen <strong data-start=\"1601\" data-end=\"1626\">Druckdienstleistungen<\/strong>. Wir bieten verschiedene Techniken, um Ihr Design zum Leben zu erwecken:<\/p>\n<ul data-start=\"1701\" data-end=\"1903\">\n<li class=\"\" data-start=\"1701\" data-end=\"1759\">\n<p class=\"\" data-start=\"1703\" data-end=\"1759\"><strong data-start=\"1703\" data-end=\"1716\">DTF-Druck<\/strong>: Ideal f\u00fcr lebendige, langlebige Designs<\/p>\n<\/li>\n<li class=\"\" data-start=\"1760\" data-end=\"1831\">\n<p class=\"\" data-start=\"1762\" data-end=\"1831\"><strong data-start=\"1762\" data-end=\"1775\">Siebdruck<\/strong>: Perfekt f\u00fcr kr\u00e4ftige, gro\u00dffl\u00e4chige Logos und Designs<\/p>\n<\/li>\n<li class=\"\" data-start=\"1832\" data-end=\"1903\">\n<p class=\"\" data-start=\"1834\" data-end=\"1903\"><strong data-start=\"1834\" data-end=\"1847\">Stickerei<\/strong>: Verleiht Ihrer Cap eine edle und professionelle Note<\/p>\n<\/li>\n<\/ul>\n<h4 data-start=\"1905\" data-end=\"1947\"><strong data-start=\"1905\" data-end=\"1947\">Warum die Class Five Panel Cap w\u00e4hlen?<\/strong><\/h4>\n<p class=\"\" data-start=\"1949\" data-end=\"2355\">Die <strong data-start=\"1953\" data-end=\"1977\">Class Cap<\/strong> ist die ideale Wahl f\u00fcr alle, die eine stilvolle, bequeme und anpassbare Kopfbedeckung suchen. Hergestellt aus 100 % Baumwolle bietet sie nicht nur einen hohen Tragekomfort, sondern eignet sich auch hervorragend f\u00fcr die Personalisierung. Mit unseren <strong data-start=\"2228\" data-end=\"2253\">Druckdienstleistungen<\/strong> k\u00f6nnen Sie diese Cap ganz nach Ihren W\u00fcnschen gestalten und zu einem einzigartigen Accessoire machen.<\/p>\n<\/div>\n","protected":false},"excerpt":{"rendered":"<p>Leichte Class Five Panel Cap aus 100 % Baumwolle, ideal f\u00fcr Stickerei und Druck.<br \/>\n<strong>By Build Your Brand<\/strong><\/p>\n","protected":false},"featured_media":26547,"comment_status":"open","ping_status":"closed","template":"","meta":{"nf_dc_page":""},"product_brand":[390],"product_cat":[429],"product_tag":[430],"producproduct-categroyt-categroy":[],"class_list":{"0":"post-25171","1":"product","2":"type-product","3":"status-publish","4":"has-post-thumbnail","6":"product_brand-as-colour","7":"product_cat-cap-besticken","8":"product_tag-unisex","10":"first","11":"instock","12":"shipping-taxable","13":"purchasable","14":"product-type-variable","15":"has-default-attributes","16":"wvs-archive-product-wrapper"},"yoast_head":"<!-- This site is optimized with the Yoast SEO Premium plugin v24.6 (Yoast SEO v27.4) - https:\/\/yoast.com\/product\/yoast-seo-premium-wordpress\/ -->\n<title>Class Five Panel Cap | Stilvoll und anpassbar f\u00fcr Ihre Designs<\/title>\n<meta name=\"description\" content=\"Die Class Five Panel Cap von AS Colour ist leicht, bequem und ideal f\u00fcr Personalisierung. Personalisieren Sie sie mit DTF-Druck, Siebdruck oder Stickerei.\" \/>\n<meta name=\"robots\" content=\"index, follow, max-snippet:-1, max-image-preview:large, max-video-preview:-1\" \/>\n<link rel=\"canonical\" href=\"https:\/\/printaberlin.de\/en\/product\/class-five-panel-cap\/\" \/>\n<meta property=\"og:locale\" content=\"en_US\" \/>\n<meta property=\"og:type\" content=\"article\" \/>\n<meta property=\"og:title\" content=\"Class Five Panel\" \/>\n<meta property=\"og:description\" content=\"Die Class Five Panel Cap von AS Colour ist leicht, bequem und ideal f\u00fcr Personalisierung. Personalisieren Sie sie mit DTF-Druck, Siebdruck oder Stickerei.\" \/>\n<meta property=\"og:url\" content=\"https:\/\/printaberlin.de\/en\/product\/class-five-panel-cap\/\" \/>\n<meta property=\"og:site_name\" content=\"Printa Berlin | Textilien und T-Shirts Bedrucken\" \/>\n<meta property=\"article:modified_time\" content=\"2025-09-21T20:30:17+00:00\" \/>\n<meta property=\"og:image\" content=\"https:\/\/printaberlin.de\/wp-content\/uploads\/2025\/09\/5436.png\" \/>\n\t<meta property=\"og:image:width\" content=\"600\" \/>\n\t<meta property=\"og:image:height\" content=\"749\" \/>\n\t<meta property=\"og:image:type\" content=\"image\/png\" \/>\n<meta name=\"twitter:card\" content=\"summary_large_image\" \/>\n<meta name=\"twitter:label1\" content=\"Availability\" \/>\n\t<meta name=\"twitter:data1\" content=\"In stock\" \/>\n<script type=\"application\/ld+json\" class=\"yoast-schema-graph\">{\"@context\":\"https:\\\/\\\/schema.org\",\"@graph\":[{\"@type\":\"WebPage\",\"@id\":\"https:\\\/\\\/printaberlin.de\\\/en\\\/product\\\/class-five-panel-cap\\\/\",\"url\":\"https:\\\/\\\/printaberlin.de\\\/en\\\/product\\\/class-five-panel-cap\\\/\",\"name\":\"Class Five Panel Cap | Stilvoll und anpassbar f\u00fcr Ihre Designs\",\"isPartOf\":{\"@id\":\"https:\\\/\\\/printaberlin.de\\\/en\\\/#website\"},\"primaryImageOfPage\":{\"@id\":\"https:\\\/\\\/printaberlin.de\\\/en\\\/product\\\/class-five-panel-cap\\\/#primaryimage\"},\"image\":{\"@id\":\"https:\\\/\\\/printaberlin.de\\\/en\\\/product\\\/class-five-panel-cap\\\/#primaryimage\"},\"thumbnailUrl\":\"https:\\\/\\\/printaberlin.de\\\/wp-content\\\/uploads\\\/2025\\\/09\\\/5436.png\",\"datePublished\":\"2025-04-03T10:48:21+00:00\",\"dateModified\":\"2025-09-21T20:30:17+00:00\",\"description\":\"Die Class Five Panel Cap von AS Colour ist leicht, bequem und ideal f\u00fcr Personalisierung. Personalisieren Sie sie mit DTF-Druck, Siebdruck oder Stickerei.\",\"breadcrumb\":{\"@id\":\"https:\\\/\\\/printaberlin.de\\\/en\\\/product\\\/class-five-panel-cap\\\/#breadcrumb\"},\"inLanguage\":\"en-US\",\"potentialAction\":[{\"@type\":\"ReadAction\",\"target\":[\"https:\\\/\\\/printaberlin.de\\\/en\\\/product\\\/class-five-panel-cap\\\/\"]}]},{\"@type\":\"ImageObject\",\"inLanguage\":\"en-US\",\"@id\":\"https:\\\/\\\/printaberlin.de\\\/en\\\/product\\\/class-five-panel-cap\\\/#primaryimage\",\"url\":\"https:\\\/\\\/printaberlin.de\\\/wp-content\\\/uploads\\\/2025\\\/09\\\/5436.png\",\"contentUrl\":\"https:\\\/\\\/printaberlin.de\\\/wp-content\\\/uploads\\\/2025\\\/09\\\/5436.png\",\"width\":600,\"height\":749},{\"@type\":\"BreadcrumbList\",\"@id\":\"https:\\\/\\\/printaberlin.de\\\/en\\\/product\\\/class-five-panel-cap\\\/#breadcrumb\",\"itemListElement\":[{\"@type\":\"ListItem\",\"position\":1,\"name\":\"Home\",\"item\":\"https:\\\/\\\/printaberlin.de\\\/en\\\/\"},{\"@type\":\"ListItem\",\"position\":2,\"name\":\"Shop\",\"item\":\"https:\\\/\\\/printaberlin.de\\\/en\\\/shop\\\/\"},{\"@type\":\"ListItem\",\"position\":3,\"name\":\"Class Five Panel\"}]},{\"@type\":\"WebSite\",\"@id\":\"https:\\\/\\\/printaberlin.de\\\/en\\\/#website\",\"url\":\"https:\\\/\\\/printaberlin.de\\\/en\\\/\",\"name\":\"Printa Berlin | Textilien und T-Shirts Bedrucken\",\"description\":\"Entdecken Sie Printa Berlin \u2013 Ihr Experte f\u00fcr personalisierten Druck! T-Shirts, Poloshirts, Hoodies, Sweatshirts, Taschen, Caps und mehr.\",\"publisher\":{\"@id\":\"https:\\\/\\\/printaberlin.de\\\/en\\\/#organization\"},\"potentialAction\":[{\"@type\":\"SearchAction\",\"target\":{\"@type\":\"EntryPoint\",\"urlTemplate\":\"https:\\\/\\\/printaberlin.de\\\/en\\\/?s={search_term_string}\"},\"query-input\":{\"@type\":\"PropertyValueSpecification\",\"valueRequired\":true,\"valueName\":\"search_term_string\"}}],\"inLanguage\":\"en-US\"},{\"@type\":\"Organization\",\"@id\":\"https:\\\/\\\/printaberlin.de\\\/en\\\/#organization\",\"name\":\"Printa Berlin\",\"url\":\"https:\\\/\\\/printaberlin.de\\\/en\\\/\",\"logo\":{\"@type\":\"ImageObject\",\"inLanguage\":\"en-US\",\"@id\":\"https:\\\/\\\/printaberlin.de\\\/en\\\/#\\\/schema\\\/logo\\\/image\\\/\",\"url\":\"https:\\\/\\\/printaberlin.de\\\/wp-content\\\/uploads\\\/2025\\\/03\\\/csdsdcdsc.png\",\"contentUrl\":\"https:\\\/\\\/printaberlin.de\\\/wp-content\\\/uploads\\\/2025\\\/03\\\/csdsdcdsc.png\",\"width\":512,\"height\":512,\"caption\":\"Printa Berlin\"},\"image\":{\"@id\":\"https:\\\/\\\/printaberlin.de\\\/en\\\/#\\\/schema\\\/logo\\\/image\\\/\"},\"sameAs\":[\"https:\\\/\\\/www.instagram.com\\\/printaberlin\\\/\"]}]}<\/script>\n<meta property=\"og:availability\" content=\"instock\" \/>\n<meta property=\"product:availability\" content=\"instock\" \/>\n<meta property=\"product:retailer_item_id\" content=\"PR15-2-1-1-1-1-2-1\" \/>\n<meta property=\"product:condition\" content=\"new\" \/>\n<!-- \/ Yoast SEO Premium plugin. -->","yoast_head_json":{"title":"Class Five Panel Cap | Stilvoll und anpassbar f\u00fcr Ihre Designs","description":"Die Class Five Panel Cap von AS Colour ist leicht, bequem und ideal f\u00fcr Personalisierung. Personalisieren Sie sie mit DTF-Druck, Siebdruck oder Stickerei.","robots":{"index":"index","follow":"follow","max-snippet":"max-snippet:-1","max-image-preview":"max-image-preview:large","max-video-preview":"max-video-preview:-1"},"canonical":"https:\/\/printaberlin.de\/en\/product\/class-five-panel-cap\/","og_locale":"en_US","og_type":"article","og_title":"Class Five Panel","og_description":"Die Class Five Panel Cap von AS Colour ist leicht, bequem und ideal f\u00fcr Personalisierung. Personalisieren Sie sie mit DTF-Druck, Siebdruck oder Stickerei.","og_url":"https:\/\/printaberlin.de\/en\/product\/class-five-panel-cap\/","og_site_name":"Printa Berlin | Textilien und T-Shirts Bedrucken","article_modified_time":"2025-09-21T20:30:17+00:00","og_image":[{"width":600,"height":749,"url":"https:\/\/printaberlin.de\/wp-content\/uploads\/2025\/09\/5436.png","type":"image\/png"}],"twitter_card":"summary_large_image","twitter_misc":{"Availability":"In stock"},"schema":{"@context":"https:\/\/schema.org","@graph":[{"@type":"WebPage","@id":"https:\/\/printaberlin.de\/en\/product\/class-five-panel-cap\/","url":"https:\/\/printaberlin.de\/en\/product\/class-five-panel-cap\/","name":"Class Five Panel Cap | Stilvoll und anpassbar f\u00fcr Ihre Designs","isPartOf":{"@id":"https:\/\/printaberlin.de\/en\/#website"},"primaryImageOfPage":{"@id":"https:\/\/printaberlin.de\/en\/product\/class-five-panel-cap\/#primaryimage"},"image":{"@id":"https:\/\/printaberlin.de\/en\/product\/class-five-panel-cap\/#primaryimage"},"thumbnailUrl":"https:\/\/printaberlin.de\/wp-content\/uploads\/2025\/09\/5436.png","datePublished":"2025-04-03T10:48:21+00:00","dateModified":"2025-09-21T20:30:17+00:00","description":"Die Class Five Panel Cap von AS Colour ist leicht, bequem und ideal f\u00fcr Personalisierung. Personalisieren Sie sie mit DTF-Druck, Siebdruck oder Stickerei.","breadcrumb":{"@id":"https:\/\/printaberlin.de\/en\/product\/class-five-panel-cap\/#breadcrumb"},"inLanguage":"en-US","potentialAction":[{"@type":"ReadAction","target":["https:\/\/printaberlin.de\/en\/product\/class-five-panel-cap\/"]}]},{"@type":"ImageObject","inLanguage":"en-US","@id":"https:\/\/printaberlin.de\/en\/product\/class-five-panel-cap\/#primaryimage","url":"https:\/\/printaberlin.de\/wp-content\/uploads\/2025\/09\/5436.png","contentUrl":"https:\/\/printaberlin.de\/wp-content\/uploads\/2025\/09\/5436.png","width":600,"height":749},{"@type":"BreadcrumbList","@id":"https:\/\/printaberlin.de\/en\/product\/class-five-panel-cap\/#breadcrumb","itemListElement":[{"@type":"ListItem","position":1,"name":"Home","item":"https:\/\/printaberlin.de\/en\/"},{"@type":"ListItem","position":2,"name":"Shop","item":"https:\/\/printaberlin.de\/en\/shop\/"},{"@type":"ListItem","position":3,"name":"Class Five Panel"}]},{"@type":"WebSite","@id":"https:\/\/printaberlin.de\/en\/#website","url":"https:\/\/printaberlin.de\/en\/","name":"Printa Berlin | Textilien und T-Shirts Bedrucken","description":"Entdecken Sie Printa Berlin \u2013 Ihr Experte f\u00fcr personalisierten Druck! T-Shirts, Poloshirts, Hoodies, Sweatshirts, Taschen, Caps und mehr.","publisher":{"@id":"https:\/\/printaberlin.de\/en\/#organization"},"potentialAction":[{"@type":"SearchAction","target":{"@type":"EntryPoint","urlTemplate":"https:\/\/printaberlin.de\/en\/?s={search_term_string}"},"query-input":{"@type":"PropertyValueSpecification","valueRequired":true,"valueName":"search_term_string"}}],"inLanguage":"en-US"},{"@type":"Organization","@id":"https:\/\/printaberlin.de\/en\/#organization","name":"Printa Berlin","url":"https:\/\/printaberlin.de\/en\/","logo":{"@type":"ImageObject","inLanguage":"en-US","@id":"https:\/\/printaberlin.de\/en\/#\/schema\/logo\/image\/","url":"https:\/\/printaberlin.de\/wp-content\/uploads\/2025\/03\/csdsdcdsc.png","contentUrl":"https:\/\/printaberlin.de\/wp-content\/uploads\/2025\/03\/csdsdcdsc.png","width":512,"height":512,"caption":"Printa Berlin"},"image":{"@id":"https:\/\/printaberlin.de\/en\/#\/schema\/logo\/image\/"},"sameAs":["https:\/\/www.instagram.com\/printaberlin\/"]}]},"og_availability":"instock","product_availability":"instock","product_retailer_item_id":"PR15-2-1-1-1-1-2-1","product_condition":"new"},"_links":{"self":[{"href":"https:\/\/printaberlin.de\/en\/wp-json\/wp\/v2\/product\/25171","targetHints":{"allow":["GET"]}}],"collection":[{"href":"https:\/\/printaberlin.de\/en\/wp-json\/wp\/v2\/product"}],"about":[{"href":"https:\/\/printaberlin.de\/en\/wp-json\/wp\/v2\/types\/product"}],"replies":[{"embeddable":true,"href":"https:\/\/printaberlin.de\/en\/wp-json\/wp\/v2\/comments?post=25171"}],"wp:featuredmedia":[{"embeddable":true,"href":"https:\/\/printaberlin.de\/en\/wp-json\/wp\/v2\/media\/26547"}],"wp:attachment":[{"href":"https:\/\/printaberlin.de\/en\/wp-json\/wp\/v2\/media?parent=25171"}],"wp:term":[{"taxonomy":"product_brand","embeddable":true,"href":"https:\/\/printaberlin.de\/en\/wp-json\/wp\/v2\/product_brand?post=25171"},{"taxonomy":"product_cat","embeddable":true,"href":"https:\/\/printaberlin.de\/en\/wp-json\/wp\/v2\/product_cat?post=25171"},{"taxonomy":"product_tag","embeddable":true,"href":"https:\/\/printaberlin.de\/en\/wp-json\/wp\/v2\/product_tag?post=25171"},{"taxonomy":"producproduct-categroyt-categroy","embeddable":true,"href":"https:\/\/printaberlin.de\/en\/wp-json\/wp\/v2\/producproduct-categroyt-categroy?post=25171"}],"curies":[{"name":"wp","href":"https:\/\/api.w.org\/{rel}","templated":true}]}}