{"id":25164,"date":"2025-04-03T11:13:27","date_gmt":"2025-04-03T11:13:27","guid":{"rendered":"https:\/\/printaberlin.de\/product\/cap-5-panels\/"},"modified":"2025-09-21T20:30:17","modified_gmt":"2025-09-21T20:30:17","slug":"cap-5-panels","status":"publish","type":"product","link":"https:\/\/printaberlin.de\/en\/product\/cap-5-panels\/","title":{"rendered":"Cap 5 Panels"},"content":{"rendered":"<div class=\"mb-3\">\n<div class=\"wysiwyg lg:wysiwyg-lg\">\n<h3 data-start=\"0\" data-end=\"50\"><strong data-start=\"0\" data-end=\"50\">Cap 5 Panels: Nachhaltig, Bequem und Anpassbar<\/strong><\/h3>\n<p class=\"\" data-start=\"52\" data-end=\"621\">Die <strong data-start=\"56\" data-end=\"72\">Cap 5 Panels<\/strong> von Native Spirit ist die ideale Wahl f\u00fcr alle, die eine umweltfreundliche, robuste und modische Kopfbedeckung suchen. Hergestellt aus 100 % Bio-Baumwolle mit einem Gewicht von 310 GSM, kombiniert diese Cap Komfort und Langlebigkeit. Die 5-Panel-Konstruktion sorgt f\u00fcr eine perfekte Passform, w\u00e4hrend der verstellbare Tab aus dem Hauptmaterial mit einem Recycling-Metallverschluss f\u00fcr zus\u00e4tzlichen Komfort sorgt. Die Frontseite der Cap ist mit einer Verst\u00e4rkung versehen, die f\u00fcr zus\u00e4tzlichen Halt sorgt und die Qualit\u00e4t des Produkts unterstreicht.<\/p>\n<p class=\"\" data-start=\"623\" data-end=\"1016\">Der Schirm dieser Cap ist mit einer Overstitching-N\u00e4hten versehen, was nicht nur f\u00fcr zus\u00e4tzliche Stabilit\u00e4t sorgt, sondern auch das Design abrundet. Die Innenseite ist mit einem Schr\u00e4gband-Finish versehen, was der Cap einen edlen, sauberen Look verleiht. Diese Cap ist nicht nur eine stilvolle Wahl, sondern auch eine umweltfreundliche, da sie vollst\u00e4ndig aus nachhaltigen Materialien besteht.<\/p>\n<h4 data-start=\"1018\" data-end=\"1052\"><strong data-start=\"1018\" data-end=\"1052\">Hauptmerkmale der Cap 5 Panels<\/strong><\/h4>\n<ul data-start=\"1054\" data-end=\"1509\">\n<li class=\"\" data-start=\"1054\" data-end=\"1107\">\n<p class=\"\" data-start=\"1056\" data-end=\"1107\"><strong data-start=\"1056\" data-end=\"1079\">100 % Bio-Baumwolle<\/strong> f\u00fcr eine nachhaltige Wahl<\/p>\n<\/li>\n<li class=\"\" data-start=\"1108\" data-end=\"1168\">\n<p class=\"\" data-start=\"1110\" data-end=\"1168\"><strong data-start=\"1110\" data-end=\"1125\">Twill-Stoff<\/strong> f\u00fcr eine robuste und langlebige Struktur<\/p>\n<\/li>\n<li class=\"\" data-start=\"1169\" data-end=\"1223\">\n<p class=\"\" data-start=\"1171\" data-end=\"1223\"><strong data-start=\"1171\" data-end=\"1195\">5-Panel-Konstruktion<\/strong> f\u00fcr eine moderne Passform<\/p>\n<\/li>\n<li class=\"\" data-start=\"1224\" data-end=\"1311\">\n<p class=\"\" data-start=\"1226\" data-end=\"1311\"><strong data-start=\"1226\" data-end=\"1278\">Verstellbarer Tab mit Recycling-Metallverschluss<\/strong> f\u00fcr eine individuelle Passform<\/p>\n<\/li>\n<li class=\"\" data-start=\"1312\" data-end=\"1383\">\n<p class=\"\" data-start=\"1314\" data-end=\"1383\"><strong data-start=\"1314\" data-end=\"1349\">Schirm mit Overstitching-N\u00e4hten<\/strong> f\u00fcr eine zus\u00e4tzliche Stabilit\u00e4t<\/p>\n<\/li>\n<li class=\"\" data-start=\"1384\" data-end=\"1457\">\n<p class=\"\" data-start=\"1386\" data-end=\"1457\"><strong data-start=\"1386\" data-end=\"1421\">Innenseitiges Schr\u00e4gband-Finish<\/strong> f\u00fcr ein sauberes und edles Design<\/p>\n<\/li>\n<li class=\"\" data-start=\"1458\" data-end=\"1509\">\n<p class=\"\" data-start=\"1460\" data-end=\"1509\"><strong data-start=\"1460\" data-end=\"1477\">Einheitsgr\u00f6\u00dfe<\/strong> f\u00fcr eine universelle Passform<\/p>\n<\/li>\n<\/ul>\n<h4 data-start=\"1511\" data-end=\"1571\"><strong data-start=\"1511\" data-end=\"1571\">Individuelle Druckdienstleistungen f\u00fcr Ihre Cap 5 Panels<\/strong><\/h4>\n<p class=\"\" data-start=\"1573\" data-end=\"1753\">Verleihen Sie Ihrer <strong data-start=\"1593\" data-end=\"1609\">Cap<\/strong>\u00a0eine pers\u00f6nliche Note mit unseren professionellen <strong data-start=\"1660\" data-end=\"1685\">Druckdienstleistungen<\/strong>. Wir bieten mehrere Techniken an, um Ihr Design perfekt umzusetzen:<\/p>\n<ul data-start=\"1755\" data-end=\"1953\">\n<li class=\"\" data-start=\"1755\" data-end=\"1816\">\n<p class=\"\" data-start=\"1757\" data-end=\"1816\"><strong data-start=\"1757\" data-end=\"1770\">DTF-Druck<\/strong>: Ideal f\u00fcr lebendige und langlebige Designs<\/p>\n<\/li>\n<li class=\"\" data-start=\"1817\" data-end=\"1887\">\n<p class=\"\" data-start=\"1819\" data-end=\"1887\"><strong data-start=\"1819\" data-end=\"1832\">Siebdruck<\/strong>: Perfekt f\u00fcr gro\u00dffl\u00e4chige Logos und kr\u00e4ftige Designs<\/p>\n<\/li>\n<li class=\"\" data-start=\"1888\" data-end=\"1953\">\n<p class=\"\" data-start=\"1890\" data-end=\"1953\"><strong data-start=\"1890\" data-end=\"1903\">Stickerei<\/strong>: Verleiht Ihrer Cap eine edle, hochwertige Note<\/p>\n<\/li>\n<\/ul>\n<h4 data-start=\"1955\" data-end=\"1989\"><strong data-start=\"1955\" data-end=\"1989\">Warum die Cap w\u00e4hlen?<\/strong><\/h4>\n<p class=\"\" data-start=\"1991\" data-end=\"2401\">Die <strong data-start=\"1995\" data-end=\"2011\">Cap<\/strong>\u00a0ist die perfekte Wahl f\u00fcr alle, die eine nachhaltige, bequeme und anpassbare Kopfbedeckung suchen. Hergestellt aus 100 % Bio-Baumwolle, kombiniert diese Cap stilvolles Design mit hoher Funktionalit\u00e4t und Komfort. Mit unseren <strong data-start=\"2237\" data-end=\"2262\">Druckdienstleistungen<\/strong> k\u00f6nnen Sie Ihre Cap ganz nach Ihren W\u00fcnschen gestalten und sie zu einem einzigartigen Accessoire f\u00fcr Ihr Gesch\u00e4ft, Event oder Team machen.<\/p>\n<\/div>\n<\/div>\n","protected":false},"excerpt":{"rendered":"<div class=\"mb-3\">\n<p class=\"uppercase text-xs lg:text-sm font-bold mb-3\">Cap 5 Panels aus 100 % Bio-Baumwolle, ideal f\u00fcr Druck und Stickerei.<br \/>\n<strong>By Native Spirit<\/strong><\/p>\n<\/div>\n","protected":false},"featured_media":26549,"comment_status":"open","ping_status":"closed","template":"","meta":{"nf_dc_page":""},"product_brand":[330],"product_cat":[429],"product_tag":[430],"producproduct-categroyt-categroy":[383],"class_list":{"0":"post-25164","1":"product","2":"type-product","3":"status-publish","4":"has-post-thumbnail","6":"product_brand-native-spirit","7":"product_cat-cap-besticken","8":"product_tag-unisex","9":"producproduct-categroyt-categroy-unisex","11":"first","12":"instock","13":"shipping-taxable","14":"purchasable","15":"product-type-variable","16":"has-default-attributes","17":"wvs-archive-product-wrapper"},"yoast_head":"<!-- This site is optimized with the Yoast SEO Premium plugin v24.6 (Yoast SEO v27.4) - https:\/\/yoast.com\/product\/yoast-seo-premium-wordpress\/ -->\n<title>Cap 5 Panels | Nachhaltig und anpassbar f\u00fcr Ihre Designs<\/title>\n<meta name=\"description\" content=\"Die Cap 5 Panels aus 100 % Bio-Baumwolle ist bequem und umweltfreundlich. Personalisieren Sie sie mit DTF-Druck, Siebdruck oder Stickerei.\" \/>\n<meta name=\"robots\" content=\"index, follow, max-snippet:-1, max-image-preview:large, max-video-preview:-1\" \/>\n<link rel=\"canonical\" href=\"https:\/\/printaberlin.de\/en\/product\/cap-5-panels\/\" \/>\n<meta property=\"og:locale\" content=\"en_US\" \/>\n<meta property=\"og:type\" content=\"article\" \/>\n<meta property=\"og:title\" content=\"Cap 5 Panels\" \/>\n<meta property=\"og:description\" content=\"Die Cap 5 Panels aus 100 % Bio-Baumwolle ist bequem und umweltfreundlich. Personalisieren Sie sie mit DTF-Druck, Siebdruck oder Stickerei.\" \/>\n<meta property=\"og:url\" content=\"https:\/\/printaberlin.de\/en\/product\/cap-5-panels\/\" \/>\n<meta property=\"og:site_name\" content=\"Printa Berlin | Textilien und T-Shirts Bedrucken\" \/>\n<meta property=\"article:modified_time\" content=\"2025-09-21T20:30:17+00:00\" \/>\n<meta property=\"og:image\" content=\"https:\/\/printaberlin.de\/wp-content\/uploads\/2025\/09\/7465675.png\" \/>\n\t<meta property=\"og:image:width\" content=\"600\" \/>\n\t<meta property=\"og:image:height\" content=\"749\" \/>\n\t<meta property=\"og:image:type\" content=\"image\/png\" \/>\n<meta name=\"twitter:card\" content=\"summary_large_image\" \/>\n<meta name=\"twitter:label1\" content=\"Availability\" \/>\n\t<meta name=\"twitter:data1\" content=\"In stock\" \/>\n<script type=\"application\/ld+json\" class=\"yoast-schema-graph\">{\"@context\":\"https:\\\/\\\/schema.org\",\"@graph\":[{\"@type\":\"WebPage\",\"@id\":\"https:\\\/\\\/printaberlin.de\\\/en\\\/product\\\/cap-5-panels\\\/\",\"url\":\"https:\\\/\\\/printaberlin.de\\\/en\\\/product\\\/cap-5-panels\\\/\",\"name\":\"Cap 5 Panels | Nachhaltig und anpassbar f\u00fcr Ihre Designs\",\"isPartOf\":{\"@id\":\"https:\\\/\\\/printaberlin.de\\\/en\\\/#website\"},\"primaryImageOfPage\":{\"@id\":\"https:\\\/\\\/printaberlin.de\\\/en\\\/product\\\/cap-5-panels\\\/#primaryimage\"},\"image\":{\"@id\":\"https:\\\/\\\/printaberlin.de\\\/en\\\/product\\\/cap-5-panels\\\/#primaryimage\"},\"thumbnailUrl\":\"https:\\\/\\\/printaberlin.de\\\/wp-content\\\/uploads\\\/2025\\\/09\\\/7465675.png\",\"datePublished\":\"2025-04-03T11:13:27+00:00\",\"dateModified\":\"2025-09-21T20:30:17+00:00\",\"description\":\"Die Cap 5 Panels aus 100 % Bio-Baumwolle ist bequem und umweltfreundlich. Personalisieren Sie sie mit DTF-Druck, Siebdruck oder Stickerei.\",\"breadcrumb\":{\"@id\":\"https:\\\/\\\/printaberlin.de\\\/en\\\/product\\\/cap-5-panels\\\/#breadcrumb\"},\"inLanguage\":\"en-US\",\"potentialAction\":[{\"@type\":\"ReadAction\",\"target\":[\"https:\\\/\\\/printaberlin.de\\\/en\\\/product\\\/cap-5-panels\\\/\"]}]},{\"@type\":\"ImageObject\",\"inLanguage\":\"en-US\",\"@id\":\"https:\\\/\\\/printaberlin.de\\\/en\\\/product\\\/cap-5-panels\\\/#primaryimage\",\"url\":\"https:\\\/\\\/printaberlin.de\\\/wp-content\\\/uploads\\\/2025\\\/09\\\/7465675.png\",\"contentUrl\":\"https:\\\/\\\/printaberlin.de\\\/wp-content\\\/uploads\\\/2025\\\/09\\\/7465675.png\",\"width\":600,\"height\":749},{\"@type\":\"BreadcrumbList\",\"@id\":\"https:\\\/\\\/printaberlin.de\\\/en\\\/product\\\/cap-5-panels\\\/#breadcrumb\",\"itemListElement\":[{\"@type\":\"ListItem\",\"position\":1,\"name\":\"Home\",\"item\":\"https:\\\/\\\/printaberlin.de\\\/en\\\/\"},{\"@type\":\"ListItem\",\"position\":2,\"name\":\"Shop\",\"item\":\"https:\\\/\\\/printaberlin.de\\\/en\\\/shop\\\/\"},{\"@type\":\"ListItem\",\"position\":3,\"name\":\"Cap 5 Panels\"}]},{\"@type\":\"WebSite\",\"@id\":\"https:\\\/\\\/printaberlin.de\\\/en\\\/#website\",\"url\":\"https:\\\/\\\/printaberlin.de\\\/en\\\/\",\"name\":\"Printa Berlin | Textilien und T-Shirts Bedrucken\",\"description\":\"Entdecken Sie Printa Berlin \u2013 Ihr Experte f\u00fcr personalisierten Druck! T-Shirts, Poloshirts, Hoodies, Sweatshirts, Taschen, Caps und mehr.\",\"publisher\":{\"@id\":\"https:\\\/\\\/printaberlin.de\\\/en\\\/#organization\"},\"potentialAction\":[{\"@type\":\"SearchAction\",\"target\":{\"@type\":\"EntryPoint\",\"urlTemplate\":\"https:\\\/\\\/printaberlin.de\\\/en\\\/?s={search_term_string}\"},\"query-input\":{\"@type\":\"PropertyValueSpecification\",\"valueRequired\":true,\"valueName\":\"search_term_string\"}}],\"inLanguage\":\"en-US\"},{\"@type\":\"Organization\",\"@id\":\"https:\\\/\\\/printaberlin.de\\\/en\\\/#organization\",\"name\":\"Printa Berlin\",\"url\":\"https:\\\/\\\/printaberlin.de\\\/en\\\/\",\"logo\":{\"@type\":\"ImageObject\",\"inLanguage\":\"en-US\",\"@id\":\"https:\\\/\\\/printaberlin.de\\\/en\\\/#\\\/schema\\\/logo\\\/image\\\/\",\"url\":\"https:\\\/\\\/printaberlin.de\\\/wp-content\\\/uploads\\\/2025\\\/03\\\/csdsdcdsc.png\",\"contentUrl\":\"https:\\\/\\\/printaberlin.de\\\/wp-content\\\/uploads\\\/2025\\\/03\\\/csdsdcdsc.png\",\"width\":512,\"height\":512,\"caption\":\"Printa Berlin\"},\"image\":{\"@id\":\"https:\\\/\\\/printaberlin.de\\\/en\\\/#\\\/schema\\\/logo\\\/image\\\/\"},\"sameAs\":[\"https:\\\/\\\/www.instagram.com\\\/printaberlin\\\/\"]}]}<\/script>\n<meta property=\"og:availability\" content=\"instock\" \/>\n<meta property=\"product:availability\" content=\"instock\" \/>\n<meta property=\"product:retailer_item_id\" content=\"PR18-1-1\" \/>\n<meta property=\"product:condition\" content=\"new\" \/>\n<!-- \/ Yoast SEO Premium plugin. -->","yoast_head_json":{"title":"Cap 5 Panels | Nachhaltig und anpassbar f\u00fcr Ihre Designs","description":"Die Cap 5 Panels aus 100 % Bio-Baumwolle ist bequem und umweltfreundlich. Personalisieren Sie sie mit DTF-Druck, Siebdruck oder Stickerei.","robots":{"index":"index","follow":"follow","max-snippet":"max-snippet:-1","max-image-preview":"max-image-preview:large","max-video-preview":"max-video-preview:-1"},"canonical":"https:\/\/printaberlin.de\/en\/product\/cap-5-panels\/","og_locale":"en_US","og_type":"article","og_title":"Cap 5 Panels","og_description":"Die Cap 5 Panels aus 100 % Bio-Baumwolle ist bequem und umweltfreundlich. Personalisieren Sie sie mit DTF-Druck, Siebdruck oder Stickerei.","og_url":"https:\/\/printaberlin.de\/en\/product\/cap-5-panels\/","og_site_name":"Printa Berlin | Textilien und T-Shirts Bedrucken","article_modified_time":"2025-09-21T20:30:17+00:00","og_image":[{"width":600,"height":749,"url":"https:\/\/printaberlin.de\/wp-content\/uploads\/2025\/09\/7465675.png","type":"image\/png"}],"twitter_card":"summary_large_image","twitter_misc":{"Availability":"In stock"},"schema":{"@context":"https:\/\/schema.org","@graph":[{"@type":"WebPage","@id":"https:\/\/printaberlin.de\/en\/product\/cap-5-panels\/","url":"https:\/\/printaberlin.de\/en\/product\/cap-5-panels\/","name":"Cap 5 Panels | Nachhaltig und anpassbar f\u00fcr Ihre Designs","isPartOf":{"@id":"https:\/\/printaberlin.de\/en\/#website"},"primaryImageOfPage":{"@id":"https:\/\/printaberlin.de\/en\/product\/cap-5-panels\/#primaryimage"},"image":{"@id":"https:\/\/printaberlin.de\/en\/product\/cap-5-panels\/#primaryimage"},"thumbnailUrl":"https:\/\/printaberlin.de\/wp-content\/uploads\/2025\/09\/7465675.png","datePublished":"2025-04-03T11:13:27+00:00","dateModified":"2025-09-21T20:30:17+00:00","description":"Die Cap 5 Panels aus 100 % Bio-Baumwolle ist bequem und umweltfreundlich. Personalisieren Sie sie mit DTF-Druck, Siebdruck oder Stickerei.","breadcrumb":{"@id":"https:\/\/printaberlin.de\/en\/product\/cap-5-panels\/#breadcrumb"},"inLanguage":"en-US","potentialAction":[{"@type":"ReadAction","target":["https:\/\/printaberlin.de\/en\/product\/cap-5-panels\/"]}]},{"@type":"ImageObject","inLanguage":"en-US","@id":"https:\/\/printaberlin.de\/en\/product\/cap-5-panels\/#primaryimage","url":"https:\/\/printaberlin.de\/wp-content\/uploads\/2025\/09\/7465675.png","contentUrl":"https:\/\/printaberlin.de\/wp-content\/uploads\/2025\/09\/7465675.png","width":600,"height":749},{"@type":"BreadcrumbList","@id":"https:\/\/printaberlin.de\/en\/product\/cap-5-panels\/#breadcrumb","itemListElement":[{"@type":"ListItem","position":1,"name":"Home","item":"https:\/\/printaberlin.de\/en\/"},{"@type":"ListItem","position":2,"name":"Shop","item":"https:\/\/printaberlin.de\/en\/shop\/"},{"@type":"ListItem","position":3,"name":"Cap 5 Panels"}]},{"@type":"WebSite","@id":"https:\/\/printaberlin.de\/en\/#website","url":"https:\/\/printaberlin.de\/en\/","name":"Printa Berlin | Textilien und T-Shirts Bedrucken","description":"Entdecken Sie Printa Berlin \u2013 Ihr Experte f\u00fcr personalisierten Druck! T-Shirts, Poloshirts, Hoodies, Sweatshirts, Taschen, Caps und mehr.","publisher":{"@id":"https:\/\/printaberlin.de\/en\/#organization"},"potentialAction":[{"@type":"SearchAction","target":{"@type":"EntryPoint","urlTemplate":"https:\/\/printaberlin.de\/en\/?s={search_term_string}"},"query-input":{"@type":"PropertyValueSpecification","valueRequired":true,"valueName":"search_term_string"}}],"inLanguage":"en-US"},{"@type":"Organization","@id":"https:\/\/printaberlin.de\/en\/#organization","name":"Printa Berlin","url":"https:\/\/printaberlin.de\/en\/","logo":{"@type":"ImageObject","inLanguage":"en-US","@id":"https:\/\/printaberlin.de\/en\/#\/schema\/logo\/image\/","url":"https:\/\/printaberlin.de\/wp-content\/uploads\/2025\/03\/csdsdcdsc.png","contentUrl":"https:\/\/printaberlin.de\/wp-content\/uploads\/2025\/03\/csdsdcdsc.png","width":512,"height":512,"caption":"Printa Berlin"},"image":{"@id":"https:\/\/printaberlin.de\/en\/#\/schema\/logo\/image\/"},"sameAs":["https:\/\/www.instagram.com\/printaberlin\/"]}]},"og_availability":"instock","product_availability":"instock","product_retailer_item_id":"PR18-1-1","product_condition":"new"},"_links":{"self":[{"href":"https:\/\/printaberlin.de\/en\/wp-json\/wp\/v2\/product\/25164","targetHints":{"allow":["GET"]}}],"collection":[{"href":"https:\/\/printaberlin.de\/en\/wp-json\/wp\/v2\/product"}],"about":[{"href":"https:\/\/printaberlin.de\/en\/wp-json\/wp\/v2\/types\/product"}],"replies":[{"embeddable":true,"href":"https:\/\/printaberlin.de\/en\/wp-json\/wp\/v2\/comments?post=25164"}],"wp:featuredmedia":[{"embeddable":true,"href":"https:\/\/printaberlin.de\/en\/wp-json\/wp\/v2\/media\/26549"}],"wp:attachment":[{"href":"https:\/\/printaberlin.de\/en\/wp-json\/wp\/v2\/media?parent=25164"}],"wp:term":[{"taxonomy":"product_brand","embeddable":true,"href":"https:\/\/printaberlin.de\/en\/wp-json\/wp\/v2\/product_brand?post=25164"},{"taxonomy":"product_cat","embeddable":true,"href":"https:\/\/printaberlin.de\/en\/wp-json\/wp\/v2\/product_cat?post=25164"},{"taxonomy":"product_tag","embeddable":true,"href":"https:\/\/printaberlin.de\/en\/wp-json\/wp\/v2\/product_tag?post=25164"},{"taxonomy":"producproduct-categroyt-categroy","embeddable":true,"href":"https:\/\/printaberlin.de\/en\/wp-json\/wp\/v2\/producproduct-categroyt-categroy?post=25164"}],"curies":[{"name":"wp","href":"https:\/\/api.w.org\/{rel}","templated":true}]}}