{"id":25153,"date":"2025-04-03T11:37:46","date_gmt":"2025-04-03T11:37:46","guid":{"rendered":"https:\/\/printaberlin.de\/product\/authentic-cap-b25\/"},"modified":"2025-09-21T20:30:17","modified_gmt":"2025-09-21T20:30:17","slug":"authentic-cap-b25","status":"publish","type":"product","link":"https:\/\/printaberlin.de\/en\/product\/authentic-cap-b25\/","title":{"rendered":"Authentic Cap"},"content":{"rendered":"<div class=\"mb-3\">\n<h3 data-start=\"0\" data-end=\"49\"><strong data-start=\"0\" data-end=\"49\">Authentic Cap B25: Stilvoll, Bequem und Anpassbar<\/strong><\/h3>\n<p class=\"\" data-start=\"51\" data-end=\"791\">Die <strong data-start=\"55\" data-end=\"72\">Authentic Cap<\/strong> B25 von Beechfield kombiniert klassischen Stil mit hoher Funktionalit\u00e4t. Hergestellt aus 100 % Baumwoll-Twill mit einem Gewicht von 220 g\/m\u00b2, bietet diese Cap eine hervorragende Qualit\u00e4t und eine angenehme Trageerfahrung. Das 5-Panel-Design sorgt f\u00fcr eine moderne Passform, w\u00e4hrend das strukturierte Vorderpanel und der vorgekr\u00fcmmte Schirm der Cap einen markanten, eleganten Look verleihen. Die gestickten Bel\u00fcftungs\u00f6sen sorgen f\u00fcr eine bessere Atmungsaktivit\u00e4t, w\u00e4hrend der selbstgefertigte Riemen mit Tri-Glide-Verschluss eine individuelle Anpassung erm\u00f6glicht. Die <strong data-start=\"641\" data-end=\"658\">Authentic Cap<\/strong> ist perfekt geeignet f\u00fcr <strong data-start=\"684\" data-end=\"693\">Druck<\/strong> und <strong data-start=\"698\" data-end=\"711\">Stickerei<\/strong>, sodass sie sich ideal f\u00fcr personalisierte Designs oder als Werbemittel eignet.<\/p>\n<p class=\"\" data-start=\"793\" data-end=\"1067\">Das herausnehmbare TearAway-Etikett erleichtert die Neupersonalisation und das Rebranding der Cap. Mit einer Gr\u00f6\u00dfenverstellbarkeit von 57-60 cm passt diese Cap den meisten Kopfgr\u00f6\u00dfen und ist sowohl f\u00fcr den privaten Gebrauch als auch f\u00fcr Unternehmen eine ausgezeichnete Wahl.<\/p>\n<h4 data-start=\"1069\" data-end=\"1104\"><strong data-start=\"1069\" data-end=\"1104\">Hauptmerkmale der Authentic Cap B25<\/strong><\/h4>\n<ul data-start=\"1106\" data-end=\"1675\">\n<li class=\"\" data-start=\"1106\" data-end=\"1188\">\n<p class=\"\" data-start=\"1108\" data-end=\"1188\"><strong data-start=\"1108\" data-end=\"1132\">100 % Baumwoll-Twill<\/strong> mit 220 g\/m\u00b2 f\u00fcr eine robuste und langlebige Qualit\u00e4t<\/p>\n<\/li>\n<li class=\"\" data-start=\"1189\" data-end=\"1237\">\n<p class=\"\" data-start=\"1191\" data-end=\"1237\"><strong data-start=\"1191\" data-end=\"1209\">5-Panel-Design<\/strong> f\u00fcr eine moderne Passform<\/p>\n<\/li>\n<li class=\"\" data-start=\"1238\" data-end=\"1294\">\n<p class=\"\" data-start=\"1240\" data-end=\"1294\"><strong data-start=\"1240\" data-end=\"1270\">Strukturiertes Vorderpanel<\/strong> f\u00fcr einen klaren Look<\/p>\n<\/li>\n<li class=\"\" data-start=\"1295\" data-end=\"1348\">\n<p class=\"\" data-start=\"1297\" data-end=\"1348\"><strong data-start=\"1297\" data-end=\"1321\">Vorgekr\u00fcmmter Schirm<\/strong> f\u00fcr zus\u00e4tzlichen Komfort<\/p>\n<\/li>\n<li class=\"\" data-start=\"1349\" data-end=\"1414\">\n<p class=\"\" data-start=\"1351\" data-end=\"1414\"><strong data-start=\"1351\" data-end=\"1379\">Gestickte Bel\u00fcftungs\u00f6sen<\/strong> f\u00fcr verbesserte Atmungsaktivit\u00e4t<\/p>\n<\/li>\n<li class=\"\" data-start=\"1415\" data-end=\"1503\">\n<p class=\"\" data-start=\"1417\" data-end=\"1503\"><strong data-start=\"1417\" data-end=\"1470\">Selbstgefertigter Riemen mit Tri-Glide-Verschluss<\/strong> f\u00fcr eine individuelle Passform<\/p>\n<\/li>\n<li class=\"\" data-start=\"1504\" data-end=\"1577\">\n<p class=\"\" data-start=\"1506\" data-end=\"1577\"><strong data-start=\"1506\" data-end=\"1541\">Perfekt f\u00fcr Druck und Stickerei<\/strong> f\u00fcr Ihre personalisierten Designs<\/p>\n<\/li>\n<li class=\"\" data-start=\"1578\" data-end=\"1643\">\n<p class=\"\" data-start=\"1580\" data-end=\"1643\"><strong data-start=\"1580\" data-end=\"1616\">Herausnehmbares TearAway-Etikett<\/strong> f\u00fcr einfaches Rebranding<\/p>\n<\/li>\n<li class=\"\" data-start=\"1644\" data-end=\"1675\">\n<p class=\"\" data-start=\"1646\" data-end=\"1675\"><strong data-start=\"1646\" data-end=\"1663\">Gr\u00f6\u00dfenbereich<\/strong>: 57-60 cm<\/p>\n<\/li>\n<\/ul>\n<h4 data-start=\"1677\" data-end=\"1738\"><strong data-start=\"1677\" data-end=\"1738\">Individuelle Druckdienstleistungen f\u00fcr Ihre Authentic Cap B25<\/strong><\/h4>\n<p class=\"\" data-start=\"1740\" data-end=\"1929\">Verleihen Sie Ihrer<strong data-start=\"1760\" data-end=\"1777\">\u00a0Cap<\/strong> eine pers\u00f6nliche Note mit unseren professionellen <strong data-start=\"1828\" data-end=\"1853\">Druckdienstleistungen<\/strong>. Wir bieten verschiedene Techniken an, um Ihr Design zum Leben zu erwecken:<\/p>\n<ul data-start=\"1931\" data-end=\"2118\">\n<li class=\"\" data-start=\"1931\" data-end=\"1989\">\n<p class=\"\" data-start=\"1933\" data-end=\"1989\"><strong data-start=\"1933\" data-end=\"1946\">DTF-Druck<\/strong>: Ideal f\u00fcr lebendige, langlebige Designs<\/p>\n<\/li>\n<li class=\"\" data-start=\"1990\" data-end=\"2049\">\n<p class=\"\" data-start=\"1992\" data-end=\"2049\"><strong data-start=\"1992\" data-end=\"2005\">Siebdruck<\/strong>: Perfekt f\u00fcr kr\u00e4ftige, gro\u00dffl\u00e4chige Logos<\/p>\n<\/li>\n<li class=\"\" data-start=\"2050\" data-end=\"2118\">\n<p class=\"\" data-start=\"2052\" data-end=\"2118\"><strong data-start=\"2052\" data-end=\"2065\">Stickerei<\/strong>: Verleiht Ihrer Cap eine edle und hochwertige Note<\/p>\n<\/li>\n<\/ul>\n<h4 data-start=\"2120\" data-end=\"2155\"><strong data-start=\"2120\" data-end=\"2155\">Warum die Authentic Cap B25 w\u00e4hlen?<\/strong><\/h4>\n<p class=\"\" data-start=\"2157\" data-end=\"2577\">Die <strong data-start=\"2161\" data-end=\"2178\">Authentic Cap<\/strong> B25 ist eine ausgezeichnete Wahl f\u00fcr alle, die eine stilvolle, bequeme und anpassbare Kopfbedeckung suchen. Mit ihrem robusten Material und der idealen Oberfl\u00e4che f\u00fcr <strong data-start=\"2346\" data-end=\"2355\">Druck<\/strong> und <strong data-start=\"2360\" data-end=\"2373\">Stickerei<\/strong> k\u00f6nnen Sie diese Cap ganz nach Ihren Vorstellungen gestalten. Profitieren Sie von unserer Expertise in der Personalisierung und schaffen Sie ein einzigartiges Produkt f\u00fcr Ihr Team, Event oder Ihre Marke.<\/p>\n<\/div>\n","protected":false},"excerpt":{"rendered":"<p>Robuste Authentic Cap aus 100 % Baumwoll-Twill, ideal f\u00fcr Stickerei und Druck.<br \/>\n<strong>By Beechfield<\/strong><\/p>\n","protected":false},"featured_media":26551,"comment_status":"open","ping_status":"closed","template":"","meta":{"nf_dc_page":""},"product_brand":[394],"product_cat":[429],"product_tag":[430],"producproduct-categroyt-categroy":[],"class_list":{"0":"post-25153","1":"product","2":"type-product","3":"status-publish","4":"has-post-thumbnail","6":"product_brand-beechfield","7":"product_cat-cap-besticken","8":"product_tag-unisex","10":"first","11":"instock","12":"shipping-taxable","13":"purchasable","14":"product-type-variable","15":"has-default-attributes","16":"wvs-archive-product-wrapper"},"yoast_head":"<!-- This site is optimized with the Yoast SEO Premium plugin v24.6 (Yoast SEO v27.4) - https:\/\/yoast.com\/product\/yoast-seo-premium-wordpress\/ -->\n<title>Authentic Cap B25 | Personalisierbar und bequem f\u00fcr Ihre Designs<\/title>\n<meta name=\"description\" content=\"Die Authentic Cap B25 aus 100 % Baumwoll-Twill ist robust und ideal f\u00fcr Druck und Stickerei. Personalisieren Sie sie mit Siebdruck oder Stickerei.\" \/>\n<meta name=\"robots\" content=\"index, follow, max-snippet:-1, max-image-preview:large, max-video-preview:-1\" \/>\n<link rel=\"canonical\" href=\"https:\/\/printaberlin.de\/en\/product\/authentic-cap-b25\/\" \/>\n<meta property=\"og:locale\" content=\"en_US\" \/>\n<meta property=\"og:type\" content=\"article\" \/>\n<meta property=\"og:title\" content=\"Authentic Cap\" \/>\n<meta property=\"og:description\" content=\"Die Authentic Cap B25 aus 100 % Baumwoll-Twill ist robust und ideal f\u00fcr Druck und Stickerei. Personalisieren Sie sie mit Siebdruck oder Stickerei.\" \/>\n<meta property=\"og:url\" content=\"https:\/\/printaberlin.de\/en\/product\/authentic-cap-b25\/\" \/>\n<meta property=\"og:site_name\" content=\"Printa Berlin | Textilien und T-Shirts Bedrucken\" \/>\n<meta property=\"article:modified_time\" content=\"2025-09-21T20:30:17+00:00\" \/>\n<meta property=\"og:image\" content=\"https:\/\/printaberlin.de\/wp-content\/uploads\/2025\/09\/474747.png\" \/>\n\t<meta property=\"og:image:width\" content=\"600\" \/>\n\t<meta property=\"og:image:height\" content=\"749\" \/>\n\t<meta property=\"og:image:type\" content=\"image\/png\" \/>\n<meta name=\"twitter:card\" content=\"summary_large_image\" \/>\n<meta name=\"twitter:label1\" content=\"Availability\" \/>\n\t<meta name=\"twitter:data1\" content=\"In stock\" \/>\n<script type=\"application\/ld+json\" class=\"yoast-schema-graph\">{\"@context\":\"https:\\\/\\\/schema.org\",\"@graph\":[{\"@type\":\"WebPage\",\"@id\":\"https:\\\/\\\/printaberlin.de\\\/en\\\/product\\\/authentic-cap-b25\\\/\",\"url\":\"https:\\\/\\\/printaberlin.de\\\/en\\\/product\\\/authentic-cap-b25\\\/\",\"name\":\"Authentic Cap B25 | Personalisierbar und bequem f\u00fcr Ihre Designs\",\"isPartOf\":{\"@id\":\"https:\\\/\\\/printaberlin.de\\\/en\\\/#website\"},\"primaryImageOfPage\":{\"@id\":\"https:\\\/\\\/printaberlin.de\\\/en\\\/product\\\/authentic-cap-b25\\\/#primaryimage\"},\"image\":{\"@id\":\"https:\\\/\\\/printaberlin.de\\\/en\\\/product\\\/authentic-cap-b25\\\/#primaryimage\"},\"thumbnailUrl\":\"https:\\\/\\\/printaberlin.de\\\/wp-content\\\/uploads\\\/2025\\\/09\\\/474747.png\",\"datePublished\":\"2025-04-03T11:37:46+00:00\",\"dateModified\":\"2025-09-21T20:30:17+00:00\",\"description\":\"Die Authentic Cap B25 aus 100 % Baumwoll-Twill ist robust und ideal f\u00fcr Druck und Stickerei. Personalisieren Sie sie mit Siebdruck oder Stickerei.\",\"breadcrumb\":{\"@id\":\"https:\\\/\\\/printaberlin.de\\\/en\\\/product\\\/authentic-cap-b25\\\/#breadcrumb\"},\"inLanguage\":\"en-US\",\"potentialAction\":[{\"@type\":\"ReadAction\",\"target\":[\"https:\\\/\\\/printaberlin.de\\\/en\\\/product\\\/authentic-cap-b25\\\/\"]}]},{\"@type\":\"ImageObject\",\"inLanguage\":\"en-US\",\"@id\":\"https:\\\/\\\/printaberlin.de\\\/en\\\/product\\\/authentic-cap-b25\\\/#primaryimage\",\"url\":\"https:\\\/\\\/printaberlin.de\\\/wp-content\\\/uploads\\\/2025\\\/09\\\/474747.png\",\"contentUrl\":\"https:\\\/\\\/printaberlin.de\\\/wp-content\\\/uploads\\\/2025\\\/09\\\/474747.png\",\"width\":600,\"height\":749},{\"@type\":\"BreadcrumbList\",\"@id\":\"https:\\\/\\\/printaberlin.de\\\/en\\\/product\\\/authentic-cap-b25\\\/#breadcrumb\",\"itemListElement\":[{\"@type\":\"ListItem\",\"position\":1,\"name\":\"Home\",\"item\":\"https:\\\/\\\/printaberlin.de\\\/en\\\/\"},{\"@type\":\"ListItem\",\"position\":2,\"name\":\"Shop\",\"item\":\"https:\\\/\\\/printaberlin.de\\\/en\\\/shop\\\/\"},{\"@type\":\"ListItem\",\"position\":3,\"name\":\"Authentic Cap\"}]},{\"@type\":\"WebSite\",\"@id\":\"https:\\\/\\\/printaberlin.de\\\/en\\\/#website\",\"url\":\"https:\\\/\\\/printaberlin.de\\\/en\\\/\",\"name\":\"Printa Berlin | Textilien und T-Shirts Bedrucken\",\"description\":\"Entdecken Sie Printa Berlin \u2013 Ihr Experte f\u00fcr personalisierten Druck! T-Shirts, Poloshirts, Hoodies, Sweatshirts, Taschen, Caps und mehr.\",\"publisher\":{\"@id\":\"https:\\\/\\\/printaberlin.de\\\/en\\\/#organization\"},\"potentialAction\":[{\"@type\":\"SearchAction\",\"target\":{\"@type\":\"EntryPoint\",\"urlTemplate\":\"https:\\\/\\\/printaberlin.de\\\/en\\\/?s={search_term_string}\"},\"query-input\":{\"@type\":\"PropertyValueSpecification\",\"valueRequired\":true,\"valueName\":\"search_term_string\"}}],\"inLanguage\":\"en-US\"},{\"@type\":\"Organization\",\"@id\":\"https:\\\/\\\/printaberlin.de\\\/en\\\/#organization\",\"name\":\"Printa Berlin\",\"url\":\"https:\\\/\\\/printaberlin.de\\\/en\\\/\",\"logo\":{\"@type\":\"ImageObject\",\"inLanguage\":\"en-US\",\"@id\":\"https:\\\/\\\/printaberlin.de\\\/en\\\/#\\\/schema\\\/logo\\\/image\\\/\",\"url\":\"https:\\\/\\\/printaberlin.de\\\/wp-content\\\/uploads\\\/2025\\\/03\\\/csdsdcdsc.png\",\"contentUrl\":\"https:\\\/\\\/printaberlin.de\\\/wp-content\\\/uploads\\\/2025\\\/03\\\/csdsdcdsc.png\",\"width\":512,\"height\":512,\"caption\":\"Printa Berlin\"},\"image\":{\"@id\":\"https:\\\/\\\/printaberlin.de\\\/en\\\/#\\\/schema\\\/logo\\\/image\\\/\"},\"sameAs\":[\"https:\\\/\\\/www.instagram.com\\\/printaberlin\\\/\"]}]}<\/script>\n<meta property=\"og:availability\" content=\"instock\" \/>\n<meta property=\"product:availability\" content=\"instock\" \/>\n<meta property=\"product:retailer_item_id\" content=\"PR15-2-1-1-1-1-2-1-1\" \/>\n<meta property=\"product:condition\" content=\"new\" \/>\n<!-- \/ Yoast SEO Premium plugin. -->","yoast_head_json":{"title":"Authentic Cap B25 | Personalisierbar und bequem f\u00fcr Ihre Designs","description":"Die Authentic Cap B25 aus 100 % Baumwoll-Twill ist robust und ideal f\u00fcr Druck und Stickerei. Personalisieren Sie sie mit Siebdruck oder Stickerei.","robots":{"index":"index","follow":"follow","max-snippet":"max-snippet:-1","max-image-preview":"max-image-preview:large","max-video-preview":"max-video-preview:-1"},"canonical":"https:\/\/printaberlin.de\/en\/product\/authentic-cap-b25\/","og_locale":"en_US","og_type":"article","og_title":"Authentic Cap","og_description":"Die Authentic Cap B25 aus 100 % Baumwoll-Twill ist robust und ideal f\u00fcr Druck und Stickerei. Personalisieren Sie sie mit Siebdruck oder Stickerei.","og_url":"https:\/\/printaberlin.de\/en\/product\/authentic-cap-b25\/","og_site_name":"Printa Berlin | Textilien und T-Shirts Bedrucken","article_modified_time":"2025-09-21T20:30:17+00:00","og_image":[{"width":600,"height":749,"url":"https:\/\/printaberlin.de\/wp-content\/uploads\/2025\/09\/474747.png","type":"image\/png"}],"twitter_card":"summary_large_image","twitter_misc":{"Availability":"In stock"},"schema":{"@context":"https:\/\/schema.org","@graph":[{"@type":"WebPage","@id":"https:\/\/printaberlin.de\/en\/product\/authentic-cap-b25\/","url":"https:\/\/printaberlin.de\/en\/product\/authentic-cap-b25\/","name":"Authentic Cap B25 | Personalisierbar und bequem f\u00fcr Ihre Designs","isPartOf":{"@id":"https:\/\/printaberlin.de\/en\/#website"},"primaryImageOfPage":{"@id":"https:\/\/printaberlin.de\/en\/product\/authentic-cap-b25\/#primaryimage"},"image":{"@id":"https:\/\/printaberlin.de\/en\/product\/authentic-cap-b25\/#primaryimage"},"thumbnailUrl":"https:\/\/printaberlin.de\/wp-content\/uploads\/2025\/09\/474747.png","datePublished":"2025-04-03T11:37:46+00:00","dateModified":"2025-09-21T20:30:17+00:00","description":"Die Authentic Cap B25 aus 100 % Baumwoll-Twill ist robust und ideal f\u00fcr Druck und Stickerei. Personalisieren Sie sie mit Siebdruck oder Stickerei.","breadcrumb":{"@id":"https:\/\/printaberlin.de\/en\/product\/authentic-cap-b25\/#breadcrumb"},"inLanguage":"en-US","potentialAction":[{"@type":"ReadAction","target":["https:\/\/printaberlin.de\/en\/product\/authentic-cap-b25\/"]}]},{"@type":"ImageObject","inLanguage":"en-US","@id":"https:\/\/printaberlin.de\/en\/product\/authentic-cap-b25\/#primaryimage","url":"https:\/\/printaberlin.de\/wp-content\/uploads\/2025\/09\/474747.png","contentUrl":"https:\/\/printaberlin.de\/wp-content\/uploads\/2025\/09\/474747.png","width":600,"height":749},{"@type":"BreadcrumbList","@id":"https:\/\/printaberlin.de\/en\/product\/authentic-cap-b25\/#breadcrumb","itemListElement":[{"@type":"ListItem","position":1,"name":"Home","item":"https:\/\/printaberlin.de\/en\/"},{"@type":"ListItem","position":2,"name":"Shop","item":"https:\/\/printaberlin.de\/en\/shop\/"},{"@type":"ListItem","position":3,"name":"Authentic Cap"}]},{"@type":"WebSite","@id":"https:\/\/printaberlin.de\/en\/#website","url":"https:\/\/printaberlin.de\/en\/","name":"Printa Berlin | Textilien und T-Shirts Bedrucken","description":"Entdecken Sie Printa Berlin \u2013 Ihr Experte f\u00fcr personalisierten Druck! T-Shirts, Poloshirts, Hoodies, Sweatshirts, Taschen, Caps und mehr.","publisher":{"@id":"https:\/\/printaberlin.de\/en\/#organization"},"potentialAction":[{"@type":"SearchAction","target":{"@type":"EntryPoint","urlTemplate":"https:\/\/printaberlin.de\/en\/?s={search_term_string}"},"query-input":{"@type":"PropertyValueSpecification","valueRequired":true,"valueName":"search_term_string"}}],"inLanguage":"en-US"},{"@type":"Organization","@id":"https:\/\/printaberlin.de\/en\/#organization","name":"Printa Berlin","url":"https:\/\/printaberlin.de\/en\/","logo":{"@type":"ImageObject","inLanguage":"en-US","@id":"https:\/\/printaberlin.de\/en\/#\/schema\/logo\/image\/","url":"https:\/\/printaberlin.de\/wp-content\/uploads\/2025\/03\/csdsdcdsc.png","contentUrl":"https:\/\/printaberlin.de\/wp-content\/uploads\/2025\/03\/csdsdcdsc.png","width":512,"height":512,"caption":"Printa Berlin"},"image":{"@id":"https:\/\/printaberlin.de\/en\/#\/schema\/logo\/image\/"},"sameAs":["https:\/\/www.instagram.com\/printaberlin\/"]}]},"og_availability":"instock","product_availability":"instock","product_retailer_item_id":"PR15-2-1-1-1-1-2-1-1","product_condition":"new"},"_links":{"self":[{"href":"https:\/\/printaberlin.de\/en\/wp-json\/wp\/v2\/product\/25153","targetHints":{"allow":["GET"]}}],"collection":[{"href":"https:\/\/printaberlin.de\/en\/wp-json\/wp\/v2\/product"}],"about":[{"href":"https:\/\/printaberlin.de\/en\/wp-json\/wp\/v2\/types\/product"}],"replies":[{"embeddable":true,"href":"https:\/\/printaberlin.de\/en\/wp-json\/wp\/v2\/comments?post=25153"}],"wp:featuredmedia":[{"embeddable":true,"href":"https:\/\/printaberlin.de\/en\/wp-json\/wp\/v2\/media\/26551"}],"wp:attachment":[{"href":"https:\/\/printaberlin.de\/en\/wp-json\/wp\/v2\/media?parent=25153"}],"wp:term":[{"taxonomy":"product_brand","embeddable":true,"href":"https:\/\/printaberlin.de\/en\/wp-json\/wp\/v2\/product_brand?post=25153"},{"taxonomy":"product_cat","embeddable":true,"href":"https:\/\/printaberlin.de\/en\/wp-json\/wp\/v2\/product_cat?post=25153"},{"taxonomy":"product_tag","embeddable":true,"href":"https:\/\/printaberlin.de\/en\/wp-json\/wp\/v2\/product_tag?post=25153"},{"taxonomy":"producproduct-categroyt-categroy","embeddable":true,"href":"https:\/\/printaberlin.de\/en\/wp-json\/wp\/v2\/producproduct-categroyt-categroy?post=25153"}],"curies":[{"name":"wp","href":"https:\/\/api.w.org\/{rel}","templated":true}]}}