{"id":25124,"date":"2025-04-03T11:56:22","date_gmt":"2025-04-03T11:56:22","guid":{"rendered":"https:\/\/printaberlin.de\/product\/vintage-relaxed-cap\/"},"modified":"2025-09-21T20:30:16","modified_gmt":"2025-09-21T20:30:16","slug":"vintage-relaxed-cap","status":"publish","type":"product","link":"https:\/\/printaberlin.de\/en\/product\/vintage-relaxed-cap\/","title":{"rendered":"Vintage Relaxed Cap"},"content":{"rendered":"<div class=\"mb-3\">\n<h3 data-start=\"0\" data-end=\"60\"><strong data-start=\"0\" data-end=\"60\">Vintage Relaxed Cap: Komfortabel, Stilvoll und Anpassbar<\/strong><\/h3>\n<p class=\"\" data-start=\"62\" data-end=\"662\">Die <strong data-start=\"66\" data-end=\"89\">Vintage Cap<\/strong>\u00a0B657 von Beechfield kombiniert klassischen Look mit hoher Funktionalit\u00e4t und Komfort. Hergestellt aus 100 % schwer gewaschener Baumwolle, bietet diese Cap nicht nur eine robuste Textur, sondern auch eine weiche und bequeme Passform. Das High-Profile 5-Panel-Design und die unstrukturierte Krone verleihen der Cap einen modernen Vintage-Look, der durch den halb gekr\u00fcmmten Schirm und die gestickten Bel\u00fcftungs\u00f6sen abgerundet wird. Der selbstgefertigte Riemen mit einem Schnallenverschluss im Messing-Look sorgt f\u00fcr eine individuelle Anpassung und einen eleganten Abschluss.<\/p>\n<p class=\"\" data-start=\"664\" data-end=\"1010\">Das herausnehmbare TearAway-Etikett erleichtert die Neupersonalisation und das Rebranding der Cap, sodass sie f\u00fcr Gesch\u00e4fts- und Markenanwendungen sowie f\u00fcr den pers\u00f6nlichen Gebrauch hervorragend geeignet ist. Diese <strong data-start=\"880\" data-end=\"903\">Vintage Cap<\/strong> ist nicht nur eine modische Kopfbedeckung, sondern auch die perfekte Wahl f\u00fcr <strong data-start=\"982\" data-end=\"991\">Druck<\/strong> und <strong data-start=\"996\" data-end=\"1009\">Stickerei<\/strong>.<\/p>\n<h4 data-start=\"1012\" data-end=\"1053\"><strong data-start=\"1012\" data-end=\"1053\">Hauptmerkmale der Vintage Relaxed Cap<\/strong><\/h4>\n<ul data-start=\"1055\" data-end=\"1540\">\n<li class=\"\" data-start=\"1055\" data-end=\"1118\">\n<p class=\"\" data-start=\"1057\" data-end=\"1118\"><strong data-start=\"1057\" data-end=\"1095\">100 % schwere gewaschene Baumwolle<\/strong> f\u00fcr robusten Komfort<\/p>\n<\/li>\n<li class=\"\" data-start=\"1119\" data-end=\"1178\">\n<p class=\"\" data-start=\"1121\" data-end=\"1178\"><strong data-start=\"1121\" data-end=\"1152\">High-Profile 5-Panel-Design<\/strong> f\u00fcr einen modernen Look<\/p>\n<\/li>\n<li class=\"\" data-start=\"1179\" data-end=\"1245\">\n<p class=\"\" data-start=\"1181\" data-end=\"1245\"><strong data-start=\"1181\" data-end=\"1214\">Weiche, unstrukturierte Krone<\/strong> f\u00fcr eine entspannte Passform<\/p>\n<\/li>\n<li class=\"\" data-start=\"1246\" data-end=\"1301\">\n<p class=\"\" data-start=\"1248\" data-end=\"1301\"><strong data-start=\"1248\" data-end=\"1274\">Halb gekr\u00fcmmter Schirm<\/strong> f\u00fcr zus\u00e4tzlichen Komfort<\/p>\n<\/li>\n<li class=\"\" data-start=\"1302\" data-end=\"1367\">\n<p class=\"\" data-start=\"1304\" data-end=\"1367\"><strong data-start=\"1304\" data-end=\"1332\">Gestickte Bel\u00fcftungs\u00f6sen<\/strong> f\u00fcr verbesserte Atmungsaktivit\u00e4t<\/p>\n<\/li>\n<li class=\"\" data-start=\"1368\" data-end=\"1452\">\n<p class=\"\" data-start=\"1370\" data-end=\"1452\"><strong data-start=\"1370\" data-end=\"1424\">Selbstgefertigter Riemen mit Messing-Look-Schnalle<\/strong> f\u00fcr individuelle Passform<\/p>\n<\/li>\n<li class=\"\" data-start=\"1453\" data-end=\"1502\">\n<p class=\"\" data-start=\"1455\" data-end=\"1502\"><strong data-start=\"1455\" data-end=\"1475\">TearAway-Etikett<\/strong> f\u00fcr einfaches Rebranding<\/p>\n<\/li>\n<li class=\"\" data-start=\"1503\" data-end=\"1540\">\n<p class=\"\" data-start=\"1505\" data-end=\"1540\"><strong data-start=\"1505\" data-end=\"1538\">Ideal f\u00fcr Stickerei und Druck<\/strong><\/p>\n<\/li>\n<\/ul>\n<h4 data-start=\"1542\" data-end=\"1609\"><strong data-start=\"1542\" data-end=\"1609\">Individuelle Druckdienstleistungen f\u00fcr Ihre Vintage Relaxed Cap<\/strong><\/h4>\n<p class=\"\" data-start=\"1611\" data-end=\"1805\">Verleihen Sie Ihrer <strong data-start=\"1631\" data-end=\"1654\">Vintage Cap<\/strong> eine pers\u00f6nliche Note mit unseren professionellen <strong data-start=\"1705\" data-end=\"1730\">Druckdienstleistungen<\/strong>. W\u00e4hlen Sie aus verschiedenen Techniken, um Ihr Design perfekt umzusetzen:<\/p>\n<ul data-start=\"1807\" data-end=\"1994\">\n<li class=\"\" data-start=\"1807\" data-end=\"1865\">\n<p class=\"\" data-start=\"1809\" data-end=\"1865\"><strong data-start=\"1809\" data-end=\"1822\">DTF-Druck<\/strong>: Ideal f\u00fcr lebendige, langlebige Designs<\/p>\n<\/li>\n<li class=\"\" data-start=\"1866\" data-end=\"1925\">\n<p class=\"\" data-start=\"1868\" data-end=\"1925\"><strong data-start=\"1868\" data-end=\"1881\">Siebdruck<\/strong>: Perfekt f\u00fcr kr\u00e4ftige, gro\u00dffl\u00e4chige Logos<\/p>\n<\/li>\n<li class=\"\" data-start=\"1926\" data-end=\"1994\">\n<p class=\"\" data-start=\"1928\" data-end=\"1994\"><strong data-start=\"1928\" data-end=\"1941\">Stickerei<\/strong>: Verleiht Ihrer Cap eine edle und hochwertige Note<\/p>\n<\/li>\n<\/ul>\n<h4 data-start=\"1996\" data-end=\"2037\"><strong data-start=\"1996\" data-end=\"2037\">Warum die Vintage Relaxed Cap w\u00e4hlen?<\/strong><\/h4>\n<p class=\"\" data-start=\"2039\" data-end=\"2480\">Die <strong data-start=\"2043\" data-end=\"2066\">Vintage Cap<\/strong> ist die perfekte Wahl f\u00fcr alle, die eine modische, bequeme und anpassbare Kopfbedeckung suchen. Mit ihrem robusten, aber weichen Material und der idealen Oberfl\u00e4che f\u00fcr <strong data-start=\"2236\" data-end=\"2245\">Druck<\/strong> und <strong data-start=\"2250\" data-end=\"2263\">Stickerei<\/strong> eignet sich diese Cap hervorragend f\u00fcr Marken, Werbeaktionen oder als individuelles Accessoire. Nutzen Sie unsere <strong data-start=\"2378\" data-end=\"2403\">Druckdienstleistungen<\/strong>, um eine einzigartige Cap zu kreieren, die Ihr Design perfekt widerspiegelt.<\/p>\n<\/div>\n","protected":false},"excerpt":{"rendered":"<p>Vintage Relaxed Cap aus 100 % gewaschener Baumwolle, ideal f\u00fcr Stickerei und Druck.<br \/>\n<strong>By Beechfield<\/strong><\/p>\n","protected":false},"featured_media":26571,"comment_status":"open","ping_status":"closed","template":"","meta":{"nf_dc_page":""},"product_brand":[394],"product_cat":[429],"product_tag":[430],"producproduct-categroyt-categroy":[],"class_list":{"0":"post-25124","1":"product","2":"type-product","3":"status-publish","4":"has-post-thumbnail","6":"product_brand-beechfield","7":"product_cat-cap-besticken","8":"product_tag-unisex","10":"first","11":"instock","12":"shipping-taxable","13":"purchasable","14":"product-type-variable","15":"has-default-attributes","16":"wvs-archive-product-wrapper"},"yoast_head":"<!-- This site is optimized with the Yoast SEO Premium plugin v24.6 (Yoast SEO v27.4) - https:\/\/yoast.com\/product\/yoast-seo-premium-wordpress\/ -->\n<title>Vintage Relaxed Cap B657 | Printa Berlin | Textilien und T-Shirts Bedrucken<\/title>\n<meta name=\"description\" content=\"Die Vintage Relaxed Cap B657 aus 100 % gewaschener Baumwolle ist perfekt f\u00fcr Druck und Stickerei. Personalisieren Sie sie mit DTF-Druck oder Siebdruck.\" \/>\n<meta name=\"robots\" content=\"index, follow, max-snippet:-1, max-image-preview:large, max-video-preview:-1\" \/>\n<link rel=\"canonical\" href=\"https:\/\/printaberlin.de\/en\/product\/vintage-relaxed-cap\/\" \/>\n<meta property=\"og:locale\" content=\"en_US\" \/>\n<meta property=\"og:type\" content=\"article\" \/>\n<meta property=\"og:title\" content=\"Vintage Relaxed Cap\" \/>\n<meta property=\"og:description\" content=\"Die Vintage Relaxed Cap B657 aus 100 % gewaschener Baumwolle ist perfekt f\u00fcr Druck und Stickerei. Personalisieren Sie sie mit DTF-Druck oder Siebdruck.\" \/>\n<meta property=\"og:url\" content=\"https:\/\/printaberlin.de\/en\/product\/vintage-relaxed-cap\/\" \/>\n<meta property=\"og:site_name\" content=\"Printa Berlin | Textilien und T-Shirts Bedrucken\" \/>\n<meta property=\"article:modified_time\" content=\"2025-09-21T20:30:16+00:00\" \/>\n<meta property=\"og:image\" content=\"https:\/\/printaberlin.de\/wp-content\/uploads\/2025\/09\/22233.png\" \/>\n\t<meta property=\"og:image:width\" content=\"600\" \/>\n\t<meta property=\"og:image:height\" content=\"749\" \/>\n\t<meta property=\"og:image:type\" content=\"image\/png\" \/>\n<meta name=\"twitter:card\" content=\"summary_large_image\" \/>\n<meta name=\"twitter:label1\" content=\"Availability\" \/>\n\t<meta name=\"twitter:data1\" content=\"In stock\" \/>\n<script type=\"application\/ld+json\" class=\"yoast-schema-graph\">{\"@context\":\"https:\\\/\\\/schema.org\",\"@graph\":[{\"@type\":\"WebPage\",\"@id\":\"https:\\\/\\\/printaberlin.de\\\/en\\\/product\\\/vintage-relaxed-cap\\\/\",\"url\":\"https:\\\/\\\/printaberlin.de\\\/en\\\/product\\\/vintage-relaxed-cap\\\/\",\"name\":\"Vintage Relaxed Cap B657 | Printa Berlin | Textilien und T-Shirts Bedrucken\",\"isPartOf\":{\"@id\":\"https:\\\/\\\/printaberlin.de\\\/en\\\/#website\"},\"primaryImageOfPage\":{\"@id\":\"https:\\\/\\\/printaberlin.de\\\/en\\\/product\\\/vintage-relaxed-cap\\\/#primaryimage\"},\"image\":{\"@id\":\"https:\\\/\\\/printaberlin.de\\\/en\\\/product\\\/vintage-relaxed-cap\\\/#primaryimage\"},\"thumbnailUrl\":\"https:\\\/\\\/printaberlin.de\\\/wp-content\\\/uploads\\\/2025\\\/09\\\/22233.png\",\"datePublished\":\"2025-04-03T11:56:22+00:00\",\"dateModified\":\"2025-09-21T20:30:16+00:00\",\"description\":\"Die Vintage Relaxed Cap B657 aus 100 % gewaschener Baumwolle ist perfekt f\u00fcr Druck und Stickerei. Personalisieren Sie sie mit DTF-Druck oder Siebdruck.\",\"breadcrumb\":{\"@id\":\"https:\\\/\\\/printaberlin.de\\\/en\\\/product\\\/vintage-relaxed-cap\\\/#breadcrumb\"},\"inLanguage\":\"en-US\",\"potentialAction\":[{\"@type\":\"ReadAction\",\"target\":[\"https:\\\/\\\/printaberlin.de\\\/en\\\/product\\\/vintage-relaxed-cap\\\/\"]}]},{\"@type\":\"ImageObject\",\"inLanguage\":\"en-US\",\"@id\":\"https:\\\/\\\/printaberlin.de\\\/en\\\/product\\\/vintage-relaxed-cap\\\/#primaryimage\",\"url\":\"https:\\\/\\\/printaberlin.de\\\/wp-content\\\/uploads\\\/2025\\\/09\\\/22233.png\",\"contentUrl\":\"https:\\\/\\\/printaberlin.de\\\/wp-content\\\/uploads\\\/2025\\\/09\\\/22233.png\",\"width\":600,\"height\":749},{\"@type\":\"BreadcrumbList\",\"@id\":\"https:\\\/\\\/printaberlin.de\\\/en\\\/product\\\/vintage-relaxed-cap\\\/#breadcrumb\",\"itemListElement\":[{\"@type\":\"ListItem\",\"position\":1,\"name\":\"Home\",\"item\":\"https:\\\/\\\/printaberlin.de\\\/en\\\/\"},{\"@type\":\"ListItem\",\"position\":2,\"name\":\"Shop\",\"item\":\"https:\\\/\\\/printaberlin.de\\\/en\\\/shop\\\/\"},{\"@type\":\"ListItem\",\"position\":3,\"name\":\"Vintage Relaxed Cap\"}]},{\"@type\":\"WebSite\",\"@id\":\"https:\\\/\\\/printaberlin.de\\\/en\\\/#website\",\"url\":\"https:\\\/\\\/printaberlin.de\\\/en\\\/\",\"name\":\"Printa Berlin | Textilien und T-Shirts Bedrucken\",\"description\":\"Entdecken Sie Printa Berlin \u2013 Ihr Experte f\u00fcr personalisierten Druck! T-Shirts, Poloshirts, Hoodies, Sweatshirts, Taschen, Caps und mehr.\",\"publisher\":{\"@id\":\"https:\\\/\\\/printaberlin.de\\\/en\\\/#organization\"},\"potentialAction\":[{\"@type\":\"SearchAction\",\"target\":{\"@type\":\"EntryPoint\",\"urlTemplate\":\"https:\\\/\\\/printaberlin.de\\\/en\\\/?s={search_term_string}\"},\"query-input\":{\"@type\":\"PropertyValueSpecification\",\"valueRequired\":true,\"valueName\":\"search_term_string\"}}],\"inLanguage\":\"en-US\"},{\"@type\":\"Organization\",\"@id\":\"https:\\\/\\\/printaberlin.de\\\/en\\\/#organization\",\"name\":\"Printa Berlin\",\"url\":\"https:\\\/\\\/printaberlin.de\\\/en\\\/\",\"logo\":{\"@type\":\"ImageObject\",\"inLanguage\":\"en-US\",\"@id\":\"https:\\\/\\\/printaberlin.de\\\/en\\\/#\\\/schema\\\/logo\\\/image\\\/\",\"url\":\"https:\\\/\\\/printaberlin.de\\\/wp-content\\\/uploads\\\/2025\\\/03\\\/csdsdcdsc.png\",\"contentUrl\":\"https:\\\/\\\/printaberlin.de\\\/wp-content\\\/uploads\\\/2025\\\/03\\\/csdsdcdsc.png\",\"width\":512,\"height\":512,\"caption\":\"Printa Berlin\"},\"image\":{\"@id\":\"https:\\\/\\\/printaberlin.de\\\/en\\\/#\\\/schema\\\/logo\\\/image\\\/\"},\"sameAs\":[\"https:\\\/\\\/www.instagram.com\\\/printaberlin\\\/\"]}]}<\/script>\n<meta property=\"og:availability\" content=\"instock\" \/>\n<meta property=\"product:availability\" content=\"instock\" \/>\n<meta property=\"product:retailer_item_id\" content=\"PR15-2-1-1-1-1-2-1-1-2\" \/>\n<meta property=\"product:condition\" content=\"new\" \/>\n<!-- \/ Yoast SEO Premium plugin. -->","yoast_head_json":{"title":"Vintage Relaxed Cap B657 | Printa Berlin | Textilien und T-Shirts Bedrucken","description":"Die Vintage Relaxed Cap B657 aus 100 % gewaschener Baumwolle ist perfekt f\u00fcr Druck und Stickerei. Personalisieren Sie sie mit DTF-Druck oder Siebdruck.","robots":{"index":"index","follow":"follow","max-snippet":"max-snippet:-1","max-image-preview":"max-image-preview:large","max-video-preview":"max-video-preview:-1"},"canonical":"https:\/\/printaberlin.de\/en\/product\/vintage-relaxed-cap\/","og_locale":"en_US","og_type":"article","og_title":"Vintage Relaxed Cap","og_description":"Die Vintage Relaxed Cap B657 aus 100 % gewaschener Baumwolle ist perfekt f\u00fcr Druck und Stickerei. Personalisieren Sie sie mit DTF-Druck oder Siebdruck.","og_url":"https:\/\/printaberlin.de\/en\/product\/vintage-relaxed-cap\/","og_site_name":"Printa Berlin | Textilien und T-Shirts Bedrucken","article_modified_time":"2025-09-21T20:30:16+00:00","og_image":[{"width":600,"height":749,"url":"https:\/\/printaberlin.de\/wp-content\/uploads\/2025\/09\/22233.png","type":"image\/png"}],"twitter_card":"summary_large_image","twitter_misc":{"Availability":"In stock"},"schema":{"@context":"https:\/\/schema.org","@graph":[{"@type":"WebPage","@id":"https:\/\/printaberlin.de\/en\/product\/vintage-relaxed-cap\/","url":"https:\/\/printaberlin.de\/en\/product\/vintage-relaxed-cap\/","name":"Vintage Relaxed Cap B657 | Printa Berlin | Textilien und T-Shirts Bedrucken","isPartOf":{"@id":"https:\/\/printaberlin.de\/en\/#website"},"primaryImageOfPage":{"@id":"https:\/\/printaberlin.de\/en\/product\/vintage-relaxed-cap\/#primaryimage"},"image":{"@id":"https:\/\/printaberlin.de\/en\/product\/vintage-relaxed-cap\/#primaryimage"},"thumbnailUrl":"https:\/\/printaberlin.de\/wp-content\/uploads\/2025\/09\/22233.png","datePublished":"2025-04-03T11:56:22+00:00","dateModified":"2025-09-21T20:30:16+00:00","description":"Die Vintage Relaxed Cap B657 aus 100 % gewaschener Baumwolle ist perfekt f\u00fcr Druck und Stickerei. Personalisieren Sie sie mit DTF-Druck oder Siebdruck.","breadcrumb":{"@id":"https:\/\/printaberlin.de\/en\/product\/vintage-relaxed-cap\/#breadcrumb"},"inLanguage":"en-US","potentialAction":[{"@type":"ReadAction","target":["https:\/\/printaberlin.de\/en\/product\/vintage-relaxed-cap\/"]}]},{"@type":"ImageObject","inLanguage":"en-US","@id":"https:\/\/printaberlin.de\/en\/product\/vintage-relaxed-cap\/#primaryimage","url":"https:\/\/printaberlin.de\/wp-content\/uploads\/2025\/09\/22233.png","contentUrl":"https:\/\/printaberlin.de\/wp-content\/uploads\/2025\/09\/22233.png","width":600,"height":749},{"@type":"BreadcrumbList","@id":"https:\/\/printaberlin.de\/en\/product\/vintage-relaxed-cap\/#breadcrumb","itemListElement":[{"@type":"ListItem","position":1,"name":"Home","item":"https:\/\/printaberlin.de\/en\/"},{"@type":"ListItem","position":2,"name":"Shop","item":"https:\/\/printaberlin.de\/en\/shop\/"},{"@type":"ListItem","position":3,"name":"Vintage Relaxed Cap"}]},{"@type":"WebSite","@id":"https:\/\/printaberlin.de\/en\/#website","url":"https:\/\/printaberlin.de\/en\/","name":"Printa Berlin | Textilien und T-Shirts Bedrucken","description":"Entdecken Sie Printa Berlin \u2013 Ihr Experte f\u00fcr personalisierten Druck! T-Shirts, Poloshirts, Hoodies, Sweatshirts, Taschen, Caps und mehr.","publisher":{"@id":"https:\/\/printaberlin.de\/en\/#organization"},"potentialAction":[{"@type":"SearchAction","target":{"@type":"EntryPoint","urlTemplate":"https:\/\/printaberlin.de\/en\/?s={search_term_string}"},"query-input":{"@type":"PropertyValueSpecification","valueRequired":true,"valueName":"search_term_string"}}],"inLanguage":"en-US"},{"@type":"Organization","@id":"https:\/\/printaberlin.de\/en\/#organization","name":"Printa Berlin","url":"https:\/\/printaberlin.de\/en\/","logo":{"@type":"ImageObject","inLanguage":"en-US","@id":"https:\/\/printaberlin.de\/en\/#\/schema\/logo\/image\/","url":"https:\/\/printaberlin.de\/wp-content\/uploads\/2025\/03\/csdsdcdsc.png","contentUrl":"https:\/\/printaberlin.de\/wp-content\/uploads\/2025\/03\/csdsdcdsc.png","width":512,"height":512,"caption":"Printa Berlin"},"image":{"@id":"https:\/\/printaberlin.de\/en\/#\/schema\/logo\/image\/"},"sameAs":["https:\/\/www.instagram.com\/printaberlin\/"]}]},"og_availability":"instock","product_availability":"instock","product_retailer_item_id":"PR15-2-1-1-1-1-2-1-1-2","product_condition":"new"},"_links":{"self":[{"href":"https:\/\/printaberlin.de\/en\/wp-json\/wp\/v2\/product\/25124","targetHints":{"allow":["GET"]}}],"collection":[{"href":"https:\/\/printaberlin.de\/en\/wp-json\/wp\/v2\/product"}],"about":[{"href":"https:\/\/printaberlin.de\/en\/wp-json\/wp\/v2\/types\/product"}],"replies":[{"embeddable":true,"href":"https:\/\/printaberlin.de\/en\/wp-json\/wp\/v2\/comments?post=25124"}],"wp:featuredmedia":[{"embeddable":true,"href":"https:\/\/printaberlin.de\/en\/wp-json\/wp\/v2\/media\/26571"}],"wp:attachment":[{"href":"https:\/\/printaberlin.de\/en\/wp-json\/wp\/v2\/media?parent=25124"}],"wp:term":[{"taxonomy":"product_brand","embeddable":true,"href":"https:\/\/printaberlin.de\/en\/wp-json\/wp\/v2\/product_brand?post=25124"},{"taxonomy":"product_cat","embeddable":true,"href":"https:\/\/printaberlin.de\/en\/wp-json\/wp\/v2\/product_cat?post=25124"},{"taxonomy":"product_tag","embeddable":true,"href":"https:\/\/printaberlin.de\/en\/wp-json\/wp\/v2\/product_tag?post=25124"},{"taxonomy":"producproduct-categroyt-categroy","embeddable":true,"href":"https:\/\/printaberlin.de\/en\/wp-json\/wp\/v2\/producproduct-categroyt-categroy?post=25124"}],"curies":[{"name":"wp","href":"https:\/\/api.w.org\/{rel}","templated":true}]}}