{"id":25115,"date":"2025-04-03T13:43:16","date_gmt":"2025-04-03T13:43:16","guid":{"rendered":"https:\/\/printaberlin.de\/product\/organic-cotton-tote\/"},"modified":"2025-09-21T20:30:16","modified_gmt":"2025-09-21T20:30:16","slug":"organic-cotton-tote","status":"publish","type":"product","link":"https:\/\/printaberlin.de\/en\/product\/organic-cotton-tote\/","title":{"rendered":"Organic Cotton Tote"},"content":{"rendered":"<div class=\"mb-3\">\n<h3 data-start=\"0\" data-end=\"56\"><strong data-start=\"0\" data-end=\"56\">Organic Cotton Tote: Nachhaltig, Robus und Anpassbar<\/strong><\/h3>\n<p class=\"\" data-start=\"58\" data-end=\"620\">Die <strong data-start=\"62\" data-end=\"85\">Organic Cotton Tote<\/strong> W261 von Westford Mills ist die ideale Wahl f\u00fcr alle, die eine umweltfreundliche, stilvolle und funktionale Tasche suchen. Hergestellt aus 100 % Bio-Baumwolle mit einem Gewicht von 200 gsm, bietet diese Premium-Tasche au\u00dfergew\u00f6hnliche Haltbarkeit und eine weiche, hochwertige Textur. Die Tasche eignet sich perfekt f\u00fcr den t\u00e4glichen Gebrauch, sei es f\u00fcr Eink\u00e4ufe, als Werbegeschenk oder als praktisches Accessoire. Mit einer Gr\u00f6\u00dfe von 38 x 42 cm und einer Kapazit\u00e4t von 10 Litern bietet sie ausreichend Platz f\u00fcr all Ihre Gegenst\u00e4nde.<\/p>\n<p class=\"\" data-start=\"622\" data-end=\"1091\">Der robuste Stoff und die lange Tragegriff-L\u00e4nge von 67 cm machen diese Tasche bequem zu tragen, entweder in der Hand oder \u00fcber der Schulter. Die<strong data-start=\"768\" data-end=\"791\">\u00a0Tote<\/strong> hat eine hervorragende Oberfl\u00e4che f\u00fcr <strong data-start=\"830\" data-end=\"839\">Druck<\/strong> und <strong data-start=\"844\" data-end=\"857\">Stickerei<\/strong>, was sie zu einer perfekten Wahl f\u00fcr die Personalisierung macht. Das CutAway-Etikett erm\u00f6glicht eine einfache Neupersonalisation und das Rebranding der Tasche, sodass Sie sie ideal f\u00fcr Ihr Unternehmen oder Ihre Marke anpassen k\u00f6nnen.<\/p>\n<h4 data-start=\"1093\" data-end=\"1134\"><strong data-start=\"1093\" data-end=\"1134\">Hauptmerkmale der Organic Tote<\/strong><\/h4>\n<ul data-start=\"1136\" data-end=\"1588\">\n<li class=\"\" data-start=\"1136\" data-end=\"1189\">\n<p class=\"\" data-start=\"1138\" data-end=\"1189\"><strong data-start=\"1138\" data-end=\"1161\">100 % Bio-Baumwolle<\/strong> f\u00fcr eine nachhaltige Wahl<\/p>\n<\/li>\n<li class=\"\" data-start=\"1190\" data-end=\"1250\">\n<p class=\"\" data-start=\"1192\" data-end=\"1250\"><strong data-start=\"1192\" data-end=\"1211\">200 gsm Gewicht<\/strong> f\u00fcr extra Haltbarkeit und Stabilit\u00e4t<\/p>\n<\/li>\n<li class=\"\" data-start=\"1251\" data-end=\"1320\">\n<p class=\"\" data-start=\"1253\" data-end=\"1320\"><strong data-start=\"1253\" data-end=\"1272\">Gro\u00dfz\u00fcgige Ma\u00dfe<\/strong>: 38 x 42 cm mit einer Kapazit\u00e4t von 10 Litern<\/p>\n<\/li>\n<li class=\"\" data-start=\"1321\" data-end=\"1385\">\n<p class=\"\" data-start=\"1323\" data-end=\"1385\"><strong data-start=\"1323\" data-end=\"1344\">Lange Tragegriffe<\/strong>: 67 cm f\u00fcr einen bequemen Tragekomfort<\/p>\n<\/li>\n<li class=\"\" data-start=\"1386\" data-end=\"1448\">\n<p class=\"\" data-start=\"1388\" data-end=\"1448\"><strong data-start=\"1388\" data-end=\"1422\">Ausgezeichnete Druckoberfl\u00e4che<\/strong> f\u00fcr optimale Dekoration<\/p>\n<\/li>\n<li class=\"\" data-start=\"1449\" data-end=\"1510\">\n<p class=\"\" data-start=\"1451\" data-end=\"1510\"><strong data-start=\"1451\" data-end=\"1470\">CutAway-Etikett<\/strong> f\u00fcr einfache Anpassung und Rebranding<\/p>\n<\/li>\n<li class=\"\" data-start=\"1511\" data-end=\"1588\">\n<p class=\"\" data-start=\"1513\" data-end=\"1588\"><strong data-start=\"1513\" data-end=\"1545\">Hochwertiger, robuster Stoff<\/strong> f\u00fcr t\u00e4glichen Gebrauch und Langlebigkeit<\/p>\n<\/li>\n<\/ul>\n<h4 data-start=\"1590\" data-end=\"1657\"><strong data-start=\"1590\" data-end=\"1657\">Individuelle Druckdienstleistungen f\u00fcr Ihre Organic Cotton Tote<\/strong><\/h4>\n<p class=\"\" data-start=\"1659\" data-end=\"1849\">Verleihen Sie Ihrer <strong data-start=\"1679\" data-end=\"1702\">Organic Tote<\/strong> eine pers\u00f6nliche Note mit unseren professionellen <strong data-start=\"1753\" data-end=\"1778\">Druckdienstleistungen<\/strong>. W\u00e4hlen Sie die perfekte Technik, um Ihr Design zum Leben zu erwecken:<\/p>\n<ul data-start=\"1851\" data-end=\"2041\">\n<li class=\"\" data-start=\"1851\" data-end=\"1909\">\n<p class=\"\" data-start=\"1853\" data-end=\"1909\"><strong data-start=\"1853\" data-end=\"1866\">DTF-Druck<\/strong>: Ideal f\u00fcr lebendige, langlebige Designs<\/p>\n<\/li>\n<li class=\"\" data-start=\"1910\" data-end=\"1969\">\n<p class=\"\" data-start=\"1912\" data-end=\"1969\"><strong data-start=\"1912\" data-end=\"1925\">Siebdruck<\/strong>: Perfekt f\u00fcr kr\u00e4ftige, gro\u00dffl\u00e4chige Logos<\/p>\n<\/li>\n<li class=\"\" data-start=\"1970\" data-end=\"2041\">\n<p class=\"\" data-start=\"1972\" data-end=\"2041\"><strong data-start=\"1972\" data-end=\"1985\">Stickerei<\/strong>: Verleiht Ihrer Tasche eine edle und hochwertige Note<\/p>\n<\/li>\n<\/ul>\n<h4 data-start=\"2043\" data-end=\"2084\"><strong data-start=\"2043\" data-end=\"2084\">Warum die Organic Cotton Tote w\u00e4hlen?<\/strong><\/h4>\n<p class=\"\" data-start=\"2086\" data-end=\"2491\">Die <strong data-start=\"2090\" data-end=\"2113\">Organic Cotton Tote<\/strong> W261 bietet eine umweltfreundliche, langlebige und anpassbare L\u00f6sung f\u00fcr Ihre t\u00e4glichen Bed\u00fcrfnisse. Mit ihrer ausgezeichneten Druckoberfl\u00e4che und der robusten Bio-Baumwolle eignet sich diese Tasche hervorragend f\u00fcr personalisierte Designs. Nutzen Sie unsere <strong data-start=\"2373\" data-end=\"2398\">Druckdienstleistungen<\/strong>, um eine einzigartige Tasche zu gestalten, die perfekt zu Ihrer Marke oder Ihrem Stil passt.<\/p>\n<\/div>\n","protected":false},"excerpt":{"rendered":"<p>Robuste Organic Cotton Tote aus 100 % Bio-Baumwolle. 38cm x 42cm.<br \/>\n<strong>By Westford Mills<\/strong><\/p>\n","protected":false},"featured_media":26579,"comment_status":"open","ping_status":"closed","template":"","meta":{"nf_dc_page":""},"product_brand":[249],"product_cat":[433],"product_tag":[430],"producproduct-categroyt-categroy":[],"class_list":{"0":"post-25115","1":"product","2":"type-product","3":"status-publish","4":"has-post-thumbnail","6":"product_brand-westford-mill","7":"product_cat-taschen-bedrucken","8":"product_tag-unisex","10":"first","11":"instock","12":"shipping-taxable","13":"purchasable","14":"product-type-variable","15":"wvs-archive-product-wrapper"},"yoast_head":"<!-- This site is optimized with the Yoast SEO Premium plugin v24.6 (Yoast SEO v27.4) - https:\/\/yoast.com\/product\/yoast-seo-premium-wordpress\/ -->\n<title>Organic Cotton Tote | Printa Berlin | Textilien und T-Shirts Bedrucken<\/title>\n<meta name=\"description\" content=\"Die Organic Cotton Tote W261 aus 100 % Bio-Baumwolle ist langlebig und ideal f\u00fcr Druck und Stickerei. Personalisieren Sie sie mit DTF-Druck oder Siebdruck.\" \/>\n<meta name=\"robots\" content=\"index, follow, max-snippet:-1, max-image-preview:large, max-video-preview:-1\" \/>\n<link rel=\"canonical\" href=\"https:\/\/printaberlin.de\/en\/product\/organic-cotton-tote\/\" \/>\n<meta property=\"og:locale\" content=\"en_US\" \/>\n<meta property=\"og:type\" content=\"article\" \/>\n<meta property=\"og:title\" content=\"Organic Cotton Tote\" \/>\n<meta property=\"og:description\" content=\"Die Organic Cotton Tote W261 aus 100 % Bio-Baumwolle ist langlebig und ideal f\u00fcr Druck und Stickerei. Personalisieren Sie sie mit DTF-Druck oder Siebdruck.\" \/>\n<meta property=\"og:url\" content=\"https:\/\/printaberlin.de\/en\/product\/organic-cotton-tote\/\" \/>\n<meta property=\"og:site_name\" content=\"Printa Berlin | Textilien und T-Shirts Bedrucken\" \/>\n<meta property=\"article:modified_time\" content=\"2025-09-21T20:30:16+00:00\" \/>\n<meta property=\"og:image\" content=\"https:\/\/printaberlin.de\/wp-content\/uploads\/2025\/09\/4745.png\" \/>\n\t<meta property=\"og:image:width\" content=\"600\" \/>\n\t<meta property=\"og:image:height\" content=\"749\" \/>\n\t<meta property=\"og:image:type\" content=\"image\/png\" \/>\n<meta name=\"twitter:card\" content=\"summary_large_image\" \/>\n<meta name=\"twitter:label1\" content=\"Availability\" \/>\n\t<meta name=\"twitter:data1\" content=\"In stock\" \/>\n<script type=\"application\/ld+json\" class=\"yoast-schema-graph\">{\"@context\":\"https:\\\/\\\/schema.org\",\"@graph\":[{\"@type\":\"WebPage\",\"@id\":\"https:\\\/\\\/printaberlin.de\\\/en\\\/product\\\/organic-cotton-tote\\\/\",\"url\":\"https:\\\/\\\/printaberlin.de\\\/en\\\/product\\\/organic-cotton-tote\\\/\",\"name\":\"Organic Cotton Tote | Printa Berlin | Textilien und T-Shirts Bedrucken\",\"isPartOf\":{\"@id\":\"https:\\\/\\\/printaberlin.de\\\/en\\\/#website\"},\"primaryImageOfPage\":{\"@id\":\"https:\\\/\\\/printaberlin.de\\\/en\\\/product\\\/organic-cotton-tote\\\/#primaryimage\"},\"image\":{\"@id\":\"https:\\\/\\\/printaberlin.de\\\/en\\\/product\\\/organic-cotton-tote\\\/#primaryimage\"},\"thumbnailUrl\":\"https:\\\/\\\/printaberlin.de\\\/wp-content\\\/uploads\\\/2025\\\/09\\\/4745.png\",\"datePublished\":\"2025-04-03T13:43:16+00:00\",\"dateModified\":\"2025-09-21T20:30:16+00:00\",\"description\":\"Die Organic Cotton Tote W261 aus 100 % Bio-Baumwolle ist langlebig und ideal f\u00fcr Druck und Stickerei. Personalisieren Sie sie mit DTF-Druck oder Siebdruck.\",\"breadcrumb\":{\"@id\":\"https:\\\/\\\/printaberlin.de\\\/en\\\/product\\\/organic-cotton-tote\\\/#breadcrumb\"},\"inLanguage\":\"en-US\",\"potentialAction\":[{\"@type\":\"ReadAction\",\"target\":[\"https:\\\/\\\/printaberlin.de\\\/en\\\/product\\\/organic-cotton-tote\\\/\"]}]},{\"@type\":\"ImageObject\",\"inLanguage\":\"en-US\",\"@id\":\"https:\\\/\\\/printaberlin.de\\\/en\\\/product\\\/organic-cotton-tote\\\/#primaryimage\",\"url\":\"https:\\\/\\\/printaberlin.de\\\/wp-content\\\/uploads\\\/2025\\\/09\\\/4745.png\",\"contentUrl\":\"https:\\\/\\\/printaberlin.de\\\/wp-content\\\/uploads\\\/2025\\\/09\\\/4745.png\",\"width\":600,\"height\":749},{\"@type\":\"BreadcrumbList\",\"@id\":\"https:\\\/\\\/printaberlin.de\\\/en\\\/product\\\/organic-cotton-tote\\\/#breadcrumb\",\"itemListElement\":[{\"@type\":\"ListItem\",\"position\":1,\"name\":\"Home\",\"item\":\"https:\\\/\\\/printaberlin.de\\\/en\\\/\"},{\"@type\":\"ListItem\",\"position\":2,\"name\":\"Shop\",\"item\":\"https:\\\/\\\/printaberlin.de\\\/en\\\/shop\\\/\"},{\"@type\":\"ListItem\",\"position\":3,\"name\":\"Organic Cotton Tote\"}]},{\"@type\":\"WebSite\",\"@id\":\"https:\\\/\\\/printaberlin.de\\\/en\\\/#website\",\"url\":\"https:\\\/\\\/printaberlin.de\\\/en\\\/\",\"name\":\"Printa Berlin | Textilien und T-Shirts Bedrucken\",\"description\":\"Entdecken Sie Printa Berlin \u2013 Ihr Experte f\u00fcr personalisierten Druck! T-Shirts, Poloshirts, Hoodies, Sweatshirts, Taschen, Caps und mehr.\",\"publisher\":{\"@id\":\"https:\\\/\\\/printaberlin.de\\\/en\\\/#organization\"},\"potentialAction\":[{\"@type\":\"SearchAction\",\"target\":{\"@type\":\"EntryPoint\",\"urlTemplate\":\"https:\\\/\\\/printaberlin.de\\\/en\\\/?s={search_term_string}\"},\"query-input\":{\"@type\":\"PropertyValueSpecification\",\"valueRequired\":true,\"valueName\":\"search_term_string\"}}],\"inLanguage\":\"en-US\"},{\"@type\":\"Organization\",\"@id\":\"https:\\\/\\\/printaberlin.de\\\/en\\\/#organization\",\"name\":\"Printa Berlin\",\"url\":\"https:\\\/\\\/printaberlin.de\\\/en\\\/\",\"logo\":{\"@type\":\"ImageObject\",\"inLanguage\":\"en-US\",\"@id\":\"https:\\\/\\\/printaberlin.de\\\/en\\\/#\\\/schema\\\/logo\\\/image\\\/\",\"url\":\"https:\\\/\\\/printaberlin.de\\\/wp-content\\\/uploads\\\/2025\\\/03\\\/csdsdcdsc.png\",\"contentUrl\":\"https:\\\/\\\/printaberlin.de\\\/wp-content\\\/uploads\\\/2025\\\/03\\\/csdsdcdsc.png\",\"width\":512,\"height\":512,\"caption\":\"Printa Berlin\"},\"image\":{\"@id\":\"https:\\\/\\\/printaberlin.de\\\/en\\\/#\\\/schema\\\/logo\\\/image\\\/\"},\"sameAs\":[\"https:\\\/\\\/www.instagram.com\\\/printaberlin\\\/\"]}]}<\/script>\n<meta property=\"og:availability\" content=\"instock\" \/>\n<meta property=\"product:availability\" content=\"instock\" \/>\n<meta property=\"product:retailer_item_id\" content=\"PR15-2-1-1-1-2\" \/>\n<meta property=\"product:condition\" content=\"new\" \/>\n<!-- \/ Yoast SEO Premium plugin. -->","yoast_head_json":{"title":"Organic Cotton Tote | Printa Berlin | Textilien und T-Shirts Bedrucken","description":"Die Organic Cotton Tote W261 aus 100 % Bio-Baumwolle ist langlebig und ideal f\u00fcr Druck und Stickerei. Personalisieren Sie sie mit DTF-Druck oder Siebdruck.","robots":{"index":"index","follow":"follow","max-snippet":"max-snippet:-1","max-image-preview":"max-image-preview:large","max-video-preview":"max-video-preview:-1"},"canonical":"https:\/\/printaberlin.de\/en\/product\/organic-cotton-tote\/","og_locale":"en_US","og_type":"article","og_title":"Organic Cotton Tote","og_description":"Die Organic Cotton Tote W261 aus 100 % Bio-Baumwolle ist langlebig und ideal f\u00fcr Druck und Stickerei. Personalisieren Sie sie mit DTF-Druck oder Siebdruck.","og_url":"https:\/\/printaberlin.de\/en\/product\/organic-cotton-tote\/","og_site_name":"Printa Berlin | Textilien und T-Shirts Bedrucken","article_modified_time":"2025-09-21T20:30:16+00:00","og_image":[{"width":600,"height":749,"url":"https:\/\/printaberlin.de\/wp-content\/uploads\/2025\/09\/4745.png","type":"image\/png"}],"twitter_card":"summary_large_image","twitter_misc":{"Availability":"In stock"},"schema":{"@context":"https:\/\/schema.org","@graph":[{"@type":"WebPage","@id":"https:\/\/printaberlin.de\/en\/product\/organic-cotton-tote\/","url":"https:\/\/printaberlin.de\/en\/product\/organic-cotton-tote\/","name":"Organic Cotton Tote | Printa Berlin | Textilien und T-Shirts Bedrucken","isPartOf":{"@id":"https:\/\/printaberlin.de\/en\/#website"},"primaryImageOfPage":{"@id":"https:\/\/printaberlin.de\/en\/product\/organic-cotton-tote\/#primaryimage"},"image":{"@id":"https:\/\/printaberlin.de\/en\/product\/organic-cotton-tote\/#primaryimage"},"thumbnailUrl":"https:\/\/printaberlin.de\/wp-content\/uploads\/2025\/09\/4745.png","datePublished":"2025-04-03T13:43:16+00:00","dateModified":"2025-09-21T20:30:16+00:00","description":"Die Organic Cotton Tote W261 aus 100 % Bio-Baumwolle ist langlebig und ideal f\u00fcr Druck und Stickerei. Personalisieren Sie sie mit DTF-Druck oder Siebdruck.","breadcrumb":{"@id":"https:\/\/printaberlin.de\/en\/product\/organic-cotton-tote\/#breadcrumb"},"inLanguage":"en-US","potentialAction":[{"@type":"ReadAction","target":["https:\/\/printaberlin.de\/en\/product\/organic-cotton-tote\/"]}]},{"@type":"ImageObject","inLanguage":"en-US","@id":"https:\/\/printaberlin.de\/en\/product\/organic-cotton-tote\/#primaryimage","url":"https:\/\/printaberlin.de\/wp-content\/uploads\/2025\/09\/4745.png","contentUrl":"https:\/\/printaberlin.de\/wp-content\/uploads\/2025\/09\/4745.png","width":600,"height":749},{"@type":"BreadcrumbList","@id":"https:\/\/printaberlin.de\/en\/product\/organic-cotton-tote\/#breadcrumb","itemListElement":[{"@type":"ListItem","position":1,"name":"Home","item":"https:\/\/printaberlin.de\/en\/"},{"@type":"ListItem","position":2,"name":"Shop","item":"https:\/\/printaberlin.de\/en\/shop\/"},{"@type":"ListItem","position":3,"name":"Organic Cotton Tote"}]},{"@type":"WebSite","@id":"https:\/\/printaberlin.de\/en\/#website","url":"https:\/\/printaberlin.de\/en\/","name":"Printa Berlin | Textilien und T-Shirts Bedrucken","description":"Entdecken Sie Printa Berlin \u2013 Ihr Experte f\u00fcr personalisierten Druck! T-Shirts, Poloshirts, Hoodies, Sweatshirts, Taschen, Caps und mehr.","publisher":{"@id":"https:\/\/printaberlin.de\/en\/#organization"},"potentialAction":[{"@type":"SearchAction","target":{"@type":"EntryPoint","urlTemplate":"https:\/\/printaberlin.de\/en\/?s={search_term_string}"},"query-input":{"@type":"PropertyValueSpecification","valueRequired":true,"valueName":"search_term_string"}}],"inLanguage":"en-US"},{"@type":"Organization","@id":"https:\/\/printaberlin.de\/en\/#organization","name":"Printa Berlin","url":"https:\/\/printaberlin.de\/en\/","logo":{"@type":"ImageObject","inLanguage":"en-US","@id":"https:\/\/printaberlin.de\/en\/#\/schema\/logo\/image\/","url":"https:\/\/printaberlin.de\/wp-content\/uploads\/2025\/03\/csdsdcdsc.png","contentUrl":"https:\/\/printaberlin.de\/wp-content\/uploads\/2025\/03\/csdsdcdsc.png","width":512,"height":512,"caption":"Printa Berlin"},"image":{"@id":"https:\/\/printaberlin.de\/en\/#\/schema\/logo\/image\/"},"sameAs":["https:\/\/www.instagram.com\/printaberlin\/"]}]},"og_availability":"instock","product_availability":"instock","product_retailer_item_id":"PR15-2-1-1-1-2","product_condition":"new"},"_links":{"self":[{"href":"https:\/\/printaberlin.de\/en\/wp-json\/wp\/v2\/product\/25115","targetHints":{"allow":["GET"]}}],"collection":[{"href":"https:\/\/printaberlin.de\/en\/wp-json\/wp\/v2\/product"}],"about":[{"href":"https:\/\/printaberlin.de\/en\/wp-json\/wp\/v2\/types\/product"}],"replies":[{"embeddable":true,"href":"https:\/\/printaberlin.de\/en\/wp-json\/wp\/v2\/comments?post=25115"}],"wp:featuredmedia":[{"embeddable":true,"href":"https:\/\/printaberlin.de\/en\/wp-json\/wp\/v2\/media\/26579"}],"wp:attachment":[{"href":"https:\/\/printaberlin.de\/en\/wp-json\/wp\/v2\/media?parent=25115"}],"wp:term":[{"taxonomy":"product_brand","embeddable":true,"href":"https:\/\/printaberlin.de\/en\/wp-json\/wp\/v2\/product_brand?post=25115"},{"taxonomy":"product_cat","embeddable":true,"href":"https:\/\/printaberlin.de\/en\/wp-json\/wp\/v2\/product_cat?post=25115"},{"taxonomy":"product_tag","embeddable":true,"href":"https:\/\/printaberlin.de\/en\/wp-json\/wp\/v2\/product_tag?post=25115"},{"taxonomy":"producproduct-categroyt-categroy","embeddable":true,"href":"https:\/\/printaberlin.de\/en\/wp-json\/wp\/v2\/producproduct-categroyt-categroy?post=25115"}],"curies":[{"name":"wp","href":"https:\/\/api.w.org\/{rel}","templated":true}]}}