{"id":25101,"date":"2025-04-03T14:13:37","date_gmt":"2025-04-03T14:13:37","guid":{"rendered":"https:\/\/printaberlin.de\/product\/oversized-sweatshirt-radder-2-0\/"},"modified":"2025-09-21T20:30:15","modified_gmt":"2025-09-21T20:30:15","slug":"oversized-sweatshirt-radder-2-0","status":"publish","type":"product","link":"https:\/\/printaberlin.de\/en\/product\/oversized-sweatshirt-radder-2-0\/","title":{"rendered":"Oversized Sweatshirt Radder 2.0"},"content":{"rendered":"<h3>Oversized Sweatshirt Radder 2.0 \u2013 fair, bedruckbar &amp; modern geschnitten<\/h3>\n<p class=\"\" data-start=\"624\" data-end=\"983\">Das <strong data-start=\"628\" data-end=\"652\">Oversized Sweatshirt<\/strong> <em data-start=\"653\" data-end=\"665\">Radder 2.0<\/em> von Stanley\/Stella ist die perfekte Wahl f\u00fcr alle, die einen <strong data-start=\"727\" data-end=\"760\">modernen, gro\u00dfz\u00fcgigen Schnitt<\/strong>, <strong data-start=\"762\" data-end=\"789\">hochwertige Materialien<\/strong> und <strong data-start=\"794\" data-end=\"817\">Veredelungsoptionen<\/strong> suchen. Gefertigt aus <strong data-start=\"840\" data-end=\"890\">100\u202f% gek\u00e4mmter, ringgesponnener Bio-Baumwolle<\/strong>, ist es nicht nur umweltfreundlich, sondern bietet auch ein weiches, angenehmes Tragegef\u00fchl.<\/p>\n<p class=\"\" data-start=\"985\" data-end=\"1417\">Mit einem Stoffgewicht von <strong data-start=\"1012\" data-end=\"1024\">350 g\/m\u00b2<\/strong> und einem l\u00e4ssigen Oversize-Fit eignet sich dieses Sweatshirt ideal f\u00fcr coole Streetwear-Looks, f\u00fcr <strong data-start=\"1125\" data-end=\"1150\">Sweatshirt Damen lang<\/strong> oder auch f\u00fcr kreative Marken, die auf Qualit\u00e4t setzen. Die <strong data-start=\"1211\" data-end=\"1227\">Set-In-\u00c4rmel<\/strong>, die <strong data-start=\"1233\" data-end=\"1253\">2&#215;1 Rippb\u00fcndchen<\/strong> und das <strong data-start=\"1262\" data-end=\"1288\">Fischgr\u00e4ten-Nackenband<\/strong> sorgen f\u00fcr Haltbarkeit und Tragekomfort. Die doppelt gen\u00e4hten S\u00e4ume machen es zudem besonders stabil \u2013 auch nach vielen W\u00e4schen.<\/p>\n<p class=\"\" data-start=\"1419\" data-end=\"1434\"><strong data-start=\"1419\" data-end=\"1434\">Highlights:<\/strong><\/p>\n<ul data-start=\"1435\" data-end=\"1646\">\n<li class=\"\" data-start=\"1435\" data-end=\"1480\">\n<p class=\"\" data-start=\"1437\" data-end=\"1480\">Oversize-Crewneck f\u00fcr einen modernen Look<\/p>\n<\/li>\n<li class=\"\" data-start=\"1481\" data-end=\"1527\">\n<p class=\"\" data-start=\"1483\" data-end=\"1527\">Vorgewaschener Stoff f\u00fcr Formbest\u00e4ndigkeit<\/p>\n<\/li>\n<li class=\"\" data-start=\"1528\" data-end=\"1588\">\n<p class=\"\" data-start=\"1530\" data-end=\"1588\">Ideal f\u00fcr <strong data-start=\"1540\" data-end=\"1553\">DTF-Druck<\/strong>, <strong data-start=\"1555\" data-end=\"1568\">Siebdruck<\/strong> und <strong data-start=\"1573\" data-end=\"1586\">Stickerei<\/strong><\/p>\n<\/li>\n<li class=\"\" data-start=\"1589\" data-end=\"1646\">\n<p class=\"\" data-start=\"1591\" data-end=\"1646\">Erh\u00e4ltlich in verschiedenen Farben und Gr\u00f6\u00dfen (XXS\u20133XL)<\/p>\n<\/li>\n<\/ul>\n<p class=\"\" data-start=\"1648\" data-end=\"1832\">Ob du ein <strong data-start=\"1658\" data-end=\"1681\">Oversize Sweatshirt<\/strong>, eine <strong data-start=\"1688\" data-end=\"1710\">kurze Hoodie Damen<\/strong>, eine <strong data-start=\"1717\" data-end=\"1740\">Oversize Sweatjacke<\/strong> oder ein Basics-Piece suchst \u2013 der <em data-start=\"1776\" data-end=\"1788\">Radder 2.0<\/em> bietet alles, was deine Kollektion braucht.<\/p>\n<p data-start=\"1985\" data-end=\"2370\"><img decoding=\"async\" class=\"alignnone size-medium wp-image-7209\" src=\"https:\/\/printaberlin.de\/staging\/2315\/wp-content\/uploads\/2025\/03\/Frame-37-300x59.png\" alt=\"\" width=\"300\" height=\"59\" srcset=\"https:\/\/printaberlin.de\/wp-content\/uploads\/2025\/03\/Frame-37-300x59.png 300w, https:\/\/printaberlin.de\/wp-content\/uploads\/2025\/03\/Frame-37-1024x200.png 1024w, https:\/\/printaberlin.de\/wp-content\/uploads\/2025\/03\/Frame-37-768x150.png 768w, https:\/\/printaberlin.de\/wp-content\/uploads\/2025\/03\/Frame-37-1536x301.png 1536w, https:\/\/printaberlin.de\/wp-content\/uploads\/2025\/03\/Frame-37-260x51.png 260w, https:\/\/printaberlin.de\/wp-content\/uploads\/2025\/03\/Frame-37-500x98.png 500w, https:\/\/printaberlin.de\/wp-content\/uploads\/2025\/03\/Frame-37.png 1650w\" sizes=\"(max-width: 300px) 100vw, 300px\" \/><\/p>\n","protected":false},"excerpt":{"rendered":"<p>Oversize-Crewneck-Sweatshirt \u2013 fair, bequem &amp; perfekt veredelbar.<br \/>\n<strong>By Stanley Stella<\/strong><\/p>\n","protected":false},"featured_media":30957,"comment_status":"closed","ping_status":"closed","template":"","meta":{"nf_dc_page":""},"product_brand":[32],"product_cat":[431,432],"product_tag":[430],"producproduct-categroyt-categroy":[],"class_list":{"0":"post-25101","1":"product","2":"type-product","3":"status-publish","4":"has-post-thumbnail","6":"product_brand-stanley-stella","7":"product_cat-oversized-hoodie-bedrucken","8":"product_cat-sweatshirt-bedrucken","9":"product_tag-unisex","11":"first","12":"instock","13":"shipping-taxable","14":"purchasable","15":"product-type-variable","16":"has-default-attributes","17":"wvs-archive-product-wrapper"},"yoast_head":"<!-- This site is optimized with the Yoast SEO Premium plugin v24.6 (Yoast SEO v27.4) - https:\/\/yoast.com\/product\/yoast-seo-premium-wordpress\/ -->\n<title>Oversized Sweatshirt Radder 2.0 | Printa Berlin | Textilien und T-Shirts Bedrucken<\/title>\n<meta name=\"description\" content=\"Oversized Sweatshirt Radder 2.0 aus Bio-Baumwolle \u2013 modern, fair &amp; ideal zum Bedrucken f\u00fcr Damen, Herren und nachhaltige Labels.\" \/>\n<meta name=\"robots\" content=\"index, follow, max-snippet:-1, max-image-preview:large, max-video-preview:-1\" \/>\n<link rel=\"canonical\" href=\"https:\/\/printaberlin.de\/en\/product\/oversized-sweatshirt-radder-2-0\/\" \/>\n<meta property=\"og:locale\" content=\"en_US\" \/>\n<meta property=\"og:type\" content=\"article\" \/>\n<meta property=\"og:title\" content=\"Oversized Sweatshirt Radder 2.0\" \/>\n<meta property=\"og:description\" content=\"Oversized Sweatshirt Radder 2.0 aus Bio-Baumwolle \u2013 modern, fair &amp; ideal zum Bedrucken f\u00fcr Damen, Herren und nachhaltige Labels.\" \/>\n<meta property=\"og:url\" content=\"https:\/\/printaberlin.de\/en\/product\/oversized-sweatshirt-radder-2-0\/\" \/>\n<meta property=\"og:site_name\" content=\"Printa Berlin | Textilien und T-Shirts Bedrucken\" \/>\n<meta property=\"article:modified_time\" content=\"2025-09-21T20:30:15+00:00\" \/>\n<meta property=\"og:image\" content=\"https:\/\/printaberlin.de\/wp-content\/uploads\/2025\/09\/878787878.png\" \/>\n\t<meta property=\"og:image:width\" content=\"600\" \/>\n\t<meta property=\"og:image:height\" content=\"749\" \/>\n\t<meta property=\"og:image:type\" content=\"image\/png\" \/>\n<meta name=\"twitter:card\" content=\"summary_large_image\" \/>\n<meta name=\"twitter:label1\" content=\"Availability\" \/>\n\t<meta name=\"twitter:data1\" content=\"In stock\" \/>\n<script type=\"application\/ld+json\" class=\"yoast-schema-graph\">{\"@context\":\"https:\\\/\\\/schema.org\",\"@graph\":[{\"@type\":\"WebPage\",\"@id\":\"https:\\\/\\\/printaberlin.de\\\/en\\\/product\\\/oversized-sweatshirt-radder-2-0\\\/\",\"url\":\"https:\\\/\\\/printaberlin.de\\\/en\\\/product\\\/oversized-sweatshirt-radder-2-0\\\/\",\"name\":\"Oversized Sweatshirt Radder 2.0 | Printa Berlin | Textilien und T-Shirts Bedrucken\",\"isPartOf\":{\"@id\":\"https:\\\/\\\/printaberlin.de\\\/en\\\/#website\"},\"primaryImageOfPage\":{\"@id\":\"https:\\\/\\\/printaberlin.de\\\/en\\\/product\\\/oversized-sweatshirt-radder-2-0\\\/#primaryimage\"},\"image\":{\"@id\":\"https:\\\/\\\/printaberlin.de\\\/en\\\/product\\\/oversized-sweatshirt-radder-2-0\\\/#primaryimage\"},\"thumbnailUrl\":\"https:\\\/\\\/printaberlin.de\\\/wp-content\\\/uploads\\\/2025\\\/09\\\/878787878.png\",\"datePublished\":\"2025-04-03T14:13:37+00:00\",\"dateModified\":\"2025-09-21T20:30:15+00:00\",\"description\":\"Oversized Sweatshirt Radder 2.0 aus Bio-Baumwolle \u2013 modern, fair & ideal zum Bedrucken f\u00fcr Damen, Herren und nachhaltige Labels.\",\"breadcrumb\":{\"@id\":\"https:\\\/\\\/printaberlin.de\\\/en\\\/product\\\/oversized-sweatshirt-radder-2-0\\\/#breadcrumb\"},\"inLanguage\":\"en-US\",\"potentialAction\":[{\"@type\":\"ReadAction\",\"target\":[\"https:\\\/\\\/printaberlin.de\\\/en\\\/product\\\/oversized-sweatshirt-radder-2-0\\\/\"]}]},{\"@type\":\"ImageObject\",\"inLanguage\":\"en-US\",\"@id\":\"https:\\\/\\\/printaberlin.de\\\/en\\\/product\\\/oversized-sweatshirt-radder-2-0\\\/#primaryimage\",\"url\":\"https:\\\/\\\/printaberlin.de\\\/wp-content\\\/uploads\\\/2025\\\/09\\\/878787878.png\",\"contentUrl\":\"https:\\\/\\\/printaberlin.de\\\/wp-content\\\/uploads\\\/2025\\\/09\\\/878787878.png\",\"width\":600,\"height\":749},{\"@type\":\"BreadcrumbList\",\"@id\":\"https:\\\/\\\/printaberlin.de\\\/en\\\/product\\\/oversized-sweatshirt-radder-2-0\\\/#breadcrumb\",\"itemListElement\":[{\"@type\":\"ListItem\",\"position\":1,\"name\":\"Home\",\"item\":\"https:\\\/\\\/printaberlin.de\\\/en\\\/\"},{\"@type\":\"ListItem\",\"position\":2,\"name\":\"Shop\",\"item\":\"https:\\\/\\\/printaberlin.de\\\/en\\\/shop\\\/\"},{\"@type\":\"ListItem\",\"position\":3,\"name\":\"Oversized Sweatshirt Radder 2.0\"}]},{\"@type\":\"WebSite\",\"@id\":\"https:\\\/\\\/printaberlin.de\\\/en\\\/#website\",\"url\":\"https:\\\/\\\/printaberlin.de\\\/en\\\/\",\"name\":\"Printa Berlin | Textilien und T-Shirts Bedrucken\",\"description\":\"Entdecken Sie Printa Berlin \u2013 Ihr Experte f\u00fcr personalisierten Druck! T-Shirts, Poloshirts, Hoodies, Sweatshirts, Taschen, Caps und mehr.\",\"publisher\":{\"@id\":\"https:\\\/\\\/printaberlin.de\\\/en\\\/#organization\"},\"potentialAction\":[{\"@type\":\"SearchAction\",\"target\":{\"@type\":\"EntryPoint\",\"urlTemplate\":\"https:\\\/\\\/printaberlin.de\\\/en\\\/?s={search_term_string}\"},\"query-input\":{\"@type\":\"PropertyValueSpecification\",\"valueRequired\":true,\"valueName\":\"search_term_string\"}}],\"inLanguage\":\"en-US\"},{\"@type\":\"Organization\",\"@id\":\"https:\\\/\\\/printaberlin.de\\\/en\\\/#organization\",\"name\":\"Printa Berlin\",\"url\":\"https:\\\/\\\/printaberlin.de\\\/en\\\/\",\"logo\":{\"@type\":\"ImageObject\",\"inLanguage\":\"en-US\",\"@id\":\"https:\\\/\\\/printaberlin.de\\\/en\\\/#\\\/schema\\\/logo\\\/image\\\/\",\"url\":\"https:\\\/\\\/printaberlin.de\\\/wp-content\\\/uploads\\\/2025\\\/03\\\/csdsdcdsc.png\",\"contentUrl\":\"https:\\\/\\\/printaberlin.de\\\/wp-content\\\/uploads\\\/2025\\\/03\\\/csdsdcdsc.png\",\"width\":512,\"height\":512,\"caption\":\"Printa Berlin\"},\"image\":{\"@id\":\"https:\\\/\\\/printaberlin.de\\\/en\\\/#\\\/schema\\\/logo\\\/image\\\/\"},\"sameAs\":[\"https:\\\/\\\/www.instagram.com\\\/printaberlin\\\/\"]}]}<\/script>\n<meta property=\"og:availability\" content=\"instock\" \/>\n<meta property=\"product:availability\" content=\"instock\" \/>\n<meta property=\"product:condition\" content=\"new\" \/>\n<!-- \/ Yoast SEO Premium plugin. -->","yoast_head_json":{"title":"Oversized Sweatshirt Radder 2.0 | Printa Berlin | Textilien und T-Shirts Bedrucken","description":"Oversized Sweatshirt Radder 2.0 aus Bio-Baumwolle \u2013 modern, fair & ideal zum Bedrucken f\u00fcr Damen, Herren und nachhaltige Labels.","robots":{"index":"index","follow":"follow","max-snippet":"max-snippet:-1","max-image-preview":"max-image-preview:large","max-video-preview":"max-video-preview:-1"},"canonical":"https:\/\/printaberlin.de\/en\/product\/oversized-sweatshirt-radder-2-0\/","og_locale":"en_US","og_type":"article","og_title":"Oversized Sweatshirt Radder 2.0","og_description":"Oversized Sweatshirt Radder 2.0 aus Bio-Baumwolle \u2013 modern, fair & ideal zum Bedrucken f\u00fcr Damen, Herren und nachhaltige Labels.","og_url":"https:\/\/printaberlin.de\/en\/product\/oversized-sweatshirt-radder-2-0\/","og_site_name":"Printa Berlin | Textilien und T-Shirts Bedrucken","article_modified_time":"2025-09-21T20:30:15+00:00","og_image":[{"width":600,"height":749,"url":"https:\/\/printaberlin.de\/wp-content\/uploads\/2025\/09\/878787878.png","type":"image\/png"}],"twitter_card":"summary_large_image","twitter_misc":{"Availability":"In stock"},"schema":{"@context":"https:\/\/schema.org","@graph":[{"@type":"WebPage","@id":"https:\/\/printaberlin.de\/en\/product\/oversized-sweatshirt-radder-2-0\/","url":"https:\/\/printaberlin.de\/en\/product\/oversized-sweatshirt-radder-2-0\/","name":"Oversized Sweatshirt Radder 2.0 | Printa Berlin | Textilien und T-Shirts Bedrucken","isPartOf":{"@id":"https:\/\/printaberlin.de\/en\/#website"},"primaryImageOfPage":{"@id":"https:\/\/printaberlin.de\/en\/product\/oversized-sweatshirt-radder-2-0\/#primaryimage"},"image":{"@id":"https:\/\/printaberlin.de\/en\/product\/oversized-sweatshirt-radder-2-0\/#primaryimage"},"thumbnailUrl":"https:\/\/printaberlin.de\/wp-content\/uploads\/2025\/09\/878787878.png","datePublished":"2025-04-03T14:13:37+00:00","dateModified":"2025-09-21T20:30:15+00:00","description":"Oversized Sweatshirt Radder 2.0 aus Bio-Baumwolle \u2013 modern, fair & ideal zum Bedrucken f\u00fcr Damen, Herren und nachhaltige Labels.","breadcrumb":{"@id":"https:\/\/printaberlin.de\/en\/product\/oversized-sweatshirt-radder-2-0\/#breadcrumb"},"inLanguage":"en-US","potentialAction":[{"@type":"ReadAction","target":["https:\/\/printaberlin.de\/en\/product\/oversized-sweatshirt-radder-2-0\/"]}]},{"@type":"ImageObject","inLanguage":"en-US","@id":"https:\/\/printaberlin.de\/en\/product\/oversized-sweatshirt-radder-2-0\/#primaryimage","url":"https:\/\/printaberlin.de\/wp-content\/uploads\/2025\/09\/878787878.png","contentUrl":"https:\/\/printaberlin.de\/wp-content\/uploads\/2025\/09\/878787878.png","width":600,"height":749},{"@type":"BreadcrumbList","@id":"https:\/\/printaberlin.de\/en\/product\/oversized-sweatshirt-radder-2-0\/#breadcrumb","itemListElement":[{"@type":"ListItem","position":1,"name":"Home","item":"https:\/\/printaberlin.de\/en\/"},{"@type":"ListItem","position":2,"name":"Shop","item":"https:\/\/printaberlin.de\/en\/shop\/"},{"@type":"ListItem","position":3,"name":"Oversized Sweatshirt Radder 2.0"}]},{"@type":"WebSite","@id":"https:\/\/printaberlin.de\/en\/#website","url":"https:\/\/printaberlin.de\/en\/","name":"Printa Berlin | Textilien und T-Shirts Bedrucken","description":"Entdecken Sie Printa Berlin \u2013 Ihr Experte f\u00fcr personalisierten Druck! T-Shirts, Poloshirts, Hoodies, Sweatshirts, Taschen, Caps und mehr.","publisher":{"@id":"https:\/\/printaberlin.de\/en\/#organization"},"potentialAction":[{"@type":"SearchAction","target":{"@type":"EntryPoint","urlTemplate":"https:\/\/printaberlin.de\/en\/?s={search_term_string}"},"query-input":{"@type":"PropertyValueSpecification","valueRequired":true,"valueName":"search_term_string"}}],"inLanguage":"en-US"},{"@type":"Organization","@id":"https:\/\/printaberlin.de\/en\/#organization","name":"Printa Berlin","url":"https:\/\/printaberlin.de\/en\/","logo":{"@type":"ImageObject","inLanguage":"en-US","@id":"https:\/\/printaberlin.de\/en\/#\/schema\/logo\/image\/","url":"https:\/\/printaberlin.de\/wp-content\/uploads\/2025\/03\/csdsdcdsc.png","contentUrl":"https:\/\/printaberlin.de\/wp-content\/uploads\/2025\/03\/csdsdcdsc.png","width":512,"height":512,"caption":"Printa Berlin"},"image":{"@id":"https:\/\/printaberlin.de\/en\/#\/schema\/logo\/image\/"},"sameAs":["https:\/\/www.instagram.com\/printaberlin\/"]}]},"og_availability":"instock","product_availability":"instock","product_condition":"new"},"_links":{"self":[{"href":"https:\/\/printaberlin.de\/en\/wp-json\/wp\/v2\/product\/25101","targetHints":{"allow":["GET"]}}],"collection":[{"href":"https:\/\/printaberlin.de\/en\/wp-json\/wp\/v2\/product"}],"about":[{"href":"https:\/\/printaberlin.de\/en\/wp-json\/wp\/v2\/types\/product"}],"replies":[{"embeddable":true,"href":"https:\/\/printaberlin.de\/en\/wp-json\/wp\/v2\/comments?post=25101"}],"wp:featuredmedia":[{"embeddable":true,"href":"https:\/\/printaberlin.de\/en\/wp-json\/wp\/v2\/media\/30957"}],"wp:attachment":[{"href":"https:\/\/printaberlin.de\/en\/wp-json\/wp\/v2\/media?parent=25101"}],"wp:term":[{"taxonomy":"product_brand","embeddable":true,"href":"https:\/\/printaberlin.de\/en\/wp-json\/wp\/v2\/product_brand?post=25101"},{"taxonomy":"product_cat","embeddable":true,"href":"https:\/\/printaberlin.de\/en\/wp-json\/wp\/v2\/product_cat?post=25101"},{"taxonomy":"product_tag","embeddable":true,"href":"https:\/\/printaberlin.de\/en\/wp-json\/wp\/v2\/product_tag?post=25101"},{"taxonomy":"producproduct-categroyt-categroy","embeddable":true,"href":"https:\/\/printaberlin.de\/en\/wp-json\/wp\/v2\/producproduct-categroyt-categroy?post=25101"}],"curies":[{"name":"wp","href":"https:\/\/api.w.org\/{rel}","templated":true}]}}