{"id":25097,"date":"2025-04-03T14:40:11","date_gmt":"2025-04-03T14:40:11","guid":{"rendered":"https:\/\/printaberlin.de\/product\/bucket-hat\/"},"modified":"2025-09-21T20:30:15","modified_gmt":"2025-09-21T20:30:15","slug":"bucket-hat","status":"publish","type":"product","link":"https:\/\/printaberlin.de\/en\/product\/bucket-hat\/","title":{"rendered":"Bucket Hat"},"content":{"rendered":"<div class=\"mb-3\">\n<h3 data-start=\"0\" data-end=\"46\"><strong data-start=\"0\" data-end=\"46\">Bucket Hat: Stylisch, Robust und Anpassbar<\/strong><\/h3>\n<p class=\"\" data-start=\"48\" data-end=\"655\">Der <strong data-start=\"52\" data-end=\"66\">Bucket Hat<\/strong> STAU893 von Stanley Stella kombiniert modischen Look und nachhaltige Materialien f\u00fcr h\u00f6chsten Komfort und Stil. Hergestellt aus 80 % recycelter Baumwolle und 20 % recyceltem Polyester mit einem Gewicht von 300 GSM, ist dieser Hut sowohl umweltfreundlich als auch robust. Die doppelte Absteppung an den Seitenn\u00e4hten und rund um den Hutdeckel sorgt f\u00fcr zus\u00e4tzliche Haltbarkeit, w\u00e4hrend die gestickten Bel\u00fcftungs\u00f6sen f\u00fcr bessere Atmungsaktivit\u00e4t und ein angenehmes Tragegef\u00fchl sorgen. Der untere Krempenrand ist mit einem Einfassband versehen, was dem Hut einen eleganten Abschluss verleiht.<\/p>\n<p class=\"\" data-start=\"657\" data-end=\"1074\">Mit einer Gr\u00f6\u00dfe von S\/M bis M\/L passt dieser Hut den meisten Kopfgr\u00f6\u00dfen. Das Futter besteht aus 100 % Bio-Baumwolle, was zus\u00e4tzlichen Komfort bietet. Der <strong data-start=\"811\" data-end=\"825\">Bucket Hat<\/strong> ist nicht nur eine gro\u00dfartige Wahl f\u00fcr den pers\u00f6nlichen Gebrauch, sondern eignet sich auch perfekt f\u00fcr <strong data-start=\"929\" data-end=\"938\">Druck<\/strong> und <strong data-start=\"943\" data-end=\"956\">Stickerei<\/strong>. Das robuste Material und die hervorragende Oberfl\u00e4che machen ihn zu einer idealen Wahl f\u00fcr ma\u00dfgeschneiderte Designs.<\/p>\n<h4 data-start=\"1076\" data-end=\"1108\"><strong data-start=\"1076\" data-end=\"1108\">Hauptmerkmale des Bucket Hat<\/strong><\/h4>\n<ul data-start=\"1110\" data-end=\"1679\">\n<li class=\"\" data-start=\"1110\" data-end=\"1188\">\n<p class=\"\" data-start=\"1112\" data-end=\"1188\"><strong data-start=\"1112\" data-end=\"1167\">80 % recycelte Baumwolle, 20 % recyceltes Polyester<\/strong> f\u00fcr Nachhaltigkeit<\/p>\n<\/li>\n<li class=\"\" data-start=\"1189\" data-end=\"1258\">\n<p class=\"\" data-start=\"1191\" data-end=\"1258\"><strong data-start=\"1191\" data-end=\"1210\">300 GSM Gewicht<\/strong> f\u00fcr eine stabile und langlebige Kopfbedeckung<\/p>\n<\/li>\n<li class=\"\" data-start=\"1259\" data-end=\"1319\">\n<p class=\"\" data-start=\"1261\" data-end=\"1319\"><strong data-start=\"1261\" data-end=\"1279\">Gestickte \u00d6sen<\/strong> f\u00fcr verbesserte Bel\u00fcftung und Komfort<\/p>\n<\/li>\n<li class=\"\" data-start=\"1320\" data-end=\"1417\">\n<p class=\"\" data-start=\"1322\" data-end=\"1417\"><strong data-start=\"1322\" data-end=\"1345\">Doppelte Absteppung<\/strong> an Seitenn\u00e4hten und rund um den Hutdeckel f\u00fcr zus\u00e4tzliche Haltbarkeit<\/p>\n<\/li>\n<li class=\"\" data-start=\"1418\" data-end=\"1488\">\n<p class=\"\" data-start=\"1420\" data-end=\"1488\"><strong data-start=\"1420\" data-end=\"1457\">Einfassband an der unteren Krempe<\/strong> f\u00fcr eine saubere, edle Optik<\/p>\n<\/li>\n<li class=\"\" data-start=\"1489\" data-end=\"1552\">\n<p class=\"\" data-start=\"1491\" data-end=\"1552\"><strong data-start=\"1491\" data-end=\"1525\">Futter aus 100 % Bio-Baumwolle<\/strong> f\u00fcr zus\u00e4tzlichen Komfort<\/p>\n<\/li>\n<li class=\"\" data-start=\"1553\" data-end=\"1607\">\n<p class=\"\" data-start=\"1555\" data-end=\"1607\"><strong data-start=\"1555\" data-end=\"1565\">Gr\u00f6\u00dfen<\/strong>: S\/M, M\/L f\u00fcr eine universelle Passform<\/p>\n<\/li>\n<li class=\"\" data-start=\"1608\" data-end=\"1679\">\n<p class=\"\" data-start=\"1610\" data-end=\"1679\"><strong data-start=\"1610\" data-end=\"1643\">Ideal f\u00fcr Stickerei und Druck<\/strong> f\u00fcr Ihre personalisierten Designs<\/p>\n<\/li>\n<\/ul>\n<h4 data-start=\"1681\" data-end=\"1740\"><strong data-start=\"1681\" data-end=\"1740\">Individuelle Druckdienstleistungen f\u00fcr Ihren Bucket Hat<\/strong><\/h4>\n<p class=\"\" data-start=\"1742\" data-end=\"1888\">Verleihen Sie Ihrem <strong data-start=\"1762\" data-end=\"1776\">Bucket Hat<\/strong> eine individuelle Note mit unseren professionellen <strong data-start=\"1828\" data-end=\"1853\">Druckdienstleistungen<\/strong>. Wir bieten folgende Techniken an:<\/p>\n<ul data-start=\"1890\" data-end=\"2074\">\n<li class=\"\" data-start=\"1890\" data-end=\"1948\">\n<p class=\"\" data-start=\"1892\" data-end=\"1948\"><strong data-start=\"1892\" data-end=\"1905\">DTF-Druck<\/strong>: Ideal f\u00fcr lebendige, langlebige Designs<\/p>\n<\/li>\n<li class=\"\" data-start=\"1949\" data-end=\"2008\">\n<p class=\"\" data-start=\"1951\" data-end=\"2008\"><strong data-start=\"1951\" data-end=\"1964\">Siebdruck<\/strong>: Perfekt f\u00fcr kr\u00e4ftige, gro\u00dffl\u00e4chige Logos<\/p>\n<\/li>\n<li class=\"\" data-start=\"2009\" data-end=\"2074\">\n<p class=\"\" data-start=\"2011\" data-end=\"2074\"><strong data-start=\"2011\" data-end=\"2024\">Stickerei<\/strong>: Verleiht Ihrem Hut eine edle, hochwertige Note<\/p>\n<\/li>\n<\/ul>\n<h4 data-start=\"2076\" data-end=\"2108\"><strong data-start=\"2076\" data-end=\"2108\">Warum den Bucket Hat w\u00e4hlen?<\/strong><\/h4>\n<p class=\"\" data-start=\"2110\" data-end=\"2518\">Der <strong data-start=\"2114\" data-end=\"2128\">Bucket Hat<\/strong> ist die perfekte Wahl f\u00fcr alle, die eine stilvolle, langlebige und anpassbare Kopfbedeckung suchen. Mit seiner robusten Konstruktion und der hervorragenden Oberfl\u00e4che f\u00fcr <strong data-start=\"2300\" data-end=\"2309\">Druck<\/strong> und <strong data-start=\"2314\" data-end=\"2327\">Stickerei<\/strong> k\u00f6nnen Sie diesen Hut ganz nach Ihren Vorstellungen gestalten. Nutzen Sie unsere <strong data-start=\"2409\" data-end=\"2434\">Druckdienstleistungen<\/strong>, um Ihr Design zu kreieren und den Hut zu einem einzigartigen Accessoire zu machen.<\/p>\n<\/div>\n<p data-start=\"1683\" data-end=\"2032\">\u00a0<img decoding=\"async\" class=\"alignnone size-medium wp-image-7209\" src=\"https:\/\/printaberlin.de\/staging\/2315\/wp-content\/uploads\/2025\/03\/Frame-37-300x59.png\" alt=\"\" width=\"300\" height=\"59\" srcset=\"https:\/\/printaberlin.de\/wp-content\/uploads\/2025\/03\/Frame-37-300x59.png 300w, https:\/\/printaberlin.de\/wp-content\/uploads\/2025\/03\/Frame-37-1024x200.png 1024w, https:\/\/printaberlin.de\/wp-content\/uploads\/2025\/03\/Frame-37-768x150.png 768w, https:\/\/printaberlin.de\/wp-content\/uploads\/2025\/03\/Frame-37-1536x301.png 1536w, https:\/\/printaberlin.de\/wp-content\/uploads\/2025\/03\/Frame-37-260x51.png 260w, https:\/\/printaberlin.de\/wp-content\/uploads\/2025\/03\/Frame-37-500x98.png 500w, https:\/\/printaberlin.de\/wp-content\/uploads\/2025\/03\/Frame-37.png 1650w\" sizes=\"(max-width: 300px) 100vw, 300px\" \/><\/p>\n<div class=\"mb-3\">\n<div class=\"child-p:mb-2 last:child-p:mb-0\">\n<div class=\"child-p:mb-2 last:child-p:mb-0\"><\/div>\n<\/div>\n<\/div>\n","protected":false},"excerpt":{"rendered":"<p>Stylischer Bucket Hat aus recycelter Baumwolle, ideal f\u00fcr Druck und Stickerei.<br \/>\n<strong>By Stanley Stella<\/strong><\/p>\n","protected":false},"featured_media":30959,"comment_status":"open","ping_status":"closed","template":"","meta":{"nf_dc_page":""},"product_brand":[32],"product_cat":[429],"product_tag":[430],"producproduct-categroyt-categroy":[],"class_list":{"0":"post-25097","1":"product","2":"type-product","3":"status-publish","4":"has-post-thumbnail","6":"product_brand-stanley-stella","7":"product_cat-cap-besticken","8":"product_tag-unisex","10":"first","11":"instock","12":"shipping-taxable","13":"purchasable","14":"product-type-variable","15":"has-default-attributes","16":"wvs-archive-product-wrapper"},"yoast_head":"<!-- This site is optimized with the Yoast SEO Premium plugin v24.6 (Yoast SEO v27.4) - https:\/\/yoast.com\/product\/yoast-seo-premium-wordpress\/ -->\n<title>Bucket Hat by Stanley Stella | Printa Berlin | Textilien und T-Shirts Bedrucken<\/title>\n<meta name=\"description\" content=\"Der Bucket Hat aus recycelten Materialien bietet Komfort und Stil. Personalisieren Sie ihn mit DTF-Druck, Siebdruck oder Stickerei.\" \/>\n<meta name=\"robots\" content=\"index, follow, max-snippet:-1, max-image-preview:large, max-video-preview:-1\" \/>\n<link rel=\"canonical\" href=\"https:\/\/printaberlin.de\/en\/product\/bucket-hat\/\" \/>\n<meta property=\"og:locale\" content=\"en_US\" \/>\n<meta property=\"og:type\" content=\"article\" \/>\n<meta property=\"og:title\" content=\"Bucket Hat\" \/>\n<meta property=\"og:description\" content=\"Der Bucket Hat aus recycelten Materialien bietet Komfort und Stil. Personalisieren Sie ihn mit DTF-Druck, Siebdruck oder Stickerei.\" \/>\n<meta property=\"og:url\" content=\"https:\/\/printaberlin.de\/en\/product\/bucket-hat\/\" \/>\n<meta property=\"og:site_name\" content=\"Printa Berlin | Textilien und T-Shirts Bedrucken\" \/>\n<meta property=\"article:modified_time\" content=\"2025-09-21T20:30:15+00:00\" \/>\n<meta property=\"og:image\" content=\"https:\/\/printaberlin.de\/wp-content\/uploads\/2025\/09\/54674564.png\" \/>\n\t<meta property=\"og:image:width\" content=\"600\" \/>\n\t<meta property=\"og:image:height\" content=\"749\" \/>\n\t<meta property=\"og:image:type\" content=\"image\/png\" \/>\n<meta name=\"twitter:card\" content=\"summary_large_image\" \/>\n<meta name=\"twitter:label1\" content=\"Availability\" \/>\n\t<meta name=\"twitter:data1\" content=\"In stock\" \/>\n<script type=\"application\/ld+json\" class=\"yoast-schema-graph\">{\"@context\":\"https:\\\/\\\/schema.org\",\"@graph\":[{\"@type\":\"WebPage\",\"@id\":\"https:\\\/\\\/printaberlin.de\\\/en\\\/product\\\/bucket-hat\\\/\",\"url\":\"https:\\\/\\\/printaberlin.de\\\/en\\\/product\\\/bucket-hat\\\/\",\"name\":\"Bucket Hat by Stanley Stella | Printa Berlin | Textilien und T-Shirts Bedrucken\",\"isPartOf\":{\"@id\":\"https:\\\/\\\/printaberlin.de\\\/en\\\/#website\"},\"primaryImageOfPage\":{\"@id\":\"https:\\\/\\\/printaberlin.de\\\/en\\\/product\\\/bucket-hat\\\/#primaryimage\"},\"image\":{\"@id\":\"https:\\\/\\\/printaberlin.de\\\/en\\\/product\\\/bucket-hat\\\/#primaryimage\"},\"thumbnailUrl\":\"https:\\\/\\\/printaberlin.de\\\/wp-content\\\/uploads\\\/2025\\\/09\\\/54674564.png\",\"datePublished\":\"2025-04-03T14:40:11+00:00\",\"dateModified\":\"2025-09-21T20:30:15+00:00\",\"description\":\"Der Bucket Hat aus recycelten Materialien bietet Komfort und Stil. Personalisieren Sie ihn mit DTF-Druck, Siebdruck oder Stickerei.\",\"breadcrumb\":{\"@id\":\"https:\\\/\\\/printaberlin.de\\\/en\\\/product\\\/bucket-hat\\\/#breadcrumb\"},\"inLanguage\":\"en-US\",\"potentialAction\":[{\"@type\":\"ReadAction\",\"target\":[\"https:\\\/\\\/printaberlin.de\\\/en\\\/product\\\/bucket-hat\\\/\"]}]},{\"@type\":\"ImageObject\",\"inLanguage\":\"en-US\",\"@id\":\"https:\\\/\\\/printaberlin.de\\\/en\\\/product\\\/bucket-hat\\\/#primaryimage\",\"url\":\"https:\\\/\\\/printaberlin.de\\\/wp-content\\\/uploads\\\/2025\\\/09\\\/54674564.png\",\"contentUrl\":\"https:\\\/\\\/printaberlin.de\\\/wp-content\\\/uploads\\\/2025\\\/09\\\/54674564.png\",\"width\":600,\"height\":749},{\"@type\":\"BreadcrumbList\",\"@id\":\"https:\\\/\\\/printaberlin.de\\\/en\\\/product\\\/bucket-hat\\\/#breadcrumb\",\"itemListElement\":[{\"@type\":\"ListItem\",\"position\":1,\"name\":\"Home\",\"item\":\"https:\\\/\\\/printaberlin.de\\\/en\\\/\"},{\"@type\":\"ListItem\",\"position\":2,\"name\":\"Shop\",\"item\":\"https:\\\/\\\/printaberlin.de\\\/en\\\/shop\\\/\"},{\"@type\":\"ListItem\",\"position\":3,\"name\":\"Bucket Hat\"}]},{\"@type\":\"WebSite\",\"@id\":\"https:\\\/\\\/printaberlin.de\\\/en\\\/#website\",\"url\":\"https:\\\/\\\/printaberlin.de\\\/en\\\/\",\"name\":\"Printa Berlin | Textilien und T-Shirts Bedrucken\",\"description\":\"Entdecken Sie Printa Berlin \u2013 Ihr Experte f\u00fcr personalisierten Druck! T-Shirts, Poloshirts, Hoodies, Sweatshirts, Taschen, Caps und mehr.\",\"publisher\":{\"@id\":\"https:\\\/\\\/printaberlin.de\\\/en\\\/#organization\"},\"potentialAction\":[{\"@type\":\"SearchAction\",\"target\":{\"@type\":\"EntryPoint\",\"urlTemplate\":\"https:\\\/\\\/printaberlin.de\\\/en\\\/?s={search_term_string}\"},\"query-input\":{\"@type\":\"PropertyValueSpecification\",\"valueRequired\":true,\"valueName\":\"search_term_string\"}}],\"inLanguage\":\"en-US\"},{\"@type\":\"Organization\",\"@id\":\"https:\\\/\\\/printaberlin.de\\\/en\\\/#organization\",\"name\":\"Printa Berlin\",\"url\":\"https:\\\/\\\/printaberlin.de\\\/en\\\/\",\"logo\":{\"@type\":\"ImageObject\",\"inLanguage\":\"en-US\",\"@id\":\"https:\\\/\\\/printaberlin.de\\\/en\\\/#\\\/schema\\\/logo\\\/image\\\/\",\"url\":\"https:\\\/\\\/printaberlin.de\\\/wp-content\\\/uploads\\\/2025\\\/03\\\/csdsdcdsc.png\",\"contentUrl\":\"https:\\\/\\\/printaberlin.de\\\/wp-content\\\/uploads\\\/2025\\\/03\\\/csdsdcdsc.png\",\"width\":512,\"height\":512,\"caption\":\"Printa Berlin\"},\"image\":{\"@id\":\"https:\\\/\\\/printaberlin.de\\\/en\\\/#\\\/schema\\\/logo\\\/image\\\/\"},\"sameAs\":[\"https:\\\/\\\/www.instagram.com\\\/printaberlin\\\/\"]}]}<\/script>\n<meta property=\"og:availability\" content=\"instock\" \/>\n<meta property=\"product:availability\" content=\"instock\" \/>\n<meta property=\"product:retailer_item_id\" content=\"PR15-2-2\" \/>\n<meta property=\"product:condition\" content=\"new\" \/>\n<!-- \/ Yoast SEO Premium plugin. -->","yoast_head_json":{"title":"Bucket Hat by Stanley Stella | Printa Berlin | Textilien und T-Shirts Bedrucken","description":"Der Bucket Hat aus recycelten Materialien bietet Komfort und Stil. Personalisieren Sie ihn mit DTF-Druck, Siebdruck oder Stickerei.","robots":{"index":"index","follow":"follow","max-snippet":"max-snippet:-1","max-image-preview":"max-image-preview:large","max-video-preview":"max-video-preview:-1"},"canonical":"https:\/\/printaberlin.de\/en\/product\/bucket-hat\/","og_locale":"en_US","og_type":"article","og_title":"Bucket Hat","og_description":"Der Bucket Hat aus recycelten Materialien bietet Komfort und Stil. Personalisieren Sie ihn mit DTF-Druck, Siebdruck oder Stickerei.","og_url":"https:\/\/printaberlin.de\/en\/product\/bucket-hat\/","og_site_name":"Printa Berlin | Textilien und T-Shirts Bedrucken","article_modified_time":"2025-09-21T20:30:15+00:00","og_image":[{"width":600,"height":749,"url":"https:\/\/printaberlin.de\/wp-content\/uploads\/2025\/09\/54674564.png","type":"image\/png"}],"twitter_card":"summary_large_image","twitter_misc":{"Availability":"In stock"},"schema":{"@context":"https:\/\/schema.org","@graph":[{"@type":"WebPage","@id":"https:\/\/printaberlin.de\/en\/product\/bucket-hat\/","url":"https:\/\/printaberlin.de\/en\/product\/bucket-hat\/","name":"Bucket Hat by Stanley Stella | Printa Berlin | Textilien und T-Shirts Bedrucken","isPartOf":{"@id":"https:\/\/printaberlin.de\/en\/#website"},"primaryImageOfPage":{"@id":"https:\/\/printaberlin.de\/en\/product\/bucket-hat\/#primaryimage"},"image":{"@id":"https:\/\/printaberlin.de\/en\/product\/bucket-hat\/#primaryimage"},"thumbnailUrl":"https:\/\/printaberlin.de\/wp-content\/uploads\/2025\/09\/54674564.png","datePublished":"2025-04-03T14:40:11+00:00","dateModified":"2025-09-21T20:30:15+00:00","description":"Der Bucket Hat aus recycelten Materialien bietet Komfort und Stil. Personalisieren Sie ihn mit DTF-Druck, Siebdruck oder Stickerei.","breadcrumb":{"@id":"https:\/\/printaberlin.de\/en\/product\/bucket-hat\/#breadcrumb"},"inLanguage":"en-US","potentialAction":[{"@type":"ReadAction","target":["https:\/\/printaberlin.de\/en\/product\/bucket-hat\/"]}]},{"@type":"ImageObject","inLanguage":"en-US","@id":"https:\/\/printaberlin.de\/en\/product\/bucket-hat\/#primaryimage","url":"https:\/\/printaberlin.de\/wp-content\/uploads\/2025\/09\/54674564.png","contentUrl":"https:\/\/printaberlin.de\/wp-content\/uploads\/2025\/09\/54674564.png","width":600,"height":749},{"@type":"BreadcrumbList","@id":"https:\/\/printaberlin.de\/en\/product\/bucket-hat\/#breadcrumb","itemListElement":[{"@type":"ListItem","position":1,"name":"Home","item":"https:\/\/printaberlin.de\/en\/"},{"@type":"ListItem","position":2,"name":"Shop","item":"https:\/\/printaberlin.de\/en\/shop\/"},{"@type":"ListItem","position":3,"name":"Bucket Hat"}]},{"@type":"WebSite","@id":"https:\/\/printaberlin.de\/en\/#website","url":"https:\/\/printaberlin.de\/en\/","name":"Printa Berlin | Textilien und T-Shirts Bedrucken","description":"Entdecken Sie Printa Berlin \u2013 Ihr Experte f\u00fcr personalisierten Druck! T-Shirts, Poloshirts, Hoodies, Sweatshirts, Taschen, Caps und mehr.","publisher":{"@id":"https:\/\/printaberlin.de\/en\/#organization"},"potentialAction":[{"@type":"SearchAction","target":{"@type":"EntryPoint","urlTemplate":"https:\/\/printaberlin.de\/en\/?s={search_term_string}"},"query-input":{"@type":"PropertyValueSpecification","valueRequired":true,"valueName":"search_term_string"}}],"inLanguage":"en-US"},{"@type":"Organization","@id":"https:\/\/printaberlin.de\/en\/#organization","name":"Printa Berlin","url":"https:\/\/printaberlin.de\/en\/","logo":{"@type":"ImageObject","inLanguage":"en-US","@id":"https:\/\/printaberlin.de\/en\/#\/schema\/logo\/image\/","url":"https:\/\/printaberlin.de\/wp-content\/uploads\/2025\/03\/csdsdcdsc.png","contentUrl":"https:\/\/printaberlin.de\/wp-content\/uploads\/2025\/03\/csdsdcdsc.png","width":512,"height":512,"caption":"Printa Berlin"},"image":{"@id":"https:\/\/printaberlin.de\/en\/#\/schema\/logo\/image\/"},"sameAs":["https:\/\/www.instagram.com\/printaberlin\/"]}]},"og_availability":"instock","product_availability":"instock","product_retailer_item_id":"PR15-2-2","product_condition":"new"},"_links":{"self":[{"href":"https:\/\/printaberlin.de\/en\/wp-json\/wp\/v2\/product\/25097","targetHints":{"allow":["GET"]}}],"collection":[{"href":"https:\/\/printaberlin.de\/en\/wp-json\/wp\/v2\/product"}],"about":[{"href":"https:\/\/printaberlin.de\/en\/wp-json\/wp\/v2\/types\/product"}],"replies":[{"embeddable":true,"href":"https:\/\/printaberlin.de\/en\/wp-json\/wp\/v2\/comments?post=25097"}],"wp:featuredmedia":[{"embeddable":true,"href":"https:\/\/printaberlin.de\/en\/wp-json\/wp\/v2\/media\/30959"}],"wp:attachment":[{"href":"https:\/\/printaberlin.de\/en\/wp-json\/wp\/v2\/media?parent=25097"}],"wp:term":[{"taxonomy":"product_brand","embeddable":true,"href":"https:\/\/printaberlin.de\/en\/wp-json\/wp\/v2\/product_brand?post=25097"},{"taxonomy":"product_cat","embeddable":true,"href":"https:\/\/printaberlin.de\/en\/wp-json\/wp\/v2\/product_cat?post=25097"},{"taxonomy":"product_tag","embeddable":true,"href":"https:\/\/printaberlin.de\/en\/wp-json\/wp\/v2\/product_tag?post=25097"},{"taxonomy":"producproduct-categroyt-categroy","embeddable":true,"href":"https:\/\/printaberlin.de\/en\/wp-json\/wp\/v2\/producproduct-categroyt-categroy?post=25097"}],"curies":[{"name":"wp","href":"https:\/\/api.w.org\/{rel}","templated":true}]}}