{"id":25087,"date":"2025-04-03T14:50:14","date_gmt":"2025-04-03T14:50:14","guid":{"rendered":"https:\/\/printaberlin.de\/product\/rib-beanie\/"},"modified":"2025-09-21T20:30:15","modified_gmt":"2025-09-21T20:30:15","slug":"rib-beanie","status":"publish","type":"product","link":"https:\/\/printaberlin.de\/en\/product\/rib-beanie\/","title":{"rendered":"Rib Beanie"},"content":{"rendered":"<div class=\"mb-3\">\n<h3 data-start=\"0\" data-end=\"46\"><strong data-start=\"0\" data-end=\"46\">Rib Beanie: Bequem, Stylisch und Anpassbar<\/strong><\/h3>\n<p class=\"\" data-start=\"48\" data-end=\"599\">Die <strong data-start=\"52\" data-end=\"66\">Rib Beanie<\/strong> STAU772 von Stanley Stella vereint Komfort, Funktionalit\u00e4t und Nachhaltigkeit in einem modernen Design. Diese M\u00fctze ist aus 80 % gek\u00e4mmter, ringgesponnener Bio-Baumwolle und 20 % recyceltem Polyester gefertigt, was sie zu einer umweltfreundlichen Wahl macht. Der 1&#215;1 Full Needle Rib-Strick sorgt f\u00fcr eine bequeme Passform, w\u00e4hrend das doppellagige Material zus\u00e4tzlichen Komfort und W\u00e4rme bietet. Die vier formenden N\u00e4hte oben verleihen der <strong data-start=\"507\" data-end=\"521\">Beanie<\/strong> ihre charakteristische Form und machen sie zu einem einzigartigen Accessoire.<\/p>\n<p class=\"\" data-start=\"601\" data-end=\"1037\">Mit einer Einheitsgr\u00f6\u00dfe passt diese M\u00fctze den meisten Kopfgr\u00f6\u00dfen und ist somit ideal f\u00fcr den pers\u00f6nlichen Gebrauch oder als Werbegeschenk. Das Design dieser M\u00fctze eignet sich hervorragend f\u00fcr <strong data-start=\"793\" data-end=\"802\">Druck<\/strong> und <strong data-start=\"807\" data-end=\"820\">Stickerei<\/strong>, sodass Sie sie nach Ihren W\u00fcnschen anpassen k\u00f6nnen. Egal ob f\u00fcr Unternehmen, Veranstaltungen oder als individuelles Geschenk, die <strong data-start=\"952\" data-end=\"966\">Beanie<\/strong> bietet eine hervorragende Grundlage f\u00fcr Ihre personalisierten Designs.<\/p>\n<h4 data-start=\"1039\" data-end=\"1071\"><strong data-start=\"1039\" data-end=\"1071\">Hauptmerkmale der Beanie<\/strong><\/h4>\n<ul data-start=\"1073\" data-end=\"1481\">\n<li class=\"\" data-start=\"1073\" data-end=\"1180\">\n<p class=\"\" data-start=\"1075\" data-end=\"1180\"><strong data-start=\"1075\" data-end=\"1152\">80 % gek\u00e4mmte, ringgesponnene Bio-Baumwolle und 20 % recyceltes Polyester<\/strong> f\u00fcr eine nachhaltige Wahl<\/p>\n<\/li>\n<li class=\"\" data-start=\"1181\" data-end=\"1241\">\n<p class=\"\" data-start=\"1183\" data-end=\"1241\"><strong data-start=\"1183\" data-end=\"1213\">1&#215;1 Full Needle Rib-Strick<\/strong> f\u00fcr eine bequeme Passform<\/p>\n<\/li>\n<li class=\"\" data-start=\"1242\" data-end=\"1296\">\n<p class=\"\" data-start=\"1244\" data-end=\"1296\"><strong data-start=\"1244\" data-end=\"1259\">Doppellagig<\/strong> f\u00fcr zus\u00e4tzlichen Komfort und W\u00e4rme<\/p>\n<\/li>\n<li class=\"\" data-start=\"1297\" data-end=\"1358\">\n<p class=\"\" data-start=\"1299\" data-end=\"1358\"><strong data-start=\"1299\" data-end=\"1327\">Vier formende N\u00e4hte oben<\/strong> f\u00fcr ein einzigartiges Design<\/p>\n<\/li>\n<li class=\"\" data-start=\"1359\" data-end=\"1416\">\n<p class=\"\" data-start=\"1361\" data-end=\"1416\"><strong data-start=\"1361\" data-end=\"1378\">Einheitsgr\u00f6\u00dfe<\/strong>, passend f\u00fcr die meisten Kopfgr\u00f6\u00dfen<\/p>\n<\/li>\n<li class=\"\" data-start=\"1417\" data-end=\"1481\">\n<p class=\"\" data-start=\"1419\" data-end=\"1481\"><strong data-start=\"1419\" data-end=\"1435\">Vorgewaschen<\/strong> f\u00fcr eine weiche Textur und bessere Passform<\/p>\n<\/li>\n<\/ul>\n<h4 data-start=\"1483\" data-end=\"1541\"><strong data-start=\"1483\" data-end=\"1541\">Individuelle Druckdienstleistungen f\u00fcr Ihre Rib Beanie<\/strong><\/h4>\n<p class=\"\" data-start=\"1543\" data-end=\"1728\">Verleihen Sie Ihrer <strong data-start=\"1563\" data-end=\"1577\">Beanie<\/strong> eine pers\u00f6nliche Note mit unseren professionellen <strong data-start=\"1628\" data-end=\"1653\">Druckdienstleistungen<\/strong>. W\u00e4hlen Sie aus verschiedenen Techniken, um Ihr Design perfekt umzusetzen:<\/p>\n<ul data-start=\"1730\" data-end=\"1919\">\n<li class=\"\" data-start=\"1730\" data-end=\"1788\">\n<p class=\"\" data-start=\"1732\" data-end=\"1788\"><strong data-start=\"1732\" data-end=\"1745\">DTF-Druck<\/strong>: Ideal f\u00fcr lebendige, langlebige Designs<\/p>\n<\/li>\n<li class=\"\" data-start=\"1789\" data-end=\"1848\">\n<p class=\"\" data-start=\"1791\" data-end=\"1848\"><strong data-start=\"1791\" data-end=\"1804\">Siebdruck<\/strong>: Perfekt f\u00fcr kr\u00e4ftige, gro\u00dffl\u00e4chige Logos<\/p>\n<\/li>\n<li class=\"\" data-start=\"1849\" data-end=\"1919\">\n<p class=\"\" data-start=\"1851\" data-end=\"1919\"><strong data-start=\"1851\" data-end=\"1864\">Stickerei<\/strong>: Verleiht Ihrer M\u00fctze eine edle und hochwertige Note<\/p>\n<\/li>\n<\/ul>\n<h4 data-start=\"1921\" data-end=\"1953\"><strong data-start=\"1921\" data-end=\"1953\">Warum die Rib Beanie w\u00e4hlen?<\/strong><\/h4>\n<p class=\"\" data-start=\"1955\" data-end=\"2368\">Die <strong data-start=\"1959\" data-end=\"1973\">Beanie<\/strong> bietet nicht nur Komfort und W\u00e4rme, sondern ist auch eine umweltfreundliche und anpassbare Wahl f\u00fcr Ihre Kopfbedeckung. Mit ihrer nachhaltigen Herstellung und der hervorragenden Oberfl\u00e4che f\u00fcr <strong data-start=\"2167\" data-end=\"2176\">Druck<\/strong> und <strong data-start=\"2181\" data-end=\"2194\">Stickerei<\/strong> eignet sich diese M\u00fctze perfekt f\u00fcr personalisierte Designs. Nutzen Sie unsere <strong data-start=\"2274\" data-end=\"2299\">Druckdienstleistungen<\/strong>, um Ihre <strong data-start=\"2309\" data-end=\"2323\">Rib Beanie<\/strong> zu einem einzigartigen Accessoire zu machen.<\/p>\n<\/div>\n<p data-start=\"1683\" data-end=\"2032\">\u00a0<img decoding=\"async\" class=\"alignnone size-medium wp-image-7209\" src=\"https:\/\/printaberlin.de\/staging\/2315\/wp-content\/uploads\/2025\/03\/Frame-37-300x59.png\" alt=\"\" width=\"300\" height=\"59\" srcset=\"https:\/\/printaberlin.de\/wp-content\/uploads\/2025\/03\/Frame-37-300x59.png 300w, https:\/\/printaberlin.de\/wp-content\/uploads\/2025\/03\/Frame-37-1024x200.png 1024w, https:\/\/printaberlin.de\/wp-content\/uploads\/2025\/03\/Frame-37-768x150.png 768w, https:\/\/printaberlin.de\/wp-content\/uploads\/2025\/03\/Frame-37-1536x301.png 1536w, https:\/\/printaberlin.de\/wp-content\/uploads\/2025\/03\/Frame-37-260x51.png 260w, https:\/\/printaberlin.de\/wp-content\/uploads\/2025\/03\/Frame-37-500x98.png 500w, https:\/\/printaberlin.de\/wp-content\/uploads\/2025\/03\/Frame-37.png 1650w\" sizes=\"(max-width: 300px) 100vw, 300px\" \/><\/p>\n<div class=\"mb-3\">\n<div class=\"child-p:mb-2 last:child-p:mb-0\">\n<div class=\"child-p:mb-2 last:child-p:mb-0\"><\/div>\n<\/div>\n<\/div>\n","protected":false},"excerpt":{"rendered":"<p>Stilvolle Rib Beanie aus Bio-Baumwolle, ideal f\u00fcr Druck und Stickerei.<br \/>\n<strong>By Stanley Stella<\/strong><\/p>\n","protected":false},"featured_media":30961,"comment_status":"open","ping_status":"closed","template":"","meta":{"nf_dc_page":""},"product_brand":[32],"product_cat":[429],"product_tag":[430],"producproduct-categroyt-categroy":[],"class_list":{"0":"post-25087","1":"product","2":"type-product","3":"status-publish","4":"has-post-thumbnail","6":"product_brand-stanley-stella","7":"product_cat-cap-besticken","8":"product_tag-unisex","10":"first","11":"instock","12":"shipping-taxable","13":"purchasable","14":"product-type-variable","15":"has-default-attributes","16":"wvs-archive-product-wrapper"},"yoast_head":"<!-- This site is optimized with the Yoast SEO Premium plugin v24.6 (Yoast SEO v27.4) - https:\/\/yoast.com\/product\/yoast-seo-premium-wordpress\/ -->\n<title>Rib Beanie by Stanley Stella | Printa Berlin | Textilien und T-Shirts Bedrucken<\/title>\n<meta name=\"description\" content=\"Die Rib Beanie aus 80 % Bio-Baumwolle ist bequem und umweltfreundlich. Personalisieren Sie sie mit DTF-Druck, Siebdruck oder Stickerei.\" \/>\n<meta name=\"robots\" content=\"index, follow, max-snippet:-1, max-image-preview:large, max-video-preview:-1\" \/>\n<link rel=\"canonical\" href=\"https:\/\/printaberlin.de\/en\/product\/rib-beanie\/\" \/>\n<meta property=\"og:locale\" content=\"en_US\" \/>\n<meta property=\"og:type\" content=\"article\" \/>\n<meta property=\"og:title\" content=\"Rib Beanie\" \/>\n<meta property=\"og:description\" content=\"Die Rib Beanie aus 80 % Bio-Baumwolle ist bequem und umweltfreundlich. Personalisieren Sie sie mit DTF-Druck, Siebdruck oder Stickerei.\" \/>\n<meta property=\"og:url\" content=\"https:\/\/printaberlin.de\/en\/product\/rib-beanie\/\" \/>\n<meta property=\"og:site_name\" content=\"Printa Berlin | Textilien und T-Shirts Bedrucken\" \/>\n<meta property=\"article:modified_time\" content=\"2025-09-21T20:30:15+00:00\" \/>\n<meta property=\"og:image\" content=\"https:\/\/printaberlin.de\/wp-content\/uploads\/2025\/09\/55454jj.png\" \/>\n\t<meta property=\"og:image:width\" content=\"600\" \/>\n\t<meta property=\"og:image:height\" content=\"749\" \/>\n\t<meta property=\"og:image:type\" content=\"image\/png\" \/>\n<meta name=\"twitter:card\" content=\"summary_large_image\" \/>\n<meta name=\"twitter:label1\" content=\"Availability\" \/>\n\t<meta name=\"twitter:data1\" content=\"In stock\" \/>\n<script type=\"application\/ld+json\" class=\"yoast-schema-graph\">{\"@context\":\"https:\\\/\\\/schema.org\",\"@graph\":[{\"@type\":\"WebPage\",\"@id\":\"https:\\\/\\\/printaberlin.de\\\/en\\\/product\\\/rib-beanie\\\/\",\"url\":\"https:\\\/\\\/printaberlin.de\\\/en\\\/product\\\/rib-beanie\\\/\",\"name\":\"Rib Beanie by Stanley Stella | Printa Berlin | Textilien und T-Shirts Bedrucken\",\"isPartOf\":{\"@id\":\"https:\\\/\\\/printaberlin.de\\\/en\\\/#website\"},\"primaryImageOfPage\":{\"@id\":\"https:\\\/\\\/printaberlin.de\\\/en\\\/product\\\/rib-beanie\\\/#primaryimage\"},\"image\":{\"@id\":\"https:\\\/\\\/printaberlin.de\\\/en\\\/product\\\/rib-beanie\\\/#primaryimage\"},\"thumbnailUrl\":\"https:\\\/\\\/printaberlin.de\\\/wp-content\\\/uploads\\\/2025\\\/09\\\/55454jj.png\",\"datePublished\":\"2025-04-03T14:50:14+00:00\",\"dateModified\":\"2025-09-21T20:30:15+00:00\",\"description\":\"Die Rib Beanie aus 80 % Bio-Baumwolle ist bequem und umweltfreundlich. Personalisieren Sie sie mit DTF-Druck, Siebdruck oder Stickerei.\",\"breadcrumb\":{\"@id\":\"https:\\\/\\\/printaberlin.de\\\/en\\\/product\\\/rib-beanie\\\/#breadcrumb\"},\"inLanguage\":\"en-US\",\"potentialAction\":[{\"@type\":\"ReadAction\",\"target\":[\"https:\\\/\\\/printaberlin.de\\\/en\\\/product\\\/rib-beanie\\\/\"]}]},{\"@type\":\"ImageObject\",\"inLanguage\":\"en-US\",\"@id\":\"https:\\\/\\\/printaberlin.de\\\/en\\\/product\\\/rib-beanie\\\/#primaryimage\",\"url\":\"https:\\\/\\\/printaberlin.de\\\/wp-content\\\/uploads\\\/2025\\\/09\\\/55454jj.png\",\"contentUrl\":\"https:\\\/\\\/printaberlin.de\\\/wp-content\\\/uploads\\\/2025\\\/09\\\/55454jj.png\",\"width\":600,\"height\":749},{\"@type\":\"BreadcrumbList\",\"@id\":\"https:\\\/\\\/printaberlin.de\\\/en\\\/product\\\/rib-beanie\\\/#breadcrumb\",\"itemListElement\":[{\"@type\":\"ListItem\",\"position\":1,\"name\":\"Home\",\"item\":\"https:\\\/\\\/printaberlin.de\\\/en\\\/\"},{\"@type\":\"ListItem\",\"position\":2,\"name\":\"Shop\",\"item\":\"https:\\\/\\\/printaberlin.de\\\/en\\\/shop\\\/\"},{\"@type\":\"ListItem\",\"position\":3,\"name\":\"Rib Beanie\"}]},{\"@type\":\"WebSite\",\"@id\":\"https:\\\/\\\/printaberlin.de\\\/en\\\/#website\",\"url\":\"https:\\\/\\\/printaberlin.de\\\/en\\\/\",\"name\":\"Printa Berlin | Textilien und T-Shirts Bedrucken\",\"description\":\"Entdecken Sie Printa Berlin \u2013 Ihr Experte f\u00fcr personalisierten Druck! T-Shirts, Poloshirts, Hoodies, Sweatshirts, Taschen, Caps und mehr.\",\"publisher\":{\"@id\":\"https:\\\/\\\/printaberlin.de\\\/en\\\/#organization\"},\"potentialAction\":[{\"@type\":\"SearchAction\",\"target\":{\"@type\":\"EntryPoint\",\"urlTemplate\":\"https:\\\/\\\/printaberlin.de\\\/en\\\/?s={search_term_string}\"},\"query-input\":{\"@type\":\"PropertyValueSpecification\",\"valueRequired\":true,\"valueName\":\"search_term_string\"}}],\"inLanguage\":\"en-US\"},{\"@type\":\"Organization\",\"@id\":\"https:\\\/\\\/printaberlin.de\\\/en\\\/#organization\",\"name\":\"Printa Berlin\",\"url\":\"https:\\\/\\\/printaberlin.de\\\/en\\\/\",\"logo\":{\"@type\":\"ImageObject\",\"inLanguage\":\"en-US\",\"@id\":\"https:\\\/\\\/printaberlin.de\\\/en\\\/#\\\/schema\\\/logo\\\/image\\\/\",\"url\":\"https:\\\/\\\/printaberlin.de\\\/wp-content\\\/uploads\\\/2025\\\/03\\\/csdsdcdsc.png\",\"contentUrl\":\"https:\\\/\\\/printaberlin.de\\\/wp-content\\\/uploads\\\/2025\\\/03\\\/csdsdcdsc.png\",\"width\":512,\"height\":512,\"caption\":\"Printa Berlin\"},\"image\":{\"@id\":\"https:\\\/\\\/printaberlin.de\\\/en\\\/#\\\/schema\\\/logo\\\/image\\\/\"},\"sameAs\":[\"https:\\\/\\\/www.instagram.com\\\/printaberlin\\\/\"]}]}<\/script>\n<meta property=\"og:availability\" content=\"instock\" \/>\n<meta property=\"product:availability\" content=\"instock\" \/>\n<meta property=\"product:retailer_item_id\" content=\"PR15-2-2-1\" \/>\n<meta property=\"product:condition\" content=\"new\" \/>\n<!-- \/ Yoast SEO Premium plugin. -->","yoast_head_json":{"title":"Rib Beanie by Stanley Stella | Printa Berlin | Textilien und T-Shirts Bedrucken","description":"Die Rib Beanie aus 80 % Bio-Baumwolle ist bequem und umweltfreundlich. Personalisieren Sie sie mit DTF-Druck, Siebdruck oder Stickerei.","robots":{"index":"index","follow":"follow","max-snippet":"max-snippet:-1","max-image-preview":"max-image-preview:large","max-video-preview":"max-video-preview:-1"},"canonical":"https:\/\/printaberlin.de\/en\/product\/rib-beanie\/","og_locale":"en_US","og_type":"article","og_title":"Rib Beanie","og_description":"Die Rib Beanie aus 80 % Bio-Baumwolle ist bequem und umweltfreundlich. Personalisieren Sie sie mit DTF-Druck, Siebdruck oder Stickerei.","og_url":"https:\/\/printaberlin.de\/en\/product\/rib-beanie\/","og_site_name":"Printa Berlin | Textilien und T-Shirts Bedrucken","article_modified_time":"2025-09-21T20:30:15+00:00","og_image":[{"width":600,"height":749,"url":"https:\/\/printaberlin.de\/wp-content\/uploads\/2025\/09\/55454jj.png","type":"image\/png"}],"twitter_card":"summary_large_image","twitter_misc":{"Availability":"In stock"},"schema":{"@context":"https:\/\/schema.org","@graph":[{"@type":"WebPage","@id":"https:\/\/printaberlin.de\/en\/product\/rib-beanie\/","url":"https:\/\/printaberlin.de\/en\/product\/rib-beanie\/","name":"Rib Beanie by Stanley Stella | Printa Berlin | Textilien und T-Shirts Bedrucken","isPartOf":{"@id":"https:\/\/printaberlin.de\/en\/#website"},"primaryImageOfPage":{"@id":"https:\/\/printaberlin.de\/en\/product\/rib-beanie\/#primaryimage"},"image":{"@id":"https:\/\/printaberlin.de\/en\/product\/rib-beanie\/#primaryimage"},"thumbnailUrl":"https:\/\/printaberlin.de\/wp-content\/uploads\/2025\/09\/55454jj.png","datePublished":"2025-04-03T14:50:14+00:00","dateModified":"2025-09-21T20:30:15+00:00","description":"Die Rib Beanie aus 80 % Bio-Baumwolle ist bequem und umweltfreundlich. Personalisieren Sie sie mit DTF-Druck, Siebdruck oder Stickerei.","breadcrumb":{"@id":"https:\/\/printaberlin.de\/en\/product\/rib-beanie\/#breadcrumb"},"inLanguage":"en-US","potentialAction":[{"@type":"ReadAction","target":["https:\/\/printaberlin.de\/en\/product\/rib-beanie\/"]}]},{"@type":"ImageObject","inLanguage":"en-US","@id":"https:\/\/printaberlin.de\/en\/product\/rib-beanie\/#primaryimage","url":"https:\/\/printaberlin.de\/wp-content\/uploads\/2025\/09\/55454jj.png","contentUrl":"https:\/\/printaberlin.de\/wp-content\/uploads\/2025\/09\/55454jj.png","width":600,"height":749},{"@type":"BreadcrumbList","@id":"https:\/\/printaberlin.de\/en\/product\/rib-beanie\/#breadcrumb","itemListElement":[{"@type":"ListItem","position":1,"name":"Home","item":"https:\/\/printaberlin.de\/en\/"},{"@type":"ListItem","position":2,"name":"Shop","item":"https:\/\/printaberlin.de\/en\/shop\/"},{"@type":"ListItem","position":3,"name":"Rib Beanie"}]},{"@type":"WebSite","@id":"https:\/\/printaberlin.de\/en\/#website","url":"https:\/\/printaberlin.de\/en\/","name":"Printa Berlin | Textilien und T-Shirts Bedrucken","description":"Entdecken Sie Printa Berlin \u2013 Ihr Experte f\u00fcr personalisierten Druck! T-Shirts, Poloshirts, Hoodies, Sweatshirts, Taschen, Caps und mehr.","publisher":{"@id":"https:\/\/printaberlin.de\/en\/#organization"},"potentialAction":[{"@type":"SearchAction","target":{"@type":"EntryPoint","urlTemplate":"https:\/\/printaberlin.de\/en\/?s={search_term_string}"},"query-input":{"@type":"PropertyValueSpecification","valueRequired":true,"valueName":"search_term_string"}}],"inLanguage":"en-US"},{"@type":"Organization","@id":"https:\/\/printaberlin.de\/en\/#organization","name":"Printa Berlin","url":"https:\/\/printaberlin.de\/en\/","logo":{"@type":"ImageObject","inLanguage":"en-US","@id":"https:\/\/printaberlin.de\/en\/#\/schema\/logo\/image\/","url":"https:\/\/printaberlin.de\/wp-content\/uploads\/2025\/03\/csdsdcdsc.png","contentUrl":"https:\/\/printaberlin.de\/wp-content\/uploads\/2025\/03\/csdsdcdsc.png","width":512,"height":512,"caption":"Printa Berlin"},"image":{"@id":"https:\/\/printaberlin.de\/en\/#\/schema\/logo\/image\/"},"sameAs":["https:\/\/www.instagram.com\/printaberlin\/"]}]},"og_availability":"instock","product_availability":"instock","product_retailer_item_id":"PR15-2-2-1","product_condition":"new"},"_links":{"self":[{"href":"https:\/\/printaberlin.de\/en\/wp-json\/wp\/v2\/product\/25087","targetHints":{"allow":["GET"]}}],"collection":[{"href":"https:\/\/printaberlin.de\/en\/wp-json\/wp\/v2\/product"}],"about":[{"href":"https:\/\/printaberlin.de\/en\/wp-json\/wp\/v2\/types\/product"}],"replies":[{"embeddable":true,"href":"https:\/\/printaberlin.de\/en\/wp-json\/wp\/v2\/comments?post=25087"}],"wp:featuredmedia":[{"embeddable":true,"href":"https:\/\/printaberlin.de\/en\/wp-json\/wp\/v2\/media\/30961"}],"wp:attachment":[{"href":"https:\/\/printaberlin.de\/en\/wp-json\/wp\/v2\/media?parent=25087"}],"wp:term":[{"taxonomy":"product_brand","embeddable":true,"href":"https:\/\/printaberlin.de\/en\/wp-json\/wp\/v2\/product_brand?post=25087"},{"taxonomy":"product_cat","embeddable":true,"href":"https:\/\/printaberlin.de\/en\/wp-json\/wp\/v2\/product_cat?post=25087"},{"taxonomy":"product_tag","embeddable":true,"href":"https:\/\/printaberlin.de\/en\/wp-json\/wp\/v2\/product_tag?post=25087"},{"taxonomy":"producproduct-categroyt-categroy","embeddable":true,"href":"https:\/\/printaberlin.de\/en\/wp-json\/wp\/v2\/producproduct-categroyt-categroy?post=25087"}],"curies":[{"name":"wp","href":"https:\/\/api.w.org\/{rel}","templated":true}]}}