{"id":25074,"date":"2025-04-03T15:06:32","date_gmt":"2025-04-03T15:06:32","guid":{"rendered":"https:\/\/printaberlin.de\/product\/fisherman-beanie\/"},"modified":"2025-09-28T14:42:51","modified_gmt":"2025-09-28T14:42:51","slug":"fisherman-beanie","status":"publish","type":"product","link":"https:\/\/printaberlin.de\/en\/product\/fisherman-beanie\/","title":{"rendered":"Fisherman Beanie"},"content":{"rendered":"<div class=\"mb-3\">\n<h3 data-start=\"0\" data-end=\"57\"><strong data-start=\"0\" data-end=\"57\">Fisherman Beanie: Komfortabel, Stilvoll und Anpassbar<\/strong><\/h3>\n<p class=\"\" data-start=\"59\" data-end=\"555\">Die <strong data-start=\"63\" data-end=\"83\">Fisherman Beanie<\/strong> STAU771 von Stanley Stella ist das perfekte Accessoire f\u00fcr alle, die sowohl Komfort als auch Stil suchen. Diese M\u00fctze besteht aus 95 % gek\u00e4mmter, ringgesponnener Bio-Baumwolle und 5 % Elasthan, was sie besonders weich und dehnbar macht. Der 1&#215;1 Fisherman Rib-Strick sorgt f\u00fcr eine angenehme Passform und dehnbaren Komfort. Mit den vier formenden N\u00e4hten oben und dem Umschlag bietet diese Beanie einen klassischen Look, der sich perfekt an verschiedene Kopfgr\u00f6\u00dfen anpasst.<\/p>\n<p class=\"\" data-start=\"557\" data-end=\"954\">Die <strong data-start=\"561\" data-end=\"581\">Beanie<\/strong> ist in Einheitsgr\u00f6\u00dfe erh\u00e4ltlich und eignet sich daher ideal f\u00fcr eine breite Zielgruppe. Sie ist vorgewaschen, was ihre Weichheit und Formbest\u00e4ndigkeit erh\u00f6ht und gleichzeitig den Tragekomfort optimiert. Diese M\u00fctze ist nicht nur eine praktische Wahl, sondern eignet sich auch hervorragend f\u00fcr <strong data-start=\"875\" data-end=\"884\">Druck<\/strong> und <strong data-start=\"889\" data-end=\"902\">Stickerei<\/strong>, um Ihr pers\u00f6nliches Design oder Logo hinzuzuf\u00fcgen.<\/p>\n<h4 data-start=\"956\" data-end=\"994\"><strong data-start=\"956\" data-end=\"994\">Hauptmerkmale der Fisherman Beanie<\/strong><\/h4>\n<ul data-start=\"996\" data-end=\"1382\">\n<li class=\"\" data-start=\"996\" data-end=\"1099\">\n<p class=\"\" data-start=\"998\" data-end=\"1099\"><strong data-start=\"998\" data-end=\"1062\">95 % gek\u00e4mmte, ringgesponnene Bio-Baumwolle und 5 % Elasthan<\/strong> f\u00fcr eine weiche, dehnbare Passform<\/p>\n<\/li>\n<li class=\"\" data-start=\"1100\" data-end=\"1157\">\n<p class=\"\" data-start=\"1102\" data-end=\"1157\"><strong data-start=\"1102\" data-end=\"1130\">1&#215;1 Fisherman Rib-Strick<\/strong> f\u00fcr zus\u00e4tzlichen Komfort<\/p>\n<\/li>\n<li class=\"\" data-start=\"1158\" data-end=\"1219\">\n<p class=\"\" data-start=\"1160\" data-end=\"1219\"><strong data-start=\"1160\" data-end=\"1188\">Vier formende N\u00e4hte oben<\/strong> f\u00fcr ein einzigartiges Design<\/p>\n<\/li>\n<li class=\"\" data-start=\"1220\" data-end=\"1263\">\n<p class=\"\" data-start=\"1222\" data-end=\"1263\"><strong data-start=\"1222\" data-end=\"1234\">Umschlag<\/strong> f\u00fcr einen klassischen Look<\/p>\n<\/li>\n<li class=\"\" data-start=\"1264\" data-end=\"1324\">\n<p class=\"\" data-start=\"1266\" data-end=\"1324\"><strong data-start=\"1266\" data-end=\"1282\">Vorgewaschen<\/strong> f\u00fcr eine bessere Passform und Weichheit<\/p>\n<\/li>\n<li class=\"\" data-start=\"1325\" data-end=\"1382\">\n<p class=\"\" data-start=\"1327\" data-end=\"1382\"><strong data-start=\"1327\" data-end=\"1344\">Einheitsgr\u00f6\u00dfe<\/strong>, passend f\u00fcr die meisten Kopfgr\u00f6\u00dfen<\/p>\n<\/li>\n<\/ul>\n<h4 data-start=\"1384\" data-end=\"1448\"><strong data-start=\"1384\" data-end=\"1448\">Individuelle Druckdienstleistungen f\u00fcr Ihre Fisherman Beanie<\/strong><\/h4>\n<p class=\"\" data-start=\"1450\" data-end=\"1636\">Verleihen Sie Ihrer <strong data-start=\"1470\" data-end=\"1490\">Beanie<\/strong> eine pers\u00f6nliche Note mit unseren professionellen <strong data-start=\"1541\" data-end=\"1566\">Druckdienstleistungen<\/strong>. Wir bieten verschiedene Techniken, um Ihr Design perfekt umzusetzen:<\/p>\n<ul data-start=\"1638\" data-end=\"1839\">\n<li class=\"\" data-start=\"1638\" data-end=\"1696\">\n<p class=\"\" data-start=\"1640\" data-end=\"1696\"><strong data-start=\"1640\" data-end=\"1653\">DTF-Druck<\/strong>: Ideal f\u00fcr lebendige, langlebige Designs<\/p>\n<\/li>\n<li class=\"\" data-start=\"1697\" data-end=\"1768\">\n<p class=\"\" data-start=\"1699\" data-end=\"1768\"><strong data-start=\"1699\" data-end=\"1712\">Siebdruck<\/strong>: Perfekt f\u00fcr kr\u00e4ftige, gro\u00dffl\u00e4chige Logos und Designs<\/p>\n<\/li>\n<li class=\"\" data-start=\"1769\" data-end=\"1839\">\n<p class=\"\" data-start=\"1771\" data-end=\"1839\"><strong data-start=\"1771\" data-end=\"1784\">Stickerei<\/strong>: Verleiht Ihrer M\u00fctze eine edle und hochwertige Note<\/p>\n<\/li>\n<\/ul>\n<h4 data-start=\"1841\" data-end=\"1879\"><strong data-start=\"1841\" data-end=\"1879\">Warum die Fisherman Beanie w\u00e4hlen?<\/strong><\/h4>\n<p class=\"\" data-start=\"1881\" data-end=\"2233\">Die <strong data-start=\"1885\" data-end=\"1905\">Beanie<\/strong> kombiniert Komfort, Stil und Nachhaltigkeit in einem modernen Design. Mit ihrer dehnbaren Passform und der robusten Bio-Baumwolle ist sie nicht nur bequem, sondern auch umweltfreundlich. Nutzen Sie unsere <strong data-start=\"2111\" data-end=\"2136\">Druckdienstleistungen<\/strong>, um die M\u00fctze zu einem einzigartigen Accessoire f\u00fcr Ihre Marke oder als Werbegeschenk zu machen.<\/p>\n<\/div>\n<p data-start=\"1683\" data-end=\"2032\">\u00a0<img decoding=\"async\" class=\"alignnone size-medium wp-image-7209\" src=\"https:\/\/printaberlin.de\/staging\/2315\/wp-content\/uploads\/2025\/03\/Frame-37-300x59.png\" alt=\"\" width=\"300\" height=\"59\" srcset=\"https:\/\/printaberlin.de\/wp-content\/uploads\/2025\/03\/Frame-37-300x59.png 300w, https:\/\/printaberlin.de\/wp-content\/uploads\/2025\/03\/Frame-37-1024x200.png 1024w, https:\/\/printaberlin.de\/wp-content\/uploads\/2025\/03\/Frame-37-768x150.png 768w, https:\/\/printaberlin.de\/wp-content\/uploads\/2025\/03\/Frame-37-1536x301.png 1536w, https:\/\/printaberlin.de\/wp-content\/uploads\/2025\/03\/Frame-37-260x51.png 260w, https:\/\/printaberlin.de\/wp-content\/uploads\/2025\/03\/Frame-37-500x98.png 500w, https:\/\/printaberlin.de\/wp-content\/uploads\/2025\/03\/Frame-37.png 1650w\" sizes=\"(max-width: 300px) 100vw, 300px\" \/><\/p>\n<div class=\"mb-3\">\n<div class=\"child-p:mb-2 last:child-p:mb-0\">\n<div class=\"child-p:mb-2 last:child-p:mb-0\"><\/div>\n<\/div>\n<\/div>\n","protected":false},"excerpt":{"rendered":"<p>Bequeme Fisherman Beanie aus Bio-Baumwolle, ideal f\u00fcr Druck und Stickerei.<\/p>\n","protected":false},"featured_media":30963,"comment_status":"open","ping_status":"closed","template":"","meta":{"nf_dc_page":""},"product_brand":[32],"product_cat":[429],"product_tag":[430,781],"producproduct-categroyt-categroy":[],"class_list":{"0":"post-25074","1":"product","2":"type-product","3":"status-publish","4":"has-post-thumbnail","6":"product_brand-stanley-stella","7":"product_cat-cap-besticken","8":"product_tag-unisex","9":"product_tag-vegan-approved","11":"first","12":"instock","13":"shipping-taxable","14":"purchasable","15":"product-type-variable","16":"has-default-attributes","17":"wvs-archive-product-wrapper"},"yoast_head":"<!-- This site is optimized with the Yoast SEO Premium plugin v24.6 (Yoast SEO v27.4) - https:\/\/yoast.com\/product\/yoast-seo-premium-wordpress\/ -->\n<title>Fisherman Beanie by Stanley Stella | Printa Berlin | Textilien und T-Shirts Bedrucken<\/title>\n<meta name=\"description\" content=\"Die Fisherman Beanie aus 95 % Bio-Baumwolle ist weich und anpassbar. Personalisieren Sie sie mit DTF-Druck, Siebdruck oder Stickerei.\" \/>\n<meta name=\"robots\" content=\"index, follow, max-snippet:-1, max-image-preview:large, max-video-preview:-1\" \/>\n<link rel=\"canonical\" href=\"https:\/\/printaberlin.de\/en\/product\/fisherman-beanie\/\" \/>\n<meta property=\"og:locale\" content=\"en_US\" \/>\n<meta property=\"og:type\" content=\"article\" \/>\n<meta property=\"og:title\" content=\"Fisherman Beanie\" \/>\n<meta property=\"og:description\" content=\"Die Fisherman Beanie aus 95 % Bio-Baumwolle ist weich und anpassbar. Personalisieren Sie sie mit DTF-Druck, Siebdruck oder Stickerei.\" \/>\n<meta property=\"og:url\" content=\"https:\/\/printaberlin.de\/en\/product\/fisherman-beanie\/\" \/>\n<meta property=\"og:site_name\" content=\"Printa Berlin | Textilien und T-Shirts Bedrucken\" \/>\n<meta property=\"article:modified_time\" content=\"2025-09-28T14:42:51+00:00\" \/>\n<meta property=\"og:image\" content=\"https:\/\/printaberlin.de\/wp-content\/uploads\/2025\/09\/65756756.png\" \/>\n\t<meta property=\"og:image:width\" content=\"600\" \/>\n\t<meta property=\"og:image:height\" content=\"749\" \/>\n\t<meta property=\"og:image:type\" content=\"image\/png\" \/>\n<meta name=\"twitter:card\" content=\"summary_large_image\" \/>\n<meta name=\"twitter:label1\" content=\"Availability\" \/>\n\t<meta name=\"twitter:data1\" content=\"In stock\" \/>\n<script type=\"application\/ld+json\" class=\"yoast-schema-graph\">{\"@context\":\"https:\\\/\\\/schema.org\",\"@graph\":[{\"@type\":\"WebPage\",\"@id\":\"https:\\\/\\\/printaberlin.de\\\/en\\\/product\\\/fisherman-beanie\\\/\",\"url\":\"https:\\\/\\\/printaberlin.de\\\/en\\\/product\\\/fisherman-beanie\\\/\",\"name\":\"Fisherman Beanie by Stanley Stella | Printa Berlin | Textilien und T-Shirts Bedrucken\",\"isPartOf\":{\"@id\":\"https:\\\/\\\/printaberlin.de\\\/en\\\/#website\"},\"primaryImageOfPage\":{\"@id\":\"https:\\\/\\\/printaberlin.de\\\/en\\\/product\\\/fisherman-beanie\\\/#primaryimage\"},\"image\":{\"@id\":\"https:\\\/\\\/printaberlin.de\\\/en\\\/product\\\/fisherman-beanie\\\/#primaryimage\"},\"thumbnailUrl\":\"https:\\\/\\\/printaberlin.de\\\/wp-content\\\/uploads\\\/2025\\\/09\\\/65756756.png\",\"datePublished\":\"2025-04-03T15:06:32+00:00\",\"dateModified\":\"2025-09-28T14:42:51+00:00\",\"description\":\"Die Fisherman Beanie aus 95 % Bio-Baumwolle ist weich und anpassbar. Personalisieren Sie sie mit DTF-Druck, Siebdruck oder Stickerei.\",\"breadcrumb\":{\"@id\":\"https:\\\/\\\/printaberlin.de\\\/en\\\/product\\\/fisherman-beanie\\\/#breadcrumb\"},\"inLanguage\":\"en-US\",\"potentialAction\":[{\"@type\":\"ReadAction\",\"target\":[\"https:\\\/\\\/printaberlin.de\\\/en\\\/product\\\/fisherman-beanie\\\/\"]}]},{\"@type\":\"ImageObject\",\"inLanguage\":\"en-US\",\"@id\":\"https:\\\/\\\/printaberlin.de\\\/en\\\/product\\\/fisherman-beanie\\\/#primaryimage\",\"url\":\"https:\\\/\\\/printaberlin.de\\\/wp-content\\\/uploads\\\/2025\\\/09\\\/65756756.png\",\"contentUrl\":\"https:\\\/\\\/printaberlin.de\\\/wp-content\\\/uploads\\\/2025\\\/09\\\/65756756.png\",\"width\":600,\"height\":749},{\"@type\":\"BreadcrumbList\",\"@id\":\"https:\\\/\\\/printaberlin.de\\\/en\\\/product\\\/fisherman-beanie\\\/#breadcrumb\",\"itemListElement\":[{\"@type\":\"ListItem\",\"position\":1,\"name\":\"Home\",\"item\":\"https:\\\/\\\/printaberlin.de\\\/en\\\/\"},{\"@type\":\"ListItem\",\"position\":2,\"name\":\"Shop\",\"item\":\"https:\\\/\\\/printaberlin.de\\\/en\\\/shop\\\/\"},{\"@type\":\"ListItem\",\"position\":3,\"name\":\"Fisherman Beanie\"}]},{\"@type\":\"WebSite\",\"@id\":\"https:\\\/\\\/printaberlin.de\\\/en\\\/#website\",\"url\":\"https:\\\/\\\/printaberlin.de\\\/en\\\/\",\"name\":\"Printa Berlin | Textilien und T-Shirts Bedrucken\",\"description\":\"Entdecken Sie Printa Berlin \u2013 Ihr Experte f\u00fcr personalisierten Druck! T-Shirts, Poloshirts, Hoodies, Sweatshirts, Taschen, Caps und mehr.\",\"publisher\":{\"@id\":\"https:\\\/\\\/printaberlin.de\\\/en\\\/#organization\"},\"potentialAction\":[{\"@type\":\"SearchAction\",\"target\":{\"@type\":\"EntryPoint\",\"urlTemplate\":\"https:\\\/\\\/printaberlin.de\\\/en\\\/?s={search_term_string}\"},\"query-input\":{\"@type\":\"PropertyValueSpecification\",\"valueRequired\":true,\"valueName\":\"search_term_string\"}}],\"inLanguage\":\"en-US\"},{\"@type\":\"Organization\",\"@id\":\"https:\\\/\\\/printaberlin.de\\\/en\\\/#organization\",\"name\":\"Printa Berlin\",\"url\":\"https:\\\/\\\/printaberlin.de\\\/en\\\/\",\"logo\":{\"@type\":\"ImageObject\",\"inLanguage\":\"en-US\",\"@id\":\"https:\\\/\\\/printaberlin.de\\\/en\\\/#\\\/schema\\\/logo\\\/image\\\/\",\"url\":\"https:\\\/\\\/printaberlin.de\\\/wp-content\\\/uploads\\\/2025\\\/03\\\/csdsdcdsc.png\",\"contentUrl\":\"https:\\\/\\\/printaberlin.de\\\/wp-content\\\/uploads\\\/2025\\\/03\\\/csdsdcdsc.png\",\"width\":512,\"height\":512,\"caption\":\"Printa Berlin\"},\"image\":{\"@id\":\"https:\\\/\\\/printaberlin.de\\\/en\\\/#\\\/schema\\\/logo\\\/image\\\/\"},\"sameAs\":[\"https:\\\/\\\/www.instagram.com\\\/printaberlin\\\/\"]}]}<\/script>\n<meta property=\"og:availability\" content=\"instock\" \/>\n<meta property=\"product:availability\" content=\"instock\" \/>\n<meta property=\"product:retailer_item_id\" content=\"PR15-2-2-1-1\" \/>\n<meta property=\"product:condition\" content=\"new\" \/>\n<!-- \/ Yoast SEO Premium plugin. -->","yoast_head_json":{"title":"Fisherman Beanie by Stanley Stella | Printa Berlin | Textilien und T-Shirts Bedrucken","description":"Die Fisherman Beanie aus 95 % Bio-Baumwolle ist weich und anpassbar. Personalisieren Sie sie mit DTF-Druck, Siebdruck oder Stickerei.","robots":{"index":"index","follow":"follow","max-snippet":"max-snippet:-1","max-image-preview":"max-image-preview:large","max-video-preview":"max-video-preview:-1"},"canonical":"https:\/\/printaberlin.de\/en\/product\/fisherman-beanie\/","og_locale":"en_US","og_type":"article","og_title":"Fisherman Beanie","og_description":"Die Fisherman Beanie aus 95 % Bio-Baumwolle ist weich und anpassbar. Personalisieren Sie sie mit DTF-Druck, Siebdruck oder Stickerei.","og_url":"https:\/\/printaberlin.de\/en\/product\/fisherman-beanie\/","og_site_name":"Printa Berlin | Textilien und T-Shirts Bedrucken","article_modified_time":"2025-09-28T14:42:51+00:00","og_image":[{"width":600,"height":749,"url":"https:\/\/printaberlin.de\/wp-content\/uploads\/2025\/09\/65756756.png","type":"image\/png"}],"twitter_card":"summary_large_image","twitter_misc":{"Availability":"In stock"},"schema":{"@context":"https:\/\/schema.org","@graph":[{"@type":"WebPage","@id":"https:\/\/printaberlin.de\/en\/product\/fisherman-beanie\/","url":"https:\/\/printaberlin.de\/en\/product\/fisherman-beanie\/","name":"Fisherman Beanie by Stanley Stella | Printa Berlin | Textilien und T-Shirts Bedrucken","isPartOf":{"@id":"https:\/\/printaberlin.de\/en\/#website"},"primaryImageOfPage":{"@id":"https:\/\/printaberlin.de\/en\/product\/fisherman-beanie\/#primaryimage"},"image":{"@id":"https:\/\/printaberlin.de\/en\/product\/fisherman-beanie\/#primaryimage"},"thumbnailUrl":"https:\/\/printaberlin.de\/wp-content\/uploads\/2025\/09\/65756756.png","datePublished":"2025-04-03T15:06:32+00:00","dateModified":"2025-09-28T14:42:51+00:00","description":"Die Fisherman Beanie aus 95 % Bio-Baumwolle ist weich und anpassbar. Personalisieren Sie sie mit DTF-Druck, Siebdruck oder Stickerei.","breadcrumb":{"@id":"https:\/\/printaberlin.de\/en\/product\/fisherman-beanie\/#breadcrumb"},"inLanguage":"en-US","potentialAction":[{"@type":"ReadAction","target":["https:\/\/printaberlin.de\/en\/product\/fisherman-beanie\/"]}]},{"@type":"ImageObject","inLanguage":"en-US","@id":"https:\/\/printaberlin.de\/en\/product\/fisherman-beanie\/#primaryimage","url":"https:\/\/printaberlin.de\/wp-content\/uploads\/2025\/09\/65756756.png","contentUrl":"https:\/\/printaberlin.de\/wp-content\/uploads\/2025\/09\/65756756.png","width":600,"height":749},{"@type":"BreadcrumbList","@id":"https:\/\/printaberlin.de\/en\/product\/fisherman-beanie\/#breadcrumb","itemListElement":[{"@type":"ListItem","position":1,"name":"Home","item":"https:\/\/printaberlin.de\/en\/"},{"@type":"ListItem","position":2,"name":"Shop","item":"https:\/\/printaberlin.de\/en\/shop\/"},{"@type":"ListItem","position":3,"name":"Fisherman Beanie"}]},{"@type":"WebSite","@id":"https:\/\/printaberlin.de\/en\/#website","url":"https:\/\/printaberlin.de\/en\/","name":"Printa Berlin | Textilien und T-Shirts Bedrucken","description":"Entdecken Sie Printa Berlin \u2013 Ihr Experte f\u00fcr personalisierten Druck! T-Shirts, Poloshirts, Hoodies, Sweatshirts, Taschen, Caps und mehr.","publisher":{"@id":"https:\/\/printaberlin.de\/en\/#organization"},"potentialAction":[{"@type":"SearchAction","target":{"@type":"EntryPoint","urlTemplate":"https:\/\/printaberlin.de\/en\/?s={search_term_string}"},"query-input":{"@type":"PropertyValueSpecification","valueRequired":true,"valueName":"search_term_string"}}],"inLanguage":"en-US"},{"@type":"Organization","@id":"https:\/\/printaberlin.de\/en\/#organization","name":"Printa Berlin","url":"https:\/\/printaberlin.de\/en\/","logo":{"@type":"ImageObject","inLanguage":"en-US","@id":"https:\/\/printaberlin.de\/en\/#\/schema\/logo\/image\/","url":"https:\/\/printaberlin.de\/wp-content\/uploads\/2025\/03\/csdsdcdsc.png","contentUrl":"https:\/\/printaberlin.de\/wp-content\/uploads\/2025\/03\/csdsdcdsc.png","width":512,"height":512,"caption":"Printa Berlin"},"image":{"@id":"https:\/\/printaberlin.de\/en\/#\/schema\/logo\/image\/"},"sameAs":["https:\/\/www.instagram.com\/printaberlin\/"]}]},"og_availability":"instock","product_availability":"instock","product_retailer_item_id":"PR15-2-2-1-1","product_condition":"new"},"_links":{"self":[{"href":"https:\/\/printaberlin.de\/en\/wp-json\/wp\/v2\/product\/25074","targetHints":{"allow":["GET"]}}],"collection":[{"href":"https:\/\/printaberlin.de\/en\/wp-json\/wp\/v2\/product"}],"about":[{"href":"https:\/\/printaberlin.de\/en\/wp-json\/wp\/v2\/types\/product"}],"replies":[{"embeddable":true,"href":"https:\/\/printaberlin.de\/en\/wp-json\/wp\/v2\/comments?post=25074"}],"wp:featuredmedia":[{"embeddable":true,"href":"https:\/\/printaberlin.de\/en\/wp-json\/wp\/v2\/media\/30963"}],"wp:attachment":[{"href":"https:\/\/printaberlin.de\/en\/wp-json\/wp\/v2\/media?parent=25074"}],"wp:term":[{"taxonomy":"product_brand","embeddable":true,"href":"https:\/\/printaberlin.de\/en\/wp-json\/wp\/v2\/product_brand?post=25074"},{"taxonomy":"product_cat","embeddable":true,"href":"https:\/\/printaberlin.de\/en\/wp-json\/wp\/v2\/product_cat?post=25074"},{"taxonomy":"product_tag","embeddable":true,"href":"https:\/\/printaberlin.de\/en\/wp-json\/wp\/v2\/product_tag?post=25074"},{"taxonomy":"producproduct-categroyt-categroy","embeddable":true,"href":"https:\/\/printaberlin.de\/en\/wp-json\/wp\/v2\/producproduct-categroyt-categroy?post=25074"}],"curies":[{"name":"wp","href":"https:\/\/api.w.org\/{rel}","templated":true}]}}